{"id":63872,"date":"2018-09-19T16:02:10","date_gmt":"2018-09-19T19:02:10","guid":{"rendered":"https:\/\/www.bozza.com\/produto\/medidor-digital-para-oleo-b-900\/"},"modified":"2026-04-04T18:15:24","modified_gmt":"2026-04-04T21:15:24","slug":"medidor-digital-para-oleo-b-900","status":"publish","type":"product","link":"https:\/\/bozza.com\/en\/produto\/medidor-digital-para-oleo-b-900\/","title":{"rendered":"DIGITAL OIL METER B-900"},"content":{"rendered":"<ul>\n<li><span style=\"font-weight: 400;\">Maximum flow 35 L\/min<\/span><\/li>\n<li><span style=\"font-weight: 400;\">Minimum flow 1 L\/min<\/span><\/li>\n<li><span style=\"font-weight: 400;\">Maximum working pressure 1500 PSI<\/span><\/li>\n<li><span style=\"font-weight: 400;\">\u00bd inch NPT inlet<\/span><\/li>\n<li><span style=\"font-weight: 400;\">\u00bd inch NPT outlet<\/span><\/li>\n<li><span style=\"font-weight: 400;\">Accuracy \u00b1 0.5%<\/span><\/li>\n<\/ul>\n","protected":false},"excerpt":{"rendered":"<p><span style=\"font-weight: 400;\">Electronic meter with anti-drip system, allowing you to control the oil volume\u00a0<\/span><span style=\"font-weight: 400;\">delivered in each operation, excellent for use in bulk oil sales system.<\/span><\/p>\n<p>&nbsp;<\/p>\n","protected":false},"featured_media":22802,"template":"","meta":{"_acf_changed":false},"product_brand":[],"product_cat":[463,262],"product_tag":[480,264,1032,479,481],"class_list":{"0":"post-63872","1":"product","2":"type-product","3":"status-publish","4":"has-post-thumbnail","6":"product_cat-all-products","7":"product_cat-valves-nozzles-electric-mechanical-meters","8":"product_tag-medidor-digital-en","9":"product_tag-oleo-en","10":"product_tag-oleo-en-2","11":"product_tag-propulsora-en","12":"product_tag-transporte-en","14":"first","15":"outofstock","16":"shipping-taxable","17":"product-type-simple"},"acf":[],"yoast_head":"<!-- This site is optimized with the Yoast SEO plugin v26.9 - https:\/\/yoast.com\/product\/yoast-seo-wordpress\/ -->\n<title>DIGITAL OIL METER B-900 | Bozza<\/title>\n<meta name=\"description\" content=\"Medidor Digital para \u00d3leo B-900 vem com Va\u0301lvula com sistema anti-gotejante e medidor eletro\u0302nico, permitindo controlar o volume de o\u0301leo.\" \/>\n<meta name=\"robots\" content=\"index, follow, max-snippet:-1, max-image-preview:large, max-video-preview:-1\" \/>\n<link rel=\"canonical\" href=\"https:\/\/bozza.com\/en\/produto\/medidor-digital-para-oleo-b-900\/\" \/>\n<meta property=\"og:locale\" content=\"en_US\" \/>\n<meta property=\"og:type\" content=\"article\" \/>\n<meta property=\"og:title\" content=\"DIGITAL OIL METER B-900 | Bozza\" \/>\n<meta property=\"og:description\" content=\"Medidor Digital para \u00d3leo B-900 vem com Va\u0301lvula com sistema anti-gotejante e medidor eletro\u0302nico, permitindo controlar o volume de o\u0301leo.\" \/>\n<meta property=\"og:url\" content=\"https:\/\/bozza.com\/en\/produto\/medidor-digital-para-oleo-b-900\/\" \/>\n<meta property=\"og:site_name\" content=\"Bozza\" \/>\n<meta property=\"article:publisher\" content=\"https:\/\/www.facebook.com\/bozza.oficial\/\" \/>\n<meta property=\"article:modified_time\" content=\"2026-04-04T21:15:24+00:00\" \/>\n<meta property=\"og:image\" content=\"https:\/\/bozza.com\/wp-content\/uploads\/2018\/09\/B900SHARK-B01-scaled.jpg\" \/>\n\t<meta property=\"og:image:width\" content=\"2560\" \/>\n\t<meta property=\"og:image:height\" content=\"2560\" \/>\n\t<meta property=\"og:image:type\" content=\"image\/jpeg\" \/>\n<meta name=\"twitter:card\" content=\"summary_large_image\" \/>\n<meta name=\"twitter:label1\" content=\"Est. reading time\" \/>\n\t<meta name=\"twitter:data1\" content=\"1 minute\" \/>\n<script type=\"application\/ld+json\" class=\"yoast-schema-graph\">{\"@context\":\"https:\/\/schema.org\",\"@graph\":[{\"@type\":\"WebPage\",\"@id\":\"https:\/\/bozza.com\/en\/produto\/medidor-digital-para-oleo-b-900\/\",\"url\":\"https:\/\/bozza.com\/en\/produto\/medidor-digital-para-oleo-b-900\/\",\"name\":\"DIGITAL OIL METER B-900 | Bozza\",\"isPartOf\":{\"@id\":\"https:\/\/bozza.com\/#website\"},\"primaryImageOfPage\":{\"@id\":\"https:\/\/bozza.com\/en\/produto\/medidor-digital-para-oleo-b-900\/#primaryimage\"},\"image\":{\"@id\":\"https:\/\/bozza.com\/en\/produto\/medidor-digital-para-oleo-b-900\/#primaryimage\"},\"thumbnailUrl\":\"https:\/\/bozza.com\/wp-content\/uploads\/2018\/09\/B900SHARK-B01-scaled.jpg\",\"datePublished\":\"2018-09-19T19:02:10+00:00\",\"dateModified\":\"2026-04-04T21:15:24+00:00\",\"description\":\"Medidor Digital para \u00d3leo B-900 vem com Va\u0301lvula com sistema anti-gotejante e medidor eletro\u0302nico, permitindo controlar o volume de o\u0301leo.\",\"breadcrumb\":{\"@id\":\"https:\/\/bozza.com\/en\/produto\/medidor-digital-para-oleo-b-900\/#breadcrumb\"},\"inLanguage\":\"en-US\",\"potentialAction\":[{\"@type\":\"ReadAction\",\"target\":[\"https:\/\/bozza.com\/en\/produto\/medidor-digital-para-oleo-b-900\/\"]}]},{\"@type\":\"ImageObject\",\"inLanguage\":\"en-US\",\"@id\":\"https:\/\/bozza.com\/en\/produto\/medidor-digital-para-oleo-b-900\/#primaryimage\",\"url\":\"https:\/\/bozza.com\/wp-content\/uploads\/2018\/09\/B900SHARK-B01-scaled.jpg\",\"contentUrl\":\"https:\/\/bozza.com\/wp-content\/uploads\/2018\/09\/B900SHARK-B01-scaled.jpg\",\"width\":2560,\"height\":2560,\"caption\":\"Medidor Digital para \u00d3leo B-900\"},{\"@type\":\"BreadcrumbList\",\"@id\":\"https:\/\/bozza.com\/en\/produto\/medidor-digital-para-oleo-b-900\/#breadcrumb\",\"itemListElement\":[{\"@type\":\"ListItem\",\"position\":1,\"name\":\"In\u00edcio\",\"item\":\"https:\/\/bozza.com\/\"},{\"@type\":\"ListItem\",\"position\":2,\"name\":\"Produtos\",\"item\":\"https:\/\/bozza.com\/?page_id=70036\"},{\"@type\":\"ListItem\",\"position\":3,\"name\":\"DIGITAL OIL METER B-900\"}]},{\"@type\":\"WebSite\",\"@id\":\"https:\/\/bozza.com\/#website\",\"url\":\"https:\/\/bozza.com\/\",\"name\":\"Bozza\",\"description\":\"Solu\u00e7\u00f5es em Lubrifica\u00e7\u00e3o\",\"publisher\":{\"@id\":\"https:\/\/bozza.com\/#organization\"},\"potentialAction\":[{\"@type\":\"SearchAction\",\"target\":{\"@type\":\"EntryPoint\",\"urlTemplate\":\"https:\/\/bozza.com\/?s={search_term_string}\"},\"query-input\":{\"@type\":\"PropertyValueSpecification\",\"valueRequired\":true,\"valueName\":\"search_term_string\"}}],\"inLanguage\":\"en-US\"},{\"@type\":\"Organization\",\"@id\":\"https:\/\/bozza.com\/#organization\",\"name\":\"Bozza\",\"url\":\"https:\/\/bozza.com\/\",\"logo\":{\"@type\":\"ImageObject\",\"inLanguage\":\"en-US\",\"@id\":\"https:\/\/bozza.com\/#\/schema\/logo\/image\/\",\"url\":\"\",\"contentUrl\":\"\",\"caption\":\"Bozza\"},\"image\":{\"@id\":\"https:\/\/bozza.com\/#\/schema\/logo\/image\/\"},\"sameAs\":[\"https:\/\/www.facebook.com\/bozza.oficial\/\",\"https:\/\/www.instagram.com\/bozzaoficial\/\",\"https:\/\/www.linkedin.com\/company\/bozza\/\",\"https:\/\/www.youtube.com\/channel\/UCQRiHYNpM4VQWF9YxVgSTsw?view_as=subscriber\"]}]}<\/script>\n<!-- \/ Yoast SEO plugin. -->","yoast_head_json":{"title":"DIGITAL OIL METER B-900 | Bozza","description":"Medidor Digital para \u00d3leo B-900 vem com Va\u0301lvula com sistema anti-gotejante e medidor eletro\u0302nico, permitindo controlar o volume de o\u0301leo.","robots":{"index":"index","follow":"follow","max-snippet":"max-snippet:-1","max-image-preview":"max-image-preview:large","max-video-preview":"max-video-preview:-1"},"canonical":"https:\/\/bozza.com\/en\/produto\/medidor-digital-para-oleo-b-900\/","og_locale":"en_US","og_type":"article","og_title":"DIGITAL OIL METER B-900 | Bozza","og_description":"Medidor Digital para \u00d3leo B-900 vem com Va\u0301lvula com sistema anti-gotejante e medidor eletro\u0302nico, permitindo controlar o volume de o\u0301leo.","og_url":"https:\/\/bozza.com\/en\/produto\/medidor-digital-para-oleo-b-900\/","og_site_name":"Bozza","article_publisher":"https:\/\/www.facebook.com\/bozza.oficial\/","article_modified_time":"2026-04-04T21:15:24+00:00","og_image":[{"width":2560,"height":2560,"url":"https:\/\/bozza.com\/wp-content\/uploads\/2018\/09\/B900SHARK-B01-scaled.jpg","type":"image\/jpeg"}],"twitter_card":"summary_large_image","twitter_misc":{"Est. reading time":"1 minute"},"schema":{"@context":"https:\/\/schema.org","@graph":[{"@type":"WebPage","@id":"https:\/\/bozza.com\/en\/produto\/medidor-digital-para-oleo-b-900\/","url":"https:\/\/bozza.com\/en\/produto\/medidor-digital-para-oleo-b-900\/","name":"DIGITAL OIL METER B-900 | Bozza","isPartOf":{"@id":"https:\/\/bozza.com\/#website"},"primaryImageOfPage":{"@id":"https:\/\/bozza.com\/en\/produto\/medidor-digital-para-oleo-b-900\/#primaryimage"},"image":{"@id":"https:\/\/bozza.com\/en\/produto\/medidor-digital-para-oleo-b-900\/#primaryimage"},"thumbnailUrl":"https:\/\/bozza.com\/wp-content\/uploads\/2018\/09\/B900SHARK-B01-scaled.jpg","datePublished":"2018-09-19T19:02:10+00:00","dateModified":"2026-04-04T21:15:24+00:00","description":"Medidor Digital para \u00d3leo B-900 vem com Va\u0301lvula com sistema anti-gotejante e medidor eletro\u0302nico, permitindo controlar o volume de o\u0301leo.","breadcrumb":{"@id":"https:\/\/bozza.com\/en\/produto\/medidor-digital-para-oleo-b-900\/#breadcrumb"},"inLanguage":"en-US","potentialAction":[{"@type":"ReadAction","target":["https:\/\/bozza.com\/en\/produto\/medidor-digital-para-oleo-b-900\/"]}]},{"@type":"ImageObject","inLanguage":"en-US","@id":"https:\/\/bozza.com\/en\/produto\/medidor-digital-para-oleo-b-900\/#primaryimage","url":"https:\/\/bozza.com\/wp-content\/uploads\/2018\/09\/B900SHARK-B01-scaled.jpg","contentUrl":"https:\/\/bozza.com\/wp-content\/uploads\/2018\/09\/B900SHARK-B01-scaled.jpg","width":2560,"height":2560,"caption":"Medidor Digital para \u00d3leo B-900"},{"@type":"BreadcrumbList","@id":"https:\/\/bozza.com\/en\/produto\/medidor-digital-para-oleo-b-900\/#breadcrumb","itemListElement":[{"@type":"ListItem","position":1,"name":"In\u00edcio","item":"https:\/\/bozza.com\/"},{"@type":"ListItem","position":2,"name":"Produtos","item":"https:\/\/bozza.com\/?page_id=70036"},{"@type":"ListItem","position":3,"name":"DIGITAL OIL METER B-900"}]},{"@type":"WebSite","@id":"https:\/\/bozza.com\/#website","url":"https:\/\/bozza.com\/","name":"Bozza","description":"Solu\u00e7\u00f5es em Lubrifica\u00e7\u00e3o","publisher":{"@id":"https:\/\/bozza.com\/#organization"},"potentialAction":[{"@type":"SearchAction","target":{"@type":"EntryPoint","urlTemplate":"https:\/\/bozza.com\/?s={search_term_string}"},"query-input":{"@type":"PropertyValueSpecification","valueRequired":true,"valueName":"search_term_string"}}],"inLanguage":"en-US"},{"@type":"Organization","@id":"https:\/\/bozza.com\/#organization","name":"Bozza","url":"https:\/\/bozza.com\/","logo":{"@type":"ImageObject","inLanguage":"en-US","@id":"https:\/\/bozza.com\/#\/schema\/logo\/image\/","url":"","contentUrl":"","caption":"Bozza"},"image":{"@id":"https:\/\/bozza.com\/#\/schema\/logo\/image\/"},"sameAs":["https:\/\/www.facebook.com\/bozza.oficial\/","https:\/\/www.instagram.com\/bozzaoficial\/","https:\/\/www.linkedin.com\/company\/bozza\/","https:\/\/www.youtube.com\/channel\/UCQRiHYNpM4VQWF9YxVgSTsw?view_as=subscriber"]}]}},"_links":{"self":[{"href":"https:\/\/bozza.com\/en\/wp-json\/wp\/v2\/product\/63872","targetHints":{"allow":["GET"]}}],"collection":[{"href":"https:\/\/bozza.com\/en\/wp-json\/wp\/v2\/product"}],"about":[{"href":"https:\/\/bozza.com\/en\/wp-json\/wp\/v2\/types\/product"}],"wp:featuredmedia":[{"embeddable":true,"href":"https:\/\/bozza.com\/en\/wp-json\/wp\/v2\/media\/22802"}],"wp:attachment":[{"href":"https:\/\/bozza.com\/en\/wp-json\/wp\/v2\/media?parent=63872"}],"wp:term":[{"taxonomy":"product_brand","embeddable":true,"href":"https:\/\/bozza.com\/en\/wp-json\/wp\/v2\/product_brand?post=63872"},{"taxonomy":"product_cat","embeddable":true,"href":"https:\/\/bozza.com\/en\/wp-json\/wp\/v2\/product_cat?post=63872"},{"taxonomy":"product_tag","embeddable":true,"href":"https:\/\/bozza.com\/en\/wp-json\/wp\/v2\/product_tag?post=63872"}],"curies":[{"name":"wp","href":"https:\/\/api.w.org\/{rel}","templated":true}]}}