{"id":63874,"date":"2021-02-02T17:02:41","date_gmt":"2021-02-02T20:02:41","guid":{"rendered":"https:\/\/www.bozza.com\/produto\/bomba-portatil-de-alta-vazao-com-medidor-bt-8500\/"},"modified":"2026-03-20T09:59:53","modified_gmt":"2026-03-20T12:59:53","slug":"bomba-portatil-de-alta-vazao-com-medidor-bt-8500","status":"publish","type":"product","link":"https:\/\/bozza.com\/en\/produto\/bomba-portatil-de-alta-vazao-com-medidor-bt-8500\/","title":{"rendered":"PORTABLE HIGH FLOW PUMP WITH METER BT-8500 110V AND 220V"},"content":{"rendered":"<ul>\n<li>Application container: drums, tanks, reservoirs (not included);<\/li>\n<li>Free flow rate: 100 L\/min;<\/li>\n<li>Power supply: single-phase;<\/li>\n<li>Voltage: 110V;<\/li>\n<li>Product inlet: 1&#8243; BSP female thread;<\/li>\n<li>Product outlet: 1&#8243; BSP female thread;<\/li>\n<li>Working pressure: 43 PSI (3 BAR);<\/li>\n<li>Motor power: 750W;<\/li>\n<li>Rotation: 1,450 rpm;<\/li>\n<li>Compatibility: diesel oil;<\/li>\n<li>Working temperature: Min. -25\u00b0C, Max. 55\u00b0C;<\/li>\n<li>Amperes: 12.0 A;<\/li>\n<li>Motor protection rating: IP55;<\/li>\n<\/ul>\n","protected":false},"excerpt":{"rendered":"<p><span style=\"font-weight: 400;\">110V or 220 transfer pump, optimal for customers with high consumption, equipped with <\/span><span style=\"font-weight: 400;\">mechanic volumetric meter. Ideal for supplying small and large fleets, <\/span><span style=\"font-weight: 400;\">tanks<\/span><span style=\"font-weight: 400;\"> and reservoir supply for vehicles, agricultural implements, and machinery in <\/span><span style=\"font-weight: 400;\">general.<\/span><\/p>\n","protected":false},"featured_media":45263,"template":"","meta":{"_acf_changed":false},"product_brand":[],"product_cat":[463,246,247],"product_tag":[250,485],"class_list":{"0":"post-63874","1":"product","2":"type-product","3":"status-publish","4":"has-post-thumbnail","6":"product_cat-all-products","7":"product_cat-equipamentos-para-postos-de-servicos-en","8":"product_cat-kits-de-abastecimento-en","9":"product_tag-oleo-diesel-en","10":"product_tag-eletrica-en","12":"first","13":"instock","14":"shipping-taxable","15":"product-type-simple"},"acf":[],"yoast_head":"<!-- This site is optimized with the Yoast SEO plugin v26.9 - https:\/\/yoast.com\/product\/yoast-seo-wordpress\/ -->\n<title>PORTABLE HIGH FLOW PUMP WITH METER BT-8500 110V AND 220V | Bozza<\/title>\n<meta name=\"robots\" content=\"index, follow, max-snippet:-1, max-image-preview:large, max-video-preview:-1\" \/>\n<link rel=\"canonical\" href=\"https:\/\/bozza.com\/en\/produto\/bomba-portatil-de-alta-vazao-com-medidor-bt-8500\/\" \/>\n<meta property=\"og:locale\" content=\"en_US\" \/>\n<meta property=\"og:type\" content=\"article\" \/>\n<meta property=\"og:title\" content=\"PORTABLE HIGH FLOW PUMP WITH METER BT-8500 110V AND 220V | Bozza\" \/>\n<meta property=\"og:description\" content=\"110V or 220 transfer pump, optimal for customers with high consumption, equipped with mechanic volumetric meter. Ideal for supplying small and large fleets, tanks and reservoir supply for vehicles, agricultural implements, and machinery in general.\" \/>\n<meta property=\"og:url\" content=\"https:\/\/bozza.com\/en\/produto\/bomba-portatil-de-alta-vazao-com-medidor-bt-8500\/\" \/>\n<meta property=\"og:site_name\" content=\"Bozza\" \/>\n<meta property=\"article:publisher\" content=\"https:\/\/www.facebook.com\/bozza.oficial\/\" \/>\n<meta property=\"article:modified_time\" content=\"2026-03-20T12:59:53+00:00\" \/>\n<meta property=\"og:image\" content=\"https:\/\/bozza.com\/wp-content\/uploads\/2021\/02\/BT-8500-COMPRESS.jpg\" \/>\n\t<meta property=\"og:image:width\" content=\"1280\" \/>\n\t<meta property=\"og:image:height\" content=\"1024\" \/>\n\t<meta property=\"og:image:type\" content=\"image\/jpeg\" \/>\n<meta name=\"twitter:card\" content=\"summary_large_image\" \/>\n<meta name=\"twitter:label1\" content=\"Est. reading time\" \/>\n\t<meta name=\"twitter:data1\" content=\"1 minute\" \/>\n<script type=\"application\/ld+json\" class=\"yoast-schema-graph\">{\"@context\":\"https:\/\/schema.org\",\"@graph\":[{\"@type\":\"WebPage\",\"@id\":\"https:\/\/bozza.com\/en\/produto\/bomba-portatil-de-alta-vazao-com-medidor-bt-8500\/\",\"url\":\"https:\/\/bozza.com\/en\/produto\/bomba-portatil-de-alta-vazao-com-medidor-bt-8500\/\",\"name\":\"PORTABLE HIGH FLOW PUMP WITH METER BT-8500 110V AND 220V | Bozza\",\"isPartOf\":{\"@id\":\"https:\/\/bozza.com\/#website\"},\"primaryImageOfPage\":{\"@id\":\"https:\/\/bozza.com\/en\/produto\/bomba-portatil-de-alta-vazao-com-medidor-bt-8500\/#primaryimage\"},\"image\":{\"@id\":\"https:\/\/bozza.com\/en\/produto\/bomba-portatil-de-alta-vazao-com-medidor-bt-8500\/#primaryimage\"},\"thumbnailUrl\":\"https:\/\/bozza.com\/wp-content\/uploads\/2021\/02\/BT-8500-COMPRESS.jpg\",\"datePublished\":\"2021-02-02T20:02:41+00:00\",\"dateModified\":\"2026-03-20T12:59:53+00:00\",\"breadcrumb\":{\"@id\":\"https:\/\/bozza.com\/en\/produto\/bomba-portatil-de-alta-vazao-com-medidor-bt-8500\/#breadcrumb\"},\"inLanguage\":\"en-US\",\"potentialAction\":[{\"@type\":\"ReadAction\",\"target\":[\"https:\/\/bozza.com\/en\/produto\/bomba-portatil-de-alta-vazao-com-medidor-bt-8500\/\"]}]},{\"@type\":\"ImageObject\",\"inLanguage\":\"en-US\",\"@id\":\"https:\/\/bozza.com\/en\/produto\/bomba-portatil-de-alta-vazao-com-medidor-bt-8500\/#primaryimage\",\"url\":\"https:\/\/bozza.com\/wp-content\/uploads\/2021\/02\/BT-8500-COMPRESS.jpg\",\"contentUrl\":\"https:\/\/bozza.com\/wp-content\/uploads\/2021\/02\/BT-8500-COMPRESS.jpg\",\"width\":1280,\"height\":1024},{\"@type\":\"BreadcrumbList\",\"@id\":\"https:\/\/bozza.com\/en\/produto\/bomba-portatil-de-alta-vazao-com-medidor-bt-8500\/#breadcrumb\",\"itemListElement\":[{\"@type\":\"ListItem\",\"position\":1,\"name\":\"In\u00edcio\",\"item\":\"https:\/\/bozza.com\/\"},{\"@type\":\"ListItem\",\"position\":2,\"name\":\"Produtos\",\"item\":\"https:\/\/bozza.com\/?page_id=70036\"},{\"@type\":\"ListItem\",\"position\":3,\"name\":\"PORTABLE HIGH FLOW PUMP WITH METER BT-8500 110V AND 220V\"}]},{\"@type\":\"WebSite\",\"@id\":\"https:\/\/bozza.com\/#website\",\"url\":\"https:\/\/bozza.com\/\",\"name\":\"Bozza\",\"description\":\"Solu\u00e7\u00f5es em Lubrifica\u00e7\u00e3o\",\"publisher\":{\"@id\":\"https:\/\/bozza.com\/#organization\"},\"potentialAction\":[{\"@type\":\"SearchAction\",\"target\":{\"@type\":\"EntryPoint\",\"urlTemplate\":\"https:\/\/bozza.com\/?s={search_term_string}\"},\"query-input\":{\"@type\":\"PropertyValueSpecification\",\"valueRequired\":true,\"valueName\":\"search_term_string\"}}],\"inLanguage\":\"en-US\"},{\"@type\":\"Organization\",\"@id\":\"https:\/\/bozza.com\/#organization\",\"name\":\"Bozza\",\"url\":\"https:\/\/bozza.com\/\",\"logo\":{\"@type\":\"ImageObject\",\"inLanguage\":\"en-US\",\"@id\":\"https:\/\/bozza.com\/#\/schema\/logo\/image\/\",\"url\":\"\",\"contentUrl\":\"\",\"caption\":\"Bozza\"},\"image\":{\"@id\":\"https:\/\/bozza.com\/#\/schema\/logo\/image\/\"},\"sameAs\":[\"https:\/\/www.facebook.com\/bozza.oficial\/\",\"https:\/\/www.instagram.com\/bozzaoficial\/\",\"https:\/\/www.linkedin.com\/company\/bozza\/\",\"https:\/\/www.youtube.com\/channel\/UCQRiHYNpM4VQWF9YxVgSTsw?view_as=subscriber\"]}]}<\/script>\n<!-- \/ Yoast SEO plugin. -->","yoast_head_json":{"title":"PORTABLE HIGH FLOW PUMP WITH METER BT-8500 110V AND 220V | Bozza","robots":{"index":"index","follow":"follow","max-snippet":"max-snippet:-1","max-image-preview":"max-image-preview:large","max-video-preview":"max-video-preview:-1"},"canonical":"https:\/\/bozza.com\/en\/produto\/bomba-portatil-de-alta-vazao-com-medidor-bt-8500\/","og_locale":"en_US","og_type":"article","og_title":"PORTABLE HIGH FLOW PUMP WITH METER BT-8500 110V AND 220V | Bozza","og_description":"110V or 220 transfer pump, optimal for customers with high consumption, equipped with mechanic volumetric meter. Ideal for supplying small and large fleets, tanks and reservoir supply for vehicles, agricultural implements, and machinery in general.","og_url":"https:\/\/bozza.com\/en\/produto\/bomba-portatil-de-alta-vazao-com-medidor-bt-8500\/","og_site_name":"Bozza","article_publisher":"https:\/\/www.facebook.com\/bozza.oficial\/","article_modified_time":"2026-03-20T12:59:53+00:00","og_image":[{"width":1280,"height":1024,"url":"https:\/\/bozza.com\/wp-content\/uploads\/2021\/02\/BT-8500-COMPRESS.jpg","type":"image\/jpeg"}],"twitter_card":"summary_large_image","twitter_misc":{"Est. reading time":"1 minute"},"schema":{"@context":"https:\/\/schema.org","@graph":[{"@type":"WebPage","@id":"https:\/\/bozza.com\/en\/produto\/bomba-portatil-de-alta-vazao-com-medidor-bt-8500\/","url":"https:\/\/bozza.com\/en\/produto\/bomba-portatil-de-alta-vazao-com-medidor-bt-8500\/","name":"PORTABLE HIGH FLOW PUMP WITH METER BT-8500 110V AND 220V | Bozza","isPartOf":{"@id":"https:\/\/bozza.com\/#website"},"primaryImageOfPage":{"@id":"https:\/\/bozza.com\/en\/produto\/bomba-portatil-de-alta-vazao-com-medidor-bt-8500\/#primaryimage"},"image":{"@id":"https:\/\/bozza.com\/en\/produto\/bomba-portatil-de-alta-vazao-com-medidor-bt-8500\/#primaryimage"},"thumbnailUrl":"https:\/\/bozza.com\/wp-content\/uploads\/2021\/02\/BT-8500-COMPRESS.jpg","datePublished":"2021-02-02T20:02:41+00:00","dateModified":"2026-03-20T12:59:53+00:00","breadcrumb":{"@id":"https:\/\/bozza.com\/en\/produto\/bomba-portatil-de-alta-vazao-com-medidor-bt-8500\/#breadcrumb"},"inLanguage":"en-US","potentialAction":[{"@type":"ReadAction","target":["https:\/\/bozza.com\/en\/produto\/bomba-portatil-de-alta-vazao-com-medidor-bt-8500\/"]}]},{"@type":"ImageObject","inLanguage":"en-US","@id":"https:\/\/bozza.com\/en\/produto\/bomba-portatil-de-alta-vazao-com-medidor-bt-8500\/#primaryimage","url":"https:\/\/bozza.com\/wp-content\/uploads\/2021\/02\/BT-8500-COMPRESS.jpg","contentUrl":"https:\/\/bozza.com\/wp-content\/uploads\/2021\/02\/BT-8500-COMPRESS.jpg","width":1280,"height":1024},{"@type":"BreadcrumbList","@id":"https:\/\/bozza.com\/en\/produto\/bomba-portatil-de-alta-vazao-com-medidor-bt-8500\/#breadcrumb","itemListElement":[{"@type":"ListItem","position":1,"name":"In\u00edcio","item":"https:\/\/bozza.com\/"},{"@type":"ListItem","position":2,"name":"Produtos","item":"https:\/\/bozza.com\/?page_id=70036"},{"@type":"ListItem","position":3,"name":"PORTABLE HIGH FLOW PUMP WITH METER BT-8500 110V AND 220V"}]},{"@type":"WebSite","@id":"https:\/\/bozza.com\/#website","url":"https:\/\/bozza.com\/","name":"Bozza","description":"Solu\u00e7\u00f5es em Lubrifica\u00e7\u00e3o","publisher":{"@id":"https:\/\/bozza.com\/#organization"},"potentialAction":[{"@type":"SearchAction","target":{"@type":"EntryPoint","urlTemplate":"https:\/\/bozza.com\/?s={search_term_string}"},"query-input":{"@type":"PropertyValueSpecification","valueRequired":true,"valueName":"search_term_string"}}],"inLanguage":"en-US"},{"@type":"Organization","@id":"https:\/\/bozza.com\/#organization","name":"Bozza","url":"https:\/\/bozza.com\/","logo":{"@type":"ImageObject","inLanguage":"en-US","@id":"https:\/\/bozza.com\/#\/schema\/logo\/image\/","url":"","contentUrl":"","caption":"Bozza"},"image":{"@id":"https:\/\/bozza.com\/#\/schema\/logo\/image\/"},"sameAs":["https:\/\/www.facebook.com\/bozza.oficial\/","https:\/\/www.instagram.com\/bozzaoficial\/","https:\/\/www.linkedin.com\/company\/bozza\/","https:\/\/www.youtube.com\/channel\/UCQRiHYNpM4VQWF9YxVgSTsw?view_as=subscriber"]}]}},"_links":{"self":[{"href":"https:\/\/bozza.com\/en\/wp-json\/wp\/v2\/product\/63874","targetHints":{"allow":["GET"]}}],"collection":[{"href":"https:\/\/bozza.com\/en\/wp-json\/wp\/v2\/product"}],"about":[{"href":"https:\/\/bozza.com\/en\/wp-json\/wp\/v2\/types\/product"}],"wp:featuredmedia":[{"embeddable":true,"href":"https:\/\/bozza.com\/en\/wp-json\/wp\/v2\/media\/45263"}],"wp:attachment":[{"href":"https:\/\/bozza.com\/en\/wp-json\/wp\/v2\/media?parent=63874"}],"wp:term":[{"taxonomy":"product_brand","embeddable":true,"href":"https:\/\/bozza.com\/en\/wp-json\/wp\/v2\/product_brand?post=63874"},{"taxonomy":"product_cat","embeddable":true,"href":"https:\/\/bozza.com\/en\/wp-json\/wp\/v2\/product_cat?post=63874"},{"taxonomy":"product_tag","embeddable":true,"href":"https:\/\/bozza.com\/en\/wp-json\/wp\/v2\/product_tag?post=63874"}],"curies":[{"name":"wp","href":"https:\/\/api.w.org\/{rel}","templated":true}]}}