{"id":63876,"date":"2020-11-23T17:09:31","date_gmt":"2020-11-23T20:09:31","guid":{"rendered":"https:\/\/www.bozza.com\/produto\/11020-r50-g4\/"},"modified":"2026-03-20T10:00:19","modified_gmt":"2026-03-20T13:00:19","slug":"11020-r50-g4","status":"publish","type":"product","link":"https:\/\/bozza.com\/en\/produto\/11020-r50-g4\/","title":{"rendered":"HEAVY DUTY PNEUMATIC PUMP FOR GREASE 11020-V-3-R50-G4"},"content":{"rendered":"<p><strong>DIFFERENCES<\/strong><\/p>\n<ul>\n<li><span style=\"font-weight: 400;\">Pneumatic Engine made of Aluminum;<\/span><\/li>\n<\/ul>\n<ul>\n<li><span style=\"font-weight: 400;\">The product does not require the use of oiler;<\/span><\/li>\n<li><span style=\"font-weight: 400;\">High resistance against corrosion and component wear;<\/span><\/li>\n<li><span style=\"font-weight: 400;\">Parts with surface treatment, increasing the equipment durability;<\/span><\/li>\n<li><span style=\"font-weight: 400;\">Light and compact equipment, it reduces the operator physical effort;<\/span><\/li>\n<li><span style=\"font-weight: 400;\">Muffler system;<\/span><\/li>\n<li><span style=\"font-weight: 400;\">Provides greater autonomy and performance;<\/span><\/li>\n<li><span style=\"font-weight: 400;\">Equipment developed for high grease consumption;<\/span><\/li>\n<li><span style=\"font-weight: 400;\">Two-wheeled cart for greater convenience;<\/span><\/li>\n<li><span style=\"font-weight: 400;\">Adaptable to 50 kg grease reservoirs.<\/span><\/li>\n<li><span style=\"font-weight: 400;\">BOZZA pumps have one of the highest flow rates on the market, in comparison to its competitors,<\/span><\/li>\n<li><span style=\"font-weight: 400;\">providing maximum productivity and efficiency to the lubrication process of your<\/span><\/li>\n<li><span style=\"font-weight: 400;\">equipment.<\/span><\/li>\n<\/ul>\n<p><b>BENEFITS<\/b><\/p>\n<ul>\n<li><span style=\"font-weight: 400;\">Efficiency and agility in the grease lubrication;<\/span><\/li>\n<li><span style=\"font-weight: 400;\">Cost reduction in machinery and equipment maintenance;<\/span><\/li>\n<li><span style=\"font-weight: 400;\">Lower air compressed consumption, generating savings.<\/span><\/li>\n<li><span style=\"font-weight: 400;\">Reservoir with capacity up to 50 kg.<\/span><\/li>\n<li><span style=\"font-weight: 400;\">Maximum working pressure 100PSI (6.9 BAR)<\/span><\/li>\n<\/ul>\n","protected":false},"excerpt":{"rendered":"<p><span style=\"font-weight: 400;\">Mobile equipment for grease, recommended for customers that require agility and efficiency <\/span><span style=\"font-weight: 400;\">in the lubrication process. <\/span><span style=\"font-weight: 400;\">Ideal for automotive dealerships, fast lube centers, service shops, heavy-duty dealerships, fleet services facilities, lube trucks, mining and agriculture, among others.<\/span><\/p>\n","protected":false},"featured_media":56670,"template":"","meta":{"_acf_changed":false},"product_brand":[],"product_cat":[461],"product_tag":[149],"class_list":{"0":"post-63876","1":"product","2":"type-product","3":"status-publish","4":"has-post-thumbnail","6":"product_cat-releases","7":"product_tag-grease","9":"first","10":"outofstock","11":"shipping-taxable","12":"product-type-simple"},"acf":[],"yoast_head":"<!-- This site is optimized with the Yoast SEO plugin v26.9 - https:\/\/yoast.com\/product\/yoast-seo-wordpress\/ -->\n<title>HEAVY DUTY PNEUMATIC PUMP FOR GREASE 11020-V-3-R50-G4 | Bozza<\/title>\n<meta name=\"robots\" content=\"index, follow, max-snippet:-1, max-image-preview:large, max-video-preview:-1\" \/>\n<link rel=\"canonical\" href=\"https:\/\/bozza.com\/en\/produto\/11020-r50-g4\/\" \/>\n<meta property=\"og:locale\" content=\"en_US\" \/>\n<meta property=\"og:type\" content=\"article\" \/>\n<meta property=\"og:title\" content=\"HEAVY DUTY PNEUMATIC PUMP FOR GREASE 11020-V-3-R50-G4 | Bozza\" \/>\n<meta property=\"og:description\" content=\"Mobile equipment for grease, recommended for customers that require agility and efficiency in the lubrication process. Ideal for automotive dealerships, fast lube centers, service shops, heavy-duty dealerships, fleet services facilities, lube trucks, mining and agriculture, among others.\" \/>\n<meta property=\"og:url\" content=\"https:\/\/bozza.com\/en\/produto\/11020-r50-g4\/\" \/>\n<meta property=\"og:site_name\" content=\"Bozza\" \/>\n<meta property=\"article:publisher\" content=\"https:\/\/www.facebook.com\/bozza.oficial\/\" \/>\n<meta property=\"article:modified_time\" content=\"2026-03-20T13:00:19+00:00\" \/>\n<meta property=\"og:image\" content=\"https:\/\/bozza.com\/wp-content\/uploads\/2020\/11\/11020-V-3-R50-G4-2023.png\" \/>\n\t<meta property=\"og:image:width\" content=\"2000\" \/>\n\t<meta property=\"og:image:height\" content=\"2000\" \/>\n\t<meta property=\"og:image:type\" content=\"image\/png\" \/>\n<meta name=\"twitter:card\" content=\"summary_large_image\" \/>\n<meta name=\"twitter:label1\" content=\"Est. reading time\" \/>\n\t<meta name=\"twitter:data1\" content=\"1 minute\" \/>\n<script type=\"application\/ld+json\" class=\"yoast-schema-graph\">{\"@context\":\"https:\/\/schema.org\",\"@graph\":[{\"@type\":\"WebPage\",\"@id\":\"https:\/\/bozza.com\/en\/produto\/11020-r50-g4\/\",\"url\":\"https:\/\/bozza.com\/en\/produto\/11020-r50-g4\/\",\"name\":\"HEAVY DUTY PNEUMATIC PUMP FOR GREASE 11020-V-3-R50-G4 | Bozza\",\"isPartOf\":{\"@id\":\"https:\/\/bozza.com\/#website\"},\"primaryImageOfPage\":{\"@id\":\"https:\/\/bozza.com\/en\/produto\/11020-r50-g4\/#primaryimage\"},\"image\":{\"@id\":\"https:\/\/bozza.com\/en\/produto\/11020-r50-g4\/#primaryimage\"},\"thumbnailUrl\":\"https:\/\/bozza.com\/wp-content\/uploads\/2020\/11\/11020-V-3-R50-G4-2023.png\",\"datePublished\":\"2020-11-23T20:09:31+00:00\",\"dateModified\":\"2026-03-20T13:00:19+00:00\",\"breadcrumb\":{\"@id\":\"https:\/\/bozza.com\/en\/produto\/11020-r50-g4\/#breadcrumb\"},\"inLanguage\":\"en-US\",\"potentialAction\":[{\"@type\":\"ReadAction\",\"target\":[\"https:\/\/bozza.com\/en\/produto\/11020-r50-g4\/\"]}]},{\"@type\":\"ImageObject\",\"inLanguage\":\"en-US\",\"@id\":\"https:\/\/bozza.com\/en\/produto\/11020-r50-g4\/#primaryimage\",\"url\":\"https:\/\/bozza.com\/wp-content\/uploads\/2020\/11\/11020-V-3-R50-G4-2023.png\",\"contentUrl\":\"https:\/\/bozza.com\/wp-content\/uploads\/2020\/11\/11020-V-3-R50-G4-2023.png\",\"width\":2000,\"height\":2000,\"caption\":\"BOZZA_11020-V-3-R50-G4-2023\"},{\"@type\":\"BreadcrumbList\",\"@id\":\"https:\/\/bozza.com\/en\/produto\/11020-r50-g4\/#breadcrumb\",\"itemListElement\":[{\"@type\":\"ListItem\",\"position\":1,\"name\":\"In\u00edcio\",\"item\":\"https:\/\/bozza.com\/\"},{\"@type\":\"ListItem\",\"position\":2,\"name\":\"Produtos\",\"item\":\"https:\/\/bozza.com\/?page_id=70036\"},{\"@type\":\"ListItem\",\"position\":3,\"name\":\"HEAVY DUTY PNEUMATIC PUMP FOR GREASE 11020-V-3-R50-G4\"}]},{\"@type\":\"WebSite\",\"@id\":\"https:\/\/bozza.com\/#website\",\"url\":\"https:\/\/bozza.com\/\",\"name\":\"Bozza\",\"description\":\"Solu\u00e7\u00f5es em Lubrifica\u00e7\u00e3o\",\"publisher\":{\"@id\":\"https:\/\/bozza.com\/#organization\"},\"potentialAction\":[{\"@type\":\"SearchAction\",\"target\":{\"@type\":\"EntryPoint\",\"urlTemplate\":\"https:\/\/bozza.com\/?s={search_term_string}\"},\"query-input\":{\"@type\":\"PropertyValueSpecification\",\"valueRequired\":true,\"valueName\":\"search_term_string\"}}],\"inLanguage\":\"en-US\"},{\"@type\":\"Organization\",\"@id\":\"https:\/\/bozza.com\/#organization\",\"name\":\"Bozza\",\"url\":\"https:\/\/bozza.com\/\",\"logo\":{\"@type\":\"ImageObject\",\"inLanguage\":\"en-US\",\"@id\":\"https:\/\/bozza.com\/#\/schema\/logo\/image\/\",\"url\":\"\",\"contentUrl\":\"\",\"caption\":\"Bozza\"},\"image\":{\"@id\":\"https:\/\/bozza.com\/#\/schema\/logo\/image\/\"},\"sameAs\":[\"https:\/\/www.facebook.com\/bozza.oficial\/\",\"https:\/\/www.instagram.com\/bozzaoficial\/\",\"https:\/\/www.linkedin.com\/company\/bozza\/\",\"https:\/\/www.youtube.com\/channel\/UCQRiHYNpM4VQWF9YxVgSTsw?view_as=subscriber\"]}]}<\/script>\n<!-- \/ Yoast SEO plugin. -->","yoast_head_json":{"title":"HEAVY DUTY PNEUMATIC PUMP FOR GREASE 11020-V-3-R50-G4 | Bozza","robots":{"index":"index","follow":"follow","max-snippet":"max-snippet:-1","max-image-preview":"max-image-preview:large","max-video-preview":"max-video-preview:-1"},"canonical":"https:\/\/bozza.com\/en\/produto\/11020-r50-g4\/","og_locale":"en_US","og_type":"article","og_title":"HEAVY DUTY PNEUMATIC PUMP FOR GREASE 11020-V-3-R50-G4 | Bozza","og_description":"Mobile equipment for grease, recommended for customers that require agility and efficiency in the lubrication process. Ideal for automotive dealerships, fast lube centers, service shops, heavy-duty dealerships, fleet services facilities, lube trucks, mining and agriculture, among others.","og_url":"https:\/\/bozza.com\/en\/produto\/11020-r50-g4\/","og_site_name":"Bozza","article_publisher":"https:\/\/www.facebook.com\/bozza.oficial\/","article_modified_time":"2026-03-20T13:00:19+00:00","og_image":[{"width":2000,"height":2000,"url":"https:\/\/bozza.com\/wp-content\/uploads\/2020\/11\/11020-V-3-R50-G4-2023.png","type":"image\/png"}],"twitter_card":"summary_large_image","twitter_misc":{"Est. reading time":"1 minute"},"schema":{"@context":"https:\/\/schema.org","@graph":[{"@type":"WebPage","@id":"https:\/\/bozza.com\/en\/produto\/11020-r50-g4\/","url":"https:\/\/bozza.com\/en\/produto\/11020-r50-g4\/","name":"HEAVY DUTY PNEUMATIC PUMP FOR GREASE 11020-V-3-R50-G4 | Bozza","isPartOf":{"@id":"https:\/\/bozza.com\/#website"},"primaryImageOfPage":{"@id":"https:\/\/bozza.com\/en\/produto\/11020-r50-g4\/#primaryimage"},"image":{"@id":"https:\/\/bozza.com\/en\/produto\/11020-r50-g4\/#primaryimage"},"thumbnailUrl":"https:\/\/bozza.com\/wp-content\/uploads\/2020\/11\/11020-V-3-R50-G4-2023.png","datePublished":"2020-11-23T20:09:31+00:00","dateModified":"2026-03-20T13:00:19+00:00","breadcrumb":{"@id":"https:\/\/bozza.com\/en\/produto\/11020-r50-g4\/#breadcrumb"},"inLanguage":"en-US","potentialAction":[{"@type":"ReadAction","target":["https:\/\/bozza.com\/en\/produto\/11020-r50-g4\/"]}]},{"@type":"ImageObject","inLanguage":"en-US","@id":"https:\/\/bozza.com\/en\/produto\/11020-r50-g4\/#primaryimage","url":"https:\/\/bozza.com\/wp-content\/uploads\/2020\/11\/11020-V-3-R50-G4-2023.png","contentUrl":"https:\/\/bozza.com\/wp-content\/uploads\/2020\/11\/11020-V-3-R50-G4-2023.png","width":2000,"height":2000,"caption":"BOZZA_11020-V-3-R50-G4-2023"},{"@type":"BreadcrumbList","@id":"https:\/\/bozza.com\/en\/produto\/11020-r50-g4\/#breadcrumb","itemListElement":[{"@type":"ListItem","position":1,"name":"In\u00edcio","item":"https:\/\/bozza.com\/"},{"@type":"ListItem","position":2,"name":"Produtos","item":"https:\/\/bozza.com\/?page_id=70036"},{"@type":"ListItem","position":3,"name":"HEAVY DUTY PNEUMATIC PUMP FOR GREASE 11020-V-3-R50-G4"}]},{"@type":"WebSite","@id":"https:\/\/bozza.com\/#website","url":"https:\/\/bozza.com\/","name":"Bozza","description":"Solu\u00e7\u00f5es em Lubrifica\u00e7\u00e3o","publisher":{"@id":"https:\/\/bozza.com\/#organization"},"potentialAction":[{"@type":"SearchAction","target":{"@type":"EntryPoint","urlTemplate":"https:\/\/bozza.com\/?s={search_term_string}"},"query-input":{"@type":"PropertyValueSpecification","valueRequired":true,"valueName":"search_term_string"}}],"inLanguage":"en-US"},{"@type":"Organization","@id":"https:\/\/bozza.com\/#organization","name":"Bozza","url":"https:\/\/bozza.com\/","logo":{"@type":"ImageObject","inLanguage":"en-US","@id":"https:\/\/bozza.com\/#\/schema\/logo\/image\/","url":"","contentUrl":"","caption":"Bozza"},"image":{"@id":"https:\/\/bozza.com\/#\/schema\/logo\/image\/"},"sameAs":["https:\/\/www.facebook.com\/bozza.oficial\/","https:\/\/www.instagram.com\/bozzaoficial\/","https:\/\/www.linkedin.com\/company\/bozza\/","https:\/\/www.youtube.com\/channel\/UCQRiHYNpM4VQWF9YxVgSTsw?view_as=subscriber"]}]}},"_links":{"self":[{"href":"https:\/\/bozza.com\/en\/wp-json\/wp\/v2\/product\/63876","targetHints":{"allow":["GET"]}}],"collection":[{"href":"https:\/\/bozza.com\/en\/wp-json\/wp\/v2\/product"}],"about":[{"href":"https:\/\/bozza.com\/en\/wp-json\/wp\/v2\/types\/product"}],"wp:featuredmedia":[{"embeddable":true,"href":"https:\/\/bozza.com\/en\/wp-json\/wp\/v2\/media\/56670"}],"wp:attachment":[{"href":"https:\/\/bozza.com\/en\/wp-json\/wp\/v2\/media?parent=63876"}],"wp:term":[{"taxonomy":"product_brand","embeddable":true,"href":"https:\/\/bozza.com\/en\/wp-json\/wp\/v2\/product_brand?post=63876"},{"taxonomy":"product_cat","embeddable":true,"href":"https:\/\/bozza.com\/en\/wp-json\/wp\/v2\/product_cat?post=63876"},{"taxonomy":"product_tag","embeddable":true,"href":"https:\/\/bozza.com\/en\/wp-json\/wp\/v2\/product_tag?post=63876"}],"curies":[{"name":"wp","href":"https:\/\/api.w.org\/{rel}","templated":true}]}}