{"id":63878,"date":"2020-10-01T15:16:55","date_gmt":"2020-10-01T18:16:55","guid":{"rendered":"https:\/\/www.bozza.com\/produto\/7022-t-12v-bomba-de-abastecimento-eletrica-12v\/"},"modified":"2026-03-20T10:01:06","modified_gmt":"2026-03-20T13:01:06","slug":"7022-t-12v-bomba-de-abastecimento-eletrica-12v","status":"publish","type":"product","link":"https:\/\/bozza.com\/en\/produto\/7022-t-12v-bomba-de-abastecimento-eletrica-12v\/","title":{"rendered":"Electric Supply Pump 7022-T-12V"},"content":{"rendered":"<ul>\n<li><span style=\"font-weight: 400;\">Light and compact, it helps reducing the operator physical effort;<\/span><\/li>\n<li><span style=\"font-weight: 400;\">High resistance against corrosion and component displacement;<\/span><\/li>\n<li><span style=\"font-weight: 400;\">Portable electric pump, the product does require the use of compressed air.<\/span><\/li>\n<li><span style=\"font-weight: 400;\">Powered by a vehicle battery, in general.<\/span><\/li>\n<li><span style=\"font-weight: 400;\">On\/off switch for greater convenience.<\/span><\/li>\n<\/ul>\n","protected":false},"excerpt":{"rendered":"<p><span style=\"font-weight: 400;\">Diesel oil supply or transfer pump that uses a 12V portable electric engine. <\/span><span style=\"font-weight: 400;\">Most suitable for customers that carry out field operations to supply tanks and <\/span><span style=\"font-weight: 400;\">reservoirs for vehicles, engines, generators, agricultural implements, among others. Recommended for <\/span><span style=\"font-weight: 400;\">automotive, agricultural and construction segments.<\/span> <span style=\"font-weight: 400;\">Light, compact and portable, it offers greater<\/span><\/p>\n<p><span style=\"font-weight: 400;\">comfort to the operator. <\/span><span style=\"font-weight: 400;\">The product operates through a vehicle battery and is provided with an\u00a0<\/span><span style=\"font-weight: 400;\">on\/off switch for greater convenience.<\/span><\/p>\n","protected":false},"featured_media":58037,"template":"","meta":{"_acf_changed":false},"product_brand":[],"product_cat":[305],"product_tag":[],"class_list":{"0":"post-63878","1":"product","2":"type-product","3":"status-publish","4":"has-post-thumbnail","6":"product_cat-lancamentos","8":"first","9":"instock","10":"shipping-taxable","11":"product-type-simple"},"acf":[],"yoast_head":"<!-- This site is optimized with the Yoast SEO plugin v26.9 - https:\/\/yoast.com\/product\/yoast-seo-wordpress\/ -->\n<title>Electric Supply Pump 7022-T-12V | Bozza<\/title>\n<meta name=\"robots\" content=\"index, follow, max-snippet:-1, max-image-preview:large, max-video-preview:-1\" \/>\n<link rel=\"canonical\" href=\"https:\/\/bozza.com\/en\/produto\/7022-t-12v-bomba-de-abastecimento-eletrica-12v\/\" \/>\n<meta property=\"og:locale\" content=\"en_US\" \/>\n<meta property=\"og:type\" content=\"article\" \/>\n<meta property=\"og:title\" content=\"Electric Supply Pump 7022-T-12V | Bozza\" \/>\n<meta property=\"og:description\" content=\"Diesel oil supply or transfer pump that uses a 12V portable electric engine. Most suitable for customers that carry out field operations to supply tanks and reservoirs for vehicles, engines, generators, agricultural implements, among others. Recommended for automotive, agricultural and construction segments. Light, compact and portable, it offers greater  comfort to the operator. The product operates through a vehicle battery and is provided with an\u00a0on\/off switch for greater convenience.\" \/>\n<meta property=\"og:url\" content=\"https:\/\/bozza.com\/en\/produto\/7022-t-12v-bomba-de-abastecimento-eletrica-12v\/\" \/>\n<meta property=\"og:site_name\" content=\"Bozza\" \/>\n<meta property=\"article:publisher\" content=\"https:\/\/www.facebook.com\/bozza.oficial\/\" \/>\n<meta property=\"article:modified_time\" content=\"2026-03-20T13:01:06+00:00\" \/>\n<meta property=\"og:image\" content=\"https:\/\/bozza.com\/wp-content\/uploads\/2020\/10\/12.421.0034_7022-T-12V_BOMBA-ABASTECIMENTO-ELETRICA_1.jpg\" \/>\n\t<meta property=\"og:image:width\" content=\"1080\" \/>\n\t<meta property=\"og:image:height\" content=\"1080\" \/>\n\t<meta property=\"og:image:type\" content=\"image\/jpeg\" \/>\n<meta name=\"twitter:card\" content=\"summary_large_image\" \/>\n<meta name=\"twitter:label1\" content=\"Est. reading time\" \/>\n\t<meta name=\"twitter:data1\" content=\"1 minute\" \/>\n<script type=\"application\/ld+json\" class=\"yoast-schema-graph\">{\"@context\":\"https:\/\/schema.org\",\"@graph\":[{\"@type\":\"WebPage\",\"@id\":\"https:\/\/bozza.com\/en\/produto\/7022-t-12v-bomba-de-abastecimento-eletrica-12v\/\",\"url\":\"https:\/\/bozza.com\/en\/produto\/7022-t-12v-bomba-de-abastecimento-eletrica-12v\/\",\"name\":\"Electric Supply Pump 7022-T-12V | Bozza\",\"isPartOf\":{\"@id\":\"https:\/\/bozza.com\/#website\"},\"primaryImageOfPage\":{\"@id\":\"https:\/\/bozza.com\/en\/produto\/7022-t-12v-bomba-de-abastecimento-eletrica-12v\/#primaryimage\"},\"image\":{\"@id\":\"https:\/\/bozza.com\/en\/produto\/7022-t-12v-bomba-de-abastecimento-eletrica-12v\/#primaryimage\"},\"thumbnailUrl\":\"https:\/\/bozza.com\/wp-content\/uploads\/2020\/10\/12.421.0034_7022-T-12V_BOMBA-ABASTECIMENTO-ELETRICA_1.jpg\",\"datePublished\":\"2020-10-01T18:16:55+00:00\",\"dateModified\":\"2026-03-20T13:01:06+00:00\",\"breadcrumb\":{\"@id\":\"https:\/\/bozza.com\/en\/produto\/7022-t-12v-bomba-de-abastecimento-eletrica-12v\/#breadcrumb\"},\"inLanguage\":\"en-US\",\"potentialAction\":[{\"@type\":\"ReadAction\",\"target\":[\"https:\/\/bozza.com\/en\/produto\/7022-t-12v-bomba-de-abastecimento-eletrica-12v\/\"]}]},{\"@type\":\"ImageObject\",\"inLanguage\":\"en-US\",\"@id\":\"https:\/\/bozza.com\/en\/produto\/7022-t-12v-bomba-de-abastecimento-eletrica-12v\/#primaryimage\",\"url\":\"https:\/\/bozza.com\/wp-content\/uploads\/2020\/10\/12.421.0034_7022-T-12V_BOMBA-ABASTECIMENTO-ELETRICA_1.jpg\",\"contentUrl\":\"https:\/\/bozza.com\/wp-content\/uploads\/2020\/10\/12.421.0034_7022-T-12V_BOMBA-ABASTECIMENTO-ELETRICA_1.jpg\",\"width\":1080,\"height\":1080},{\"@type\":\"BreadcrumbList\",\"@id\":\"https:\/\/bozza.com\/en\/produto\/7022-t-12v-bomba-de-abastecimento-eletrica-12v\/#breadcrumb\",\"itemListElement\":[{\"@type\":\"ListItem\",\"position\":1,\"name\":\"In\u00edcio\",\"item\":\"https:\/\/bozza.com\/\"},{\"@type\":\"ListItem\",\"position\":2,\"name\":\"Produtos\",\"item\":\"https:\/\/bozza.com\/?page_id=70036\"},{\"@type\":\"ListItem\",\"position\":3,\"name\":\"Electric Supply Pump 7022-T-12V\"}]},{\"@type\":\"WebSite\",\"@id\":\"https:\/\/bozza.com\/#website\",\"url\":\"https:\/\/bozza.com\/\",\"name\":\"Bozza\",\"description\":\"Solu\u00e7\u00f5es em Lubrifica\u00e7\u00e3o\",\"publisher\":{\"@id\":\"https:\/\/bozza.com\/#organization\"},\"potentialAction\":[{\"@type\":\"SearchAction\",\"target\":{\"@type\":\"EntryPoint\",\"urlTemplate\":\"https:\/\/bozza.com\/?s={search_term_string}\"},\"query-input\":{\"@type\":\"PropertyValueSpecification\",\"valueRequired\":true,\"valueName\":\"search_term_string\"}}],\"inLanguage\":\"en-US\"},{\"@type\":\"Organization\",\"@id\":\"https:\/\/bozza.com\/#organization\",\"name\":\"Bozza\",\"url\":\"https:\/\/bozza.com\/\",\"logo\":{\"@type\":\"ImageObject\",\"inLanguage\":\"en-US\",\"@id\":\"https:\/\/bozza.com\/#\/schema\/logo\/image\/\",\"url\":\"\",\"contentUrl\":\"\",\"caption\":\"Bozza\"},\"image\":{\"@id\":\"https:\/\/bozza.com\/#\/schema\/logo\/image\/\"},\"sameAs\":[\"https:\/\/www.facebook.com\/bozza.oficial\/\",\"https:\/\/www.instagram.com\/bozzaoficial\/\",\"https:\/\/www.linkedin.com\/company\/bozza\/\",\"https:\/\/www.youtube.com\/channel\/UCQRiHYNpM4VQWF9YxVgSTsw?view_as=subscriber\"]}]}<\/script>\n<!-- \/ Yoast SEO plugin. -->","yoast_head_json":{"title":"Electric Supply Pump 7022-T-12V | Bozza","robots":{"index":"index","follow":"follow","max-snippet":"max-snippet:-1","max-image-preview":"max-image-preview:large","max-video-preview":"max-video-preview:-1"},"canonical":"https:\/\/bozza.com\/en\/produto\/7022-t-12v-bomba-de-abastecimento-eletrica-12v\/","og_locale":"en_US","og_type":"article","og_title":"Electric Supply Pump 7022-T-12V | Bozza","og_description":"Diesel oil supply or transfer pump that uses a 12V portable electric engine. Most suitable for customers that carry out field operations to supply tanks and reservoirs for vehicles, engines, generators, agricultural implements, among others. Recommended for automotive, agricultural and construction segments. Light, compact and portable, it offers greater  comfort to the operator. The product operates through a vehicle battery and is provided with an\u00a0on\/off switch for greater convenience.","og_url":"https:\/\/bozza.com\/en\/produto\/7022-t-12v-bomba-de-abastecimento-eletrica-12v\/","og_site_name":"Bozza","article_publisher":"https:\/\/www.facebook.com\/bozza.oficial\/","article_modified_time":"2026-03-20T13:01:06+00:00","og_image":[{"width":1080,"height":1080,"url":"https:\/\/bozza.com\/wp-content\/uploads\/2020\/10\/12.421.0034_7022-T-12V_BOMBA-ABASTECIMENTO-ELETRICA_1.jpg","type":"image\/jpeg"}],"twitter_card":"summary_large_image","twitter_misc":{"Est. reading time":"1 minute"},"schema":{"@context":"https:\/\/schema.org","@graph":[{"@type":"WebPage","@id":"https:\/\/bozza.com\/en\/produto\/7022-t-12v-bomba-de-abastecimento-eletrica-12v\/","url":"https:\/\/bozza.com\/en\/produto\/7022-t-12v-bomba-de-abastecimento-eletrica-12v\/","name":"Electric Supply Pump 7022-T-12V | Bozza","isPartOf":{"@id":"https:\/\/bozza.com\/#website"},"primaryImageOfPage":{"@id":"https:\/\/bozza.com\/en\/produto\/7022-t-12v-bomba-de-abastecimento-eletrica-12v\/#primaryimage"},"image":{"@id":"https:\/\/bozza.com\/en\/produto\/7022-t-12v-bomba-de-abastecimento-eletrica-12v\/#primaryimage"},"thumbnailUrl":"https:\/\/bozza.com\/wp-content\/uploads\/2020\/10\/12.421.0034_7022-T-12V_BOMBA-ABASTECIMENTO-ELETRICA_1.jpg","datePublished":"2020-10-01T18:16:55+00:00","dateModified":"2026-03-20T13:01:06+00:00","breadcrumb":{"@id":"https:\/\/bozza.com\/en\/produto\/7022-t-12v-bomba-de-abastecimento-eletrica-12v\/#breadcrumb"},"inLanguage":"en-US","potentialAction":[{"@type":"ReadAction","target":["https:\/\/bozza.com\/en\/produto\/7022-t-12v-bomba-de-abastecimento-eletrica-12v\/"]}]},{"@type":"ImageObject","inLanguage":"en-US","@id":"https:\/\/bozza.com\/en\/produto\/7022-t-12v-bomba-de-abastecimento-eletrica-12v\/#primaryimage","url":"https:\/\/bozza.com\/wp-content\/uploads\/2020\/10\/12.421.0034_7022-T-12V_BOMBA-ABASTECIMENTO-ELETRICA_1.jpg","contentUrl":"https:\/\/bozza.com\/wp-content\/uploads\/2020\/10\/12.421.0034_7022-T-12V_BOMBA-ABASTECIMENTO-ELETRICA_1.jpg","width":1080,"height":1080},{"@type":"BreadcrumbList","@id":"https:\/\/bozza.com\/en\/produto\/7022-t-12v-bomba-de-abastecimento-eletrica-12v\/#breadcrumb","itemListElement":[{"@type":"ListItem","position":1,"name":"In\u00edcio","item":"https:\/\/bozza.com\/"},{"@type":"ListItem","position":2,"name":"Produtos","item":"https:\/\/bozza.com\/?page_id=70036"},{"@type":"ListItem","position":3,"name":"Electric Supply Pump 7022-T-12V"}]},{"@type":"WebSite","@id":"https:\/\/bozza.com\/#website","url":"https:\/\/bozza.com\/","name":"Bozza","description":"Solu\u00e7\u00f5es em Lubrifica\u00e7\u00e3o","publisher":{"@id":"https:\/\/bozza.com\/#organization"},"potentialAction":[{"@type":"SearchAction","target":{"@type":"EntryPoint","urlTemplate":"https:\/\/bozza.com\/?s={search_term_string}"},"query-input":{"@type":"PropertyValueSpecification","valueRequired":true,"valueName":"search_term_string"}}],"inLanguage":"en-US"},{"@type":"Organization","@id":"https:\/\/bozza.com\/#organization","name":"Bozza","url":"https:\/\/bozza.com\/","logo":{"@type":"ImageObject","inLanguage":"en-US","@id":"https:\/\/bozza.com\/#\/schema\/logo\/image\/","url":"","contentUrl":"","caption":"Bozza"},"image":{"@id":"https:\/\/bozza.com\/#\/schema\/logo\/image\/"},"sameAs":["https:\/\/www.facebook.com\/bozza.oficial\/","https:\/\/www.instagram.com\/bozzaoficial\/","https:\/\/www.linkedin.com\/company\/bozza\/","https:\/\/www.youtube.com\/channel\/UCQRiHYNpM4VQWF9YxVgSTsw?view_as=subscriber"]}]}},"_links":{"self":[{"href":"https:\/\/bozza.com\/en\/wp-json\/wp\/v2\/product\/63878","targetHints":{"allow":["GET"]}}],"collection":[{"href":"https:\/\/bozza.com\/en\/wp-json\/wp\/v2\/product"}],"about":[{"href":"https:\/\/bozza.com\/en\/wp-json\/wp\/v2\/types\/product"}],"wp:featuredmedia":[{"embeddable":true,"href":"https:\/\/bozza.com\/en\/wp-json\/wp\/v2\/media\/58037"}],"wp:attachment":[{"href":"https:\/\/bozza.com\/en\/wp-json\/wp\/v2\/media?parent=63878"}],"wp:term":[{"taxonomy":"product_brand","embeddable":true,"href":"https:\/\/bozza.com\/en\/wp-json\/wp\/v2\/product_brand?post=63878"},{"taxonomy":"product_cat","embeddable":true,"href":"https:\/\/bozza.com\/en\/wp-json\/wp\/v2\/product_cat?post=63878"},{"taxonomy":"product_tag","embeddable":true,"href":"https:\/\/bozza.com\/en\/wp-json\/wp\/v2\/product_tag?post=63878"}],"curies":[{"name":"wp","href":"https:\/\/api.w.org\/{rel}","templated":true}]}}