{"id":63888,"date":"2018-09-19T16:43:31","date_gmt":"2018-09-19T19:43:31","guid":{"rendered":"https:\/\/www.bozza.com\/produto\/bzt-79000\/"},"modified":"2026-04-04T18:13:15","modified_gmt":"2026-04-04T21:13:15","slug":"bzt-79000","status":"publish","type":"product","link":"https:\/\/bozza.com\/en\/produto\/bzt-79000\/","title":{"rendered":"HIGH FLOW TRANSFER PUMP BZT-79000-220V"},"content":{"rendered":"<ul>\n<li><span style=\"font-weight: 400;\">Lubricating oil transfer pump<\/span><\/li>\n<li><span style=\"font-weight: 400;\">Blue electrostatic paint<\/span><\/li>\n<li><span style=\"font-weight: 400;\">4 m suction and discharge hose<\/span><\/li>\n<li><span style=\"font-weight: 400;\">6 m power cord<\/span><\/li>\n<li><span style=\"font-weight: 400;\">Weight: 77.000 kg<\/span><\/li>\n<li><span style=\"font-weight: 400;\">L= 700 mm x W= 410 mm x H= 1150 mm<\/span><\/li>\n<\/ul>\n<p><strong>OPTIONAL Models:<\/strong><\/p>\n<ul>\n<li><span style=\"font-weight: 400;\">BZT \u2013 7900 \u2013 380V<\/span><\/li>\n<li><span style=\"font-weight: 400;\">BZT \u2013 7900 \u2013 440V<\/span><\/li>\n<\/ul>\n","protected":false},"excerpt":{"rendered":"<p><span style=\"font-weight: 400;\">High flow lubricating oil transfer pump. Recommended for customers who <\/span><span style=\"font-weight: 400;\">need to transfer oil from one place to another, in an efficient and fast manner.<\/span><span style=\"font-weight: 400;\"> Ideal for <\/span><span style=\"font-weight: 400;\">mining, automobile repair shop, dealerships, steelwork segments, among others.<\/span><\/p>\n","protected":false},"featured_media":58091,"template":"","meta":{"_acf_changed":false},"product_brand":[],"product_cat":[463,1008,247],"product_tag":[],"class_list":{"0":"post-63888","1":"product","2":"type-product","3":"status-publish","4":"has-post-thumbnail","6":"product_cat-all-products","7":"product_cat-for-oil","8":"product_cat-kits-de-abastecimento-en","10":"first","11":"instock","12":"shipping-taxable","13":"product-type-simple"},"acf":[],"yoast_head":"<!-- This site is optimized with the Yoast SEO plugin v26.9 - https:\/\/yoast.com\/product\/yoast-seo-wordpress\/ -->\n<title>HIGH FLOW TRANSFER PUMP BZT-79000-220V | Bozza<\/title>\n<meta name=\"robots\" content=\"index, follow, max-snippet:-1, max-image-preview:large, max-video-preview:-1\" \/>\n<link rel=\"canonical\" href=\"https:\/\/bozza.com\/en\/produto\/bzt-79000\/\" \/>\n<meta property=\"og:locale\" content=\"en_US\" \/>\n<meta property=\"og:type\" content=\"article\" \/>\n<meta property=\"og:title\" content=\"HIGH FLOW TRANSFER PUMP BZT-79000-220V | Bozza\" \/>\n<meta property=\"og:description\" content=\"High flow lubricating oil transfer pump. Recommended for customers who need to transfer oil from one place to another, in an efficient and fast manner. Ideal for mining, automobile repair shop, dealerships, steelwork segments, among others.\" \/>\n<meta property=\"og:url\" content=\"https:\/\/bozza.com\/en\/produto\/bzt-79000\/\" \/>\n<meta property=\"og:site_name\" content=\"Bozza\" \/>\n<meta property=\"article:publisher\" content=\"https:\/\/www.facebook.com\/bozza.oficial\/\" \/>\n<meta property=\"article:modified_time\" content=\"2026-04-04T21:13:15+00:00\" \/>\n<meta property=\"og:image\" content=\"https:\/\/bozza.com\/wp-content\/uploads\/2021\/11\/01.421.0408_BOMBA-PARA-TRANSFERENCIA-DE-ALTA-VAZAO-PARA-OLEO-DIESEL-E-LUBRIFICANTES_BZT-79000.jpg\" \/>\n\t<meta property=\"og:image:width\" content=\"1080\" \/>\n\t<meta property=\"og:image:height\" content=\"1080\" \/>\n\t<meta property=\"og:image:type\" content=\"image\/jpeg\" \/>\n<meta name=\"twitter:card\" content=\"summary_large_image\" \/>\n<meta name=\"twitter:label1\" content=\"Est. reading time\" \/>\n\t<meta name=\"twitter:data1\" content=\"1 minute\" \/>\n<script type=\"application\/ld+json\" class=\"yoast-schema-graph\">{\"@context\":\"https:\/\/schema.org\",\"@graph\":[{\"@type\":\"WebPage\",\"@id\":\"https:\/\/bozza.com\/en\/produto\/bzt-79000\/\",\"url\":\"https:\/\/bozza.com\/en\/produto\/bzt-79000\/\",\"name\":\"HIGH FLOW TRANSFER PUMP BZT-79000-220V | Bozza\",\"isPartOf\":{\"@id\":\"https:\/\/bozza.com\/#website\"},\"primaryImageOfPage\":{\"@id\":\"https:\/\/bozza.com\/en\/produto\/bzt-79000\/#primaryimage\"},\"image\":{\"@id\":\"https:\/\/bozza.com\/en\/produto\/bzt-79000\/#primaryimage\"},\"thumbnailUrl\":\"https:\/\/bozza.com\/wp-content\/uploads\/2021\/11\/01.421.0408_BOMBA-PARA-TRANSFERENCIA-DE-ALTA-VAZAO-PARA-OLEO-DIESEL-E-LUBRIFICANTES_BZT-79000.jpg\",\"datePublished\":\"2018-09-19T19:43:31+00:00\",\"dateModified\":\"2026-04-04T21:13:15+00:00\",\"breadcrumb\":{\"@id\":\"https:\/\/bozza.com\/en\/produto\/bzt-79000\/#breadcrumb\"},\"inLanguage\":\"en-US\",\"potentialAction\":[{\"@type\":\"ReadAction\",\"target\":[\"https:\/\/bozza.com\/en\/produto\/bzt-79000\/\"]}]},{\"@type\":\"ImageObject\",\"inLanguage\":\"en-US\",\"@id\":\"https:\/\/bozza.com\/en\/produto\/bzt-79000\/#primaryimage\",\"url\":\"https:\/\/bozza.com\/wp-content\/uploads\/2021\/11\/01.421.0408_BOMBA-PARA-TRANSFERENCIA-DE-ALTA-VAZAO-PARA-OLEO-DIESEL-E-LUBRIFICANTES_BZT-79000.jpg\",\"contentUrl\":\"https:\/\/bozza.com\/wp-content\/uploads\/2021\/11\/01.421.0408_BOMBA-PARA-TRANSFERENCIA-DE-ALTA-VAZAO-PARA-OLEO-DIESEL-E-LUBRIFICANTES_BZT-79000.jpg\",\"width\":1080,\"height\":1080},{\"@type\":\"BreadcrumbList\",\"@id\":\"https:\/\/bozza.com\/en\/produto\/bzt-79000\/#breadcrumb\",\"itemListElement\":[{\"@type\":\"ListItem\",\"position\":1,\"name\":\"In\u00edcio\",\"item\":\"https:\/\/bozza.com\/\"},{\"@type\":\"ListItem\",\"position\":2,\"name\":\"Produtos\",\"item\":\"https:\/\/bozza.com\/?page_id=70036\"},{\"@type\":\"ListItem\",\"position\":3,\"name\":\"HIGH FLOW TRANSFER PUMP BZT-79000-220V\"}]},{\"@type\":\"WebSite\",\"@id\":\"https:\/\/bozza.com\/#website\",\"url\":\"https:\/\/bozza.com\/\",\"name\":\"Bozza\",\"description\":\"Solu\u00e7\u00f5es em Lubrifica\u00e7\u00e3o\",\"publisher\":{\"@id\":\"https:\/\/bozza.com\/#organization\"},\"potentialAction\":[{\"@type\":\"SearchAction\",\"target\":{\"@type\":\"EntryPoint\",\"urlTemplate\":\"https:\/\/bozza.com\/?s={search_term_string}\"},\"query-input\":{\"@type\":\"PropertyValueSpecification\",\"valueRequired\":true,\"valueName\":\"search_term_string\"}}],\"inLanguage\":\"en-US\"},{\"@type\":\"Organization\",\"@id\":\"https:\/\/bozza.com\/#organization\",\"name\":\"Bozza\",\"url\":\"https:\/\/bozza.com\/\",\"logo\":{\"@type\":\"ImageObject\",\"inLanguage\":\"en-US\",\"@id\":\"https:\/\/bozza.com\/#\/schema\/logo\/image\/\",\"url\":\"\",\"contentUrl\":\"\",\"caption\":\"Bozza\"},\"image\":{\"@id\":\"https:\/\/bozza.com\/#\/schema\/logo\/image\/\"},\"sameAs\":[\"https:\/\/www.facebook.com\/bozza.oficial\/\",\"https:\/\/www.instagram.com\/bozzaoficial\/\",\"https:\/\/www.linkedin.com\/company\/bozza\/\",\"https:\/\/www.youtube.com\/channel\/UCQRiHYNpM4VQWF9YxVgSTsw?view_as=subscriber\"]}]}<\/script>\n<!-- \/ Yoast SEO plugin. -->","yoast_head_json":{"title":"HIGH FLOW TRANSFER PUMP BZT-79000-220V | Bozza","robots":{"index":"index","follow":"follow","max-snippet":"max-snippet:-1","max-image-preview":"max-image-preview:large","max-video-preview":"max-video-preview:-1"},"canonical":"https:\/\/bozza.com\/en\/produto\/bzt-79000\/","og_locale":"en_US","og_type":"article","og_title":"HIGH FLOW TRANSFER PUMP BZT-79000-220V | Bozza","og_description":"High flow lubricating oil transfer pump. Recommended for customers who need to transfer oil from one place to another, in an efficient and fast manner. Ideal for mining, automobile repair shop, dealerships, steelwork segments, among others.","og_url":"https:\/\/bozza.com\/en\/produto\/bzt-79000\/","og_site_name":"Bozza","article_publisher":"https:\/\/www.facebook.com\/bozza.oficial\/","article_modified_time":"2026-04-04T21:13:15+00:00","og_image":[{"width":1080,"height":1080,"url":"https:\/\/bozza.com\/wp-content\/uploads\/2021\/11\/01.421.0408_BOMBA-PARA-TRANSFERENCIA-DE-ALTA-VAZAO-PARA-OLEO-DIESEL-E-LUBRIFICANTES_BZT-79000.jpg","type":"image\/jpeg"}],"twitter_card":"summary_large_image","twitter_misc":{"Est. reading time":"1 minute"},"schema":{"@context":"https:\/\/schema.org","@graph":[{"@type":"WebPage","@id":"https:\/\/bozza.com\/en\/produto\/bzt-79000\/","url":"https:\/\/bozza.com\/en\/produto\/bzt-79000\/","name":"HIGH FLOW TRANSFER PUMP BZT-79000-220V | Bozza","isPartOf":{"@id":"https:\/\/bozza.com\/#website"},"primaryImageOfPage":{"@id":"https:\/\/bozza.com\/en\/produto\/bzt-79000\/#primaryimage"},"image":{"@id":"https:\/\/bozza.com\/en\/produto\/bzt-79000\/#primaryimage"},"thumbnailUrl":"https:\/\/bozza.com\/wp-content\/uploads\/2021\/11\/01.421.0408_BOMBA-PARA-TRANSFERENCIA-DE-ALTA-VAZAO-PARA-OLEO-DIESEL-E-LUBRIFICANTES_BZT-79000.jpg","datePublished":"2018-09-19T19:43:31+00:00","dateModified":"2026-04-04T21:13:15+00:00","breadcrumb":{"@id":"https:\/\/bozza.com\/en\/produto\/bzt-79000\/#breadcrumb"},"inLanguage":"en-US","potentialAction":[{"@type":"ReadAction","target":["https:\/\/bozza.com\/en\/produto\/bzt-79000\/"]}]},{"@type":"ImageObject","inLanguage":"en-US","@id":"https:\/\/bozza.com\/en\/produto\/bzt-79000\/#primaryimage","url":"https:\/\/bozza.com\/wp-content\/uploads\/2021\/11\/01.421.0408_BOMBA-PARA-TRANSFERENCIA-DE-ALTA-VAZAO-PARA-OLEO-DIESEL-E-LUBRIFICANTES_BZT-79000.jpg","contentUrl":"https:\/\/bozza.com\/wp-content\/uploads\/2021\/11\/01.421.0408_BOMBA-PARA-TRANSFERENCIA-DE-ALTA-VAZAO-PARA-OLEO-DIESEL-E-LUBRIFICANTES_BZT-79000.jpg","width":1080,"height":1080},{"@type":"BreadcrumbList","@id":"https:\/\/bozza.com\/en\/produto\/bzt-79000\/#breadcrumb","itemListElement":[{"@type":"ListItem","position":1,"name":"In\u00edcio","item":"https:\/\/bozza.com\/"},{"@type":"ListItem","position":2,"name":"Produtos","item":"https:\/\/bozza.com\/?page_id=70036"},{"@type":"ListItem","position":3,"name":"HIGH FLOW TRANSFER PUMP BZT-79000-220V"}]},{"@type":"WebSite","@id":"https:\/\/bozza.com\/#website","url":"https:\/\/bozza.com\/","name":"Bozza","description":"Solu\u00e7\u00f5es em Lubrifica\u00e7\u00e3o","publisher":{"@id":"https:\/\/bozza.com\/#organization"},"potentialAction":[{"@type":"SearchAction","target":{"@type":"EntryPoint","urlTemplate":"https:\/\/bozza.com\/?s={search_term_string}"},"query-input":{"@type":"PropertyValueSpecification","valueRequired":true,"valueName":"search_term_string"}}],"inLanguage":"en-US"},{"@type":"Organization","@id":"https:\/\/bozza.com\/#organization","name":"Bozza","url":"https:\/\/bozza.com\/","logo":{"@type":"ImageObject","inLanguage":"en-US","@id":"https:\/\/bozza.com\/#\/schema\/logo\/image\/","url":"","contentUrl":"","caption":"Bozza"},"image":{"@id":"https:\/\/bozza.com\/#\/schema\/logo\/image\/"},"sameAs":["https:\/\/www.facebook.com\/bozza.oficial\/","https:\/\/www.instagram.com\/bozzaoficial\/","https:\/\/www.linkedin.com\/company\/bozza\/","https:\/\/www.youtube.com\/channel\/UCQRiHYNpM4VQWF9YxVgSTsw?view_as=subscriber"]}]}},"_links":{"self":[{"href":"https:\/\/bozza.com\/en\/wp-json\/wp\/v2\/product\/63888","targetHints":{"allow":["GET"]}}],"collection":[{"href":"https:\/\/bozza.com\/en\/wp-json\/wp\/v2\/product"}],"about":[{"href":"https:\/\/bozza.com\/en\/wp-json\/wp\/v2\/types\/product"}],"wp:featuredmedia":[{"embeddable":true,"href":"https:\/\/bozza.com\/en\/wp-json\/wp\/v2\/media\/58091"}],"wp:attachment":[{"href":"https:\/\/bozza.com\/en\/wp-json\/wp\/v2\/media?parent=63888"}],"wp:term":[{"taxonomy":"product_brand","embeddable":true,"href":"https:\/\/bozza.com\/en\/wp-json\/wp\/v2\/product_brand?post=63888"},{"taxonomy":"product_cat","embeddable":true,"href":"https:\/\/bozza.com\/en\/wp-json\/wp\/v2\/product_cat?post=63888"},{"taxonomy":"product_tag","embeddable":true,"href":"https:\/\/bozza.com\/en\/wp-json\/wp\/v2\/product_tag?post=63888"}],"curies":[{"name":"wp","href":"https:\/\/api.w.org\/{rel}","templated":true}]}}