{"id":63905,"date":"2018-09-18T17:55:50","date_gmt":"2018-09-18T20:55:50","guid":{"rendered":"https:\/\/www.bozza.com\/produto\/17100ret-ar15\/"},"modified":"2026-04-06T16:02:56","modified_gmt":"2026-04-06T19:02:56","slug":"17100ret-ar15","status":"publish","type":"product","link":"https:\/\/bozza.com\/en\/produto\/17100ret-ar15\/","title":{"rendered":"RETRACTABLE REEL FOR AIR 17100RET-AR15-BL"},"content":{"rendered":"<ul>\n<li><span style=\"font-weight: 400;\">Working pressure 300 PSI \/ 20.7 BAR<\/span><\/li>\n<li><span style=\"font-weight: 400;\">\u00a0\u00bd inch NPT Female Inlet<\/span><\/li>\n<li><span style=\"font-weight: 400;\">\u00bd inch NPT Male Outlet<\/span><\/li>\n<\/ul>\n","protected":false},"excerpt":{"rendered":"<p><span style=\"font-weight: 400;\">Equipment that allows grease hoses to be rolled up to 15 meters for fixing to walls and <\/span><span style=\"font-weight: 400;\">bases. <\/span><span style=\"font-weight: 400;\">The product has automatic retraction, requiring no effort from the operator, preventing premature wear <\/span><span style=\"font-weight: 400;\">of the hose, in addition to keeping the environment organized.<\/span><span style=\"font-weight: 400;\"> \u00a0<\/span><span style=\"font-weight: 400;\">Ideal for small maintenance shops, tire maintenance shops, small fast lubes, car dealerships, light-\/medium-duty truck dealers, fleet maintenance, public works garages, construction vehicle maintenance, and light-utility service trucks.<\/span><\/p>\n<p><span style=\"font-weight: 400;\">\u00a0Comes with cleaning nozzle (BL-2).<\/span><\/p>\n","protected":false},"featured_media":56846,"template":"","meta":{"_acf_changed":false},"product_brand":[1027],"product_cat":[463,475,1002,468],"product_tag":[510,511],"class_list":{"0":"post-63905","1":"product","2":"type-product","3":"status-publish","4":"has-post-thumbnail","6":"product_brand-postos-de-servicos-en","7":"product_cat-all-products","8":"product_cat-convoy-equipment","9":"product_cat-for-compressed-air","10":"product_cat-hose-reels-and-hoses","11":"product_tag-ar-en","12":"product_tag-carretel-en","14":"first","15":"instock","16":"shipping-taxable","17":"product-type-simple"},"acf":[],"yoast_head":"<!-- This site is optimized with the Yoast SEO plugin v26.9 - https:\/\/yoast.com\/product\/yoast-seo-wordpress\/ -->\n<title>RETRACTABLE REEL FOR AIR 17100RET-AR15-BL | Bozza<\/title>\n<meta name=\"robots\" content=\"index, follow, max-snippet:-1, max-image-preview:large, max-video-preview:-1\" \/>\n<link rel=\"canonical\" href=\"https:\/\/bozza.com\/en\/produto\/17100ret-ar15\/\" \/>\n<meta property=\"og:locale\" content=\"en_US\" \/>\n<meta property=\"og:type\" content=\"article\" \/>\n<meta property=\"og:title\" content=\"RETRACTABLE REEL FOR AIR 17100RET-AR15-BL | Bozza\" \/>\n<meta property=\"og:description\" content=\"Equipment that allows grease hoses to be rolled up to 15 meters for fixing to walls and bases. The product has automatic retraction, requiring no effort from the operator, preventing premature wear of the hose, in addition to keeping the environment organized. \u00a0Ideal for small maintenance shops, tire maintenance shops, small fast lubes, car dealerships, light-\/medium-duty truck dealers, fleet maintenance, public works garages, construction vehicle maintenance, and light-utility service trucks.  \u00a0Comes with cleaning nozzle (BL-2).\" \/>\n<meta property=\"og:url\" content=\"https:\/\/bozza.com\/en\/produto\/17100ret-ar15\/\" \/>\n<meta property=\"og:site_name\" content=\"Bozza\" \/>\n<meta property=\"article:publisher\" content=\"https:\/\/www.facebook.com\/bozza.oficial\/\" \/>\n<meta property=\"article:modified_time\" content=\"2026-04-06T19:02:56+00:00\" \/>\n<meta property=\"og:image\" content=\"https:\/\/bozza.com\/wp-content\/uploads\/2018\/09\/17100RETAR15-3.png\" \/>\n\t<meta property=\"og:image:width\" content=\"1200\" \/>\n\t<meta property=\"og:image:height\" content=\"1200\" \/>\n\t<meta property=\"og:image:type\" content=\"image\/png\" \/>\n<meta name=\"twitter:card\" content=\"summary_large_image\" \/>\n<meta name=\"twitter:label1\" content=\"Est. reading time\" \/>\n\t<meta name=\"twitter:data1\" content=\"1 minute\" \/>\n<script type=\"application\/ld+json\" class=\"yoast-schema-graph\">{\"@context\":\"https:\/\/schema.org\",\"@graph\":[{\"@type\":\"WebPage\",\"@id\":\"https:\/\/bozza.com\/en\/produto\/17100ret-ar15\/\",\"url\":\"https:\/\/bozza.com\/en\/produto\/17100ret-ar15\/\",\"name\":\"RETRACTABLE REEL FOR AIR 17100RET-AR15-BL | Bozza\",\"isPartOf\":{\"@id\":\"https:\/\/bozza.com\/#website\"},\"primaryImageOfPage\":{\"@id\":\"https:\/\/bozza.com\/en\/produto\/17100ret-ar15\/#primaryimage\"},\"image\":{\"@id\":\"https:\/\/bozza.com\/en\/produto\/17100ret-ar15\/#primaryimage\"},\"thumbnailUrl\":\"https:\/\/bozza.com\/wp-content\/uploads\/2018\/09\/17100RETAR15-3.png\",\"datePublished\":\"2018-09-18T20:55:50+00:00\",\"dateModified\":\"2026-04-06T19:02:56+00:00\",\"breadcrumb\":{\"@id\":\"https:\/\/bozza.com\/en\/produto\/17100ret-ar15\/#breadcrumb\"},\"inLanguage\":\"en-US\",\"potentialAction\":[{\"@type\":\"ReadAction\",\"target\":[\"https:\/\/bozza.com\/en\/produto\/17100ret-ar15\/\"]}]},{\"@type\":\"ImageObject\",\"inLanguage\":\"en-US\",\"@id\":\"https:\/\/bozza.com\/en\/produto\/17100ret-ar15\/#primaryimage\",\"url\":\"https:\/\/bozza.com\/wp-content\/uploads\/2018\/09\/17100RETAR15-3.png\",\"contentUrl\":\"https:\/\/bozza.com\/wp-content\/uploads\/2018\/09\/17100RETAR15-3.png\",\"width\":1200,\"height\":1200},{\"@type\":\"BreadcrumbList\",\"@id\":\"https:\/\/bozza.com\/en\/produto\/17100ret-ar15\/#breadcrumb\",\"itemListElement\":[{\"@type\":\"ListItem\",\"position\":1,\"name\":\"In\u00edcio\",\"item\":\"https:\/\/bozza.com\/\"},{\"@type\":\"ListItem\",\"position\":2,\"name\":\"Produtos\",\"item\":\"https:\/\/bozza.com\/?page_id=70036\"},{\"@type\":\"ListItem\",\"position\":3,\"name\":\"RETRACTABLE REEL FOR AIR 17100RET-AR15-BL\"}]},{\"@type\":\"WebSite\",\"@id\":\"https:\/\/bozza.com\/#website\",\"url\":\"https:\/\/bozza.com\/\",\"name\":\"Bozza\",\"description\":\"Solu\u00e7\u00f5es em Lubrifica\u00e7\u00e3o\",\"publisher\":{\"@id\":\"https:\/\/bozza.com\/#organization\"},\"potentialAction\":[{\"@type\":\"SearchAction\",\"target\":{\"@type\":\"EntryPoint\",\"urlTemplate\":\"https:\/\/bozza.com\/?s={search_term_string}\"},\"query-input\":{\"@type\":\"PropertyValueSpecification\",\"valueRequired\":true,\"valueName\":\"search_term_string\"}}],\"inLanguage\":\"en-US\"},{\"@type\":\"Organization\",\"@id\":\"https:\/\/bozza.com\/#organization\",\"name\":\"Bozza\",\"url\":\"https:\/\/bozza.com\/\",\"logo\":{\"@type\":\"ImageObject\",\"inLanguage\":\"en-US\",\"@id\":\"https:\/\/bozza.com\/#\/schema\/logo\/image\/\",\"url\":\"\",\"contentUrl\":\"\",\"caption\":\"Bozza\"},\"image\":{\"@id\":\"https:\/\/bozza.com\/#\/schema\/logo\/image\/\"},\"sameAs\":[\"https:\/\/www.facebook.com\/bozza.oficial\/\",\"https:\/\/www.instagram.com\/bozzaoficial\/\",\"https:\/\/www.linkedin.com\/company\/bozza\/\",\"https:\/\/www.youtube.com\/channel\/UCQRiHYNpM4VQWF9YxVgSTsw?view_as=subscriber\"]}]}<\/script>\n<!-- \/ Yoast SEO plugin. -->","yoast_head_json":{"title":"RETRACTABLE REEL FOR AIR 17100RET-AR15-BL | Bozza","robots":{"index":"index","follow":"follow","max-snippet":"max-snippet:-1","max-image-preview":"max-image-preview:large","max-video-preview":"max-video-preview:-1"},"canonical":"https:\/\/bozza.com\/en\/produto\/17100ret-ar15\/","og_locale":"en_US","og_type":"article","og_title":"RETRACTABLE REEL FOR AIR 17100RET-AR15-BL | Bozza","og_description":"Equipment that allows grease hoses to be rolled up to 15 meters for fixing to walls and bases. The product has automatic retraction, requiring no effort from the operator, preventing premature wear of the hose, in addition to keeping the environment organized. \u00a0Ideal for small maintenance shops, tire maintenance shops, small fast lubes, car dealerships, light-\/medium-duty truck dealers, fleet maintenance, public works garages, construction vehicle maintenance, and light-utility service trucks.  \u00a0Comes with cleaning nozzle (BL-2).","og_url":"https:\/\/bozza.com\/en\/produto\/17100ret-ar15\/","og_site_name":"Bozza","article_publisher":"https:\/\/www.facebook.com\/bozza.oficial\/","article_modified_time":"2026-04-06T19:02:56+00:00","og_image":[{"width":1200,"height":1200,"url":"https:\/\/bozza.com\/wp-content\/uploads\/2018\/09\/17100RETAR15-3.png","type":"image\/png"}],"twitter_card":"summary_large_image","twitter_misc":{"Est. reading time":"1 minute"},"schema":{"@context":"https:\/\/schema.org","@graph":[{"@type":"WebPage","@id":"https:\/\/bozza.com\/en\/produto\/17100ret-ar15\/","url":"https:\/\/bozza.com\/en\/produto\/17100ret-ar15\/","name":"RETRACTABLE REEL FOR AIR 17100RET-AR15-BL | Bozza","isPartOf":{"@id":"https:\/\/bozza.com\/#website"},"primaryImageOfPage":{"@id":"https:\/\/bozza.com\/en\/produto\/17100ret-ar15\/#primaryimage"},"image":{"@id":"https:\/\/bozza.com\/en\/produto\/17100ret-ar15\/#primaryimage"},"thumbnailUrl":"https:\/\/bozza.com\/wp-content\/uploads\/2018\/09\/17100RETAR15-3.png","datePublished":"2018-09-18T20:55:50+00:00","dateModified":"2026-04-06T19:02:56+00:00","breadcrumb":{"@id":"https:\/\/bozza.com\/en\/produto\/17100ret-ar15\/#breadcrumb"},"inLanguage":"en-US","potentialAction":[{"@type":"ReadAction","target":["https:\/\/bozza.com\/en\/produto\/17100ret-ar15\/"]}]},{"@type":"ImageObject","inLanguage":"en-US","@id":"https:\/\/bozza.com\/en\/produto\/17100ret-ar15\/#primaryimage","url":"https:\/\/bozza.com\/wp-content\/uploads\/2018\/09\/17100RETAR15-3.png","contentUrl":"https:\/\/bozza.com\/wp-content\/uploads\/2018\/09\/17100RETAR15-3.png","width":1200,"height":1200},{"@type":"BreadcrumbList","@id":"https:\/\/bozza.com\/en\/produto\/17100ret-ar15\/#breadcrumb","itemListElement":[{"@type":"ListItem","position":1,"name":"In\u00edcio","item":"https:\/\/bozza.com\/"},{"@type":"ListItem","position":2,"name":"Produtos","item":"https:\/\/bozza.com\/?page_id=70036"},{"@type":"ListItem","position":3,"name":"RETRACTABLE REEL FOR AIR 17100RET-AR15-BL"}]},{"@type":"WebSite","@id":"https:\/\/bozza.com\/#website","url":"https:\/\/bozza.com\/","name":"Bozza","description":"Solu\u00e7\u00f5es em Lubrifica\u00e7\u00e3o","publisher":{"@id":"https:\/\/bozza.com\/#organization"},"potentialAction":[{"@type":"SearchAction","target":{"@type":"EntryPoint","urlTemplate":"https:\/\/bozza.com\/?s={search_term_string}"},"query-input":{"@type":"PropertyValueSpecification","valueRequired":true,"valueName":"search_term_string"}}],"inLanguage":"en-US"},{"@type":"Organization","@id":"https:\/\/bozza.com\/#organization","name":"Bozza","url":"https:\/\/bozza.com\/","logo":{"@type":"ImageObject","inLanguage":"en-US","@id":"https:\/\/bozza.com\/#\/schema\/logo\/image\/","url":"","contentUrl":"","caption":"Bozza"},"image":{"@id":"https:\/\/bozza.com\/#\/schema\/logo\/image\/"},"sameAs":["https:\/\/www.facebook.com\/bozza.oficial\/","https:\/\/www.instagram.com\/bozzaoficial\/","https:\/\/www.linkedin.com\/company\/bozza\/","https:\/\/www.youtube.com\/channel\/UCQRiHYNpM4VQWF9YxVgSTsw?view_as=subscriber"]}]}},"_links":{"self":[{"href":"https:\/\/bozza.com\/en\/wp-json\/wp\/v2\/product\/63905","targetHints":{"allow":["GET"]}}],"collection":[{"href":"https:\/\/bozza.com\/en\/wp-json\/wp\/v2\/product"}],"about":[{"href":"https:\/\/bozza.com\/en\/wp-json\/wp\/v2\/types\/product"}],"wp:featuredmedia":[{"embeddable":true,"href":"https:\/\/bozza.com\/en\/wp-json\/wp\/v2\/media\/56846"}],"wp:attachment":[{"href":"https:\/\/bozza.com\/en\/wp-json\/wp\/v2\/media?parent=63905"}],"wp:term":[{"taxonomy":"product_brand","embeddable":true,"href":"https:\/\/bozza.com\/en\/wp-json\/wp\/v2\/product_brand?post=63905"},{"taxonomy":"product_cat","embeddable":true,"href":"https:\/\/bozza.com\/en\/wp-json\/wp\/v2\/product_cat?post=63905"},{"taxonomy":"product_tag","embeddable":true,"href":"https:\/\/bozza.com\/en\/wp-json\/wp\/v2\/product_tag?post=63905"}],"curies":[{"name":"wp","href":"https:\/\/api.w.org\/{rel}","templated":true}]}}