{"id":63907,"date":"2018-09-18T17:39:31","date_gmt":"2018-09-18T20:39:31","guid":{"rendered":"https:\/\/www.bozza.com\/produto\/7802\/"},"modified":"2026-04-06T16:09:21","modified_gmt":"2026-04-06T19:09:21","slug":"7802","status":"publish","type":"product","link":"https:\/\/bozza.com\/en\/produto\/7802\/","title":{"rendered":"MANUAL PUMP FOR FLUID TRANSFER 7802-G2 50-209 L"},"content":{"rendered":"<ul>\n<li><span style=\"font-weight: 400;\">50 to 209 L Reservoir (Not included)<\/span><\/li>\n<li><span style=\"font-weight: 400;\">Free flow 0, 300 L\/Cycle<\/span><\/li>\n<li><span style=\"font-weight: 400;\">Other fluids and solutions upon request.<\/span><\/li>\n<\/ul>\n","protected":false},"excerpt":{"rendered":"<p><span style=\"font-weight: 400;\">Rotary manual pump for fluid transfer, adaptable to 50-209 L reservoirs. Recommended <\/span><span style=\"font-weight: 400;\">for customers who need to transfer Diesel, Kerosene, AdBlue, Oils and chemical <\/span><span style=\"font-weight: 400;\">fluids, such as alkaline and acid solutions* (0.1% &#8211; 5.0%).<\/span><\/p>\n","protected":false},"featured_media":1586,"template":"","meta":{"_acf_changed":false},"product_brand":[],"product_cat":[463,1008,460],"product_tag":[513,264,1032],"class_list":{"0":"post-63907","1":"product","2":"type-product","3":"status-publish","4":"has-post-thumbnail","6":"product_cat-all-products","7":"product_cat-for-oil","8":"product_cat-manual-pump","9":"product_tag-manual-en","10":"product_tag-oleo-en","11":"product_tag-oleo-en-2","13":"first","14":"instock","15":"shipping-taxable","16":"product-type-simple"},"acf":[],"yoast_head":"<!-- This site is optimized with the Yoast SEO plugin v26.9 - https:\/\/yoast.com\/product\/yoast-seo-wordpress\/ -->\n<title>MANUAL PUMP FOR FLUID TRANSFER 7802-G2 50-209 L | Bozza<\/title>\n<meta name=\"robots\" content=\"index, follow, max-snippet:-1, max-image-preview:large, max-video-preview:-1\" \/>\n<link rel=\"canonical\" href=\"https:\/\/bozza.com\/produto\/bomba-manual-para-transferencia-de-fluidos-7802-g2\/\" \/>\n<meta property=\"og:locale\" content=\"en_US\" \/>\n<meta property=\"og:type\" content=\"article\" \/>\n<meta property=\"og:title\" content=\"MANUAL PUMP FOR FLUID TRANSFER 7802-G2 50-209 L | Bozza\" \/>\n<meta property=\"og:description\" content=\"Rotary manual pump for fluid transfer, adaptable to 50-209 L reservoirs. Recommended for customers who need to transfer Diesel, Kerosene, AdBlue, Oils and chemical fluids, such as alkaline and acid solutions* (0.1% - 5.0%).\" \/>\n<meta property=\"og:url\" content=\"https:\/\/bozza.com\/produto\/bomba-manual-para-transferencia-de-fluidos-7802-g2\/\" \/>\n<meta property=\"og:site_name\" content=\"Bozza\" \/>\n<meta property=\"article:publisher\" content=\"https:\/\/www.facebook.com\/bozza.oficial\/\" \/>\n<meta property=\"article:modified_time\" content=\"2026-04-06T19:09:21+00:00\" \/>\n<meta property=\"og:image\" content=\"https:\/\/bozza.com\/wp-content\/uploads\/2018\/09\/7802Site.png\" \/>\n\t<meta property=\"og:image:width\" content=\"1200\" \/>\n\t<meta property=\"og:image:height\" content=\"1200\" \/>\n\t<meta property=\"og:image:type\" content=\"image\/png\" \/>\n<meta name=\"twitter:card\" content=\"summary_large_image\" \/>\n<meta name=\"twitter:label1\" content=\"Est. reading time\" \/>\n\t<meta name=\"twitter:data1\" content=\"1 minute\" \/>\n<script type=\"application\/ld+json\" class=\"yoast-schema-graph\">{\"@context\":\"https:\/\/schema.org\",\"@graph\":[{\"@type\":\"WebPage\",\"@id\":\"https:\/\/bozza.com\/produto\/bomba-manual-para-transferencia-de-fluidos-7802-g2\/\",\"url\":\"https:\/\/bozza.com\/produto\/bomba-manual-para-transferencia-de-fluidos-7802-g2\/\",\"name\":\"MANUAL PUMP FOR FLUID TRANSFER 7802-G2 50-209 L | Bozza\",\"isPartOf\":{\"@id\":\"https:\/\/bozza.com\/#website\"},\"primaryImageOfPage\":{\"@id\":\"https:\/\/bozza.com\/produto\/bomba-manual-para-transferencia-de-fluidos-7802-g2\/#primaryimage\"},\"image\":{\"@id\":\"https:\/\/bozza.com\/produto\/bomba-manual-para-transferencia-de-fluidos-7802-g2\/#primaryimage\"},\"thumbnailUrl\":\"https:\/\/bozza.com\/wp-content\/uploads\/2018\/09\/7802Site.png\",\"datePublished\":\"2018-09-18T20:39:31+00:00\",\"dateModified\":\"2026-04-06T19:09:21+00:00\",\"breadcrumb\":{\"@id\":\"https:\/\/bozza.com\/produto\/bomba-manual-para-transferencia-de-fluidos-7802-g2\/#breadcrumb\"},\"inLanguage\":\"en-US\",\"potentialAction\":[{\"@type\":\"ReadAction\",\"target\":[\"https:\/\/bozza.com\/produto\/bomba-manual-para-transferencia-de-fluidos-7802-g2\/\"]}]},{\"@type\":\"ImageObject\",\"inLanguage\":\"en-US\",\"@id\":\"https:\/\/bozza.com\/produto\/bomba-manual-para-transferencia-de-fluidos-7802-g2\/#primaryimage\",\"url\":\"https:\/\/bozza.com\/wp-content\/uploads\/2018\/09\/7802Site.png\",\"contentUrl\":\"https:\/\/bozza.com\/wp-content\/uploads\/2018\/09\/7802Site.png\",\"width\":1200,\"height\":1200},{\"@type\":\"BreadcrumbList\",\"@id\":\"https:\/\/bozza.com\/produto\/bomba-manual-para-transferencia-de-fluidos-7802-g2\/#breadcrumb\",\"itemListElement\":[{\"@type\":\"ListItem\",\"position\":1,\"name\":\"In\u00edcio\",\"item\":\"https:\/\/bozza.com\/\"},{\"@type\":\"ListItem\",\"position\":2,\"name\":\"Produtos\",\"item\":\"https:\/\/bozza.com\/?page_id=70036\"},{\"@type\":\"ListItem\",\"position\":3,\"name\":\"MANUAL PUMP FOR FLUID TRANSFER 7802-G2 50-209 L\"}]},{\"@type\":\"WebSite\",\"@id\":\"https:\/\/bozza.com\/#website\",\"url\":\"https:\/\/bozza.com\/\",\"name\":\"Bozza\",\"description\":\"Solu\u00e7\u00f5es em Lubrifica\u00e7\u00e3o\",\"publisher\":{\"@id\":\"https:\/\/bozza.com\/#organization\"},\"potentialAction\":[{\"@type\":\"SearchAction\",\"target\":{\"@type\":\"EntryPoint\",\"urlTemplate\":\"https:\/\/bozza.com\/?s={search_term_string}\"},\"query-input\":{\"@type\":\"PropertyValueSpecification\",\"valueRequired\":true,\"valueName\":\"search_term_string\"}}],\"inLanguage\":\"en-US\"},{\"@type\":\"Organization\",\"@id\":\"https:\/\/bozza.com\/#organization\",\"name\":\"Bozza\",\"url\":\"https:\/\/bozza.com\/\",\"logo\":{\"@type\":\"ImageObject\",\"inLanguage\":\"en-US\",\"@id\":\"https:\/\/bozza.com\/#\/schema\/logo\/image\/\",\"url\":\"\",\"contentUrl\":\"\",\"caption\":\"Bozza\"},\"image\":{\"@id\":\"https:\/\/bozza.com\/#\/schema\/logo\/image\/\"},\"sameAs\":[\"https:\/\/www.facebook.com\/bozza.oficial\/\",\"https:\/\/www.instagram.com\/bozzaoficial\/\",\"https:\/\/www.linkedin.com\/company\/bozza\/\",\"https:\/\/www.youtube.com\/channel\/UCQRiHYNpM4VQWF9YxVgSTsw?view_as=subscriber\"]}]}<\/script>\n<!-- \/ Yoast SEO plugin. -->","yoast_head_json":{"title":"MANUAL PUMP FOR FLUID TRANSFER 7802-G2 50-209 L | Bozza","robots":{"index":"index","follow":"follow","max-snippet":"max-snippet:-1","max-image-preview":"max-image-preview:large","max-video-preview":"max-video-preview:-1"},"canonical":"https:\/\/bozza.com\/produto\/bomba-manual-para-transferencia-de-fluidos-7802-g2\/","og_locale":"en_US","og_type":"article","og_title":"MANUAL PUMP FOR FLUID TRANSFER 7802-G2 50-209 L | Bozza","og_description":"Rotary manual pump for fluid transfer, adaptable to 50-209 L reservoirs. Recommended for customers who need to transfer Diesel, Kerosene, AdBlue, Oils and chemical fluids, such as alkaline and acid solutions* (0.1% - 5.0%).","og_url":"https:\/\/bozza.com\/produto\/bomba-manual-para-transferencia-de-fluidos-7802-g2\/","og_site_name":"Bozza","article_publisher":"https:\/\/www.facebook.com\/bozza.oficial\/","article_modified_time":"2026-04-06T19:09:21+00:00","og_image":[{"width":1200,"height":1200,"url":"https:\/\/bozza.com\/wp-content\/uploads\/2018\/09\/7802Site.png","type":"image\/png"}],"twitter_card":"summary_large_image","twitter_misc":{"Est. reading time":"1 minute"},"schema":{"@context":"https:\/\/schema.org","@graph":[{"@type":"WebPage","@id":"https:\/\/bozza.com\/produto\/bomba-manual-para-transferencia-de-fluidos-7802-g2\/","url":"https:\/\/bozza.com\/produto\/bomba-manual-para-transferencia-de-fluidos-7802-g2\/","name":"MANUAL PUMP FOR FLUID TRANSFER 7802-G2 50-209 L | Bozza","isPartOf":{"@id":"https:\/\/bozza.com\/#website"},"primaryImageOfPage":{"@id":"https:\/\/bozza.com\/produto\/bomba-manual-para-transferencia-de-fluidos-7802-g2\/#primaryimage"},"image":{"@id":"https:\/\/bozza.com\/produto\/bomba-manual-para-transferencia-de-fluidos-7802-g2\/#primaryimage"},"thumbnailUrl":"https:\/\/bozza.com\/wp-content\/uploads\/2018\/09\/7802Site.png","datePublished":"2018-09-18T20:39:31+00:00","dateModified":"2026-04-06T19:09:21+00:00","breadcrumb":{"@id":"https:\/\/bozza.com\/produto\/bomba-manual-para-transferencia-de-fluidos-7802-g2\/#breadcrumb"},"inLanguage":"en-US","potentialAction":[{"@type":"ReadAction","target":["https:\/\/bozza.com\/produto\/bomba-manual-para-transferencia-de-fluidos-7802-g2\/"]}]},{"@type":"ImageObject","inLanguage":"en-US","@id":"https:\/\/bozza.com\/produto\/bomba-manual-para-transferencia-de-fluidos-7802-g2\/#primaryimage","url":"https:\/\/bozza.com\/wp-content\/uploads\/2018\/09\/7802Site.png","contentUrl":"https:\/\/bozza.com\/wp-content\/uploads\/2018\/09\/7802Site.png","width":1200,"height":1200},{"@type":"BreadcrumbList","@id":"https:\/\/bozza.com\/produto\/bomba-manual-para-transferencia-de-fluidos-7802-g2\/#breadcrumb","itemListElement":[{"@type":"ListItem","position":1,"name":"In\u00edcio","item":"https:\/\/bozza.com\/"},{"@type":"ListItem","position":2,"name":"Produtos","item":"https:\/\/bozza.com\/?page_id=70036"},{"@type":"ListItem","position":3,"name":"MANUAL PUMP FOR FLUID TRANSFER 7802-G2 50-209 L"}]},{"@type":"WebSite","@id":"https:\/\/bozza.com\/#website","url":"https:\/\/bozza.com\/","name":"Bozza","description":"Solu\u00e7\u00f5es em Lubrifica\u00e7\u00e3o","publisher":{"@id":"https:\/\/bozza.com\/#organization"},"potentialAction":[{"@type":"SearchAction","target":{"@type":"EntryPoint","urlTemplate":"https:\/\/bozza.com\/?s={search_term_string}"},"query-input":{"@type":"PropertyValueSpecification","valueRequired":true,"valueName":"search_term_string"}}],"inLanguage":"en-US"},{"@type":"Organization","@id":"https:\/\/bozza.com\/#organization","name":"Bozza","url":"https:\/\/bozza.com\/","logo":{"@type":"ImageObject","inLanguage":"en-US","@id":"https:\/\/bozza.com\/#\/schema\/logo\/image\/","url":"","contentUrl":"","caption":"Bozza"},"image":{"@id":"https:\/\/bozza.com\/#\/schema\/logo\/image\/"},"sameAs":["https:\/\/www.facebook.com\/bozza.oficial\/","https:\/\/www.instagram.com\/bozzaoficial\/","https:\/\/www.linkedin.com\/company\/bozza\/","https:\/\/www.youtube.com\/channel\/UCQRiHYNpM4VQWF9YxVgSTsw?view_as=subscriber"]}]}},"_links":{"self":[{"href":"https:\/\/bozza.com\/en\/wp-json\/wp\/v2\/product\/63907","targetHints":{"allow":["GET"]}}],"collection":[{"href":"https:\/\/bozza.com\/en\/wp-json\/wp\/v2\/product"}],"about":[{"href":"https:\/\/bozza.com\/en\/wp-json\/wp\/v2\/types\/product"}],"wp:featuredmedia":[{"embeddable":true,"href":"https:\/\/bozza.com\/en\/wp-json\/wp\/v2\/media\/1586"}],"wp:attachment":[{"href":"https:\/\/bozza.com\/en\/wp-json\/wp\/v2\/media?parent=63907"}],"wp:term":[{"taxonomy":"product_brand","embeddable":true,"href":"https:\/\/bozza.com\/en\/wp-json\/wp\/v2\/product_brand?post=63907"},{"taxonomy":"product_cat","embeddable":true,"href":"https:\/\/bozza.com\/en\/wp-json\/wp\/v2\/product_cat?post=63907"},{"taxonomy":"product_tag","embeddable":true,"href":"https:\/\/bozza.com\/en\/wp-json\/wp\/v2\/product_tag?post=63907"}],"curies":[{"name":"wp","href":"https:\/\/api.w.org\/{rel}","templated":true}]}}