{"id":63916,"date":"2023-07-04T15:57:13","date_gmt":"2023-07-04T18:57:13","guid":{"rendered":"https:\/\/www.bozza.com\/produto\/carrinho-coletor-de-oleo-6026-70l\/"},"modified":"2026-03-19T15:24:23","modified_gmt":"2026-03-19T18:24:23","slug":"carrinho-coletor-de-oleo-6026-70l","status":"publish","type":"product","link":"https:\/\/bozza.com\/en\/produto\/carrinho-coletor-de-oleo-6026-70l\/","title":{"rendered":"OIL DRAIN TRUCK 6026 \u2013 70 L"},"content":{"rendered":"<ul>\n<li><span style=\"font-weight: 400;\">70 L Reservoir;<\/span><\/li>\n<li><span style=\"font-weight: 400;\">Max. opening 1350 mm;<\/span><\/li>\n<li><span style=\"font-weight: 400;\">Rod adjustment:<\/span> <span style=\"font-weight: 400;\">up to 295 mm<\/span><\/li>\n<li><span style=\"font-weight: 400;\">4 caster wheels<\/span><\/li>\n<li><span style=\"font-weight: 400;\">Greater flexibility to operate the equipment;<\/span><\/li>\n<li><span style=\"font-weight: 400;\">Drain valve.<\/span><\/li>\n<li><span style=\"font-weight: 400;\">Steel material, strong trim;<\/span><\/li>\n<li><span style=\"font-weight: 400;\">Electrostatic Paint;<\/span><\/li>\n<li><span style=\"font-weight: 400;\">Weight: 30 kg<\/span><\/li>\n<li><span style=\"font-weight: 400;\">L= 760 mm x W= 770 mm x H= 200 mm<\/span><\/li>\n<\/ul>\n","protected":false},"excerpt":{"rendered":"<p><span style=\"font-weight: 400;\">Mobile equipment with up to 70 L capacity, making it easier to evacuate oil in ditches, as well as store\u00a0<\/span><span style=\"font-weight: 400;\">oil from light and heavy vehicles temporarily.<\/span><span style=\"font-weight: 400;\">\u00a0<\/span><\/p>\n<p><span style=\"font-weight: 400;\">The product\u2019s 200 mm height allows to serve a wide range of vehicles.<\/span><\/p>\n","protected":false},"featured_media":59237,"template":"","meta":{"_acf_changed":false},"product_brand":[],"product_cat":[463,246,1008,461],"product_tag":[486,515,264,1032,516],"class_list":{"0":"post-63916","1":"product","2":"type-product","3":"status-publish","4":"has-post-thumbnail","6":"product_cat-all-products","7":"product_cat-equipamentos-para-postos-de-servicos-en","8":"product_cat-for-oil","9":"product_cat-releases","10":"product_tag-coletor-en","11":"product_tag-movel-en","12":"product_tag-oleo-en","13":"product_tag-oleo-en-2","14":"product_tag-usado-en","16":"first","17":"instock","18":"shipping-taxable","19":"product-type-simple"},"acf":[],"yoast_head":"<!-- This site is optimized with the Yoast SEO plugin v26.9 - https:\/\/yoast.com\/product\/yoast-seo-wordpress\/ -->\n<title>OIL DRAIN TRUCK 6026 \u2013 70 L | Bozza<\/title>\n<meta name=\"description\" content=\"Carrinho Coletor de \u00d3leo 6023. Coleta de \u00f3leo lubrificante usado em ve\u00edculos pesados como, concession\u00e1rias de tratores, caminho\u0303es e transportes em geral.\" \/>\n<meta name=\"robots\" content=\"index, follow, max-snippet:-1, max-image-preview:large, max-video-preview:-1\" \/>\n<link rel=\"canonical\" href=\"https:\/\/bozza.com\/en\/produto\/carrinho-coletor-de-oleo-6026-70l\/\" \/>\n<meta property=\"og:locale\" content=\"en_US\" \/>\n<meta property=\"og:type\" content=\"article\" \/>\n<meta property=\"og:title\" content=\"OIL DRAIN TRUCK 6026 \u2013 70 L | Bozza\" \/>\n<meta property=\"og:description\" content=\"Carrinho Coletor de \u00d3leo 6023. Coleta de \u00f3leo lubrificante usado em ve\u00edculos pesados como, concession\u00e1rias de tratores, caminho\u0303es e transportes em geral.\" \/>\n<meta property=\"og:url\" content=\"https:\/\/bozza.com\/en\/produto\/carrinho-coletor-de-oleo-6026-70l\/\" \/>\n<meta property=\"og:site_name\" content=\"Bozza\" \/>\n<meta property=\"article:publisher\" content=\"https:\/\/www.facebook.com\/bozza.oficial\/\" \/>\n<meta property=\"article:modified_time\" content=\"2026-03-19T18:24:23+00:00\" \/>\n<meta property=\"og:image\" content=\"https:\/\/bozza.com\/wp-content\/uploads\/2023\/07\/01.421.0700_6026_CARRINHO-COLETOR-OLEO-DRAGON-L_02-scaled.jpg\" \/>\n\t<meta property=\"og:image:width\" content=\"2560\" \/>\n\t<meta property=\"og:image:height\" content=\"2560\" \/>\n\t<meta property=\"og:image:type\" content=\"image\/jpeg\" \/>\n<meta name=\"twitter:card\" content=\"summary_large_image\" \/>\n<meta name=\"twitter:label1\" content=\"Est. reading time\" \/>\n\t<meta name=\"twitter:data1\" content=\"1 minute\" \/>\n<script type=\"application\/ld+json\" class=\"yoast-schema-graph\">{\"@context\":\"https:\/\/schema.org\",\"@graph\":[{\"@type\":\"WebPage\",\"@id\":\"https:\/\/bozza.com\/en\/produto\/carrinho-coletor-de-oleo-6026-70l\/\",\"url\":\"https:\/\/bozza.com\/en\/produto\/carrinho-coletor-de-oleo-6026-70l\/\",\"name\":\"OIL DRAIN TRUCK 6026 \u2013 70 L | Bozza\",\"isPartOf\":{\"@id\":\"https:\/\/bozza.com\/#website\"},\"primaryImageOfPage\":{\"@id\":\"https:\/\/bozza.com\/en\/produto\/carrinho-coletor-de-oleo-6026-70l\/#primaryimage\"},\"image\":{\"@id\":\"https:\/\/bozza.com\/en\/produto\/carrinho-coletor-de-oleo-6026-70l\/#primaryimage\"},\"thumbnailUrl\":\"https:\/\/bozza.com\/wp-content\/uploads\/2023\/07\/01.421.0700_6026_CARRINHO-COLETOR-OLEO-DRAGON-L_02-scaled.jpg\",\"datePublished\":\"2023-07-04T18:57:13+00:00\",\"dateModified\":\"2026-03-19T18:24:23+00:00\",\"description\":\"Carrinho Coletor de \u00d3leo 6023. Coleta de \u00f3leo lubrificante usado em ve\u00edculos pesados como, concession\u00e1rias de tratores, caminho\u0303es e transportes em geral.\",\"breadcrumb\":{\"@id\":\"https:\/\/bozza.com\/en\/produto\/carrinho-coletor-de-oleo-6026-70l\/#breadcrumb\"},\"inLanguage\":\"en-US\",\"potentialAction\":[{\"@type\":\"ReadAction\",\"target\":[\"https:\/\/bozza.com\/en\/produto\/carrinho-coletor-de-oleo-6026-70l\/\"]}]},{\"@type\":\"ImageObject\",\"inLanguage\":\"en-US\",\"@id\":\"https:\/\/bozza.com\/en\/produto\/carrinho-coletor-de-oleo-6026-70l\/#primaryimage\",\"url\":\"https:\/\/bozza.com\/wp-content\/uploads\/2023\/07\/01.421.0700_6026_CARRINHO-COLETOR-OLEO-DRAGON-L_02-scaled.jpg\",\"contentUrl\":\"https:\/\/bozza.com\/wp-content\/uploads\/2023\/07\/01.421.0700_6026_CARRINHO-COLETOR-OLEO-DRAGON-L_02-scaled.jpg\",\"width\":2560,\"height\":2560},{\"@type\":\"BreadcrumbList\",\"@id\":\"https:\/\/bozza.com\/en\/produto\/carrinho-coletor-de-oleo-6026-70l\/#breadcrumb\",\"itemListElement\":[{\"@type\":\"ListItem\",\"position\":1,\"name\":\"In\u00edcio\",\"item\":\"https:\/\/bozza.com\/\"},{\"@type\":\"ListItem\",\"position\":2,\"name\":\"Produtos\",\"item\":\"https:\/\/bozza.com\/?page_id=70036\"},{\"@type\":\"ListItem\",\"position\":3,\"name\":\"OIL DRAIN TRUCK 6026 \u2013 70 L\"}]},{\"@type\":\"WebSite\",\"@id\":\"https:\/\/bozza.com\/#website\",\"url\":\"https:\/\/bozza.com\/\",\"name\":\"Bozza\",\"description\":\"Solu\u00e7\u00f5es em Lubrifica\u00e7\u00e3o\",\"publisher\":{\"@id\":\"https:\/\/bozza.com\/#organization\"},\"potentialAction\":[{\"@type\":\"SearchAction\",\"target\":{\"@type\":\"EntryPoint\",\"urlTemplate\":\"https:\/\/bozza.com\/?s={search_term_string}\"},\"query-input\":{\"@type\":\"PropertyValueSpecification\",\"valueRequired\":true,\"valueName\":\"search_term_string\"}}],\"inLanguage\":\"en-US\"},{\"@type\":\"Organization\",\"@id\":\"https:\/\/bozza.com\/#organization\",\"name\":\"Bozza\",\"url\":\"https:\/\/bozza.com\/\",\"logo\":{\"@type\":\"ImageObject\",\"inLanguage\":\"en-US\",\"@id\":\"https:\/\/bozza.com\/#\/schema\/logo\/image\/\",\"url\":\"\",\"contentUrl\":\"\",\"caption\":\"Bozza\"},\"image\":{\"@id\":\"https:\/\/bozza.com\/#\/schema\/logo\/image\/\"},\"sameAs\":[\"https:\/\/www.facebook.com\/bozza.oficial\/\",\"https:\/\/www.instagram.com\/bozzaoficial\/\",\"https:\/\/www.linkedin.com\/company\/bozza\/\",\"https:\/\/www.youtube.com\/channel\/UCQRiHYNpM4VQWF9YxVgSTsw?view_as=subscriber\"]}]}<\/script>\n<!-- \/ Yoast SEO plugin. -->","yoast_head_json":{"title":"OIL DRAIN TRUCK 6026 \u2013 70 L | Bozza","description":"Carrinho Coletor de \u00d3leo 6023. Coleta de \u00f3leo lubrificante usado em ve\u00edculos pesados como, concession\u00e1rias de tratores, caminho\u0303es e transportes em geral.","robots":{"index":"index","follow":"follow","max-snippet":"max-snippet:-1","max-image-preview":"max-image-preview:large","max-video-preview":"max-video-preview:-1"},"canonical":"https:\/\/bozza.com\/en\/produto\/carrinho-coletor-de-oleo-6026-70l\/","og_locale":"en_US","og_type":"article","og_title":"OIL DRAIN TRUCK 6026 \u2013 70 L | Bozza","og_description":"Carrinho Coletor de \u00d3leo 6023. Coleta de \u00f3leo lubrificante usado em ve\u00edculos pesados como, concession\u00e1rias de tratores, caminho\u0303es e transportes em geral.","og_url":"https:\/\/bozza.com\/en\/produto\/carrinho-coletor-de-oleo-6026-70l\/","og_site_name":"Bozza","article_publisher":"https:\/\/www.facebook.com\/bozza.oficial\/","article_modified_time":"2026-03-19T18:24:23+00:00","og_image":[{"width":2560,"height":2560,"url":"https:\/\/bozza.com\/wp-content\/uploads\/2023\/07\/01.421.0700_6026_CARRINHO-COLETOR-OLEO-DRAGON-L_02-scaled.jpg","type":"image\/jpeg"}],"twitter_card":"summary_large_image","twitter_misc":{"Est. reading time":"1 minute"},"schema":{"@context":"https:\/\/schema.org","@graph":[{"@type":"WebPage","@id":"https:\/\/bozza.com\/en\/produto\/carrinho-coletor-de-oleo-6026-70l\/","url":"https:\/\/bozza.com\/en\/produto\/carrinho-coletor-de-oleo-6026-70l\/","name":"OIL DRAIN TRUCK 6026 \u2013 70 L | Bozza","isPartOf":{"@id":"https:\/\/bozza.com\/#website"},"primaryImageOfPage":{"@id":"https:\/\/bozza.com\/en\/produto\/carrinho-coletor-de-oleo-6026-70l\/#primaryimage"},"image":{"@id":"https:\/\/bozza.com\/en\/produto\/carrinho-coletor-de-oleo-6026-70l\/#primaryimage"},"thumbnailUrl":"https:\/\/bozza.com\/wp-content\/uploads\/2023\/07\/01.421.0700_6026_CARRINHO-COLETOR-OLEO-DRAGON-L_02-scaled.jpg","datePublished":"2023-07-04T18:57:13+00:00","dateModified":"2026-03-19T18:24:23+00:00","description":"Carrinho Coletor de \u00d3leo 6023. Coleta de \u00f3leo lubrificante usado em ve\u00edculos pesados como, concession\u00e1rias de tratores, caminho\u0303es e transportes em geral.","breadcrumb":{"@id":"https:\/\/bozza.com\/en\/produto\/carrinho-coletor-de-oleo-6026-70l\/#breadcrumb"},"inLanguage":"en-US","potentialAction":[{"@type":"ReadAction","target":["https:\/\/bozza.com\/en\/produto\/carrinho-coletor-de-oleo-6026-70l\/"]}]},{"@type":"ImageObject","inLanguage":"en-US","@id":"https:\/\/bozza.com\/en\/produto\/carrinho-coletor-de-oleo-6026-70l\/#primaryimage","url":"https:\/\/bozza.com\/wp-content\/uploads\/2023\/07\/01.421.0700_6026_CARRINHO-COLETOR-OLEO-DRAGON-L_02-scaled.jpg","contentUrl":"https:\/\/bozza.com\/wp-content\/uploads\/2023\/07\/01.421.0700_6026_CARRINHO-COLETOR-OLEO-DRAGON-L_02-scaled.jpg","width":2560,"height":2560},{"@type":"BreadcrumbList","@id":"https:\/\/bozza.com\/en\/produto\/carrinho-coletor-de-oleo-6026-70l\/#breadcrumb","itemListElement":[{"@type":"ListItem","position":1,"name":"In\u00edcio","item":"https:\/\/bozza.com\/"},{"@type":"ListItem","position":2,"name":"Produtos","item":"https:\/\/bozza.com\/?page_id=70036"},{"@type":"ListItem","position":3,"name":"OIL DRAIN TRUCK 6026 \u2013 70 L"}]},{"@type":"WebSite","@id":"https:\/\/bozza.com\/#website","url":"https:\/\/bozza.com\/","name":"Bozza","description":"Solu\u00e7\u00f5es em Lubrifica\u00e7\u00e3o","publisher":{"@id":"https:\/\/bozza.com\/#organization"},"potentialAction":[{"@type":"SearchAction","target":{"@type":"EntryPoint","urlTemplate":"https:\/\/bozza.com\/?s={search_term_string}"},"query-input":{"@type":"PropertyValueSpecification","valueRequired":true,"valueName":"search_term_string"}}],"inLanguage":"en-US"},{"@type":"Organization","@id":"https:\/\/bozza.com\/#organization","name":"Bozza","url":"https:\/\/bozza.com\/","logo":{"@type":"ImageObject","inLanguage":"en-US","@id":"https:\/\/bozza.com\/#\/schema\/logo\/image\/","url":"","contentUrl":"","caption":"Bozza"},"image":{"@id":"https:\/\/bozza.com\/#\/schema\/logo\/image\/"},"sameAs":["https:\/\/www.facebook.com\/bozza.oficial\/","https:\/\/www.instagram.com\/bozzaoficial\/","https:\/\/www.linkedin.com\/company\/bozza\/","https:\/\/www.youtube.com\/channel\/UCQRiHYNpM4VQWF9YxVgSTsw?view_as=subscriber"]}]}},"_links":{"self":[{"href":"https:\/\/bozza.com\/en\/wp-json\/wp\/v2\/product\/63916","targetHints":{"allow":["GET"]}}],"collection":[{"href":"https:\/\/bozza.com\/en\/wp-json\/wp\/v2\/product"}],"about":[{"href":"https:\/\/bozza.com\/en\/wp-json\/wp\/v2\/types\/product"}],"wp:featuredmedia":[{"embeddable":true,"href":"https:\/\/bozza.com\/en\/wp-json\/wp\/v2\/media\/59237"}],"wp:attachment":[{"href":"https:\/\/bozza.com\/en\/wp-json\/wp\/v2\/media?parent=63916"}],"wp:term":[{"taxonomy":"product_brand","embeddable":true,"href":"https:\/\/bozza.com\/en\/wp-json\/wp\/v2\/product_brand?post=63916"},{"taxonomy":"product_cat","embeddable":true,"href":"https:\/\/bozza.com\/en\/wp-json\/wp\/v2\/product_cat?post=63916"},{"taxonomy":"product_tag","embeddable":true,"href":"https:\/\/bozza.com\/en\/wp-json\/wp\/v2\/product_tag?post=63916"}],"curies":[{"name":"wp","href":"https:\/\/api.w.org\/{rel}","templated":true}]}}