{"id":63920,"date":"2023-06-13T12:39:03","date_gmt":"2023-06-13T15:39:03","guid":{"rendered":"https:\/\/www.bozza.com\/produto\/carretel-retratil-para-diesel-17100ret-d15-sv-34\/"},"modified":"2026-03-19T15:24:46","modified_gmt":"2026-03-19T18:24:46","slug":"carretel-retratil-para-diesel-17100ret-d15-sv-34-ac","status":"publish","type":"product","link":"https:\/\/bozza.com\/en\/produto\/carretel-retratil-para-diesel-17100ret-d15-sv-34-ac\/","title":{"rendered":"RETRACTABLE REEL FOR DIESEL17100RET D15-SV 3\/4\u2033-AC"},"content":{"rendered":"<ul>\n<li><span style=\"font-weight: 400;\">Working pressure 290 PSI \/ 20.0 BAR;<\/span><\/li>\n<li><span style=\"font-weight: 400;\">\u00be inch BSP Female Inlet;<\/span><\/li>\n<li><span style=\"font-weight: 400;\">\u00be inch BSP Male Outlet;<\/span><\/li>\n<li><span style=\"font-weight: 400;\">ADDITIONAL INFORMATION<\/span><\/li>\n<li><span style=\"font-weight: 400;\">WEIGHT 35.15 kg<\/span><\/li>\n<li><span style=\"font-weight: 400;\">DIMENSIONS 55 \u00d7 47 \u00d7 53 cm<\/span><\/li>\n<\/ul>\n","protected":false},"excerpt":{"rendered":"<p><span style=\"font-weight: 400;\">Retractable diesel reel, this equipment allows hoses to be rolled up\u00a0<\/span><span style=\"font-weight: 400;\">for fixing to walls and bases.<\/span> <span style=\"font-weight: 400;\">The product has automatic retraction, requiring<\/span><\/p>\n<p><span style=\"font-weight: 400;\">no effort from the operator, preventing premature wear of the hose, in addition to keeping the <\/span><span style=\"font-weight: 400;\">environment organized. <\/span><span style=\"font-weight: 400;\">Ideal for small maintenance shops, tire maintenance shops, small fast lubes, car dealerships, light-\/medium-duty truck dealers, fleet maintenance, public works garages, construction vehicle maintenance, and light-utility service trucks<\/span><\/p>\n","protected":false},"featured_media":55722,"template":"","meta":{"_acf_changed":false},"product_brand":[],"product_cat":[463,1004,468],"product_tag":[517,295,518,256,519],"class_list":{"0":"post-63920","1":"product","2":"type-product","3":"status-publish","4":"has-post-thumbnail","6":"product_cat-all-products","7":"product_cat-for-diesel","8":"product_cat-hose-reels-and-hoses","9":"product_tag-agropecuaria-en","10":"product_tag-agropecuaria","11":"product_tag-automotivo-en","12":"product_tag-diesel-en","13":"product_tag-industrial-en","15":"first","16":"instock","17":"shipping-taxable","18":"product-type-simple"},"acf":[],"yoast_head":"<!-- This site is optimized with the Yoast SEO plugin v26.9 - https:\/\/yoast.com\/product\/yoast-seo-wordpress\/ -->\n<title>RETRACTABLE REEL FOR DIESEL17100RET D15-SV 3\/4\u2033-AC | Bozza<\/title>\n<meta name=\"description\" content=\"Carret\u00e9l Retr\u00e1til para diesel | Mangueira de 1&quot; | Ideal para abastecimento de frotas | Abastecimento de Caminh\u00f5es | Clique saiba mais!\" \/>\n<meta name=\"robots\" content=\"index, follow, max-snippet:-1, max-image-preview:large, max-video-preview:-1\" \/>\n<link rel=\"canonical\" href=\"https:\/\/bozza.com\/en\/produto\/carretel-retratil-para-diesel-17100ret-d15-sv-34-ac\/\" \/>\n<meta property=\"og:locale\" content=\"en_US\" \/>\n<meta property=\"og:type\" content=\"article\" \/>\n<meta property=\"og:title\" content=\"RETRACTABLE REEL FOR DIESEL17100RET D15-SV 3\/4\u2033-AC | Bozza\" \/>\n<meta property=\"og:description\" content=\"Carret\u00e9l Retr\u00e1til para diesel | Mangueira de 1&quot; | Ideal para abastecimento de frotas | Abastecimento de Caminh\u00f5es | Clique saiba mais!\" \/>\n<meta property=\"og:url\" content=\"https:\/\/bozza.com\/en\/produto\/carretel-retratil-para-diesel-17100ret-d15-sv-34-ac\/\" \/>\n<meta property=\"og:site_name\" content=\"Bozza\" \/>\n<meta property=\"article:publisher\" content=\"https:\/\/www.facebook.com\/bozza.oficial\/\" \/>\n<meta property=\"article:modified_time\" content=\"2026-03-19T18:24:46+00:00\" \/>\n<meta property=\"og:image\" content=\"https:\/\/bozza.com\/wp-content\/uploads\/2022\/09\/carretel-20mts.jpg\" \/>\n\t<meta property=\"og:image:width\" content=\"1080\" \/>\n\t<meta property=\"og:image:height\" content=\"1080\" \/>\n\t<meta property=\"og:image:type\" content=\"image\/jpeg\" \/>\n<meta name=\"twitter:card\" content=\"summary_large_image\" \/>\n<meta name=\"twitter:label1\" content=\"Est. reading time\" \/>\n\t<meta name=\"twitter:data1\" content=\"1 minute\" \/>\n<script type=\"application\/ld+json\" class=\"yoast-schema-graph\">{\"@context\":\"https:\/\/schema.org\",\"@graph\":[{\"@type\":\"WebPage\",\"@id\":\"https:\/\/bozza.com\/en\/produto\/carretel-retratil-para-diesel-17100ret-d15-sv-34-ac\/\",\"url\":\"https:\/\/bozza.com\/en\/produto\/carretel-retratil-para-diesel-17100ret-d15-sv-34-ac\/\",\"name\":\"RETRACTABLE REEL FOR DIESEL17100RET D15-SV 3\/4\u2033-AC | Bozza\",\"isPartOf\":{\"@id\":\"https:\/\/bozza.com\/#website\"},\"primaryImageOfPage\":{\"@id\":\"https:\/\/bozza.com\/en\/produto\/carretel-retratil-para-diesel-17100ret-d15-sv-34-ac\/#primaryimage\"},\"image\":{\"@id\":\"https:\/\/bozza.com\/en\/produto\/carretel-retratil-para-diesel-17100ret-d15-sv-34-ac\/#primaryimage\"},\"thumbnailUrl\":\"https:\/\/bozza.com\/wp-content\/uploads\/2022\/09\/carretel-20mts.jpg\",\"datePublished\":\"2023-06-13T15:39:03+00:00\",\"dateModified\":\"2026-03-19T18:24:46+00:00\",\"description\":\"Carret\u00e9l Retr\u00e1til para diesel | Mangueira de 1\\\" | Ideal para abastecimento de frotas | Abastecimento de Caminh\u00f5es | Clique saiba mais!\",\"breadcrumb\":{\"@id\":\"https:\/\/bozza.com\/en\/produto\/carretel-retratil-para-diesel-17100ret-d15-sv-34-ac\/#breadcrumb\"},\"inLanguage\":\"en-US\",\"potentialAction\":[{\"@type\":\"ReadAction\",\"target\":[\"https:\/\/bozza.com\/en\/produto\/carretel-retratil-para-diesel-17100ret-d15-sv-34-ac\/\"]}]},{\"@type\":\"ImageObject\",\"inLanguage\":\"en-US\",\"@id\":\"https:\/\/bozza.com\/en\/produto\/carretel-retratil-para-diesel-17100ret-d15-sv-34-ac\/#primaryimage\",\"url\":\"https:\/\/bozza.com\/wp-content\/uploads\/2022\/09\/carretel-20mts.jpg\",\"contentUrl\":\"https:\/\/bozza.com\/wp-content\/uploads\/2022\/09\/carretel-20mts.jpg\",\"width\":1080,\"height\":1080,\"caption\":\"carretel retr\u00e1til 1700RET-D15\"},{\"@type\":\"BreadcrumbList\",\"@id\":\"https:\/\/bozza.com\/en\/produto\/carretel-retratil-para-diesel-17100ret-d15-sv-34-ac\/#breadcrumb\",\"itemListElement\":[{\"@type\":\"ListItem\",\"position\":1,\"name\":\"In\u00edcio\",\"item\":\"https:\/\/bozza.com\/\"},{\"@type\":\"ListItem\",\"position\":2,\"name\":\"Produtos\",\"item\":\"https:\/\/bozza.com\/?page_id=70036\"},{\"@type\":\"ListItem\",\"position\":3,\"name\":\"RETRACTABLE REEL FOR DIESEL17100RET D15-SV 3\/4\u2033-AC\"}]},{\"@type\":\"WebSite\",\"@id\":\"https:\/\/bozza.com\/#website\",\"url\":\"https:\/\/bozza.com\/\",\"name\":\"Bozza\",\"description\":\"Solu\u00e7\u00f5es em Lubrifica\u00e7\u00e3o\",\"publisher\":{\"@id\":\"https:\/\/bozza.com\/#organization\"},\"potentialAction\":[{\"@type\":\"SearchAction\",\"target\":{\"@type\":\"EntryPoint\",\"urlTemplate\":\"https:\/\/bozza.com\/?s={search_term_string}\"},\"query-input\":{\"@type\":\"PropertyValueSpecification\",\"valueRequired\":true,\"valueName\":\"search_term_string\"}}],\"inLanguage\":\"en-US\"},{\"@type\":\"Organization\",\"@id\":\"https:\/\/bozza.com\/#organization\",\"name\":\"Bozza\",\"url\":\"https:\/\/bozza.com\/\",\"logo\":{\"@type\":\"ImageObject\",\"inLanguage\":\"en-US\",\"@id\":\"https:\/\/bozza.com\/#\/schema\/logo\/image\/\",\"url\":\"\",\"contentUrl\":\"\",\"caption\":\"Bozza\"},\"image\":{\"@id\":\"https:\/\/bozza.com\/#\/schema\/logo\/image\/\"},\"sameAs\":[\"https:\/\/www.facebook.com\/bozza.oficial\/\",\"https:\/\/www.instagram.com\/bozzaoficial\/\",\"https:\/\/www.linkedin.com\/company\/bozza\/\",\"https:\/\/www.youtube.com\/channel\/UCQRiHYNpM4VQWF9YxVgSTsw?view_as=subscriber\"]}]}<\/script>\n<!-- \/ Yoast SEO plugin. -->","yoast_head_json":{"title":"RETRACTABLE REEL FOR DIESEL17100RET D15-SV 3\/4\u2033-AC | Bozza","description":"Carret\u00e9l Retr\u00e1til para diesel | Mangueira de 1\" | Ideal para abastecimento de frotas | Abastecimento de Caminh\u00f5es | Clique saiba mais!","robots":{"index":"index","follow":"follow","max-snippet":"max-snippet:-1","max-image-preview":"max-image-preview:large","max-video-preview":"max-video-preview:-1"},"canonical":"https:\/\/bozza.com\/en\/produto\/carretel-retratil-para-diesel-17100ret-d15-sv-34-ac\/","og_locale":"en_US","og_type":"article","og_title":"RETRACTABLE REEL FOR DIESEL17100RET D15-SV 3\/4\u2033-AC | Bozza","og_description":"Carret\u00e9l Retr\u00e1til para diesel | Mangueira de 1\" | Ideal para abastecimento de frotas | Abastecimento de Caminh\u00f5es | Clique saiba mais!","og_url":"https:\/\/bozza.com\/en\/produto\/carretel-retratil-para-diesel-17100ret-d15-sv-34-ac\/","og_site_name":"Bozza","article_publisher":"https:\/\/www.facebook.com\/bozza.oficial\/","article_modified_time":"2026-03-19T18:24:46+00:00","og_image":[{"width":1080,"height":1080,"url":"https:\/\/bozza.com\/wp-content\/uploads\/2022\/09\/carretel-20mts.jpg","type":"image\/jpeg"}],"twitter_card":"summary_large_image","twitter_misc":{"Est. reading time":"1 minute"},"schema":{"@context":"https:\/\/schema.org","@graph":[{"@type":"WebPage","@id":"https:\/\/bozza.com\/en\/produto\/carretel-retratil-para-diesel-17100ret-d15-sv-34-ac\/","url":"https:\/\/bozza.com\/en\/produto\/carretel-retratil-para-diesel-17100ret-d15-sv-34-ac\/","name":"RETRACTABLE REEL FOR DIESEL17100RET D15-SV 3\/4\u2033-AC | Bozza","isPartOf":{"@id":"https:\/\/bozza.com\/#website"},"primaryImageOfPage":{"@id":"https:\/\/bozza.com\/en\/produto\/carretel-retratil-para-diesel-17100ret-d15-sv-34-ac\/#primaryimage"},"image":{"@id":"https:\/\/bozza.com\/en\/produto\/carretel-retratil-para-diesel-17100ret-d15-sv-34-ac\/#primaryimage"},"thumbnailUrl":"https:\/\/bozza.com\/wp-content\/uploads\/2022\/09\/carretel-20mts.jpg","datePublished":"2023-06-13T15:39:03+00:00","dateModified":"2026-03-19T18:24:46+00:00","description":"Carret\u00e9l Retr\u00e1til para diesel | Mangueira de 1\" | Ideal para abastecimento de frotas | Abastecimento de Caminh\u00f5es | Clique saiba mais!","breadcrumb":{"@id":"https:\/\/bozza.com\/en\/produto\/carretel-retratil-para-diesel-17100ret-d15-sv-34-ac\/#breadcrumb"},"inLanguage":"en-US","potentialAction":[{"@type":"ReadAction","target":["https:\/\/bozza.com\/en\/produto\/carretel-retratil-para-diesel-17100ret-d15-sv-34-ac\/"]}]},{"@type":"ImageObject","inLanguage":"en-US","@id":"https:\/\/bozza.com\/en\/produto\/carretel-retratil-para-diesel-17100ret-d15-sv-34-ac\/#primaryimage","url":"https:\/\/bozza.com\/wp-content\/uploads\/2022\/09\/carretel-20mts.jpg","contentUrl":"https:\/\/bozza.com\/wp-content\/uploads\/2022\/09\/carretel-20mts.jpg","width":1080,"height":1080,"caption":"carretel retr\u00e1til 1700RET-D15"},{"@type":"BreadcrumbList","@id":"https:\/\/bozza.com\/en\/produto\/carretel-retratil-para-diesel-17100ret-d15-sv-34-ac\/#breadcrumb","itemListElement":[{"@type":"ListItem","position":1,"name":"In\u00edcio","item":"https:\/\/bozza.com\/"},{"@type":"ListItem","position":2,"name":"Produtos","item":"https:\/\/bozza.com\/?page_id=70036"},{"@type":"ListItem","position":3,"name":"RETRACTABLE REEL FOR DIESEL17100RET D15-SV 3\/4\u2033-AC"}]},{"@type":"WebSite","@id":"https:\/\/bozza.com\/#website","url":"https:\/\/bozza.com\/","name":"Bozza","description":"Solu\u00e7\u00f5es em Lubrifica\u00e7\u00e3o","publisher":{"@id":"https:\/\/bozza.com\/#organization"},"potentialAction":[{"@type":"SearchAction","target":{"@type":"EntryPoint","urlTemplate":"https:\/\/bozza.com\/?s={search_term_string}"},"query-input":{"@type":"PropertyValueSpecification","valueRequired":true,"valueName":"search_term_string"}}],"inLanguage":"en-US"},{"@type":"Organization","@id":"https:\/\/bozza.com\/#organization","name":"Bozza","url":"https:\/\/bozza.com\/","logo":{"@type":"ImageObject","inLanguage":"en-US","@id":"https:\/\/bozza.com\/#\/schema\/logo\/image\/","url":"","contentUrl":"","caption":"Bozza"},"image":{"@id":"https:\/\/bozza.com\/#\/schema\/logo\/image\/"},"sameAs":["https:\/\/www.facebook.com\/bozza.oficial\/","https:\/\/www.instagram.com\/bozzaoficial\/","https:\/\/www.linkedin.com\/company\/bozza\/","https:\/\/www.youtube.com\/channel\/UCQRiHYNpM4VQWF9YxVgSTsw?view_as=subscriber"]}]}},"_links":{"self":[{"href":"https:\/\/bozza.com\/en\/wp-json\/wp\/v2\/product\/63920","targetHints":{"allow":["GET"]}}],"collection":[{"href":"https:\/\/bozza.com\/en\/wp-json\/wp\/v2\/product"}],"about":[{"href":"https:\/\/bozza.com\/en\/wp-json\/wp\/v2\/types\/product"}],"wp:featuredmedia":[{"embeddable":true,"href":"https:\/\/bozza.com\/en\/wp-json\/wp\/v2\/media\/55722"}],"wp:attachment":[{"href":"https:\/\/bozza.com\/en\/wp-json\/wp\/v2\/media?parent=63920"}],"wp:term":[{"taxonomy":"product_brand","embeddable":true,"href":"https:\/\/bozza.com\/en\/wp-json\/wp\/v2\/product_brand?post=63920"},{"taxonomy":"product_cat","embeddable":true,"href":"https:\/\/bozza.com\/en\/wp-json\/wp\/v2\/product_cat?post=63920"},{"taxonomy":"product_tag","embeddable":true,"href":"https:\/\/bozza.com\/en\/wp-json\/wp\/v2\/product_tag?post=63920"}],"curies":[{"name":"wp","href":"https:\/\/api.w.org\/{rel}","templated":true}]}}