{"id":63924,"date":"2023-05-16T12:24:08","date_gmt":"2023-05-16T15:24:08","guid":{"rendered":"https:\/\/www.bozza.com\/produto\/propulsora-pneumatica-para-oleo-50l-11021-s-g5\/"},"modified":"2026-03-19T15:25:28","modified_gmt":"2026-03-19T18:25:28","slug":"propulsora-pneumatica-para-oleo-50l-11021-s-g5","status":"publish","type":"product","link":"https:\/\/bozza.com\/en\/produto\/propulsora-pneumatica-para-oleo-50l-11021-s-g5\/","title":{"rendered":"PROPELLING PUMP FOR OIL 50 L \u2013 11021-S-G5"},"content":{"rendered":"<ul>\n<li><span style=\"font-weight: 400;\">Reservoir:<\/span><span style=\"font-weight: 400;\"> 50 L;<\/span><\/li>\n<li><span style=\"font-weight: 400;\">Free flow: 25 L\/min;<\/span><\/li>\n<li><span style=\"font-weight: 400;\">Ratio: 3:1;<\/span><\/li>\n<li><span style=\"font-weight: 400;\">Air inlet size: \u00bc inch NPT;<\/span><\/li>\n<li><span style=\"font-weight: 400;\">Fluid outlet size: \u00bd inch JIC37;<\/span><\/li>\n<li><span style=\"font-weight: 400;\">Working Pressure: 80-100 PSI;<\/span><\/li>\n<li><span style=\"font-weight: 400;\">Output Pressure: 240-300 PSI;<\/span><\/li>\n<li><span style=\"font-weight: 400;\">Air consumption 10.0 foot\u00b3\/min;<\/span><\/li>\n<li><span style=\"font-weight: 400;\">*Viscosity up to SAE 90;<\/span><\/li>\n<li><span style=\"font-weight: 400;\">Maximum working pressure 100PSI (6.9 BAR)<\/span><\/li>\n<\/ul>\n","protected":false},"excerpt":{"rendered":"<p><span style=\"font-weight: 400;\">Mobile lubricating oil pump. Recommended for customers who need agility and <\/span><span style=\"font-weight: 400;\">efficiency in the lubrication process.\u00a0<\/span><\/p>\n<p><span style=\"font-weight: 400;\">Ideal for industry, automotive dealerships, fast lube centers, service shops, heavy-duty dealerships, fleet services facilities, lube trucks, mining, among others.<\/span><\/p>\n","protected":false},"featured_media":79672,"template":"","meta":{"_acf_changed":false},"product_brand":[],"product_cat":[463,1008,467],"product_tag":[264,1032,148,478,479,522],"class_list":{"0":"post-63924","1":"product","2":"type-product","3":"status-publish","4":"has-post-thumbnail","6":"product_cat-all-products","7":"product_cat-for-oil","8":"product_cat-pneumatic-pumps","9":"product_tag-oleo-en","10":"product_tag-oleo-en-2","11":"product_tag-pneumatic","12":"product_tag-pneumatica-en","13":"product_tag-propulsora-en","14":"product_tag-com-valvula-en","16":"first","17":"instock","18":"shipping-taxable","19":"product-type-simple"},"acf":[],"yoast_head":"<!-- This site is optimized with the Yoast SEO plugin v26.9 - https:\/\/yoast.com\/product\/yoast-seo-wordpress\/ -->\n<title>PROPELLING PUMP FOR OIL 50 L \u2013 11021-S-G5 | Bozza<\/title>\n<meta name=\"robots\" content=\"index, follow, max-snippet:-1, max-image-preview:large, max-video-preview:-1\" \/>\n<link rel=\"canonical\" href=\"https:\/\/bozza.com\/en\/produto\/propulsora-pneumatica-para-oleo-50l-11021-s-g5\/\" \/>\n<meta property=\"og:locale\" content=\"en_US\" \/>\n<meta property=\"og:type\" content=\"article\" \/>\n<meta property=\"og:title\" content=\"PROPELLING PUMP FOR OIL 50 L \u2013 11021-S-G5 | Bozza\" \/>\n<meta property=\"og:description\" content=\"Mobile lubricating oil pump. Recommended for customers who need agility and efficiency in the lubrication process.\u00a0  Ideal for industry, automotive dealerships, fast lube centers, service shops, heavy-duty dealerships, fleet services facilities, lube trucks, mining, among others.\" \/>\n<meta property=\"og:url\" content=\"https:\/\/bozza.com\/en\/produto\/propulsora-pneumatica-para-oleo-50l-11021-s-g5\/\" \/>\n<meta property=\"og:site_name\" content=\"Bozza\" \/>\n<meta property=\"article:publisher\" content=\"https:\/\/www.facebook.com\/bozza.oficial\/\" \/>\n<meta property=\"article:modified_time\" content=\"2026-03-19T18:25:28+00:00\" \/>\n<meta property=\"og:image\" content=\"https:\/\/bozza.com\/wp-content\/uploads\/2026\/01\/11021-S-G5.jpg\" \/>\n\t<meta property=\"og:image:width\" content=\"1200\" \/>\n\t<meta property=\"og:image:height\" content=\"1200\" \/>\n\t<meta property=\"og:image:type\" content=\"image\/jpeg\" \/>\n<meta name=\"twitter:card\" content=\"summary_large_image\" \/>\n<meta name=\"twitter:label1\" content=\"Est. reading time\" \/>\n\t<meta name=\"twitter:data1\" content=\"1 minute\" \/>\n<script type=\"application\/ld+json\" class=\"yoast-schema-graph\">{\"@context\":\"https:\/\/schema.org\",\"@graph\":[{\"@type\":\"WebPage\",\"@id\":\"https:\/\/bozza.com\/en\/produto\/propulsora-pneumatica-para-oleo-50l-11021-s-g5\/\",\"url\":\"https:\/\/bozza.com\/en\/produto\/propulsora-pneumatica-para-oleo-50l-11021-s-g5\/\",\"name\":\"PROPELLING PUMP FOR OIL 50 L \u2013 11021-S-G5 | Bozza\",\"isPartOf\":{\"@id\":\"https:\/\/bozza.com\/#website\"},\"primaryImageOfPage\":{\"@id\":\"https:\/\/bozza.com\/en\/produto\/propulsora-pneumatica-para-oleo-50l-11021-s-g5\/#primaryimage\"},\"image\":{\"@id\":\"https:\/\/bozza.com\/en\/produto\/propulsora-pneumatica-para-oleo-50l-11021-s-g5\/#primaryimage\"},\"thumbnailUrl\":\"https:\/\/bozza.com\/wp-content\/uploads\/2026\/01\/11021-S-G5.jpg\",\"datePublished\":\"2023-05-16T15:24:08+00:00\",\"dateModified\":\"2026-03-19T18:25:28+00:00\",\"breadcrumb\":{\"@id\":\"https:\/\/bozza.com\/en\/produto\/propulsora-pneumatica-para-oleo-50l-11021-s-g5\/#breadcrumb\"},\"inLanguage\":\"en-US\",\"potentialAction\":[{\"@type\":\"ReadAction\",\"target\":[\"https:\/\/bozza.com\/en\/produto\/propulsora-pneumatica-para-oleo-50l-11021-s-g5\/\"]}]},{\"@type\":\"ImageObject\",\"inLanguage\":\"en-US\",\"@id\":\"https:\/\/bozza.com\/en\/produto\/propulsora-pneumatica-para-oleo-50l-11021-s-g5\/#primaryimage\",\"url\":\"https:\/\/bozza.com\/wp-content\/uploads\/2026\/01\/11021-S-G5.jpg\",\"contentUrl\":\"https:\/\/bozza.com\/wp-content\/uploads\/2026\/01\/11021-S-G5.jpg\",\"width\":1200,\"height\":1200},{\"@type\":\"BreadcrumbList\",\"@id\":\"https:\/\/bozza.com\/en\/produto\/propulsora-pneumatica-para-oleo-50l-11021-s-g5\/#breadcrumb\",\"itemListElement\":[{\"@type\":\"ListItem\",\"position\":1,\"name\":\"In\u00edcio\",\"item\":\"https:\/\/bozza.com\/\"},{\"@type\":\"ListItem\",\"position\":2,\"name\":\"Produtos\",\"item\":\"https:\/\/bozza.com\/?page_id=70036\"},{\"@type\":\"ListItem\",\"position\":3,\"name\":\"PROPELLING PUMP FOR OIL 50 L \u2013 11021-S-G5\"}]},{\"@type\":\"WebSite\",\"@id\":\"https:\/\/bozza.com\/#website\",\"url\":\"https:\/\/bozza.com\/\",\"name\":\"Bozza\",\"description\":\"Solu\u00e7\u00f5es em Lubrifica\u00e7\u00e3o\",\"publisher\":{\"@id\":\"https:\/\/bozza.com\/#organization\"},\"potentialAction\":[{\"@type\":\"SearchAction\",\"target\":{\"@type\":\"EntryPoint\",\"urlTemplate\":\"https:\/\/bozza.com\/?s={search_term_string}\"},\"query-input\":{\"@type\":\"PropertyValueSpecification\",\"valueRequired\":true,\"valueName\":\"search_term_string\"}}],\"inLanguage\":\"en-US\"},{\"@type\":\"Organization\",\"@id\":\"https:\/\/bozza.com\/#organization\",\"name\":\"Bozza\",\"url\":\"https:\/\/bozza.com\/\",\"logo\":{\"@type\":\"ImageObject\",\"inLanguage\":\"en-US\",\"@id\":\"https:\/\/bozza.com\/#\/schema\/logo\/image\/\",\"url\":\"\",\"contentUrl\":\"\",\"caption\":\"Bozza\"},\"image\":{\"@id\":\"https:\/\/bozza.com\/#\/schema\/logo\/image\/\"},\"sameAs\":[\"https:\/\/www.facebook.com\/bozza.oficial\/\",\"https:\/\/www.instagram.com\/bozzaoficial\/\",\"https:\/\/www.linkedin.com\/company\/bozza\/\",\"https:\/\/www.youtube.com\/channel\/UCQRiHYNpM4VQWF9YxVgSTsw?view_as=subscriber\"]}]}<\/script>\n<!-- \/ Yoast SEO plugin. -->","yoast_head_json":{"title":"PROPELLING PUMP FOR OIL 50 L \u2013 11021-S-G5 | Bozza","robots":{"index":"index","follow":"follow","max-snippet":"max-snippet:-1","max-image-preview":"max-image-preview:large","max-video-preview":"max-video-preview:-1"},"canonical":"https:\/\/bozza.com\/en\/produto\/propulsora-pneumatica-para-oleo-50l-11021-s-g5\/","og_locale":"en_US","og_type":"article","og_title":"PROPELLING PUMP FOR OIL 50 L \u2013 11021-S-G5 | Bozza","og_description":"Mobile lubricating oil pump. Recommended for customers who need agility and efficiency in the lubrication process.\u00a0  Ideal for industry, automotive dealerships, fast lube centers, service shops, heavy-duty dealerships, fleet services facilities, lube trucks, mining, among others.","og_url":"https:\/\/bozza.com\/en\/produto\/propulsora-pneumatica-para-oleo-50l-11021-s-g5\/","og_site_name":"Bozza","article_publisher":"https:\/\/www.facebook.com\/bozza.oficial\/","article_modified_time":"2026-03-19T18:25:28+00:00","og_image":[{"width":1200,"height":1200,"url":"https:\/\/bozza.com\/wp-content\/uploads\/2026\/01\/11021-S-G5.jpg","type":"image\/jpeg"}],"twitter_card":"summary_large_image","twitter_misc":{"Est. reading time":"1 minute"},"schema":{"@context":"https:\/\/schema.org","@graph":[{"@type":"WebPage","@id":"https:\/\/bozza.com\/en\/produto\/propulsora-pneumatica-para-oleo-50l-11021-s-g5\/","url":"https:\/\/bozza.com\/en\/produto\/propulsora-pneumatica-para-oleo-50l-11021-s-g5\/","name":"PROPELLING PUMP FOR OIL 50 L \u2013 11021-S-G5 | Bozza","isPartOf":{"@id":"https:\/\/bozza.com\/#website"},"primaryImageOfPage":{"@id":"https:\/\/bozza.com\/en\/produto\/propulsora-pneumatica-para-oleo-50l-11021-s-g5\/#primaryimage"},"image":{"@id":"https:\/\/bozza.com\/en\/produto\/propulsora-pneumatica-para-oleo-50l-11021-s-g5\/#primaryimage"},"thumbnailUrl":"https:\/\/bozza.com\/wp-content\/uploads\/2026\/01\/11021-S-G5.jpg","datePublished":"2023-05-16T15:24:08+00:00","dateModified":"2026-03-19T18:25:28+00:00","breadcrumb":{"@id":"https:\/\/bozza.com\/en\/produto\/propulsora-pneumatica-para-oleo-50l-11021-s-g5\/#breadcrumb"},"inLanguage":"en-US","potentialAction":[{"@type":"ReadAction","target":["https:\/\/bozza.com\/en\/produto\/propulsora-pneumatica-para-oleo-50l-11021-s-g5\/"]}]},{"@type":"ImageObject","inLanguage":"en-US","@id":"https:\/\/bozza.com\/en\/produto\/propulsora-pneumatica-para-oleo-50l-11021-s-g5\/#primaryimage","url":"https:\/\/bozza.com\/wp-content\/uploads\/2026\/01\/11021-S-G5.jpg","contentUrl":"https:\/\/bozza.com\/wp-content\/uploads\/2026\/01\/11021-S-G5.jpg","width":1200,"height":1200},{"@type":"BreadcrumbList","@id":"https:\/\/bozza.com\/en\/produto\/propulsora-pneumatica-para-oleo-50l-11021-s-g5\/#breadcrumb","itemListElement":[{"@type":"ListItem","position":1,"name":"In\u00edcio","item":"https:\/\/bozza.com\/"},{"@type":"ListItem","position":2,"name":"Produtos","item":"https:\/\/bozza.com\/?page_id=70036"},{"@type":"ListItem","position":3,"name":"PROPELLING PUMP FOR OIL 50 L \u2013 11021-S-G5"}]},{"@type":"WebSite","@id":"https:\/\/bozza.com\/#website","url":"https:\/\/bozza.com\/","name":"Bozza","description":"Solu\u00e7\u00f5es em Lubrifica\u00e7\u00e3o","publisher":{"@id":"https:\/\/bozza.com\/#organization"},"potentialAction":[{"@type":"SearchAction","target":{"@type":"EntryPoint","urlTemplate":"https:\/\/bozza.com\/?s={search_term_string}"},"query-input":{"@type":"PropertyValueSpecification","valueRequired":true,"valueName":"search_term_string"}}],"inLanguage":"en-US"},{"@type":"Organization","@id":"https:\/\/bozza.com\/#organization","name":"Bozza","url":"https:\/\/bozza.com\/","logo":{"@type":"ImageObject","inLanguage":"en-US","@id":"https:\/\/bozza.com\/#\/schema\/logo\/image\/","url":"","contentUrl":"","caption":"Bozza"},"image":{"@id":"https:\/\/bozza.com\/#\/schema\/logo\/image\/"},"sameAs":["https:\/\/www.facebook.com\/bozza.oficial\/","https:\/\/www.instagram.com\/bozzaoficial\/","https:\/\/www.linkedin.com\/company\/bozza\/","https:\/\/www.youtube.com\/channel\/UCQRiHYNpM4VQWF9YxVgSTsw?view_as=subscriber"]}]}},"_links":{"self":[{"href":"https:\/\/bozza.com\/en\/wp-json\/wp\/v2\/product\/63924","targetHints":{"allow":["GET"]}}],"collection":[{"href":"https:\/\/bozza.com\/en\/wp-json\/wp\/v2\/product"}],"about":[{"href":"https:\/\/bozza.com\/en\/wp-json\/wp\/v2\/types\/product"}],"wp:featuredmedia":[{"embeddable":true,"href":"https:\/\/bozza.com\/en\/wp-json\/wp\/v2\/media\/79672"}],"wp:attachment":[{"href":"https:\/\/bozza.com\/en\/wp-json\/wp\/v2\/media?parent=63924"}],"wp:term":[{"taxonomy":"product_brand","embeddable":true,"href":"https:\/\/bozza.com\/en\/wp-json\/wp\/v2\/product_brand?post=63924"},{"taxonomy":"product_cat","embeddable":true,"href":"https:\/\/bozza.com\/en\/wp-json\/wp\/v2\/product_cat?post=63924"},{"taxonomy":"product_tag","embeddable":true,"href":"https:\/\/bozza.com\/en\/wp-json\/wp\/v2\/product_tag?post=63924"}],"curies":[{"name":"wp","href":"https:\/\/api.w.org\/{rel}","templated":true}]}}