{"id":63928,"date":"2023-05-16T11:59:45","date_gmt":"2023-05-16T14:59:45","guid":{"rendered":"https:\/\/www.bozza.com\/produto\/propulsora-pneumatica-para-graxa-20kg-strike-system-11040-g5\/"},"modified":"2026-03-19T15:44:13","modified_gmt":"2026-03-19T18:44:13","slug":"propulsora-pneumatica-para-graxa-20kg-strike-system-11040-g5","status":"publish","type":"product","link":"https:\/\/bozza.com\/en\/produto\/propulsora-pneumatica-para-graxa-20kg-strike-system-11040-g5\/","title":{"rendered":"HEAVY-DUTY PROPELLING PUMP FOR GREASE 20 \u2013 STRIKE SYSTEM \u2013 11040-G5"},"content":{"rendered":"<ul>\n<li><span style=\"font-weight: 400;\">Reservoir:<\/span> <span style=\"font-weight: 400;\">18-24 kg (Not included)<\/span><\/li>\n<li><span style=\"font-weight: 400;\">Free flow: 1700g\/min<\/span><\/li>\n<li><span style=\"font-weight: 400;\">Ratio: 60:1<\/span><\/li>\n<li><span style=\"font-weight: 400;\">Air inlet size: \u00bc inch NPT<\/span><\/li>\n<li><span style=\"font-weight: 400;\">Fluid outlet size: \u00bc inch JIC (Internal)<\/span><\/li>\n<li><span style=\"font-weight: 400;\">Working Pressure: 80-100 PSI<\/span><\/li>\n<li><span style=\"font-weight: 400;\">Output Pressure: 4800-6000 PSI<\/span><\/li>\n<li><span style=\"font-weight: 400;\">Air consumption: 10.0 foot\u00b3\/min.<\/span><\/li>\n<li><span style=\"font-weight: 400;\">Maximum working pressure 100PSI (6.9 BAR)<\/span><\/li>\n<\/ul>\n","protected":false},"excerpt":{"rendered":"<p><span style=\"font-weight: 400;\">Fixed grease pump. Recommended for customers who need agility and efficiency in the lubrication process, with possibility of adaptation to 20 kg reservoirs. <\/span><span style=\"font-weight: 400;\">\u00a0<\/span><span style=\"font-weight: 400;\">Ideal for automotive dealerships, fast lube centers, service shops, heavy-duty dealerships, fleet services facilities, lube trucks, mining and agriculture, among others.<\/span><\/p>\n","protected":false},"featured_media":58571,"template":"","meta":{"_acf_changed":false},"product_brand":[],"product_cat":[463,1006,467],"product_tag":[149,477,148,478,479],"class_list":{"0":"post-63928","1":"product","2":"type-product","3":"status-publish","4":"has-post-thumbnail","6":"product_cat-all-products","7":"product_cat-for-grease","8":"product_cat-pneumatic-pumps","9":"product_tag-grease","10":"product_tag-graxa-en","11":"product_tag-pneumatic","12":"product_tag-pneumatica-en","13":"product_tag-propulsora-en","15":"first","16":"instock","17":"shipping-taxable","18":"product-type-simple"},"acf":[],"yoast_head":"<!-- This site is optimized with the Yoast SEO plugin v26.9 - https:\/\/yoast.com\/product\/yoast-seo-wordpress\/ -->\n<title>HEAVY-DUTY PROPELLING PUMP FOR GREASE 20 \u2013 STRIKE SYSTEM \u2013 11040-G5 | Bozza<\/title>\n<meta name=\"robots\" content=\"index, follow, max-snippet:-1, max-image-preview:large, max-video-preview:-1\" \/>\n<link rel=\"canonical\" href=\"https:\/\/bozza.com\/en\/produto\/propulsora-pneumatica-para-graxa-20kg-strike-system-11040-g5\/\" \/>\n<meta property=\"og:locale\" content=\"en_US\" \/>\n<meta property=\"og:type\" content=\"article\" \/>\n<meta property=\"og:title\" content=\"HEAVY-DUTY PROPELLING PUMP FOR GREASE 20 \u2013 STRIKE SYSTEM \u2013 11040-G5 | Bozza\" \/>\n<meta property=\"og:description\" content=\"Fixed grease pump. Recommended for customers who need agility and efficiency in the lubrication process, with possibility of adaptation to 20 kg reservoirs. \u00a0Ideal for automotive dealerships, fast lube centers, service shops, heavy-duty dealerships, fleet services facilities, lube trucks, mining and agriculture, among others.\" \/>\n<meta property=\"og:url\" content=\"https:\/\/bozza.com\/en\/produto\/propulsora-pneumatica-para-graxa-20kg-strike-system-11040-g5\/\" \/>\n<meta property=\"og:site_name\" content=\"Bozza\" \/>\n<meta property=\"article:publisher\" content=\"https:\/\/www.facebook.com\/bozza.oficial\/\" \/>\n<meta property=\"article:modified_time\" content=\"2026-03-19T18:44:13+00:00\" \/>\n<meta property=\"og:image\" content=\"https:\/\/bozza.com\/wp-content\/uploads\/2023\/05\/01.200.0719_11040-G5_PROPULSORA-GRAXA.jpg\" \/>\n\t<meta property=\"og:image:width\" content=\"1080\" \/>\n\t<meta property=\"og:image:height\" content=\"1080\" \/>\n\t<meta property=\"og:image:type\" content=\"image\/jpeg\" \/>\n<meta name=\"twitter:card\" content=\"summary_large_image\" \/>\n<meta name=\"twitter:label1\" content=\"Est. reading time\" \/>\n\t<meta name=\"twitter:data1\" content=\"1 minute\" \/>\n<script type=\"application\/ld+json\" class=\"yoast-schema-graph\">{\"@context\":\"https:\/\/schema.org\",\"@graph\":[{\"@type\":\"WebPage\",\"@id\":\"https:\/\/bozza.com\/en\/produto\/propulsora-pneumatica-para-graxa-20kg-strike-system-11040-g5\/\",\"url\":\"https:\/\/bozza.com\/en\/produto\/propulsora-pneumatica-para-graxa-20kg-strike-system-11040-g5\/\",\"name\":\"HEAVY-DUTY PROPELLING PUMP FOR GREASE 20 \u2013 STRIKE SYSTEM \u2013 11040-G5 | Bozza\",\"isPartOf\":{\"@id\":\"https:\/\/bozza.com\/#website\"},\"primaryImageOfPage\":{\"@id\":\"https:\/\/bozza.com\/en\/produto\/propulsora-pneumatica-para-graxa-20kg-strike-system-11040-g5\/#primaryimage\"},\"image\":{\"@id\":\"https:\/\/bozza.com\/en\/produto\/propulsora-pneumatica-para-graxa-20kg-strike-system-11040-g5\/#primaryimage\"},\"thumbnailUrl\":\"https:\/\/bozza.com\/wp-content\/uploads\/2023\/05\/01.200.0719_11040-G5_PROPULSORA-GRAXA.jpg\",\"datePublished\":\"2023-05-16T14:59:45+00:00\",\"dateModified\":\"2026-03-19T18:44:13+00:00\",\"breadcrumb\":{\"@id\":\"https:\/\/bozza.com\/en\/produto\/propulsora-pneumatica-para-graxa-20kg-strike-system-11040-g5\/#breadcrumb\"},\"inLanguage\":\"en-US\",\"potentialAction\":[{\"@type\":\"ReadAction\",\"target\":[\"https:\/\/bozza.com\/en\/produto\/propulsora-pneumatica-para-graxa-20kg-strike-system-11040-g5\/\"]}]},{\"@type\":\"ImageObject\",\"inLanguage\":\"en-US\",\"@id\":\"https:\/\/bozza.com\/en\/produto\/propulsora-pneumatica-para-graxa-20kg-strike-system-11040-g5\/#primaryimage\",\"url\":\"https:\/\/bozza.com\/wp-content\/uploads\/2023\/05\/01.200.0719_11040-G5_PROPULSORA-GRAXA.jpg\",\"contentUrl\":\"https:\/\/bozza.com\/wp-content\/uploads\/2023\/05\/01.200.0719_11040-G5_PROPULSORA-GRAXA.jpg\",\"width\":1080,\"height\":1080},{\"@type\":\"BreadcrumbList\",\"@id\":\"https:\/\/bozza.com\/en\/produto\/propulsora-pneumatica-para-graxa-20kg-strike-system-11040-g5\/#breadcrumb\",\"itemListElement\":[{\"@type\":\"ListItem\",\"position\":1,\"name\":\"In\u00edcio\",\"item\":\"https:\/\/bozza.com\/\"},{\"@type\":\"ListItem\",\"position\":2,\"name\":\"Produtos\",\"item\":\"https:\/\/bozza.com\/?page_id=70036\"},{\"@type\":\"ListItem\",\"position\":3,\"name\":\"HEAVY-DUTY PROPELLING PUMP FOR GREASE 20 \u2013 STRIKE SYSTEM \u2013 11040-G5\"}]},{\"@type\":\"WebSite\",\"@id\":\"https:\/\/bozza.com\/#website\",\"url\":\"https:\/\/bozza.com\/\",\"name\":\"Bozza\",\"description\":\"Solu\u00e7\u00f5es em Lubrifica\u00e7\u00e3o\",\"publisher\":{\"@id\":\"https:\/\/bozza.com\/#organization\"},\"potentialAction\":[{\"@type\":\"SearchAction\",\"target\":{\"@type\":\"EntryPoint\",\"urlTemplate\":\"https:\/\/bozza.com\/?s={search_term_string}\"},\"query-input\":{\"@type\":\"PropertyValueSpecification\",\"valueRequired\":true,\"valueName\":\"search_term_string\"}}],\"inLanguage\":\"en-US\"},{\"@type\":\"Organization\",\"@id\":\"https:\/\/bozza.com\/#organization\",\"name\":\"Bozza\",\"url\":\"https:\/\/bozza.com\/\",\"logo\":{\"@type\":\"ImageObject\",\"inLanguage\":\"en-US\",\"@id\":\"https:\/\/bozza.com\/#\/schema\/logo\/image\/\",\"url\":\"\",\"contentUrl\":\"\",\"caption\":\"Bozza\"},\"image\":{\"@id\":\"https:\/\/bozza.com\/#\/schema\/logo\/image\/\"},\"sameAs\":[\"https:\/\/www.facebook.com\/bozza.oficial\/\",\"https:\/\/www.instagram.com\/bozzaoficial\/\",\"https:\/\/www.linkedin.com\/company\/bozza\/\",\"https:\/\/www.youtube.com\/channel\/UCQRiHYNpM4VQWF9YxVgSTsw?view_as=subscriber\"]}]}<\/script>\n<!-- \/ Yoast SEO plugin. -->","yoast_head_json":{"title":"HEAVY-DUTY PROPELLING PUMP FOR GREASE 20 \u2013 STRIKE SYSTEM \u2013 11040-G5 | Bozza","robots":{"index":"index","follow":"follow","max-snippet":"max-snippet:-1","max-image-preview":"max-image-preview:large","max-video-preview":"max-video-preview:-1"},"canonical":"https:\/\/bozza.com\/en\/produto\/propulsora-pneumatica-para-graxa-20kg-strike-system-11040-g5\/","og_locale":"en_US","og_type":"article","og_title":"HEAVY-DUTY PROPELLING PUMP FOR GREASE 20 \u2013 STRIKE SYSTEM \u2013 11040-G5 | Bozza","og_description":"Fixed grease pump. Recommended for customers who need agility and efficiency in the lubrication process, with possibility of adaptation to 20 kg reservoirs. \u00a0Ideal for automotive dealerships, fast lube centers, service shops, heavy-duty dealerships, fleet services facilities, lube trucks, mining and agriculture, among others.","og_url":"https:\/\/bozza.com\/en\/produto\/propulsora-pneumatica-para-graxa-20kg-strike-system-11040-g5\/","og_site_name":"Bozza","article_publisher":"https:\/\/www.facebook.com\/bozza.oficial\/","article_modified_time":"2026-03-19T18:44:13+00:00","og_image":[{"width":1080,"height":1080,"url":"https:\/\/bozza.com\/wp-content\/uploads\/2023\/05\/01.200.0719_11040-G5_PROPULSORA-GRAXA.jpg","type":"image\/jpeg"}],"twitter_card":"summary_large_image","twitter_misc":{"Est. reading time":"1 minute"},"schema":{"@context":"https:\/\/schema.org","@graph":[{"@type":"WebPage","@id":"https:\/\/bozza.com\/en\/produto\/propulsora-pneumatica-para-graxa-20kg-strike-system-11040-g5\/","url":"https:\/\/bozza.com\/en\/produto\/propulsora-pneumatica-para-graxa-20kg-strike-system-11040-g5\/","name":"HEAVY-DUTY PROPELLING PUMP FOR GREASE 20 \u2013 STRIKE SYSTEM \u2013 11040-G5 | Bozza","isPartOf":{"@id":"https:\/\/bozza.com\/#website"},"primaryImageOfPage":{"@id":"https:\/\/bozza.com\/en\/produto\/propulsora-pneumatica-para-graxa-20kg-strike-system-11040-g5\/#primaryimage"},"image":{"@id":"https:\/\/bozza.com\/en\/produto\/propulsora-pneumatica-para-graxa-20kg-strike-system-11040-g5\/#primaryimage"},"thumbnailUrl":"https:\/\/bozza.com\/wp-content\/uploads\/2023\/05\/01.200.0719_11040-G5_PROPULSORA-GRAXA.jpg","datePublished":"2023-05-16T14:59:45+00:00","dateModified":"2026-03-19T18:44:13+00:00","breadcrumb":{"@id":"https:\/\/bozza.com\/en\/produto\/propulsora-pneumatica-para-graxa-20kg-strike-system-11040-g5\/#breadcrumb"},"inLanguage":"en-US","potentialAction":[{"@type":"ReadAction","target":["https:\/\/bozza.com\/en\/produto\/propulsora-pneumatica-para-graxa-20kg-strike-system-11040-g5\/"]}]},{"@type":"ImageObject","inLanguage":"en-US","@id":"https:\/\/bozza.com\/en\/produto\/propulsora-pneumatica-para-graxa-20kg-strike-system-11040-g5\/#primaryimage","url":"https:\/\/bozza.com\/wp-content\/uploads\/2023\/05\/01.200.0719_11040-G5_PROPULSORA-GRAXA.jpg","contentUrl":"https:\/\/bozza.com\/wp-content\/uploads\/2023\/05\/01.200.0719_11040-G5_PROPULSORA-GRAXA.jpg","width":1080,"height":1080},{"@type":"BreadcrumbList","@id":"https:\/\/bozza.com\/en\/produto\/propulsora-pneumatica-para-graxa-20kg-strike-system-11040-g5\/#breadcrumb","itemListElement":[{"@type":"ListItem","position":1,"name":"In\u00edcio","item":"https:\/\/bozza.com\/"},{"@type":"ListItem","position":2,"name":"Produtos","item":"https:\/\/bozza.com\/?page_id=70036"},{"@type":"ListItem","position":3,"name":"HEAVY-DUTY PROPELLING PUMP FOR GREASE 20 \u2013 STRIKE SYSTEM \u2013 11040-G5"}]},{"@type":"WebSite","@id":"https:\/\/bozza.com\/#website","url":"https:\/\/bozza.com\/","name":"Bozza","description":"Solu\u00e7\u00f5es em Lubrifica\u00e7\u00e3o","publisher":{"@id":"https:\/\/bozza.com\/#organization"},"potentialAction":[{"@type":"SearchAction","target":{"@type":"EntryPoint","urlTemplate":"https:\/\/bozza.com\/?s={search_term_string}"},"query-input":{"@type":"PropertyValueSpecification","valueRequired":true,"valueName":"search_term_string"}}],"inLanguage":"en-US"},{"@type":"Organization","@id":"https:\/\/bozza.com\/#organization","name":"Bozza","url":"https:\/\/bozza.com\/","logo":{"@type":"ImageObject","inLanguage":"en-US","@id":"https:\/\/bozza.com\/#\/schema\/logo\/image\/","url":"","contentUrl":"","caption":"Bozza"},"image":{"@id":"https:\/\/bozza.com\/#\/schema\/logo\/image\/"},"sameAs":["https:\/\/www.facebook.com\/bozza.oficial\/","https:\/\/www.instagram.com\/bozzaoficial\/","https:\/\/www.linkedin.com\/company\/bozza\/","https:\/\/www.youtube.com\/channel\/UCQRiHYNpM4VQWF9YxVgSTsw?view_as=subscriber"]}]}},"_links":{"self":[{"href":"https:\/\/bozza.com\/en\/wp-json\/wp\/v2\/product\/63928","targetHints":{"allow":["GET"]}}],"collection":[{"href":"https:\/\/bozza.com\/en\/wp-json\/wp\/v2\/product"}],"about":[{"href":"https:\/\/bozza.com\/en\/wp-json\/wp\/v2\/types\/product"}],"wp:featuredmedia":[{"embeddable":true,"href":"https:\/\/bozza.com\/en\/wp-json\/wp\/v2\/media\/58571"}],"wp:attachment":[{"href":"https:\/\/bozza.com\/en\/wp-json\/wp\/v2\/media?parent=63928"}],"wp:term":[{"taxonomy":"product_brand","embeddable":true,"href":"https:\/\/bozza.com\/en\/wp-json\/wp\/v2\/product_brand?post=63928"},{"taxonomy":"product_cat","embeddable":true,"href":"https:\/\/bozza.com\/en\/wp-json\/wp\/v2\/product_cat?post=63928"},{"taxonomy":"product_tag","embeddable":true,"href":"https:\/\/bozza.com\/en\/wp-json\/wp\/v2\/product_tag?post=63928"}],"curies":[{"name":"wp","href":"https:\/\/api.w.org\/{rel}","templated":true}]}}