{"id":63940,"date":"2023-05-10T11:52:20","date_gmt":"2023-05-10T14:52:20","guid":{"rendered":"https:\/\/www.bozza.com\/produto\/propulsora-pneumatica-para-graxa-20kg-strike-system-11020-r20-g5\/"},"modified":"2026-03-19T15:46:01","modified_gmt":"2026-03-19T18:46:01","slug":"propulsora-pneumatica-para-graxa-20kg-strike-system-11020-r20-g5","status":"publish","type":"product","link":"https:\/\/bozza.com\/en\/produto\/propulsora-pneumatica-para-graxa-20kg-strike-system-11020-r20-g5\/","title":{"rendered":"HEAVY-DUTY PROPELLING PUMP FOR GREASE 20 KG \u2013 STRIKE SYSTEM \u2013 11020-R20-G5"},"content":{"rendered":"<div class=\"page\" title=\"Page 6\">\n<div class=\"section\">\n<div class=\"layoutArea\">\n<div class=\"column\">\n<ul>\n<li><span style=\"font-weight: 400;\">Reservoir:<\/span><span style=\"font-weight: 400;\"> 20 kg<\/span><\/li>\n<li><span style=\"font-weight: 400;\">Free flow: 1700 kg\/min<\/span><\/li>\n<li><span style=\"font-weight: 400;\">Ratio: 60:1<\/span><\/li>\n<li><span style=\"font-weight: 400;\">Air inlet size: \u00bc inch NPT<\/span><\/li>\n<li><span style=\"font-weight: 400;\">Fluid outlet size: \u00bc inch JIC (Internal)<\/span><\/li>\n<li><span style=\"font-weight: 400;\">Working Pressure: 80-100 PSI<\/span><\/li>\n<li><span style=\"font-weight: 400;\">Output Pressure: 4800-6000 PSI<\/span><\/li>\n<li><span style=\"font-weight: 400;\">Air consumption 10.0 foot\u00b3\/min.<\/span><\/li>\n<li><span style=\"font-weight: 400;\">Maximum working pressure 100PSI (6.9 BAR)<\/span><\/li>\n<\/ul>\n<\/div>\n<\/div>\n<\/div>\n<\/div>\n","protected":false},"excerpt":{"rendered":"<p><span style=\"font-weight: 400;\">Mobile equipment for grease. Recommended for customers who require agility and efficiency in the lubrication process. <\/span><span style=\"font-weight: 400;\">Ideal for automotive dealerships, fast lube centers, service shops, heavy-duty dealerships, fleet services facilities, lube trucks, mining and agriculture, among others.<\/span><\/p>\n","protected":false},"featured_media":79663,"template":"","meta":{"_acf_changed":false},"product_brand":[],"product_cat":[463,1006,467],"product_tag":[465],"class_list":{"0":"post-63940","1":"product","2":"type-product","3":"status-publish","4":"has-post-thumbnail","6":"product_cat-all-products","7":"product_cat-for-grease","8":"product_cat-pneumatic-pumps","9":"product_tag-construcao-en","11":"first","12":"instock","13":"shipping-taxable","14":"product-type-simple"},"acf":[],"yoast_head":"<!-- This site is optimized with the Yoast SEO plugin v26.9 - https:\/\/yoast.com\/product\/yoast-seo-wordpress\/ -->\n<title>HEAVY-DUTY PROPELLING PUMP FOR GREASE 20 KG \u2013 STRIKE SYSTEM \u2013 11020-R20-G5<\/title>\n<meta name=\"description\" content=\"Propulsora Pneum\u00e1tica para graxa indicado para clientes que necessitam de agilidade e eficie\u0302ncia no processo de lubrificac\u0327a\u0303o.\" \/>\n<meta name=\"robots\" content=\"index, follow, max-snippet:-1, max-image-preview:large, max-video-preview:-1\" \/>\n<link rel=\"canonical\" href=\"https:\/\/bozza.com\/en\/produto\/propulsora-pneumatica-para-graxa-20kg-strike-system-11020-r20-g5\/\" \/>\n<meta property=\"og:locale\" content=\"en_US\" \/>\n<meta property=\"og:type\" content=\"article\" \/>\n<meta property=\"og:title\" content=\"HEAVY-DUTY PROPELLING PUMP FOR GREASE 20 KG \u2013 STRIKE SYSTEM \u2013 11020-R20-G5\" \/>\n<meta property=\"og:description\" content=\"Propulsora Pneum\u00e1tica para graxa indicado para clientes que necessitam de agilidade e eficie\u0302ncia no processo de lubrificac\u0327a\u0303o.\" \/>\n<meta property=\"og:url\" content=\"https:\/\/bozza.com\/en\/produto\/propulsora-pneumatica-para-graxa-20kg-strike-system-11020-r20-g5\/\" \/>\n<meta property=\"og:site_name\" content=\"Bozza\" \/>\n<meta property=\"article:publisher\" content=\"https:\/\/www.facebook.com\/bozza.oficial\/\" \/>\n<meta property=\"article:modified_time\" content=\"2026-03-19T18:46:01+00:00\" \/>\n<meta property=\"og:image\" content=\"https:\/\/bozza.com\/wp-content\/uploads\/2026\/01\/11020-R20-G5.jpg\" \/>\n\t<meta property=\"og:image:width\" content=\"1200\" \/>\n\t<meta property=\"og:image:height\" content=\"1200\" \/>\n\t<meta property=\"og:image:type\" content=\"image\/jpeg\" \/>\n<meta name=\"twitter:card\" content=\"summary_large_image\" \/>\n<meta name=\"twitter:label1\" content=\"Est. reading time\" \/>\n\t<meta name=\"twitter:data1\" content=\"1 minute\" \/>\n<script type=\"application\/ld+json\" class=\"yoast-schema-graph\">{\"@context\":\"https:\/\/schema.org\",\"@graph\":[{\"@type\":\"WebPage\",\"@id\":\"https:\/\/bozza.com\/en\/produto\/propulsora-pneumatica-para-graxa-20kg-strike-system-11020-r20-g5\/\",\"url\":\"https:\/\/bozza.com\/en\/produto\/propulsora-pneumatica-para-graxa-20kg-strike-system-11020-r20-g5\/\",\"name\":\"HEAVY-DUTY PROPELLING PUMP FOR GREASE 20 KG \u2013 STRIKE SYSTEM \u2013 11020-R20-G5\",\"isPartOf\":{\"@id\":\"https:\/\/bozza.com\/#website\"},\"primaryImageOfPage\":{\"@id\":\"https:\/\/bozza.com\/en\/produto\/propulsora-pneumatica-para-graxa-20kg-strike-system-11020-r20-g5\/#primaryimage\"},\"image\":{\"@id\":\"https:\/\/bozza.com\/en\/produto\/propulsora-pneumatica-para-graxa-20kg-strike-system-11020-r20-g5\/#primaryimage\"},\"thumbnailUrl\":\"https:\/\/bozza.com\/wp-content\/uploads\/2026\/01\/11020-R20-G5.jpg\",\"datePublished\":\"2023-05-10T14:52:20+00:00\",\"dateModified\":\"2026-03-19T18:46:01+00:00\",\"description\":\"Propulsora Pneum\u00e1tica para graxa indicado para clientes que necessitam de agilidade e eficie\u0302ncia no processo de lubrificac\u0327a\u0303o.\",\"breadcrumb\":{\"@id\":\"https:\/\/bozza.com\/en\/produto\/propulsora-pneumatica-para-graxa-20kg-strike-system-11020-r20-g5\/#breadcrumb\"},\"inLanguage\":\"en-US\",\"potentialAction\":[{\"@type\":\"ReadAction\",\"target\":[\"https:\/\/bozza.com\/en\/produto\/propulsora-pneumatica-para-graxa-20kg-strike-system-11020-r20-g5\/\"]}]},{\"@type\":\"ImageObject\",\"inLanguage\":\"en-US\",\"@id\":\"https:\/\/bozza.com\/en\/produto\/propulsora-pneumatica-para-graxa-20kg-strike-system-11020-r20-g5\/#primaryimage\",\"url\":\"https:\/\/bozza.com\/wp-content\/uploads\/2026\/01\/11020-R20-G5.jpg\",\"contentUrl\":\"https:\/\/bozza.com\/wp-content\/uploads\/2026\/01\/11020-R20-G5.jpg\",\"width\":1200,\"height\":1200},{\"@type\":\"BreadcrumbList\",\"@id\":\"https:\/\/bozza.com\/en\/produto\/propulsora-pneumatica-para-graxa-20kg-strike-system-11020-r20-g5\/#breadcrumb\",\"itemListElement\":[{\"@type\":\"ListItem\",\"position\":1,\"name\":\"In\u00edcio\",\"item\":\"https:\/\/bozza.com\/\"},{\"@type\":\"ListItem\",\"position\":2,\"name\":\"Produtos\",\"item\":\"https:\/\/bozza.com\/?page_id=70036\"},{\"@type\":\"ListItem\",\"position\":3,\"name\":\"HEAVY-DUTY PROPELLING PUMP FOR GREASE 20 KG \u2013 STRIKE SYSTEM \u2013 11020-R20-G5\"}]},{\"@type\":\"WebSite\",\"@id\":\"https:\/\/bozza.com\/#website\",\"url\":\"https:\/\/bozza.com\/\",\"name\":\"Bozza\",\"description\":\"Solu\u00e7\u00f5es em Lubrifica\u00e7\u00e3o\",\"publisher\":{\"@id\":\"https:\/\/bozza.com\/#organization\"},\"potentialAction\":[{\"@type\":\"SearchAction\",\"target\":{\"@type\":\"EntryPoint\",\"urlTemplate\":\"https:\/\/bozza.com\/?s={search_term_string}\"},\"query-input\":{\"@type\":\"PropertyValueSpecification\",\"valueRequired\":true,\"valueName\":\"search_term_string\"}}],\"inLanguage\":\"en-US\"},{\"@type\":\"Organization\",\"@id\":\"https:\/\/bozza.com\/#organization\",\"name\":\"Bozza\",\"url\":\"https:\/\/bozza.com\/\",\"logo\":{\"@type\":\"ImageObject\",\"inLanguage\":\"en-US\",\"@id\":\"https:\/\/bozza.com\/#\/schema\/logo\/image\/\",\"url\":\"\",\"contentUrl\":\"\",\"caption\":\"Bozza\"},\"image\":{\"@id\":\"https:\/\/bozza.com\/#\/schema\/logo\/image\/\"},\"sameAs\":[\"https:\/\/www.facebook.com\/bozza.oficial\/\",\"https:\/\/www.instagram.com\/bozzaoficial\/\",\"https:\/\/www.linkedin.com\/company\/bozza\/\",\"https:\/\/www.youtube.com\/channel\/UCQRiHYNpM4VQWF9YxVgSTsw?view_as=subscriber\"]}]}<\/script>\n<!-- \/ Yoast SEO plugin. -->","yoast_head_json":{"title":"HEAVY-DUTY PROPELLING PUMP FOR GREASE 20 KG \u2013 STRIKE SYSTEM \u2013 11020-R20-G5","description":"Propulsora Pneum\u00e1tica para graxa indicado para clientes que necessitam de agilidade e eficie\u0302ncia no processo de lubrificac\u0327a\u0303o.","robots":{"index":"index","follow":"follow","max-snippet":"max-snippet:-1","max-image-preview":"max-image-preview:large","max-video-preview":"max-video-preview:-1"},"canonical":"https:\/\/bozza.com\/en\/produto\/propulsora-pneumatica-para-graxa-20kg-strike-system-11020-r20-g5\/","og_locale":"en_US","og_type":"article","og_title":"HEAVY-DUTY PROPELLING PUMP FOR GREASE 20 KG \u2013 STRIKE SYSTEM \u2013 11020-R20-G5","og_description":"Propulsora Pneum\u00e1tica para graxa indicado para clientes que necessitam de agilidade e eficie\u0302ncia no processo de lubrificac\u0327a\u0303o.","og_url":"https:\/\/bozza.com\/en\/produto\/propulsora-pneumatica-para-graxa-20kg-strike-system-11020-r20-g5\/","og_site_name":"Bozza","article_publisher":"https:\/\/www.facebook.com\/bozza.oficial\/","article_modified_time":"2026-03-19T18:46:01+00:00","og_image":[{"width":1200,"height":1200,"url":"https:\/\/bozza.com\/wp-content\/uploads\/2026\/01\/11020-R20-G5.jpg","type":"image\/jpeg"}],"twitter_card":"summary_large_image","twitter_misc":{"Est. reading time":"1 minute"},"schema":{"@context":"https:\/\/schema.org","@graph":[{"@type":"WebPage","@id":"https:\/\/bozza.com\/en\/produto\/propulsora-pneumatica-para-graxa-20kg-strike-system-11020-r20-g5\/","url":"https:\/\/bozza.com\/en\/produto\/propulsora-pneumatica-para-graxa-20kg-strike-system-11020-r20-g5\/","name":"HEAVY-DUTY PROPELLING PUMP FOR GREASE 20 KG \u2013 STRIKE SYSTEM \u2013 11020-R20-G5","isPartOf":{"@id":"https:\/\/bozza.com\/#website"},"primaryImageOfPage":{"@id":"https:\/\/bozza.com\/en\/produto\/propulsora-pneumatica-para-graxa-20kg-strike-system-11020-r20-g5\/#primaryimage"},"image":{"@id":"https:\/\/bozza.com\/en\/produto\/propulsora-pneumatica-para-graxa-20kg-strike-system-11020-r20-g5\/#primaryimage"},"thumbnailUrl":"https:\/\/bozza.com\/wp-content\/uploads\/2026\/01\/11020-R20-G5.jpg","datePublished":"2023-05-10T14:52:20+00:00","dateModified":"2026-03-19T18:46:01+00:00","description":"Propulsora Pneum\u00e1tica para graxa indicado para clientes que necessitam de agilidade e eficie\u0302ncia no processo de lubrificac\u0327a\u0303o.","breadcrumb":{"@id":"https:\/\/bozza.com\/en\/produto\/propulsora-pneumatica-para-graxa-20kg-strike-system-11020-r20-g5\/#breadcrumb"},"inLanguage":"en-US","potentialAction":[{"@type":"ReadAction","target":["https:\/\/bozza.com\/en\/produto\/propulsora-pneumatica-para-graxa-20kg-strike-system-11020-r20-g5\/"]}]},{"@type":"ImageObject","inLanguage":"en-US","@id":"https:\/\/bozza.com\/en\/produto\/propulsora-pneumatica-para-graxa-20kg-strike-system-11020-r20-g5\/#primaryimage","url":"https:\/\/bozza.com\/wp-content\/uploads\/2026\/01\/11020-R20-G5.jpg","contentUrl":"https:\/\/bozza.com\/wp-content\/uploads\/2026\/01\/11020-R20-G5.jpg","width":1200,"height":1200},{"@type":"BreadcrumbList","@id":"https:\/\/bozza.com\/en\/produto\/propulsora-pneumatica-para-graxa-20kg-strike-system-11020-r20-g5\/#breadcrumb","itemListElement":[{"@type":"ListItem","position":1,"name":"In\u00edcio","item":"https:\/\/bozza.com\/"},{"@type":"ListItem","position":2,"name":"Produtos","item":"https:\/\/bozza.com\/?page_id=70036"},{"@type":"ListItem","position":3,"name":"HEAVY-DUTY PROPELLING PUMP FOR GREASE 20 KG \u2013 STRIKE SYSTEM \u2013 11020-R20-G5"}]},{"@type":"WebSite","@id":"https:\/\/bozza.com\/#website","url":"https:\/\/bozza.com\/","name":"Bozza","description":"Solu\u00e7\u00f5es em Lubrifica\u00e7\u00e3o","publisher":{"@id":"https:\/\/bozza.com\/#organization"},"potentialAction":[{"@type":"SearchAction","target":{"@type":"EntryPoint","urlTemplate":"https:\/\/bozza.com\/?s={search_term_string}"},"query-input":{"@type":"PropertyValueSpecification","valueRequired":true,"valueName":"search_term_string"}}],"inLanguage":"en-US"},{"@type":"Organization","@id":"https:\/\/bozza.com\/#organization","name":"Bozza","url":"https:\/\/bozza.com\/","logo":{"@type":"ImageObject","inLanguage":"en-US","@id":"https:\/\/bozza.com\/#\/schema\/logo\/image\/","url":"","contentUrl":"","caption":"Bozza"},"image":{"@id":"https:\/\/bozza.com\/#\/schema\/logo\/image\/"},"sameAs":["https:\/\/www.facebook.com\/bozza.oficial\/","https:\/\/www.instagram.com\/bozzaoficial\/","https:\/\/www.linkedin.com\/company\/bozza\/","https:\/\/www.youtube.com\/channel\/UCQRiHYNpM4VQWF9YxVgSTsw?view_as=subscriber"]}]}},"_links":{"self":[{"href":"https:\/\/bozza.com\/en\/wp-json\/wp\/v2\/product\/63940","targetHints":{"allow":["GET"]}}],"collection":[{"href":"https:\/\/bozza.com\/en\/wp-json\/wp\/v2\/product"}],"about":[{"href":"https:\/\/bozza.com\/en\/wp-json\/wp\/v2\/types\/product"}],"wp:featuredmedia":[{"embeddable":true,"href":"https:\/\/bozza.com\/en\/wp-json\/wp\/v2\/media\/79663"}],"wp:attachment":[{"href":"https:\/\/bozza.com\/en\/wp-json\/wp\/v2\/media?parent=63940"}],"wp:term":[{"taxonomy":"product_brand","embeddable":true,"href":"https:\/\/bozza.com\/en\/wp-json\/wp\/v2\/product_brand?post=63940"},{"taxonomy":"product_cat","embeddable":true,"href":"https:\/\/bozza.com\/en\/wp-json\/wp\/v2\/product_cat?post=63940"},{"taxonomy":"product_tag","embeddable":true,"href":"https:\/\/bozza.com\/en\/wp-json\/wp\/v2\/product_tag?post=63940"}],"curies":[{"name":"wp","href":"https:\/\/api.w.org\/{rel}","templated":true}]}}