{"id":63948,"date":"2023-05-10T10:59:25","date_gmt":"2023-05-10T13:59:25","guid":{"rendered":"https:\/\/www.bozza.com\/produto\/propulsora-pneumatica-para-graxa-11020-v-3-r50-g5\/"},"modified":"2026-03-19T15:46:37","modified_gmt":"2026-03-19T18:46:37","slug":"propulsora-pneumatica-para-graxa-11020-v-3-r50-g5","status":"publish","type":"product","link":"https:\/\/bozza.com\/en\/produto\/propulsora-pneumatica-para-graxa-11020-v-3-r50-g5\/","title":{"rendered":"HEAVY-DUTY PNEUMATIC PUMP FOR GREASE 11020-V-3-R50-G5"},"content":{"rendered":"<ul>\n<li><span style=\"font-weight: 400;\">Efficiency and agility for grease lubrication;<\/span><\/li>\n<li><span style=\"font-weight: 400;\">Cost reduction in machinery and equipment maintenance;<\/span><\/li>\n<li><span style=\"font-weight: 400;\">Lower air compressed consumption generating savings.<\/span><\/li>\n<li><span style=\"font-weight: 400;\">Reservoir with capacity up to 50 kg.<\/span><\/li>\n<li><span style=\"font-weight: 400;\">Maximum working pressure 100PSI (6.9 BAR)<\/span><\/li>\n<\/ul>\n","protected":false},"excerpt":{"rendered":"<p><span style=\"font-weight: 400;\">Mobile equipment for grease. Recommended for customers who require agility and efficiency in the lubrication process. <\/span><span style=\"font-weight: 400;\">Ideal for automotive dealerships, fast lube centers, service shops, heavy-duty dealerships, fleet services facilities, lube trucks, mining and agriculture, among others.<\/span><\/p>\n","protected":false},"featured_media":58526,"template":"","meta":{"_acf_changed":false},"product_brand":[],"product_cat":[463,1006,467],"product_tag":[482,149,477,483],"class_list":{"0":"post-63948","1":"product","2":"type-product","3":"status-publish","4":"has-post-thumbnail","6":"product_cat-all-products","7":"product_cat-for-grease","8":"product_cat-pneumatic-pumps","9":"product_tag-50kg-en","10":"product_tag-grease","11":"product_tag-graxa-en","12":"product_tag-propulsora-pneumatica-en","14":"first","15":"instock","16":"shipping-taxable","17":"product-type-simple"},"acf":[],"yoast_head":"<!-- This site is optimized with the Yoast SEO plugin v26.9 - https:\/\/yoast.com\/product\/yoast-seo-wordpress\/ -->\n<title>HEAVY-DUTY PNEUMATIC PUMP FOR GREASE 11020-V-3-R50-G5 | Bozza<\/title>\n<meta name=\"description\" content=\"Mobililidade e praticidade no processo de lubrifica\u00e7\u00e3o em m\u00e1quinas e ve\u00edculos automotores | Lubrifica\u00e7\u00e3o de rolamentos, engrenagens, mancais, roletes, correntes, moendas, redutores, engrenagens em geral.\" \/>\n<meta name=\"robots\" content=\"index, follow, max-snippet:-1, max-image-preview:large, max-video-preview:-1\" \/>\n<link rel=\"canonical\" href=\"https:\/\/bozza.com\/en\/produto\/propulsora-pneumatica-para-graxa-11020-v-3-r50-g5\/\" \/>\n<meta property=\"og:locale\" content=\"en_US\" \/>\n<meta property=\"og:type\" content=\"article\" \/>\n<meta property=\"og:title\" content=\"HEAVY-DUTY PNEUMATIC PUMP FOR GREASE 11020-V-3-R50-G5 | Bozza\" \/>\n<meta property=\"og:description\" content=\"Mobililidade e praticidade no processo de lubrifica\u00e7\u00e3o em m\u00e1quinas e ve\u00edculos automotores | Lubrifica\u00e7\u00e3o de rolamentos, engrenagens, mancais, roletes, correntes, moendas, redutores, engrenagens em geral.\" \/>\n<meta property=\"og:url\" content=\"https:\/\/bozza.com\/en\/produto\/propulsora-pneumatica-para-graxa-11020-v-3-r50-g5\/\" \/>\n<meta property=\"og:site_name\" content=\"Bozza\" \/>\n<meta property=\"article:publisher\" content=\"https:\/\/www.facebook.com\/bozza.oficial\/\" \/>\n<meta property=\"article:modified_time\" content=\"2026-03-19T18:46:37+00:00\" \/>\n<meta property=\"og:image\" content=\"https:\/\/bozza.com\/wp-content\/uploads\/2023\/05\/01.200.0837_11020-V-3-R50-G5-_PROPULSORA-GRAXA.jpg\" \/>\n\t<meta property=\"og:image:width\" content=\"1080\" \/>\n\t<meta property=\"og:image:height\" content=\"1080\" \/>\n\t<meta property=\"og:image:type\" content=\"image\/jpeg\" \/>\n<meta name=\"twitter:card\" content=\"summary_large_image\" \/>\n<meta name=\"twitter:label1\" content=\"Est. reading time\" \/>\n\t<meta name=\"twitter:data1\" content=\"1 minute\" \/>\n<script type=\"application\/ld+json\" class=\"yoast-schema-graph\">{\"@context\":\"https:\/\/schema.org\",\"@graph\":[{\"@type\":\"WebPage\",\"@id\":\"https:\/\/bozza.com\/en\/produto\/propulsora-pneumatica-para-graxa-11020-v-3-r50-g5\/\",\"url\":\"https:\/\/bozza.com\/en\/produto\/propulsora-pneumatica-para-graxa-11020-v-3-r50-g5\/\",\"name\":\"HEAVY-DUTY PNEUMATIC PUMP FOR GREASE 11020-V-3-R50-G5 | Bozza\",\"isPartOf\":{\"@id\":\"https:\/\/bozza.com\/#website\"},\"primaryImageOfPage\":{\"@id\":\"https:\/\/bozza.com\/en\/produto\/propulsora-pneumatica-para-graxa-11020-v-3-r50-g5\/#primaryimage\"},\"image\":{\"@id\":\"https:\/\/bozza.com\/en\/produto\/propulsora-pneumatica-para-graxa-11020-v-3-r50-g5\/#primaryimage\"},\"thumbnailUrl\":\"https:\/\/bozza.com\/wp-content\/uploads\/2023\/05\/01.200.0837_11020-V-3-R50-G5-_PROPULSORA-GRAXA.jpg\",\"datePublished\":\"2023-05-10T13:59:25+00:00\",\"dateModified\":\"2026-03-19T18:46:37+00:00\",\"description\":\"Mobililidade e praticidade no processo de lubrifica\u00e7\u00e3o em m\u00e1quinas e ve\u00edculos automotores | Lubrifica\u00e7\u00e3o de rolamentos, engrenagens, mancais, roletes, correntes, moendas, redutores, engrenagens em geral.\",\"breadcrumb\":{\"@id\":\"https:\/\/bozza.com\/en\/produto\/propulsora-pneumatica-para-graxa-11020-v-3-r50-g5\/#breadcrumb\"},\"inLanguage\":\"en-US\",\"potentialAction\":[{\"@type\":\"ReadAction\",\"target\":[\"https:\/\/bozza.com\/en\/produto\/propulsora-pneumatica-para-graxa-11020-v-3-r50-g5\/\"]}]},{\"@type\":\"ImageObject\",\"inLanguage\":\"en-US\",\"@id\":\"https:\/\/bozza.com\/en\/produto\/propulsora-pneumatica-para-graxa-11020-v-3-r50-g5\/#primaryimage\",\"url\":\"https:\/\/bozza.com\/wp-content\/uploads\/2023\/05\/01.200.0837_11020-V-3-R50-G5-_PROPULSORA-GRAXA.jpg\",\"contentUrl\":\"https:\/\/bozza.com\/wp-content\/uploads\/2023\/05\/01.200.0837_11020-V-3-R50-G5-_PROPULSORA-GRAXA.jpg\",\"width\":1080,\"height\":1080},{\"@type\":\"BreadcrumbList\",\"@id\":\"https:\/\/bozza.com\/en\/produto\/propulsora-pneumatica-para-graxa-11020-v-3-r50-g5\/#breadcrumb\",\"itemListElement\":[{\"@type\":\"ListItem\",\"position\":1,\"name\":\"In\u00edcio\",\"item\":\"https:\/\/bozza.com\/\"},{\"@type\":\"ListItem\",\"position\":2,\"name\":\"Produtos\",\"item\":\"https:\/\/bozza.com\/?page_id=70036\"},{\"@type\":\"ListItem\",\"position\":3,\"name\":\"HEAVY-DUTY PNEUMATIC PUMP FOR GREASE 11020-V-3-R50-G5\"}]},{\"@type\":\"WebSite\",\"@id\":\"https:\/\/bozza.com\/#website\",\"url\":\"https:\/\/bozza.com\/\",\"name\":\"Bozza\",\"description\":\"Solu\u00e7\u00f5es em Lubrifica\u00e7\u00e3o\",\"publisher\":{\"@id\":\"https:\/\/bozza.com\/#organization\"},\"potentialAction\":[{\"@type\":\"SearchAction\",\"target\":{\"@type\":\"EntryPoint\",\"urlTemplate\":\"https:\/\/bozza.com\/?s={search_term_string}\"},\"query-input\":{\"@type\":\"PropertyValueSpecification\",\"valueRequired\":true,\"valueName\":\"search_term_string\"}}],\"inLanguage\":\"en-US\"},{\"@type\":\"Organization\",\"@id\":\"https:\/\/bozza.com\/#organization\",\"name\":\"Bozza\",\"url\":\"https:\/\/bozza.com\/\",\"logo\":{\"@type\":\"ImageObject\",\"inLanguage\":\"en-US\",\"@id\":\"https:\/\/bozza.com\/#\/schema\/logo\/image\/\",\"url\":\"\",\"contentUrl\":\"\",\"caption\":\"Bozza\"},\"image\":{\"@id\":\"https:\/\/bozza.com\/#\/schema\/logo\/image\/\"},\"sameAs\":[\"https:\/\/www.facebook.com\/bozza.oficial\/\",\"https:\/\/www.instagram.com\/bozzaoficial\/\",\"https:\/\/www.linkedin.com\/company\/bozza\/\",\"https:\/\/www.youtube.com\/channel\/UCQRiHYNpM4VQWF9YxVgSTsw?view_as=subscriber\"]}]}<\/script>\n<!-- \/ Yoast SEO plugin. -->","yoast_head_json":{"title":"HEAVY-DUTY PNEUMATIC PUMP FOR GREASE 11020-V-3-R50-G5 | Bozza","description":"Mobililidade e praticidade no processo de lubrifica\u00e7\u00e3o em m\u00e1quinas e ve\u00edculos automotores | Lubrifica\u00e7\u00e3o de rolamentos, engrenagens, mancais, roletes, correntes, moendas, redutores, engrenagens em geral.","robots":{"index":"index","follow":"follow","max-snippet":"max-snippet:-1","max-image-preview":"max-image-preview:large","max-video-preview":"max-video-preview:-1"},"canonical":"https:\/\/bozza.com\/en\/produto\/propulsora-pneumatica-para-graxa-11020-v-3-r50-g5\/","og_locale":"en_US","og_type":"article","og_title":"HEAVY-DUTY PNEUMATIC PUMP FOR GREASE 11020-V-3-R50-G5 | Bozza","og_description":"Mobililidade e praticidade no processo de lubrifica\u00e7\u00e3o em m\u00e1quinas e ve\u00edculos automotores | Lubrifica\u00e7\u00e3o de rolamentos, engrenagens, mancais, roletes, correntes, moendas, redutores, engrenagens em geral.","og_url":"https:\/\/bozza.com\/en\/produto\/propulsora-pneumatica-para-graxa-11020-v-3-r50-g5\/","og_site_name":"Bozza","article_publisher":"https:\/\/www.facebook.com\/bozza.oficial\/","article_modified_time":"2026-03-19T18:46:37+00:00","og_image":[{"width":1080,"height":1080,"url":"https:\/\/bozza.com\/wp-content\/uploads\/2023\/05\/01.200.0837_11020-V-3-R50-G5-_PROPULSORA-GRAXA.jpg","type":"image\/jpeg"}],"twitter_card":"summary_large_image","twitter_misc":{"Est. reading time":"1 minute"},"schema":{"@context":"https:\/\/schema.org","@graph":[{"@type":"WebPage","@id":"https:\/\/bozza.com\/en\/produto\/propulsora-pneumatica-para-graxa-11020-v-3-r50-g5\/","url":"https:\/\/bozza.com\/en\/produto\/propulsora-pneumatica-para-graxa-11020-v-3-r50-g5\/","name":"HEAVY-DUTY PNEUMATIC PUMP FOR GREASE 11020-V-3-R50-G5 | Bozza","isPartOf":{"@id":"https:\/\/bozza.com\/#website"},"primaryImageOfPage":{"@id":"https:\/\/bozza.com\/en\/produto\/propulsora-pneumatica-para-graxa-11020-v-3-r50-g5\/#primaryimage"},"image":{"@id":"https:\/\/bozza.com\/en\/produto\/propulsora-pneumatica-para-graxa-11020-v-3-r50-g5\/#primaryimage"},"thumbnailUrl":"https:\/\/bozza.com\/wp-content\/uploads\/2023\/05\/01.200.0837_11020-V-3-R50-G5-_PROPULSORA-GRAXA.jpg","datePublished":"2023-05-10T13:59:25+00:00","dateModified":"2026-03-19T18:46:37+00:00","description":"Mobililidade e praticidade no processo de lubrifica\u00e7\u00e3o em m\u00e1quinas e ve\u00edculos automotores | Lubrifica\u00e7\u00e3o de rolamentos, engrenagens, mancais, roletes, correntes, moendas, redutores, engrenagens em geral.","breadcrumb":{"@id":"https:\/\/bozza.com\/en\/produto\/propulsora-pneumatica-para-graxa-11020-v-3-r50-g5\/#breadcrumb"},"inLanguage":"en-US","potentialAction":[{"@type":"ReadAction","target":["https:\/\/bozza.com\/en\/produto\/propulsora-pneumatica-para-graxa-11020-v-3-r50-g5\/"]}]},{"@type":"ImageObject","inLanguage":"en-US","@id":"https:\/\/bozza.com\/en\/produto\/propulsora-pneumatica-para-graxa-11020-v-3-r50-g5\/#primaryimage","url":"https:\/\/bozza.com\/wp-content\/uploads\/2023\/05\/01.200.0837_11020-V-3-R50-G5-_PROPULSORA-GRAXA.jpg","contentUrl":"https:\/\/bozza.com\/wp-content\/uploads\/2023\/05\/01.200.0837_11020-V-3-R50-G5-_PROPULSORA-GRAXA.jpg","width":1080,"height":1080},{"@type":"BreadcrumbList","@id":"https:\/\/bozza.com\/en\/produto\/propulsora-pneumatica-para-graxa-11020-v-3-r50-g5\/#breadcrumb","itemListElement":[{"@type":"ListItem","position":1,"name":"In\u00edcio","item":"https:\/\/bozza.com\/"},{"@type":"ListItem","position":2,"name":"Produtos","item":"https:\/\/bozza.com\/?page_id=70036"},{"@type":"ListItem","position":3,"name":"HEAVY-DUTY PNEUMATIC PUMP FOR GREASE 11020-V-3-R50-G5"}]},{"@type":"WebSite","@id":"https:\/\/bozza.com\/#website","url":"https:\/\/bozza.com\/","name":"Bozza","description":"Solu\u00e7\u00f5es em Lubrifica\u00e7\u00e3o","publisher":{"@id":"https:\/\/bozza.com\/#organization"},"potentialAction":[{"@type":"SearchAction","target":{"@type":"EntryPoint","urlTemplate":"https:\/\/bozza.com\/?s={search_term_string}"},"query-input":{"@type":"PropertyValueSpecification","valueRequired":true,"valueName":"search_term_string"}}],"inLanguage":"en-US"},{"@type":"Organization","@id":"https:\/\/bozza.com\/#organization","name":"Bozza","url":"https:\/\/bozza.com\/","logo":{"@type":"ImageObject","inLanguage":"en-US","@id":"https:\/\/bozza.com\/#\/schema\/logo\/image\/","url":"","contentUrl":"","caption":"Bozza"},"image":{"@id":"https:\/\/bozza.com\/#\/schema\/logo\/image\/"},"sameAs":["https:\/\/www.facebook.com\/bozza.oficial\/","https:\/\/www.instagram.com\/bozzaoficial\/","https:\/\/www.linkedin.com\/company\/bozza\/","https:\/\/www.youtube.com\/channel\/UCQRiHYNpM4VQWF9YxVgSTsw?view_as=subscriber"]}]}},"_links":{"self":[{"href":"https:\/\/bozza.com\/en\/wp-json\/wp\/v2\/product\/63948","targetHints":{"allow":["GET"]}}],"collection":[{"href":"https:\/\/bozza.com\/en\/wp-json\/wp\/v2\/product"}],"about":[{"href":"https:\/\/bozza.com\/en\/wp-json\/wp\/v2\/types\/product"}],"wp:featuredmedia":[{"embeddable":true,"href":"https:\/\/bozza.com\/en\/wp-json\/wp\/v2\/media\/58526"}],"wp:attachment":[{"href":"https:\/\/bozza.com\/en\/wp-json\/wp\/v2\/media?parent=63948"}],"wp:term":[{"taxonomy":"product_brand","embeddable":true,"href":"https:\/\/bozza.com\/en\/wp-json\/wp\/v2\/product_brand?post=63948"},{"taxonomy":"product_cat","embeddable":true,"href":"https:\/\/bozza.com\/en\/wp-json\/wp\/v2\/product_cat?post=63948"},{"taxonomy":"product_tag","embeddable":true,"href":"https:\/\/bozza.com\/en\/wp-json\/wp\/v2\/product_tag?post=63948"}],"curies":[{"name":"wp","href":"https:\/\/api.w.org\/{rel}","templated":true}]}}