{"id":63958,"date":"2023-04-25T17:06:40","date_gmt":"2023-04-25T20:06:40","guid":{"rendered":"https:\/\/www.bozza.com\/produto\/comando-5031-new\/"},"modified":"2026-03-20T09:38:34","modified_gmt":"2026-03-20T12:38:34","slug":"comando-5031-new","status":"publish","type":"product","link":"https:\/\/bozza.com\/en\/produto\/comando-5031-new\/","title":{"rendered":"OIL GUN CONTROL COMMAND FOR LUBRICATING OIL 5031-NEW"},"content":{"rendered":"<ul>\n<li><span style=\"font-weight: 400;\">Max. Flow 35 L\/min<\/span><\/li>\n<li><span style=\"font-weight: 400;\">Min. Flow<\/span><span style=\"font-weight: 400;\"> 1 L\/min<\/span><\/li>\n<li><span style=\"font-weight: 400;\">Max. Viscosity SAE140<\/span><\/li>\n<li><span style=\"font-weight: 400;\">Max. Working Pressure 1,450 PSI \/ 100 BAR<\/span><\/li>\n<li><span style=\"font-weight: 400;\">\u00bd inch NPT Hose Female Inlet<\/span><\/li>\n<li><span style=\"font-weight: 400;\">Maximum working pressure 100PSI (6.9 BAR)<\/span><\/li>\n<\/ul>\n","protected":false},"excerpt":{"rendered":"<p><span style=\"font-weight: 400;\">Gun control with anti-drip system for direct application to engine reservoirs and various equipment. The lubricating oil flow control, with viscosity up to SAE140, is applied to all pneumatic oil propelling pumps.<\/span> <span style=\"font-weight: 400;\">Optimal for supplying lubricating oil to engines, gearboxes, hydraulic systems, among others.<\/span><\/p>\n","protected":false},"featured_media":58313,"template":"","meta":{"_acf_changed":false},"product_brand":[],"product_cat":[463,262],"product_tag":[533,483,265],"class_list":{"0":"post-63958","1":"product","2":"type-product","3":"status-publish","4":"has-post-thumbnail","6":"product_cat-all-products","7":"product_cat-valves-nozzles-electric-mechanical-meters","8":"product_tag-comando-en","9":"product_tag-propulsora-pneumatica-en","10":"product_tag-valvula-en","12":"first","13":"instock","14":"shipping-taxable","15":"product-type-simple"},"acf":[],"yoast_head":"<!-- This site is optimized with the Yoast SEO plugin v26.9 - https:\/\/yoast.com\/product\/yoast-seo-wordpress\/ -->\n<title>OIL GUN CONTROL COMMAND FOR LUBRICATING OIL 5031-NEW T\u00edtulo do site |<\/title>\n<meta name=\"description\" content=\"Comando de \u00f3leo para \u00f3leo lubrificante | Controle de \u00f3leo lubrificante | sistema anti-gotejante para aplica\u00e7\u00e3o diretamente em reservat\u00f3rio.\" \/>\n<meta name=\"robots\" content=\"index, follow, max-snippet:-1, max-image-preview:large, max-video-preview:-1\" \/>\n<link rel=\"canonical\" href=\"https:\/\/bozza.com\/en\/produto\/comando-5031-new\/\" \/>\n<meta property=\"og:locale\" content=\"en_US\" \/>\n<meta property=\"og:type\" content=\"article\" \/>\n<meta property=\"og:title\" content=\"OIL GUN CONTROL COMMAND FOR LUBRICATING OIL 5031-NEW T\u00edtulo do site |\" \/>\n<meta property=\"og:description\" content=\"Comando de \u00f3leo para \u00f3leo lubrificante | Controle de \u00f3leo lubrificante | sistema anti-gotejante para aplica\u00e7\u00e3o diretamente em reservat\u00f3rio.\" \/>\n<meta property=\"og:url\" content=\"https:\/\/bozza.com\/en\/produto\/comando-5031-new\/\" \/>\n<meta property=\"og:site_name\" content=\"Bozza\" \/>\n<meta property=\"article:publisher\" content=\"https:\/\/www.facebook.com\/bozza.oficial\/\" \/>\n<meta property=\"article:modified_time\" content=\"2026-03-20T12:38:34+00:00\" \/>\n<meta property=\"og:image\" content=\"https:\/\/bozza.com\/wp-content\/uploads\/2023\/04\/12.420.0033_5031-NEW_COMANDO-DE-OLEO-1-2_BOZZA-1.jpg\" \/>\n\t<meta property=\"og:image:width\" content=\"1080\" \/>\n\t<meta property=\"og:image:height\" content=\"1080\" \/>\n\t<meta property=\"og:image:type\" content=\"image\/jpeg\" \/>\n<meta name=\"twitter:card\" content=\"summary_large_image\" \/>\n<meta name=\"twitter:label1\" content=\"Est. reading time\" \/>\n\t<meta name=\"twitter:data1\" content=\"1 minute\" \/>\n<script type=\"application\/ld+json\" class=\"yoast-schema-graph\">{\"@context\":\"https:\/\/schema.org\",\"@graph\":[{\"@type\":\"WebPage\",\"@id\":\"https:\/\/bozza.com\/en\/produto\/comando-5031-new\/\",\"url\":\"https:\/\/bozza.com\/en\/produto\/comando-5031-new\/\",\"name\":\"OIL GUN CONTROL COMMAND FOR LUBRICATING OIL 5031-NEW T\u00edtulo do site |\",\"isPartOf\":{\"@id\":\"https:\/\/bozza.com\/#website\"},\"primaryImageOfPage\":{\"@id\":\"https:\/\/bozza.com\/en\/produto\/comando-5031-new\/#primaryimage\"},\"image\":{\"@id\":\"https:\/\/bozza.com\/en\/produto\/comando-5031-new\/#primaryimage\"},\"thumbnailUrl\":\"https:\/\/bozza.com\/wp-content\/uploads\/2023\/04\/12.420.0033_5031-NEW_COMANDO-DE-OLEO-1-2_BOZZA-1.jpg\",\"datePublished\":\"2023-04-25T20:06:40+00:00\",\"dateModified\":\"2026-03-20T12:38:34+00:00\",\"description\":\"Comando de \u00f3leo para \u00f3leo lubrificante | Controle de \u00f3leo lubrificante | sistema anti-gotejante para aplica\u00e7\u00e3o diretamente em reservat\u00f3rio.\",\"breadcrumb\":{\"@id\":\"https:\/\/bozza.com\/en\/produto\/comando-5031-new\/#breadcrumb\"},\"inLanguage\":\"en-US\",\"potentialAction\":[{\"@type\":\"ReadAction\",\"target\":[\"https:\/\/bozza.com\/en\/produto\/comando-5031-new\/\"]}]},{\"@type\":\"ImageObject\",\"inLanguage\":\"en-US\",\"@id\":\"https:\/\/bozza.com\/en\/produto\/comando-5031-new\/#primaryimage\",\"url\":\"https:\/\/bozza.com\/wp-content\/uploads\/2023\/04\/12.420.0033_5031-NEW_COMANDO-DE-OLEO-1-2_BOZZA-1.jpg\",\"contentUrl\":\"https:\/\/bozza.com\/wp-content\/uploads\/2023\/04\/12.420.0033_5031-NEW_COMANDO-DE-OLEO-1-2_BOZZA-1.jpg\",\"width\":1080,\"height\":1080,\"caption\":\"5031-new_Bozza\"},{\"@type\":\"BreadcrumbList\",\"@id\":\"https:\/\/bozza.com\/en\/produto\/comando-5031-new\/#breadcrumb\",\"itemListElement\":[{\"@type\":\"ListItem\",\"position\":1,\"name\":\"In\u00edcio\",\"item\":\"https:\/\/bozza.com\/\"},{\"@type\":\"ListItem\",\"position\":2,\"name\":\"Produtos\",\"item\":\"https:\/\/bozza.com\/?page_id=70036\"},{\"@type\":\"ListItem\",\"position\":3,\"name\":\"OIL GUN CONTROL COMMAND FOR LUBRICATING OIL 5031-NEW\"}]},{\"@type\":\"WebSite\",\"@id\":\"https:\/\/bozza.com\/#website\",\"url\":\"https:\/\/bozza.com\/\",\"name\":\"Bozza\",\"description\":\"Solu\u00e7\u00f5es em Lubrifica\u00e7\u00e3o\",\"publisher\":{\"@id\":\"https:\/\/bozza.com\/#organization\"},\"potentialAction\":[{\"@type\":\"SearchAction\",\"target\":{\"@type\":\"EntryPoint\",\"urlTemplate\":\"https:\/\/bozza.com\/?s={search_term_string}\"},\"query-input\":{\"@type\":\"PropertyValueSpecification\",\"valueRequired\":true,\"valueName\":\"search_term_string\"}}],\"inLanguage\":\"en-US\"},{\"@type\":\"Organization\",\"@id\":\"https:\/\/bozza.com\/#organization\",\"name\":\"Bozza\",\"url\":\"https:\/\/bozza.com\/\",\"logo\":{\"@type\":\"ImageObject\",\"inLanguage\":\"en-US\",\"@id\":\"https:\/\/bozza.com\/#\/schema\/logo\/image\/\",\"url\":\"\",\"contentUrl\":\"\",\"caption\":\"Bozza\"},\"image\":{\"@id\":\"https:\/\/bozza.com\/#\/schema\/logo\/image\/\"},\"sameAs\":[\"https:\/\/www.facebook.com\/bozza.oficial\/\",\"https:\/\/www.instagram.com\/bozzaoficial\/\",\"https:\/\/www.linkedin.com\/company\/bozza\/\",\"https:\/\/www.youtube.com\/channel\/UCQRiHYNpM4VQWF9YxVgSTsw?view_as=subscriber\"]}]}<\/script>\n<!-- \/ Yoast SEO plugin. -->","yoast_head_json":{"title":"OIL GUN CONTROL COMMAND FOR LUBRICATING OIL 5031-NEW T\u00edtulo do site |","description":"Comando de \u00f3leo para \u00f3leo lubrificante | Controle de \u00f3leo lubrificante | sistema anti-gotejante para aplica\u00e7\u00e3o diretamente em reservat\u00f3rio.","robots":{"index":"index","follow":"follow","max-snippet":"max-snippet:-1","max-image-preview":"max-image-preview:large","max-video-preview":"max-video-preview:-1"},"canonical":"https:\/\/bozza.com\/en\/produto\/comando-5031-new\/","og_locale":"en_US","og_type":"article","og_title":"OIL GUN CONTROL COMMAND FOR LUBRICATING OIL 5031-NEW T\u00edtulo do site |","og_description":"Comando de \u00f3leo para \u00f3leo lubrificante | Controle de \u00f3leo lubrificante | sistema anti-gotejante para aplica\u00e7\u00e3o diretamente em reservat\u00f3rio.","og_url":"https:\/\/bozza.com\/en\/produto\/comando-5031-new\/","og_site_name":"Bozza","article_publisher":"https:\/\/www.facebook.com\/bozza.oficial\/","article_modified_time":"2026-03-20T12:38:34+00:00","og_image":[{"width":1080,"height":1080,"url":"https:\/\/bozza.com\/wp-content\/uploads\/2023\/04\/12.420.0033_5031-NEW_COMANDO-DE-OLEO-1-2_BOZZA-1.jpg","type":"image\/jpeg"}],"twitter_card":"summary_large_image","twitter_misc":{"Est. reading time":"1 minute"},"schema":{"@context":"https:\/\/schema.org","@graph":[{"@type":"WebPage","@id":"https:\/\/bozza.com\/en\/produto\/comando-5031-new\/","url":"https:\/\/bozza.com\/en\/produto\/comando-5031-new\/","name":"OIL GUN CONTROL COMMAND FOR LUBRICATING OIL 5031-NEW T\u00edtulo do site |","isPartOf":{"@id":"https:\/\/bozza.com\/#website"},"primaryImageOfPage":{"@id":"https:\/\/bozza.com\/en\/produto\/comando-5031-new\/#primaryimage"},"image":{"@id":"https:\/\/bozza.com\/en\/produto\/comando-5031-new\/#primaryimage"},"thumbnailUrl":"https:\/\/bozza.com\/wp-content\/uploads\/2023\/04\/12.420.0033_5031-NEW_COMANDO-DE-OLEO-1-2_BOZZA-1.jpg","datePublished":"2023-04-25T20:06:40+00:00","dateModified":"2026-03-20T12:38:34+00:00","description":"Comando de \u00f3leo para \u00f3leo lubrificante | Controle de \u00f3leo lubrificante | sistema anti-gotejante para aplica\u00e7\u00e3o diretamente em reservat\u00f3rio.","breadcrumb":{"@id":"https:\/\/bozza.com\/en\/produto\/comando-5031-new\/#breadcrumb"},"inLanguage":"en-US","potentialAction":[{"@type":"ReadAction","target":["https:\/\/bozza.com\/en\/produto\/comando-5031-new\/"]}]},{"@type":"ImageObject","inLanguage":"en-US","@id":"https:\/\/bozza.com\/en\/produto\/comando-5031-new\/#primaryimage","url":"https:\/\/bozza.com\/wp-content\/uploads\/2023\/04\/12.420.0033_5031-NEW_COMANDO-DE-OLEO-1-2_BOZZA-1.jpg","contentUrl":"https:\/\/bozza.com\/wp-content\/uploads\/2023\/04\/12.420.0033_5031-NEW_COMANDO-DE-OLEO-1-2_BOZZA-1.jpg","width":1080,"height":1080,"caption":"5031-new_Bozza"},{"@type":"BreadcrumbList","@id":"https:\/\/bozza.com\/en\/produto\/comando-5031-new\/#breadcrumb","itemListElement":[{"@type":"ListItem","position":1,"name":"In\u00edcio","item":"https:\/\/bozza.com\/"},{"@type":"ListItem","position":2,"name":"Produtos","item":"https:\/\/bozza.com\/?page_id=70036"},{"@type":"ListItem","position":3,"name":"OIL GUN CONTROL COMMAND FOR LUBRICATING OIL 5031-NEW"}]},{"@type":"WebSite","@id":"https:\/\/bozza.com\/#website","url":"https:\/\/bozza.com\/","name":"Bozza","description":"Solu\u00e7\u00f5es em Lubrifica\u00e7\u00e3o","publisher":{"@id":"https:\/\/bozza.com\/#organization"},"potentialAction":[{"@type":"SearchAction","target":{"@type":"EntryPoint","urlTemplate":"https:\/\/bozza.com\/?s={search_term_string}"},"query-input":{"@type":"PropertyValueSpecification","valueRequired":true,"valueName":"search_term_string"}}],"inLanguage":"en-US"},{"@type":"Organization","@id":"https:\/\/bozza.com\/#organization","name":"Bozza","url":"https:\/\/bozza.com\/","logo":{"@type":"ImageObject","inLanguage":"en-US","@id":"https:\/\/bozza.com\/#\/schema\/logo\/image\/","url":"","contentUrl":"","caption":"Bozza"},"image":{"@id":"https:\/\/bozza.com\/#\/schema\/logo\/image\/"},"sameAs":["https:\/\/www.facebook.com\/bozza.oficial\/","https:\/\/www.instagram.com\/bozzaoficial\/","https:\/\/www.linkedin.com\/company\/bozza\/","https:\/\/www.youtube.com\/channel\/UCQRiHYNpM4VQWF9YxVgSTsw?view_as=subscriber"]}]}},"_links":{"self":[{"href":"https:\/\/bozza.com\/en\/wp-json\/wp\/v2\/product\/63958","targetHints":{"allow":["GET"]}}],"collection":[{"href":"https:\/\/bozza.com\/en\/wp-json\/wp\/v2\/product"}],"about":[{"href":"https:\/\/bozza.com\/en\/wp-json\/wp\/v2\/types\/product"}],"wp:featuredmedia":[{"embeddable":true,"href":"https:\/\/bozza.com\/en\/wp-json\/wp\/v2\/media\/58313"}],"wp:attachment":[{"href":"https:\/\/bozza.com\/en\/wp-json\/wp\/v2\/media?parent=63958"}],"wp:term":[{"taxonomy":"product_brand","embeddable":true,"href":"https:\/\/bozza.com\/en\/wp-json\/wp\/v2\/product_brand?post=63958"},{"taxonomy":"product_cat","embeddable":true,"href":"https:\/\/bozza.com\/en\/wp-json\/wp\/v2\/product_cat?post=63958"},{"taxonomy":"product_tag","embeddable":true,"href":"https:\/\/bozza.com\/en\/wp-json\/wp\/v2\/product_tag?post=63958"}],"curies":[{"name":"wp","href":"https:\/\/api.w.org\/{rel}","templated":true}]}}