{"id":63960,"date":"2023-04-14T09:45:45","date_gmt":"2023-04-14T12:45:45","guid":{"rendered":"https:\/\/www.bozza.com\/produto\/mangueira-combustivel-5725-5\/"},"modified":"2026-03-20T09:38:45","modified_gmt":"2026-03-20T12:38:45","slug":"mangueira-combustivel-5725-5","status":"publish","type":"product","link":"https:\/\/bozza.com\/en\/produto\/mangueira-combustivel-5725-5\/","title":{"rendered":"1 INCH RUBBER HOSE FOR FUEL 5725-5"},"content":{"rendered":"<ul>\n<li><span style=\"font-weight: 400;\">Fixed Male: <\/span><span style=\"font-weight: 400;\">1 inch NPT (Fixed)<\/span><\/li>\n<li><span style=\"font-weight: 400;\">Swivel Male:<\/span> <span style=\"font-weight: 400;\">1 inch NPT (Swivel)<\/span><\/li>\n<li><span style=\"font-weight: 400;\">Extension: 5 m<\/span><\/li>\n<li><span style=\"font-weight: 400;\">Working pressure: 1015 PSI<\/span><\/li>\n<li><span style=\"font-weight: 400;\">Burst pressure:<\/span><span style=\"font-weight: 400;\"> 4061 PSI<\/span><\/li>\n<li><span style=\"font-weight: 400;\">Standard: SAE 100 R1 \/ DIN EM 853 1SN<\/span><\/li>\n<\/ul>\n","protected":false},"excerpt":{"rendered":"<p><span style=\"font-weight: 400;\">Recommended for supplying small fleets, agricultural machinery and equipment, as well as gas stations. Compatible with fuels in general such as Diesel, Ethanol, Gasoline, Kerosene, Mineral and soluble oils, and oil by-products.<\/span><\/p>\n","protected":false},"featured_media":58196,"template":"","meta":{"_acf_changed":false},"product_brand":[],"product_cat":[472,463,475,246,1004,1008,468],"product_tag":[1033,534,535,536,537,484],"class_list":{"0":"post-63960","1":"product","2":"type-product","3":"status-publish","4":"has-post-thumbnail","6":"product_cat-accessories","7":"product_cat-all-products","8":"product_cat-convoy-equipment","9":"product_cat-equipamentos-para-postos-de-servicos-en","10":"product_cat-for-diesel","11":"product_cat-for-oil","12":"product_cat-hose-reels-and-hoses","13":"product_tag-abastecimento-en-2","14":"product_tag-agro-en","15":"product_tag-comboio-en","16":"product_tag-posto-de-combustivel-en","17":"product_tag-posto-de-servico-en","18":"product_tag-abastecimento-en","20":"first","21":"instock","22":"shipping-taxable","23":"product-type-simple"},"acf":[],"yoast_head":"<!-- This site is optimized with the Yoast SEO plugin v26.9 - https:\/\/yoast.com\/product\/yoast-seo-wordpress\/ -->\n<title>1 INCH RUBBER HOSE FOR FUEL 5725-5 | Bozza<\/title>\n<meta name=\"robots\" content=\"index, follow, max-snippet:-1, max-image-preview:large, max-video-preview:-1\" \/>\n<link rel=\"canonical\" href=\"https:\/\/bozza.com\/en\/produto\/mangueira-combustivel-5725-5\/\" \/>\n<meta property=\"og:locale\" content=\"en_US\" \/>\n<meta property=\"og:type\" content=\"article\" \/>\n<meta property=\"og:title\" content=\"1 INCH RUBBER HOSE FOR FUEL 5725-5 | Bozza\" \/>\n<meta property=\"og:description\" content=\"Recommended for supplying small fleets, agricultural machinery and equipment, as well as gas stations. Compatible with fuels in general such as Diesel, Ethanol, Gasoline, Kerosene, Mineral and soluble oils, and oil by-products.\" \/>\n<meta property=\"og:url\" content=\"https:\/\/bozza.com\/en\/produto\/mangueira-combustivel-5725-5\/\" \/>\n<meta property=\"og:site_name\" content=\"Bozza\" \/>\n<meta property=\"article:publisher\" content=\"https:\/\/www.facebook.com\/bozza.oficial\/\" \/>\n<meta property=\"article:modified_time\" content=\"2026-03-20T12:38:45+00:00\" \/>\n<meta property=\"og:image\" content=\"https:\/\/bozza.com\/wp-content\/uploads\/2023\/04\/02.231.0245_MANGUEIRA-COMBUSTIVEL_1P.jpg\" \/>\n\t<meta property=\"og:image:width\" content=\"1080\" \/>\n\t<meta property=\"og:image:height\" content=\"1080\" \/>\n\t<meta property=\"og:image:type\" content=\"image\/jpeg\" \/>\n<meta name=\"twitter:card\" content=\"summary_large_image\" \/>\n<meta name=\"twitter:label1\" content=\"Est. reading time\" \/>\n\t<meta name=\"twitter:data1\" content=\"1 minute\" \/>\n<script type=\"application\/ld+json\" class=\"yoast-schema-graph\">{\"@context\":\"https:\/\/schema.org\",\"@graph\":[{\"@type\":\"WebPage\",\"@id\":\"https:\/\/bozza.com\/en\/produto\/mangueira-combustivel-5725-5\/\",\"url\":\"https:\/\/bozza.com\/en\/produto\/mangueira-combustivel-5725-5\/\",\"name\":\"1 INCH RUBBER HOSE FOR FUEL 5725-5 | Bozza\",\"isPartOf\":{\"@id\":\"https:\/\/bozza.com\/#website\"},\"primaryImageOfPage\":{\"@id\":\"https:\/\/bozza.com\/en\/produto\/mangueira-combustivel-5725-5\/#primaryimage\"},\"image\":{\"@id\":\"https:\/\/bozza.com\/en\/produto\/mangueira-combustivel-5725-5\/#primaryimage\"},\"thumbnailUrl\":\"https:\/\/bozza.com\/wp-content\/uploads\/2023\/04\/02.231.0245_MANGUEIRA-COMBUSTIVEL_1P.jpg\",\"datePublished\":\"2023-04-14T12:45:45+00:00\",\"dateModified\":\"2026-03-20T12:38:45+00:00\",\"breadcrumb\":{\"@id\":\"https:\/\/bozza.com\/en\/produto\/mangueira-combustivel-5725-5\/#breadcrumb\"},\"inLanguage\":\"en-US\",\"potentialAction\":[{\"@type\":\"ReadAction\",\"target\":[\"https:\/\/bozza.com\/en\/produto\/mangueira-combustivel-5725-5\/\"]}]},{\"@type\":\"ImageObject\",\"inLanguage\":\"en-US\",\"@id\":\"https:\/\/bozza.com\/en\/produto\/mangueira-combustivel-5725-5\/#primaryimage\",\"url\":\"https:\/\/bozza.com\/wp-content\/uploads\/2023\/04\/02.231.0245_MANGUEIRA-COMBUSTIVEL_1P.jpg\",\"contentUrl\":\"https:\/\/bozza.com\/wp-content\/uploads\/2023\/04\/02.231.0245_MANGUEIRA-COMBUSTIVEL_1P.jpg\",\"width\":1080,\"height\":1080},{\"@type\":\"BreadcrumbList\",\"@id\":\"https:\/\/bozza.com\/en\/produto\/mangueira-combustivel-5725-5\/#breadcrumb\",\"itemListElement\":[{\"@type\":\"ListItem\",\"position\":1,\"name\":\"In\u00edcio\",\"item\":\"https:\/\/bozza.com\/\"},{\"@type\":\"ListItem\",\"position\":2,\"name\":\"Produtos\",\"item\":\"https:\/\/bozza.com\/?page_id=70036\"},{\"@type\":\"ListItem\",\"position\":3,\"name\":\"1 INCH RUBBER HOSE FOR FUEL 5725-5\"}]},{\"@type\":\"WebSite\",\"@id\":\"https:\/\/bozza.com\/#website\",\"url\":\"https:\/\/bozza.com\/\",\"name\":\"Bozza\",\"description\":\"Solu\u00e7\u00f5es em Lubrifica\u00e7\u00e3o\",\"publisher\":{\"@id\":\"https:\/\/bozza.com\/#organization\"},\"potentialAction\":[{\"@type\":\"SearchAction\",\"target\":{\"@type\":\"EntryPoint\",\"urlTemplate\":\"https:\/\/bozza.com\/?s={search_term_string}\"},\"query-input\":{\"@type\":\"PropertyValueSpecification\",\"valueRequired\":true,\"valueName\":\"search_term_string\"}}],\"inLanguage\":\"en-US\"},{\"@type\":\"Organization\",\"@id\":\"https:\/\/bozza.com\/#organization\",\"name\":\"Bozza\",\"url\":\"https:\/\/bozza.com\/\",\"logo\":{\"@type\":\"ImageObject\",\"inLanguage\":\"en-US\",\"@id\":\"https:\/\/bozza.com\/#\/schema\/logo\/image\/\",\"url\":\"\",\"contentUrl\":\"\",\"caption\":\"Bozza\"},\"image\":{\"@id\":\"https:\/\/bozza.com\/#\/schema\/logo\/image\/\"},\"sameAs\":[\"https:\/\/www.facebook.com\/bozza.oficial\/\",\"https:\/\/www.instagram.com\/bozzaoficial\/\",\"https:\/\/www.linkedin.com\/company\/bozza\/\",\"https:\/\/www.youtube.com\/channel\/UCQRiHYNpM4VQWF9YxVgSTsw?view_as=subscriber\"]}]}<\/script>\n<!-- \/ Yoast SEO plugin. -->","yoast_head_json":{"title":"1 INCH RUBBER HOSE FOR FUEL 5725-5 | Bozza","robots":{"index":"index","follow":"follow","max-snippet":"max-snippet:-1","max-image-preview":"max-image-preview:large","max-video-preview":"max-video-preview:-1"},"canonical":"https:\/\/bozza.com\/en\/produto\/mangueira-combustivel-5725-5\/","og_locale":"en_US","og_type":"article","og_title":"1 INCH RUBBER HOSE FOR FUEL 5725-5 | Bozza","og_description":"Recommended for supplying small fleets, agricultural machinery and equipment, as well as gas stations. Compatible with fuels in general such as Diesel, Ethanol, Gasoline, Kerosene, Mineral and soluble oils, and oil by-products.","og_url":"https:\/\/bozza.com\/en\/produto\/mangueira-combustivel-5725-5\/","og_site_name":"Bozza","article_publisher":"https:\/\/www.facebook.com\/bozza.oficial\/","article_modified_time":"2026-03-20T12:38:45+00:00","og_image":[{"width":1080,"height":1080,"url":"https:\/\/bozza.com\/wp-content\/uploads\/2023\/04\/02.231.0245_MANGUEIRA-COMBUSTIVEL_1P.jpg","type":"image\/jpeg"}],"twitter_card":"summary_large_image","twitter_misc":{"Est. reading time":"1 minute"},"schema":{"@context":"https:\/\/schema.org","@graph":[{"@type":"WebPage","@id":"https:\/\/bozza.com\/en\/produto\/mangueira-combustivel-5725-5\/","url":"https:\/\/bozza.com\/en\/produto\/mangueira-combustivel-5725-5\/","name":"1 INCH RUBBER HOSE FOR FUEL 5725-5 | Bozza","isPartOf":{"@id":"https:\/\/bozza.com\/#website"},"primaryImageOfPage":{"@id":"https:\/\/bozza.com\/en\/produto\/mangueira-combustivel-5725-5\/#primaryimage"},"image":{"@id":"https:\/\/bozza.com\/en\/produto\/mangueira-combustivel-5725-5\/#primaryimage"},"thumbnailUrl":"https:\/\/bozza.com\/wp-content\/uploads\/2023\/04\/02.231.0245_MANGUEIRA-COMBUSTIVEL_1P.jpg","datePublished":"2023-04-14T12:45:45+00:00","dateModified":"2026-03-20T12:38:45+00:00","breadcrumb":{"@id":"https:\/\/bozza.com\/en\/produto\/mangueira-combustivel-5725-5\/#breadcrumb"},"inLanguage":"en-US","potentialAction":[{"@type":"ReadAction","target":["https:\/\/bozza.com\/en\/produto\/mangueira-combustivel-5725-5\/"]}]},{"@type":"ImageObject","inLanguage":"en-US","@id":"https:\/\/bozza.com\/en\/produto\/mangueira-combustivel-5725-5\/#primaryimage","url":"https:\/\/bozza.com\/wp-content\/uploads\/2023\/04\/02.231.0245_MANGUEIRA-COMBUSTIVEL_1P.jpg","contentUrl":"https:\/\/bozza.com\/wp-content\/uploads\/2023\/04\/02.231.0245_MANGUEIRA-COMBUSTIVEL_1P.jpg","width":1080,"height":1080},{"@type":"BreadcrumbList","@id":"https:\/\/bozza.com\/en\/produto\/mangueira-combustivel-5725-5\/#breadcrumb","itemListElement":[{"@type":"ListItem","position":1,"name":"In\u00edcio","item":"https:\/\/bozza.com\/"},{"@type":"ListItem","position":2,"name":"Produtos","item":"https:\/\/bozza.com\/?page_id=70036"},{"@type":"ListItem","position":3,"name":"1 INCH RUBBER HOSE FOR FUEL 5725-5"}]},{"@type":"WebSite","@id":"https:\/\/bozza.com\/#website","url":"https:\/\/bozza.com\/","name":"Bozza","description":"Solu\u00e7\u00f5es em Lubrifica\u00e7\u00e3o","publisher":{"@id":"https:\/\/bozza.com\/#organization"},"potentialAction":[{"@type":"SearchAction","target":{"@type":"EntryPoint","urlTemplate":"https:\/\/bozza.com\/?s={search_term_string}"},"query-input":{"@type":"PropertyValueSpecification","valueRequired":true,"valueName":"search_term_string"}}],"inLanguage":"en-US"},{"@type":"Organization","@id":"https:\/\/bozza.com\/#organization","name":"Bozza","url":"https:\/\/bozza.com\/","logo":{"@type":"ImageObject","inLanguage":"en-US","@id":"https:\/\/bozza.com\/#\/schema\/logo\/image\/","url":"","contentUrl":"","caption":"Bozza"},"image":{"@id":"https:\/\/bozza.com\/#\/schema\/logo\/image\/"},"sameAs":["https:\/\/www.facebook.com\/bozza.oficial\/","https:\/\/www.instagram.com\/bozzaoficial\/","https:\/\/www.linkedin.com\/company\/bozza\/","https:\/\/www.youtube.com\/channel\/UCQRiHYNpM4VQWF9YxVgSTsw?view_as=subscriber"]}]}},"_links":{"self":[{"href":"https:\/\/bozza.com\/en\/wp-json\/wp\/v2\/product\/63960","targetHints":{"allow":["GET"]}}],"collection":[{"href":"https:\/\/bozza.com\/en\/wp-json\/wp\/v2\/product"}],"about":[{"href":"https:\/\/bozza.com\/en\/wp-json\/wp\/v2\/types\/product"}],"wp:featuredmedia":[{"embeddable":true,"href":"https:\/\/bozza.com\/en\/wp-json\/wp\/v2\/media\/58196"}],"wp:attachment":[{"href":"https:\/\/bozza.com\/en\/wp-json\/wp\/v2\/media?parent=63960"}],"wp:term":[{"taxonomy":"product_brand","embeddable":true,"href":"https:\/\/bozza.com\/en\/wp-json\/wp\/v2\/product_brand?post=63960"},{"taxonomy":"product_cat","embeddable":true,"href":"https:\/\/bozza.com\/en\/wp-json\/wp\/v2\/product_cat?post=63960"},{"taxonomy":"product_tag","embeddable":true,"href":"https:\/\/bozza.com\/en\/wp-json\/wp\/v2\/product_tag?post=63960"}],"curies":[{"name":"wp","href":"https:\/\/api.w.org\/{rel}","templated":true}]}}