{"id":63966,"date":"2023-03-23T16:44:33","date_gmt":"2023-03-23T19:44:33","guid":{"rendered":"https:\/\/www.bozza.com\/produto\/carretel-dupla-solda-17100ret-sd-vmvd-15\/"},"modified":"2026-03-20T09:39:31","modified_gmt":"2026-03-20T12:39:31","slug":"carretel-dupla-solda-17100ret-sd-vmvd-15-ac","status":"publish","type":"product","link":"https:\/\/bozza.com\/en\/produto\/carretel-dupla-solda-17100ret-sd-vmvd-15-ac\/","title":{"rendered":"RETRACTABLE REEL WITH DOUBLE HOSE FOR WELDING 17100RET-SD-VMVD-15-AC"},"content":{"rendered":"<ul>\n<li><span style=\"font-weight: 400;\">Working pressure: 300PSI \/ 13.7 Bar<\/span><\/li>\n<li><span style=\"font-weight: 400;\">Acetylene Inlet: <\/span><span style=\"font-weight: 400;\">9\/16 inches UNF Fixed male<\/span><\/li>\n<li><span style=\"font-weight: 400;\">Acetylene Outlet:<\/span> <span style=\"font-weight: 400;\">9\/16 inches UNF Swivel female<\/span><\/li>\n<li><span style=\"font-weight: 400;\">Oxygen Inlet:<\/span> <span style=\"font-weight: 400;\">9\/16 inches UNF Fixed male<\/span><\/li>\n<li><span style=\"font-weight: 400;\">Oxygen Outlet:<\/span> <span style=\"font-weight: 400;\">9\/16 inches UNF Swivel female<\/span><\/li>\n<\/ul>\n","protected":false},"excerpt":{"rendered":"<p><span style=\"font-weight: 400;\">Recommended for rolling up Acetylene and Oxygen hoses, preventing wear and contamination.<\/span> <span style=\"font-weight: 400;\">The product keeps the workplace organized and provides greater convenience.<\/span><\/p>\n","protected":false},"featured_media":57861,"template":"","meta":{"_acf_changed":false},"product_brand":[],"product_cat":[463,468],"product_tag":[],"class_list":{"0":"post-63966","1":"product","2":"type-product","3":"status-publish","4":"has-post-thumbnail","6":"product_cat-all-products","7":"product_cat-hose-reels-and-hoses","9":"first","10":"instock","11":"shipping-taxable","12":"product-type-simple"},"acf":[],"yoast_head":"<!-- This site is optimized with the Yoast SEO plugin v26.9 - https:\/\/yoast.com\/product\/yoast-seo-wordpress\/ -->\n<title>RETRACTABLE REEL WITH DOUBLE HOSE FOR WELDING 17100RET-SD-VMVD-15-AC | Bozza<\/title>\n<meta name=\"robots\" content=\"index, follow, max-snippet:-1, max-image-preview:large, max-video-preview:-1\" \/>\n<link rel=\"canonical\" href=\"https:\/\/bozza.com\/en\/produto\/carretel-dupla-solda-17100ret-sd-vmvd-15-ac\/\" \/>\n<meta property=\"og:locale\" content=\"en_US\" \/>\n<meta property=\"og:type\" content=\"article\" \/>\n<meta property=\"og:title\" content=\"RETRACTABLE REEL WITH DOUBLE HOSE FOR WELDING 17100RET-SD-VMVD-15-AC | Bozza\" \/>\n<meta property=\"og:description\" content=\"Recommended for rolling up Acetylene and Oxygen hoses, preventing wear and contamination. The product keeps the workplace organized and provides greater convenience.\" \/>\n<meta property=\"og:url\" content=\"https:\/\/bozza.com\/en\/produto\/carretel-dupla-solda-17100ret-sd-vmvd-15-ac\/\" \/>\n<meta property=\"og:site_name\" content=\"Bozza\" \/>\n<meta property=\"article:publisher\" content=\"https:\/\/www.facebook.com\/bozza.oficial\/\" \/>\n<meta property=\"article:modified_time\" content=\"2026-03-20T12:39:31+00:00\" \/>\n<meta property=\"og:image\" content=\"https:\/\/bozza.com\/wp-content\/uploads\/2023\/03\/12.480.0107_17100RET-SD-VMVD-15_CARRETEL-RETRATIL-DUPLO-SOLDA-scaled.jpg\" \/>\n\t<meta property=\"og:image:width\" content=\"2560\" \/>\n\t<meta property=\"og:image:height\" content=\"2560\" \/>\n\t<meta property=\"og:image:type\" content=\"image\/jpeg\" \/>\n<meta name=\"twitter:card\" content=\"summary_large_image\" \/>\n<meta name=\"twitter:label1\" content=\"Est. reading time\" \/>\n\t<meta name=\"twitter:data1\" content=\"1 minute\" \/>\n<script type=\"application\/ld+json\" class=\"yoast-schema-graph\">{\"@context\":\"https:\/\/schema.org\",\"@graph\":[{\"@type\":\"WebPage\",\"@id\":\"https:\/\/bozza.com\/en\/produto\/carretel-dupla-solda-17100ret-sd-vmvd-15-ac\/\",\"url\":\"https:\/\/bozza.com\/en\/produto\/carretel-dupla-solda-17100ret-sd-vmvd-15-ac\/\",\"name\":\"RETRACTABLE REEL WITH DOUBLE HOSE FOR WELDING 17100RET-SD-VMVD-15-AC | Bozza\",\"isPartOf\":{\"@id\":\"https:\/\/bozza.com\/#website\"},\"primaryImageOfPage\":{\"@id\":\"https:\/\/bozza.com\/en\/produto\/carretel-dupla-solda-17100ret-sd-vmvd-15-ac\/#primaryimage\"},\"image\":{\"@id\":\"https:\/\/bozza.com\/en\/produto\/carretel-dupla-solda-17100ret-sd-vmvd-15-ac\/#primaryimage\"},\"thumbnailUrl\":\"https:\/\/bozza.com\/wp-content\/uploads\/2023\/03\/12.480.0107_17100RET-SD-VMVD-15_CARRETEL-RETRATIL-DUPLO-SOLDA-scaled.jpg\",\"datePublished\":\"2023-03-23T19:44:33+00:00\",\"dateModified\":\"2026-03-20T12:39:31+00:00\",\"breadcrumb\":{\"@id\":\"https:\/\/bozza.com\/en\/produto\/carretel-dupla-solda-17100ret-sd-vmvd-15-ac\/#breadcrumb\"},\"inLanguage\":\"en-US\",\"potentialAction\":[{\"@type\":\"ReadAction\",\"target\":[\"https:\/\/bozza.com\/en\/produto\/carretel-dupla-solda-17100ret-sd-vmvd-15-ac\/\"]}]},{\"@type\":\"ImageObject\",\"inLanguage\":\"en-US\",\"@id\":\"https:\/\/bozza.com\/en\/produto\/carretel-dupla-solda-17100ret-sd-vmvd-15-ac\/#primaryimage\",\"url\":\"https:\/\/bozza.com\/wp-content\/uploads\/2023\/03\/12.480.0107_17100RET-SD-VMVD-15_CARRETEL-RETRATIL-DUPLO-SOLDA-scaled.jpg\",\"contentUrl\":\"https:\/\/bozza.com\/wp-content\/uploads\/2023\/03\/12.480.0107_17100RET-SD-VMVD-15_CARRETEL-RETRATIL-DUPLO-SOLDA-scaled.jpg\",\"width\":2560,\"height\":2560},{\"@type\":\"BreadcrumbList\",\"@id\":\"https:\/\/bozza.com\/en\/produto\/carretel-dupla-solda-17100ret-sd-vmvd-15-ac\/#breadcrumb\",\"itemListElement\":[{\"@type\":\"ListItem\",\"position\":1,\"name\":\"In\u00edcio\",\"item\":\"https:\/\/bozza.com\/\"},{\"@type\":\"ListItem\",\"position\":2,\"name\":\"Produtos\",\"item\":\"https:\/\/bozza.com\/?page_id=70036\"},{\"@type\":\"ListItem\",\"position\":3,\"name\":\"RETRACTABLE REEL WITH DOUBLE HOSE FOR WELDING 17100RET-SD-VMVD-15-AC\"}]},{\"@type\":\"WebSite\",\"@id\":\"https:\/\/bozza.com\/#website\",\"url\":\"https:\/\/bozza.com\/\",\"name\":\"Bozza\",\"description\":\"Solu\u00e7\u00f5es em Lubrifica\u00e7\u00e3o\",\"publisher\":{\"@id\":\"https:\/\/bozza.com\/#organization\"},\"potentialAction\":[{\"@type\":\"SearchAction\",\"target\":{\"@type\":\"EntryPoint\",\"urlTemplate\":\"https:\/\/bozza.com\/?s={search_term_string}\"},\"query-input\":{\"@type\":\"PropertyValueSpecification\",\"valueRequired\":true,\"valueName\":\"search_term_string\"}}],\"inLanguage\":\"en-US\"},{\"@type\":\"Organization\",\"@id\":\"https:\/\/bozza.com\/#organization\",\"name\":\"Bozza\",\"url\":\"https:\/\/bozza.com\/\",\"logo\":{\"@type\":\"ImageObject\",\"inLanguage\":\"en-US\",\"@id\":\"https:\/\/bozza.com\/#\/schema\/logo\/image\/\",\"url\":\"\",\"contentUrl\":\"\",\"caption\":\"Bozza\"},\"image\":{\"@id\":\"https:\/\/bozza.com\/#\/schema\/logo\/image\/\"},\"sameAs\":[\"https:\/\/www.facebook.com\/bozza.oficial\/\",\"https:\/\/www.instagram.com\/bozzaoficial\/\",\"https:\/\/www.linkedin.com\/company\/bozza\/\",\"https:\/\/www.youtube.com\/channel\/UCQRiHYNpM4VQWF9YxVgSTsw?view_as=subscriber\"]}]}<\/script>\n<!-- \/ Yoast SEO plugin. -->","yoast_head_json":{"title":"RETRACTABLE REEL WITH DOUBLE HOSE FOR WELDING 17100RET-SD-VMVD-15-AC | Bozza","robots":{"index":"index","follow":"follow","max-snippet":"max-snippet:-1","max-image-preview":"max-image-preview:large","max-video-preview":"max-video-preview:-1"},"canonical":"https:\/\/bozza.com\/en\/produto\/carretel-dupla-solda-17100ret-sd-vmvd-15-ac\/","og_locale":"en_US","og_type":"article","og_title":"RETRACTABLE REEL WITH DOUBLE HOSE FOR WELDING 17100RET-SD-VMVD-15-AC | Bozza","og_description":"Recommended for rolling up Acetylene and Oxygen hoses, preventing wear and contamination. The product keeps the workplace organized and provides greater convenience.","og_url":"https:\/\/bozza.com\/en\/produto\/carretel-dupla-solda-17100ret-sd-vmvd-15-ac\/","og_site_name":"Bozza","article_publisher":"https:\/\/www.facebook.com\/bozza.oficial\/","article_modified_time":"2026-03-20T12:39:31+00:00","og_image":[{"width":2560,"height":2560,"url":"https:\/\/bozza.com\/wp-content\/uploads\/2023\/03\/12.480.0107_17100RET-SD-VMVD-15_CARRETEL-RETRATIL-DUPLO-SOLDA-scaled.jpg","type":"image\/jpeg"}],"twitter_card":"summary_large_image","twitter_misc":{"Est. reading time":"1 minute"},"schema":{"@context":"https:\/\/schema.org","@graph":[{"@type":"WebPage","@id":"https:\/\/bozza.com\/en\/produto\/carretel-dupla-solda-17100ret-sd-vmvd-15-ac\/","url":"https:\/\/bozza.com\/en\/produto\/carretel-dupla-solda-17100ret-sd-vmvd-15-ac\/","name":"RETRACTABLE REEL WITH DOUBLE HOSE FOR WELDING 17100RET-SD-VMVD-15-AC | Bozza","isPartOf":{"@id":"https:\/\/bozza.com\/#website"},"primaryImageOfPage":{"@id":"https:\/\/bozza.com\/en\/produto\/carretel-dupla-solda-17100ret-sd-vmvd-15-ac\/#primaryimage"},"image":{"@id":"https:\/\/bozza.com\/en\/produto\/carretel-dupla-solda-17100ret-sd-vmvd-15-ac\/#primaryimage"},"thumbnailUrl":"https:\/\/bozza.com\/wp-content\/uploads\/2023\/03\/12.480.0107_17100RET-SD-VMVD-15_CARRETEL-RETRATIL-DUPLO-SOLDA-scaled.jpg","datePublished":"2023-03-23T19:44:33+00:00","dateModified":"2026-03-20T12:39:31+00:00","breadcrumb":{"@id":"https:\/\/bozza.com\/en\/produto\/carretel-dupla-solda-17100ret-sd-vmvd-15-ac\/#breadcrumb"},"inLanguage":"en-US","potentialAction":[{"@type":"ReadAction","target":["https:\/\/bozza.com\/en\/produto\/carretel-dupla-solda-17100ret-sd-vmvd-15-ac\/"]}]},{"@type":"ImageObject","inLanguage":"en-US","@id":"https:\/\/bozza.com\/en\/produto\/carretel-dupla-solda-17100ret-sd-vmvd-15-ac\/#primaryimage","url":"https:\/\/bozza.com\/wp-content\/uploads\/2023\/03\/12.480.0107_17100RET-SD-VMVD-15_CARRETEL-RETRATIL-DUPLO-SOLDA-scaled.jpg","contentUrl":"https:\/\/bozza.com\/wp-content\/uploads\/2023\/03\/12.480.0107_17100RET-SD-VMVD-15_CARRETEL-RETRATIL-DUPLO-SOLDA-scaled.jpg","width":2560,"height":2560},{"@type":"BreadcrumbList","@id":"https:\/\/bozza.com\/en\/produto\/carretel-dupla-solda-17100ret-sd-vmvd-15-ac\/#breadcrumb","itemListElement":[{"@type":"ListItem","position":1,"name":"In\u00edcio","item":"https:\/\/bozza.com\/"},{"@type":"ListItem","position":2,"name":"Produtos","item":"https:\/\/bozza.com\/?page_id=70036"},{"@type":"ListItem","position":3,"name":"RETRACTABLE REEL WITH DOUBLE HOSE FOR WELDING 17100RET-SD-VMVD-15-AC"}]},{"@type":"WebSite","@id":"https:\/\/bozza.com\/#website","url":"https:\/\/bozza.com\/","name":"Bozza","description":"Solu\u00e7\u00f5es em Lubrifica\u00e7\u00e3o","publisher":{"@id":"https:\/\/bozza.com\/#organization"},"potentialAction":[{"@type":"SearchAction","target":{"@type":"EntryPoint","urlTemplate":"https:\/\/bozza.com\/?s={search_term_string}"},"query-input":{"@type":"PropertyValueSpecification","valueRequired":true,"valueName":"search_term_string"}}],"inLanguage":"en-US"},{"@type":"Organization","@id":"https:\/\/bozza.com\/#organization","name":"Bozza","url":"https:\/\/bozza.com\/","logo":{"@type":"ImageObject","inLanguage":"en-US","@id":"https:\/\/bozza.com\/#\/schema\/logo\/image\/","url":"","contentUrl":"","caption":"Bozza"},"image":{"@id":"https:\/\/bozza.com\/#\/schema\/logo\/image\/"},"sameAs":["https:\/\/www.facebook.com\/bozza.oficial\/","https:\/\/www.instagram.com\/bozzaoficial\/","https:\/\/www.linkedin.com\/company\/bozza\/","https:\/\/www.youtube.com\/channel\/UCQRiHYNpM4VQWF9YxVgSTsw?view_as=subscriber"]}]}},"_links":{"self":[{"href":"https:\/\/bozza.com\/en\/wp-json\/wp\/v2\/product\/63966","targetHints":{"allow":["GET"]}}],"collection":[{"href":"https:\/\/bozza.com\/en\/wp-json\/wp\/v2\/product"}],"about":[{"href":"https:\/\/bozza.com\/en\/wp-json\/wp\/v2\/types\/product"}],"wp:featuredmedia":[{"embeddable":true,"href":"https:\/\/bozza.com\/en\/wp-json\/wp\/v2\/media\/57861"}],"wp:attachment":[{"href":"https:\/\/bozza.com\/en\/wp-json\/wp\/v2\/media?parent=63966"}],"wp:term":[{"taxonomy":"product_brand","embeddable":true,"href":"https:\/\/bozza.com\/en\/wp-json\/wp\/v2\/product_brand?post=63966"},{"taxonomy":"product_cat","embeddable":true,"href":"https:\/\/bozza.com\/en\/wp-json\/wp\/v2\/product_cat?post=63966"},{"taxonomy":"product_tag","embeddable":true,"href":"https:\/\/bozza.com\/en\/wp-json\/wp\/v2\/product_tag?post=63966"}],"curies":[{"name":"wp","href":"https:\/\/api.w.org\/{rel}","templated":true}]}}