{"id":63990,"date":"2021-11-30T16:38:16","date_gmt":"2021-11-30T19:38:16","guid":{"rendered":"https:\/\/www.bozza.com\/produto\/bomba-de-transfere%cc%82ncia-de-alta-vaza%cc%83o-bzt-79000-220v-d\/"},"modified":"2026-03-20T09:58:52","modified_gmt":"2026-03-20T12:58:52","slug":"bomba-de-transfere%cc%82ncia-de-alta-vaza%cc%83o-bzt-79000-220v-d","status":"publish","type":"product","link":"https:\/\/bozza.com\/en\/produto\/bomba-de-transfere%cc%82ncia-de-alta-vaza%cc%83o-bzt-79000-220v-d\/","title":{"rendered":"HIGH FLOW TRANSFER PUMP BZT-79000-220V-D"},"content":{"rendered":"<ul>\n<li><span style=\"font-weight: 400;\">Diesel oil and lubricating oil transfer pump<\/span><\/li>\n<li><span style=\"font-weight: 400;\">Blue electrostatic paint<\/span><\/li>\n<li><span style=\"font-weight: 400;\">4 m suction and discharge hose<\/span><\/li>\n<li><span style=\"font-weight: 400;\">6 m power cord<\/span><\/li>\n<li><span style=\"font-weight: 400;\">Weight: 77.000 kg<\/span><\/li>\n<li><span style=\"font-weight: 400;\">L= 700 mm x W= 410 mm x H= 1150 mm<\/span><\/li>\n<li><span style=\"font-weight: 400;\">OPTIONAL Models:<\/span><\/li>\n<li><span style=\"font-weight: 400;\">BZT\u201379000\u2013380V-D<\/span><\/li>\n<li><span style=\"font-weight: 400;\">BZT\u201379000\u2013440V-D<\/span><\/li>\n<\/ul>\n","protected":false},"excerpt":{"rendered":"<p><span style=\"font-weight: 400;\">Transfer pump for diesel, oil, and lubricants in general. Recommended for pical applications, automotive dealerships, fast lube centers, service shops, heavy-duty dealerships, fleet services facilities, lube trucks and mining, among others.<\/span> <span style=\"font-weight: 400;\">Ideal for mining, automobile repair shop, dealerships, steelwork segments, among others.<\/span><\/p>\n","protected":false},"featured_media":58091,"template":"","meta":{"_acf_changed":false},"product_brand":[],"product_cat":[463,247],"product_tag":[485,519,515,264],"class_list":{"0":"post-63990","1":"product","2":"type-product","3":"status-publish","4":"has-post-thumbnail","6":"product_cat-all-products","7":"product_cat-kits-de-abastecimento-en","8":"product_tag-eletrica-en","9":"product_tag-industrial-en","10":"product_tag-movel-en","11":"product_tag-oleo-en","13":"first","14":"instock","15":"shipping-taxable","16":"product-type-simple"},"acf":[],"yoast_head":"<!-- This site is optimized with the Yoast SEO plugin v26.9 - https:\/\/yoast.com\/product\/yoast-seo-wordpress\/ -->\n<title>HIGH FLOW TRANSFER PUMP BZT-79000-220V-D | Bozza<\/title>\n<meta name=\"robots\" content=\"index, follow, max-snippet:-1, max-image-preview:large, max-video-preview:-1\" \/>\n<link rel=\"canonical\" href=\"https:\/\/bozza.com\/en\/produto\/bomba-de-transfere\u0302ncia-de-alta-vaza\u0303o-bzt-79000-220v-d\/\" \/>\n<meta property=\"og:locale\" content=\"en_US\" \/>\n<meta property=\"og:type\" content=\"article\" \/>\n<meta property=\"og:title\" content=\"HIGH FLOW TRANSFER PUMP BZT-79000-220V-D | Bozza\" \/>\n<meta property=\"og:description\" content=\"Transfer pump for diesel, oil, and lubricants in general. Recommended for pical applications, automotive dealerships, fast lube centers, service shops, heavy-duty dealerships, fleet services facilities, lube trucks and mining, among others. Ideal for mining, automobile repair shop, dealerships, steelwork segments, among others.\" \/>\n<meta property=\"og:url\" content=\"https:\/\/bozza.com\/en\/produto\/bomba-de-transfere\u0302ncia-de-alta-vaza\u0303o-bzt-79000-220v-d\/\" \/>\n<meta property=\"og:site_name\" content=\"Bozza\" \/>\n<meta property=\"article:publisher\" content=\"https:\/\/www.facebook.com\/bozza.oficial\/\" \/>\n<meta property=\"article:modified_time\" content=\"2026-03-20T12:58:52+00:00\" \/>\n<meta property=\"og:image\" content=\"https:\/\/bozza.com\/wp-content\/uploads\/2021\/11\/01.421.0408_BOMBA-PARA-TRANSFERENCIA-DE-ALTA-VAZAO-PARA-OLEO-DIESEL-E-LUBRIFICANTES_BZT-79000.jpg\" \/>\n\t<meta property=\"og:image:width\" content=\"1080\" \/>\n\t<meta property=\"og:image:height\" content=\"1080\" \/>\n\t<meta property=\"og:image:type\" content=\"image\/jpeg\" \/>\n<meta name=\"twitter:card\" content=\"summary_large_image\" \/>\n<meta name=\"twitter:label1\" content=\"Est. reading time\" \/>\n\t<meta name=\"twitter:data1\" content=\"1 minute\" \/>\n<script type=\"application\/ld+json\" class=\"yoast-schema-graph\">{\"@context\":\"https:\/\/schema.org\",\"@graph\":[{\"@type\":\"WebPage\",\"@id\":\"https:\/\/bozza.com\/en\/produto\/bomba-de-transfere%cc%82ncia-de-alta-vaza%cc%83o-bzt-79000-220v-d\/\",\"url\":\"https:\/\/bozza.com\/en\/produto\/bomba-de-transfere%cc%82ncia-de-alta-vaza%cc%83o-bzt-79000-220v-d\/\",\"name\":\"HIGH FLOW TRANSFER PUMP BZT-79000-220V-D | Bozza\",\"isPartOf\":{\"@id\":\"https:\/\/bozza.com\/#website\"},\"primaryImageOfPage\":{\"@id\":\"https:\/\/bozza.com\/en\/produto\/bomba-de-transfere%cc%82ncia-de-alta-vaza%cc%83o-bzt-79000-220v-d\/#primaryimage\"},\"image\":{\"@id\":\"https:\/\/bozza.com\/en\/produto\/bomba-de-transfere%cc%82ncia-de-alta-vaza%cc%83o-bzt-79000-220v-d\/#primaryimage\"},\"thumbnailUrl\":\"https:\/\/bozza.com\/wp-content\/uploads\/2021\/11\/01.421.0408_BOMBA-PARA-TRANSFERENCIA-DE-ALTA-VAZAO-PARA-OLEO-DIESEL-E-LUBRIFICANTES_BZT-79000.jpg\",\"datePublished\":\"2021-11-30T19:38:16+00:00\",\"dateModified\":\"2026-03-20T12:58:52+00:00\",\"breadcrumb\":{\"@id\":\"https:\/\/bozza.com\/en\/produto\/bomba-de-transfere%cc%82ncia-de-alta-vaza%cc%83o-bzt-79000-220v-d\/#breadcrumb\"},\"inLanguage\":\"en-US\",\"potentialAction\":[{\"@type\":\"ReadAction\",\"target\":[\"https:\/\/bozza.com\/en\/produto\/bomba-de-transfere%cc%82ncia-de-alta-vaza%cc%83o-bzt-79000-220v-d\/\"]}]},{\"@type\":\"ImageObject\",\"inLanguage\":\"en-US\",\"@id\":\"https:\/\/bozza.com\/en\/produto\/bomba-de-transfere%cc%82ncia-de-alta-vaza%cc%83o-bzt-79000-220v-d\/#primaryimage\",\"url\":\"https:\/\/bozza.com\/wp-content\/uploads\/2021\/11\/01.421.0408_BOMBA-PARA-TRANSFERENCIA-DE-ALTA-VAZAO-PARA-OLEO-DIESEL-E-LUBRIFICANTES_BZT-79000.jpg\",\"contentUrl\":\"https:\/\/bozza.com\/wp-content\/uploads\/2021\/11\/01.421.0408_BOMBA-PARA-TRANSFERENCIA-DE-ALTA-VAZAO-PARA-OLEO-DIESEL-E-LUBRIFICANTES_BZT-79000.jpg\",\"width\":1080,\"height\":1080},{\"@type\":\"BreadcrumbList\",\"@id\":\"https:\/\/bozza.com\/en\/produto\/bomba-de-transfere%cc%82ncia-de-alta-vaza%cc%83o-bzt-79000-220v-d\/#breadcrumb\",\"itemListElement\":[{\"@type\":\"ListItem\",\"position\":1,\"name\":\"In\u00edcio\",\"item\":\"https:\/\/bozza.com\/\"},{\"@type\":\"ListItem\",\"position\":2,\"name\":\"Produtos\",\"item\":\"https:\/\/bozza.com\/?page_id=70036\"},{\"@type\":\"ListItem\",\"position\":3,\"name\":\"HIGH FLOW TRANSFER PUMP BZT-79000-220V-D\"}]},{\"@type\":\"WebSite\",\"@id\":\"https:\/\/bozza.com\/#website\",\"url\":\"https:\/\/bozza.com\/\",\"name\":\"Bozza\",\"description\":\"Solu\u00e7\u00f5es em Lubrifica\u00e7\u00e3o\",\"publisher\":{\"@id\":\"https:\/\/bozza.com\/#organization\"},\"potentialAction\":[{\"@type\":\"SearchAction\",\"target\":{\"@type\":\"EntryPoint\",\"urlTemplate\":\"https:\/\/bozza.com\/?s={search_term_string}\"},\"query-input\":{\"@type\":\"PropertyValueSpecification\",\"valueRequired\":true,\"valueName\":\"search_term_string\"}}],\"inLanguage\":\"en-US\"},{\"@type\":\"Organization\",\"@id\":\"https:\/\/bozza.com\/#organization\",\"name\":\"Bozza\",\"url\":\"https:\/\/bozza.com\/\",\"logo\":{\"@type\":\"ImageObject\",\"inLanguage\":\"en-US\",\"@id\":\"https:\/\/bozza.com\/#\/schema\/logo\/image\/\",\"url\":\"\",\"contentUrl\":\"\",\"caption\":\"Bozza\"},\"image\":{\"@id\":\"https:\/\/bozza.com\/#\/schema\/logo\/image\/\"},\"sameAs\":[\"https:\/\/www.facebook.com\/bozza.oficial\/\",\"https:\/\/www.instagram.com\/bozzaoficial\/\",\"https:\/\/www.linkedin.com\/company\/bozza\/\",\"https:\/\/www.youtube.com\/channel\/UCQRiHYNpM4VQWF9YxVgSTsw?view_as=subscriber\"]}]}<\/script>\n<!-- \/ Yoast SEO plugin. -->","yoast_head_json":{"title":"HIGH FLOW TRANSFER PUMP BZT-79000-220V-D | Bozza","robots":{"index":"index","follow":"follow","max-snippet":"max-snippet:-1","max-image-preview":"max-image-preview:large","max-video-preview":"max-video-preview:-1"},"canonical":"https:\/\/bozza.com\/en\/produto\/bomba-de-transfere\u0302ncia-de-alta-vaza\u0303o-bzt-79000-220v-d\/","og_locale":"en_US","og_type":"article","og_title":"HIGH FLOW TRANSFER PUMP BZT-79000-220V-D | Bozza","og_description":"Transfer pump for diesel, oil, and lubricants in general. Recommended for pical applications, automotive dealerships, fast lube centers, service shops, heavy-duty dealerships, fleet services facilities, lube trucks and mining, among others. Ideal for mining, automobile repair shop, dealerships, steelwork segments, among others.","og_url":"https:\/\/bozza.com\/en\/produto\/bomba-de-transfere\u0302ncia-de-alta-vaza\u0303o-bzt-79000-220v-d\/","og_site_name":"Bozza","article_publisher":"https:\/\/www.facebook.com\/bozza.oficial\/","article_modified_time":"2026-03-20T12:58:52+00:00","og_image":[{"width":1080,"height":1080,"url":"https:\/\/bozza.com\/wp-content\/uploads\/2021\/11\/01.421.0408_BOMBA-PARA-TRANSFERENCIA-DE-ALTA-VAZAO-PARA-OLEO-DIESEL-E-LUBRIFICANTES_BZT-79000.jpg","type":"image\/jpeg"}],"twitter_card":"summary_large_image","twitter_misc":{"Est. reading time":"1 minute"},"schema":{"@context":"https:\/\/schema.org","@graph":[{"@type":"WebPage","@id":"https:\/\/bozza.com\/en\/produto\/bomba-de-transfere%cc%82ncia-de-alta-vaza%cc%83o-bzt-79000-220v-d\/","url":"https:\/\/bozza.com\/en\/produto\/bomba-de-transfere%cc%82ncia-de-alta-vaza%cc%83o-bzt-79000-220v-d\/","name":"HIGH FLOW TRANSFER PUMP BZT-79000-220V-D | Bozza","isPartOf":{"@id":"https:\/\/bozza.com\/#website"},"primaryImageOfPage":{"@id":"https:\/\/bozza.com\/en\/produto\/bomba-de-transfere%cc%82ncia-de-alta-vaza%cc%83o-bzt-79000-220v-d\/#primaryimage"},"image":{"@id":"https:\/\/bozza.com\/en\/produto\/bomba-de-transfere%cc%82ncia-de-alta-vaza%cc%83o-bzt-79000-220v-d\/#primaryimage"},"thumbnailUrl":"https:\/\/bozza.com\/wp-content\/uploads\/2021\/11\/01.421.0408_BOMBA-PARA-TRANSFERENCIA-DE-ALTA-VAZAO-PARA-OLEO-DIESEL-E-LUBRIFICANTES_BZT-79000.jpg","datePublished":"2021-11-30T19:38:16+00:00","dateModified":"2026-03-20T12:58:52+00:00","breadcrumb":{"@id":"https:\/\/bozza.com\/en\/produto\/bomba-de-transfere%cc%82ncia-de-alta-vaza%cc%83o-bzt-79000-220v-d\/#breadcrumb"},"inLanguage":"en-US","potentialAction":[{"@type":"ReadAction","target":["https:\/\/bozza.com\/en\/produto\/bomba-de-transfere%cc%82ncia-de-alta-vaza%cc%83o-bzt-79000-220v-d\/"]}]},{"@type":"ImageObject","inLanguage":"en-US","@id":"https:\/\/bozza.com\/en\/produto\/bomba-de-transfere%cc%82ncia-de-alta-vaza%cc%83o-bzt-79000-220v-d\/#primaryimage","url":"https:\/\/bozza.com\/wp-content\/uploads\/2021\/11\/01.421.0408_BOMBA-PARA-TRANSFERENCIA-DE-ALTA-VAZAO-PARA-OLEO-DIESEL-E-LUBRIFICANTES_BZT-79000.jpg","contentUrl":"https:\/\/bozza.com\/wp-content\/uploads\/2021\/11\/01.421.0408_BOMBA-PARA-TRANSFERENCIA-DE-ALTA-VAZAO-PARA-OLEO-DIESEL-E-LUBRIFICANTES_BZT-79000.jpg","width":1080,"height":1080},{"@type":"BreadcrumbList","@id":"https:\/\/bozza.com\/en\/produto\/bomba-de-transfere%cc%82ncia-de-alta-vaza%cc%83o-bzt-79000-220v-d\/#breadcrumb","itemListElement":[{"@type":"ListItem","position":1,"name":"In\u00edcio","item":"https:\/\/bozza.com\/"},{"@type":"ListItem","position":2,"name":"Produtos","item":"https:\/\/bozza.com\/?page_id=70036"},{"@type":"ListItem","position":3,"name":"HIGH FLOW TRANSFER PUMP BZT-79000-220V-D"}]},{"@type":"WebSite","@id":"https:\/\/bozza.com\/#website","url":"https:\/\/bozza.com\/","name":"Bozza","description":"Solu\u00e7\u00f5es em Lubrifica\u00e7\u00e3o","publisher":{"@id":"https:\/\/bozza.com\/#organization"},"potentialAction":[{"@type":"SearchAction","target":{"@type":"EntryPoint","urlTemplate":"https:\/\/bozza.com\/?s={search_term_string}"},"query-input":{"@type":"PropertyValueSpecification","valueRequired":true,"valueName":"search_term_string"}}],"inLanguage":"en-US"},{"@type":"Organization","@id":"https:\/\/bozza.com\/#organization","name":"Bozza","url":"https:\/\/bozza.com\/","logo":{"@type":"ImageObject","inLanguage":"en-US","@id":"https:\/\/bozza.com\/#\/schema\/logo\/image\/","url":"","contentUrl":"","caption":"Bozza"},"image":{"@id":"https:\/\/bozza.com\/#\/schema\/logo\/image\/"},"sameAs":["https:\/\/www.facebook.com\/bozza.oficial\/","https:\/\/www.instagram.com\/bozzaoficial\/","https:\/\/www.linkedin.com\/company\/bozza\/","https:\/\/www.youtube.com\/channel\/UCQRiHYNpM4VQWF9YxVgSTsw?view_as=subscriber"]}]}},"_links":{"self":[{"href":"https:\/\/bozza.com\/en\/wp-json\/wp\/v2\/product\/63990","targetHints":{"allow":["GET"]}}],"collection":[{"href":"https:\/\/bozza.com\/en\/wp-json\/wp\/v2\/product"}],"about":[{"href":"https:\/\/bozza.com\/en\/wp-json\/wp\/v2\/types\/product"}],"wp:featuredmedia":[{"embeddable":true,"href":"https:\/\/bozza.com\/en\/wp-json\/wp\/v2\/media\/58091"}],"wp:attachment":[{"href":"https:\/\/bozza.com\/en\/wp-json\/wp\/v2\/media?parent=63990"}],"wp:term":[{"taxonomy":"product_brand","embeddable":true,"href":"https:\/\/bozza.com\/en\/wp-json\/wp\/v2\/product_brand?post=63990"},{"taxonomy":"product_cat","embeddable":true,"href":"https:\/\/bozza.com\/en\/wp-json\/wp\/v2\/product_cat?post=63990"},{"taxonomy":"product_tag","embeddable":true,"href":"https:\/\/bozza.com\/en\/wp-json\/wp\/v2\/product_tag?post=63990"}],"curies":[{"name":"wp","href":"https:\/\/api.w.org\/{rel}","templated":true}]}}