{"id":63993,"date":"2021-05-27T14:17:50","date_gmt":"2021-05-27T17:17:50","guid":{"rendered":"https:\/\/www.bozza.com\/produto\/bomba-de-abastecimento-eletrica-bt-7000-220v-g2\/"},"modified":"2026-03-20T09:59:13","modified_gmt":"2026-03-20T12:59:13","slug":"bomba-de-abastecimento-eletrica-bt-7000-220v-g2","status":"publish","type":"product","link":"https:\/\/bozza.com\/en\/produto\/bomba-de-abastecimento-eletrica-bt-7000-220v-g2\/","title":{"rendered":"Electric Supply Pump BT-7000-220V-G2"},"content":{"rendered":"<ul>\n<li><span style=\"font-weight: 400;\">Flow 60 L\/min<\/span><\/li>\n<li><span style=\"font-weight: 400;\">Voltage 220V |<\/span><\/li>\n<li><span style=\"font-weight: 400;\">Engine power 350W<\/span><\/li>\n<li><span style=\"font-weight: 400;\">Working Pressure 43 PSI<\/span><\/li>\n<li><span style=\"font-weight: 400;\">Accuracy \u00b11%<\/span><\/li>\n<li><span style=\"font-weight: 400;\">Working cycle 30 min<\/span><\/li>\n<li><span style=\"font-weight: 400;\">1 inch BSP inlet<\/span><\/li>\n<li><span style=\"font-weight: 400;\">1 inch BSP outlet<\/span><\/li>\n<li><span style=\"font-weight: 400;\">Working temperature -20\u00b0C to 60\u00b0C<\/span><\/li>\n<\/ul>\n","protected":false},"excerpt":{"rendered":"<p><span style=\"font-weight: 400;\">220 V electric supply pump, for diesel, medium flow. The product is equipped with a mechanical volumetric meter, and is ideal for supplying small fleets, agricultural equipment, among others.<\/span><\/p>\n","protected":false},"featured_media":58022,"template":"","meta":{"_acf_changed":false},"product_brand":[],"product_cat":[463,1004,247],"product_tag":[1033,517,464,465,485,490,484],"class_list":{"0":"post-63993","1":"product","2":"type-product","3":"status-publish","4":"has-post-thumbnail","6":"product_cat-all-products","7":"product_cat-for-diesel","8":"product_cat-kits-de-abastecimento-en","9":"product_tag-abastecimento-en-2","10":"product_tag-agropecuaria-en","11":"product_tag-agricultura-en","12":"product_tag-construcao-en","13":"product_tag-eletrica-en","14":"product_tag-mineracao-en","15":"product_tag-abastecimento-en","17":"first","18":"instock","19":"shipping-taxable","20":"product-type-simple"},"acf":[],"yoast_head":"<!-- This site is optimized with the Yoast SEO plugin v26.9 - https:\/\/yoast.com\/product\/yoast-seo-wordpress\/ -->\n<title>Electric Supply Pump BT-7000-220V-G2 | Bozza<\/title>\n<meta name=\"description\" content=\"Bomba de abastecimento ele\u0301trica 220 Volts, para diesel, me\u0301dia vaz\u00e3o, dotada de medidor volume\u0301trico meca\u0302nico, ideal para abastecimento de pequenas frotas, equipamentos agri\u0301colas etc.\" \/>\n<meta name=\"robots\" content=\"index, follow, max-snippet:-1, max-image-preview:large, max-video-preview:-1\" \/>\n<link rel=\"canonical\" href=\"https:\/\/bozza.com\/en\/produto\/bomba-de-abastecimento-eletrica-bt-7000-220v-g2\/\" \/>\n<meta property=\"og:locale\" content=\"en_US\" \/>\n<meta property=\"og:type\" content=\"article\" \/>\n<meta property=\"og:title\" content=\"Electric Supply Pump BT-7000-220V-G2 | Bozza\" \/>\n<meta property=\"og:description\" content=\"Bomba de abastecimento ele\u0301trica 220 Volts, para diesel, me\u0301dia vaz\u00e3o, dotada de medidor volume\u0301trico meca\u0302nico, ideal para abastecimento de pequenas frotas, equipamentos agri\u0301colas etc.\" \/>\n<meta property=\"og:url\" content=\"https:\/\/bozza.com\/en\/produto\/bomba-de-abastecimento-eletrica-bt-7000-220v-g2\/\" \/>\n<meta property=\"og:site_name\" content=\"Bozza\" \/>\n<meta property=\"article:publisher\" content=\"https:\/\/www.facebook.com\/bozza.oficial\/\" \/>\n<meta property=\"article:modified_time\" content=\"2026-03-20T12:59:13+00:00\" \/>\n<meta property=\"og:image\" content=\"https:\/\/bozza.com\/wp-content\/uploads\/2021\/05\/12.421.0023_BT-7000-110V-220V-G2_BOMBA-ABASTECIMENTO-ELETRICA-1.jpg\" \/>\n\t<meta property=\"og:image:width\" content=\"1080\" \/>\n\t<meta property=\"og:image:height\" content=\"1080\" \/>\n\t<meta property=\"og:image:type\" content=\"image\/jpeg\" \/>\n<meta name=\"twitter:card\" content=\"summary_large_image\" \/>\n<meta name=\"twitter:label1\" content=\"Est. reading time\" \/>\n\t<meta name=\"twitter:data1\" content=\"1 minute\" \/>\n<script type=\"application\/ld+json\" class=\"yoast-schema-graph\">{\"@context\":\"https:\/\/schema.org\",\"@graph\":[{\"@type\":\"WebPage\",\"@id\":\"https:\/\/bozza.com\/en\/produto\/bomba-de-abastecimento-eletrica-bt-7000-220v-g2\/\",\"url\":\"https:\/\/bozza.com\/en\/produto\/bomba-de-abastecimento-eletrica-bt-7000-220v-g2\/\",\"name\":\"Electric Supply Pump BT-7000-220V-G2 | Bozza\",\"isPartOf\":{\"@id\":\"https:\/\/bozza.com\/#website\"},\"primaryImageOfPage\":{\"@id\":\"https:\/\/bozza.com\/en\/produto\/bomba-de-abastecimento-eletrica-bt-7000-220v-g2\/#primaryimage\"},\"image\":{\"@id\":\"https:\/\/bozza.com\/en\/produto\/bomba-de-abastecimento-eletrica-bt-7000-220v-g2\/#primaryimage\"},\"thumbnailUrl\":\"https:\/\/bozza.com\/wp-content\/uploads\/2021\/05\/12.421.0023_BT-7000-110V-220V-G2_BOMBA-ABASTECIMENTO-ELETRICA-1.jpg\",\"datePublished\":\"2021-05-27T17:17:50+00:00\",\"dateModified\":\"2026-03-20T12:59:13+00:00\",\"description\":\"Bomba de abastecimento ele\u0301trica 220 Volts, para diesel, me\u0301dia vaz\u00e3o, dotada de medidor volume\u0301trico meca\u0302nico, ideal para abastecimento de pequenas frotas, equipamentos agri\u0301colas etc.\",\"breadcrumb\":{\"@id\":\"https:\/\/bozza.com\/en\/produto\/bomba-de-abastecimento-eletrica-bt-7000-220v-g2\/#breadcrumb\"},\"inLanguage\":\"en-US\",\"potentialAction\":[{\"@type\":\"ReadAction\",\"target\":[\"https:\/\/bozza.com\/en\/produto\/bomba-de-abastecimento-eletrica-bt-7000-220v-g2\/\"]}]},{\"@type\":\"ImageObject\",\"inLanguage\":\"en-US\",\"@id\":\"https:\/\/bozza.com\/en\/produto\/bomba-de-abastecimento-eletrica-bt-7000-220v-g2\/#primaryimage\",\"url\":\"https:\/\/bozza.com\/wp-content\/uploads\/2021\/05\/12.421.0023_BT-7000-110V-220V-G2_BOMBA-ABASTECIMENTO-ELETRICA-1.jpg\",\"contentUrl\":\"https:\/\/bozza.com\/wp-content\/uploads\/2021\/05\/12.421.0023_BT-7000-110V-220V-G2_BOMBA-ABASTECIMENTO-ELETRICA-1.jpg\",\"width\":1080,\"height\":1080},{\"@type\":\"BreadcrumbList\",\"@id\":\"https:\/\/bozza.com\/en\/produto\/bomba-de-abastecimento-eletrica-bt-7000-220v-g2\/#breadcrumb\",\"itemListElement\":[{\"@type\":\"ListItem\",\"position\":1,\"name\":\"In\u00edcio\",\"item\":\"https:\/\/bozza.com\/\"},{\"@type\":\"ListItem\",\"position\":2,\"name\":\"Produtos\",\"item\":\"https:\/\/bozza.com\/?page_id=70036\"},{\"@type\":\"ListItem\",\"position\":3,\"name\":\"Electric Supply Pump BT-7000-220V-G2\"}]},{\"@type\":\"WebSite\",\"@id\":\"https:\/\/bozza.com\/#website\",\"url\":\"https:\/\/bozza.com\/\",\"name\":\"Bozza\",\"description\":\"Solu\u00e7\u00f5es em Lubrifica\u00e7\u00e3o\",\"publisher\":{\"@id\":\"https:\/\/bozza.com\/#organization\"},\"potentialAction\":[{\"@type\":\"SearchAction\",\"target\":{\"@type\":\"EntryPoint\",\"urlTemplate\":\"https:\/\/bozza.com\/?s={search_term_string}\"},\"query-input\":{\"@type\":\"PropertyValueSpecification\",\"valueRequired\":true,\"valueName\":\"search_term_string\"}}],\"inLanguage\":\"en-US\"},{\"@type\":\"Organization\",\"@id\":\"https:\/\/bozza.com\/#organization\",\"name\":\"Bozza\",\"url\":\"https:\/\/bozza.com\/\",\"logo\":{\"@type\":\"ImageObject\",\"inLanguage\":\"en-US\",\"@id\":\"https:\/\/bozza.com\/#\/schema\/logo\/image\/\",\"url\":\"\",\"contentUrl\":\"\",\"caption\":\"Bozza\"},\"image\":{\"@id\":\"https:\/\/bozza.com\/#\/schema\/logo\/image\/\"},\"sameAs\":[\"https:\/\/www.facebook.com\/bozza.oficial\/\",\"https:\/\/www.instagram.com\/bozzaoficial\/\",\"https:\/\/www.linkedin.com\/company\/bozza\/\",\"https:\/\/www.youtube.com\/channel\/UCQRiHYNpM4VQWF9YxVgSTsw?view_as=subscriber\"]}]}<\/script>\n<!-- \/ Yoast SEO plugin. -->","yoast_head_json":{"title":"Electric Supply Pump BT-7000-220V-G2 | Bozza","description":"Bomba de abastecimento ele\u0301trica 220 Volts, para diesel, me\u0301dia vaz\u00e3o, dotada de medidor volume\u0301trico meca\u0302nico, ideal para abastecimento de pequenas frotas, equipamentos agri\u0301colas etc.","robots":{"index":"index","follow":"follow","max-snippet":"max-snippet:-1","max-image-preview":"max-image-preview:large","max-video-preview":"max-video-preview:-1"},"canonical":"https:\/\/bozza.com\/en\/produto\/bomba-de-abastecimento-eletrica-bt-7000-220v-g2\/","og_locale":"en_US","og_type":"article","og_title":"Electric Supply Pump BT-7000-220V-G2 | Bozza","og_description":"Bomba de abastecimento ele\u0301trica 220 Volts, para diesel, me\u0301dia vaz\u00e3o, dotada de medidor volume\u0301trico meca\u0302nico, ideal para abastecimento de pequenas frotas, equipamentos agri\u0301colas etc.","og_url":"https:\/\/bozza.com\/en\/produto\/bomba-de-abastecimento-eletrica-bt-7000-220v-g2\/","og_site_name":"Bozza","article_publisher":"https:\/\/www.facebook.com\/bozza.oficial\/","article_modified_time":"2026-03-20T12:59:13+00:00","og_image":[{"width":1080,"height":1080,"url":"https:\/\/bozza.com\/wp-content\/uploads\/2021\/05\/12.421.0023_BT-7000-110V-220V-G2_BOMBA-ABASTECIMENTO-ELETRICA-1.jpg","type":"image\/jpeg"}],"twitter_card":"summary_large_image","twitter_misc":{"Est. reading time":"1 minute"},"schema":{"@context":"https:\/\/schema.org","@graph":[{"@type":"WebPage","@id":"https:\/\/bozza.com\/en\/produto\/bomba-de-abastecimento-eletrica-bt-7000-220v-g2\/","url":"https:\/\/bozza.com\/en\/produto\/bomba-de-abastecimento-eletrica-bt-7000-220v-g2\/","name":"Electric Supply Pump BT-7000-220V-G2 | Bozza","isPartOf":{"@id":"https:\/\/bozza.com\/#website"},"primaryImageOfPage":{"@id":"https:\/\/bozza.com\/en\/produto\/bomba-de-abastecimento-eletrica-bt-7000-220v-g2\/#primaryimage"},"image":{"@id":"https:\/\/bozza.com\/en\/produto\/bomba-de-abastecimento-eletrica-bt-7000-220v-g2\/#primaryimage"},"thumbnailUrl":"https:\/\/bozza.com\/wp-content\/uploads\/2021\/05\/12.421.0023_BT-7000-110V-220V-G2_BOMBA-ABASTECIMENTO-ELETRICA-1.jpg","datePublished":"2021-05-27T17:17:50+00:00","dateModified":"2026-03-20T12:59:13+00:00","description":"Bomba de abastecimento ele\u0301trica 220 Volts, para diesel, me\u0301dia vaz\u00e3o, dotada de medidor volume\u0301trico meca\u0302nico, ideal para abastecimento de pequenas frotas, equipamentos agri\u0301colas etc.","breadcrumb":{"@id":"https:\/\/bozza.com\/en\/produto\/bomba-de-abastecimento-eletrica-bt-7000-220v-g2\/#breadcrumb"},"inLanguage":"en-US","potentialAction":[{"@type":"ReadAction","target":["https:\/\/bozza.com\/en\/produto\/bomba-de-abastecimento-eletrica-bt-7000-220v-g2\/"]}]},{"@type":"ImageObject","inLanguage":"en-US","@id":"https:\/\/bozza.com\/en\/produto\/bomba-de-abastecimento-eletrica-bt-7000-220v-g2\/#primaryimage","url":"https:\/\/bozza.com\/wp-content\/uploads\/2021\/05\/12.421.0023_BT-7000-110V-220V-G2_BOMBA-ABASTECIMENTO-ELETRICA-1.jpg","contentUrl":"https:\/\/bozza.com\/wp-content\/uploads\/2021\/05\/12.421.0023_BT-7000-110V-220V-G2_BOMBA-ABASTECIMENTO-ELETRICA-1.jpg","width":1080,"height":1080},{"@type":"BreadcrumbList","@id":"https:\/\/bozza.com\/en\/produto\/bomba-de-abastecimento-eletrica-bt-7000-220v-g2\/#breadcrumb","itemListElement":[{"@type":"ListItem","position":1,"name":"In\u00edcio","item":"https:\/\/bozza.com\/"},{"@type":"ListItem","position":2,"name":"Produtos","item":"https:\/\/bozza.com\/?page_id=70036"},{"@type":"ListItem","position":3,"name":"Electric Supply Pump BT-7000-220V-G2"}]},{"@type":"WebSite","@id":"https:\/\/bozza.com\/#website","url":"https:\/\/bozza.com\/","name":"Bozza","description":"Solu\u00e7\u00f5es em Lubrifica\u00e7\u00e3o","publisher":{"@id":"https:\/\/bozza.com\/#organization"},"potentialAction":[{"@type":"SearchAction","target":{"@type":"EntryPoint","urlTemplate":"https:\/\/bozza.com\/?s={search_term_string}"},"query-input":{"@type":"PropertyValueSpecification","valueRequired":true,"valueName":"search_term_string"}}],"inLanguage":"en-US"},{"@type":"Organization","@id":"https:\/\/bozza.com\/#organization","name":"Bozza","url":"https:\/\/bozza.com\/","logo":{"@type":"ImageObject","inLanguage":"en-US","@id":"https:\/\/bozza.com\/#\/schema\/logo\/image\/","url":"","contentUrl":"","caption":"Bozza"},"image":{"@id":"https:\/\/bozza.com\/#\/schema\/logo\/image\/"},"sameAs":["https:\/\/www.facebook.com\/bozza.oficial\/","https:\/\/www.instagram.com\/bozzaoficial\/","https:\/\/www.linkedin.com\/company\/bozza\/","https:\/\/www.youtube.com\/channel\/UCQRiHYNpM4VQWF9YxVgSTsw?view_as=subscriber"]}]}},"_links":{"self":[{"href":"https:\/\/bozza.com\/en\/wp-json\/wp\/v2\/product\/63993","targetHints":{"allow":["GET"]}}],"collection":[{"href":"https:\/\/bozza.com\/en\/wp-json\/wp\/v2\/product"}],"about":[{"href":"https:\/\/bozza.com\/en\/wp-json\/wp\/v2\/types\/product"}],"wp:featuredmedia":[{"embeddable":true,"href":"https:\/\/bozza.com\/en\/wp-json\/wp\/v2\/media\/58022"}],"wp:attachment":[{"href":"https:\/\/bozza.com\/en\/wp-json\/wp\/v2\/media?parent=63993"}],"wp:term":[{"taxonomy":"product_brand","embeddable":true,"href":"https:\/\/bozza.com\/en\/wp-json\/wp\/v2\/product_brand?post=63993"},{"taxonomy":"product_cat","embeddable":true,"href":"https:\/\/bozza.com\/en\/wp-json\/wp\/v2\/product_cat?post=63993"},{"taxonomy":"product_tag","embeddable":true,"href":"https:\/\/bozza.com\/en\/wp-json\/wp\/v2\/product_tag?post=63993"}],"curies":[{"name":"wp","href":"https:\/\/api.w.org\/{rel}","templated":true}]}}