{"id":64004,"date":"2020-10-29T14:49:42","date_gmt":"2020-10-29T17:49:42","guid":{"rendered":"https:\/\/www.bozza.com\/produto\/relub-1000a\/"},"modified":"2026-03-20T10:00:37","modified_gmt":"2026-03-20T13:00:37","slug":"relub-1000a","status":"publish","type":"product","link":"https:\/\/bozza.com\/en\/produto\/relub-1000a\/","title":{"rendered":"Reservoir for Lubricant Oil RELUB-1000A"},"content":{"rendered":"<ul>\n<li><span style=\"font-weight: 400;\">Capacity 1,000 L<\/span><\/li>\n<li><span style=\"font-weight: 400;\">Free flow 25 L\/minute<\/span><\/li>\n<li><span style=\"font-weight: 400;\">Ratio 3:1<\/span><\/li>\n<li><span style=\"font-weight: 400;\">Working pressure 80 \u2013 100 PSI (5.5 to 6.8 BAR)<\/span><\/li>\n<li><span style=\"font-weight: 400;\">Output pressure 240 \u2013 300 PSI (27.5 to 34.5 BAR)<\/span><\/li>\n<li><span style=\"font-weight: 400;\">Air consumption: 10.0 foot\u00b3 \/ minute<\/span><\/li>\n<\/ul>\n","protected":false},"excerpt":{"rendered":"<p><span style=\"font-weight: 400;\">Fixed equipment for use in IBC-1000 L reservoir, for lubricating oil. The product\u2019s pumping system consists of a heavy-duty propelling pump, equipped with oil filter, meter, hoses, and connections, making it suitable for customers with high consumption.<\/span> <span style=\"font-weight: 400;\">Recommended for mining, steelwork markets, bus companies, transportation companies, and other industries.<\/span><\/p>\n","protected":false},"featured_media":79657,"template":"","meta":{"_acf_changed":false},"product_brand":[],"product_cat":[463,473],"product_tag":[465,466,491],"class_list":{"0":"post-64004","1":"product","2":"type-product","3":"status-publish","4":"has-post-thumbnail","6":"product_cat-all-products","7":"product_cat-industrial-line-en","8":"product_tag-construcao-en","9":"product_tag-industria-en","10":"product_tag-reservatorio-en","12":"first","13":"instock","14":"virtual","15":"product-type-simple"},"acf":[],"yoast_head":"<!-- This site is optimized with the Yoast SEO plugin v26.9 - https:\/\/yoast.com\/product\/yoast-seo-wordpress\/ -->\n<title>Reservoir for Lubricant Oil RELUB-1000A | Bozza<\/title>\n<meta name=\"description\" content=\"Equipamento fixo com reservato\u0301rio IBC-1000L, para o\u0301leo lubrificante, com sistema de bombeamento por propulsora pneuma\u0301tica, dotada de filtro de \u00f3leo, medidor, mangueiras e conexo\u0303es, indicada para clientes que possuem um elevado consumo. Indicado para os mercados de minerac\u0327o\u0303es, siderurgias, empresas de o\u0302nibus, transportadoras e demais indu\u0301strias.\" \/>\n<meta name=\"robots\" content=\"index, follow, max-snippet:-1, max-image-preview:large, max-video-preview:-1\" \/>\n<link rel=\"canonical\" href=\"https:\/\/bozza.com\/en\/produto\/relub-1000a\/\" \/>\n<meta property=\"og:locale\" content=\"en_US\" \/>\n<meta property=\"og:type\" content=\"article\" \/>\n<meta property=\"og:title\" content=\"Reservoir for Lubricant Oil RELUB-1000A | Bozza\" \/>\n<meta property=\"og:description\" content=\"Equipamento fixo com reservato\u0301rio IBC-1000L, para o\u0301leo lubrificante, com sistema de bombeamento por propulsora pneuma\u0301tica, dotada de filtro de \u00f3leo, medidor, mangueiras e conexo\u0303es, indicada para clientes que possuem um elevado consumo. Indicado para os mercados de minerac\u0327o\u0303es, siderurgias, empresas de o\u0302nibus, transportadoras e demais indu\u0301strias.\" \/>\n<meta property=\"og:url\" content=\"https:\/\/bozza.com\/en\/produto\/relub-1000a\/\" \/>\n<meta property=\"og:site_name\" content=\"Bozza\" \/>\n<meta property=\"article:publisher\" content=\"https:\/\/www.facebook.com\/bozza.oficial\/\" \/>\n<meta property=\"article:modified_time\" content=\"2026-03-20T13:00:37+00:00\" \/>\n<meta property=\"og:image\" content=\"https:\/\/bozza.com\/wp-content\/uploads\/2026\/01\/RELUB-1000-G5.jpg\" \/>\n\t<meta property=\"og:image:width\" content=\"1080\" \/>\n\t<meta property=\"og:image:height\" content=\"1080\" \/>\n\t<meta property=\"og:image:type\" content=\"image\/jpeg\" \/>\n<meta name=\"twitter:card\" content=\"summary_large_image\" \/>\n<meta name=\"twitter:label1\" content=\"Est. reading time\" \/>\n\t<meta name=\"twitter:data1\" content=\"1 minute\" \/>\n<script type=\"application\/ld+json\" class=\"yoast-schema-graph\">{\"@context\":\"https:\/\/schema.org\",\"@graph\":[{\"@type\":\"WebPage\",\"@id\":\"https:\/\/bozza.com\/en\/produto\/relub-1000a\/\",\"url\":\"https:\/\/bozza.com\/en\/produto\/relub-1000a\/\",\"name\":\"Reservoir for Lubricant Oil RELUB-1000A | Bozza\",\"isPartOf\":{\"@id\":\"https:\/\/bozza.com\/#website\"},\"primaryImageOfPage\":{\"@id\":\"https:\/\/bozza.com\/en\/produto\/relub-1000a\/#primaryimage\"},\"image\":{\"@id\":\"https:\/\/bozza.com\/en\/produto\/relub-1000a\/#primaryimage\"},\"thumbnailUrl\":\"https:\/\/bozza.com\/wp-content\/uploads\/2026\/01\/RELUB-1000-G5.jpg\",\"datePublished\":\"2020-10-29T17:49:42+00:00\",\"dateModified\":\"2026-03-20T13:00:37+00:00\",\"description\":\"Equipamento fixo com reservato\u0301rio IBC-1000L, para o\u0301leo lubrificante, com sistema de bombeamento por propulsora pneuma\u0301tica, dotada de filtro de \u00f3leo, medidor, mangueiras e conexo\u0303es, indicada para clientes que possuem um elevado consumo. Indicado para os mercados de minerac\u0327o\u0303es, siderurgias, empresas de o\u0302nibus, transportadoras e demais indu\u0301strias.\",\"breadcrumb\":{\"@id\":\"https:\/\/bozza.com\/en\/produto\/relub-1000a\/#breadcrumb\"},\"inLanguage\":\"en-US\",\"potentialAction\":[{\"@type\":\"ReadAction\",\"target\":[\"https:\/\/bozza.com\/en\/produto\/relub-1000a\/\"]}]},{\"@type\":\"ImageObject\",\"inLanguage\":\"en-US\",\"@id\":\"https:\/\/bozza.com\/en\/produto\/relub-1000a\/#primaryimage\",\"url\":\"https:\/\/bozza.com\/wp-content\/uploads\/2026\/01\/RELUB-1000-G5.jpg\",\"contentUrl\":\"https:\/\/bozza.com\/wp-content\/uploads\/2026\/01\/RELUB-1000-G5.jpg\",\"width\":1080,\"height\":1080},{\"@type\":\"BreadcrumbList\",\"@id\":\"https:\/\/bozza.com\/en\/produto\/relub-1000a\/#breadcrumb\",\"itemListElement\":[{\"@type\":\"ListItem\",\"position\":1,\"name\":\"In\u00edcio\",\"item\":\"https:\/\/bozza.com\/\"},{\"@type\":\"ListItem\",\"position\":2,\"name\":\"Produtos\",\"item\":\"https:\/\/bozza.com\/?page_id=70036\"},{\"@type\":\"ListItem\",\"position\":3,\"name\":\"Reservoir for Lubricant Oil RELUB-1000A\"}]},{\"@type\":\"WebSite\",\"@id\":\"https:\/\/bozza.com\/#website\",\"url\":\"https:\/\/bozza.com\/\",\"name\":\"Bozza\",\"description\":\"Solu\u00e7\u00f5es em Lubrifica\u00e7\u00e3o\",\"publisher\":{\"@id\":\"https:\/\/bozza.com\/#organization\"},\"potentialAction\":[{\"@type\":\"SearchAction\",\"target\":{\"@type\":\"EntryPoint\",\"urlTemplate\":\"https:\/\/bozza.com\/?s={search_term_string}\"},\"query-input\":{\"@type\":\"PropertyValueSpecification\",\"valueRequired\":true,\"valueName\":\"search_term_string\"}}],\"inLanguage\":\"en-US\"},{\"@type\":\"Organization\",\"@id\":\"https:\/\/bozza.com\/#organization\",\"name\":\"Bozza\",\"url\":\"https:\/\/bozza.com\/\",\"logo\":{\"@type\":\"ImageObject\",\"inLanguage\":\"en-US\",\"@id\":\"https:\/\/bozza.com\/#\/schema\/logo\/image\/\",\"url\":\"\",\"contentUrl\":\"\",\"caption\":\"Bozza\"},\"image\":{\"@id\":\"https:\/\/bozza.com\/#\/schema\/logo\/image\/\"},\"sameAs\":[\"https:\/\/www.facebook.com\/bozza.oficial\/\",\"https:\/\/www.instagram.com\/bozzaoficial\/\",\"https:\/\/www.linkedin.com\/company\/bozza\/\",\"https:\/\/www.youtube.com\/channel\/UCQRiHYNpM4VQWF9YxVgSTsw?view_as=subscriber\"]}]}<\/script>\n<!-- \/ Yoast SEO plugin. -->","yoast_head_json":{"title":"Reservoir for Lubricant Oil RELUB-1000A | Bozza","description":"Equipamento fixo com reservato\u0301rio IBC-1000L, para o\u0301leo lubrificante, com sistema de bombeamento por propulsora pneuma\u0301tica, dotada de filtro de \u00f3leo, medidor, mangueiras e conexo\u0303es, indicada para clientes que possuem um elevado consumo. Indicado para os mercados de minerac\u0327o\u0303es, siderurgias, empresas de o\u0302nibus, transportadoras e demais indu\u0301strias.","robots":{"index":"index","follow":"follow","max-snippet":"max-snippet:-1","max-image-preview":"max-image-preview:large","max-video-preview":"max-video-preview:-1"},"canonical":"https:\/\/bozza.com\/en\/produto\/relub-1000a\/","og_locale":"en_US","og_type":"article","og_title":"Reservoir for Lubricant Oil RELUB-1000A | Bozza","og_description":"Equipamento fixo com reservato\u0301rio IBC-1000L, para o\u0301leo lubrificante, com sistema de bombeamento por propulsora pneuma\u0301tica, dotada de filtro de \u00f3leo, medidor, mangueiras e conexo\u0303es, indicada para clientes que possuem um elevado consumo. Indicado para os mercados de minerac\u0327o\u0303es, siderurgias, empresas de o\u0302nibus, transportadoras e demais indu\u0301strias.","og_url":"https:\/\/bozza.com\/en\/produto\/relub-1000a\/","og_site_name":"Bozza","article_publisher":"https:\/\/www.facebook.com\/bozza.oficial\/","article_modified_time":"2026-03-20T13:00:37+00:00","og_image":[{"width":1080,"height":1080,"url":"https:\/\/bozza.com\/wp-content\/uploads\/2026\/01\/RELUB-1000-G5.jpg","type":"image\/jpeg"}],"twitter_card":"summary_large_image","twitter_misc":{"Est. reading time":"1 minute"},"schema":{"@context":"https:\/\/schema.org","@graph":[{"@type":"WebPage","@id":"https:\/\/bozza.com\/en\/produto\/relub-1000a\/","url":"https:\/\/bozza.com\/en\/produto\/relub-1000a\/","name":"Reservoir for Lubricant Oil RELUB-1000A | Bozza","isPartOf":{"@id":"https:\/\/bozza.com\/#website"},"primaryImageOfPage":{"@id":"https:\/\/bozza.com\/en\/produto\/relub-1000a\/#primaryimage"},"image":{"@id":"https:\/\/bozza.com\/en\/produto\/relub-1000a\/#primaryimage"},"thumbnailUrl":"https:\/\/bozza.com\/wp-content\/uploads\/2026\/01\/RELUB-1000-G5.jpg","datePublished":"2020-10-29T17:49:42+00:00","dateModified":"2026-03-20T13:00:37+00:00","description":"Equipamento fixo com reservato\u0301rio IBC-1000L, para o\u0301leo lubrificante, com sistema de bombeamento por propulsora pneuma\u0301tica, dotada de filtro de \u00f3leo, medidor, mangueiras e conexo\u0303es, indicada para clientes que possuem um elevado consumo. Indicado para os mercados de minerac\u0327o\u0303es, siderurgias, empresas de o\u0302nibus, transportadoras e demais indu\u0301strias.","breadcrumb":{"@id":"https:\/\/bozza.com\/en\/produto\/relub-1000a\/#breadcrumb"},"inLanguage":"en-US","potentialAction":[{"@type":"ReadAction","target":["https:\/\/bozza.com\/en\/produto\/relub-1000a\/"]}]},{"@type":"ImageObject","inLanguage":"en-US","@id":"https:\/\/bozza.com\/en\/produto\/relub-1000a\/#primaryimage","url":"https:\/\/bozza.com\/wp-content\/uploads\/2026\/01\/RELUB-1000-G5.jpg","contentUrl":"https:\/\/bozza.com\/wp-content\/uploads\/2026\/01\/RELUB-1000-G5.jpg","width":1080,"height":1080},{"@type":"BreadcrumbList","@id":"https:\/\/bozza.com\/en\/produto\/relub-1000a\/#breadcrumb","itemListElement":[{"@type":"ListItem","position":1,"name":"In\u00edcio","item":"https:\/\/bozza.com\/"},{"@type":"ListItem","position":2,"name":"Produtos","item":"https:\/\/bozza.com\/?page_id=70036"},{"@type":"ListItem","position":3,"name":"Reservoir for Lubricant Oil RELUB-1000A"}]},{"@type":"WebSite","@id":"https:\/\/bozza.com\/#website","url":"https:\/\/bozza.com\/","name":"Bozza","description":"Solu\u00e7\u00f5es em Lubrifica\u00e7\u00e3o","publisher":{"@id":"https:\/\/bozza.com\/#organization"},"potentialAction":[{"@type":"SearchAction","target":{"@type":"EntryPoint","urlTemplate":"https:\/\/bozza.com\/?s={search_term_string}"},"query-input":{"@type":"PropertyValueSpecification","valueRequired":true,"valueName":"search_term_string"}}],"inLanguage":"en-US"},{"@type":"Organization","@id":"https:\/\/bozza.com\/#organization","name":"Bozza","url":"https:\/\/bozza.com\/","logo":{"@type":"ImageObject","inLanguage":"en-US","@id":"https:\/\/bozza.com\/#\/schema\/logo\/image\/","url":"","contentUrl":"","caption":"Bozza"},"image":{"@id":"https:\/\/bozza.com\/#\/schema\/logo\/image\/"},"sameAs":["https:\/\/www.facebook.com\/bozza.oficial\/","https:\/\/www.instagram.com\/bozzaoficial\/","https:\/\/www.linkedin.com\/company\/bozza\/","https:\/\/www.youtube.com\/channel\/UCQRiHYNpM4VQWF9YxVgSTsw?view_as=subscriber"]}]}},"_links":{"self":[{"href":"https:\/\/bozza.com\/en\/wp-json\/wp\/v2\/product\/64004","targetHints":{"allow":["GET"]}}],"collection":[{"href":"https:\/\/bozza.com\/en\/wp-json\/wp\/v2\/product"}],"about":[{"href":"https:\/\/bozza.com\/en\/wp-json\/wp\/v2\/types\/product"}],"wp:featuredmedia":[{"embeddable":true,"href":"https:\/\/bozza.com\/en\/wp-json\/wp\/v2\/media\/79657"}],"wp:attachment":[{"href":"https:\/\/bozza.com\/en\/wp-json\/wp\/v2\/media?parent=64004"}],"wp:term":[{"taxonomy":"product_brand","embeddable":true,"href":"https:\/\/bozza.com\/en\/wp-json\/wp\/v2\/product_brand?post=64004"},{"taxonomy":"product_cat","embeddable":true,"href":"https:\/\/bozza.com\/en\/wp-json\/wp\/v2\/product_cat?post=64004"},{"taxonomy":"product_tag","embeddable":true,"href":"https:\/\/bozza.com\/en\/wp-json\/wp\/v2\/product_tag?post=64004"}],"curies":[{"name":"wp","href":"https:\/\/api.w.org\/{rel}","templated":true}]}}