{"id":64010,"date":"2020-10-01T16:46:20","date_gmt":"2020-10-01T19:46:20","guid":{"rendered":"https:\/\/www.bozza.com\/produto\/7070-fp-12v-bomba-de-abastecimento-eletrica-12v\/"},"modified":"2026-03-20T10:03:23","modified_gmt":"2026-03-20T13:03:23","slug":"7070-fp-12v-bomba-de-abastecimento-eletrica-12v","status":"publish","type":"product","link":"https:\/\/bozza.com\/en\/produto\/7070-fp-12v-bomba-de-abastecimento-eletrica-12v\/","title":{"rendered":"7070-FP-12V- Electric Supply Pump"},"content":{"rendered":"<p><b>DIFFERENTIAL:<\/b><\/p>\n<ul>\n<li><span style=\"font-weight: 400;\">Light and compact, it reduces the operator physical effort;<\/span><\/li>\n<li><span style=\"font-weight: 400;\">High resistance against corrosion and component displacement;<\/span><\/li>\n<li><span style=\"font-weight: 400;\">Portable electric pump, does not require using compressed air.<\/span><\/li>\n<li><span style=\"font-weight: 400;\">Powered by a vehicle battery in general.<\/span><\/li>\n<li><span style=\"font-weight: 400;\">On\/off Switch for greater convenience.<\/span><\/li>\n<\/ul>\n<p><strong>BASIC CARE:<\/strong><\/p>\n<ul>\n<li><span style=\"font-weight: 400;\">Use good quality Diesel free from impurities such as dust, filings, tow, among others.<\/span><\/li>\n<li><span style=\"font-weight: 400;\">When supplying the reservoir with diesel, do it in a suitable environment, thus avoiding contamination risks;<\/span><\/li>\n<li><span style=\"font-weight: 400;\">Always use original spare parts.<\/span><\/li>\n<li><span style=\"font-weight: 400;\">Avoid falls and bumps.<\/span><\/li>\n<li><span style=\"font-weight: 400;\">Never use with ethanol and gasoline.<\/span><\/li>\n<\/ul>\n","protected":false},"excerpt":{"rendered":"<p><span style=\"font-weight: 400;\">Transfer pump for water or diesel, using a 12V portable electric engine. The product is ideal for customers who operate in the field.<\/span> <span style=\"font-weight: 400;\">It can be used for supplying of tanks and reservoirs of vehicles, engines, generators, agricultural implements, among others.<\/span> <span style=\"font-weight: 400;\">Recommended for the automotive, agricultural and construction segment.<\/span> <span style=\"font-weight: 400;\">Light, compact, and portable, offering greater comfort to the operator.<\/span> <span style=\"font-weight: 400;\">Operates through a vehicle battery, and the product is provided with an on\/off switch for greater convenience.<\/span><\/p>\n","protected":false},"featured_media":58055,"template":"","meta":{"_acf_changed":false},"product_brand":[],"product_cat":[],"product_tag":[1033,1031,1032],"class_list":{"0":"post-64010","1":"product","2":"type-product","3":"status-publish","4":"has-post-thumbnail","6":"product_tag-abastecimento-en-2","7":"product_tag-eletrico-en-2","8":"product_tag-oleo-en-2","10":"first","11":"instock","12":"shipping-taxable","13":"product-type-simple"},"acf":[],"yoast_head":"<!-- This site is optimized with the Yoast SEO plugin v26.9 - https:\/\/yoast.com\/product\/yoast-seo-wordpress\/ -->\n<title>7070-FP-12V- Electric Supply Pump | Bozza<\/title>\n<meta name=\"robots\" content=\"index, follow, max-snippet:-1, max-image-preview:large, max-video-preview:-1\" \/>\n<link rel=\"canonical\" href=\"https:\/\/bozza.com\/produto\/7070-fp-12v-bomba-de-abastecimento-eletrica-12v\/\" \/>\n<meta property=\"og:locale\" content=\"en_US\" \/>\n<meta property=\"og:type\" content=\"article\" \/>\n<meta property=\"og:title\" content=\"7070-FP-12V- Electric Supply Pump | Bozza\" \/>\n<meta property=\"og:description\" content=\"Transfer pump for water or diesel, using a 12V portable electric engine. The product is ideal for customers who operate in the field. It can be used for supplying of tanks and reservoirs of vehicles, engines, generators, agricultural implements, among others. Recommended for the automotive, agricultural and construction segment. Light, compact, and portable, offering greater comfort to the operator. Operates through a vehicle battery, and the product is provided with an on\/off switch for greater convenience.\" \/>\n<meta property=\"og:url\" content=\"https:\/\/bozza.com\/produto\/7070-fp-12v-bomba-de-abastecimento-eletrica-12v\/\" \/>\n<meta property=\"og:site_name\" content=\"Bozza\" \/>\n<meta property=\"article:publisher\" content=\"https:\/\/www.facebook.com\/bozza.oficial\/\" \/>\n<meta property=\"article:modified_time\" content=\"2026-03-20T13:03:23+00:00\" \/>\n<meta property=\"og:image\" content=\"https:\/\/bozza.com\/wp-content\/uploads\/2020\/10\/12.421.0057_7070-FP-12V_BOMBA-ABASTECIMENTO-ELETRICA.jpg\" \/>\n\t<meta property=\"og:image:width\" content=\"1080\" \/>\n\t<meta property=\"og:image:height\" content=\"1080\" \/>\n\t<meta property=\"og:image:type\" content=\"image\/jpeg\" \/>\n<meta name=\"twitter:card\" content=\"summary_large_image\" \/>\n<meta name=\"twitter:label1\" content=\"Est. reading time\" \/>\n\t<meta name=\"twitter:data1\" content=\"1 minute\" \/>\n<script type=\"application\/ld+json\" class=\"yoast-schema-graph\">{\"@context\":\"https:\/\/schema.org\",\"@graph\":[{\"@type\":\"WebPage\",\"@id\":\"https:\/\/bozza.com\/produto\/7070-fp-12v-bomba-de-abastecimento-eletrica-12v\/\",\"url\":\"https:\/\/bozza.com\/produto\/7070-fp-12v-bomba-de-abastecimento-eletrica-12v\/\",\"name\":\"7070-FP-12V- Electric Supply Pump | Bozza\",\"isPartOf\":{\"@id\":\"https:\/\/bozza.com\/#website\"},\"primaryImageOfPage\":{\"@id\":\"https:\/\/bozza.com\/produto\/7070-fp-12v-bomba-de-abastecimento-eletrica-12v\/#primaryimage\"},\"image\":{\"@id\":\"https:\/\/bozza.com\/produto\/7070-fp-12v-bomba-de-abastecimento-eletrica-12v\/#primaryimage\"},\"thumbnailUrl\":\"https:\/\/bozza.com\/wp-content\/uploads\/2020\/10\/12.421.0057_7070-FP-12V_BOMBA-ABASTECIMENTO-ELETRICA.jpg\",\"datePublished\":\"2020-10-01T19:46:20+00:00\",\"dateModified\":\"2026-03-20T13:03:23+00:00\",\"breadcrumb\":{\"@id\":\"https:\/\/bozza.com\/produto\/7070-fp-12v-bomba-de-abastecimento-eletrica-12v\/#breadcrumb\"},\"inLanguage\":\"en-US\",\"potentialAction\":[{\"@type\":\"ReadAction\",\"target\":[\"https:\/\/bozza.com\/produto\/7070-fp-12v-bomba-de-abastecimento-eletrica-12v\/\"]}]},{\"@type\":\"ImageObject\",\"inLanguage\":\"en-US\",\"@id\":\"https:\/\/bozza.com\/produto\/7070-fp-12v-bomba-de-abastecimento-eletrica-12v\/#primaryimage\",\"url\":\"https:\/\/bozza.com\/wp-content\/uploads\/2020\/10\/12.421.0057_7070-FP-12V_BOMBA-ABASTECIMENTO-ELETRICA.jpg\",\"contentUrl\":\"https:\/\/bozza.com\/wp-content\/uploads\/2020\/10\/12.421.0057_7070-FP-12V_BOMBA-ABASTECIMENTO-ELETRICA.jpg\",\"width\":1080,\"height\":1080},{\"@type\":\"BreadcrumbList\",\"@id\":\"https:\/\/bozza.com\/produto\/7070-fp-12v-bomba-de-abastecimento-eletrica-12v\/#breadcrumb\",\"itemListElement\":[{\"@type\":\"ListItem\",\"position\":1,\"name\":\"In\u00edcio\",\"item\":\"https:\/\/bozza.com\/\"},{\"@type\":\"ListItem\",\"position\":2,\"name\":\"Produtos\",\"item\":\"https:\/\/bozza.com\/?page_id=70036\"},{\"@type\":\"ListItem\",\"position\":3,\"name\":\"7070-FP-12V- Electric Supply Pump\"}]},{\"@type\":\"WebSite\",\"@id\":\"https:\/\/bozza.com\/#website\",\"url\":\"https:\/\/bozza.com\/\",\"name\":\"Bozza\",\"description\":\"Solu\u00e7\u00f5es em Lubrifica\u00e7\u00e3o\",\"publisher\":{\"@id\":\"https:\/\/bozza.com\/#organization\"},\"potentialAction\":[{\"@type\":\"SearchAction\",\"target\":{\"@type\":\"EntryPoint\",\"urlTemplate\":\"https:\/\/bozza.com\/?s={search_term_string}\"},\"query-input\":{\"@type\":\"PropertyValueSpecification\",\"valueRequired\":true,\"valueName\":\"search_term_string\"}}],\"inLanguage\":\"en-US\"},{\"@type\":\"Organization\",\"@id\":\"https:\/\/bozza.com\/#organization\",\"name\":\"Bozza\",\"url\":\"https:\/\/bozza.com\/\",\"logo\":{\"@type\":\"ImageObject\",\"inLanguage\":\"en-US\",\"@id\":\"https:\/\/bozza.com\/#\/schema\/logo\/image\/\",\"url\":\"\",\"contentUrl\":\"\",\"caption\":\"Bozza\"},\"image\":{\"@id\":\"https:\/\/bozza.com\/#\/schema\/logo\/image\/\"},\"sameAs\":[\"https:\/\/www.facebook.com\/bozza.oficial\/\",\"https:\/\/www.instagram.com\/bozzaoficial\/\",\"https:\/\/www.linkedin.com\/company\/bozza\/\",\"https:\/\/www.youtube.com\/channel\/UCQRiHYNpM4VQWF9YxVgSTsw?view_as=subscriber\"]}]}<\/script>\n<!-- \/ Yoast SEO plugin. -->","yoast_head_json":{"title":"7070-FP-12V- Electric Supply Pump | Bozza","robots":{"index":"index","follow":"follow","max-snippet":"max-snippet:-1","max-image-preview":"max-image-preview:large","max-video-preview":"max-video-preview:-1"},"canonical":"https:\/\/bozza.com\/produto\/7070-fp-12v-bomba-de-abastecimento-eletrica-12v\/","og_locale":"en_US","og_type":"article","og_title":"7070-FP-12V- Electric Supply Pump | Bozza","og_description":"Transfer pump for water or diesel, using a 12V portable electric engine. The product is ideal for customers who operate in the field. It can be used for supplying of tanks and reservoirs of vehicles, engines, generators, agricultural implements, among others. Recommended for the automotive, agricultural and construction segment. Light, compact, and portable, offering greater comfort to the operator. Operates through a vehicle battery, and the product is provided with an on\/off switch for greater convenience.","og_url":"https:\/\/bozza.com\/produto\/7070-fp-12v-bomba-de-abastecimento-eletrica-12v\/","og_site_name":"Bozza","article_publisher":"https:\/\/www.facebook.com\/bozza.oficial\/","article_modified_time":"2026-03-20T13:03:23+00:00","og_image":[{"width":1080,"height":1080,"url":"https:\/\/bozza.com\/wp-content\/uploads\/2020\/10\/12.421.0057_7070-FP-12V_BOMBA-ABASTECIMENTO-ELETRICA.jpg","type":"image\/jpeg"}],"twitter_card":"summary_large_image","twitter_misc":{"Est. reading time":"1 minute"},"schema":{"@context":"https:\/\/schema.org","@graph":[{"@type":"WebPage","@id":"https:\/\/bozza.com\/produto\/7070-fp-12v-bomba-de-abastecimento-eletrica-12v\/","url":"https:\/\/bozza.com\/produto\/7070-fp-12v-bomba-de-abastecimento-eletrica-12v\/","name":"7070-FP-12V- Electric Supply Pump | Bozza","isPartOf":{"@id":"https:\/\/bozza.com\/#website"},"primaryImageOfPage":{"@id":"https:\/\/bozza.com\/produto\/7070-fp-12v-bomba-de-abastecimento-eletrica-12v\/#primaryimage"},"image":{"@id":"https:\/\/bozza.com\/produto\/7070-fp-12v-bomba-de-abastecimento-eletrica-12v\/#primaryimage"},"thumbnailUrl":"https:\/\/bozza.com\/wp-content\/uploads\/2020\/10\/12.421.0057_7070-FP-12V_BOMBA-ABASTECIMENTO-ELETRICA.jpg","datePublished":"2020-10-01T19:46:20+00:00","dateModified":"2026-03-20T13:03:23+00:00","breadcrumb":{"@id":"https:\/\/bozza.com\/produto\/7070-fp-12v-bomba-de-abastecimento-eletrica-12v\/#breadcrumb"},"inLanguage":"en-US","potentialAction":[{"@type":"ReadAction","target":["https:\/\/bozza.com\/produto\/7070-fp-12v-bomba-de-abastecimento-eletrica-12v\/"]}]},{"@type":"ImageObject","inLanguage":"en-US","@id":"https:\/\/bozza.com\/produto\/7070-fp-12v-bomba-de-abastecimento-eletrica-12v\/#primaryimage","url":"https:\/\/bozza.com\/wp-content\/uploads\/2020\/10\/12.421.0057_7070-FP-12V_BOMBA-ABASTECIMENTO-ELETRICA.jpg","contentUrl":"https:\/\/bozza.com\/wp-content\/uploads\/2020\/10\/12.421.0057_7070-FP-12V_BOMBA-ABASTECIMENTO-ELETRICA.jpg","width":1080,"height":1080},{"@type":"BreadcrumbList","@id":"https:\/\/bozza.com\/produto\/7070-fp-12v-bomba-de-abastecimento-eletrica-12v\/#breadcrumb","itemListElement":[{"@type":"ListItem","position":1,"name":"In\u00edcio","item":"https:\/\/bozza.com\/"},{"@type":"ListItem","position":2,"name":"Produtos","item":"https:\/\/bozza.com\/?page_id=70036"},{"@type":"ListItem","position":3,"name":"7070-FP-12V- Electric Supply Pump"}]},{"@type":"WebSite","@id":"https:\/\/bozza.com\/#website","url":"https:\/\/bozza.com\/","name":"Bozza","description":"Solu\u00e7\u00f5es em Lubrifica\u00e7\u00e3o","publisher":{"@id":"https:\/\/bozza.com\/#organization"},"potentialAction":[{"@type":"SearchAction","target":{"@type":"EntryPoint","urlTemplate":"https:\/\/bozza.com\/?s={search_term_string}"},"query-input":{"@type":"PropertyValueSpecification","valueRequired":true,"valueName":"search_term_string"}}],"inLanguage":"en-US"},{"@type":"Organization","@id":"https:\/\/bozza.com\/#organization","name":"Bozza","url":"https:\/\/bozza.com\/","logo":{"@type":"ImageObject","inLanguage":"en-US","@id":"https:\/\/bozza.com\/#\/schema\/logo\/image\/","url":"","contentUrl":"","caption":"Bozza"},"image":{"@id":"https:\/\/bozza.com\/#\/schema\/logo\/image\/"},"sameAs":["https:\/\/www.facebook.com\/bozza.oficial\/","https:\/\/www.instagram.com\/bozzaoficial\/","https:\/\/www.linkedin.com\/company\/bozza\/","https:\/\/www.youtube.com\/channel\/UCQRiHYNpM4VQWF9YxVgSTsw?view_as=subscriber"]}]}},"_links":{"self":[{"href":"https:\/\/bozza.com\/en\/wp-json\/wp\/v2\/product\/64010","targetHints":{"allow":["GET"]}}],"collection":[{"href":"https:\/\/bozza.com\/en\/wp-json\/wp\/v2\/product"}],"about":[{"href":"https:\/\/bozza.com\/en\/wp-json\/wp\/v2\/types\/product"}],"wp:featuredmedia":[{"embeddable":true,"href":"https:\/\/bozza.com\/en\/wp-json\/wp\/v2\/media\/58055"}],"wp:attachment":[{"href":"https:\/\/bozza.com\/en\/wp-json\/wp\/v2\/media?parent=64010"}],"wp:term":[{"taxonomy":"product_brand","embeddable":true,"href":"https:\/\/bozza.com\/en\/wp-json\/wp\/v2\/product_brand?post=64010"},{"taxonomy":"product_cat","embeddable":true,"href":"https:\/\/bozza.com\/en\/wp-json\/wp\/v2\/product_cat?post=64010"},{"taxonomy":"product_tag","embeddable":true,"href":"https:\/\/bozza.com\/en\/wp-json\/wp\/v2\/product_tag?post=64010"}],"curies":[{"name":"wp","href":"https:\/\/api.w.org\/{rel}","templated":true}]}}