{"id":64016,"date":"2020-12-14T11:30:59","date_gmt":"2020-12-14T14:30:59","guid":{"rendered":"https:\/\/www.bozza.com\/produto\/aplicador-de-silicone-7090-s-mc\/"},"modified":"2026-03-20T10:00:01","modified_gmt":"2026-03-20T13:00:01","slug":"aplicador-de-silicone-7090-s-mc","status":"publish","type":"product","link":"https:\/\/bozza.com\/en\/produto\/aplicador-de-silicone-7090-s-mc\/","title":{"rendered":"SILICONE APPLICATOR 7090-S-MC"},"content":{"rendered":"<ul>\n<li><span style=\"font-weight: 400;\">Recommended for domestic and professional use. Optimal for applying silicone, glue, resin, as well as other products stored in tubes, sachets, among others.<\/span><\/li>\n<\/ul>\n","protected":false},"excerpt":{"rendered":"<p><span style=\"font-weight: 400;\">Used for applying gutter seals, silicone, sealant, sealer, and glues in sachets.<\/span> <span style=\"font-weight: 400;\">Recommended for 300 ml sachets<\/span><\/p>\n<p><span style=\"font-weight: 400;\">Equipment with greater ergonomics and agility during application. Made of steel with trivalent white zinc treatment and plastic handle, bringing lightness to the entire end product.<\/span><\/p>\n","protected":false},"featured_media":39719,"template":"","meta":{"_acf_changed":false},"product_brand":[],"product_cat":[472,463],"product_tag":[],"class_list":{"0":"post-64016","1":"product","2":"type-product","3":"status-publish","4":"has-post-thumbnail","6":"product_cat-accessories","7":"product_cat-all-products","9":"first","10":"instock","11":"shipping-taxable","12":"product-type-simple"},"acf":[],"yoast_head":"<!-- This site is optimized with the Yoast SEO plugin v26.9 - https:\/\/yoast.com\/product\/yoast-seo-wordpress\/ -->\n<title>SILICONE APPLICATOR 7090-S-MC | Bozza<\/title>\n<meta name=\"robots\" content=\"index, follow, max-snippet:-1, max-image-preview:large, max-video-preview:-1\" \/>\n<link rel=\"canonical\" href=\"https:\/\/bozza.com\/en\/produto\/aplicador-de-silicone-7090-s-mc\/\" \/>\n<meta property=\"og:locale\" content=\"en_US\" \/>\n<meta property=\"og:type\" content=\"article\" \/>\n<meta property=\"og:title\" content=\"SILICONE APPLICATOR 7090-S-MC | Bozza\" \/>\n<meta property=\"og:description\" content=\"Used for applying gutter seals, silicone, sealant, sealer, and glues in sachets. Recommended for 300 ml sachets  Equipment with greater ergonomics and agility during application. Made of steel with trivalent white zinc treatment and plastic handle, bringing lightness to the entire end product.\" \/>\n<meta property=\"og:url\" content=\"https:\/\/bozza.com\/en\/produto\/aplicador-de-silicone-7090-s-mc\/\" \/>\n<meta property=\"og:site_name\" content=\"Bozza\" \/>\n<meta property=\"article:publisher\" content=\"https:\/\/www.facebook.com\/bozza.oficial\/\" \/>\n<meta property=\"article:modified_time\" content=\"2026-03-20T13:00:01+00:00\" \/>\n<meta property=\"og:image\" content=\"https:\/\/bozza.com\/wp-content\/uploads\/2020\/09\/7090-S-MC-RECORTE.jpg\" \/>\n\t<meta property=\"og:image:width\" content=\"1200\" \/>\n\t<meta property=\"og:image:height\" content=\"1200\" \/>\n\t<meta property=\"og:image:type\" content=\"image\/jpeg\" \/>\n<meta name=\"twitter:card\" content=\"summary_large_image\" \/>\n<meta name=\"twitter:label1\" content=\"Est. reading time\" \/>\n\t<meta name=\"twitter:data1\" content=\"1 minute\" \/>\n<script type=\"application\/ld+json\" class=\"yoast-schema-graph\">{\"@context\":\"https:\/\/schema.org\",\"@graph\":[{\"@type\":\"WebPage\",\"@id\":\"https:\/\/bozza.com\/en\/produto\/aplicador-de-silicone-7090-s-mc\/\",\"url\":\"https:\/\/bozza.com\/en\/produto\/aplicador-de-silicone-7090-s-mc\/\",\"name\":\"SILICONE APPLICATOR 7090-S-MC | Bozza\",\"isPartOf\":{\"@id\":\"https:\/\/bozza.com\/#website\"},\"primaryImageOfPage\":{\"@id\":\"https:\/\/bozza.com\/en\/produto\/aplicador-de-silicone-7090-s-mc\/#primaryimage\"},\"image\":{\"@id\":\"https:\/\/bozza.com\/en\/produto\/aplicador-de-silicone-7090-s-mc\/#primaryimage\"},\"thumbnailUrl\":\"https:\/\/bozza.com\/wp-content\/uploads\/2020\/09\/7090-S-MC-RECORTE.jpg\",\"datePublished\":\"2020-12-14T14:30:59+00:00\",\"dateModified\":\"2026-03-20T13:00:01+00:00\",\"breadcrumb\":{\"@id\":\"https:\/\/bozza.com\/en\/produto\/aplicador-de-silicone-7090-s-mc\/#breadcrumb\"},\"inLanguage\":\"en-US\",\"potentialAction\":[{\"@type\":\"ReadAction\",\"target\":[\"https:\/\/bozza.com\/en\/produto\/aplicador-de-silicone-7090-s-mc\/\"]}]},{\"@type\":\"ImageObject\",\"inLanguage\":\"en-US\",\"@id\":\"https:\/\/bozza.com\/en\/produto\/aplicador-de-silicone-7090-s-mc\/#primaryimage\",\"url\":\"https:\/\/bozza.com\/wp-content\/uploads\/2020\/09\/7090-S-MC-RECORTE.jpg\",\"contentUrl\":\"https:\/\/bozza.com\/wp-content\/uploads\/2020\/09\/7090-S-MC-RECORTE.jpg\",\"width\":1200,\"height\":1200,\"caption\":\"7090-S-MC\"},{\"@type\":\"BreadcrumbList\",\"@id\":\"https:\/\/bozza.com\/en\/produto\/aplicador-de-silicone-7090-s-mc\/#breadcrumb\",\"itemListElement\":[{\"@type\":\"ListItem\",\"position\":1,\"name\":\"In\u00edcio\",\"item\":\"https:\/\/bozza.com\/\"},{\"@type\":\"ListItem\",\"position\":2,\"name\":\"Produtos\",\"item\":\"https:\/\/bozza.com\/?page_id=70036\"},{\"@type\":\"ListItem\",\"position\":3,\"name\":\"SILICONE APPLICATOR 7090-S-MC\"}]},{\"@type\":\"WebSite\",\"@id\":\"https:\/\/bozza.com\/#website\",\"url\":\"https:\/\/bozza.com\/\",\"name\":\"Bozza\",\"description\":\"Solu\u00e7\u00f5es em Lubrifica\u00e7\u00e3o\",\"publisher\":{\"@id\":\"https:\/\/bozza.com\/#organization\"},\"potentialAction\":[{\"@type\":\"SearchAction\",\"target\":{\"@type\":\"EntryPoint\",\"urlTemplate\":\"https:\/\/bozza.com\/?s={search_term_string}\"},\"query-input\":{\"@type\":\"PropertyValueSpecification\",\"valueRequired\":true,\"valueName\":\"search_term_string\"}}],\"inLanguage\":\"en-US\"},{\"@type\":\"Organization\",\"@id\":\"https:\/\/bozza.com\/#organization\",\"name\":\"Bozza\",\"url\":\"https:\/\/bozza.com\/\",\"logo\":{\"@type\":\"ImageObject\",\"inLanguage\":\"en-US\",\"@id\":\"https:\/\/bozza.com\/#\/schema\/logo\/image\/\",\"url\":\"\",\"contentUrl\":\"\",\"caption\":\"Bozza\"},\"image\":{\"@id\":\"https:\/\/bozza.com\/#\/schema\/logo\/image\/\"},\"sameAs\":[\"https:\/\/www.facebook.com\/bozza.oficial\/\",\"https:\/\/www.instagram.com\/bozzaoficial\/\",\"https:\/\/www.linkedin.com\/company\/bozza\/\",\"https:\/\/www.youtube.com\/channel\/UCQRiHYNpM4VQWF9YxVgSTsw?view_as=subscriber\"]}]}<\/script>\n<!-- \/ Yoast SEO plugin. -->","yoast_head_json":{"title":"SILICONE APPLICATOR 7090-S-MC | Bozza","robots":{"index":"index","follow":"follow","max-snippet":"max-snippet:-1","max-image-preview":"max-image-preview:large","max-video-preview":"max-video-preview:-1"},"canonical":"https:\/\/bozza.com\/en\/produto\/aplicador-de-silicone-7090-s-mc\/","og_locale":"en_US","og_type":"article","og_title":"SILICONE APPLICATOR 7090-S-MC | Bozza","og_description":"Used for applying gutter seals, silicone, sealant, sealer, and glues in sachets. Recommended for 300 ml sachets  Equipment with greater ergonomics and agility during application. Made of steel with trivalent white zinc treatment and plastic handle, bringing lightness to the entire end product.","og_url":"https:\/\/bozza.com\/en\/produto\/aplicador-de-silicone-7090-s-mc\/","og_site_name":"Bozza","article_publisher":"https:\/\/www.facebook.com\/bozza.oficial\/","article_modified_time":"2026-03-20T13:00:01+00:00","og_image":[{"width":1200,"height":1200,"url":"https:\/\/bozza.com\/wp-content\/uploads\/2020\/09\/7090-S-MC-RECORTE.jpg","type":"image\/jpeg"}],"twitter_card":"summary_large_image","twitter_misc":{"Est. reading time":"1 minute"},"schema":{"@context":"https:\/\/schema.org","@graph":[{"@type":"WebPage","@id":"https:\/\/bozza.com\/en\/produto\/aplicador-de-silicone-7090-s-mc\/","url":"https:\/\/bozza.com\/en\/produto\/aplicador-de-silicone-7090-s-mc\/","name":"SILICONE APPLICATOR 7090-S-MC | Bozza","isPartOf":{"@id":"https:\/\/bozza.com\/#website"},"primaryImageOfPage":{"@id":"https:\/\/bozza.com\/en\/produto\/aplicador-de-silicone-7090-s-mc\/#primaryimage"},"image":{"@id":"https:\/\/bozza.com\/en\/produto\/aplicador-de-silicone-7090-s-mc\/#primaryimage"},"thumbnailUrl":"https:\/\/bozza.com\/wp-content\/uploads\/2020\/09\/7090-S-MC-RECORTE.jpg","datePublished":"2020-12-14T14:30:59+00:00","dateModified":"2026-03-20T13:00:01+00:00","breadcrumb":{"@id":"https:\/\/bozza.com\/en\/produto\/aplicador-de-silicone-7090-s-mc\/#breadcrumb"},"inLanguage":"en-US","potentialAction":[{"@type":"ReadAction","target":["https:\/\/bozza.com\/en\/produto\/aplicador-de-silicone-7090-s-mc\/"]}]},{"@type":"ImageObject","inLanguage":"en-US","@id":"https:\/\/bozza.com\/en\/produto\/aplicador-de-silicone-7090-s-mc\/#primaryimage","url":"https:\/\/bozza.com\/wp-content\/uploads\/2020\/09\/7090-S-MC-RECORTE.jpg","contentUrl":"https:\/\/bozza.com\/wp-content\/uploads\/2020\/09\/7090-S-MC-RECORTE.jpg","width":1200,"height":1200,"caption":"7090-S-MC"},{"@type":"BreadcrumbList","@id":"https:\/\/bozza.com\/en\/produto\/aplicador-de-silicone-7090-s-mc\/#breadcrumb","itemListElement":[{"@type":"ListItem","position":1,"name":"In\u00edcio","item":"https:\/\/bozza.com\/"},{"@type":"ListItem","position":2,"name":"Produtos","item":"https:\/\/bozza.com\/?page_id=70036"},{"@type":"ListItem","position":3,"name":"SILICONE APPLICATOR 7090-S-MC"}]},{"@type":"WebSite","@id":"https:\/\/bozza.com\/#website","url":"https:\/\/bozza.com\/","name":"Bozza","description":"Solu\u00e7\u00f5es em Lubrifica\u00e7\u00e3o","publisher":{"@id":"https:\/\/bozza.com\/#organization"},"potentialAction":[{"@type":"SearchAction","target":{"@type":"EntryPoint","urlTemplate":"https:\/\/bozza.com\/?s={search_term_string}"},"query-input":{"@type":"PropertyValueSpecification","valueRequired":true,"valueName":"search_term_string"}}],"inLanguage":"en-US"},{"@type":"Organization","@id":"https:\/\/bozza.com\/#organization","name":"Bozza","url":"https:\/\/bozza.com\/","logo":{"@type":"ImageObject","inLanguage":"en-US","@id":"https:\/\/bozza.com\/#\/schema\/logo\/image\/","url":"","contentUrl":"","caption":"Bozza"},"image":{"@id":"https:\/\/bozza.com\/#\/schema\/logo\/image\/"},"sameAs":["https:\/\/www.facebook.com\/bozza.oficial\/","https:\/\/www.instagram.com\/bozzaoficial\/","https:\/\/www.linkedin.com\/company\/bozza\/","https:\/\/www.youtube.com\/channel\/UCQRiHYNpM4VQWF9YxVgSTsw?view_as=subscriber"]}]}},"_links":{"self":[{"href":"https:\/\/bozza.com\/en\/wp-json\/wp\/v2\/product\/64016","targetHints":{"allow":["GET"]}}],"collection":[{"href":"https:\/\/bozza.com\/en\/wp-json\/wp\/v2\/product"}],"about":[{"href":"https:\/\/bozza.com\/en\/wp-json\/wp\/v2\/types\/product"}],"wp:featuredmedia":[{"embeddable":true,"href":"https:\/\/bozza.com\/en\/wp-json\/wp\/v2\/media\/39719"}],"wp:attachment":[{"href":"https:\/\/bozza.com\/en\/wp-json\/wp\/v2\/media?parent=64016"}],"wp:term":[{"taxonomy":"product_brand","embeddable":true,"href":"https:\/\/bozza.com\/en\/wp-json\/wp\/v2\/product_brand?post=64016"},{"taxonomy":"product_cat","embeddable":true,"href":"https:\/\/bozza.com\/en\/wp-json\/wp\/v2\/product_cat?post=64016"},{"taxonomy":"product_tag","embeddable":true,"href":"https:\/\/bozza.com\/en\/wp-json\/wp\/v2\/product_tag?post=64016"}],"curies":[{"name":"wp","href":"https:\/\/api.w.org\/{rel}","templated":true}]}}