{"id":64052,"date":"2018-09-20T10:01:11","date_gmt":"2018-09-20T13:01:11","guid":{"rendered":"https:\/\/www.bozza.com\/produto\/jackboz-2820\/"},"modified":"2026-03-20T10:58:54","modified_gmt":"2026-03-20T13:58:54","slug":"jackboz-2820","status":"publish","type":"product","link":"https:\/\/bozza.com\/en\/produto\/jackboz-2820\/","title":{"rendered":"HYDRAULIC BOTTLE JACK JACKBOZ 2820"},"content":{"rendered":"<ul>\n<li><span style=\"font-weight: 400;\">Capacity: 20 T<\/span><\/li>\n<li><span style=\"font-weight: 400;\">Minimum height:<\/span><span style=\"font-weight: 400;\"> 245 mm<\/span><\/li>\n<li><span style=\"font-weight: 400;\">Weight: 10.2 kg<\/span><\/li>\n<li><span style=\"font-weight: 400;\">Lifting: 150 mm<\/span><\/li>\n<li><span style=\"font-weight: 400;\">Adjustment height: 60 mm<\/span><\/li>\n<\/ul>\n","protected":false},"excerpt":{"rendered":"<p><span style=\"font-weight: 400;\">Hydraulic bottle jack, recommended for lifting vehicles or loads according to its capacity.<\/span><span style=\"font-weight: 400;\"> The product comes with a lever.<\/span><\/p>\n","protected":false},"featured_media":1926,"template":"","meta":{"_acf_changed":false},"product_brand":[],"product_cat":[463,246,1008],"product_tag":[488,489],"class_list":{"0":"post-64052","1":"product","2":"type-product","3":"status-publish","4":"has-post-thumbnail","6":"product_cat-all-products","7":"product_cat-equipamentos-para-postos-de-servicos-en","8":"product_cat-for-oil","9":"product_tag-garrafa-en","10":"product_tag-macaco-hidraulico-en","12":"first","13":"instock","14":"shipping-taxable","15":"product-type-simple"},"acf":[],"yoast_head":"<!-- This site is optimized with the Yoast SEO plugin v26.9 - https:\/\/yoast.com\/product\/yoast-seo-wordpress\/ -->\n<title>HYDRAULIC BOTTLE JACK JACKBOZ 2820 | Bozza<\/title>\n<meta name=\"robots\" content=\"index, follow, max-snippet:-1, max-image-preview:large, max-video-preview:-1\" \/>\n<link rel=\"canonical\" href=\"https:\/\/bozza.com\/en\/produto\/jackboz-2820\/\" \/>\n<meta property=\"og:locale\" content=\"en_US\" \/>\n<meta property=\"og:type\" content=\"article\" \/>\n<meta property=\"og:title\" content=\"HYDRAULIC BOTTLE JACK JACKBOZ 2820 | Bozza\" \/>\n<meta property=\"og:description\" content=\"Hydraulic bottle jack, recommended for lifting vehicles or loads according to its capacity. The product comes with a lever.\" \/>\n<meta property=\"og:url\" content=\"https:\/\/bozza.com\/en\/produto\/jackboz-2820\/\" \/>\n<meta property=\"og:site_name\" content=\"Bozza\" \/>\n<meta property=\"article:publisher\" content=\"https:\/\/www.facebook.com\/bozza.oficial\/\" \/>\n<meta property=\"article:modified_time\" content=\"2026-03-20T13:58:54+00:00\" \/>\n<meta property=\"og:image\" content=\"https:\/\/bozza.com\/wp-content\/uploads\/2018\/09\/Bozza_Recortes_MacacosHidraulicos_Jackboz2820.png\" \/>\n\t<meta property=\"og:image:width\" content=\"1200\" \/>\n\t<meta property=\"og:image:height\" content=\"1200\" \/>\n\t<meta property=\"og:image:type\" content=\"image\/png\" \/>\n<meta name=\"twitter:card\" content=\"summary_large_image\" \/>\n<meta name=\"twitter:label1\" content=\"Est. reading time\" \/>\n\t<meta name=\"twitter:data1\" content=\"1 minute\" \/>\n<script type=\"application\/ld+json\" class=\"yoast-schema-graph\">{\"@context\":\"https:\/\/schema.org\",\"@graph\":[{\"@type\":\"WebPage\",\"@id\":\"https:\/\/bozza.com\/en\/produto\/jackboz-2820\/\",\"url\":\"https:\/\/bozza.com\/en\/produto\/jackboz-2820\/\",\"name\":\"HYDRAULIC BOTTLE JACK JACKBOZ 2820 | Bozza\",\"isPartOf\":{\"@id\":\"https:\/\/bozza.com\/#website\"},\"primaryImageOfPage\":{\"@id\":\"https:\/\/bozza.com\/en\/produto\/jackboz-2820\/#primaryimage\"},\"image\":{\"@id\":\"https:\/\/bozza.com\/en\/produto\/jackboz-2820\/#primaryimage\"},\"thumbnailUrl\":\"https:\/\/bozza.com\/wp-content\/uploads\/2018\/09\/Bozza_Recortes_MacacosHidraulicos_Jackboz2820.png\",\"datePublished\":\"2018-09-20T13:01:11+00:00\",\"dateModified\":\"2026-03-20T13:58:54+00:00\",\"breadcrumb\":{\"@id\":\"https:\/\/bozza.com\/en\/produto\/jackboz-2820\/#breadcrumb\"},\"inLanguage\":\"en-US\",\"potentialAction\":[{\"@type\":\"ReadAction\",\"target\":[\"https:\/\/bozza.com\/en\/produto\/jackboz-2820\/\"]}]},{\"@type\":\"ImageObject\",\"inLanguage\":\"en-US\",\"@id\":\"https:\/\/bozza.com\/en\/produto\/jackboz-2820\/#primaryimage\",\"url\":\"https:\/\/bozza.com\/wp-content\/uploads\/2018\/09\/Bozza_Recortes_MacacosHidraulicos_Jackboz2820.png\",\"contentUrl\":\"https:\/\/bozza.com\/wp-content\/uploads\/2018\/09\/Bozza_Recortes_MacacosHidraulicos_Jackboz2820.png\",\"width\":1200,\"height\":1200},{\"@type\":\"BreadcrumbList\",\"@id\":\"https:\/\/bozza.com\/en\/produto\/jackboz-2820\/#breadcrumb\",\"itemListElement\":[{\"@type\":\"ListItem\",\"position\":1,\"name\":\"In\u00edcio\",\"item\":\"https:\/\/bozza.com\/\"},{\"@type\":\"ListItem\",\"position\":2,\"name\":\"Produtos\",\"item\":\"https:\/\/bozza.com\/?page_id=70036\"},{\"@type\":\"ListItem\",\"position\":3,\"name\":\"HYDRAULIC BOTTLE JACK JACKBOZ 2820\"}]},{\"@type\":\"WebSite\",\"@id\":\"https:\/\/bozza.com\/#website\",\"url\":\"https:\/\/bozza.com\/\",\"name\":\"Bozza\",\"description\":\"Solu\u00e7\u00f5es em Lubrifica\u00e7\u00e3o\",\"publisher\":{\"@id\":\"https:\/\/bozza.com\/#organization\"},\"potentialAction\":[{\"@type\":\"SearchAction\",\"target\":{\"@type\":\"EntryPoint\",\"urlTemplate\":\"https:\/\/bozza.com\/?s={search_term_string}\"},\"query-input\":{\"@type\":\"PropertyValueSpecification\",\"valueRequired\":true,\"valueName\":\"search_term_string\"}}],\"inLanguage\":\"en-US\"},{\"@type\":\"Organization\",\"@id\":\"https:\/\/bozza.com\/#organization\",\"name\":\"Bozza\",\"url\":\"https:\/\/bozza.com\/\",\"logo\":{\"@type\":\"ImageObject\",\"inLanguage\":\"en-US\",\"@id\":\"https:\/\/bozza.com\/#\/schema\/logo\/image\/\",\"url\":\"\",\"contentUrl\":\"\",\"caption\":\"Bozza\"},\"image\":{\"@id\":\"https:\/\/bozza.com\/#\/schema\/logo\/image\/\"},\"sameAs\":[\"https:\/\/www.facebook.com\/bozza.oficial\/\",\"https:\/\/www.instagram.com\/bozzaoficial\/\",\"https:\/\/www.linkedin.com\/company\/bozza\/\",\"https:\/\/www.youtube.com\/channel\/UCQRiHYNpM4VQWF9YxVgSTsw?view_as=subscriber\"]}]}<\/script>\n<!-- \/ Yoast SEO plugin. -->","yoast_head_json":{"title":"HYDRAULIC BOTTLE JACK JACKBOZ 2820 | Bozza","robots":{"index":"index","follow":"follow","max-snippet":"max-snippet:-1","max-image-preview":"max-image-preview:large","max-video-preview":"max-video-preview:-1"},"canonical":"https:\/\/bozza.com\/en\/produto\/jackboz-2820\/","og_locale":"en_US","og_type":"article","og_title":"HYDRAULIC BOTTLE JACK JACKBOZ 2820 | Bozza","og_description":"Hydraulic bottle jack, recommended for lifting vehicles or loads according to its capacity. The product comes with a lever.","og_url":"https:\/\/bozza.com\/en\/produto\/jackboz-2820\/","og_site_name":"Bozza","article_publisher":"https:\/\/www.facebook.com\/bozza.oficial\/","article_modified_time":"2026-03-20T13:58:54+00:00","og_image":[{"width":1200,"height":1200,"url":"https:\/\/bozza.com\/wp-content\/uploads\/2018\/09\/Bozza_Recortes_MacacosHidraulicos_Jackboz2820.png","type":"image\/png"}],"twitter_card":"summary_large_image","twitter_misc":{"Est. reading time":"1 minute"},"schema":{"@context":"https:\/\/schema.org","@graph":[{"@type":"WebPage","@id":"https:\/\/bozza.com\/en\/produto\/jackboz-2820\/","url":"https:\/\/bozza.com\/en\/produto\/jackboz-2820\/","name":"HYDRAULIC BOTTLE JACK JACKBOZ 2820 | Bozza","isPartOf":{"@id":"https:\/\/bozza.com\/#website"},"primaryImageOfPage":{"@id":"https:\/\/bozza.com\/en\/produto\/jackboz-2820\/#primaryimage"},"image":{"@id":"https:\/\/bozza.com\/en\/produto\/jackboz-2820\/#primaryimage"},"thumbnailUrl":"https:\/\/bozza.com\/wp-content\/uploads\/2018\/09\/Bozza_Recortes_MacacosHidraulicos_Jackboz2820.png","datePublished":"2018-09-20T13:01:11+00:00","dateModified":"2026-03-20T13:58:54+00:00","breadcrumb":{"@id":"https:\/\/bozza.com\/en\/produto\/jackboz-2820\/#breadcrumb"},"inLanguage":"en-US","potentialAction":[{"@type":"ReadAction","target":["https:\/\/bozza.com\/en\/produto\/jackboz-2820\/"]}]},{"@type":"ImageObject","inLanguage":"en-US","@id":"https:\/\/bozza.com\/en\/produto\/jackboz-2820\/#primaryimage","url":"https:\/\/bozza.com\/wp-content\/uploads\/2018\/09\/Bozza_Recortes_MacacosHidraulicos_Jackboz2820.png","contentUrl":"https:\/\/bozza.com\/wp-content\/uploads\/2018\/09\/Bozza_Recortes_MacacosHidraulicos_Jackboz2820.png","width":1200,"height":1200},{"@type":"BreadcrumbList","@id":"https:\/\/bozza.com\/en\/produto\/jackboz-2820\/#breadcrumb","itemListElement":[{"@type":"ListItem","position":1,"name":"In\u00edcio","item":"https:\/\/bozza.com\/"},{"@type":"ListItem","position":2,"name":"Produtos","item":"https:\/\/bozza.com\/?page_id=70036"},{"@type":"ListItem","position":3,"name":"HYDRAULIC BOTTLE JACK JACKBOZ 2820"}]},{"@type":"WebSite","@id":"https:\/\/bozza.com\/#website","url":"https:\/\/bozza.com\/","name":"Bozza","description":"Solu\u00e7\u00f5es em Lubrifica\u00e7\u00e3o","publisher":{"@id":"https:\/\/bozza.com\/#organization"},"potentialAction":[{"@type":"SearchAction","target":{"@type":"EntryPoint","urlTemplate":"https:\/\/bozza.com\/?s={search_term_string}"},"query-input":{"@type":"PropertyValueSpecification","valueRequired":true,"valueName":"search_term_string"}}],"inLanguage":"en-US"},{"@type":"Organization","@id":"https:\/\/bozza.com\/#organization","name":"Bozza","url":"https:\/\/bozza.com\/","logo":{"@type":"ImageObject","inLanguage":"en-US","@id":"https:\/\/bozza.com\/#\/schema\/logo\/image\/","url":"","contentUrl":"","caption":"Bozza"},"image":{"@id":"https:\/\/bozza.com\/#\/schema\/logo\/image\/"},"sameAs":["https:\/\/www.facebook.com\/bozza.oficial\/","https:\/\/www.instagram.com\/bozzaoficial\/","https:\/\/www.linkedin.com\/company\/bozza\/","https:\/\/www.youtube.com\/channel\/UCQRiHYNpM4VQWF9YxVgSTsw?view_as=subscriber"]}]}},"_links":{"self":[{"href":"https:\/\/bozza.com\/en\/wp-json\/wp\/v2\/product\/64052","targetHints":{"allow":["GET"]}}],"collection":[{"href":"https:\/\/bozza.com\/en\/wp-json\/wp\/v2\/product"}],"about":[{"href":"https:\/\/bozza.com\/en\/wp-json\/wp\/v2\/types\/product"}],"wp:featuredmedia":[{"embeddable":true,"href":"https:\/\/bozza.com\/en\/wp-json\/wp\/v2\/media\/1926"}],"wp:attachment":[{"href":"https:\/\/bozza.com\/en\/wp-json\/wp\/v2\/media?parent=64052"}],"wp:term":[{"taxonomy":"product_brand","embeddable":true,"href":"https:\/\/bozza.com\/en\/wp-json\/wp\/v2\/product_brand?post=64052"},{"taxonomy":"product_cat","embeddable":true,"href":"https:\/\/bozza.com\/en\/wp-json\/wp\/v2\/product_cat?post=64052"},{"taxonomy":"product_tag","embeddable":true,"href":"https:\/\/bozza.com\/en\/wp-json\/wp\/v2\/product_tag?post=64052"}],"curies":[{"name":"wp","href":"https:\/\/api.w.org\/{rel}","templated":true}]}}