{"id":64065,"date":"2018-09-20T09:55:12","date_gmt":"2018-09-20T12:55:12","guid":{"rendered":"https:\/\/www.bozza.com\/produto\/kmlub-08\/"},"modified":"2026-02-09T17:41:14","modified_gmt":"2026-02-09T20:41:14","slug":"kmlub-08","status":"publish","type":"product","link":"https:\/\/bozza.com\/en\/produto\/kmlub-08\/","title":{"rendered":"KMLUB-08"},"content":{"rendered":"<p><b>OIL<\/b><\/p>\n<ul>\n<li><span style=\"font-weight: 400;\">Heavy-duty propelling pump for oil (mod.<\/span><span style=\"font-weight: 400;\"> 12021-P-G4)<\/span><\/li>\n<li><span style=\"font-weight: 400;\">Retractable oil reel with 15 m hose (mod.<\/span><span style=\"font-weight: 400;\"> 17100RET-OL)<\/span><\/li>\n<li><span style=\"font-weight: 400;\">15 m Hose for Oil and valve (mod.<\/span><span style=\"font-weight: 400;\"> 5031-New)<\/span><\/li>\n<li><span style=\"font-weight: 400;\">Hose connecting the air piping to the propelling pump<\/span><\/li>\n<li><span style=\"font-weight: 400;\">\u00bc inch Lubrifil Assembly (or FL2000)<\/span><\/li>\n<li><span style=\"font-weight: 400;\">Hose connecting the propelling pump to the oil distribution piping<\/span><\/li>\n<li><span style=\"font-weight: 400;\">Hose connecting the piping to the reel<\/span><\/li>\n<\/ul>\n<p><b>GREASE<\/b><\/p>\n<ul>\n<li><span style=\"font-weight: 400;\">Heavy-duty propelling pump for grease model 12020-G5<\/span><\/li>\n<li><span style=\"font-weight: 400;\">Retractable grease reel with<\/span><span style=\"font-weight: 400;\"> 15 m hose (mod. 17100RET-GR)<\/span><\/li>\n<li><span style=\"font-weight: 400;\">15 m Grease hose and valve (mod.<\/span><span style=\"font-weight: 400;\"> 5040)<\/span><\/li>\n<li><span style=\"font-weight: 400;\">Hose connecting the air distribution to the propelling pump<\/span><\/li>\n<li><span style=\"font-weight: 400;\">\u00bc inch Lubrifil Assembly (or FL2000)<\/span><\/li>\n<li><span style=\"font-weight: 400;\">Hose connecting the propelling pump to the grease distribution piping<\/span><\/li>\n<li><span style=\"font-weight: 400;\">Hose connecting the piping to the reel<\/span><\/li>\n<\/ul>\n<p><b>COMPRESSED AIR<\/b><\/p>\n<ul>\n<li><span style=\"font-weight: 400;\">Retractable air reel with<\/span><span style=\"font-weight: 400;\"> 15 m hose (mod. 17100RET-AR)<\/span><\/li>\n<li><span style=\"font-weight: 400;\">15 m compressed air hose and quick connection<\/span><\/li>\n<li><span style=\"font-weight: 400;\">Hose connecting the air distr ution to the reel<\/span><\/li>\n<\/ul>\n<p><b>USED OIL<\/b><\/p>\n<ul>\n<li><span style=\"font-weight: 400;\">Used oil drain with height-adjustable tray and 2-wheel cart.<\/span><span style=\"font-weight: 400;\"> Capacity: 30 L<\/span><\/li>\n<li><span style=\"font-weight: 400;\">Heavy-duty propelling pump (mod.13700) for pumping to the storage reservoir<\/span><\/li>\n<\/ul>\n<p><b>ADDITIVATED WATER<\/b><\/p>\n<ul>\n<li><span style=\"font-weight: 400;\">250 L pressurized reservoir<\/span><\/li>\n<li><span style=\"font-weight: 400;\">Retractable water reel \u2013 capac.<\/span><span style=\"font-weight: 400;\"> 15 m hose (mod. 17100RET-AG)<\/span><\/li>\n<li><span style=\"font-weight: 400;\">15 m Water hose and outlet valve<\/span><\/li>\n<li><span style=\"font-weight: 400;\">Hose connecting the air distribution to the reservoir<\/span><\/li>\n<li><span style=\"font-weight: 400;\">Pressure regulator with pressure meter for compressed air (mod.<\/span><span style=\"font-weight: 400;\"> 3032)<\/span><\/li>\n<li><span style=\"font-weight: 400;\">Hose connecting the reservoir outlet to the water distribution piping<\/span><\/li>\n<li><span style=\"font-weight: 400;\">Hose connecting the piping to the reel<\/span><\/li>\n<\/ul>\n","protected":false},"excerpt":{"rendered":"<p><span style=\"font-weight: 400;\">Equipment set for assembling fixed lubrication stations.<\/span><span style=\"font-weight: 400;\"> These sets can be ordered in the amount you need, according to the size of your station.<\/span><\/p>\n","protected":false},"featured_media":1836,"template":"","meta":{"_acf_changed":false},"product_brand":[],"product_cat":[463,473],"product_tag":[],"class_list":{"0":"post-64065","1":"product","2":"type-product","3":"status-publish","4":"has-post-thumbnail","6":"product_cat-all-products","7":"product_cat-industrial-line-en","9":"first","10":"instock","11":"shipping-taxable","12":"product-type-simple"},"acf":[],"yoast_head":"<!-- This site is optimized with the Yoast SEO plugin v26.9 - https:\/\/yoast.com\/product\/yoast-seo-wordpress\/ -->\n<title>KMLUB-08 | Bozza<\/title>\n<meta name=\"robots\" content=\"index, follow, max-snippet:-1, max-image-preview:large, max-video-preview:-1\" \/>\n<link rel=\"canonical\" href=\"https:\/\/bozza.com\/en\/produto\/kmlub-08\/\" \/>\n<meta property=\"og:locale\" content=\"en_US\" \/>\n<meta property=\"og:type\" content=\"article\" \/>\n<meta property=\"og:title\" content=\"KMLUB-08 | Bozza\" \/>\n<meta property=\"og:description\" content=\"Equipment set for assembling fixed lubrication stations. These sets can be ordered in the amount you need, according to the size of your station.\" \/>\n<meta property=\"og:url\" content=\"https:\/\/bozza.com\/en\/produto\/kmlub-08\/\" \/>\n<meta property=\"og:site_name\" content=\"Bozza\" \/>\n<meta property=\"article:publisher\" content=\"https:\/\/www.facebook.com\/bozza.oficial\/\" \/>\n<meta property=\"article:modified_time\" content=\"2026-02-09T20:41:14+00:00\" \/>\n<meta property=\"og:image\" content=\"https:\/\/bozza.com\/wp-content\/uploads\/2018\/09\/Bozza_Recortes_LinhaIndustrial_KMLub.png\" \/>\n\t<meta property=\"og:image:width\" content=\"1200\" \/>\n\t<meta property=\"og:image:height\" content=\"1200\" \/>\n\t<meta property=\"og:image:type\" content=\"image\/png\" \/>\n<meta name=\"twitter:card\" content=\"summary_large_image\" \/>\n<meta name=\"twitter:label1\" content=\"Est. reading time\" \/>\n\t<meta name=\"twitter:data1\" content=\"2 minutes\" \/>\n<script type=\"application\/ld+json\" class=\"yoast-schema-graph\">{\"@context\":\"https:\/\/schema.org\",\"@graph\":[{\"@type\":\"WebPage\",\"@id\":\"https:\/\/bozza.com\/en\/produto\/kmlub-08\/\",\"url\":\"https:\/\/bozza.com\/en\/produto\/kmlub-08\/\",\"name\":\"KMLUB-08 | Bozza\",\"isPartOf\":{\"@id\":\"https:\/\/bozza.com\/#website\"},\"primaryImageOfPage\":{\"@id\":\"https:\/\/bozza.com\/en\/produto\/kmlub-08\/#primaryimage\"},\"image\":{\"@id\":\"https:\/\/bozza.com\/en\/produto\/kmlub-08\/#primaryimage\"},\"thumbnailUrl\":\"https:\/\/bozza.com\/wp-content\/uploads\/2018\/09\/Bozza_Recortes_LinhaIndustrial_KMLub.png\",\"datePublished\":\"2018-09-20T12:55:12+00:00\",\"dateModified\":\"2026-02-09T20:41:14+00:00\",\"breadcrumb\":{\"@id\":\"https:\/\/bozza.com\/en\/produto\/kmlub-08\/#breadcrumb\"},\"inLanguage\":\"en-US\",\"potentialAction\":[{\"@type\":\"ReadAction\",\"target\":[\"https:\/\/bozza.com\/en\/produto\/kmlub-08\/\"]}]},{\"@type\":\"ImageObject\",\"inLanguage\":\"en-US\",\"@id\":\"https:\/\/bozza.com\/en\/produto\/kmlub-08\/#primaryimage\",\"url\":\"https:\/\/bozza.com\/wp-content\/uploads\/2018\/09\/Bozza_Recortes_LinhaIndustrial_KMLub.png\",\"contentUrl\":\"https:\/\/bozza.com\/wp-content\/uploads\/2018\/09\/Bozza_Recortes_LinhaIndustrial_KMLub.png\",\"width\":1200,\"height\":1200},{\"@type\":\"BreadcrumbList\",\"@id\":\"https:\/\/bozza.com\/en\/produto\/kmlub-08\/#breadcrumb\",\"itemListElement\":[{\"@type\":\"ListItem\",\"position\":1,\"name\":\"In\u00edcio\",\"item\":\"https:\/\/bozza.com\/\"},{\"@type\":\"ListItem\",\"position\":2,\"name\":\"Produtos\",\"item\":\"https:\/\/bozza.com\/?page_id=70036\"},{\"@type\":\"ListItem\",\"position\":3,\"name\":\"KMLUB-08\"}]},{\"@type\":\"WebSite\",\"@id\":\"https:\/\/bozza.com\/#website\",\"url\":\"https:\/\/bozza.com\/\",\"name\":\"Bozza\",\"description\":\"Solu\u00e7\u00f5es em Lubrifica\u00e7\u00e3o\",\"publisher\":{\"@id\":\"https:\/\/bozza.com\/#organization\"},\"potentialAction\":[{\"@type\":\"SearchAction\",\"target\":{\"@type\":\"EntryPoint\",\"urlTemplate\":\"https:\/\/bozza.com\/?s={search_term_string}\"},\"query-input\":{\"@type\":\"PropertyValueSpecification\",\"valueRequired\":true,\"valueName\":\"search_term_string\"}}],\"inLanguage\":\"en-US\"},{\"@type\":\"Organization\",\"@id\":\"https:\/\/bozza.com\/#organization\",\"name\":\"Bozza\",\"url\":\"https:\/\/bozza.com\/\",\"logo\":{\"@type\":\"ImageObject\",\"inLanguage\":\"en-US\",\"@id\":\"https:\/\/bozza.com\/#\/schema\/logo\/image\/\",\"url\":\"\",\"contentUrl\":\"\",\"caption\":\"Bozza\"},\"image\":{\"@id\":\"https:\/\/bozza.com\/#\/schema\/logo\/image\/\"},\"sameAs\":[\"https:\/\/www.facebook.com\/bozza.oficial\/\",\"https:\/\/www.instagram.com\/bozzaoficial\/\",\"https:\/\/www.linkedin.com\/company\/bozza\/\",\"https:\/\/www.youtube.com\/channel\/UCQRiHYNpM4VQWF9YxVgSTsw?view_as=subscriber\"]}]}<\/script>\n<!-- \/ Yoast SEO plugin. -->","yoast_head_json":{"title":"KMLUB-08 | Bozza","robots":{"index":"index","follow":"follow","max-snippet":"max-snippet:-1","max-image-preview":"max-image-preview:large","max-video-preview":"max-video-preview:-1"},"canonical":"https:\/\/bozza.com\/en\/produto\/kmlub-08\/","og_locale":"en_US","og_type":"article","og_title":"KMLUB-08 | Bozza","og_description":"Equipment set for assembling fixed lubrication stations. These sets can be ordered in the amount you need, according to the size of your station.","og_url":"https:\/\/bozza.com\/en\/produto\/kmlub-08\/","og_site_name":"Bozza","article_publisher":"https:\/\/www.facebook.com\/bozza.oficial\/","article_modified_time":"2026-02-09T20:41:14+00:00","og_image":[{"width":1200,"height":1200,"url":"https:\/\/bozza.com\/wp-content\/uploads\/2018\/09\/Bozza_Recortes_LinhaIndustrial_KMLub.png","type":"image\/png"}],"twitter_card":"summary_large_image","twitter_misc":{"Est. reading time":"2 minutes"},"schema":{"@context":"https:\/\/schema.org","@graph":[{"@type":"WebPage","@id":"https:\/\/bozza.com\/en\/produto\/kmlub-08\/","url":"https:\/\/bozza.com\/en\/produto\/kmlub-08\/","name":"KMLUB-08 | Bozza","isPartOf":{"@id":"https:\/\/bozza.com\/#website"},"primaryImageOfPage":{"@id":"https:\/\/bozza.com\/en\/produto\/kmlub-08\/#primaryimage"},"image":{"@id":"https:\/\/bozza.com\/en\/produto\/kmlub-08\/#primaryimage"},"thumbnailUrl":"https:\/\/bozza.com\/wp-content\/uploads\/2018\/09\/Bozza_Recortes_LinhaIndustrial_KMLub.png","datePublished":"2018-09-20T12:55:12+00:00","dateModified":"2026-02-09T20:41:14+00:00","breadcrumb":{"@id":"https:\/\/bozza.com\/en\/produto\/kmlub-08\/#breadcrumb"},"inLanguage":"en-US","potentialAction":[{"@type":"ReadAction","target":["https:\/\/bozza.com\/en\/produto\/kmlub-08\/"]}]},{"@type":"ImageObject","inLanguage":"en-US","@id":"https:\/\/bozza.com\/en\/produto\/kmlub-08\/#primaryimage","url":"https:\/\/bozza.com\/wp-content\/uploads\/2018\/09\/Bozza_Recortes_LinhaIndustrial_KMLub.png","contentUrl":"https:\/\/bozza.com\/wp-content\/uploads\/2018\/09\/Bozza_Recortes_LinhaIndustrial_KMLub.png","width":1200,"height":1200},{"@type":"BreadcrumbList","@id":"https:\/\/bozza.com\/en\/produto\/kmlub-08\/#breadcrumb","itemListElement":[{"@type":"ListItem","position":1,"name":"In\u00edcio","item":"https:\/\/bozza.com\/"},{"@type":"ListItem","position":2,"name":"Produtos","item":"https:\/\/bozza.com\/?page_id=70036"},{"@type":"ListItem","position":3,"name":"KMLUB-08"}]},{"@type":"WebSite","@id":"https:\/\/bozza.com\/#website","url":"https:\/\/bozza.com\/","name":"Bozza","description":"Solu\u00e7\u00f5es em Lubrifica\u00e7\u00e3o","publisher":{"@id":"https:\/\/bozza.com\/#organization"},"potentialAction":[{"@type":"SearchAction","target":{"@type":"EntryPoint","urlTemplate":"https:\/\/bozza.com\/?s={search_term_string}"},"query-input":{"@type":"PropertyValueSpecification","valueRequired":true,"valueName":"search_term_string"}}],"inLanguage":"en-US"},{"@type":"Organization","@id":"https:\/\/bozza.com\/#organization","name":"Bozza","url":"https:\/\/bozza.com\/","logo":{"@type":"ImageObject","inLanguage":"en-US","@id":"https:\/\/bozza.com\/#\/schema\/logo\/image\/","url":"","contentUrl":"","caption":"Bozza"},"image":{"@id":"https:\/\/bozza.com\/#\/schema\/logo\/image\/"},"sameAs":["https:\/\/www.facebook.com\/bozza.oficial\/","https:\/\/www.instagram.com\/bozzaoficial\/","https:\/\/www.linkedin.com\/company\/bozza\/","https:\/\/www.youtube.com\/channel\/UCQRiHYNpM4VQWF9YxVgSTsw?view_as=subscriber"]}]}},"_links":{"self":[{"href":"https:\/\/bozza.com\/en\/wp-json\/wp\/v2\/product\/64065","targetHints":{"allow":["GET"]}}],"collection":[{"href":"https:\/\/bozza.com\/en\/wp-json\/wp\/v2\/product"}],"about":[{"href":"https:\/\/bozza.com\/en\/wp-json\/wp\/v2\/types\/product"}],"wp:featuredmedia":[{"embeddable":true,"href":"https:\/\/bozza.com\/en\/wp-json\/wp\/v2\/media\/1836"}],"wp:attachment":[{"href":"https:\/\/bozza.com\/en\/wp-json\/wp\/v2\/media?parent=64065"}],"wp:term":[{"taxonomy":"product_brand","embeddable":true,"href":"https:\/\/bozza.com\/en\/wp-json\/wp\/v2\/product_brand?post=64065"},{"taxonomy":"product_cat","embeddable":true,"href":"https:\/\/bozza.com\/en\/wp-json\/wp\/v2\/product_cat?post=64065"},{"taxonomy":"product_tag","embeddable":true,"href":"https:\/\/bozza.com\/en\/wp-json\/wp\/v2\/product_tag?post=64065"}],"curies":[{"name":"wp","href":"https:\/\/api.w.org\/{rel}","templated":true}]}}