{"id":64077,"date":"2018-09-20T09:36:54","date_gmt":"2018-09-20T12:36:54","guid":{"rendered":"https:\/\/www.bozza.com\/produto\/kit-relub1000\/"},"modified":"2026-03-20T11:02:34","modified_gmt":"2026-03-20T14:02:34","slug":"kit-relub1000","status":"publish","type":"product","link":"https:\/\/bozza.com\/en\/produto\/kit-relub1000\/","title":{"rendered":"KIT FOR OIL RESERVOIR KIT-RELUB 1000"},"content":{"rendered":"<ul>\n<li><span style=\"font-weight: 400;\">Free flow 25 L\/min<\/span><\/li>\n<li><span style=\"font-weight: 400;\">Ratio 3:1<\/span><\/li>\n<li><span style=\"font-weight: 400;\">Working pressure 80 \u2013 100 PSI (5.5 to 6.8 BAR)<\/span><\/li>\n<li><span style=\"font-weight: 400;\">Output pressure 240 \u2013 300 PSI (27.5 to 34.5 BAR)<\/span><\/li>\n<li><span style=\"font-weight: 400;\">Air consumption: 10.0 foot\u00b3 \/ minute<\/span><\/li>\n<\/ul>\n","protected":false},"excerpt":{"rendered":"<p><span style=\"font-weight: 400;\">Fixed equipment, used in an IBC-1000 L reservoir for lubricating oil. The product\u2019s pumping system consists of a heavy-duty propelling pump, equipped with meter, hoses and connections. Ideal for customers with high consumption.<\/span> <span style=\"font-weight: 400;\">Recommended for mining, steelwork markets, bus companies, transportation companies, and other industries.<\/span><\/p>\n","protected":false},"featured_media":22841,"template":"","meta":{"_acf_changed":false},"product_brand":[],"product_cat":[463,473],"product_tag":[546,491],"class_list":{"0":"post-64077","1":"product","2":"type-product","3":"status-publish","4":"has-post-thumbnail","6":"product_cat-all-products","7":"product_cat-industrial-line-en","8":"product_tag-kit-en","9":"product_tag-reservatorio-en","11":"first","12":"instock","13":"virtual","14":"product-type-simple"},"acf":[],"yoast_head":"<!-- This site is optimized with the Yoast SEO plugin v26.9 - https:\/\/yoast.com\/product\/yoast-seo-wordpress\/ -->\n<title>KIT FOR OIL RESERVOIR KIT-RELUB 1000 | Bozza<\/title>\n<meta name=\"robots\" content=\"index, follow, max-snippet:-1, max-image-preview:large, max-video-preview:-1\" \/>\n<link rel=\"canonical\" href=\"https:\/\/bozza.com\/en\/produto\/kit-relub1000\/\" \/>\n<meta property=\"og:locale\" content=\"en_US\" \/>\n<meta property=\"og:type\" content=\"article\" \/>\n<meta property=\"og:title\" content=\"KIT FOR OIL RESERVOIR KIT-RELUB 1000 | Bozza\" \/>\n<meta property=\"og:description\" content=\"Fixed equipment, used in an IBC-1000 L reservoir for lubricating oil. The product\u2019s pumping system consists of a heavy-duty propelling pump, equipped with meter, hoses and connections. Ideal for customers with high consumption. Recommended for mining, steelwork markets, bus companies, transportation companies, and other industries.\" \/>\n<meta property=\"og:url\" content=\"https:\/\/bozza.com\/en\/produto\/kit-relub1000\/\" \/>\n<meta property=\"og:site_name\" content=\"Bozza\" \/>\n<meta property=\"article:publisher\" content=\"https:\/\/www.facebook.com\/bozza.oficial\/\" \/>\n<meta property=\"article:modified_time\" content=\"2026-03-20T14:02:34+00:00\" \/>\n<meta property=\"og:image\" content=\"https:\/\/bozza.com\/wp-content\/uploads\/2018\/09\/KIT-RELUB-1000-scaled.jpg\" \/>\n\t<meta property=\"og:image:width\" content=\"2560\" \/>\n\t<meta property=\"og:image:height\" content=\"2560\" \/>\n\t<meta property=\"og:image:type\" content=\"image\/jpeg\" \/>\n<meta name=\"twitter:card\" content=\"summary_large_image\" \/>\n<meta name=\"twitter:label1\" content=\"Est. reading time\" \/>\n\t<meta name=\"twitter:data1\" content=\"1 minute\" \/>\n<script type=\"application\/ld+json\" class=\"yoast-schema-graph\">{\"@context\":\"https:\/\/schema.org\",\"@graph\":[{\"@type\":\"WebPage\",\"@id\":\"https:\/\/bozza.com\/en\/produto\/kit-relub1000\/\",\"url\":\"https:\/\/bozza.com\/en\/produto\/kit-relub1000\/\",\"name\":\"KIT FOR OIL RESERVOIR KIT-RELUB 1000 | Bozza\",\"isPartOf\":{\"@id\":\"https:\/\/bozza.com\/#website\"},\"primaryImageOfPage\":{\"@id\":\"https:\/\/bozza.com\/en\/produto\/kit-relub1000\/#primaryimage\"},\"image\":{\"@id\":\"https:\/\/bozza.com\/en\/produto\/kit-relub1000\/#primaryimage\"},\"thumbnailUrl\":\"https:\/\/bozza.com\/wp-content\/uploads\/2018\/09\/KIT-RELUB-1000-scaled.jpg\",\"datePublished\":\"2018-09-20T12:36:54+00:00\",\"dateModified\":\"2026-03-20T14:02:34+00:00\",\"breadcrumb\":{\"@id\":\"https:\/\/bozza.com\/en\/produto\/kit-relub1000\/#breadcrumb\"},\"inLanguage\":\"en-US\",\"potentialAction\":[{\"@type\":\"ReadAction\",\"target\":[\"https:\/\/bozza.com\/en\/produto\/kit-relub1000\/\"]}]},{\"@type\":\"ImageObject\",\"inLanguage\":\"en-US\",\"@id\":\"https:\/\/bozza.com\/en\/produto\/kit-relub1000\/#primaryimage\",\"url\":\"https:\/\/bozza.com\/wp-content\/uploads\/2018\/09\/KIT-RELUB-1000-scaled.jpg\",\"contentUrl\":\"https:\/\/bozza.com\/wp-content\/uploads\/2018\/09\/KIT-RELUB-1000-scaled.jpg\",\"width\":2560,\"height\":2560,\"caption\":\"KIT para troca de \u00f3leo RELUB 1000\"},{\"@type\":\"BreadcrumbList\",\"@id\":\"https:\/\/bozza.com\/en\/produto\/kit-relub1000\/#breadcrumb\",\"itemListElement\":[{\"@type\":\"ListItem\",\"position\":1,\"name\":\"In\u00edcio\",\"item\":\"https:\/\/bozza.com\/\"},{\"@type\":\"ListItem\",\"position\":2,\"name\":\"Produtos\",\"item\":\"https:\/\/bozza.com\/?page_id=70036\"},{\"@type\":\"ListItem\",\"position\":3,\"name\":\"KIT FOR OIL RESERVOIR KIT-RELUB 1000\"}]},{\"@type\":\"WebSite\",\"@id\":\"https:\/\/bozza.com\/#website\",\"url\":\"https:\/\/bozza.com\/\",\"name\":\"Bozza\",\"description\":\"Solu\u00e7\u00f5es em Lubrifica\u00e7\u00e3o\",\"publisher\":{\"@id\":\"https:\/\/bozza.com\/#organization\"},\"potentialAction\":[{\"@type\":\"SearchAction\",\"target\":{\"@type\":\"EntryPoint\",\"urlTemplate\":\"https:\/\/bozza.com\/?s={search_term_string}\"},\"query-input\":{\"@type\":\"PropertyValueSpecification\",\"valueRequired\":true,\"valueName\":\"search_term_string\"}}],\"inLanguage\":\"en-US\"},{\"@type\":\"Organization\",\"@id\":\"https:\/\/bozza.com\/#organization\",\"name\":\"Bozza\",\"url\":\"https:\/\/bozza.com\/\",\"logo\":{\"@type\":\"ImageObject\",\"inLanguage\":\"en-US\",\"@id\":\"https:\/\/bozza.com\/#\/schema\/logo\/image\/\",\"url\":\"\",\"contentUrl\":\"\",\"caption\":\"Bozza\"},\"image\":{\"@id\":\"https:\/\/bozza.com\/#\/schema\/logo\/image\/\"},\"sameAs\":[\"https:\/\/www.facebook.com\/bozza.oficial\/\",\"https:\/\/www.instagram.com\/bozzaoficial\/\",\"https:\/\/www.linkedin.com\/company\/bozza\/\",\"https:\/\/www.youtube.com\/channel\/UCQRiHYNpM4VQWF9YxVgSTsw?view_as=subscriber\"]}]}<\/script>\n<!-- \/ Yoast SEO plugin. -->","yoast_head_json":{"title":"KIT FOR OIL RESERVOIR KIT-RELUB 1000 | Bozza","robots":{"index":"index","follow":"follow","max-snippet":"max-snippet:-1","max-image-preview":"max-image-preview:large","max-video-preview":"max-video-preview:-1"},"canonical":"https:\/\/bozza.com\/en\/produto\/kit-relub1000\/","og_locale":"en_US","og_type":"article","og_title":"KIT FOR OIL RESERVOIR KIT-RELUB 1000 | Bozza","og_description":"Fixed equipment, used in an IBC-1000 L reservoir for lubricating oil. The product\u2019s pumping system consists of a heavy-duty propelling pump, equipped with meter, hoses and connections. Ideal for customers with high consumption. Recommended for mining, steelwork markets, bus companies, transportation companies, and other industries.","og_url":"https:\/\/bozza.com\/en\/produto\/kit-relub1000\/","og_site_name":"Bozza","article_publisher":"https:\/\/www.facebook.com\/bozza.oficial\/","article_modified_time":"2026-03-20T14:02:34+00:00","og_image":[{"width":2560,"height":2560,"url":"https:\/\/bozza.com\/wp-content\/uploads\/2018\/09\/KIT-RELUB-1000-scaled.jpg","type":"image\/jpeg"}],"twitter_card":"summary_large_image","twitter_misc":{"Est. reading time":"1 minute"},"schema":{"@context":"https:\/\/schema.org","@graph":[{"@type":"WebPage","@id":"https:\/\/bozza.com\/en\/produto\/kit-relub1000\/","url":"https:\/\/bozza.com\/en\/produto\/kit-relub1000\/","name":"KIT FOR OIL RESERVOIR KIT-RELUB 1000 | Bozza","isPartOf":{"@id":"https:\/\/bozza.com\/#website"},"primaryImageOfPage":{"@id":"https:\/\/bozza.com\/en\/produto\/kit-relub1000\/#primaryimage"},"image":{"@id":"https:\/\/bozza.com\/en\/produto\/kit-relub1000\/#primaryimage"},"thumbnailUrl":"https:\/\/bozza.com\/wp-content\/uploads\/2018\/09\/KIT-RELUB-1000-scaled.jpg","datePublished":"2018-09-20T12:36:54+00:00","dateModified":"2026-03-20T14:02:34+00:00","breadcrumb":{"@id":"https:\/\/bozza.com\/en\/produto\/kit-relub1000\/#breadcrumb"},"inLanguage":"en-US","potentialAction":[{"@type":"ReadAction","target":["https:\/\/bozza.com\/en\/produto\/kit-relub1000\/"]}]},{"@type":"ImageObject","inLanguage":"en-US","@id":"https:\/\/bozza.com\/en\/produto\/kit-relub1000\/#primaryimage","url":"https:\/\/bozza.com\/wp-content\/uploads\/2018\/09\/KIT-RELUB-1000-scaled.jpg","contentUrl":"https:\/\/bozza.com\/wp-content\/uploads\/2018\/09\/KIT-RELUB-1000-scaled.jpg","width":2560,"height":2560,"caption":"KIT para troca de \u00f3leo RELUB 1000"},{"@type":"BreadcrumbList","@id":"https:\/\/bozza.com\/en\/produto\/kit-relub1000\/#breadcrumb","itemListElement":[{"@type":"ListItem","position":1,"name":"In\u00edcio","item":"https:\/\/bozza.com\/"},{"@type":"ListItem","position":2,"name":"Produtos","item":"https:\/\/bozza.com\/?page_id=70036"},{"@type":"ListItem","position":3,"name":"KIT FOR OIL RESERVOIR KIT-RELUB 1000"}]},{"@type":"WebSite","@id":"https:\/\/bozza.com\/#website","url":"https:\/\/bozza.com\/","name":"Bozza","description":"Solu\u00e7\u00f5es em Lubrifica\u00e7\u00e3o","publisher":{"@id":"https:\/\/bozza.com\/#organization"},"potentialAction":[{"@type":"SearchAction","target":{"@type":"EntryPoint","urlTemplate":"https:\/\/bozza.com\/?s={search_term_string}"},"query-input":{"@type":"PropertyValueSpecification","valueRequired":true,"valueName":"search_term_string"}}],"inLanguage":"en-US"},{"@type":"Organization","@id":"https:\/\/bozza.com\/#organization","name":"Bozza","url":"https:\/\/bozza.com\/","logo":{"@type":"ImageObject","inLanguage":"en-US","@id":"https:\/\/bozza.com\/#\/schema\/logo\/image\/","url":"","contentUrl":"","caption":"Bozza"},"image":{"@id":"https:\/\/bozza.com\/#\/schema\/logo\/image\/"},"sameAs":["https:\/\/www.facebook.com\/bozza.oficial\/","https:\/\/www.instagram.com\/bozzaoficial\/","https:\/\/www.linkedin.com\/company\/bozza\/","https:\/\/www.youtube.com\/channel\/UCQRiHYNpM4VQWF9YxVgSTsw?view_as=subscriber"]}]}},"_links":{"self":[{"href":"https:\/\/bozza.com\/en\/wp-json\/wp\/v2\/product\/64077","targetHints":{"allow":["GET"]}}],"collection":[{"href":"https:\/\/bozza.com\/en\/wp-json\/wp\/v2\/product"}],"about":[{"href":"https:\/\/bozza.com\/en\/wp-json\/wp\/v2\/types\/product"}],"wp:featuredmedia":[{"embeddable":true,"href":"https:\/\/bozza.com\/en\/wp-json\/wp\/v2\/media\/22841"}],"wp:attachment":[{"href":"https:\/\/bozza.com\/en\/wp-json\/wp\/v2\/media?parent=64077"}],"wp:term":[{"taxonomy":"product_brand","embeddable":true,"href":"https:\/\/bozza.com\/en\/wp-json\/wp\/v2\/product_brand?post=64077"},{"taxonomy":"product_cat","embeddable":true,"href":"https:\/\/bozza.com\/en\/wp-json\/wp\/v2\/product_cat?post=64077"},{"taxonomy":"product_tag","embeddable":true,"href":"https:\/\/bozza.com\/en\/wp-json\/wp\/v2\/product_tag?post=64077"}],"curies":[{"name":"wp","href":"https:\/\/api.w.org\/{rel}","templated":true}]}}