{"id":64109,"date":"2018-09-19T15:45:52","date_gmt":"2018-09-19T18:45:52","guid":{"rendered":"https:\/\/www.bozza.com\/produto\/bz-2000\/"},"modified":"2026-04-04T19:09:42","modified_gmt":"2026-04-04T22:09:42","slug":"bz-2000","status":"publish","type":"product","link":"https:\/\/bozza.com\/en\/produto\/bz-2000\/","title":{"rendered":"ELECTRONIC METER FOR GREASE BZ-2000"},"content":{"rendered":"<ul>\n<li><span style=\"font-weight: 400;\">Working Pressure 8700 PSI<\/span><\/li>\n<li><span style=\"font-weight: 400;\">\u00bc inch NPT<\/span><span style=\"font-weight: 400;\"> inlet<\/span><\/li>\n<li><span style=\"font-weight: 400;\">\u215b inch<\/span> <span style=\"font-weight: 400;\">NPT outlet<\/span><\/li>\n<li><span style=\"font-weight: 400;\">Accuracy \u00b1 2%<\/span><\/li>\n<\/ul>\n","protected":false},"excerpt":{"rendered":"<p><span style=\"font-weight: 400;\">Electronic meter for applying grease to couplers and pins, allowing you to view the quantity in grams. This product reduces waste in the operation and extends the machine\u2019s life. Recommended for all pneumatic grease propelling pumps.<\/span><\/p>\n","protected":false},"featured_media":1908,"template":"","meta":{"_acf_changed":false},"product_brand":[],"product_cat":[463,262],"product_tag":[517,464,497,149,477,466,542],"class_list":{"0":"post-64109","1":"product","2":"type-product","3":"status-publish","4":"has-post-thumbnail","6":"product_cat-all-products","7":"product_cat-valves-nozzles-electric-mechanical-meters","8":"product_tag-agropecuaria-en","9":"product_tag-agricultura-en","10":"product_tag-eletronico-en","11":"product_tag-grease","12":"product_tag-graxa-en","13":"product_tag-industria-en","14":"product_tag-medidor-en","16":"first","17":"instock","18":"shipping-taxable","19":"product-type-simple"},"acf":[],"yoast_head":"<!-- This site is optimized with the Yoast SEO plugin v26.9 - https:\/\/yoast.com\/product\/yoast-seo-wordpress\/ -->\n<title>ELECTRONIC METER FOR GREASE BZ-2000 | Bozza<\/title>\n<meta name=\"description\" content=\"Va\u0301lvula para aplicac\u0327a\u0303o de graxa em pinos graxeiros, com medidor eletro\u0302nico que permite visualizar a quantidade em gramas do volume aplicado, reduzindo o desperdi\u0301cio na operac\u0327a\u0303o prolongando a vida u\u0301til do rolamento. Indicado para todas propulsoras pneuma\u0301ticas de graxa.\" \/>\n<meta name=\"robots\" content=\"index, follow, max-snippet:-1, max-image-preview:large, max-video-preview:-1\" \/>\n<link rel=\"canonical\" href=\"https:\/\/bozza.com\/en\/produto\/bz-2000\/\" \/>\n<meta property=\"og:locale\" content=\"en_US\" \/>\n<meta property=\"og:type\" content=\"article\" \/>\n<meta property=\"og:title\" content=\"ELECTRONIC METER FOR GREASE BZ-2000 | Bozza\" \/>\n<meta property=\"og:description\" content=\"Va\u0301lvula para aplicac\u0327a\u0303o de graxa em pinos graxeiros, com medidor eletro\u0302nico que permite visualizar a quantidade em gramas do volume aplicado, reduzindo o desperdi\u0301cio na operac\u0327a\u0303o prolongando a vida u\u0301til do rolamento. Indicado para todas propulsoras pneuma\u0301ticas de graxa.\" \/>\n<meta property=\"og:url\" content=\"https:\/\/bozza.com\/en\/produto\/bz-2000\/\" \/>\n<meta property=\"og:site_name\" content=\"Bozza\" \/>\n<meta property=\"article:publisher\" content=\"https:\/\/www.facebook.com\/bozza.oficial\/\" \/>\n<meta property=\"article:modified_time\" content=\"2026-04-04T22:09:42+00:00\" \/>\n<meta property=\"og:image\" content=\"https:\/\/bozza.com\/wp-content\/uploads\/2018\/09\/Bozza_Recortes_VBMedidores_BZ2000.png\" \/>\n\t<meta property=\"og:image:width\" content=\"1200\" \/>\n\t<meta property=\"og:image:height\" content=\"1200\" \/>\n\t<meta property=\"og:image:type\" content=\"image\/png\" \/>\n<meta name=\"twitter:card\" content=\"summary_large_image\" \/>\n<meta name=\"twitter:label1\" content=\"Est. reading time\" \/>\n\t<meta name=\"twitter:data1\" content=\"1 minute\" \/>\n<script type=\"application\/ld+json\" class=\"yoast-schema-graph\">{\"@context\":\"https:\/\/schema.org\",\"@graph\":[{\"@type\":\"WebPage\",\"@id\":\"https:\/\/bozza.com\/en\/produto\/bz-2000\/\",\"url\":\"https:\/\/bozza.com\/en\/produto\/bz-2000\/\",\"name\":\"ELECTRONIC METER FOR GREASE BZ-2000 | Bozza\",\"isPartOf\":{\"@id\":\"https:\/\/bozza.com\/#website\"},\"primaryImageOfPage\":{\"@id\":\"https:\/\/bozza.com\/en\/produto\/bz-2000\/#primaryimage\"},\"image\":{\"@id\":\"https:\/\/bozza.com\/en\/produto\/bz-2000\/#primaryimage\"},\"thumbnailUrl\":\"https:\/\/bozza.com\/wp-content\/uploads\/2018\/09\/Bozza_Recortes_VBMedidores_BZ2000.png\",\"datePublished\":\"2018-09-19T18:45:52+00:00\",\"dateModified\":\"2026-04-04T22:09:42+00:00\",\"description\":\"Va\u0301lvula para aplicac\u0327a\u0303o de graxa em pinos graxeiros, com medidor eletro\u0302nico que permite visualizar a quantidade em gramas do volume aplicado, reduzindo o desperdi\u0301cio na operac\u0327a\u0303o prolongando a vida u\u0301til do rolamento. Indicado para todas propulsoras pneuma\u0301ticas de graxa.\",\"breadcrumb\":{\"@id\":\"https:\/\/bozza.com\/en\/produto\/bz-2000\/#breadcrumb\"},\"inLanguage\":\"en-US\",\"potentialAction\":[{\"@type\":\"ReadAction\",\"target\":[\"https:\/\/bozza.com\/en\/produto\/bz-2000\/\"]}]},{\"@type\":\"ImageObject\",\"inLanguage\":\"en-US\",\"@id\":\"https:\/\/bozza.com\/en\/produto\/bz-2000\/#primaryimage\",\"url\":\"https:\/\/bozza.com\/wp-content\/uploads\/2018\/09\/Bozza_Recortes_VBMedidores_BZ2000.png\",\"contentUrl\":\"https:\/\/bozza.com\/wp-content\/uploads\/2018\/09\/Bozza_Recortes_VBMedidores_BZ2000.png\",\"width\":1200,\"height\":1200},{\"@type\":\"BreadcrumbList\",\"@id\":\"https:\/\/bozza.com\/en\/produto\/bz-2000\/#breadcrumb\",\"itemListElement\":[{\"@type\":\"ListItem\",\"position\":1,\"name\":\"In\u00edcio\",\"item\":\"https:\/\/bozza.com\/\"},{\"@type\":\"ListItem\",\"position\":2,\"name\":\"Produtos\",\"item\":\"https:\/\/bozza.com\/?page_id=70036\"},{\"@type\":\"ListItem\",\"position\":3,\"name\":\"ELECTRONIC METER FOR GREASE BZ-2000\"}]},{\"@type\":\"WebSite\",\"@id\":\"https:\/\/bozza.com\/#website\",\"url\":\"https:\/\/bozza.com\/\",\"name\":\"Bozza\",\"description\":\"Solu\u00e7\u00f5es em Lubrifica\u00e7\u00e3o\",\"publisher\":{\"@id\":\"https:\/\/bozza.com\/#organization\"},\"potentialAction\":[{\"@type\":\"SearchAction\",\"target\":{\"@type\":\"EntryPoint\",\"urlTemplate\":\"https:\/\/bozza.com\/?s={search_term_string}\"},\"query-input\":{\"@type\":\"PropertyValueSpecification\",\"valueRequired\":true,\"valueName\":\"search_term_string\"}}],\"inLanguage\":\"en-US\"},{\"@type\":\"Organization\",\"@id\":\"https:\/\/bozza.com\/#organization\",\"name\":\"Bozza\",\"url\":\"https:\/\/bozza.com\/\",\"logo\":{\"@type\":\"ImageObject\",\"inLanguage\":\"en-US\",\"@id\":\"https:\/\/bozza.com\/#\/schema\/logo\/image\/\",\"url\":\"\",\"contentUrl\":\"\",\"caption\":\"Bozza\"},\"image\":{\"@id\":\"https:\/\/bozza.com\/#\/schema\/logo\/image\/\"},\"sameAs\":[\"https:\/\/www.facebook.com\/bozza.oficial\/\",\"https:\/\/www.instagram.com\/bozzaoficial\/\",\"https:\/\/www.linkedin.com\/company\/bozza\/\",\"https:\/\/www.youtube.com\/channel\/UCQRiHYNpM4VQWF9YxVgSTsw?view_as=subscriber\"]}]}<\/script>\n<!-- \/ Yoast SEO plugin. -->","yoast_head_json":{"title":"ELECTRONIC METER FOR GREASE BZ-2000 | Bozza","description":"Va\u0301lvula para aplicac\u0327a\u0303o de graxa em pinos graxeiros, com medidor eletro\u0302nico que permite visualizar a quantidade em gramas do volume aplicado, reduzindo o desperdi\u0301cio na operac\u0327a\u0303o prolongando a vida u\u0301til do rolamento. Indicado para todas propulsoras pneuma\u0301ticas de graxa.","robots":{"index":"index","follow":"follow","max-snippet":"max-snippet:-1","max-image-preview":"max-image-preview:large","max-video-preview":"max-video-preview:-1"},"canonical":"https:\/\/bozza.com\/en\/produto\/bz-2000\/","og_locale":"en_US","og_type":"article","og_title":"ELECTRONIC METER FOR GREASE BZ-2000 | Bozza","og_description":"Va\u0301lvula para aplicac\u0327a\u0303o de graxa em pinos graxeiros, com medidor eletro\u0302nico que permite visualizar a quantidade em gramas do volume aplicado, reduzindo o desperdi\u0301cio na operac\u0327a\u0303o prolongando a vida u\u0301til do rolamento. Indicado para todas propulsoras pneuma\u0301ticas de graxa.","og_url":"https:\/\/bozza.com\/en\/produto\/bz-2000\/","og_site_name":"Bozza","article_publisher":"https:\/\/www.facebook.com\/bozza.oficial\/","article_modified_time":"2026-04-04T22:09:42+00:00","og_image":[{"width":1200,"height":1200,"url":"https:\/\/bozza.com\/wp-content\/uploads\/2018\/09\/Bozza_Recortes_VBMedidores_BZ2000.png","type":"image\/png"}],"twitter_card":"summary_large_image","twitter_misc":{"Est. reading time":"1 minute"},"schema":{"@context":"https:\/\/schema.org","@graph":[{"@type":"WebPage","@id":"https:\/\/bozza.com\/en\/produto\/bz-2000\/","url":"https:\/\/bozza.com\/en\/produto\/bz-2000\/","name":"ELECTRONIC METER FOR GREASE BZ-2000 | Bozza","isPartOf":{"@id":"https:\/\/bozza.com\/#website"},"primaryImageOfPage":{"@id":"https:\/\/bozza.com\/en\/produto\/bz-2000\/#primaryimage"},"image":{"@id":"https:\/\/bozza.com\/en\/produto\/bz-2000\/#primaryimage"},"thumbnailUrl":"https:\/\/bozza.com\/wp-content\/uploads\/2018\/09\/Bozza_Recortes_VBMedidores_BZ2000.png","datePublished":"2018-09-19T18:45:52+00:00","dateModified":"2026-04-04T22:09:42+00:00","description":"Va\u0301lvula para aplicac\u0327a\u0303o de graxa em pinos graxeiros, com medidor eletro\u0302nico que permite visualizar a quantidade em gramas do volume aplicado, reduzindo o desperdi\u0301cio na operac\u0327a\u0303o prolongando a vida u\u0301til do rolamento. Indicado para todas propulsoras pneuma\u0301ticas de graxa.","breadcrumb":{"@id":"https:\/\/bozza.com\/en\/produto\/bz-2000\/#breadcrumb"},"inLanguage":"en-US","potentialAction":[{"@type":"ReadAction","target":["https:\/\/bozza.com\/en\/produto\/bz-2000\/"]}]},{"@type":"ImageObject","inLanguage":"en-US","@id":"https:\/\/bozza.com\/en\/produto\/bz-2000\/#primaryimage","url":"https:\/\/bozza.com\/wp-content\/uploads\/2018\/09\/Bozza_Recortes_VBMedidores_BZ2000.png","contentUrl":"https:\/\/bozza.com\/wp-content\/uploads\/2018\/09\/Bozza_Recortes_VBMedidores_BZ2000.png","width":1200,"height":1200},{"@type":"BreadcrumbList","@id":"https:\/\/bozza.com\/en\/produto\/bz-2000\/#breadcrumb","itemListElement":[{"@type":"ListItem","position":1,"name":"In\u00edcio","item":"https:\/\/bozza.com\/"},{"@type":"ListItem","position":2,"name":"Produtos","item":"https:\/\/bozza.com\/?page_id=70036"},{"@type":"ListItem","position":3,"name":"ELECTRONIC METER FOR GREASE BZ-2000"}]},{"@type":"WebSite","@id":"https:\/\/bozza.com\/#website","url":"https:\/\/bozza.com\/","name":"Bozza","description":"Solu\u00e7\u00f5es em Lubrifica\u00e7\u00e3o","publisher":{"@id":"https:\/\/bozza.com\/#organization"},"potentialAction":[{"@type":"SearchAction","target":{"@type":"EntryPoint","urlTemplate":"https:\/\/bozza.com\/?s={search_term_string}"},"query-input":{"@type":"PropertyValueSpecification","valueRequired":true,"valueName":"search_term_string"}}],"inLanguage":"en-US"},{"@type":"Organization","@id":"https:\/\/bozza.com\/#organization","name":"Bozza","url":"https:\/\/bozza.com\/","logo":{"@type":"ImageObject","inLanguage":"en-US","@id":"https:\/\/bozza.com\/#\/schema\/logo\/image\/","url":"","contentUrl":"","caption":"Bozza"},"image":{"@id":"https:\/\/bozza.com\/#\/schema\/logo\/image\/"},"sameAs":["https:\/\/www.facebook.com\/bozza.oficial\/","https:\/\/www.instagram.com\/bozzaoficial\/","https:\/\/www.linkedin.com\/company\/bozza\/","https:\/\/www.youtube.com\/channel\/UCQRiHYNpM4VQWF9YxVgSTsw?view_as=subscriber"]}]}},"_links":{"self":[{"href":"https:\/\/bozza.com\/en\/wp-json\/wp\/v2\/product\/64109","targetHints":{"allow":["GET"]}}],"collection":[{"href":"https:\/\/bozza.com\/en\/wp-json\/wp\/v2\/product"}],"about":[{"href":"https:\/\/bozza.com\/en\/wp-json\/wp\/v2\/types\/product"}],"wp:featuredmedia":[{"embeddable":true,"href":"https:\/\/bozza.com\/en\/wp-json\/wp\/v2\/media\/1908"}],"wp:attachment":[{"href":"https:\/\/bozza.com\/en\/wp-json\/wp\/v2\/media?parent=64109"}],"wp:term":[{"taxonomy":"product_brand","embeddable":true,"href":"https:\/\/bozza.com\/en\/wp-json\/wp\/v2\/product_brand?post=64109"},{"taxonomy":"product_cat","embeddable":true,"href":"https:\/\/bozza.com\/en\/wp-json\/wp\/v2\/product_cat?post=64109"},{"taxonomy":"product_tag","embeddable":true,"href":"https:\/\/bozza.com\/en\/wp-json\/wp\/v2\/product_tag?post=64109"}],"curies":[{"name":"wp","href":"https:\/\/api.w.org\/{rel}","templated":true}]}}