{"id":64111,"date":"2018-09-19T15:44:50","date_gmt":"2018-09-19T18:44:50","guid":{"rendered":"https:\/\/www.bozza.com\/produto\/bico-abastecimento-5322\/"},"modified":"2026-04-04T19:09:57","modified_gmt":"2026-04-04T22:09:57","slug":"bico-abastecimento-5322","status":"publish","type":"product","link":"https:\/\/bozza.com\/en\/produto\/bico-abastecimento-5322\/","title":{"rendered":"AUTOMATIC NOZZLE 5322-VM"},"content":{"rendered":"<ul>\n<li><span style=\"font-weight: 400;\">Maximum flow 120 L\/min<\/span><\/li>\n<li><span style=\"font-weight: 400;\">Inlet diameter 1 inch NPT<\/span><\/li>\n<li><span style=\"font-weight: 400;\">Tip diameter 1.3\/16 inches<\/span><\/li>\n<li><span style=\"font-weight: 400;\">Max. working pressure 76 PSI \/5.25 BAR<\/span><\/li>\n<\/ul>\n","protected":false},"excerpt":{"rendered":"<p><span style=\"font-weight: 400;\">Automatic large tip nozzle for high flow supplying of heavy road machines and implements, such as off-road trucks in general, convoys, implements, crawler tractors, as well as other heavy machines.<\/span> <span style=\"font-weight: 400;\">Recommended for supplying:<\/span> <span style=\"font-weight: 400;\">Diesel, Gas, Kerosene, Alcohol, and Oils.<\/span><\/p>\n","protected":false},"featured_media":1810,"template":"","meta":{"_acf_changed":false},"product_brand":[1027],"product_cat":[463,475,262],"product_tag":[1033,585,535,554,501,484,555,553],"class_list":{"0":"post-64111","1":"product","2":"type-product","3":"status-publish","4":"has-post-thumbnail","6":"product_brand-postos-de-servicos-en","7":"product_cat-all-products","8":"product_cat-convoy-equipment","9":"product_cat-valves-nozzles-electric-mechanical-meters","10":"product_tag-abastecimento-en-2","11":"product_tag-automatica-en","12":"product_tag-comboio-en","13":"product_tag-implementos-en","14":"product_tag-bico-en","15":"product_tag-abastecimento-en","16":"product_tag-tratores-en","17":"product_tag-caminhoes-en","19":"first","20":"instock","21":"shipping-taxable","22":"product-type-simple"},"acf":[],"yoast_head":"<!-- This site is optimized with the Yoast SEO plugin v26.9 - https:\/\/yoast.com\/product\/yoast-seo-wordpress\/ -->\n<title>AUTOMATIC NOZZLE 5322-VM | Bozza<\/title>\n<meta name=\"description\" content=\"Bico de abastecimento automa\u0301tico de me\u0301dia vaza\u0303o, indicado para combusti\u0301veis em geral. C= 150mm L= 55mm x A= 370mm\" \/>\n<meta name=\"robots\" content=\"index, follow, max-snippet:-1, max-image-preview:large, max-video-preview:-1\" \/>\n<link rel=\"canonical\" href=\"https:\/\/bozza.com\/en\/produto\/bico-abastecimento-5322\/\" \/>\n<meta property=\"og:locale\" content=\"en_US\" \/>\n<meta property=\"og:type\" content=\"article\" \/>\n<meta property=\"og:title\" content=\"AUTOMATIC NOZZLE 5322-VM | Bozza\" \/>\n<meta property=\"og:description\" content=\"Bico de abastecimento automa\u0301tico de me\u0301dia vaza\u0303o, indicado para combusti\u0301veis em geral. C= 150mm L= 55mm x A= 370mm\" \/>\n<meta property=\"og:url\" content=\"https:\/\/bozza.com\/en\/produto\/bico-abastecimento-5322\/\" \/>\n<meta property=\"og:site_name\" content=\"Bozza\" \/>\n<meta property=\"article:publisher\" content=\"https:\/\/www.facebook.com\/bozza.oficial\/\" \/>\n<meta property=\"article:modified_time\" content=\"2026-04-04T22:09:57+00:00\" \/>\n<meta property=\"og:image\" content=\"https:\/\/bozza.com\/wp-content\/uploads\/2018\/09\/Bozza_Recortes_Acessorios_5322.png\" \/>\n\t<meta property=\"og:image:width\" content=\"1200\" \/>\n\t<meta property=\"og:image:height\" content=\"1200\" \/>\n\t<meta property=\"og:image:type\" content=\"image\/png\" \/>\n<meta name=\"twitter:card\" content=\"summary_large_image\" \/>\n<meta name=\"twitter:label1\" content=\"Est. reading time\" \/>\n\t<meta name=\"twitter:data1\" content=\"1 minute\" \/>\n<script type=\"application\/ld+json\" class=\"yoast-schema-graph\">{\"@context\":\"https:\/\/schema.org\",\"@graph\":[{\"@type\":\"WebPage\",\"@id\":\"https:\/\/bozza.com\/en\/produto\/bico-abastecimento-5322\/\",\"url\":\"https:\/\/bozza.com\/en\/produto\/bico-abastecimento-5322\/\",\"name\":\"AUTOMATIC NOZZLE 5322-VM | Bozza\",\"isPartOf\":{\"@id\":\"https:\/\/bozza.com\/#website\"},\"primaryImageOfPage\":{\"@id\":\"https:\/\/bozza.com\/en\/produto\/bico-abastecimento-5322\/#primaryimage\"},\"image\":{\"@id\":\"https:\/\/bozza.com\/en\/produto\/bico-abastecimento-5322\/#primaryimage\"},\"thumbnailUrl\":\"https:\/\/bozza.com\/wp-content\/uploads\/2018\/09\/Bozza_Recortes_Acessorios_5322.png\",\"datePublished\":\"2018-09-19T18:44:50+00:00\",\"dateModified\":\"2026-04-04T22:09:57+00:00\",\"description\":\"Bico de abastecimento automa\u0301tico de me\u0301dia vaza\u0303o, indicado para combusti\u0301veis em geral. C= 150mm L= 55mm x A= 370mm\",\"breadcrumb\":{\"@id\":\"https:\/\/bozza.com\/en\/produto\/bico-abastecimento-5322\/#breadcrumb\"},\"inLanguage\":\"en-US\",\"potentialAction\":[{\"@type\":\"ReadAction\",\"target\":[\"https:\/\/bozza.com\/en\/produto\/bico-abastecimento-5322\/\"]}]},{\"@type\":\"ImageObject\",\"inLanguage\":\"en-US\",\"@id\":\"https:\/\/bozza.com\/en\/produto\/bico-abastecimento-5322\/#primaryimage\",\"url\":\"https:\/\/bozza.com\/wp-content\/uploads\/2018\/09\/Bozza_Recortes_Acessorios_5322.png\",\"contentUrl\":\"https:\/\/bozza.com\/wp-content\/uploads\/2018\/09\/Bozza_Recortes_Acessorios_5322.png\",\"width\":1200,\"height\":1200},{\"@type\":\"BreadcrumbList\",\"@id\":\"https:\/\/bozza.com\/en\/produto\/bico-abastecimento-5322\/#breadcrumb\",\"itemListElement\":[{\"@type\":\"ListItem\",\"position\":1,\"name\":\"In\u00edcio\",\"item\":\"https:\/\/bozza.com\/\"},{\"@type\":\"ListItem\",\"position\":2,\"name\":\"Produtos\",\"item\":\"https:\/\/bozza.com\/?page_id=70036\"},{\"@type\":\"ListItem\",\"position\":3,\"name\":\"AUTOMATIC NOZZLE 5322-VM\"}]},{\"@type\":\"WebSite\",\"@id\":\"https:\/\/bozza.com\/#website\",\"url\":\"https:\/\/bozza.com\/\",\"name\":\"Bozza\",\"description\":\"Solu\u00e7\u00f5es em Lubrifica\u00e7\u00e3o\",\"publisher\":{\"@id\":\"https:\/\/bozza.com\/#organization\"},\"potentialAction\":[{\"@type\":\"SearchAction\",\"target\":{\"@type\":\"EntryPoint\",\"urlTemplate\":\"https:\/\/bozza.com\/?s={search_term_string}\"},\"query-input\":{\"@type\":\"PropertyValueSpecification\",\"valueRequired\":true,\"valueName\":\"search_term_string\"}}],\"inLanguage\":\"en-US\"},{\"@type\":\"Organization\",\"@id\":\"https:\/\/bozza.com\/#organization\",\"name\":\"Bozza\",\"url\":\"https:\/\/bozza.com\/\",\"logo\":{\"@type\":\"ImageObject\",\"inLanguage\":\"en-US\",\"@id\":\"https:\/\/bozza.com\/#\/schema\/logo\/image\/\",\"url\":\"\",\"contentUrl\":\"\",\"caption\":\"Bozza\"},\"image\":{\"@id\":\"https:\/\/bozza.com\/#\/schema\/logo\/image\/\"},\"sameAs\":[\"https:\/\/www.facebook.com\/bozza.oficial\/\",\"https:\/\/www.instagram.com\/bozzaoficial\/\",\"https:\/\/www.linkedin.com\/company\/bozza\/\",\"https:\/\/www.youtube.com\/channel\/UCQRiHYNpM4VQWF9YxVgSTsw?view_as=subscriber\"]}]}<\/script>\n<!-- \/ Yoast SEO plugin. -->","yoast_head_json":{"title":"AUTOMATIC NOZZLE 5322-VM | Bozza","description":"Bico de abastecimento automa\u0301tico de me\u0301dia vaza\u0303o, indicado para combusti\u0301veis em geral. C= 150mm L= 55mm x A= 370mm","robots":{"index":"index","follow":"follow","max-snippet":"max-snippet:-1","max-image-preview":"max-image-preview:large","max-video-preview":"max-video-preview:-1"},"canonical":"https:\/\/bozza.com\/en\/produto\/bico-abastecimento-5322\/","og_locale":"en_US","og_type":"article","og_title":"AUTOMATIC NOZZLE 5322-VM | Bozza","og_description":"Bico de abastecimento automa\u0301tico de me\u0301dia vaza\u0303o, indicado para combusti\u0301veis em geral. C= 150mm L= 55mm x A= 370mm","og_url":"https:\/\/bozza.com\/en\/produto\/bico-abastecimento-5322\/","og_site_name":"Bozza","article_publisher":"https:\/\/www.facebook.com\/bozza.oficial\/","article_modified_time":"2026-04-04T22:09:57+00:00","og_image":[{"width":1200,"height":1200,"url":"https:\/\/bozza.com\/wp-content\/uploads\/2018\/09\/Bozza_Recortes_Acessorios_5322.png","type":"image\/png"}],"twitter_card":"summary_large_image","twitter_misc":{"Est. reading time":"1 minute"},"schema":{"@context":"https:\/\/schema.org","@graph":[{"@type":"WebPage","@id":"https:\/\/bozza.com\/en\/produto\/bico-abastecimento-5322\/","url":"https:\/\/bozza.com\/en\/produto\/bico-abastecimento-5322\/","name":"AUTOMATIC NOZZLE 5322-VM | Bozza","isPartOf":{"@id":"https:\/\/bozza.com\/#website"},"primaryImageOfPage":{"@id":"https:\/\/bozza.com\/en\/produto\/bico-abastecimento-5322\/#primaryimage"},"image":{"@id":"https:\/\/bozza.com\/en\/produto\/bico-abastecimento-5322\/#primaryimage"},"thumbnailUrl":"https:\/\/bozza.com\/wp-content\/uploads\/2018\/09\/Bozza_Recortes_Acessorios_5322.png","datePublished":"2018-09-19T18:44:50+00:00","dateModified":"2026-04-04T22:09:57+00:00","description":"Bico de abastecimento automa\u0301tico de me\u0301dia vaza\u0303o, indicado para combusti\u0301veis em geral. C= 150mm L= 55mm x A= 370mm","breadcrumb":{"@id":"https:\/\/bozza.com\/en\/produto\/bico-abastecimento-5322\/#breadcrumb"},"inLanguage":"en-US","potentialAction":[{"@type":"ReadAction","target":["https:\/\/bozza.com\/en\/produto\/bico-abastecimento-5322\/"]}]},{"@type":"ImageObject","inLanguage":"en-US","@id":"https:\/\/bozza.com\/en\/produto\/bico-abastecimento-5322\/#primaryimage","url":"https:\/\/bozza.com\/wp-content\/uploads\/2018\/09\/Bozza_Recortes_Acessorios_5322.png","contentUrl":"https:\/\/bozza.com\/wp-content\/uploads\/2018\/09\/Bozza_Recortes_Acessorios_5322.png","width":1200,"height":1200},{"@type":"BreadcrumbList","@id":"https:\/\/bozza.com\/en\/produto\/bico-abastecimento-5322\/#breadcrumb","itemListElement":[{"@type":"ListItem","position":1,"name":"In\u00edcio","item":"https:\/\/bozza.com\/"},{"@type":"ListItem","position":2,"name":"Produtos","item":"https:\/\/bozza.com\/?page_id=70036"},{"@type":"ListItem","position":3,"name":"AUTOMATIC NOZZLE 5322-VM"}]},{"@type":"WebSite","@id":"https:\/\/bozza.com\/#website","url":"https:\/\/bozza.com\/","name":"Bozza","description":"Solu\u00e7\u00f5es em Lubrifica\u00e7\u00e3o","publisher":{"@id":"https:\/\/bozza.com\/#organization"},"potentialAction":[{"@type":"SearchAction","target":{"@type":"EntryPoint","urlTemplate":"https:\/\/bozza.com\/?s={search_term_string}"},"query-input":{"@type":"PropertyValueSpecification","valueRequired":true,"valueName":"search_term_string"}}],"inLanguage":"en-US"},{"@type":"Organization","@id":"https:\/\/bozza.com\/#organization","name":"Bozza","url":"https:\/\/bozza.com\/","logo":{"@type":"ImageObject","inLanguage":"en-US","@id":"https:\/\/bozza.com\/#\/schema\/logo\/image\/","url":"","contentUrl":"","caption":"Bozza"},"image":{"@id":"https:\/\/bozza.com\/#\/schema\/logo\/image\/"},"sameAs":["https:\/\/www.facebook.com\/bozza.oficial\/","https:\/\/www.instagram.com\/bozzaoficial\/","https:\/\/www.linkedin.com\/company\/bozza\/","https:\/\/www.youtube.com\/channel\/UCQRiHYNpM4VQWF9YxVgSTsw?view_as=subscriber"]}]}},"_links":{"self":[{"href":"https:\/\/bozza.com\/en\/wp-json\/wp\/v2\/product\/64111","targetHints":{"allow":["GET"]}}],"collection":[{"href":"https:\/\/bozza.com\/en\/wp-json\/wp\/v2\/product"}],"about":[{"href":"https:\/\/bozza.com\/en\/wp-json\/wp\/v2\/types\/product"}],"wp:featuredmedia":[{"embeddable":true,"href":"https:\/\/bozza.com\/en\/wp-json\/wp\/v2\/media\/1810"}],"wp:attachment":[{"href":"https:\/\/bozza.com\/en\/wp-json\/wp\/v2\/media?parent=64111"}],"wp:term":[{"taxonomy":"product_brand","embeddable":true,"href":"https:\/\/bozza.com\/en\/wp-json\/wp\/v2\/product_brand?post=64111"},{"taxonomy":"product_cat","embeddable":true,"href":"https:\/\/bozza.com\/en\/wp-json\/wp\/v2\/product_cat?post=64111"},{"taxonomy":"product_tag","embeddable":true,"href":"https:\/\/bozza.com\/en\/wp-json\/wp\/v2\/product_tag?post=64111"}],"curies":[{"name":"wp","href":"https:\/\/api.w.org\/{rel}","templated":true}]}}