{"id":64129,"date":"2018-09-19T15:00:53","date_gmt":"2018-09-19T18:00:53","guid":{"rendered":"https:\/\/www.bozza.com\/produto\/ibc-arla32\/"},"modified":"2026-04-04T19:13:01","modified_gmt":"2026-04-04T22:13:01","slug":"ibc-arla32","status":"publish","type":"product","link":"https:\/\/bozza.com\/en\/produto\/ibc-arla32\/","title":{"rendered":"KIT IBC-ADBLUE-6"},"content":{"rendered":"<ul>\n<li><span style=\"font-weight: 400;\">IBC AdBlue Kit\u00a0 w\/ Stand \/ Beaver-B02-v and 5522.<\/span><\/li>\n<\/ul>\n","protected":false},"excerpt":{"rendered":"<p><span style=\"font-weight: 400;\">Fixed equipment. Ideal for customers who work with high consumption of AdBlue, can be coupled to different reservoir sizes (IBC).<\/span> <span style=\"font-weight: 400;\">Recommended for urban and road transportation companies, fleet owners, among others.<\/span><\/p>\n","protected":false},"featured_media":22835,"template":"","meta":{"_acf_changed":false},"product_brand":[1027],"product_cat":[108,463,475],"product_tag":[558],"class_list":{"0":"post-64129","1":"product","2":"type-product","3":"status-publish","4":"has-post-thumbnail","6":"product_brand-postos-de-servicos-en","7":"product_cat-adblue","8":"product_cat-all-products","9":"product_cat-convoy-equipment","10":"product_tag-kit-arla-32-en","12":"first","13":"instock","14":"shipping-taxable","15":"product-type-simple"},"acf":[],"yoast_head":"<!-- This site is optimized with the Yoast SEO plugin v26.9 - https:\/\/yoast.com\/product\/yoast-seo-wordpress\/ -->\n<title>KIT IBC-ADBLUE-6 | Bozza<\/title>\n<meta name=\"robots\" content=\"index, follow, max-snippet:-1, max-image-preview:large, max-video-preview:-1\" \/>\n<link rel=\"canonical\" href=\"https:\/\/bozza.com\/en\/produto\/ibc-arla32\/\" \/>\n<meta property=\"og:locale\" content=\"en_US\" \/>\n<meta property=\"og:type\" content=\"article\" \/>\n<meta property=\"og:title\" content=\"KIT IBC-ADBLUE-6 | Bozza\" \/>\n<meta property=\"og:description\" content=\"Fixed equipment. Ideal for customers who work with high consumption of AdBlue, can be coupled to different reservoir sizes (IBC). Recommended for urban and road transportation companies, fleet owners, among others.\" \/>\n<meta property=\"og:url\" content=\"https:\/\/bozza.com\/en\/produto\/ibc-arla32\/\" \/>\n<meta property=\"og:site_name\" content=\"Bozza\" \/>\n<meta property=\"article:publisher\" content=\"https:\/\/www.facebook.com\/bozza.oficial\/\" \/>\n<meta property=\"article:modified_time\" content=\"2026-04-04T22:13:01+00:00\" \/>\n<meta property=\"og:image\" content=\"https:\/\/bozza.com\/wp-content\/uploads\/2018\/09\/IBC-ARLA-32-scaled.jpg\" \/>\n\t<meta property=\"og:image:width\" content=\"2560\" \/>\n\t<meta property=\"og:image:height\" content=\"2560\" \/>\n\t<meta property=\"og:image:type\" content=\"image\/jpeg\" \/>\n<meta name=\"twitter:card\" content=\"summary_large_image\" \/>\n<meta name=\"twitter:label1\" content=\"Est. reading time\" \/>\n\t<meta name=\"twitter:data1\" content=\"1 minute\" \/>\n<script type=\"application\/ld+json\" class=\"yoast-schema-graph\">{\"@context\":\"https:\/\/schema.org\",\"@graph\":[{\"@type\":\"WebPage\",\"@id\":\"https:\/\/bozza.com\/en\/produto\/ibc-arla32\/\",\"url\":\"https:\/\/bozza.com\/en\/produto\/ibc-arla32\/\",\"name\":\"KIT IBC-ADBLUE-6 | Bozza\",\"isPartOf\":{\"@id\":\"https:\/\/bozza.com\/#website\"},\"primaryImageOfPage\":{\"@id\":\"https:\/\/bozza.com\/en\/produto\/ibc-arla32\/#primaryimage\"},\"image\":{\"@id\":\"https:\/\/bozza.com\/en\/produto\/ibc-arla32\/#primaryimage\"},\"thumbnailUrl\":\"https:\/\/bozza.com\/wp-content\/uploads\/2018\/09\/IBC-ARLA-32-scaled.jpg\",\"datePublished\":\"2018-09-19T18:00:53+00:00\",\"dateModified\":\"2026-04-04T22:13:01+00:00\",\"breadcrumb\":{\"@id\":\"https:\/\/bozza.com\/en\/produto\/ibc-arla32\/#breadcrumb\"},\"inLanguage\":\"en-US\",\"potentialAction\":[{\"@type\":\"ReadAction\",\"target\":[\"https:\/\/bozza.com\/en\/produto\/ibc-arla32\/\"]}]},{\"@type\":\"ImageObject\",\"inLanguage\":\"en-US\",\"@id\":\"https:\/\/bozza.com\/en\/produto\/ibc-arla32\/#primaryimage\",\"url\":\"https:\/\/bozza.com\/wp-content\/uploads\/2018\/09\/IBC-ARLA-32-scaled.jpg\",\"contentUrl\":\"https:\/\/bozza.com\/wp-content\/uploads\/2018\/09\/IBC-ARLA-32-scaled.jpg\",\"width\":2560,\"height\":2560,\"caption\":\"Kit IBC arla 32\"},{\"@type\":\"BreadcrumbList\",\"@id\":\"https:\/\/bozza.com\/en\/produto\/ibc-arla32\/#breadcrumb\",\"itemListElement\":[{\"@type\":\"ListItem\",\"position\":1,\"name\":\"In\u00edcio\",\"item\":\"https:\/\/bozza.com\/\"},{\"@type\":\"ListItem\",\"position\":2,\"name\":\"Produtos\",\"item\":\"https:\/\/bozza.com\/?page_id=70036\"},{\"@type\":\"ListItem\",\"position\":3,\"name\":\"KIT IBC-ADBLUE-6\"}]},{\"@type\":\"WebSite\",\"@id\":\"https:\/\/bozza.com\/#website\",\"url\":\"https:\/\/bozza.com\/\",\"name\":\"Bozza\",\"description\":\"Solu\u00e7\u00f5es em Lubrifica\u00e7\u00e3o\",\"publisher\":{\"@id\":\"https:\/\/bozza.com\/#organization\"},\"potentialAction\":[{\"@type\":\"SearchAction\",\"target\":{\"@type\":\"EntryPoint\",\"urlTemplate\":\"https:\/\/bozza.com\/?s={search_term_string}\"},\"query-input\":{\"@type\":\"PropertyValueSpecification\",\"valueRequired\":true,\"valueName\":\"search_term_string\"}}],\"inLanguage\":\"en-US\"},{\"@type\":\"Organization\",\"@id\":\"https:\/\/bozza.com\/#organization\",\"name\":\"Bozza\",\"url\":\"https:\/\/bozza.com\/\",\"logo\":{\"@type\":\"ImageObject\",\"inLanguage\":\"en-US\",\"@id\":\"https:\/\/bozza.com\/#\/schema\/logo\/image\/\",\"url\":\"\",\"contentUrl\":\"\",\"caption\":\"Bozza\"},\"image\":{\"@id\":\"https:\/\/bozza.com\/#\/schema\/logo\/image\/\"},\"sameAs\":[\"https:\/\/www.facebook.com\/bozza.oficial\/\",\"https:\/\/www.instagram.com\/bozzaoficial\/\",\"https:\/\/www.linkedin.com\/company\/bozza\/\",\"https:\/\/www.youtube.com\/channel\/UCQRiHYNpM4VQWF9YxVgSTsw?view_as=subscriber\"]}]}<\/script>\n<!-- \/ Yoast SEO plugin. -->","yoast_head_json":{"title":"KIT IBC-ADBLUE-6 | Bozza","robots":{"index":"index","follow":"follow","max-snippet":"max-snippet:-1","max-image-preview":"max-image-preview:large","max-video-preview":"max-video-preview:-1"},"canonical":"https:\/\/bozza.com\/en\/produto\/ibc-arla32\/","og_locale":"en_US","og_type":"article","og_title":"KIT IBC-ADBLUE-6 | Bozza","og_description":"Fixed equipment. Ideal for customers who work with high consumption of AdBlue, can be coupled to different reservoir sizes (IBC). Recommended for urban and road transportation companies, fleet owners, among others.","og_url":"https:\/\/bozza.com\/en\/produto\/ibc-arla32\/","og_site_name":"Bozza","article_publisher":"https:\/\/www.facebook.com\/bozza.oficial\/","article_modified_time":"2026-04-04T22:13:01+00:00","og_image":[{"width":2560,"height":2560,"url":"https:\/\/bozza.com\/wp-content\/uploads\/2018\/09\/IBC-ARLA-32-scaled.jpg","type":"image\/jpeg"}],"twitter_card":"summary_large_image","twitter_misc":{"Est. reading time":"1 minute"},"schema":{"@context":"https:\/\/schema.org","@graph":[{"@type":"WebPage","@id":"https:\/\/bozza.com\/en\/produto\/ibc-arla32\/","url":"https:\/\/bozza.com\/en\/produto\/ibc-arla32\/","name":"KIT IBC-ADBLUE-6 | Bozza","isPartOf":{"@id":"https:\/\/bozza.com\/#website"},"primaryImageOfPage":{"@id":"https:\/\/bozza.com\/en\/produto\/ibc-arla32\/#primaryimage"},"image":{"@id":"https:\/\/bozza.com\/en\/produto\/ibc-arla32\/#primaryimage"},"thumbnailUrl":"https:\/\/bozza.com\/wp-content\/uploads\/2018\/09\/IBC-ARLA-32-scaled.jpg","datePublished":"2018-09-19T18:00:53+00:00","dateModified":"2026-04-04T22:13:01+00:00","breadcrumb":{"@id":"https:\/\/bozza.com\/en\/produto\/ibc-arla32\/#breadcrumb"},"inLanguage":"en-US","potentialAction":[{"@type":"ReadAction","target":["https:\/\/bozza.com\/en\/produto\/ibc-arla32\/"]}]},{"@type":"ImageObject","inLanguage":"en-US","@id":"https:\/\/bozza.com\/en\/produto\/ibc-arla32\/#primaryimage","url":"https:\/\/bozza.com\/wp-content\/uploads\/2018\/09\/IBC-ARLA-32-scaled.jpg","contentUrl":"https:\/\/bozza.com\/wp-content\/uploads\/2018\/09\/IBC-ARLA-32-scaled.jpg","width":2560,"height":2560,"caption":"Kit IBC arla 32"},{"@type":"BreadcrumbList","@id":"https:\/\/bozza.com\/en\/produto\/ibc-arla32\/#breadcrumb","itemListElement":[{"@type":"ListItem","position":1,"name":"In\u00edcio","item":"https:\/\/bozza.com\/"},{"@type":"ListItem","position":2,"name":"Produtos","item":"https:\/\/bozza.com\/?page_id=70036"},{"@type":"ListItem","position":3,"name":"KIT IBC-ADBLUE-6"}]},{"@type":"WebSite","@id":"https:\/\/bozza.com\/#website","url":"https:\/\/bozza.com\/","name":"Bozza","description":"Solu\u00e7\u00f5es em Lubrifica\u00e7\u00e3o","publisher":{"@id":"https:\/\/bozza.com\/#organization"},"potentialAction":[{"@type":"SearchAction","target":{"@type":"EntryPoint","urlTemplate":"https:\/\/bozza.com\/?s={search_term_string}"},"query-input":{"@type":"PropertyValueSpecification","valueRequired":true,"valueName":"search_term_string"}}],"inLanguage":"en-US"},{"@type":"Organization","@id":"https:\/\/bozza.com\/#organization","name":"Bozza","url":"https:\/\/bozza.com\/","logo":{"@type":"ImageObject","inLanguage":"en-US","@id":"https:\/\/bozza.com\/#\/schema\/logo\/image\/","url":"","contentUrl":"","caption":"Bozza"},"image":{"@id":"https:\/\/bozza.com\/#\/schema\/logo\/image\/"},"sameAs":["https:\/\/www.facebook.com\/bozza.oficial\/","https:\/\/www.instagram.com\/bozzaoficial\/","https:\/\/www.linkedin.com\/company\/bozza\/","https:\/\/www.youtube.com\/channel\/UCQRiHYNpM4VQWF9YxVgSTsw?view_as=subscriber"]}]}},"_links":{"self":[{"href":"https:\/\/bozza.com\/en\/wp-json\/wp\/v2\/product\/64129","targetHints":{"allow":["GET"]}}],"collection":[{"href":"https:\/\/bozza.com\/en\/wp-json\/wp\/v2\/product"}],"about":[{"href":"https:\/\/bozza.com\/en\/wp-json\/wp\/v2\/types\/product"}],"wp:featuredmedia":[{"embeddable":true,"href":"https:\/\/bozza.com\/en\/wp-json\/wp\/v2\/media\/22835"}],"wp:attachment":[{"href":"https:\/\/bozza.com\/en\/wp-json\/wp\/v2\/media?parent=64129"}],"wp:term":[{"taxonomy":"product_brand","embeddable":true,"href":"https:\/\/bozza.com\/en\/wp-json\/wp\/v2\/product_brand?post=64129"},{"taxonomy":"product_cat","embeddable":true,"href":"https:\/\/bozza.com\/en\/wp-json\/wp\/v2\/product_cat?post=64129"},{"taxonomy":"product_tag","embeddable":true,"href":"https:\/\/bozza.com\/en\/wp-json\/wp\/v2\/product_tag?post=64129"}],"curies":[{"name":"wp","href":"https:\/\/api.w.org\/{rel}","templated":true}]}}