{"id":64142,"date":"2018-09-19T14:36:42","date_gmt":"2018-09-19T17:36:42","guid":{"rendered":"https:\/\/www.bozza.com\/produto\/1102-r\/"},"modified":"2026-04-06T11:37:28","modified_gmt":"2026-04-06T14:37:28","slug":"1102-r","status":"publish","type":"product","link":"https:\/\/bozza.com\/en\/produto\/1102-r\/","title":{"rendered":"DOUBLE NOZZLE FOR FILLING TIRES 1102-R"},"content":{"rendered":"<ul>\n<li><span style=\"font-weight: 400;\">\u00bc inch NPT<\/span><span style=\"font-weight: 400;\"> inlet<\/span><\/li>\n<li><span style=\"font-weight: 400;\">Removable connector<\/span><\/li>\n<\/ul>\n","protected":false},"excerpt":{"rendered":"<p><span style=\"font-weight: 400;\">Double nozzle for filling tires, with removable connector. Recommended for cars and trucks.<\/span><\/p>\n","protected":false},"featured_media":1656,"template":"","meta":{"_acf_changed":false},"product_brand":[1027],"product_cat":[472,463],"product_tag":[530,531],"class_list":{"0":"post-64142","1":"product","2":"type-product","3":"status-publish","4":"has-post-thumbnail","6":"product_brand-postos-de-servicos-en","7":"product_cat-accessories","8":"product_cat-all-products","9":"product_tag-bico-duplo-en","10":"product_tag-pneus-en","12":"first","13":"instock","14":"shipping-taxable","15":"product-type-simple"},"acf":[],"yoast_head":"<!-- This site is optimized with the Yoast SEO plugin v26.9 - https:\/\/yoast.com\/product\/yoast-seo-wordpress\/ -->\n<title>DOUBLE NOZZLE FOR FILLING TIRES 1102-R | Bozza<\/title>\n<meta name=\"robots\" content=\"index, follow, max-snippet:-1, max-image-preview:large, max-video-preview:-1\" \/>\n<link rel=\"canonical\" href=\"https:\/\/bozza.com\/en\/produto\/1102-r\/\" \/>\n<meta property=\"og:locale\" content=\"en_US\" \/>\n<meta property=\"og:type\" content=\"article\" \/>\n<meta property=\"og:title\" content=\"DOUBLE NOZZLE FOR FILLING TIRES 1102-R | Bozza\" \/>\n<meta property=\"og:description\" content=\"Double nozzle for filling tires, with removable connector. Recommended for cars and trucks.\" \/>\n<meta property=\"og:url\" content=\"https:\/\/bozza.com\/en\/produto\/1102-r\/\" \/>\n<meta property=\"og:site_name\" content=\"Bozza\" \/>\n<meta property=\"article:publisher\" content=\"https:\/\/www.facebook.com\/bozza.oficial\/\" \/>\n<meta property=\"article:modified_time\" content=\"2026-04-06T14:37:28+00:00\" \/>\n<meta property=\"og:image\" content=\"https:\/\/bozza.com\/wp-content\/uploads\/2018\/09\/1102R.png\" \/>\n\t<meta property=\"og:image:width\" content=\"1200\" \/>\n\t<meta property=\"og:image:height\" content=\"1200\" \/>\n\t<meta property=\"og:image:type\" content=\"image\/png\" \/>\n<meta name=\"twitter:card\" content=\"summary_large_image\" \/>\n<meta name=\"twitter:label1\" content=\"Est. reading time\" \/>\n\t<meta name=\"twitter:data1\" content=\"1 minute\" \/>\n<script type=\"application\/ld+json\" class=\"yoast-schema-graph\">{\"@context\":\"https:\/\/schema.org\",\"@graph\":[{\"@type\":\"WebPage\",\"@id\":\"https:\/\/bozza.com\/en\/produto\/1102-r\/\",\"url\":\"https:\/\/bozza.com\/en\/produto\/1102-r\/\",\"name\":\"DOUBLE NOZZLE FOR FILLING TIRES 1102-R | Bozza\",\"isPartOf\":{\"@id\":\"https:\/\/bozza.com\/#website\"},\"primaryImageOfPage\":{\"@id\":\"https:\/\/bozza.com\/en\/produto\/1102-r\/#primaryimage\"},\"image\":{\"@id\":\"https:\/\/bozza.com\/en\/produto\/1102-r\/#primaryimage\"},\"thumbnailUrl\":\"https:\/\/bozza.com\/wp-content\/uploads\/2018\/09\/1102R.png\",\"datePublished\":\"2018-09-19T17:36:42+00:00\",\"dateModified\":\"2026-04-06T14:37:28+00:00\",\"breadcrumb\":{\"@id\":\"https:\/\/bozza.com\/en\/produto\/1102-r\/#breadcrumb\"},\"inLanguage\":\"en-US\",\"potentialAction\":[{\"@type\":\"ReadAction\",\"target\":[\"https:\/\/bozza.com\/en\/produto\/1102-r\/\"]}]},{\"@type\":\"ImageObject\",\"inLanguage\":\"en-US\",\"@id\":\"https:\/\/bozza.com\/en\/produto\/1102-r\/#primaryimage\",\"url\":\"https:\/\/bozza.com\/wp-content\/uploads\/2018\/09\/1102R.png\",\"contentUrl\":\"https:\/\/bozza.com\/wp-content\/uploads\/2018\/09\/1102R.png\",\"width\":1200,\"height\":1200},{\"@type\":\"BreadcrumbList\",\"@id\":\"https:\/\/bozza.com\/en\/produto\/1102-r\/#breadcrumb\",\"itemListElement\":[{\"@type\":\"ListItem\",\"position\":1,\"name\":\"In\u00edcio\",\"item\":\"https:\/\/bozza.com\/\"},{\"@type\":\"ListItem\",\"position\":2,\"name\":\"Produtos\",\"item\":\"https:\/\/bozza.com\/?page_id=70036\"},{\"@type\":\"ListItem\",\"position\":3,\"name\":\"DOUBLE NOZZLE FOR FILLING TIRES 1102-R\"}]},{\"@type\":\"WebSite\",\"@id\":\"https:\/\/bozza.com\/#website\",\"url\":\"https:\/\/bozza.com\/\",\"name\":\"Bozza\",\"description\":\"Solu\u00e7\u00f5es em Lubrifica\u00e7\u00e3o\",\"publisher\":{\"@id\":\"https:\/\/bozza.com\/#organization\"},\"potentialAction\":[{\"@type\":\"SearchAction\",\"target\":{\"@type\":\"EntryPoint\",\"urlTemplate\":\"https:\/\/bozza.com\/?s={search_term_string}\"},\"query-input\":{\"@type\":\"PropertyValueSpecification\",\"valueRequired\":true,\"valueName\":\"search_term_string\"}}],\"inLanguage\":\"en-US\"},{\"@type\":\"Organization\",\"@id\":\"https:\/\/bozza.com\/#organization\",\"name\":\"Bozza\",\"url\":\"https:\/\/bozza.com\/\",\"logo\":{\"@type\":\"ImageObject\",\"inLanguage\":\"en-US\",\"@id\":\"https:\/\/bozza.com\/#\/schema\/logo\/image\/\",\"url\":\"\",\"contentUrl\":\"\",\"caption\":\"Bozza\"},\"image\":{\"@id\":\"https:\/\/bozza.com\/#\/schema\/logo\/image\/\"},\"sameAs\":[\"https:\/\/www.facebook.com\/bozza.oficial\/\",\"https:\/\/www.instagram.com\/bozzaoficial\/\",\"https:\/\/www.linkedin.com\/company\/bozza\/\",\"https:\/\/www.youtube.com\/channel\/UCQRiHYNpM4VQWF9YxVgSTsw?view_as=subscriber\"]}]}<\/script>\n<!-- \/ Yoast SEO plugin. -->","yoast_head_json":{"title":"DOUBLE NOZZLE FOR FILLING TIRES 1102-R | Bozza","robots":{"index":"index","follow":"follow","max-snippet":"max-snippet:-1","max-image-preview":"max-image-preview:large","max-video-preview":"max-video-preview:-1"},"canonical":"https:\/\/bozza.com\/en\/produto\/1102-r\/","og_locale":"en_US","og_type":"article","og_title":"DOUBLE NOZZLE FOR FILLING TIRES 1102-R | Bozza","og_description":"Double nozzle for filling tires, with removable connector. Recommended for cars and trucks.","og_url":"https:\/\/bozza.com\/en\/produto\/1102-r\/","og_site_name":"Bozza","article_publisher":"https:\/\/www.facebook.com\/bozza.oficial\/","article_modified_time":"2026-04-06T14:37:28+00:00","og_image":[{"width":1200,"height":1200,"url":"https:\/\/bozza.com\/wp-content\/uploads\/2018\/09\/1102R.png","type":"image\/png"}],"twitter_card":"summary_large_image","twitter_misc":{"Est. reading time":"1 minute"},"schema":{"@context":"https:\/\/schema.org","@graph":[{"@type":"WebPage","@id":"https:\/\/bozza.com\/en\/produto\/1102-r\/","url":"https:\/\/bozza.com\/en\/produto\/1102-r\/","name":"DOUBLE NOZZLE FOR FILLING TIRES 1102-R | Bozza","isPartOf":{"@id":"https:\/\/bozza.com\/#website"},"primaryImageOfPage":{"@id":"https:\/\/bozza.com\/en\/produto\/1102-r\/#primaryimage"},"image":{"@id":"https:\/\/bozza.com\/en\/produto\/1102-r\/#primaryimage"},"thumbnailUrl":"https:\/\/bozza.com\/wp-content\/uploads\/2018\/09\/1102R.png","datePublished":"2018-09-19T17:36:42+00:00","dateModified":"2026-04-06T14:37:28+00:00","breadcrumb":{"@id":"https:\/\/bozza.com\/en\/produto\/1102-r\/#breadcrumb"},"inLanguage":"en-US","potentialAction":[{"@type":"ReadAction","target":["https:\/\/bozza.com\/en\/produto\/1102-r\/"]}]},{"@type":"ImageObject","inLanguage":"en-US","@id":"https:\/\/bozza.com\/en\/produto\/1102-r\/#primaryimage","url":"https:\/\/bozza.com\/wp-content\/uploads\/2018\/09\/1102R.png","contentUrl":"https:\/\/bozza.com\/wp-content\/uploads\/2018\/09\/1102R.png","width":1200,"height":1200},{"@type":"BreadcrumbList","@id":"https:\/\/bozza.com\/en\/produto\/1102-r\/#breadcrumb","itemListElement":[{"@type":"ListItem","position":1,"name":"In\u00edcio","item":"https:\/\/bozza.com\/"},{"@type":"ListItem","position":2,"name":"Produtos","item":"https:\/\/bozza.com\/?page_id=70036"},{"@type":"ListItem","position":3,"name":"DOUBLE NOZZLE FOR FILLING TIRES 1102-R"}]},{"@type":"WebSite","@id":"https:\/\/bozza.com\/#website","url":"https:\/\/bozza.com\/","name":"Bozza","description":"Solu\u00e7\u00f5es em Lubrifica\u00e7\u00e3o","publisher":{"@id":"https:\/\/bozza.com\/#organization"},"potentialAction":[{"@type":"SearchAction","target":{"@type":"EntryPoint","urlTemplate":"https:\/\/bozza.com\/?s={search_term_string}"},"query-input":{"@type":"PropertyValueSpecification","valueRequired":true,"valueName":"search_term_string"}}],"inLanguage":"en-US"},{"@type":"Organization","@id":"https:\/\/bozza.com\/#organization","name":"Bozza","url":"https:\/\/bozza.com\/","logo":{"@type":"ImageObject","inLanguage":"en-US","@id":"https:\/\/bozza.com\/#\/schema\/logo\/image\/","url":"","contentUrl":"","caption":"Bozza"},"image":{"@id":"https:\/\/bozza.com\/#\/schema\/logo\/image\/"},"sameAs":["https:\/\/www.facebook.com\/bozza.oficial\/","https:\/\/www.instagram.com\/bozzaoficial\/","https:\/\/www.linkedin.com\/company\/bozza\/","https:\/\/www.youtube.com\/channel\/UCQRiHYNpM4VQWF9YxVgSTsw?view_as=subscriber"]}]}},"_links":{"self":[{"href":"https:\/\/bozza.com\/en\/wp-json\/wp\/v2\/product\/64142","targetHints":{"allow":["GET"]}}],"collection":[{"href":"https:\/\/bozza.com\/en\/wp-json\/wp\/v2\/product"}],"about":[{"href":"https:\/\/bozza.com\/en\/wp-json\/wp\/v2\/types\/product"}],"wp:featuredmedia":[{"embeddable":true,"href":"https:\/\/bozza.com\/en\/wp-json\/wp\/v2\/media\/1656"}],"wp:attachment":[{"href":"https:\/\/bozza.com\/en\/wp-json\/wp\/v2\/media?parent=64142"}],"wp:term":[{"taxonomy":"product_brand","embeddable":true,"href":"https:\/\/bozza.com\/en\/wp-json\/wp\/v2\/product_brand?post=64142"},{"taxonomy":"product_cat","embeddable":true,"href":"https:\/\/bozza.com\/en\/wp-json\/wp\/v2\/product_cat?post=64142"},{"taxonomy":"product_tag","embeddable":true,"href":"https:\/\/bozza.com\/en\/wp-json\/wp\/v2\/product_tag?post=64142"}],"curies":[{"name":"wp","href":"https:\/\/api.w.org\/{rel}","templated":true}]}}