{"id":64165,"date":"2018-09-19T10:24:50","date_gmt":"2018-09-19T13:24:50","guid":{"rendered":"https:\/\/www.bozza.com\/produto\/kit-para-ibc-oleo\/"},"modified":"2026-04-06T14:48:39","modified_gmt":"2026-04-06T17:48:39","slug":"kit-para-ibc-oleo","status":"publish","type":"product","link":"https:\/\/bozza.com\/en\/produto\/kit-para-ibc-oleo\/","title":{"rendered":"KIT FOR IBC \u2013 OIL \u2013 IBC-OL-10"},"content":{"rendered":"<ul>\n<li><span style=\"font-weight: 400;\">12021-P-G4<\/span><\/li>\n<li><span style=\"font-weight: 400;\">Free flow 25 L\/min<\/span><\/li>\n<li><span style=\"font-weight: 400;\">Ratio 3:1<\/span><\/li>\n<li><span style=\"font-weight: 400;\">Max. working pressure 80-100 PSI<\/span><\/li>\n<li><span style=\"font-weight: 400;\">Max. working temperature 55\u00b0C<\/span><\/li>\n<li><span style=\"font-weight: 400;\">Air consumption 10.0 foot\u00b3\/min.<\/span><\/li>\n<li><span style=\"font-weight: 400;\">\u00bc inch air inlet<\/span><\/li>\n<\/ul>\n","protected":false},"excerpt":{"rendered":"<p><span style=\"font-weight: 400;\">Fixed equipment. Ideal for customers who work with high consumption of lubricating oil consumption, it can be coupled to different reservoir sizes (IBC). Recommended for the mining segment, urban and road transportation companies, agricultural dealerships, truck dealerships, among others.<\/span><\/p>\n","protected":false},"featured_media":10449,"template":"","meta":{"_acf_changed":false},"product_brand":[1027],"product_cat":[463,246,1008],"product_tag":[546,264,1032],"class_list":{"0":"post-64165","1":"product","2":"type-product","3":"status-publish","4":"has-post-thumbnail","6":"product_brand-postos-de-servicos-en","7":"product_cat-all-products","8":"product_cat-equipamentos-para-postos-de-servicos-en","9":"product_cat-for-oil","10":"product_tag-kit-en","11":"product_tag-oleo-en","12":"product_tag-oleo-en-2","14":"first","15":"instock","16":"shipping-taxable","17":"product-type-simple"},"acf":[],"yoast_head":"<!-- This site is optimized with the Yoast SEO plugin v26.9 - https:\/\/yoast.com\/product\/yoast-seo-wordpress\/ -->\n<title>KIT FOR IBC \u2013 OIL \u2013 IBC-OL-10 | Bozza<\/title>\n<meta name=\"robots\" content=\"index, follow, max-snippet:-1, max-image-preview:large, max-video-preview:-1\" \/>\n<link rel=\"canonical\" href=\"https:\/\/bozza.com\/en\/produto\/kit-para-ibc-oleo\/\" \/>\n<meta property=\"og:locale\" content=\"en_US\" \/>\n<meta property=\"og:type\" content=\"article\" \/>\n<meta property=\"og:title\" content=\"KIT FOR IBC \u2013 OIL \u2013 IBC-OL-10 | Bozza\" \/>\n<meta property=\"og:description\" content=\"Fixed equipment. Ideal for customers who work with high consumption of lubricating oil consumption, it can be coupled to different reservoir sizes (IBC). Recommended for the mining segment, urban and road transportation companies, agricultural dealerships, truck dealerships, among others.\" \/>\n<meta property=\"og:url\" content=\"https:\/\/bozza.com\/en\/produto\/kit-para-ibc-oleo\/\" \/>\n<meta property=\"og:site_name\" content=\"Bozza\" \/>\n<meta property=\"article:publisher\" content=\"https:\/\/www.facebook.com\/bozza.oficial\/\" \/>\n<meta property=\"article:modified_time\" content=\"2026-04-06T17:48:39+00:00\" \/>\n<meta property=\"og:image\" content=\"https:\/\/bozza.com\/wp-content\/uploads\/2018\/09\/IBC-OL-scaled.jpg\" \/>\n\t<meta property=\"og:image:width\" content=\"2176\" \/>\n\t<meta property=\"og:image:height\" content=\"2560\" \/>\n\t<meta property=\"og:image:type\" content=\"image\/jpeg\" \/>\n<meta name=\"twitter:card\" content=\"summary_large_image\" \/>\n<meta name=\"twitter:label1\" content=\"Est. reading time\" \/>\n\t<meta name=\"twitter:data1\" content=\"1 minute\" \/>\n<script type=\"application\/ld+json\" class=\"yoast-schema-graph\">{\"@context\":\"https:\/\/schema.org\",\"@graph\":[{\"@type\":\"WebPage\",\"@id\":\"https:\/\/bozza.com\/en\/produto\/kit-para-ibc-oleo\/\",\"url\":\"https:\/\/bozza.com\/en\/produto\/kit-para-ibc-oleo\/\",\"name\":\"KIT FOR IBC \u2013 OIL \u2013 IBC-OL-10 | Bozza\",\"isPartOf\":{\"@id\":\"https:\/\/bozza.com\/#website\"},\"primaryImageOfPage\":{\"@id\":\"https:\/\/bozza.com\/en\/produto\/kit-para-ibc-oleo\/#primaryimage\"},\"image\":{\"@id\":\"https:\/\/bozza.com\/en\/produto\/kit-para-ibc-oleo\/#primaryimage\"},\"thumbnailUrl\":\"https:\/\/bozza.com\/wp-content\/uploads\/2018\/09\/IBC-OL-scaled.jpg\",\"datePublished\":\"2018-09-19T13:24:50+00:00\",\"dateModified\":\"2026-04-06T17:48:39+00:00\",\"breadcrumb\":{\"@id\":\"https:\/\/bozza.com\/en\/produto\/kit-para-ibc-oleo\/#breadcrumb\"},\"inLanguage\":\"en-US\",\"potentialAction\":[{\"@type\":\"ReadAction\",\"target\":[\"https:\/\/bozza.com\/en\/produto\/kit-para-ibc-oleo\/\"]}]},{\"@type\":\"ImageObject\",\"inLanguage\":\"en-US\",\"@id\":\"https:\/\/bozza.com\/en\/produto\/kit-para-ibc-oleo\/#primaryimage\",\"url\":\"https:\/\/bozza.com\/wp-content\/uploads\/2018\/09\/IBC-OL-scaled.jpg\",\"contentUrl\":\"https:\/\/bozza.com\/wp-content\/uploads\/2018\/09\/IBC-OL-scaled.jpg\",\"width\":2176,\"height\":2560},{\"@type\":\"BreadcrumbList\",\"@id\":\"https:\/\/bozza.com\/en\/produto\/kit-para-ibc-oleo\/#breadcrumb\",\"itemListElement\":[{\"@type\":\"ListItem\",\"position\":1,\"name\":\"In\u00edcio\",\"item\":\"https:\/\/bozza.com\/\"},{\"@type\":\"ListItem\",\"position\":2,\"name\":\"Produtos\",\"item\":\"https:\/\/bozza.com\/?page_id=70036\"},{\"@type\":\"ListItem\",\"position\":3,\"name\":\"KIT FOR IBC \u2013 OIL \u2013 IBC-OL-10\"}]},{\"@type\":\"WebSite\",\"@id\":\"https:\/\/bozza.com\/#website\",\"url\":\"https:\/\/bozza.com\/\",\"name\":\"Bozza\",\"description\":\"Solu\u00e7\u00f5es em Lubrifica\u00e7\u00e3o\",\"publisher\":{\"@id\":\"https:\/\/bozza.com\/#organization\"},\"potentialAction\":[{\"@type\":\"SearchAction\",\"target\":{\"@type\":\"EntryPoint\",\"urlTemplate\":\"https:\/\/bozza.com\/?s={search_term_string}\"},\"query-input\":{\"@type\":\"PropertyValueSpecification\",\"valueRequired\":true,\"valueName\":\"search_term_string\"}}],\"inLanguage\":\"en-US\"},{\"@type\":\"Organization\",\"@id\":\"https:\/\/bozza.com\/#organization\",\"name\":\"Bozza\",\"url\":\"https:\/\/bozza.com\/\",\"logo\":{\"@type\":\"ImageObject\",\"inLanguage\":\"en-US\",\"@id\":\"https:\/\/bozza.com\/#\/schema\/logo\/image\/\",\"url\":\"\",\"contentUrl\":\"\",\"caption\":\"Bozza\"},\"image\":{\"@id\":\"https:\/\/bozza.com\/#\/schema\/logo\/image\/\"},\"sameAs\":[\"https:\/\/www.facebook.com\/bozza.oficial\/\",\"https:\/\/www.instagram.com\/bozzaoficial\/\",\"https:\/\/www.linkedin.com\/company\/bozza\/\",\"https:\/\/www.youtube.com\/channel\/UCQRiHYNpM4VQWF9YxVgSTsw?view_as=subscriber\"]}]}<\/script>\n<!-- \/ Yoast SEO plugin. -->","yoast_head_json":{"title":"KIT FOR IBC \u2013 OIL \u2013 IBC-OL-10 | Bozza","robots":{"index":"index","follow":"follow","max-snippet":"max-snippet:-1","max-image-preview":"max-image-preview:large","max-video-preview":"max-video-preview:-1"},"canonical":"https:\/\/bozza.com\/en\/produto\/kit-para-ibc-oleo\/","og_locale":"en_US","og_type":"article","og_title":"KIT FOR IBC \u2013 OIL \u2013 IBC-OL-10 | Bozza","og_description":"Fixed equipment. Ideal for customers who work with high consumption of lubricating oil consumption, it can be coupled to different reservoir sizes (IBC). Recommended for the mining segment, urban and road transportation companies, agricultural dealerships, truck dealerships, among others.","og_url":"https:\/\/bozza.com\/en\/produto\/kit-para-ibc-oleo\/","og_site_name":"Bozza","article_publisher":"https:\/\/www.facebook.com\/bozza.oficial\/","article_modified_time":"2026-04-06T17:48:39+00:00","og_image":[{"width":2176,"height":2560,"url":"https:\/\/bozza.com\/wp-content\/uploads\/2018\/09\/IBC-OL-scaled.jpg","type":"image\/jpeg"}],"twitter_card":"summary_large_image","twitter_misc":{"Est. reading time":"1 minute"},"schema":{"@context":"https:\/\/schema.org","@graph":[{"@type":"WebPage","@id":"https:\/\/bozza.com\/en\/produto\/kit-para-ibc-oleo\/","url":"https:\/\/bozza.com\/en\/produto\/kit-para-ibc-oleo\/","name":"KIT FOR IBC \u2013 OIL \u2013 IBC-OL-10 | Bozza","isPartOf":{"@id":"https:\/\/bozza.com\/#website"},"primaryImageOfPage":{"@id":"https:\/\/bozza.com\/en\/produto\/kit-para-ibc-oleo\/#primaryimage"},"image":{"@id":"https:\/\/bozza.com\/en\/produto\/kit-para-ibc-oleo\/#primaryimage"},"thumbnailUrl":"https:\/\/bozza.com\/wp-content\/uploads\/2018\/09\/IBC-OL-scaled.jpg","datePublished":"2018-09-19T13:24:50+00:00","dateModified":"2026-04-06T17:48:39+00:00","breadcrumb":{"@id":"https:\/\/bozza.com\/en\/produto\/kit-para-ibc-oleo\/#breadcrumb"},"inLanguage":"en-US","potentialAction":[{"@type":"ReadAction","target":["https:\/\/bozza.com\/en\/produto\/kit-para-ibc-oleo\/"]}]},{"@type":"ImageObject","inLanguage":"en-US","@id":"https:\/\/bozza.com\/en\/produto\/kit-para-ibc-oleo\/#primaryimage","url":"https:\/\/bozza.com\/wp-content\/uploads\/2018\/09\/IBC-OL-scaled.jpg","contentUrl":"https:\/\/bozza.com\/wp-content\/uploads\/2018\/09\/IBC-OL-scaled.jpg","width":2176,"height":2560},{"@type":"BreadcrumbList","@id":"https:\/\/bozza.com\/en\/produto\/kit-para-ibc-oleo\/#breadcrumb","itemListElement":[{"@type":"ListItem","position":1,"name":"In\u00edcio","item":"https:\/\/bozza.com\/"},{"@type":"ListItem","position":2,"name":"Produtos","item":"https:\/\/bozza.com\/?page_id=70036"},{"@type":"ListItem","position":3,"name":"KIT FOR IBC \u2013 OIL \u2013 IBC-OL-10"}]},{"@type":"WebSite","@id":"https:\/\/bozza.com\/#website","url":"https:\/\/bozza.com\/","name":"Bozza","description":"Solu\u00e7\u00f5es em Lubrifica\u00e7\u00e3o","publisher":{"@id":"https:\/\/bozza.com\/#organization"},"potentialAction":[{"@type":"SearchAction","target":{"@type":"EntryPoint","urlTemplate":"https:\/\/bozza.com\/?s={search_term_string}"},"query-input":{"@type":"PropertyValueSpecification","valueRequired":true,"valueName":"search_term_string"}}],"inLanguage":"en-US"},{"@type":"Organization","@id":"https:\/\/bozza.com\/#organization","name":"Bozza","url":"https:\/\/bozza.com\/","logo":{"@type":"ImageObject","inLanguage":"en-US","@id":"https:\/\/bozza.com\/#\/schema\/logo\/image\/","url":"","contentUrl":"","caption":"Bozza"},"image":{"@id":"https:\/\/bozza.com\/#\/schema\/logo\/image\/"},"sameAs":["https:\/\/www.facebook.com\/bozza.oficial\/","https:\/\/www.instagram.com\/bozzaoficial\/","https:\/\/www.linkedin.com\/company\/bozza\/","https:\/\/www.youtube.com\/channel\/UCQRiHYNpM4VQWF9YxVgSTsw?view_as=subscriber"]}]}},"_links":{"self":[{"href":"https:\/\/bozza.com\/en\/wp-json\/wp\/v2\/product\/64165","targetHints":{"allow":["GET"]}}],"collection":[{"href":"https:\/\/bozza.com\/en\/wp-json\/wp\/v2\/product"}],"about":[{"href":"https:\/\/bozza.com\/en\/wp-json\/wp\/v2\/types\/product"}],"wp:featuredmedia":[{"embeddable":true,"href":"https:\/\/bozza.com\/en\/wp-json\/wp\/v2\/media\/10449"}],"wp:attachment":[{"href":"https:\/\/bozza.com\/en\/wp-json\/wp\/v2\/media?parent=64165"}],"wp:term":[{"taxonomy":"product_brand","embeddable":true,"href":"https:\/\/bozza.com\/en\/wp-json\/wp\/v2\/product_brand?post=64165"},{"taxonomy":"product_cat","embeddable":true,"href":"https:\/\/bozza.com\/en\/wp-json\/wp\/v2\/product_cat?post=64165"},{"taxonomy":"product_tag","embeddable":true,"href":"https:\/\/bozza.com\/en\/wp-json\/wp\/v2\/product_tag?post=64165"}],"curies":[{"name":"wp","href":"https:\/\/api.w.org\/{rel}","templated":true}]}}