{"id":64167,"date":"2018-09-19T10:18:19","date_gmt":"2018-09-19T13:18:19","guid":{"rendered":"https:\/\/www.bozza.com\/produto\/panther-b01\/"},"modified":"2026-04-06T14:48:56","modified_gmt":"2026-04-06T17:48:56","slug":"panther-b01","status":"publish","type":"product","link":"https:\/\/bozza.com\/en\/produto\/panther-b01\/","title":{"rendered":"PRESSURIZED OIL DRAIN PANTHER-B01"},"content":{"rendered":"<ul>\n<li><span style=\"font-weight: 400;\">65 L Reservoir (4 wheels)<\/span><\/li>\n<li><span style=\"font-weight: 400;\">Air pressure for vacuum 100-115 PSI (7-8 BAR)<\/span><\/li>\n<li><span style=\"font-weight: 400;\">Depressurization time 100-150s<\/span><\/li>\n<li><span style=\"font-weight: 400;\">Suction speed 1.5-2 lpm (0.4-0.5 gpm)<\/span><\/li>\n<li><span style=\"font-weight: 400;\">Maximum draining capacity 45 L \/ 12 GL<\/span><\/li>\n<li><span style=\"font-weight: 400;\">Maximum draining capacity (14.5 PSI (1 BAR)<\/span><\/li>\n<li><span style=\"font-weight: 400;\">\u00bc inch female NPT air connection<\/span><\/li>\n<\/ul>\n","protected":false},"excerpt":{"rendered":"<p><span style=\"font-weight: 400;\">Mobile equipment. Ideal for customers who need to evacuate used lubricating oil, using the gravity or vacuum system.<\/span> <span style=\"font-weight: 400;\">Recommended for vehicle dealerships segment, oil changes, and automobile repair shops.<\/span><\/p>\n<p><span style=\"font-weight: 400;\">*For usage of other fluids, only upon request.<\/span><\/p>\n","protected":false},"featured_media":10458,"template":"","meta":{"_acf_changed":false},"product_brand":[1027],"product_cat":[463,246,1008],"product_tag":[486,264,1032,487,481],"class_list":{"0":"post-64167","1":"product","2":"type-product","3":"status-publish","4":"has-post-thumbnail","6":"product_brand-postos-de-servicos-en","7":"product_cat-all-products","8":"product_cat-equipamentos-para-postos-de-servicos-en","9":"product_cat-for-oil","10":"product_tag-coletor-en","11":"product_tag-oleo-en","12":"product_tag-oleo-en-2","13":"product_tag-pressurizado-en","14":"product_tag-transporte-en","16":"first","17":"instock","18":"shipping-taxable","19":"product-type-simple"},"acf":[],"yoast_head":"<!-- This site is optimized with the Yoast SEO plugin v26.9 - https:\/\/yoast.com\/product\/yoast-seo-wordpress\/ -->\n<title>PRESSURIZED OIL DRAIN PANTHER-B01 | Bozza<\/title>\n<meta name=\"description\" content=\"Equipamento m\u00f3vel indicado a clientes que necessitam coletar \u00f3leo lubrificante usado, utilizando o sistema por gravidade ou va\u0301cuo. Indicado no segmento de concession\u00e1rias de vei\u0301culos, postos de servic\u0327o, troca de o\u0301leo e centro automotivos*Outros flu\u00eddos somente sob consulta.\" \/>\n<meta name=\"robots\" content=\"index, follow, max-snippet:-1, max-image-preview:large, max-video-preview:-1\" \/>\n<link rel=\"canonical\" href=\"https:\/\/bozza.com\/en\/produto\/panther-b01\/\" \/>\n<meta property=\"og:locale\" content=\"en_US\" \/>\n<meta property=\"og:type\" content=\"article\" \/>\n<meta property=\"og:title\" content=\"PRESSURIZED OIL DRAIN PANTHER-B01 | Bozza\" \/>\n<meta property=\"og:description\" content=\"Equipamento m\u00f3vel indicado a clientes que necessitam coletar \u00f3leo lubrificante usado, utilizando o sistema por gravidade ou va\u0301cuo. Indicado no segmento de concession\u00e1rias de vei\u0301culos, postos de servic\u0327o, troca de o\u0301leo e centro automotivos*Outros flu\u00eddos somente sob consulta.\" \/>\n<meta property=\"og:url\" content=\"https:\/\/bozza.com\/en\/produto\/panther-b01\/\" \/>\n<meta property=\"og:site_name\" content=\"Bozza\" \/>\n<meta property=\"article:publisher\" content=\"https:\/\/www.facebook.com\/bozza.oficial\/\" \/>\n<meta property=\"article:modified_time\" content=\"2026-04-06T17:48:56+00:00\" \/>\n<meta property=\"og:image\" content=\"https:\/\/bozza.com\/wp-content\/uploads\/2018\/09\/PHANTER-scaled.jpg\" \/>\n\t<meta property=\"og:image:width\" content=\"2176\" \/>\n\t<meta property=\"og:image:height\" content=\"2560\" \/>\n\t<meta property=\"og:image:type\" content=\"image\/jpeg\" \/>\n<meta name=\"twitter:card\" content=\"summary_large_image\" \/>\n<meta name=\"twitter:label1\" content=\"Est. reading time\" \/>\n\t<meta name=\"twitter:data1\" content=\"1 minute\" \/>\n<script type=\"application\/ld+json\" class=\"yoast-schema-graph\">{\"@context\":\"https:\/\/schema.org\",\"@graph\":[{\"@type\":\"WebPage\",\"@id\":\"https:\/\/bozza.com\/en\/produto\/panther-b01\/\",\"url\":\"https:\/\/bozza.com\/en\/produto\/panther-b01\/\",\"name\":\"PRESSURIZED OIL DRAIN PANTHER-B01 | Bozza\",\"isPartOf\":{\"@id\":\"https:\/\/bozza.com\/#website\"},\"primaryImageOfPage\":{\"@id\":\"https:\/\/bozza.com\/en\/produto\/panther-b01\/#primaryimage\"},\"image\":{\"@id\":\"https:\/\/bozza.com\/en\/produto\/panther-b01\/#primaryimage\"},\"thumbnailUrl\":\"https:\/\/bozza.com\/wp-content\/uploads\/2018\/09\/PHANTER-scaled.jpg\",\"datePublished\":\"2018-09-19T13:18:19+00:00\",\"dateModified\":\"2026-04-06T17:48:56+00:00\",\"description\":\"Equipamento m\u00f3vel indicado a clientes que necessitam coletar \u00f3leo lubrificante usado, utilizando o sistema por gravidade ou va\u0301cuo. Indicado no segmento de concession\u00e1rias de vei\u0301culos, postos de servic\u0327o, troca de o\u0301leo e centro automotivos*Outros flu\u00eddos somente sob consulta.\",\"breadcrumb\":{\"@id\":\"https:\/\/bozza.com\/en\/produto\/panther-b01\/#breadcrumb\"},\"inLanguage\":\"en-US\",\"potentialAction\":[{\"@type\":\"ReadAction\",\"target\":[\"https:\/\/bozza.com\/en\/produto\/panther-b01\/\"]}]},{\"@type\":\"ImageObject\",\"inLanguage\":\"en-US\",\"@id\":\"https:\/\/bozza.com\/en\/produto\/panther-b01\/#primaryimage\",\"url\":\"https:\/\/bozza.com\/wp-content\/uploads\/2018\/09\/PHANTER-scaled.jpg\",\"contentUrl\":\"https:\/\/bozza.com\/wp-content\/uploads\/2018\/09\/PHANTER-scaled.jpg\",\"width\":2176,\"height\":2560},{\"@type\":\"BreadcrumbList\",\"@id\":\"https:\/\/bozza.com\/en\/produto\/panther-b01\/#breadcrumb\",\"itemListElement\":[{\"@type\":\"ListItem\",\"position\":1,\"name\":\"In\u00edcio\",\"item\":\"https:\/\/bozza.com\/\"},{\"@type\":\"ListItem\",\"position\":2,\"name\":\"Produtos\",\"item\":\"https:\/\/bozza.com\/?page_id=70036\"},{\"@type\":\"ListItem\",\"position\":3,\"name\":\"PRESSURIZED OIL DRAIN PANTHER-B01\"}]},{\"@type\":\"WebSite\",\"@id\":\"https:\/\/bozza.com\/#website\",\"url\":\"https:\/\/bozza.com\/\",\"name\":\"Bozza\",\"description\":\"Solu\u00e7\u00f5es em Lubrifica\u00e7\u00e3o\",\"publisher\":{\"@id\":\"https:\/\/bozza.com\/#organization\"},\"potentialAction\":[{\"@type\":\"SearchAction\",\"target\":{\"@type\":\"EntryPoint\",\"urlTemplate\":\"https:\/\/bozza.com\/?s={search_term_string}\"},\"query-input\":{\"@type\":\"PropertyValueSpecification\",\"valueRequired\":true,\"valueName\":\"search_term_string\"}}],\"inLanguage\":\"en-US\"},{\"@type\":\"Organization\",\"@id\":\"https:\/\/bozza.com\/#organization\",\"name\":\"Bozza\",\"url\":\"https:\/\/bozza.com\/\",\"logo\":{\"@type\":\"ImageObject\",\"inLanguage\":\"en-US\",\"@id\":\"https:\/\/bozza.com\/#\/schema\/logo\/image\/\",\"url\":\"\",\"contentUrl\":\"\",\"caption\":\"Bozza\"},\"image\":{\"@id\":\"https:\/\/bozza.com\/#\/schema\/logo\/image\/\"},\"sameAs\":[\"https:\/\/www.facebook.com\/bozza.oficial\/\",\"https:\/\/www.instagram.com\/bozzaoficial\/\",\"https:\/\/www.linkedin.com\/company\/bozza\/\",\"https:\/\/www.youtube.com\/channel\/UCQRiHYNpM4VQWF9YxVgSTsw?view_as=subscriber\"]}]}<\/script>\n<!-- \/ Yoast SEO plugin. -->","yoast_head_json":{"title":"PRESSURIZED OIL DRAIN PANTHER-B01 | Bozza","description":"Equipamento m\u00f3vel indicado a clientes que necessitam coletar \u00f3leo lubrificante usado, utilizando o sistema por gravidade ou va\u0301cuo. Indicado no segmento de concession\u00e1rias de vei\u0301culos, postos de servic\u0327o, troca de o\u0301leo e centro automotivos*Outros flu\u00eddos somente sob consulta.","robots":{"index":"index","follow":"follow","max-snippet":"max-snippet:-1","max-image-preview":"max-image-preview:large","max-video-preview":"max-video-preview:-1"},"canonical":"https:\/\/bozza.com\/en\/produto\/panther-b01\/","og_locale":"en_US","og_type":"article","og_title":"PRESSURIZED OIL DRAIN PANTHER-B01 | Bozza","og_description":"Equipamento m\u00f3vel indicado a clientes que necessitam coletar \u00f3leo lubrificante usado, utilizando o sistema por gravidade ou va\u0301cuo. Indicado no segmento de concession\u00e1rias de vei\u0301culos, postos de servic\u0327o, troca de o\u0301leo e centro automotivos*Outros flu\u00eddos somente sob consulta.","og_url":"https:\/\/bozza.com\/en\/produto\/panther-b01\/","og_site_name":"Bozza","article_publisher":"https:\/\/www.facebook.com\/bozza.oficial\/","article_modified_time":"2026-04-06T17:48:56+00:00","og_image":[{"width":2176,"height":2560,"url":"https:\/\/bozza.com\/wp-content\/uploads\/2018\/09\/PHANTER-scaled.jpg","type":"image\/jpeg"}],"twitter_card":"summary_large_image","twitter_misc":{"Est. reading time":"1 minute"},"schema":{"@context":"https:\/\/schema.org","@graph":[{"@type":"WebPage","@id":"https:\/\/bozza.com\/en\/produto\/panther-b01\/","url":"https:\/\/bozza.com\/en\/produto\/panther-b01\/","name":"PRESSURIZED OIL DRAIN PANTHER-B01 | Bozza","isPartOf":{"@id":"https:\/\/bozza.com\/#website"},"primaryImageOfPage":{"@id":"https:\/\/bozza.com\/en\/produto\/panther-b01\/#primaryimage"},"image":{"@id":"https:\/\/bozza.com\/en\/produto\/panther-b01\/#primaryimage"},"thumbnailUrl":"https:\/\/bozza.com\/wp-content\/uploads\/2018\/09\/PHANTER-scaled.jpg","datePublished":"2018-09-19T13:18:19+00:00","dateModified":"2026-04-06T17:48:56+00:00","description":"Equipamento m\u00f3vel indicado a clientes que necessitam coletar \u00f3leo lubrificante usado, utilizando o sistema por gravidade ou va\u0301cuo. Indicado no segmento de concession\u00e1rias de vei\u0301culos, postos de servic\u0327o, troca de o\u0301leo e centro automotivos*Outros flu\u00eddos somente sob consulta.","breadcrumb":{"@id":"https:\/\/bozza.com\/en\/produto\/panther-b01\/#breadcrumb"},"inLanguage":"en-US","potentialAction":[{"@type":"ReadAction","target":["https:\/\/bozza.com\/en\/produto\/panther-b01\/"]}]},{"@type":"ImageObject","inLanguage":"en-US","@id":"https:\/\/bozza.com\/en\/produto\/panther-b01\/#primaryimage","url":"https:\/\/bozza.com\/wp-content\/uploads\/2018\/09\/PHANTER-scaled.jpg","contentUrl":"https:\/\/bozza.com\/wp-content\/uploads\/2018\/09\/PHANTER-scaled.jpg","width":2176,"height":2560},{"@type":"BreadcrumbList","@id":"https:\/\/bozza.com\/en\/produto\/panther-b01\/#breadcrumb","itemListElement":[{"@type":"ListItem","position":1,"name":"In\u00edcio","item":"https:\/\/bozza.com\/"},{"@type":"ListItem","position":2,"name":"Produtos","item":"https:\/\/bozza.com\/?page_id=70036"},{"@type":"ListItem","position":3,"name":"PRESSURIZED OIL DRAIN PANTHER-B01"}]},{"@type":"WebSite","@id":"https:\/\/bozza.com\/#website","url":"https:\/\/bozza.com\/","name":"Bozza","description":"Solu\u00e7\u00f5es em Lubrifica\u00e7\u00e3o","publisher":{"@id":"https:\/\/bozza.com\/#organization"},"potentialAction":[{"@type":"SearchAction","target":{"@type":"EntryPoint","urlTemplate":"https:\/\/bozza.com\/?s={search_term_string}"},"query-input":{"@type":"PropertyValueSpecification","valueRequired":true,"valueName":"search_term_string"}}],"inLanguage":"en-US"},{"@type":"Organization","@id":"https:\/\/bozza.com\/#organization","name":"Bozza","url":"https:\/\/bozza.com\/","logo":{"@type":"ImageObject","inLanguage":"en-US","@id":"https:\/\/bozza.com\/#\/schema\/logo\/image\/","url":"","contentUrl":"","caption":"Bozza"},"image":{"@id":"https:\/\/bozza.com\/#\/schema\/logo\/image\/"},"sameAs":["https:\/\/www.facebook.com\/bozza.oficial\/","https:\/\/www.instagram.com\/bozzaoficial\/","https:\/\/www.linkedin.com\/company\/bozza\/","https:\/\/www.youtube.com\/channel\/UCQRiHYNpM4VQWF9YxVgSTsw?view_as=subscriber"]}]}},"_links":{"self":[{"href":"https:\/\/bozza.com\/en\/wp-json\/wp\/v2\/product\/64167","targetHints":{"allow":["GET"]}}],"collection":[{"href":"https:\/\/bozza.com\/en\/wp-json\/wp\/v2\/product"}],"about":[{"href":"https:\/\/bozza.com\/en\/wp-json\/wp\/v2\/types\/product"}],"wp:featuredmedia":[{"embeddable":true,"href":"https:\/\/bozza.com\/en\/wp-json\/wp\/v2\/media\/10458"}],"wp:attachment":[{"href":"https:\/\/bozza.com\/en\/wp-json\/wp\/v2\/media?parent=64167"}],"wp:term":[{"taxonomy":"product_brand","embeddable":true,"href":"https:\/\/bozza.com\/en\/wp-json\/wp\/v2\/product_brand?post=64167"},{"taxonomy":"product_cat","embeddable":true,"href":"https:\/\/bozza.com\/en\/wp-json\/wp\/v2\/product_cat?post=64167"},{"taxonomy":"product_tag","embeddable":true,"href":"https:\/\/bozza.com\/en\/wp-json\/wp\/v2\/product_tag?post=64167"}],"curies":[{"name":"wp","href":"https:\/\/api.w.org\/{rel}","templated":true}]}}