{"id":64176,"date":"2018-09-19T09:39:15","date_gmt":"2018-09-19T12:39:15","guid":{"rendered":"https:\/\/www.bozza.com\/produto\/ds-15-1\/"},"modified":"2026-04-06T16:02:04","modified_gmt":"2026-04-06T19:02:04","slug":"retractable-reel-for-diesel-ds-15-ac","status":"publish","type":"product","link":"https:\/\/bozza.com\/en\/produto\/retractable-reel-for-diesel-ds-15-ac\/","title":{"rendered":"RETRACTABLE REEL FOR DIESEL DS-15-AC"},"content":{"rendered":"<ul>\n<li><span style=\"font-weight: 400;\">Working pressure 300 PSI \/ 20.7 BAR<\/span><\/li>\n<li><span style=\"font-weight: 400;\">1 inch Inlet NPT Female<\/span><\/li>\n<li><span style=\"font-weight: 400;\">1 inch Outlet NPT Male<\/span><\/li>\n<\/ul>\n","protected":false},"excerpt":{"rendered":"<p><span style=\"font-weight: 400;\">Equipment that allows rolling up diesel and lubricating oil hoses up to 15 m long. The product can be fixed overhead, to walls or bases. It also has automatic retraction, requiring no effort from the operator, preventing premature wear of the hose in addition to keep the environment organized.<\/span> <span style=\"font-weight: 400;\">Recommended for small maintenance shops, tire maintenance shops, small fast lubes, car dealerships, light-\/medium-duty truck dealers, fleet maintenance, construction vehicle maintenance, and light-utility service trucks<\/span><\/p>\n","protected":false},"featured_media":1832,"template":"","meta":{"_acf_changed":false},"product_brand":[1027],"product_cat":[463,475,1004,1008,468],"product_tag":[579,256,250,577,490,511],"class_list":{"0":"post-64176","1":"product","2":"type-product","3":"status-publish","4":"has-post-thumbnail","6":"product_brand-postos-de-servicos-en","7":"product_cat-all-products","8":"product_cat-convoy-equipment","9":"product_cat-for-diesel","10":"product_cat-for-oil","11":"product_cat-hose-reels-and-hoses","12":"product_tag-1-en","13":"product_tag-diesel-en","14":"product_tag-oleo-diesel-en","15":"product_tag-mangueira-en","16":"product_tag-mineracao-en","17":"product_tag-carretel-en","19":"first","20":"instock","21":"shipping-taxable","22":"product-type-simple"},"acf":[],"yoast_head":"<!-- This site is optimized with the Yoast SEO plugin v26.9 - https:\/\/yoast.com\/product\/yoast-seo-wordpress\/ -->\n<title>RETRACTABLE REEL FOR DIESEL DS-15-AC | Bozza<\/title>\n<meta name=\"description\" content=\"Equipamento que permite enrolar mangueiras de abastecimento diesel, querosene e o\u0301leo lubrificante de ate\u0301 15 metros para fixac\u0327a\u0303o em paredes e bases. Possui retrac\u0327a\u0303o automa\u0301tica na\u0303o exigindo esforc\u0327o do operador, evita desgaste prematuro da mangueira ale\u0301m de manter o ambiente organizado. Recomendada para concessiona\u0301rias de vei\u0301culos e caminho\u0303es, unidades mo\u0301veis de lubrificac\u0327a\u0303o (comboio) e centrais fixas de lubrificac\u0327a\u0303o.\" \/>\n<meta name=\"robots\" content=\"index, follow, max-snippet:-1, max-image-preview:large, max-video-preview:-1\" \/>\n<link rel=\"canonical\" href=\"https:\/\/bozza.com\/en\/produto\/retractable-reel-for-diesel-ds-15-ac\/\" \/>\n<meta property=\"og:locale\" content=\"en_US\" \/>\n<meta property=\"og:type\" content=\"article\" \/>\n<meta property=\"og:title\" content=\"RETRACTABLE REEL FOR DIESEL DS-15-AC | Bozza\" \/>\n<meta property=\"og:description\" content=\"Equipamento que permite enrolar mangueiras de abastecimento diesel, querosene e o\u0301leo lubrificante de ate\u0301 15 metros para fixac\u0327a\u0303o em paredes e bases. Possui retrac\u0327a\u0303o automa\u0301tica na\u0303o exigindo esforc\u0327o do operador, evita desgaste prematuro da mangueira ale\u0301m de manter o ambiente organizado. Recomendada para concessiona\u0301rias de vei\u0301culos e caminho\u0303es, unidades mo\u0301veis de lubrificac\u0327a\u0303o (comboio) e centrais fixas de lubrificac\u0327a\u0303o.\" \/>\n<meta property=\"og:url\" content=\"https:\/\/bozza.com\/en\/produto\/retractable-reel-for-diesel-ds-15-ac\/\" \/>\n<meta property=\"og:site_name\" content=\"Bozza\" \/>\n<meta property=\"article:publisher\" content=\"https:\/\/www.facebook.com\/bozza.oficial\/\" \/>\n<meta property=\"article:modified_time\" content=\"2026-04-06T19:02:04+00:00\" \/>\n<meta property=\"og:image\" content=\"https:\/\/bozza.com\/wp-content\/uploads\/2018\/09\/Bozza_Recortes_Carreteis_DS15.png\" \/>\n\t<meta property=\"og:image:width\" content=\"1200\" \/>\n\t<meta property=\"og:image:height\" content=\"1200\" \/>\n\t<meta property=\"og:image:type\" content=\"image\/png\" \/>\n<meta name=\"twitter:card\" content=\"summary_large_image\" \/>\n<meta name=\"twitter:label1\" content=\"Est. reading time\" \/>\n\t<meta name=\"twitter:data1\" content=\"1 minute\" \/>\n<script type=\"application\/ld+json\" class=\"yoast-schema-graph\">{\"@context\":\"https:\/\/schema.org\",\"@graph\":[{\"@type\":\"WebPage\",\"@id\":\"https:\/\/bozza.com\/en\/produto\/retractable-reel-for-diesel-ds-15-ac\/\",\"url\":\"https:\/\/bozza.com\/en\/produto\/retractable-reel-for-diesel-ds-15-ac\/\",\"name\":\"RETRACTABLE REEL FOR DIESEL DS-15-AC | Bozza\",\"isPartOf\":{\"@id\":\"https:\/\/bozza.com\/#website\"},\"primaryImageOfPage\":{\"@id\":\"https:\/\/bozza.com\/en\/produto\/retractable-reel-for-diesel-ds-15-ac\/#primaryimage\"},\"image\":{\"@id\":\"https:\/\/bozza.com\/en\/produto\/retractable-reel-for-diesel-ds-15-ac\/#primaryimage\"},\"thumbnailUrl\":\"https:\/\/bozza.com\/wp-content\/uploads\/2018\/09\/Bozza_Recortes_Carreteis_DS15.png\",\"datePublished\":\"2018-09-19T12:39:15+00:00\",\"dateModified\":\"2026-04-06T19:02:04+00:00\",\"description\":\"Equipamento que permite enrolar mangueiras de abastecimento diesel, querosene e o\u0301leo lubrificante de ate\u0301 15 metros para fixac\u0327a\u0303o em paredes e bases. Possui retrac\u0327a\u0303o automa\u0301tica na\u0303o exigindo esforc\u0327o do operador, evita desgaste prematuro da mangueira ale\u0301m de manter o ambiente organizado. Recomendada para concessiona\u0301rias de vei\u0301culos e caminho\u0303es, unidades mo\u0301veis de lubrificac\u0327a\u0303o (comboio) e centrais fixas de lubrificac\u0327a\u0303o.\",\"breadcrumb\":{\"@id\":\"https:\/\/bozza.com\/en\/produto\/retractable-reel-for-diesel-ds-15-ac\/#breadcrumb\"},\"inLanguage\":\"en-US\",\"potentialAction\":[{\"@type\":\"ReadAction\",\"target\":[\"https:\/\/bozza.com\/en\/produto\/retractable-reel-for-diesel-ds-15-ac\/\"]}]},{\"@type\":\"ImageObject\",\"inLanguage\":\"en-US\",\"@id\":\"https:\/\/bozza.com\/en\/produto\/retractable-reel-for-diesel-ds-15-ac\/#primaryimage\",\"url\":\"https:\/\/bozza.com\/wp-content\/uploads\/2018\/09\/Bozza_Recortes_Carreteis_DS15.png\",\"contentUrl\":\"https:\/\/bozza.com\/wp-content\/uploads\/2018\/09\/Bozza_Recortes_Carreteis_DS15.png\",\"width\":1200,\"height\":1200},{\"@type\":\"BreadcrumbList\",\"@id\":\"https:\/\/bozza.com\/en\/produto\/retractable-reel-for-diesel-ds-15-ac\/#breadcrumb\",\"itemListElement\":[{\"@type\":\"ListItem\",\"position\":1,\"name\":\"In\u00edcio\",\"item\":\"https:\/\/bozza.com\/\"},{\"@type\":\"ListItem\",\"position\":2,\"name\":\"Produtos\",\"item\":\"https:\/\/bozza.com\/?page_id=70036\"},{\"@type\":\"ListItem\",\"position\":3,\"name\":\"RETRACTABLE REEL FOR DIESEL DS-15-AC\"}]},{\"@type\":\"WebSite\",\"@id\":\"https:\/\/bozza.com\/#website\",\"url\":\"https:\/\/bozza.com\/\",\"name\":\"Bozza\",\"description\":\"Solu\u00e7\u00f5es em Lubrifica\u00e7\u00e3o\",\"publisher\":{\"@id\":\"https:\/\/bozza.com\/#organization\"},\"potentialAction\":[{\"@type\":\"SearchAction\",\"target\":{\"@type\":\"EntryPoint\",\"urlTemplate\":\"https:\/\/bozza.com\/?s={search_term_string}\"},\"query-input\":{\"@type\":\"PropertyValueSpecification\",\"valueRequired\":true,\"valueName\":\"search_term_string\"}}],\"inLanguage\":\"en-US\"},{\"@type\":\"Organization\",\"@id\":\"https:\/\/bozza.com\/#organization\",\"name\":\"Bozza\",\"url\":\"https:\/\/bozza.com\/\",\"logo\":{\"@type\":\"ImageObject\",\"inLanguage\":\"en-US\",\"@id\":\"https:\/\/bozza.com\/#\/schema\/logo\/image\/\",\"url\":\"\",\"contentUrl\":\"\",\"caption\":\"Bozza\"},\"image\":{\"@id\":\"https:\/\/bozza.com\/#\/schema\/logo\/image\/\"},\"sameAs\":[\"https:\/\/www.facebook.com\/bozza.oficial\/\",\"https:\/\/www.instagram.com\/bozzaoficial\/\",\"https:\/\/www.linkedin.com\/company\/bozza\/\",\"https:\/\/www.youtube.com\/channel\/UCQRiHYNpM4VQWF9YxVgSTsw?view_as=subscriber\"]}]}<\/script>\n<!-- \/ Yoast SEO plugin. -->","yoast_head_json":{"title":"RETRACTABLE REEL FOR DIESEL DS-15-AC | Bozza","description":"Equipamento que permite enrolar mangueiras de abastecimento diesel, querosene e o\u0301leo lubrificante de ate\u0301 15 metros para fixac\u0327a\u0303o em paredes e bases. Possui retrac\u0327a\u0303o automa\u0301tica na\u0303o exigindo esforc\u0327o do operador, evita desgaste prematuro da mangueira ale\u0301m de manter o ambiente organizado. Recomendada para concessiona\u0301rias de vei\u0301culos e caminho\u0303es, unidades mo\u0301veis de lubrificac\u0327a\u0303o (comboio) e centrais fixas de lubrificac\u0327a\u0303o.","robots":{"index":"index","follow":"follow","max-snippet":"max-snippet:-1","max-image-preview":"max-image-preview:large","max-video-preview":"max-video-preview:-1"},"canonical":"https:\/\/bozza.com\/en\/produto\/retractable-reel-for-diesel-ds-15-ac\/","og_locale":"en_US","og_type":"article","og_title":"RETRACTABLE REEL FOR DIESEL DS-15-AC | Bozza","og_description":"Equipamento que permite enrolar mangueiras de abastecimento diesel, querosene e o\u0301leo lubrificante de ate\u0301 15 metros para fixac\u0327a\u0303o em paredes e bases. Possui retrac\u0327a\u0303o automa\u0301tica na\u0303o exigindo esforc\u0327o do operador, evita desgaste prematuro da mangueira ale\u0301m de manter o ambiente organizado. Recomendada para concessiona\u0301rias de vei\u0301culos e caminho\u0303es, unidades mo\u0301veis de lubrificac\u0327a\u0303o (comboio) e centrais fixas de lubrificac\u0327a\u0303o.","og_url":"https:\/\/bozza.com\/en\/produto\/retractable-reel-for-diesel-ds-15-ac\/","og_site_name":"Bozza","article_publisher":"https:\/\/www.facebook.com\/bozza.oficial\/","article_modified_time":"2026-04-06T19:02:04+00:00","og_image":[{"width":1200,"height":1200,"url":"https:\/\/bozza.com\/wp-content\/uploads\/2018\/09\/Bozza_Recortes_Carreteis_DS15.png","type":"image\/png"}],"twitter_card":"summary_large_image","twitter_misc":{"Est. reading time":"1 minute"},"schema":{"@context":"https:\/\/schema.org","@graph":[{"@type":"WebPage","@id":"https:\/\/bozza.com\/en\/produto\/retractable-reel-for-diesel-ds-15-ac\/","url":"https:\/\/bozza.com\/en\/produto\/retractable-reel-for-diesel-ds-15-ac\/","name":"RETRACTABLE REEL FOR DIESEL DS-15-AC | Bozza","isPartOf":{"@id":"https:\/\/bozza.com\/#website"},"primaryImageOfPage":{"@id":"https:\/\/bozza.com\/en\/produto\/retractable-reel-for-diesel-ds-15-ac\/#primaryimage"},"image":{"@id":"https:\/\/bozza.com\/en\/produto\/retractable-reel-for-diesel-ds-15-ac\/#primaryimage"},"thumbnailUrl":"https:\/\/bozza.com\/wp-content\/uploads\/2018\/09\/Bozza_Recortes_Carreteis_DS15.png","datePublished":"2018-09-19T12:39:15+00:00","dateModified":"2026-04-06T19:02:04+00:00","description":"Equipamento que permite enrolar mangueiras de abastecimento diesel, querosene e o\u0301leo lubrificante de ate\u0301 15 metros para fixac\u0327a\u0303o em paredes e bases. Possui retrac\u0327a\u0303o automa\u0301tica na\u0303o exigindo esforc\u0327o do operador, evita desgaste prematuro da mangueira ale\u0301m de manter o ambiente organizado. Recomendada para concessiona\u0301rias de vei\u0301culos e caminho\u0303es, unidades mo\u0301veis de lubrificac\u0327a\u0303o (comboio) e centrais fixas de lubrificac\u0327a\u0303o.","breadcrumb":{"@id":"https:\/\/bozza.com\/en\/produto\/retractable-reel-for-diesel-ds-15-ac\/#breadcrumb"},"inLanguage":"en-US","potentialAction":[{"@type":"ReadAction","target":["https:\/\/bozza.com\/en\/produto\/retractable-reel-for-diesel-ds-15-ac\/"]}]},{"@type":"ImageObject","inLanguage":"en-US","@id":"https:\/\/bozza.com\/en\/produto\/retractable-reel-for-diesel-ds-15-ac\/#primaryimage","url":"https:\/\/bozza.com\/wp-content\/uploads\/2018\/09\/Bozza_Recortes_Carreteis_DS15.png","contentUrl":"https:\/\/bozza.com\/wp-content\/uploads\/2018\/09\/Bozza_Recortes_Carreteis_DS15.png","width":1200,"height":1200},{"@type":"BreadcrumbList","@id":"https:\/\/bozza.com\/en\/produto\/retractable-reel-for-diesel-ds-15-ac\/#breadcrumb","itemListElement":[{"@type":"ListItem","position":1,"name":"In\u00edcio","item":"https:\/\/bozza.com\/"},{"@type":"ListItem","position":2,"name":"Produtos","item":"https:\/\/bozza.com\/?page_id=70036"},{"@type":"ListItem","position":3,"name":"RETRACTABLE REEL FOR DIESEL DS-15-AC"}]},{"@type":"WebSite","@id":"https:\/\/bozza.com\/#website","url":"https:\/\/bozza.com\/","name":"Bozza","description":"Solu\u00e7\u00f5es em Lubrifica\u00e7\u00e3o","publisher":{"@id":"https:\/\/bozza.com\/#organization"},"potentialAction":[{"@type":"SearchAction","target":{"@type":"EntryPoint","urlTemplate":"https:\/\/bozza.com\/?s={search_term_string}"},"query-input":{"@type":"PropertyValueSpecification","valueRequired":true,"valueName":"search_term_string"}}],"inLanguage":"en-US"},{"@type":"Organization","@id":"https:\/\/bozza.com\/#organization","name":"Bozza","url":"https:\/\/bozza.com\/","logo":{"@type":"ImageObject","inLanguage":"en-US","@id":"https:\/\/bozza.com\/#\/schema\/logo\/image\/","url":"","contentUrl":"","caption":"Bozza"},"image":{"@id":"https:\/\/bozza.com\/#\/schema\/logo\/image\/"},"sameAs":["https:\/\/www.facebook.com\/bozza.oficial\/","https:\/\/www.instagram.com\/bozzaoficial\/","https:\/\/www.linkedin.com\/company\/bozza\/","https:\/\/www.youtube.com\/channel\/UCQRiHYNpM4VQWF9YxVgSTsw?view_as=subscriber"]}]}},"_links":{"self":[{"href":"https:\/\/bozza.com\/en\/wp-json\/wp\/v2\/product\/64176","targetHints":{"allow":["GET"]}}],"collection":[{"href":"https:\/\/bozza.com\/en\/wp-json\/wp\/v2\/product"}],"about":[{"href":"https:\/\/bozza.com\/en\/wp-json\/wp\/v2\/types\/product"}],"wp:featuredmedia":[{"embeddable":true,"href":"https:\/\/bozza.com\/en\/wp-json\/wp\/v2\/media\/1832"}],"wp:attachment":[{"href":"https:\/\/bozza.com\/en\/wp-json\/wp\/v2\/media?parent=64176"}],"wp:term":[{"taxonomy":"product_brand","embeddable":true,"href":"https:\/\/bozza.com\/en\/wp-json\/wp\/v2\/product_brand?post=64176"},{"taxonomy":"product_cat","embeddable":true,"href":"https:\/\/bozza.com\/en\/wp-json\/wp\/v2\/product_cat?post=64176"},{"taxonomy":"product_tag","embeddable":true,"href":"https:\/\/bozza.com\/en\/wp-json\/wp\/v2\/product_tag?post=64176"}],"curies":[{"name":"wp","href":"https:\/\/api.w.org\/{rel}","templated":true}]}}