{"id":64180,"date":"2018-09-19T09:36:15","date_gmt":"2018-09-19T12:36:15","guid":{"rendered":"https:\/\/www.bozza.com\/produto\/17100ret-ol15m\/"},"modified":"2026-04-06T16:02:16","modified_gmt":"2026-04-06T19:02:16","slug":"17100ret-ol15m","status":"publish","type":"product","link":"https:\/\/bozza.com\/en\/produto\/17100ret-ol15m\/","title":{"rendered":"RETRACTABLE OIL REEL  17100RET-OL15M"},"content":{"rendered":"<ul>\n<li><span style=\"font-weight: 400;\">Working pressure 2.000 PSI \/ 138 BAR<\/span><\/li>\n<li><span style=\"font-weight: 400;\">\u00bd inch NPT Female Inlet<\/span><\/li>\n<li><span style=\"font-weight: 400;\">\u00bd inch NPT Male Outlet<\/span><\/li>\n<\/ul>\n","protected":false},"excerpt":{"rendered":"<p><span style=\"font-weight: 400;\">Equipment that allows rolling up oil hoses up to 15 m long. This product can be fixed overhead, to walls or bases.<\/span> <span style=\"font-weight: 400;\">It also has an electronic meter, allowing you to control the volume of oil delivered in each operation, an automatic retraction hose, requiring no effort from the operator, preventing premature wear of the hose, in addition to keeping the environment organized.<\/span> <span style=\"font-weight: 400;\">Recommended for oil change, dealerships, mobile lubrication units (convoy), automobile repair shops, and stationary supply lubrication centers.<\/span> <span style=\"font-weight: 400;\">The product comes with oil valve (B-900).<\/span><\/p>\n","protected":false},"featured_media":1828,"template":"","meta":{"_acf_changed":false},"product_brand":[1027],"product_cat":[463,475,1008,468],"product_tag":[264,1032,511],"class_list":{"0":"post-64180","1":"product","2":"type-product","3":"status-publish","4":"has-post-thumbnail","6":"product_brand-postos-de-servicos-en","7":"product_cat-all-products","8":"product_cat-convoy-equipment","9":"product_cat-for-oil","10":"product_cat-hose-reels-and-hoses","11":"product_tag-oleo-en","12":"product_tag-oleo-en-2","13":"product_tag-carretel-en","15":"first","16":"instock","17":"shipping-taxable","18":"product-type-simple"},"acf":[],"yoast_head":"<!-- This site is optimized with the Yoast SEO plugin v26.9 - https:\/\/yoast.com\/product\/yoast-seo-wordpress\/ -->\n<title>RETRACTABLE OIL REEL 17100RET-OL15M | Bozza<\/title>\n<meta name=\"robots\" content=\"index, follow, max-snippet:-1, max-image-preview:large, max-video-preview:-1\" \/>\n<link rel=\"canonical\" href=\"https:\/\/bozza.com\/en\/produto\/17100ret-ol15m\/\" \/>\n<meta property=\"og:locale\" content=\"en_US\" \/>\n<meta property=\"og:type\" content=\"article\" \/>\n<meta property=\"og:title\" content=\"RETRACTABLE OIL REEL 17100RET-OL15M | Bozza\" \/>\n<meta property=\"og:description\" content=\"Equipment that allows rolling up oil hoses up to 15 m long. This product can be fixed overhead, to walls or bases. It also has an electronic meter, allowing you to control the volume of oil delivered in each operation, an automatic retraction hose, requiring no effort from the operator, preventing premature wear of the hose, in addition to keeping the environment organized. Recommended for oil change, dealerships, mobile lubrication units (convoy), automobile repair shops, and stationary supply lubrication centers. The product comes with oil valve (B-900).\" \/>\n<meta property=\"og:url\" content=\"https:\/\/bozza.com\/en\/produto\/17100ret-ol15m\/\" \/>\n<meta property=\"og:site_name\" content=\"Bozza\" \/>\n<meta property=\"article:publisher\" content=\"https:\/\/www.facebook.com\/bozza.oficial\/\" \/>\n<meta property=\"article:modified_time\" content=\"2026-04-06T19:02:16+00:00\" \/>\n<meta property=\"og:image\" content=\"https:\/\/bozza.com\/wp-content\/uploads\/2018\/09\/Bozza_Recortes_Carreteis_171000Ret-Oli15M.png\" \/>\n\t<meta property=\"og:image:width\" content=\"1200\" \/>\n\t<meta property=\"og:image:height\" content=\"1200\" \/>\n\t<meta property=\"og:image:type\" content=\"image\/png\" \/>\n<meta name=\"twitter:card\" content=\"summary_large_image\" \/>\n<meta name=\"twitter:label1\" content=\"Est. reading time\" \/>\n\t<meta name=\"twitter:data1\" content=\"1 minute\" \/>\n<script type=\"application\/ld+json\" class=\"yoast-schema-graph\">{\"@context\":\"https:\/\/schema.org\",\"@graph\":[{\"@type\":\"WebPage\",\"@id\":\"https:\/\/bozza.com\/en\/produto\/17100ret-ol15m\/\",\"url\":\"https:\/\/bozza.com\/en\/produto\/17100ret-ol15m\/\",\"name\":\"RETRACTABLE OIL REEL 17100RET-OL15M | Bozza\",\"isPartOf\":{\"@id\":\"https:\/\/bozza.com\/#website\"},\"primaryImageOfPage\":{\"@id\":\"https:\/\/bozza.com\/en\/produto\/17100ret-ol15m\/#primaryimage\"},\"image\":{\"@id\":\"https:\/\/bozza.com\/en\/produto\/17100ret-ol15m\/#primaryimage\"},\"thumbnailUrl\":\"https:\/\/bozza.com\/wp-content\/uploads\/2018\/09\/Bozza_Recortes_Carreteis_171000Ret-Oli15M.png\",\"datePublished\":\"2018-09-19T12:36:15+00:00\",\"dateModified\":\"2026-04-06T19:02:16+00:00\",\"breadcrumb\":{\"@id\":\"https:\/\/bozza.com\/en\/produto\/17100ret-ol15m\/#breadcrumb\"},\"inLanguage\":\"en-US\",\"potentialAction\":[{\"@type\":\"ReadAction\",\"target\":[\"https:\/\/bozza.com\/en\/produto\/17100ret-ol15m\/\"]}]},{\"@type\":\"ImageObject\",\"inLanguage\":\"en-US\",\"@id\":\"https:\/\/bozza.com\/en\/produto\/17100ret-ol15m\/#primaryimage\",\"url\":\"https:\/\/bozza.com\/wp-content\/uploads\/2018\/09\/Bozza_Recortes_Carreteis_171000Ret-Oli15M.png\",\"contentUrl\":\"https:\/\/bozza.com\/wp-content\/uploads\/2018\/09\/Bozza_Recortes_Carreteis_171000Ret-Oli15M.png\",\"width\":1200,\"height\":1200},{\"@type\":\"BreadcrumbList\",\"@id\":\"https:\/\/bozza.com\/en\/produto\/17100ret-ol15m\/#breadcrumb\",\"itemListElement\":[{\"@type\":\"ListItem\",\"position\":1,\"name\":\"In\u00edcio\",\"item\":\"https:\/\/bozza.com\/\"},{\"@type\":\"ListItem\",\"position\":2,\"name\":\"Produtos\",\"item\":\"https:\/\/bozza.com\/?page_id=70036\"},{\"@type\":\"ListItem\",\"position\":3,\"name\":\"RETRACTABLE OIL REEL 17100RET-OL15M\"}]},{\"@type\":\"WebSite\",\"@id\":\"https:\/\/bozza.com\/#website\",\"url\":\"https:\/\/bozza.com\/\",\"name\":\"Bozza\",\"description\":\"Solu\u00e7\u00f5es em Lubrifica\u00e7\u00e3o\",\"publisher\":{\"@id\":\"https:\/\/bozza.com\/#organization\"},\"potentialAction\":[{\"@type\":\"SearchAction\",\"target\":{\"@type\":\"EntryPoint\",\"urlTemplate\":\"https:\/\/bozza.com\/?s={search_term_string}\"},\"query-input\":{\"@type\":\"PropertyValueSpecification\",\"valueRequired\":true,\"valueName\":\"search_term_string\"}}],\"inLanguage\":\"en-US\"},{\"@type\":\"Organization\",\"@id\":\"https:\/\/bozza.com\/#organization\",\"name\":\"Bozza\",\"url\":\"https:\/\/bozza.com\/\",\"logo\":{\"@type\":\"ImageObject\",\"inLanguage\":\"en-US\",\"@id\":\"https:\/\/bozza.com\/#\/schema\/logo\/image\/\",\"url\":\"\",\"contentUrl\":\"\",\"caption\":\"Bozza\"},\"image\":{\"@id\":\"https:\/\/bozza.com\/#\/schema\/logo\/image\/\"},\"sameAs\":[\"https:\/\/www.facebook.com\/bozza.oficial\/\",\"https:\/\/www.instagram.com\/bozzaoficial\/\",\"https:\/\/www.linkedin.com\/company\/bozza\/\",\"https:\/\/www.youtube.com\/channel\/UCQRiHYNpM4VQWF9YxVgSTsw?view_as=subscriber\"]}]}<\/script>\n<!-- \/ Yoast SEO plugin. -->","yoast_head_json":{"title":"RETRACTABLE OIL REEL 17100RET-OL15M | Bozza","robots":{"index":"index","follow":"follow","max-snippet":"max-snippet:-1","max-image-preview":"max-image-preview:large","max-video-preview":"max-video-preview:-1"},"canonical":"https:\/\/bozza.com\/en\/produto\/17100ret-ol15m\/","og_locale":"en_US","og_type":"article","og_title":"RETRACTABLE OIL REEL 17100RET-OL15M | Bozza","og_description":"Equipment that allows rolling up oil hoses up to 15 m long. This product can be fixed overhead, to walls or bases. It also has an electronic meter, allowing you to control the volume of oil delivered in each operation, an automatic retraction hose, requiring no effort from the operator, preventing premature wear of the hose, in addition to keeping the environment organized. Recommended for oil change, dealerships, mobile lubrication units (convoy), automobile repair shops, and stationary supply lubrication centers. The product comes with oil valve (B-900).","og_url":"https:\/\/bozza.com\/en\/produto\/17100ret-ol15m\/","og_site_name":"Bozza","article_publisher":"https:\/\/www.facebook.com\/bozza.oficial\/","article_modified_time":"2026-04-06T19:02:16+00:00","og_image":[{"width":1200,"height":1200,"url":"https:\/\/bozza.com\/wp-content\/uploads\/2018\/09\/Bozza_Recortes_Carreteis_171000Ret-Oli15M.png","type":"image\/png"}],"twitter_card":"summary_large_image","twitter_misc":{"Est. reading time":"1 minute"},"schema":{"@context":"https:\/\/schema.org","@graph":[{"@type":"WebPage","@id":"https:\/\/bozza.com\/en\/produto\/17100ret-ol15m\/","url":"https:\/\/bozza.com\/en\/produto\/17100ret-ol15m\/","name":"RETRACTABLE OIL REEL 17100RET-OL15M | Bozza","isPartOf":{"@id":"https:\/\/bozza.com\/#website"},"primaryImageOfPage":{"@id":"https:\/\/bozza.com\/en\/produto\/17100ret-ol15m\/#primaryimage"},"image":{"@id":"https:\/\/bozza.com\/en\/produto\/17100ret-ol15m\/#primaryimage"},"thumbnailUrl":"https:\/\/bozza.com\/wp-content\/uploads\/2018\/09\/Bozza_Recortes_Carreteis_171000Ret-Oli15M.png","datePublished":"2018-09-19T12:36:15+00:00","dateModified":"2026-04-06T19:02:16+00:00","breadcrumb":{"@id":"https:\/\/bozza.com\/en\/produto\/17100ret-ol15m\/#breadcrumb"},"inLanguage":"en-US","potentialAction":[{"@type":"ReadAction","target":["https:\/\/bozza.com\/en\/produto\/17100ret-ol15m\/"]}]},{"@type":"ImageObject","inLanguage":"en-US","@id":"https:\/\/bozza.com\/en\/produto\/17100ret-ol15m\/#primaryimage","url":"https:\/\/bozza.com\/wp-content\/uploads\/2018\/09\/Bozza_Recortes_Carreteis_171000Ret-Oli15M.png","contentUrl":"https:\/\/bozza.com\/wp-content\/uploads\/2018\/09\/Bozza_Recortes_Carreteis_171000Ret-Oli15M.png","width":1200,"height":1200},{"@type":"BreadcrumbList","@id":"https:\/\/bozza.com\/en\/produto\/17100ret-ol15m\/#breadcrumb","itemListElement":[{"@type":"ListItem","position":1,"name":"In\u00edcio","item":"https:\/\/bozza.com\/"},{"@type":"ListItem","position":2,"name":"Produtos","item":"https:\/\/bozza.com\/?page_id=70036"},{"@type":"ListItem","position":3,"name":"RETRACTABLE OIL REEL 17100RET-OL15M"}]},{"@type":"WebSite","@id":"https:\/\/bozza.com\/#website","url":"https:\/\/bozza.com\/","name":"Bozza","description":"Solu\u00e7\u00f5es em Lubrifica\u00e7\u00e3o","publisher":{"@id":"https:\/\/bozza.com\/#organization"},"potentialAction":[{"@type":"SearchAction","target":{"@type":"EntryPoint","urlTemplate":"https:\/\/bozza.com\/?s={search_term_string}"},"query-input":{"@type":"PropertyValueSpecification","valueRequired":true,"valueName":"search_term_string"}}],"inLanguage":"en-US"},{"@type":"Organization","@id":"https:\/\/bozza.com\/#organization","name":"Bozza","url":"https:\/\/bozza.com\/","logo":{"@type":"ImageObject","inLanguage":"en-US","@id":"https:\/\/bozza.com\/#\/schema\/logo\/image\/","url":"","contentUrl":"","caption":"Bozza"},"image":{"@id":"https:\/\/bozza.com\/#\/schema\/logo\/image\/"},"sameAs":["https:\/\/www.facebook.com\/bozza.oficial\/","https:\/\/www.instagram.com\/bozzaoficial\/","https:\/\/www.linkedin.com\/company\/bozza\/","https:\/\/www.youtube.com\/channel\/UCQRiHYNpM4VQWF9YxVgSTsw?view_as=subscriber"]}]}},"_links":{"self":[{"href":"https:\/\/bozza.com\/en\/wp-json\/wp\/v2\/product\/64180","targetHints":{"allow":["GET"]}}],"collection":[{"href":"https:\/\/bozza.com\/en\/wp-json\/wp\/v2\/product"}],"about":[{"href":"https:\/\/bozza.com\/en\/wp-json\/wp\/v2\/types\/product"}],"wp:featuredmedia":[{"embeddable":true,"href":"https:\/\/bozza.com\/en\/wp-json\/wp\/v2\/media\/1828"}],"wp:attachment":[{"href":"https:\/\/bozza.com\/en\/wp-json\/wp\/v2\/media?parent=64180"}],"wp:term":[{"taxonomy":"product_brand","embeddable":true,"href":"https:\/\/bozza.com\/en\/wp-json\/wp\/v2\/product_brand?post=64180"},{"taxonomy":"product_cat","embeddable":true,"href":"https:\/\/bozza.com\/en\/wp-json\/wp\/v2\/product_cat?post=64180"},{"taxonomy":"product_tag","embeddable":true,"href":"https:\/\/bozza.com\/en\/wp-json\/wp\/v2\/product_tag?post=64180"}],"curies":[{"name":"wp","href":"https:\/\/api.w.org\/{rel}","templated":true}]}}