{"id":64248,"date":"2018-09-18T15:27:47","date_gmt":"2018-09-18T18:27:47","guid":{"rendered":"https:\/\/www.bozza.com\/produto\/11030-g4-strike-system\/"},"modified":"2026-04-08T11:50:14","modified_gmt":"2026-04-08T14:50:14","slug":"11030-g4-strike-system","status":"publish","type":"product","link":"https:\/\/bozza.com\/en\/produto\/11030-g4-strike-system\/","title":{"rendered":"HEAVY DUTY PROPELLING PUMP FOR GREASE  11030-G4 \u2013 STRIKE SYSTEM 20-24 KG"},"content":{"rendered":"<ul>\n<li><span style=\"font-weight: 400;\">20-24 kg Reservoir<\/span> <span style=\"font-weight: 400;\">(Not included)<\/span><\/li>\n<li><span style=\"font-weight: 400;\">Free <\/span><span style=\"font-weight: 400;\">flow 1580g\/min<\/span><\/li>\n<li><span style=\"font-weight: 400;\">Ratio 60:1<\/span><\/li>\n<li><span style=\"font-weight: 400;\">\u00bc inch NPT<\/span> <span style=\"font-weight: 400;\">air inlet<\/span><\/li>\n<li><span style=\"font-weight: 400;\">\u00bc inch<\/span> <span style=\"font-weight: 400;\">Outlet JIC (Internal)<\/span><\/li>\n<li><span style=\"font-weight: 400;\">Working Pressure 80-100 PSI (5.5-6.9 BAR)<\/span><\/li>\n<li><span style=\"font-weight: 400;\">Output Pressure 4800-6000 PSI (331-413 BAR)<\/span><\/li>\n<li><span style=\"font-weight: 400;\">Air consumption 10.0 foot\u00b3\/min.<\/span><\/li>\n<li><span style=\"font-weight: 400;\">Maximum working pressure 100PSI (6.9 BAR)<\/span><\/li>\n<\/ul>\n","protected":false},"excerpt":{"rendered":"<p><span style=\"font-weight: 400;\">Mobile grease pump, suitable for customers who need agility and efficiency in the lubrication process.<\/span> <span style=\"font-weight: 400;\">Recommended for lubrication process. It is also possible to adapt this product to 20 kg reservoirs. Ideal for automotive dealerships, fast lube centers, service shops, heavy-duty dealerships, fleet services facilities, lube trucks, mining, agriculture, industries, among others.<\/span><\/p>\n","protected":false},"featured_media":56679,"template":"","meta":{"_acf_changed":false},"product_brand":[],"product_cat":[461],"product_tag":[],"class_list":{"0":"post-64248","1":"product","2":"type-product","3":"status-publish","4":"has-post-thumbnail","6":"product_cat-releases","8":"first","9":"outofstock","10":"shipping-taxable","11":"product-type-simple"},"acf":[],"yoast_head":"<!-- This site is optimized with the Yoast SEO plugin v26.9 - https:\/\/yoast.com\/product\/yoast-seo-wordpress\/ -->\n<title>HEAVY DUTY PROPELLING PUMP FOR GREASE 11030-G4 \u2013 STRIKE SYSTEM 20-24 KG | Bozza<\/title>\n<meta name=\"robots\" content=\"index, follow, max-snippet:-1, max-image-preview:large, max-video-preview:-1\" \/>\n<link rel=\"canonical\" href=\"https:\/\/bozza.com\/en\/produto\/11030-g4-strike-system\/\" \/>\n<meta property=\"og:locale\" content=\"en_US\" \/>\n<meta property=\"og:type\" content=\"article\" \/>\n<meta property=\"og:title\" content=\"HEAVY DUTY PROPELLING PUMP FOR GREASE 11030-G4 \u2013 STRIKE SYSTEM 20-24 KG | Bozza\" \/>\n<meta property=\"og:description\" content=\"Mobile grease pump, suitable for customers who need agility and efficiency in the lubrication process. Recommended for lubrication process. It is also possible to adapt this product to 20 kg reservoirs. Ideal for automotive dealerships, fast lube centers, service shops, heavy-duty dealerships, fleet services facilities, lube trucks, mining, agriculture, industries, among others.\" \/>\n<meta property=\"og:url\" content=\"https:\/\/bozza.com\/en\/produto\/11030-g4-strike-system\/\" \/>\n<meta property=\"og:site_name\" content=\"Bozza\" \/>\n<meta property=\"article:publisher\" content=\"https:\/\/www.facebook.com\/bozza.oficial\/\" \/>\n<meta property=\"article:modified_time\" content=\"2026-04-08T14:50:14+00:00\" \/>\n<meta property=\"og:image\" content=\"https:\/\/bozza.com\/wp-content\/uploads\/2020\/11\/11030-G4-2023.png\" \/>\n\t<meta property=\"og:image:width\" content=\"2000\" \/>\n\t<meta property=\"og:image:height\" content=\"2000\" \/>\n\t<meta property=\"og:image:type\" content=\"image\/png\" \/>\n<meta name=\"twitter:card\" content=\"summary_large_image\" \/>\n<meta name=\"twitter:label1\" content=\"Est. reading time\" \/>\n\t<meta name=\"twitter:data1\" content=\"1 minute\" \/>\n<script type=\"application\/ld+json\" class=\"yoast-schema-graph\">{\"@context\":\"https:\/\/schema.org\",\"@graph\":[{\"@type\":\"WebPage\",\"@id\":\"https:\/\/bozza.com\/en\/produto\/11030-g4-strike-system\/\",\"url\":\"https:\/\/bozza.com\/en\/produto\/11030-g4-strike-system\/\",\"name\":\"HEAVY DUTY PROPELLING PUMP FOR GREASE 11030-G4 \u2013 STRIKE SYSTEM 20-24 KG | Bozza\",\"isPartOf\":{\"@id\":\"https:\/\/bozza.com\/#website\"},\"primaryImageOfPage\":{\"@id\":\"https:\/\/bozza.com\/en\/produto\/11030-g4-strike-system\/#primaryimage\"},\"image\":{\"@id\":\"https:\/\/bozza.com\/en\/produto\/11030-g4-strike-system\/#primaryimage\"},\"thumbnailUrl\":\"https:\/\/bozza.com\/wp-content\/uploads\/2020\/11\/11030-G4-2023.png\",\"datePublished\":\"2018-09-18T18:27:47+00:00\",\"dateModified\":\"2026-04-08T14:50:14+00:00\",\"breadcrumb\":{\"@id\":\"https:\/\/bozza.com\/en\/produto\/11030-g4-strike-system\/#breadcrumb\"},\"inLanguage\":\"en-US\",\"potentialAction\":[{\"@type\":\"ReadAction\",\"target\":[\"https:\/\/bozza.com\/en\/produto\/11030-g4-strike-system\/\"]}]},{\"@type\":\"ImageObject\",\"inLanguage\":\"en-US\",\"@id\":\"https:\/\/bozza.com\/en\/produto\/11030-g4-strike-system\/#primaryimage\",\"url\":\"https:\/\/bozza.com\/wp-content\/uploads\/2020\/11\/11030-G4-2023.png\",\"contentUrl\":\"https:\/\/bozza.com\/wp-content\/uploads\/2020\/11\/11030-G4-2023.png\",\"width\":2000,\"height\":2000,\"caption\":\"Propulsora Pneum\u00e1tica_11030-G4-2023\"},{\"@type\":\"BreadcrumbList\",\"@id\":\"https:\/\/bozza.com\/en\/produto\/11030-g4-strike-system\/#breadcrumb\",\"itemListElement\":[{\"@type\":\"ListItem\",\"position\":1,\"name\":\"In\u00edcio\",\"item\":\"https:\/\/bozza.com\/\"},{\"@type\":\"ListItem\",\"position\":2,\"name\":\"Produtos\",\"item\":\"https:\/\/bozza.com\/?page_id=70036\"},{\"@type\":\"ListItem\",\"position\":3,\"name\":\"HEAVY DUTY PROPELLING PUMP FOR GREASE 11030-G4 \u2013 STRIKE SYSTEM 20-24 KG\"}]},{\"@type\":\"WebSite\",\"@id\":\"https:\/\/bozza.com\/#website\",\"url\":\"https:\/\/bozza.com\/\",\"name\":\"Bozza\",\"description\":\"Solu\u00e7\u00f5es em Lubrifica\u00e7\u00e3o\",\"publisher\":{\"@id\":\"https:\/\/bozza.com\/#organization\"},\"potentialAction\":[{\"@type\":\"SearchAction\",\"target\":{\"@type\":\"EntryPoint\",\"urlTemplate\":\"https:\/\/bozza.com\/?s={search_term_string}\"},\"query-input\":{\"@type\":\"PropertyValueSpecification\",\"valueRequired\":true,\"valueName\":\"search_term_string\"}}],\"inLanguage\":\"en-US\"},{\"@type\":\"Organization\",\"@id\":\"https:\/\/bozza.com\/#organization\",\"name\":\"Bozza\",\"url\":\"https:\/\/bozza.com\/\",\"logo\":{\"@type\":\"ImageObject\",\"inLanguage\":\"en-US\",\"@id\":\"https:\/\/bozza.com\/#\/schema\/logo\/image\/\",\"url\":\"\",\"contentUrl\":\"\",\"caption\":\"Bozza\"},\"image\":{\"@id\":\"https:\/\/bozza.com\/#\/schema\/logo\/image\/\"},\"sameAs\":[\"https:\/\/www.facebook.com\/bozza.oficial\/\",\"https:\/\/www.instagram.com\/bozzaoficial\/\",\"https:\/\/www.linkedin.com\/company\/bozza\/\",\"https:\/\/www.youtube.com\/channel\/UCQRiHYNpM4VQWF9YxVgSTsw?view_as=subscriber\"]}]}<\/script>\n<!-- \/ Yoast SEO plugin. -->","yoast_head_json":{"title":"HEAVY DUTY PROPELLING PUMP FOR GREASE 11030-G4 \u2013 STRIKE SYSTEM 20-24 KG | Bozza","robots":{"index":"index","follow":"follow","max-snippet":"max-snippet:-1","max-image-preview":"max-image-preview:large","max-video-preview":"max-video-preview:-1"},"canonical":"https:\/\/bozza.com\/en\/produto\/11030-g4-strike-system\/","og_locale":"en_US","og_type":"article","og_title":"HEAVY DUTY PROPELLING PUMP FOR GREASE 11030-G4 \u2013 STRIKE SYSTEM 20-24 KG | Bozza","og_description":"Mobile grease pump, suitable for customers who need agility and efficiency in the lubrication process. Recommended for lubrication process. It is also possible to adapt this product to 20 kg reservoirs. Ideal for automotive dealerships, fast lube centers, service shops, heavy-duty dealerships, fleet services facilities, lube trucks, mining, agriculture, industries, among others.","og_url":"https:\/\/bozza.com\/en\/produto\/11030-g4-strike-system\/","og_site_name":"Bozza","article_publisher":"https:\/\/www.facebook.com\/bozza.oficial\/","article_modified_time":"2026-04-08T14:50:14+00:00","og_image":[{"width":2000,"height":2000,"url":"https:\/\/bozza.com\/wp-content\/uploads\/2020\/11\/11030-G4-2023.png","type":"image\/png"}],"twitter_card":"summary_large_image","twitter_misc":{"Est. reading time":"1 minute"},"schema":{"@context":"https:\/\/schema.org","@graph":[{"@type":"WebPage","@id":"https:\/\/bozza.com\/en\/produto\/11030-g4-strike-system\/","url":"https:\/\/bozza.com\/en\/produto\/11030-g4-strike-system\/","name":"HEAVY DUTY PROPELLING PUMP FOR GREASE 11030-G4 \u2013 STRIKE SYSTEM 20-24 KG | Bozza","isPartOf":{"@id":"https:\/\/bozza.com\/#website"},"primaryImageOfPage":{"@id":"https:\/\/bozza.com\/en\/produto\/11030-g4-strike-system\/#primaryimage"},"image":{"@id":"https:\/\/bozza.com\/en\/produto\/11030-g4-strike-system\/#primaryimage"},"thumbnailUrl":"https:\/\/bozza.com\/wp-content\/uploads\/2020\/11\/11030-G4-2023.png","datePublished":"2018-09-18T18:27:47+00:00","dateModified":"2026-04-08T14:50:14+00:00","breadcrumb":{"@id":"https:\/\/bozza.com\/en\/produto\/11030-g4-strike-system\/#breadcrumb"},"inLanguage":"en-US","potentialAction":[{"@type":"ReadAction","target":["https:\/\/bozza.com\/en\/produto\/11030-g4-strike-system\/"]}]},{"@type":"ImageObject","inLanguage":"en-US","@id":"https:\/\/bozza.com\/en\/produto\/11030-g4-strike-system\/#primaryimage","url":"https:\/\/bozza.com\/wp-content\/uploads\/2020\/11\/11030-G4-2023.png","contentUrl":"https:\/\/bozza.com\/wp-content\/uploads\/2020\/11\/11030-G4-2023.png","width":2000,"height":2000,"caption":"Propulsora Pneum\u00e1tica_11030-G4-2023"},{"@type":"BreadcrumbList","@id":"https:\/\/bozza.com\/en\/produto\/11030-g4-strike-system\/#breadcrumb","itemListElement":[{"@type":"ListItem","position":1,"name":"In\u00edcio","item":"https:\/\/bozza.com\/"},{"@type":"ListItem","position":2,"name":"Produtos","item":"https:\/\/bozza.com\/?page_id=70036"},{"@type":"ListItem","position":3,"name":"HEAVY DUTY PROPELLING PUMP FOR GREASE 11030-G4 \u2013 STRIKE SYSTEM 20-24 KG"}]},{"@type":"WebSite","@id":"https:\/\/bozza.com\/#website","url":"https:\/\/bozza.com\/","name":"Bozza","description":"Solu\u00e7\u00f5es em Lubrifica\u00e7\u00e3o","publisher":{"@id":"https:\/\/bozza.com\/#organization"},"potentialAction":[{"@type":"SearchAction","target":{"@type":"EntryPoint","urlTemplate":"https:\/\/bozza.com\/?s={search_term_string}"},"query-input":{"@type":"PropertyValueSpecification","valueRequired":true,"valueName":"search_term_string"}}],"inLanguage":"en-US"},{"@type":"Organization","@id":"https:\/\/bozza.com\/#organization","name":"Bozza","url":"https:\/\/bozza.com\/","logo":{"@type":"ImageObject","inLanguage":"en-US","@id":"https:\/\/bozza.com\/#\/schema\/logo\/image\/","url":"","contentUrl":"","caption":"Bozza"},"image":{"@id":"https:\/\/bozza.com\/#\/schema\/logo\/image\/"},"sameAs":["https:\/\/www.facebook.com\/bozza.oficial\/","https:\/\/www.instagram.com\/bozzaoficial\/","https:\/\/www.linkedin.com\/company\/bozza\/","https:\/\/www.youtube.com\/channel\/UCQRiHYNpM4VQWF9YxVgSTsw?view_as=subscriber"]}]}},"_links":{"self":[{"href":"https:\/\/bozza.com\/en\/wp-json\/wp\/v2\/product\/64248","targetHints":{"allow":["GET"]}}],"collection":[{"href":"https:\/\/bozza.com\/en\/wp-json\/wp\/v2\/product"}],"about":[{"href":"https:\/\/bozza.com\/en\/wp-json\/wp\/v2\/types\/product"}],"wp:featuredmedia":[{"embeddable":true,"href":"https:\/\/bozza.com\/en\/wp-json\/wp\/v2\/media\/56679"}],"wp:attachment":[{"href":"https:\/\/bozza.com\/en\/wp-json\/wp\/v2\/media?parent=64248"}],"wp:term":[{"taxonomy":"product_brand","embeddable":true,"href":"https:\/\/bozza.com\/en\/wp-json\/wp\/v2\/product_brand?post=64248"},{"taxonomy":"product_cat","embeddable":true,"href":"https:\/\/bozza.com\/en\/wp-json\/wp\/v2\/product_cat?post=64248"},{"taxonomy":"product_tag","embeddable":true,"href":"https:\/\/bozza.com\/en\/wp-json\/wp\/v2\/product_tag?post=64248"}],"curies":[{"name":"wp","href":"https:\/\/api.w.org\/{rel}","templated":true}]}}