{"id":64252,"date":"2023-07-26T14:18:55","date_gmt":"2023-07-26T17:18:55","guid":{"rendered":"https:\/\/www.bozza.com\/produto\/bomba-manual-para-graxa-7029-grx-max\/"},"modified":"2026-03-19T15:23:34","modified_gmt":"2026-03-19T18:23:34","slug":"bomba-manual-para-graxa-7029-grx-max","status":"publish","type":"product","link":"https:\/\/bozza.com\/en\/produto\/bomba-manual-para-graxa-7029-grx-max\/","title":{"rendered":"Bomba Manual para Graxa 7029-GRX MAX"},"content":{"rendered":"<p><strong>Manual Pump for Grease 7029-G2<\/strong><\/p>\n<ul>\n<li><span style=\"font-weight: 400;\">Capacity 500g<\/span><\/li>\n<li><span style=\"font-weight: 400;\">Free flow 1 g\/stroke<\/span><\/li>\n<li><span style=\"font-weight: 400;\">Up to 6,000 PSI( 414 BAR)<\/span><\/li>\n<\/ul>\n<p><strong>Quick connection Coupler 350-ER<\/strong><\/p>\n<ul>\n<li><span style=\"font-weight: 400;\">with 6 connection balls for centralized mounting;<\/span><\/li>\n<li><span style=\"font-weight: 400;\">The product allows connecting in hard-to-reach areas;<\/span><\/li>\n<li><span style=\"font-weight: 400;\">\u215b inch NPT female inlet<\/span><\/li>\n<\/ul>\n<p><b>Grease Cartridge LT-400;<\/b><\/p>\n<ol>\n<li><span style=\"font-weight: 400;\">400g Cartridge<\/span><\/li>\n<li><span style=\"font-weight: 400;\">Consistency: NLGI2<\/span><\/li>\n<li><span style=\"font-weight: 400;\">Thickener: Lithium<\/span><\/li>\n<li><span style=\"font-weight: 400;\">Color: Amber<\/span><\/li>\n<li><span style=\"font-weight: 400;\">Base oil dropping point (\u00b0C)185:<\/span> <span style=\"font-weight: 400;\">40\u00b0C (St) \u2013 180<\/span><\/li>\n<li><span style=\"font-weight: 400;\">Penetration Worked:<\/span><span style=\"font-weight: 400;\"> 265 to 295<\/span><\/li>\n<\/ol>\n","protected":false},"excerpt":{"rendered":"<p><span style=\"font-weight: 400;\">Manual Pump for Grease 7029-G2 + Hydraulic Coupler with Quick connection 350-ER + LT-400 Lithium Multipurpose Grease Cartridge Combo. Ideal for customers who require convenience and efficiency in the lubrication process, low frequency, and grease consumption.<\/span> <span style=\"font-weight: 400;\">Easy reloading equipment. Recommended for application on hard-to-reach areas where compressed air is available.<\/span><\/p>\n","protected":false},"featured_media":68953,"template":"","meta":{"_acf_changed":false},"product_brand":[],"product_cat":[463,1006,460,461],"product_tag":[],"class_list":{"0":"post-64252","1":"product","2":"type-product","3":"status-publish","4":"has-post-thumbnail","6":"product_cat-all-products","7":"product_cat-for-grease","8":"product_cat-manual-pump","9":"product_cat-releases","11":"first","12":"instock","13":"shipping-taxable","14":"product-type-simple"},"acf":[],"yoast_head":"<!-- This site is optimized with the Yoast SEO plugin v26.9 - https:\/\/yoast.com\/product\/yoast-seo-wordpress\/ -->\n<title>Bomba Manual para Graxa 7029-GRX MAX | Bozza<\/title>\n<meta name=\"robots\" content=\"index, follow, max-snippet:-1, max-image-preview:large, max-video-preview:-1\" \/>\n<link rel=\"canonical\" href=\"https:\/\/bozza.com\/en\/produto\/bomba-manual-para-graxa-7029-grx-max\/\" \/>\n<meta property=\"og:locale\" content=\"en_US\" \/>\n<meta property=\"og:type\" content=\"article\" \/>\n<meta property=\"og:title\" content=\"Bomba Manual para Graxa 7029-GRX MAX | Bozza\" \/>\n<meta property=\"og:description\" content=\"Manual Pump for Grease 7029-G2 + Hydraulic Coupler with Quick connection 350-ER + LT-400 Lithium Multipurpose Grease Cartridge Combo. Ideal for customers who require convenience and efficiency in the lubrication process, low frequency, and grease consumption. Easy reloading equipment. Recommended for application on hard-to-reach areas where compressed air is available.\" \/>\n<meta property=\"og:url\" content=\"https:\/\/bozza.com\/en\/produto\/bomba-manual-para-graxa-7029-grx-max\/\" \/>\n<meta property=\"og:site_name\" content=\"Bozza\" \/>\n<meta property=\"article:publisher\" content=\"https:\/\/www.facebook.com\/bozza.oficial\/\" \/>\n<meta property=\"article:modified_time\" content=\"2026-03-19T18:23:34+00:00\" \/>\n<meta property=\"og:image\" content=\"https:\/\/bozza.com\/wp-content\/uploads\/2023\/07\/12.210.0089_7029-GRX-MAX_BOMBA-MANUAL-GRAXAACOPLADOR-300-er-1.jpg\" \/>\n\t<meta property=\"og:image:width\" content=\"1080\" \/>\n\t<meta property=\"og:image:height\" content=\"1080\" \/>\n\t<meta property=\"og:image:type\" content=\"image\/jpeg\" \/>\n<meta name=\"twitter:card\" content=\"summary_large_image\" \/>\n<meta name=\"twitter:label1\" content=\"Est. reading time\" \/>\n\t<meta name=\"twitter:data1\" content=\"1 minute\" \/>\n<script type=\"application\/ld+json\" class=\"yoast-schema-graph\">{\"@context\":\"https:\/\/schema.org\",\"@graph\":[{\"@type\":\"WebPage\",\"@id\":\"https:\/\/bozza.com\/en\/produto\/bomba-manual-para-graxa-7029-grx-max\/\",\"url\":\"https:\/\/bozza.com\/en\/produto\/bomba-manual-para-graxa-7029-grx-max\/\",\"name\":\"Bomba Manual para Graxa 7029-GRX MAX | Bozza\",\"isPartOf\":{\"@id\":\"https:\/\/bozza.com\/#website\"},\"primaryImageOfPage\":{\"@id\":\"https:\/\/bozza.com\/en\/produto\/bomba-manual-para-graxa-7029-grx-max\/#primaryimage\"},\"image\":{\"@id\":\"https:\/\/bozza.com\/en\/produto\/bomba-manual-para-graxa-7029-grx-max\/#primaryimage\"},\"thumbnailUrl\":\"https:\/\/bozza.com\/wp-content\/uploads\/2023\/07\/12.210.0089_7029-GRX-MAX_BOMBA-MANUAL-GRAXAACOPLADOR-300-er-1.jpg\",\"datePublished\":\"2023-07-26T17:18:55+00:00\",\"dateModified\":\"2026-03-19T18:23:34+00:00\",\"breadcrumb\":{\"@id\":\"https:\/\/bozza.com\/en\/produto\/bomba-manual-para-graxa-7029-grx-max\/#breadcrumb\"},\"inLanguage\":\"en-US\",\"potentialAction\":[{\"@type\":\"ReadAction\",\"target\":[\"https:\/\/bozza.com\/en\/produto\/bomba-manual-para-graxa-7029-grx-max\/\"]}]},{\"@type\":\"ImageObject\",\"inLanguage\":\"en-US\",\"@id\":\"https:\/\/bozza.com\/en\/produto\/bomba-manual-para-graxa-7029-grx-max\/#primaryimage\",\"url\":\"https:\/\/bozza.com\/wp-content\/uploads\/2023\/07\/12.210.0089_7029-GRX-MAX_BOMBA-MANUAL-GRAXAACOPLADOR-300-er-1.jpg\",\"contentUrl\":\"https:\/\/bozza.com\/wp-content\/uploads\/2023\/07\/12.210.0089_7029-GRX-MAX_BOMBA-MANUAL-GRAXAACOPLADOR-300-er-1.jpg\",\"width\":1080,\"height\":1080},{\"@type\":\"BreadcrumbList\",\"@id\":\"https:\/\/bozza.com\/en\/produto\/bomba-manual-para-graxa-7029-grx-max\/#breadcrumb\",\"itemListElement\":[{\"@type\":\"ListItem\",\"position\":1,\"name\":\"In\u00edcio\",\"item\":\"https:\/\/bozza.com\/\"},{\"@type\":\"ListItem\",\"position\":2,\"name\":\"Produtos\",\"item\":\"https:\/\/bozza.com\/?page_id=70036\"},{\"@type\":\"ListItem\",\"position\":3,\"name\":\"Bomba Manual para Graxa 7029-GRX MAX\"}]},{\"@type\":\"WebSite\",\"@id\":\"https:\/\/bozza.com\/#website\",\"url\":\"https:\/\/bozza.com\/\",\"name\":\"Bozza\",\"description\":\"Solu\u00e7\u00f5es em Lubrifica\u00e7\u00e3o\",\"publisher\":{\"@id\":\"https:\/\/bozza.com\/#organization\"},\"potentialAction\":[{\"@type\":\"SearchAction\",\"target\":{\"@type\":\"EntryPoint\",\"urlTemplate\":\"https:\/\/bozza.com\/?s={search_term_string}\"},\"query-input\":{\"@type\":\"PropertyValueSpecification\",\"valueRequired\":true,\"valueName\":\"search_term_string\"}}],\"inLanguage\":\"en-US\"},{\"@type\":\"Organization\",\"@id\":\"https:\/\/bozza.com\/#organization\",\"name\":\"Bozza\",\"url\":\"https:\/\/bozza.com\/\",\"logo\":{\"@type\":\"ImageObject\",\"inLanguage\":\"en-US\",\"@id\":\"https:\/\/bozza.com\/#\/schema\/logo\/image\/\",\"url\":\"\",\"contentUrl\":\"\",\"caption\":\"Bozza\"},\"image\":{\"@id\":\"https:\/\/bozza.com\/#\/schema\/logo\/image\/\"},\"sameAs\":[\"https:\/\/www.facebook.com\/bozza.oficial\/\",\"https:\/\/www.instagram.com\/bozzaoficial\/\",\"https:\/\/www.linkedin.com\/company\/bozza\/\",\"https:\/\/www.youtube.com\/channel\/UCQRiHYNpM4VQWF9YxVgSTsw?view_as=subscriber\"]}]}<\/script>\n<!-- \/ Yoast SEO plugin. -->","yoast_head_json":{"title":"Bomba Manual para Graxa 7029-GRX MAX | Bozza","robots":{"index":"index","follow":"follow","max-snippet":"max-snippet:-1","max-image-preview":"max-image-preview:large","max-video-preview":"max-video-preview:-1"},"canonical":"https:\/\/bozza.com\/en\/produto\/bomba-manual-para-graxa-7029-grx-max\/","og_locale":"en_US","og_type":"article","og_title":"Bomba Manual para Graxa 7029-GRX MAX | Bozza","og_description":"Manual Pump for Grease 7029-G2 + Hydraulic Coupler with Quick connection 350-ER + LT-400 Lithium Multipurpose Grease Cartridge Combo. Ideal for customers who require convenience and efficiency in the lubrication process, low frequency, and grease consumption. Easy reloading equipment. Recommended for application on hard-to-reach areas where compressed air is available.","og_url":"https:\/\/bozza.com\/en\/produto\/bomba-manual-para-graxa-7029-grx-max\/","og_site_name":"Bozza","article_publisher":"https:\/\/www.facebook.com\/bozza.oficial\/","article_modified_time":"2026-03-19T18:23:34+00:00","og_image":[{"width":1080,"height":1080,"url":"https:\/\/bozza.com\/wp-content\/uploads\/2023\/07\/12.210.0089_7029-GRX-MAX_BOMBA-MANUAL-GRAXAACOPLADOR-300-er-1.jpg","type":"image\/jpeg"}],"twitter_card":"summary_large_image","twitter_misc":{"Est. reading time":"1 minute"},"schema":{"@context":"https:\/\/schema.org","@graph":[{"@type":"WebPage","@id":"https:\/\/bozza.com\/en\/produto\/bomba-manual-para-graxa-7029-grx-max\/","url":"https:\/\/bozza.com\/en\/produto\/bomba-manual-para-graxa-7029-grx-max\/","name":"Bomba Manual para Graxa 7029-GRX MAX | Bozza","isPartOf":{"@id":"https:\/\/bozza.com\/#website"},"primaryImageOfPage":{"@id":"https:\/\/bozza.com\/en\/produto\/bomba-manual-para-graxa-7029-grx-max\/#primaryimage"},"image":{"@id":"https:\/\/bozza.com\/en\/produto\/bomba-manual-para-graxa-7029-grx-max\/#primaryimage"},"thumbnailUrl":"https:\/\/bozza.com\/wp-content\/uploads\/2023\/07\/12.210.0089_7029-GRX-MAX_BOMBA-MANUAL-GRAXAACOPLADOR-300-er-1.jpg","datePublished":"2023-07-26T17:18:55+00:00","dateModified":"2026-03-19T18:23:34+00:00","breadcrumb":{"@id":"https:\/\/bozza.com\/en\/produto\/bomba-manual-para-graxa-7029-grx-max\/#breadcrumb"},"inLanguage":"en-US","potentialAction":[{"@type":"ReadAction","target":["https:\/\/bozza.com\/en\/produto\/bomba-manual-para-graxa-7029-grx-max\/"]}]},{"@type":"ImageObject","inLanguage":"en-US","@id":"https:\/\/bozza.com\/en\/produto\/bomba-manual-para-graxa-7029-grx-max\/#primaryimage","url":"https:\/\/bozza.com\/wp-content\/uploads\/2023\/07\/12.210.0089_7029-GRX-MAX_BOMBA-MANUAL-GRAXAACOPLADOR-300-er-1.jpg","contentUrl":"https:\/\/bozza.com\/wp-content\/uploads\/2023\/07\/12.210.0089_7029-GRX-MAX_BOMBA-MANUAL-GRAXAACOPLADOR-300-er-1.jpg","width":1080,"height":1080},{"@type":"BreadcrumbList","@id":"https:\/\/bozza.com\/en\/produto\/bomba-manual-para-graxa-7029-grx-max\/#breadcrumb","itemListElement":[{"@type":"ListItem","position":1,"name":"In\u00edcio","item":"https:\/\/bozza.com\/"},{"@type":"ListItem","position":2,"name":"Produtos","item":"https:\/\/bozza.com\/?page_id=70036"},{"@type":"ListItem","position":3,"name":"Bomba Manual para Graxa 7029-GRX MAX"}]},{"@type":"WebSite","@id":"https:\/\/bozza.com\/#website","url":"https:\/\/bozza.com\/","name":"Bozza","description":"Solu\u00e7\u00f5es em Lubrifica\u00e7\u00e3o","publisher":{"@id":"https:\/\/bozza.com\/#organization"},"potentialAction":[{"@type":"SearchAction","target":{"@type":"EntryPoint","urlTemplate":"https:\/\/bozza.com\/?s={search_term_string}"},"query-input":{"@type":"PropertyValueSpecification","valueRequired":true,"valueName":"search_term_string"}}],"inLanguage":"en-US"},{"@type":"Organization","@id":"https:\/\/bozza.com\/#organization","name":"Bozza","url":"https:\/\/bozza.com\/","logo":{"@type":"ImageObject","inLanguage":"en-US","@id":"https:\/\/bozza.com\/#\/schema\/logo\/image\/","url":"","contentUrl":"","caption":"Bozza"},"image":{"@id":"https:\/\/bozza.com\/#\/schema\/logo\/image\/"},"sameAs":["https:\/\/www.facebook.com\/bozza.oficial\/","https:\/\/www.instagram.com\/bozzaoficial\/","https:\/\/www.linkedin.com\/company\/bozza\/","https:\/\/www.youtube.com\/channel\/UCQRiHYNpM4VQWF9YxVgSTsw?view_as=subscriber"]}]}},"_links":{"self":[{"href":"https:\/\/bozza.com\/en\/wp-json\/wp\/v2\/product\/64252","targetHints":{"allow":["GET"]}}],"collection":[{"href":"https:\/\/bozza.com\/en\/wp-json\/wp\/v2\/product"}],"about":[{"href":"https:\/\/bozza.com\/en\/wp-json\/wp\/v2\/types\/product"}],"wp:featuredmedia":[{"embeddable":true,"href":"https:\/\/bozza.com\/en\/wp-json\/wp\/v2\/media\/68953"}],"wp:attachment":[{"href":"https:\/\/bozza.com\/en\/wp-json\/wp\/v2\/media?parent=64252"}],"wp:term":[{"taxonomy":"product_brand","embeddable":true,"href":"https:\/\/bozza.com\/en\/wp-json\/wp\/v2\/product_brand?post=64252"},{"taxonomy":"product_cat","embeddable":true,"href":"https:\/\/bozza.com\/en\/wp-json\/wp\/v2\/product_cat?post=64252"},{"taxonomy":"product_tag","embeddable":true,"href":"https:\/\/bozza.com\/en\/wp-json\/wp\/v2\/product_tag?post=64252"}],"curies":[{"name":"wp","href":"https:\/\/api.w.org\/{rel}","templated":true}]}}