{"id":64254,"date":"2023-07-24T10:08:06","date_gmt":"2023-07-24T13:08:06","guid":{"rendered":"https:\/\/www.bozza.com\/produto\/bomba-manual-para-graxa-7029-grx\/"},"modified":"2026-03-19T15:23:42","modified_gmt":"2026-03-19T18:23:42","slug":"bomba-manual-para-graxa-7029-grx","status":"publish","type":"product","link":"https:\/\/bozza.com\/en\/produto\/bomba-manual-para-graxa-7029-grx\/","title":{"rendered":"MANUAL PUMP FOR GREASE 7029-GRX"},"content":{"rendered":"<p><b>Manual Pump for Grease 7029-G2<\/b><\/p>\n<ul>\n<li><span style=\"font-weight: 400;\">Capacity 500g<\/span><\/li>\n<li><span style=\"font-weight: 400;\">Free flow 1g\/cycle<\/span><\/li>\n<li><span style=\"font-weight: 400;\">Up to 6,000 PSI( 414 BAR)<\/span><\/li>\n<\/ul>\n<p><b>Grease Cartridge LT-400;<\/b><\/p>\n<ul>\n<li><span style=\"font-weight: 400;\">400g Cartridge<\/span><\/li>\n<li><span style=\"font-weight: 400;\">Consistency: NLGI2<\/span><\/li>\n<li><span style=\"font-weight: 400;\">Thickener: Lithium<\/span><\/li>\n<li><span style=\"font-weight: 400;\">Color: Amber<\/span><\/li>\n<li><span style=\"font-weight: 400;\">Base oil dropping point (\u00b0C)185:<\/span> <span style=\"font-weight: 400;\">40\u00b0C (St) \u2013 180<\/span><\/li>\n<li><span style=\"font-weight: 400;\">Penetration Worked:<\/span><span style=\"font-weight: 400;\"> 265 to 295<\/span><\/li>\n<\/ul>\n","protected":false},"excerpt":{"rendered":"<p><span style=\"font-weight: 400;\">Manual Pump for Grease 7029-G2 + Hydraulic + LT-400 Lithium Multipurpose Grease Cartridge Combo. Ideal for customers who require convenience and efficiency in the lubrication process, low frequency, and grease consumption.<\/span> <span style=\"font-weight: 400;\">Easy reloading equipment. Recommended for application on hard-to-reach areas where compressed air is available.<\/span><\/p>\n","protected":false},"featured_media":59644,"template":"","meta":{"_acf_changed":false},"product_brand":[],"product_cat":[463,1006,460,461],"product_tag":[],"class_list":{"0":"post-64254","1":"product","2":"type-product","3":"status-publish","4":"has-post-thumbnail","6":"product_cat-all-products","7":"product_cat-for-grease","8":"product_cat-manual-pump","9":"product_cat-releases","11":"first","12":"instock","13":"shipping-taxable","14":"product-type-simple"},"acf":[],"yoast_head":"<!-- This site is optimized with the Yoast SEO plugin v26.9 - https:\/\/yoast.com\/product\/yoast-seo-wordpress\/ -->\n<title>MANUAL PUMP FOR GREASE 7029-GRX | Bozza<\/title>\n<meta name=\"robots\" content=\"index, follow, max-snippet:-1, max-image-preview:large, max-video-preview:-1\" \/>\n<link rel=\"canonical\" href=\"https:\/\/bozza.com\/en\/produto\/bomba-manual-para-graxa-7029-grx\/\" \/>\n<meta property=\"og:locale\" content=\"en_US\" \/>\n<meta property=\"og:type\" content=\"article\" \/>\n<meta property=\"og:title\" content=\"MANUAL PUMP FOR GREASE 7029-GRX | Bozza\" \/>\n<meta property=\"og:description\" content=\"Manual Pump for Grease 7029-G2 + Hydraulic + LT-400 Lithium Multipurpose Grease Cartridge Combo. Ideal for customers who require convenience and efficiency in the lubrication process, low frequency, and grease consumption. Easy reloading equipment. Recommended for application on hard-to-reach areas where compressed air is available.\" \/>\n<meta property=\"og:url\" content=\"https:\/\/bozza.com\/en\/produto\/bomba-manual-para-graxa-7029-grx\/\" \/>\n<meta property=\"og:site_name\" content=\"Bozza\" \/>\n<meta property=\"article:publisher\" content=\"https:\/\/www.facebook.com\/bozza.oficial\/\" \/>\n<meta property=\"article:modified_time\" content=\"2026-03-19T18:23:42+00:00\" \/>\n<meta property=\"og:image\" content=\"https:\/\/bozza.com\/wp-content\/uploads\/2023\/07\/12.210.0088_7029-GRX_BOMBA-MANUALGRAXA.jpg\" \/>\n\t<meta property=\"og:image:width\" content=\"2362\" \/>\n\t<meta property=\"og:image:height\" content=\"2362\" \/>\n\t<meta property=\"og:image:type\" content=\"image\/jpeg\" \/>\n<meta name=\"twitter:card\" content=\"summary_large_image\" \/>\n<meta name=\"twitter:label1\" content=\"Est. reading time\" \/>\n\t<meta name=\"twitter:data1\" content=\"1 minute\" \/>\n<script type=\"application\/ld+json\" class=\"yoast-schema-graph\">{\"@context\":\"https:\/\/schema.org\",\"@graph\":[{\"@type\":\"WebPage\",\"@id\":\"https:\/\/bozza.com\/en\/produto\/bomba-manual-para-graxa-7029-grx\/\",\"url\":\"https:\/\/bozza.com\/en\/produto\/bomba-manual-para-graxa-7029-grx\/\",\"name\":\"MANUAL PUMP FOR GREASE 7029-GRX | Bozza\",\"isPartOf\":{\"@id\":\"https:\/\/bozza.com\/#website\"},\"primaryImageOfPage\":{\"@id\":\"https:\/\/bozza.com\/en\/produto\/bomba-manual-para-graxa-7029-grx\/#primaryimage\"},\"image\":{\"@id\":\"https:\/\/bozza.com\/en\/produto\/bomba-manual-para-graxa-7029-grx\/#primaryimage\"},\"thumbnailUrl\":\"https:\/\/bozza.com\/wp-content\/uploads\/2023\/07\/12.210.0088_7029-GRX_BOMBA-MANUALGRAXA.jpg\",\"datePublished\":\"2023-07-24T13:08:06+00:00\",\"dateModified\":\"2026-03-19T18:23:42+00:00\",\"breadcrumb\":{\"@id\":\"https:\/\/bozza.com\/en\/produto\/bomba-manual-para-graxa-7029-grx\/#breadcrumb\"},\"inLanguage\":\"en-US\",\"potentialAction\":[{\"@type\":\"ReadAction\",\"target\":[\"https:\/\/bozza.com\/en\/produto\/bomba-manual-para-graxa-7029-grx\/\"]}]},{\"@type\":\"ImageObject\",\"inLanguage\":\"en-US\",\"@id\":\"https:\/\/bozza.com\/en\/produto\/bomba-manual-para-graxa-7029-grx\/#primaryimage\",\"url\":\"https:\/\/bozza.com\/wp-content\/uploads\/2023\/07\/12.210.0088_7029-GRX_BOMBA-MANUALGRAXA.jpg\",\"contentUrl\":\"https:\/\/bozza.com\/wp-content\/uploads\/2023\/07\/12.210.0088_7029-GRX_BOMBA-MANUALGRAXA.jpg\",\"width\":2362,\"height\":2362},{\"@type\":\"BreadcrumbList\",\"@id\":\"https:\/\/bozza.com\/en\/produto\/bomba-manual-para-graxa-7029-grx\/#breadcrumb\",\"itemListElement\":[{\"@type\":\"ListItem\",\"position\":1,\"name\":\"In\u00edcio\",\"item\":\"https:\/\/bozza.com\/\"},{\"@type\":\"ListItem\",\"position\":2,\"name\":\"Produtos\",\"item\":\"https:\/\/bozza.com\/?page_id=70036\"},{\"@type\":\"ListItem\",\"position\":3,\"name\":\"MANUAL PUMP FOR GREASE 7029-GRX\"}]},{\"@type\":\"WebSite\",\"@id\":\"https:\/\/bozza.com\/#website\",\"url\":\"https:\/\/bozza.com\/\",\"name\":\"Bozza\",\"description\":\"Solu\u00e7\u00f5es em Lubrifica\u00e7\u00e3o\",\"publisher\":{\"@id\":\"https:\/\/bozza.com\/#organization\"},\"potentialAction\":[{\"@type\":\"SearchAction\",\"target\":{\"@type\":\"EntryPoint\",\"urlTemplate\":\"https:\/\/bozza.com\/?s={search_term_string}\"},\"query-input\":{\"@type\":\"PropertyValueSpecification\",\"valueRequired\":true,\"valueName\":\"search_term_string\"}}],\"inLanguage\":\"en-US\"},{\"@type\":\"Organization\",\"@id\":\"https:\/\/bozza.com\/#organization\",\"name\":\"Bozza\",\"url\":\"https:\/\/bozza.com\/\",\"logo\":{\"@type\":\"ImageObject\",\"inLanguage\":\"en-US\",\"@id\":\"https:\/\/bozza.com\/#\/schema\/logo\/image\/\",\"url\":\"\",\"contentUrl\":\"\",\"caption\":\"Bozza\"},\"image\":{\"@id\":\"https:\/\/bozza.com\/#\/schema\/logo\/image\/\"},\"sameAs\":[\"https:\/\/www.facebook.com\/bozza.oficial\/\",\"https:\/\/www.instagram.com\/bozzaoficial\/\",\"https:\/\/www.linkedin.com\/company\/bozza\/\",\"https:\/\/www.youtube.com\/channel\/UCQRiHYNpM4VQWF9YxVgSTsw?view_as=subscriber\"]}]}<\/script>\n<!-- \/ Yoast SEO plugin. -->","yoast_head_json":{"title":"MANUAL PUMP FOR GREASE 7029-GRX | Bozza","robots":{"index":"index","follow":"follow","max-snippet":"max-snippet:-1","max-image-preview":"max-image-preview:large","max-video-preview":"max-video-preview:-1"},"canonical":"https:\/\/bozza.com\/en\/produto\/bomba-manual-para-graxa-7029-grx\/","og_locale":"en_US","og_type":"article","og_title":"MANUAL PUMP FOR GREASE 7029-GRX | Bozza","og_description":"Manual Pump for Grease 7029-G2 + Hydraulic + LT-400 Lithium Multipurpose Grease Cartridge Combo. Ideal for customers who require convenience and efficiency in the lubrication process, low frequency, and grease consumption. Easy reloading equipment. Recommended for application on hard-to-reach areas where compressed air is available.","og_url":"https:\/\/bozza.com\/en\/produto\/bomba-manual-para-graxa-7029-grx\/","og_site_name":"Bozza","article_publisher":"https:\/\/www.facebook.com\/bozza.oficial\/","article_modified_time":"2026-03-19T18:23:42+00:00","og_image":[{"width":2362,"height":2362,"url":"https:\/\/bozza.com\/wp-content\/uploads\/2023\/07\/12.210.0088_7029-GRX_BOMBA-MANUALGRAXA.jpg","type":"image\/jpeg"}],"twitter_card":"summary_large_image","twitter_misc":{"Est. reading time":"1 minute"},"schema":{"@context":"https:\/\/schema.org","@graph":[{"@type":"WebPage","@id":"https:\/\/bozza.com\/en\/produto\/bomba-manual-para-graxa-7029-grx\/","url":"https:\/\/bozza.com\/en\/produto\/bomba-manual-para-graxa-7029-grx\/","name":"MANUAL PUMP FOR GREASE 7029-GRX | Bozza","isPartOf":{"@id":"https:\/\/bozza.com\/#website"},"primaryImageOfPage":{"@id":"https:\/\/bozza.com\/en\/produto\/bomba-manual-para-graxa-7029-grx\/#primaryimage"},"image":{"@id":"https:\/\/bozza.com\/en\/produto\/bomba-manual-para-graxa-7029-grx\/#primaryimage"},"thumbnailUrl":"https:\/\/bozza.com\/wp-content\/uploads\/2023\/07\/12.210.0088_7029-GRX_BOMBA-MANUALGRAXA.jpg","datePublished":"2023-07-24T13:08:06+00:00","dateModified":"2026-03-19T18:23:42+00:00","breadcrumb":{"@id":"https:\/\/bozza.com\/en\/produto\/bomba-manual-para-graxa-7029-grx\/#breadcrumb"},"inLanguage":"en-US","potentialAction":[{"@type":"ReadAction","target":["https:\/\/bozza.com\/en\/produto\/bomba-manual-para-graxa-7029-grx\/"]}]},{"@type":"ImageObject","inLanguage":"en-US","@id":"https:\/\/bozza.com\/en\/produto\/bomba-manual-para-graxa-7029-grx\/#primaryimage","url":"https:\/\/bozza.com\/wp-content\/uploads\/2023\/07\/12.210.0088_7029-GRX_BOMBA-MANUALGRAXA.jpg","contentUrl":"https:\/\/bozza.com\/wp-content\/uploads\/2023\/07\/12.210.0088_7029-GRX_BOMBA-MANUALGRAXA.jpg","width":2362,"height":2362},{"@type":"BreadcrumbList","@id":"https:\/\/bozza.com\/en\/produto\/bomba-manual-para-graxa-7029-grx\/#breadcrumb","itemListElement":[{"@type":"ListItem","position":1,"name":"In\u00edcio","item":"https:\/\/bozza.com\/"},{"@type":"ListItem","position":2,"name":"Produtos","item":"https:\/\/bozza.com\/?page_id=70036"},{"@type":"ListItem","position":3,"name":"MANUAL PUMP FOR GREASE 7029-GRX"}]},{"@type":"WebSite","@id":"https:\/\/bozza.com\/#website","url":"https:\/\/bozza.com\/","name":"Bozza","description":"Solu\u00e7\u00f5es em Lubrifica\u00e7\u00e3o","publisher":{"@id":"https:\/\/bozza.com\/#organization"},"potentialAction":[{"@type":"SearchAction","target":{"@type":"EntryPoint","urlTemplate":"https:\/\/bozza.com\/?s={search_term_string}"},"query-input":{"@type":"PropertyValueSpecification","valueRequired":true,"valueName":"search_term_string"}}],"inLanguage":"en-US"},{"@type":"Organization","@id":"https:\/\/bozza.com\/#organization","name":"Bozza","url":"https:\/\/bozza.com\/","logo":{"@type":"ImageObject","inLanguage":"en-US","@id":"https:\/\/bozza.com\/#\/schema\/logo\/image\/","url":"","contentUrl":"","caption":"Bozza"},"image":{"@id":"https:\/\/bozza.com\/#\/schema\/logo\/image\/"},"sameAs":["https:\/\/www.facebook.com\/bozza.oficial\/","https:\/\/www.instagram.com\/bozzaoficial\/","https:\/\/www.linkedin.com\/company\/bozza\/","https:\/\/www.youtube.com\/channel\/UCQRiHYNpM4VQWF9YxVgSTsw?view_as=subscriber"]}]}},"_links":{"self":[{"href":"https:\/\/bozza.com\/en\/wp-json\/wp\/v2\/product\/64254","targetHints":{"allow":["GET"]}}],"collection":[{"href":"https:\/\/bozza.com\/en\/wp-json\/wp\/v2\/product"}],"about":[{"href":"https:\/\/bozza.com\/en\/wp-json\/wp\/v2\/types\/product"}],"wp:featuredmedia":[{"embeddable":true,"href":"https:\/\/bozza.com\/en\/wp-json\/wp\/v2\/media\/59644"}],"wp:attachment":[{"href":"https:\/\/bozza.com\/en\/wp-json\/wp\/v2\/media?parent=64254"}],"wp:term":[{"taxonomy":"product_brand","embeddable":true,"href":"https:\/\/bozza.com\/en\/wp-json\/wp\/v2\/product_brand?post=64254"},{"taxonomy":"product_cat","embeddable":true,"href":"https:\/\/bozza.com\/en\/wp-json\/wp\/v2\/product_cat?post=64254"},{"taxonomy":"product_tag","embeddable":true,"href":"https:\/\/bozza.com\/en\/wp-json\/wp\/v2\/product_tag?post=64254"}],"curies":[{"name":"wp","href":"https:\/\/api.w.org\/{rel}","templated":true}]}}