{"id":64261,"date":"2024-05-29T15:39:04","date_gmt":"2024-05-29T18:39:04","guid":{"rendered":"https:\/\/www.bozza.com\/?post_type=product&#038;p=64261"},"modified":"2026-02-09T21:55:32","modified_gmt":"2026-02-10T00:55:32","slug":"manual-grease-pump-8620-g4-15kg","status":"publish","type":"product","link":"https:\/\/bozza.com\/en\/produto\/manual-grease-pump-8620-g4-15kg\/","title":{"rendered":"Manual Grease Pump 8620-G4 15Kg"},"content":{"rendered":"<ul>\n<li>Container: 15 kg;<\/li>\n<li>Free flow: 12 g\/cycle;<\/li>\n<li>Product outlet: 1\/4&#8243; NPT female thread;<\/li>\n<li>Maximum pressure of 3,500 PSI (241 BAR);<\/li>\n<li>Compatibility: grease consistency up to NLGI grade 2;<\/li>\n<\/ul>\n","protected":false},"excerpt":{"rendered":"<p>Mobile manual grease pump, with compactor and spring, recommended for customers who do not have compressed air, application in difficult to access places and that have an average volume of consumption. Suitable for all market segments, mainly on construction sites, farms, earthmoving, heavy machinery rentals, etc.<\/p>\n<div><\/div>\n","protected":false},"featured_media":56714,"template":"","meta":{"_acf_changed":false},"product_brand":[],"product_cat":[463,1006,460,459],"product_tag":[149,477,513],"class_list":{"0":"post-64261","1":"product","2":"type-product","3":"status-publish","4":"has-post-thumbnail","6":"product_cat-all-products","7":"product_cat-for-grease","8":"product_cat-manual-pump","9":"product_cat-pumps-g4","10":"product_tag-grease","11":"product_tag-graxa-en","12":"product_tag-manual-en","14":"first","15":"instock","16":"shipping-taxable","17":"product-type-simple"},"acf":[],"yoast_head":"<!-- This site is optimized with the Yoast SEO plugin v26.9 - https:\/\/yoast.com\/product\/yoast-seo-wordpress\/ -->\n<title>Manual Grease Pump 8620-G4 15Kg | Bozza<\/title>\n<meta name=\"robots\" content=\"index, follow, max-snippet:-1, max-image-preview:large, max-video-preview:-1\" \/>\n<link rel=\"canonical\" href=\"https:\/\/bozza.com\/en\/produto\/manual-grease-pump-8620-g4-15kg\/\" \/>\n<meta property=\"og:locale\" content=\"en_US\" \/>\n<meta property=\"og:type\" content=\"article\" \/>\n<meta property=\"og:title\" content=\"Manual Grease Pump 8620-G4 15Kg | Bozza\" \/>\n<meta property=\"og:description\" content=\"Mobile manual grease pump, with compactor and spring, recommended for customers who do not have compressed air, application in difficult to access places and that have an average volume of consumption. Suitable for all market segments, mainly on construction sites, farms, earthmoving, heavy machinery rentals, etc.\" \/>\n<meta property=\"og:url\" content=\"https:\/\/bozza.com\/en\/produto\/manual-grease-pump-8620-g4-15kg\/\" \/>\n<meta property=\"og:site_name\" content=\"Bozza\" \/>\n<meta property=\"article:publisher\" content=\"https:\/\/www.facebook.com\/bozza.oficial\/\" \/>\n<meta property=\"article:modified_time\" content=\"2026-02-10T00:55:32+00:00\" \/>\n<meta property=\"og:image\" content=\"https:\/\/bozza.com\/wp-content\/uploads\/2018\/09\/8620-G3-2023.png\" \/>\n\t<meta property=\"og:image:width\" content=\"2000\" \/>\n\t<meta property=\"og:image:height\" content=\"2000\" \/>\n\t<meta property=\"og:image:type\" content=\"image\/png\" \/>\n<meta name=\"twitter:card\" content=\"summary_large_image\" \/>\n<meta name=\"twitter:label1\" content=\"Est. reading time\" \/>\n\t<meta name=\"twitter:data1\" content=\"1 minute\" \/>\n<script type=\"application\/ld+json\" class=\"yoast-schema-graph\">{\"@context\":\"https:\/\/schema.org\",\"@graph\":[{\"@type\":\"WebPage\",\"@id\":\"https:\/\/bozza.com\/en\/produto\/manual-grease-pump-8620-g4-15kg\/\",\"url\":\"https:\/\/bozza.com\/en\/produto\/manual-grease-pump-8620-g4-15kg\/\",\"name\":\"Manual Grease Pump 8620-G4 15Kg | Bozza\",\"isPartOf\":{\"@id\":\"https:\/\/bozza.com\/#website\"},\"primaryImageOfPage\":{\"@id\":\"https:\/\/bozza.com\/en\/produto\/manual-grease-pump-8620-g4-15kg\/#primaryimage\"},\"image\":{\"@id\":\"https:\/\/bozza.com\/en\/produto\/manual-grease-pump-8620-g4-15kg\/#primaryimage\"},\"thumbnailUrl\":\"https:\/\/bozza.com\/wp-content\/uploads\/2018\/09\/8620-G3-2023.png\",\"datePublished\":\"2024-05-29T18:39:04+00:00\",\"dateModified\":\"2026-02-10T00:55:32+00:00\",\"breadcrumb\":{\"@id\":\"https:\/\/bozza.com\/en\/produto\/manual-grease-pump-8620-g4-15kg\/#breadcrumb\"},\"inLanguage\":\"en-US\",\"potentialAction\":[{\"@type\":\"ReadAction\",\"target\":[\"https:\/\/bozza.com\/en\/produto\/manual-grease-pump-8620-g4-15kg\/\"]}]},{\"@type\":\"ImageObject\",\"inLanguage\":\"en-US\",\"@id\":\"https:\/\/bozza.com\/en\/produto\/manual-grease-pump-8620-g4-15kg\/#primaryimage\",\"url\":\"https:\/\/bozza.com\/wp-content\/uploads\/2018\/09\/8620-G3-2023.png\",\"contentUrl\":\"https:\/\/bozza.com\/wp-content\/uploads\/2018\/09\/8620-G3-2023.png\",\"width\":2000,\"height\":2000,\"caption\":\"Bomba manual_8620-G3-2023\"},{\"@type\":\"BreadcrumbList\",\"@id\":\"https:\/\/bozza.com\/en\/produto\/manual-grease-pump-8620-g4-15kg\/#breadcrumb\",\"itemListElement\":[{\"@type\":\"ListItem\",\"position\":1,\"name\":\"In\u00edcio\",\"item\":\"https:\/\/bozza.com\/\"},{\"@type\":\"ListItem\",\"position\":2,\"name\":\"Produtos\",\"item\":\"https:\/\/bozza.com\/?page_id=70036\"},{\"@type\":\"ListItem\",\"position\":3,\"name\":\"Manual Grease Pump 8620-G4 15Kg\"}]},{\"@type\":\"WebSite\",\"@id\":\"https:\/\/bozza.com\/#website\",\"url\":\"https:\/\/bozza.com\/\",\"name\":\"Bozza\",\"description\":\"Solu\u00e7\u00f5es em Lubrifica\u00e7\u00e3o\",\"publisher\":{\"@id\":\"https:\/\/bozza.com\/#organization\"},\"potentialAction\":[{\"@type\":\"SearchAction\",\"target\":{\"@type\":\"EntryPoint\",\"urlTemplate\":\"https:\/\/bozza.com\/?s={search_term_string}\"},\"query-input\":{\"@type\":\"PropertyValueSpecification\",\"valueRequired\":true,\"valueName\":\"search_term_string\"}}],\"inLanguage\":\"en-US\"},{\"@type\":\"Organization\",\"@id\":\"https:\/\/bozza.com\/#organization\",\"name\":\"Bozza\",\"url\":\"https:\/\/bozza.com\/\",\"logo\":{\"@type\":\"ImageObject\",\"inLanguage\":\"en-US\",\"@id\":\"https:\/\/bozza.com\/#\/schema\/logo\/image\/\",\"url\":\"\",\"contentUrl\":\"\",\"caption\":\"Bozza\"},\"image\":{\"@id\":\"https:\/\/bozza.com\/#\/schema\/logo\/image\/\"},\"sameAs\":[\"https:\/\/www.facebook.com\/bozza.oficial\/\",\"https:\/\/www.instagram.com\/bozzaoficial\/\",\"https:\/\/www.linkedin.com\/company\/bozza\/\",\"https:\/\/www.youtube.com\/channel\/UCQRiHYNpM4VQWF9YxVgSTsw?view_as=subscriber\"]}]}<\/script>\n<!-- \/ Yoast SEO plugin. -->","yoast_head_json":{"title":"Manual Grease Pump 8620-G4 15Kg | Bozza","robots":{"index":"index","follow":"follow","max-snippet":"max-snippet:-1","max-image-preview":"max-image-preview:large","max-video-preview":"max-video-preview:-1"},"canonical":"https:\/\/bozza.com\/en\/produto\/manual-grease-pump-8620-g4-15kg\/","og_locale":"en_US","og_type":"article","og_title":"Manual Grease Pump 8620-G4 15Kg | Bozza","og_description":"Mobile manual grease pump, with compactor and spring, recommended for customers who do not have compressed air, application in difficult to access places and that have an average volume of consumption. Suitable for all market segments, mainly on construction sites, farms, earthmoving, heavy machinery rentals, etc.","og_url":"https:\/\/bozza.com\/en\/produto\/manual-grease-pump-8620-g4-15kg\/","og_site_name":"Bozza","article_publisher":"https:\/\/www.facebook.com\/bozza.oficial\/","article_modified_time":"2026-02-10T00:55:32+00:00","og_image":[{"width":2000,"height":2000,"url":"https:\/\/bozza.com\/wp-content\/uploads\/2018\/09\/8620-G3-2023.png","type":"image\/png"}],"twitter_card":"summary_large_image","twitter_misc":{"Est. reading time":"1 minute"},"schema":{"@context":"https:\/\/schema.org","@graph":[{"@type":"WebPage","@id":"https:\/\/bozza.com\/en\/produto\/manual-grease-pump-8620-g4-15kg\/","url":"https:\/\/bozza.com\/en\/produto\/manual-grease-pump-8620-g4-15kg\/","name":"Manual Grease Pump 8620-G4 15Kg | Bozza","isPartOf":{"@id":"https:\/\/bozza.com\/#website"},"primaryImageOfPage":{"@id":"https:\/\/bozza.com\/en\/produto\/manual-grease-pump-8620-g4-15kg\/#primaryimage"},"image":{"@id":"https:\/\/bozza.com\/en\/produto\/manual-grease-pump-8620-g4-15kg\/#primaryimage"},"thumbnailUrl":"https:\/\/bozza.com\/wp-content\/uploads\/2018\/09\/8620-G3-2023.png","datePublished":"2024-05-29T18:39:04+00:00","dateModified":"2026-02-10T00:55:32+00:00","breadcrumb":{"@id":"https:\/\/bozza.com\/en\/produto\/manual-grease-pump-8620-g4-15kg\/#breadcrumb"},"inLanguage":"en-US","potentialAction":[{"@type":"ReadAction","target":["https:\/\/bozza.com\/en\/produto\/manual-grease-pump-8620-g4-15kg\/"]}]},{"@type":"ImageObject","inLanguage":"en-US","@id":"https:\/\/bozza.com\/en\/produto\/manual-grease-pump-8620-g4-15kg\/#primaryimage","url":"https:\/\/bozza.com\/wp-content\/uploads\/2018\/09\/8620-G3-2023.png","contentUrl":"https:\/\/bozza.com\/wp-content\/uploads\/2018\/09\/8620-G3-2023.png","width":2000,"height":2000,"caption":"Bomba manual_8620-G3-2023"},{"@type":"BreadcrumbList","@id":"https:\/\/bozza.com\/en\/produto\/manual-grease-pump-8620-g4-15kg\/#breadcrumb","itemListElement":[{"@type":"ListItem","position":1,"name":"In\u00edcio","item":"https:\/\/bozza.com\/"},{"@type":"ListItem","position":2,"name":"Produtos","item":"https:\/\/bozza.com\/?page_id=70036"},{"@type":"ListItem","position":3,"name":"Manual Grease Pump 8620-G4 15Kg"}]},{"@type":"WebSite","@id":"https:\/\/bozza.com\/#website","url":"https:\/\/bozza.com\/","name":"Bozza","description":"Solu\u00e7\u00f5es em Lubrifica\u00e7\u00e3o","publisher":{"@id":"https:\/\/bozza.com\/#organization"},"potentialAction":[{"@type":"SearchAction","target":{"@type":"EntryPoint","urlTemplate":"https:\/\/bozza.com\/?s={search_term_string}"},"query-input":{"@type":"PropertyValueSpecification","valueRequired":true,"valueName":"search_term_string"}}],"inLanguage":"en-US"},{"@type":"Organization","@id":"https:\/\/bozza.com\/#organization","name":"Bozza","url":"https:\/\/bozza.com\/","logo":{"@type":"ImageObject","inLanguage":"en-US","@id":"https:\/\/bozza.com\/#\/schema\/logo\/image\/","url":"","contentUrl":"","caption":"Bozza"},"image":{"@id":"https:\/\/bozza.com\/#\/schema\/logo\/image\/"},"sameAs":["https:\/\/www.facebook.com\/bozza.oficial\/","https:\/\/www.instagram.com\/bozzaoficial\/","https:\/\/www.linkedin.com\/company\/bozza\/","https:\/\/www.youtube.com\/channel\/UCQRiHYNpM4VQWF9YxVgSTsw?view_as=subscriber"]}]}},"_links":{"self":[{"href":"https:\/\/bozza.com\/en\/wp-json\/wp\/v2\/product\/64261","targetHints":{"allow":["GET"]}}],"collection":[{"href":"https:\/\/bozza.com\/en\/wp-json\/wp\/v2\/product"}],"about":[{"href":"https:\/\/bozza.com\/en\/wp-json\/wp\/v2\/types\/product"}],"wp:featuredmedia":[{"embeddable":true,"href":"https:\/\/bozza.com\/en\/wp-json\/wp\/v2\/media\/56714"}],"wp:attachment":[{"href":"https:\/\/bozza.com\/en\/wp-json\/wp\/v2\/media?parent=64261"}],"wp:term":[{"taxonomy":"product_brand","embeddable":true,"href":"https:\/\/bozza.com\/en\/wp-json\/wp\/v2\/product_brand?post=64261"},{"taxonomy":"product_cat","embeddable":true,"href":"https:\/\/bozza.com\/en\/wp-json\/wp\/v2\/product_cat?post=64261"},{"taxonomy":"product_tag","embeddable":true,"href":"https:\/\/bozza.com\/en\/wp-json\/wp\/v2\/product_tag?post=64261"}],"curies":[{"name":"wp","href":"https:\/\/api.w.org\/{rel}","templated":true}]}}