{"id":64262,"date":"2024-05-29T15:39:03","date_gmt":"2024-05-29T18:39:03","guid":{"rendered":"https:\/\/www.bozza.com\/produto\/bomba-manual-para-graxa-8022-r20-g4-20kg\/"},"modified":"2026-03-19T08:54:58","modified_gmt":"2026-03-19T11:54:58","slug":"bomba-manual-para-graxa-8022-r20-g4-20kg","status":"publish","type":"product","link":"https:\/\/bozza.com\/en\/produto\/bomba-manual-para-graxa-8022-r20-g4-20kg\/","title":{"rendered":"Manual Grease Pump 8022-R20-G4 20kg"},"content":{"rendered":"<ul>\n<li>Container: 20 kg;<\/li>\n<li>Free flow: 15 g\/cycle;<\/li>\n<li>Product outlet: 1\/4&#8243; NPT female thread;<\/li>\n<li>Maximum pressure: 3,500 PSI (241 BAR);<\/li>\n<li>Compatibility: grease consistency up to NLGI grade 2;<\/li>\n<\/ul>\n","protected":false},"excerpt":{"rendered":"<p>Manual pump for grease, with compactor and spring. Ideal for customers who do not have compressed air on site. Suitable for application on hard-to-reach areas, with an average consumption volume. Recommended for every market segment, especially at construction sites, farms, earthmoving, heavy machinery rental companies, among others.<\/p>\n","protected":false},"featured_media":62872,"template":"","meta":{"_acf_changed":false},"product_brand":[],"product_cat":[463,1006,460,459],"product_tag":[149,477,513],"class_list":{"0":"post-64262","1":"product","2":"type-product","3":"status-publish","4":"has-post-thumbnail","6":"product_cat-all-products","7":"product_cat-for-grease","8":"product_cat-manual-pump","9":"product_cat-pumps-g4","10":"product_tag-grease","11":"product_tag-graxa-en","12":"product_tag-manual-en","14":"first","15":"instock","16":"shipping-taxable","17":"product-type-simple"},"acf":[],"yoast_head":"<!-- This site is optimized with the Yoast SEO plugin v26.9 - https:\/\/yoast.com\/product\/yoast-seo-wordpress\/ -->\n<title>Manual Grease Pump 8022-R20-G4 20kg | Bozza<\/title>\n<meta name=\"robots\" content=\"index, follow, max-snippet:-1, max-image-preview:large, max-video-preview:-1\" \/>\n<link rel=\"canonical\" href=\"https:\/\/bozza.com\/en\/produto\/bomba-manual-para-graxa-8022-r20-g4-20kg\/\" \/>\n<meta property=\"og:locale\" content=\"en_US\" \/>\n<meta property=\"og:type\" content=\"article\" \/>\n<meta property=\"og:title\" content=\"Manual Grease Pump 8022-R20-G4 20kg | Bozza\" \/>\n<meta property=\"og:description\" content=\"Manual pump for grease, with compactor and spring. Ideal for customers who do not have compressed air on site. Suitable for application on hard-to-reach areas, with an average consumption volume. Recommended for every market segment, especially at construction sites, farms, earthmoving, heavy machinery rental companies, among others.\" \/>\n<meta property=\"og:url\" content=\"https:\/\/bozza.com\/en\/produto\/bomba-manual-para-graxa-8022-r20-g4-20kg\/\" \/>\n<meta property=\"og:site_name\" content=\"Bozza\" \/>\n<meta property=\"article:publisher\" content=\"https:\/\/www.facebook.com\/bozza.oficial\/\" \/>\n<meta property=\"article:modified_time\" content=\"2026-03-19T11:54:58+00:00\" \/>\n<meta property=\"og:image\" content=\"https:\/\/bozza.com\/wp-content\/uploads\/2024\/05\/01.210.0206_8022-R20-G4.jpg\" \/>\n\t<meta property=\"og:image:width\" content=\"1080\" \/>\n\t<meta property=\"og:image:height\" content=\"1080\" \/>\n\t<meta property=\"og:image:type\" content=\"image\/jpeg\" \/>\n<meta name=\"twitter:card\" content=\"summary_large_image\" \/>\n<meta name=\"twitter:label1\" content=\"Est. reading time\" \/>\n\t<meta name=\"twitter:data1\" content=\"1 minute\" \/>\n<script type=\"application\/ld+json\" class=\"yoast-schema-graph\">{\"@context\":\"https:\/\/schema.org\",\"@graph\":[{\"@type\":\"WebPage\",\"@id\":\"https:\/\/bozza.com\/en\/produto\/bomba-manual-para-graxa-8022-r20-g4-20kg\/\",\"url\":\"https:\/\/bozza.com\/en\/produto\/bomba-manual-para-graxa-8022-r20-g4-20kg\/\",\"name\":\"Manual Grease Pump 8022-R20-G4 20kg | Bozza\",\"isPartOf\":{\"@id\":\"https:\/\/bozza.com\/#website\"},\"primaryImageOfPage\":{\"@id\":\"https:\/\/bozza.com\/en\/produto\/bomba-manual-para-graxa-8022-r20-g4-20kg\/#primaryimage\"},\"image\":{\"@id\":\"https:\/\/bozza.com\/en\/produto\/bomba-manual-para-graxa-8022-r20-g4-20kg\/#primaryimage\"},\"thumbnailUrl\":\"https:\/\/bozza.com\/wp-content\/uploads\/2024\/05\/01.210.0206_8022-R20-G4.jpg\",\"datePublished\":\"2024-05-29T18:39:03+00:00\",\"dateModified\":\"2026-03-19T11:54:58+00:00\",\"breadcrumb\":{\"@id\":\"https:\/\/bozza.com\/en\/produto\/bomba-manual-para-graxa-8022-r20-g4-20kg\/#breadcrumb\"},\"inLanguage\":\"en-US\",\"potentialAction\":[{\"@type\":\"ReadAction\",\"target\":[\"https:\/\/bozza.com\/en\/produto\/bomba-manual-para-graxa-8022-r20-g4-20kg\/\"]}]},{\"@type\":\"ImageObject\",\"inLanguage\":\"en-US\",\"@id\":\"https:\/\/bozza.com\/en\/produto\/bomba-manual-para-graxa-8022-r20-g4-20kg\/#primaryimage\",\"url\":\"https:\/\/bozza.com\/wp-content\/uploads\/2024\/05\/01.210.0206_8022-R20-G4.jpg\",\"contentUrl\":\"https:\/\/bozza.com\/wp-content\/uploads\/2024\/05\/01.210.0206_8022-R20-G4.jpg\",\"width\":1080,\"height\":1080},{\"@type\":\"BreadcrumbList\",\"@id\":\"https:\/\/bozza.com\/en\/produto\/bomba-manual-para-graxa-8022-r20-g4-20kg\/#breadcrumb\",\"itemListElement\":[{\"@type\":\"ListItem\",\"position\":1,\"name\":\"In\u00edcio\",\"item\":\"https:\/\/bozza.com\/\"},{\"@type\":\"ListItem\",\"position\":2,\"name\":\"Produtos\",\"item\":\"https:\/\/bozza.com\/?page_id=70036\"},{\"@type\":\"ListItem\",\"position\":3,\"name\":\"Manual Grease Pump 8022-R20-G4 20kg\"}]},{\"@type\":\"WebSite\",\"@id\":\"https:\/\/bozza.com\/#website\",\"url\":\"https:\/\/bozza.com\/\",\"name\":\"Bozza\",\"description\":\"Solu\u00e7\u00f5es em Lubrifica\u00e7\u00e3o\",\"publisher\":{\"@id\":\"https:\/\/bozza.com\/#organization\"},\"potentialAction\":[{\"@type\":\"SearchAction\",\"target\":{\"@type\":\"EntryPoint\",\"urlTemplate\":\"https:\/\/bozza.com\/?s={search_term_string}\"},\"query-input\":{\"@type\":\"PropertyValueSpecification\",\"valueRequired\":true,\"valueName\":\"search_term_string\"}}],\"inLanguage\":\"en-US\"},{\"@type\":\"Organization\",\"@id\":\"https:\/\/bozza.com\/#organization\",\"name\":\"Bozza\",\"url\":\"https:\/\/bozza.com\/\",\"logo\":{\"@type\":\"ImageObject\",\"inLanguage\":\"en-US\",\"@id\":\"https:\/\/bozza.com\/#\/schema\/logo\/image\/\",\"url\":\"\",\"contentUrl\":\"\",\"caption\":\"Bozza\"},\"image\":{\"@id\":\"https:\/\/bozza.com\/#\/schema\/logo\/image\/\"},\"sameAs\":[\"https:\/\/www.facebook.com\/bozza.oficial\/\",\"https:\/\/www.instagram.com\/bozzaoficial\/\",\"https:\/\/www.linkedin.com\/company\/bozza\/\",\"https:\/\/www.youtube.com\/channel\/UCQRiHYNpM4VQWF9YxVgSTsw?view_as=subscriber\"]}]}<\/script>\n<!-- \/ Yoast SEO plugin. -->","yoast_head_json":{"title":"Manual Grease Pump 8022-R20-G4 20kg | Bozza","robots":{"index":"index","follow":"follow","max-snippet":"max-snippet:-1","max-image-preview":"max-image-preview:large","max-video-preview":"max-video-preview:-1"},"canonical":"https:\/\/bozza.com\/en\/produto\/bomba-manual-para-graxa-8022-r20-g4-20kg\/","og_locale":"en_US","og_type":"article","og_title":"Manual Grease Pump 8022-R20-G4 20kg | Bozza","og_description":"Manual pump for grease, with compactor and spring. Ideal for customers who do not have compressed air on site. Suitable for application on hard-to-reach areas, with an average consumption volume. Recommended for every market segment, especially at construction sites, farms, earthmoving, heavy machinery rental companies, among others.","og_url":"https:\/\/bozza.com\/en\/produto\/bomba-manual-para-graxa-8022-r20-g4-20kg\/","og_site_name":"Bozza","article_publisher":"https:\/\/www.facebook.com\/bozza.oficial\/","article_modified_time":"2026-03-19T11:54:58+00:00","og_image":[{"width":1080,"height":1080,"url":"https:\/\/bozza.com\/wp-content\/uploads\/2024\/05\/01.210.0206_8022-R20-G4.jpg","type":"image\/jpeg"}],"twitter_card":"summary_large_image","twitter_misc":{"Est. reading time":"1 minute"},"schema":{"@context":"https:\/\/schema.org","@graph":[{"@type":"WebPage","@id":"https:\/\/bozza.com\/en\/produto\/bomba-manual-para-graxa-8022-r20-g4-20kg\/","url":"https:\/\/bozza.com\/en\/produto\/bomba-manual-para-graxa-8022-r20-g4-20kg\/","name":"Manual Grease Pump 8022-R20-G4 20kg | Bozza","isPartOf":{"@id":"https:\/\/bozza.com\/#website"},"primaryImageOfPage":{"@id":"https:\/\/bozza.com\/en\/produto\/bomba-manual-para-graxa-8022-r20-g4-20kg\/#primaryimage"},"image":{"@id":"https:\/\/bozza.com\/en\/produto\/bomba-manual-para-graxa-8022-r20-g4-20kg\/#primaryimage"},"thumbnailUrl":"https:\/\/bozza.com\/wp-content\/uploads\/2024\/05\/01.210.0206_8022-R20-G4.jpg","datePublished":"2024-05-29T18:39:03+00:00","dateModified":"2026-03-19T11:54:58+00:00","breadcrumb":{"@id":"https:\/\/bozza.com\/en\/produto\/bomba-manual-para-graxa-8022-r20-g4-20kg\/#breadcrumb"},"inLanguage":"en-US","potentialAction":[{"@type":"ReadAction","target":["https:\/\/bozza.com\/en\/produto\/bomba-manual-para-graxa-8022-r20-g4-20kg\/"]}]},{"@type":"ImageObject","inLanguage":"en-US","@id":"https:\/\/bozza.com\/en\/produto\/bomba-manual-para-graxa-8022-r20-g4-20kg\/#primaryimage","url":"https:\/\/bozza.com\/wp-content\/uploads\/2024\/05\/01.210.0206_8022-R20-G4.jpg","contentUrl":"https:\/\/bozza.com\/wp-content\/uploads\/2024\/05\/01.210.0206_8022-R20-G4.jpg","width":1080,"height":1080},{"@type":"BreadcrumbList","@id":"https:\/\/bozza.com\/en\/produto\/bomba-manual-para-graxa-8022-r20-g4-20kg\/#breadcrumb","itemListElement":[{"@type":"ListItem","position":1,"name":"In\u00edcio","item":"https:\/\/bozza.com\/"},{"@type":"ListItem","position":2,"name":"Produtos","item":"https:\/\/bozza.com\/?page_id=70036"},{"@type":"ListItem","position":3,"name":"Manual Grease Pump 8022-R20-G4 20kg"}]},{"@type":"WebSite","@id":"https:\/\/bozza.com\/#website","url":"https:\/\/bozza.com\/","name":"Bozza","description":"Solu\u00e7\u00f5es em Lubrifica\u00e7\u00e3o","publisher":{"@id":"https:\/\/bozza.com\/#organization"},"potentialAction":[{"@type":"SearchAction","target":{"@type":"EntryPoint","urlTemplate":"https:\/\/bozza.com\/?s={search_term_string}"},"query-input":{"@type":"PropertyValueSpecification","valueRequired":true,"valueName":"search_term_string"}}],"inLanguage":"en-US"},{"@type":"Organization","@id":"https:\/\/bozza.com\/#organization","name":"Bozza","url":"https:\/\/bozza.com\/","logo":{"@type":"ImageObject","inLanguage":"en-US","@id":"https:\/\/bozza.com\/#\/schema\/logo\/image\/","url":"","contentUrl":"","caption":"Bozza"},"image":{"@id":"https:\/\/bozza.com\/#\/schema\/logo\/image\/"},"sameAs":["https:\/\/www.facebook.com\/bozza.oficial\/","https:\/\/www.instagram.com\/bozzaoficial\/","https:\/\/www.linkedin.com\/company\/bozza\/","https:\/\/www.youtube.com\/channel\/UCQRiHYNpM4VQWF9YxVgSTsw?view_as=subscriber"]}]}},"_links":{"self":[{"href":"https:\/\/bozza.com\/en\/wp-json\/wp\/v2\/product\/64262","targetHints":{"allow":["GET"]}}],"collection":[{"href":"https:\/\/bozza.com\/en\/wp-json\/wp\/v2\/product"}],"about":[{"href":"https:\/\/bozza.com\/en\/wp-json\/wp\/v2\/types\/product"}],"wp:featuredmedia":[{"embeddable":true,"href":"https:\/\/bozza.com\/en\/wp-json\/wp\/v2\/media\/62872"}],"wp:attachment":[{"href":"https:\/\/bozza.com\/en\/wp-json\/wp\/v2\/media?parent=64262"}],"wp:term":[{"taxonomy":"product_brand","embeddable":true,"href":"https:\/\/bozza.com\/en\/wp-json\/wp\/v2\/product_brand?post=64262"},{"taxonomy":"product_cat","embeddable":true,"href":"https:\/\/bozza.com\/en\/wp-json\/wp\/v2\/product_cat?post=64262"},{"taxonomy":"product_tag","embeddable":true,"href":"https:\/\/bozza.com\/en\/wp-json\/wp\/v2\/product_tag?post=64262"}],"curies":[{"name":"wp","href":"https:\/\/api.w.org\/{rel}","templated":true}]}}