{"id":64268,"date":"2024-05-29T15:38:57","date_gmt":"2024-05-29T18:38:57","guid":{"rendered":"https:\/\/www.bozza.com\/produto\/bomba-manual-para-oleo-8631-r20-g4-20l\/"},"modified":"2026-03-19T08:55:47","modified_gmt":"2026-03-19T11:55:47","slug":"bomba-manual-para-oleo-8631-r20-g4-20l","status":"publish","type":"product","link":"https:\/\/bozza.com\/en\/produto\/bomba-manual-para-oleo-8631-r20-g4-20l\/","title":{"rendered":"Manual Oil Pump 8631-R20-G4 20L"},"content":{"rendered":"<ul>\n<li>Container: 20 L;<\/li>\n<li>Free flow: 0.125L\/cycle;<\/li>\n<li>Compatibility: lubricating oil with viscosity up to SAE-90;<\/li>\n<\/ul>\n","protected":false},"excerpt":{"rendered":"<p>Mobile manual pump for transferring lubricating oil for gearboxes and differentials, with lever system, suitable for the markets of service stations, dealerships, transport companies in general, which do not have compressed air.<\/p>\n","protected":false},"featured_media":62887,"template":"","meta":{"_acf_changed":false},"product_brand":[],"product_cat":[463,1008,460,459],"product_tag":[513,264,1032],"class_list":{"0":"post-64268","1":"product","2":"type-product","3":"status-publish","4":"has-post-thumbnail","6":"product_cat-all-products","7":"product_cat-for-oil","8":"product_cat-manual-pump","9":"product_cat-pumps-g4","10":"product_tag-manual-en","11":"product_tag-oleo-en","12":"product_tag-oleo-en-2","14":"first","15":"instock","16":"shipping-taxable","17":"product-type-simple"},"acf":[],"yoast_head":"<!-- This site is optimized with the Yoast SEO plugin v26.9 - https:\/\/yoast.com\/product\/yoast-seo-wordpress\/ -->\n<title>Manual Oil Pump 8631-R20-G4 20L | Bozza<\/title>\n<meta name=\"robots\" content=\"index, follow, max-snippet:-1, max-image-preview:large, max-video-preview:-1\" \/>\n<link rel=\"canonical\" href=\"https:\/\/bozza.com\/en\/produto\/bomba-manual-para-oleo-8631-r20-g4-20l\/\" \/>\n<meta property=\"og:locale\" content=\"en_US\" \/>\n<meta property=\"og:type\" content=\"article\" \/>\n<meta property=\"og:title\" content=\"Manual Oil Pump 8631-R20-G4 20L | Bozza\" \/>\n<meta property=\"og:description\" content=\"Mobile manual pump for transferring lubricating oil for gearboxes and differentials, with lever system, suitable for the markets of service stations, dealerships, transport companies in general, which do not have compressed air.\" \/>\n<meta property=\"og:url\" content=\"https:\/\/bozza.com\/en\/produto\/bomba-manual-para-oleo-8631-r20-g4-20l\/\" \/>\n<meta property=\"og:site_name\" content=\"Bozza\" \/>\n<meta property=\"article:publisher\" content=\"https:\/\/www.facebook.com\/bozza.oficial\/\" \/>\n<meta property=\"article:modified_time\" content=\"2026-03-19T11:55:47+00:00\" \/>\n<meta property=\"og:image\" content=\"https:\/\/bozza.com\/wp-content\/uploads\/2024\/05\/01.210.0202_8631-G4_BOZZA-scaled.jpg\" \/>\n\t<meta property=\"og:image:width\" content=\"2560\" \/>\n\t<meta property=\"og:image:height\" content=\"2560\" \/>\n\t<meta property=\"og:image:type\" content=\"image\/jpeg\" \/>\n<meta name=\"twitter:card\" content=\"summary_large_image\" \/>\n<meta name=\"twitter:label1\" content=\"Est. reading time\" \/>\n\t<meta name=\"twitter:data1\" content=\"1 minute\" \/>\n<script type=\"application\/ld+json\" class=\"yoast-schema-graph\">{\"@context\":\"https:\/\/schema.org\",\"@graph\":[{\"@type\":\"WebPage\",\"@id\":\"https:\/\/bozza.com\/en\/produto\/bomba-manual-para-oleo-8631-r20-g4-20l\/\",\"url\":\"https:\/\/bozza.com\/en\/produto\/bomba-manual-para-oleo-8631-r20-g4-20l\/\",\"name\":\"Manual Oil Pump 8631-R20-G4 20L | Bozza\",\"isPartOf\":{\"@id\":\"https:\/\/bozza.com\/#website\"},\"primaryImageOfPage\":{\"@id\":\"https:\/\/bozza.com\/en\/produto\/bomba-manual-para-oleo-8631-r20-g4-20l\/#primaryimage\"},\"image\":{\"@id\":\"https:\/\/bozza.com\/en\/produto\/bomba-manual-para-oleo-8631-r20-g4-20l\/#primaryimage\"},\"thumbnailUrl\":\"https:\/\/bozza.com\/wp-content\/uploads\/2024\/05\/01.210.0202_8631-G4_BOZZA-scaled.jpg\",\"datePublished\":\"2024-05-29T18:38:57+00:00\",\"dateModified\":\"2026-03-19T11:55:47+00:00\",\"breadcrumb\":{\"@id\":\"https:\/\/bozza.com\/en\/produto\/bomba-manual-para-oleo-8631-r20-g4-20l\/#breadcrumb\"},\"inLanguage\":\"en-US\",\"potentialAction\":[{\"@type\":\"ReadAction\",\"target\":[\"https:\/\/bozza.com\/en\/produto\/bomba-manual-para-oleo-8631-r20-g4-20l\/\"]}]},{\"@type\":\"ImageObject\",\"inLanguage\":\"en-US\",\"@id\":\"https:\/\/bozza.com\/en\/produto\/bomba-manual-para-oleo-8631-r20-g4-20l\/#primaryimage\",\"url\":\"https:\/\/bozza.com\/wp-content\/uploads\/2024\/05\/01.210.0202_8631-G4_BOZZA-scaled.jpg\",\"contentUrl\":\"https:\/\/bozza.com\/wp-content\/uploads\/2024\/05\/01.210.0202_8631-G4_BOZZA-scaled.jpg\",\"width\":2560,\"height\":2560},{\"@type\":\"BreadcrumbList\",\"@id\":\"https:\/\/bozza.com\/en\/produto\/bomba-manual-para-oleo-8631-r20-g4-20l\/#breadcrumb\",\"itemListElement\":[{\"@type\":\"ListItem\",\"position\":1,\"name\":\"In\u00edcio\",\"item\":\"https:\/\/bozza.com\/\"},{\"@type\":\"ListItem\",\"position\":2,\"name\":\"Produtos\",\"item\":\"https:\/\/bozza.com\/?page_id=70036\"},{\"@type\":\"ListItem\",\"position\":3,\"name\":\"Manual Oil Pump 8631-R20-G4 20L\"}]},{\"@type\":\"WebSite\",\"@id\":\"https:\/\/bozza.com\/#website\",\"url\":\"https:\/\/bozza.com\/\",\"name\":\"Bozza\",\"description\":\"Solu\u00e7\u00f5es em Lubrifica\u00e7\u00e3o\",\"publisher\":{\"@id\":\"https:\/\/bozza.com\/#organization\"},\"potentialAction\":[{\"@type\":\"SearchAction\",\"target\":{\"@type\":\"EntryPoint\",\"urlTemplate\":\"https:\/\/bozza.com\/?s={search_term_string}\"},\"query-input\":{\"@type\":\"PropertyValueSpecification\",\"valueRequired\":true,\"valueName\":\"search_term_string\"}}],\"inLanguage\":\"en-US\"},{\"@type\":\"Organization\",\"@id\":\"https:\/\/bozza.com\/#organization\",\"name\":\"Bozza\",\"url\":\"https:\/\/bozza.com\/\",\"logo\":{\"@type\":\"ImageObject\",\"inLanguage\":\"en-US\",\"@id\":\"https:\/\/bozza.com\/#\/schema\/logo\/image\/\",\"url\":\"\",\"contentUrl\":\"\",\"caption\":\"Bozza\"},\"image\":{\"@id\":\"https:\/\/bozza.com\/#\/schema\/logo\/image\/\"},\"sameAs\":[\"https:\/\/www.facebook.com\/bozza.oficial\/\",\"https:\/\/www.instagram.com\/bozzaoficial\/\",\"https:\/\/www.linkedin.com\/company\/bozza\/\",\"https:\/\/www.youtube.com\/channel\/UCQRiHYNpM4VQWF9YxVgSTsw?view_as=subscriber\"]}]}<\/script>\n<!-- \/ Yoast SEO plugin. -->","yoast_head_json":{"title":"Manual Oil Pump 8631-R20-G4 20L | Bozza","robots":{"index":"index","follow":"follow","max-snippet":"max-snippet:-1","max-image-preview":"max-image-preview:large","max-video-preview":"max-video-preview:-1"},"canonical":"https:\/\/bozza.com\/en\/produto\/bomba-manual-para-oleo-8631-r20-g4-20l\/","og_locale":"en_US","og_type":"article","og_title":"Manual Oil Pump 8631-R20-G4 20L | Bozza","og_description":"Mobile manual pump for transferring lubricating oil for gearboxes and differentials, with lever system, suitable for the markets of service stations, dealerships, transport companies in general, which do not have compressed air.","og_url":"https:\/\/bozza.com\/en\/produto\/bomba-manual-para-oleo-8631-r20-g4-20l\/","og_site_name":"Bozza","article_publisher":"https:\/\/www.facebook.com\/bozza.oficial\/","article_modified_time":"2026-03-19T11:55:47+00:00","og_image":[{"width":2560,"height":2560,"url":"https:\/\/bozza.com\/wp-content\/uploads\/2024\/05\/01.210.0202_8631-G4_BOZZA-scaled.jpg","type":"image\/jpeg"}],"twitter_card":"summary_large_image","twitter_misc":{"Est. reading time":"1 minute"},"schema":{"@context":"https:\/\/schema.org","@graph":[{"@type":"WebPage","@id":"https:\/\/bozza.com\/en\/produto\/bomba-manual-para-oleo-8631-r20-g4-20l\/","url":"https:\/\/bozza.com\/en\/produto\/bomba-manual-para-oleo-8631-r20-g4-20l\/","name":"Manual Oil Pump 8631-R20-G4 20L | Bozza","isPartOf":{"@id":"https:\/\/bozza.com\/#website"},"primaryImageOfPage":{"@id":"https:\/\/bozza.com\/en\/produto\/bomba-manual-para-oleo-8631-r20-g4-20l\/#primaryimage"},"image":{"@id":"https:\/\/bozza.com\/en\/produto\/bomba-manual-para-oleo-8631-r20-g4-20l\/#primaryimage"},"thumbnailUrl":"https:\/\/bozza.com\/wp-content\/uploads\/2024\/05\/01.210.0202_8631-G4_BOZZA-scaled.jpg","datePublished":"2024-05-29T18:38:57+00:00","dateModified":"2026-03-19T11:55:47+00:00","breadcrumb":{"@id":"https:\/\/bozza.com\/en\/produto\/bomba-manual-para-oleo-8631-r20-g4-20l\/#breadcrumb"},"inLanguage":"en-US","potentialAction":[{"@type":"ReadAction","target":["https:\/\/bozza.com\/en\/produto\/bomba-manual-para-oleo-8631-r20-g4-20l\/"]}]},{"@type":"ImageObject","inLanguage":"en-US","@id":"https:\/\/bozza.com\/en\/produto\/bomba-manual-para-oleo-8631-r20-g4-20l\/#primaryimage","url":"https:\/\/bozza.com\/wp-content\/uploads\/2024\/05\/01.210.0202_8631-G4_BOZZA-scaled.jpg","contentUrl":"https:\/\/bozza.com\/wp-content\/uploads\/2024\/05\/01.210.0202_8631-G4_BOZZA-scaled.jpg","width":2560,"height":2560},{"@type":"BreadcrumbList","@id":"https:\/\/bozza.com\/en\/produto\/bomba-manual-para-oleo-8631-r20-g4-20l\/#breadcrumb","itemListElement":[{"@type":"ListItem","position":1,"name":"In\u00edcio","item":"https:\/\/bozza.com\/"},{"@type":"ListItem","position":2,"name":"Produtos","item":"https:\/\/bozza.com\/?page_id=70036"},{"@type":"ListItem","position":3,"name":"Manual Oil Pump 8631-R20-G4 20L"}]},{"@type":"WebSite","@id":"https:\/\/bozza.com\/#website","url":"https:\/\/bozza.com\/","name":"Bozza","description":"Solu\u00e7\u00f5es em Lubrifica\u00e7\u00e3o","publisher":{"@id":"https:\/\/bozza.com\/#organization"},"potentialAction":[{"@type":"SearchAction","target":{"@type":"EntryPoint","urlTemplate":"https:\/\/bozza.com\/?s={search_term_string}"},"query-input":{"@type":"PropertyValueSpecification","valueRequired":true,"valueName":"search_term_string"}}],"inLanguage":"en-US"},{"@type":"Organization","@id":"https:\/\/bozza.com\/#organization","name":"Bozza","url":"https:\/\/bozza.com\/","logo":{"@type":"ImageObject","inLanguage":"en-US","@id":"https:\/\/bozza.com\/#\/schema\/logo\/image\/","url":"","contentUrl":"","caption":"Bozza"},"image":{"@id":"https:\/\/bozza.com\/#\/schema\/logo\/image\/"},"sameAs":["https:\/\/www.facebook.com\/bozza.oficial\/","https:\/\/www.instagram.com\/bozzaoficial\/","https:\/\/www.linkedin.com\/company\/bozza\/","https:\/\/www.youtube.com\/channel\/UCQRiHYNpM4VQWF9YxVgSTsw?view_as=subscriber"]}]}},"_links":{"self":[{"href":"https:\/\/bozza.com\/en\/wp-json\/wp\/v2\/product\/64268","targetHints":{"allow":["GET"]}}],"collection":[{"href":"https:\/\/bozza.com\/en\/wp-json\/wp\/v2\/product"}],"about":[{"href":"https:\/\/bozza.com\/en\/wp-json\/wp\/v2\/types\/product"}],"wp:featuredmedia":[{"embeddable":true,"href":"https:\/\/bozza.com\/en\/wp-json\/wp\/v2\/media\/62887"}],"wp:attachment":[{"href":"https:\/\/bozza.com\/en\/wp-json\/wp\/v2\/media?parent=64268"}],"wp:term":[{"taxonomy":"product_brand","embeddable":true,"href":"https:\/\/bozza.com\/en\/wp-json\/wp\/v2\/product_brand?post=64268"},{"taxonomy":"product_cat","embeddable":true,"href":"https:\/\/bozza.com\/en\/wp-json\/wp\/v2\/product_cat?post=64268"},{"taxonomy":"product_tag","embeddable":true,"href":"https:\/\/bozza.com\/en\/wp-json\/wp\/v2\/product_tag?post=64268"}],"curies":[{"name":"wp","href":"https:\/\/api.w.org\/{rel}","templated":true}]}}