{"id":64272,"date":"2024-01-30T11:19:49","date_gmt":"2024-01-30T14:19:49","guid":{"rendered":"https:\/\/www.bozza.com\/produto\/acoplador-hidraulico-com-engate-rapido-para-graxa-300-er\/"},"modified":"2026-03-19T15:21:54","modified_gmt":"2026-03-19T18:21:54","slug":"acoplador-hidraulico-com-engate-rapido-para-graxa-300-er","status":"publish","type":"product","link":"https:\/\/bozza.com\/en\/produto\/acoplador-hidraulico-com-engate-rapido-para-graxa-300-er\/","title":{"rendered":"Hydraulic coupler with quick coupling for grease 300-ER"},"content":{"rendered":"<ul>\n<li>Easy-to-attach double lever;<\/li>\n<li>Allows coupling in difficult-to-access places;<\/li>\n<li>Quick coupling system for connecting to grease fittings;<\/li>\n<li>Does not damage or break the grease fitting pin;<\/li>\n<li>Maximum working pressure: 10,000 PSI (550 BAR);<\/li>\n<li>Inlet female thread: 1\/8&#8243; NPT.<\/li>\n<li>Suggested Price: Upon request.<\/li>\n<\/ul>\n","protected":false},"excerpt":{"rendered":"<p>Universal hydraulic coupler, with double lever for easy coupling. Suitable for grease fitting pins. Lubrication of machines with higher operating speed, greater flexibility and less physical effort on the part of the operator. Applicable to manual and pneumatic grease propellant pumps.<\/p>\n","protected":false},"featured_media":61549,"template":"","meta":{"_acf_changed":false},"product_brand":[],"product_cat":[472,463,1006,460],"product_tag":[543,499,149,477,514,501,148,478,483,479],"class_list":{"0":"post-64272","1":"product","2":"type-product","3":"status-publish","4":"has-post-thumbnail","6":"product_cat-accessories","7":"product_cat-all-products","8":"product_cat-for-grease","9":"product_cat-manual-pump","10":"product_tag-acessorio-en","11":"product_tag-adaptador-en","12":"product_tag-grease","13":"product_tag-graxa-en","14":"product_tag-lubrificacao-en","15":"product_tag-bico-en","16":"product_tag-pneumatic","17":"product_tag-pneumatica-en","18":"product_tag-propulsora-pneumatica-en","19":"product_tag-propulsora-en","21":"first","22":"instock","23":"shipping-taxable","24":"product-type-simple"},"acf":[],"yoast_head":"<!-- This site is optimized with the Yoast SEO plugin v26.9 - https:\/\/yoast.com\/product\/yoast-seo-wordpress\/ -->\n<title>Hydraulic coupler with quick coupling for grease 300-ER | Bozza<\/title>\n<meta name=\"description\" content=\"300-ER Bozza | Acoplador para pinos graxeiros | Para bombas manuais e pneum\u00e1ticas | Fa\u00e7a j\u00e1 seu or\u00e7amento | F\u00e1cil Lubrifica\u00e7\u00e3o \u00e9 Bozza.\" \/>\n<meta name=\"robots\" content=\"index, follow, max-snippet:-1, max-image-preview:large, max-video-preview:-1\" \/>\n<link rel=\"canonical\" href=\"https:\/\/bozza.com\/en\/produto\/acoplador-hidraulico-com-engate-rapido-para-graxa-300-er\/\" \/>\n<meta property=\"og:locale\" content=\"en_US\" \/>\n<meta property=\"og:type\" content=\"article\" \/>\n<meta property=\"og:title\" content=\"Hydraulic coupler with quick coupling for grease 300-ER | Bozza\" \/>\n<meta property=\"og:description\" content=\"300-ER Bozza | Acoplador para pinos graxeiros | Para bombas manuais e pneum\u00e1ticas | Fa\u00e7a j\u00e1 seu or\u00e7amento | F\u00e1cil Lubrifica\u00e7\u00e3o \u00e9 Bozza.\" \/>\n<meta property=\"og:url\" content=\"https:\/\/bozza.com\/en\/produto\/acoplador-hidraulico-com-engate-rapido-para-graxa-300-er\/\" \/>\n<meta property=\"og:site_name\" content=\"Bozza\" \/>\n<meta property=\"article:publisher\" content=\"https:\/\/www.facebook.com\/bozza.oficial\/\" \/>\n<meta property=\"article:modified_time\" content=\"2026-03-19T18:21:54+00:00\" \/>\n<meta property=\"og:image\" content=\"https:\/\/bozza.com\/wp-content\/uploads\/2024\/01\/12.420.0090_300-ER_ACOPLADOR-HIDRAULICO-COM-ENGATE-RAPIDO-2_BOZZA_2023.jpg\" \/>\n\t<meta property=\"og:image:width\" content=\"1080\" \/>\n\t<meta property=\"og:image:height\" content=\"1080\" \/>\n\t<meta property=\"og:image:type\" content=\"image\/jpeg\" \/>\n<meta name=\"twitter:card\" content=\"summary_large_image\" \/>\n<meta name=\"twitter:label1\" content=\"Est. reading time\" \/>\n\t<meta name=\"twitter:data1\" content=\"1 minute\" \/>\n<script type=\"application\/ld+json\" class=\"yoast-schema-graph\">{\"@context\":\"https:\/\/schema.org\",\"@graph\":[{\"@type\":\"WebPage\",\"@id\":\"https:\/\/bozza.com\/en\/produto\/acoplador-hidraulico-com-engate-rapido-para-graxa-300-er\/\",\"url\":\"https:\/\/bozza.com\/en\/produto\/acoplador-hidraulico-com-engate-rapido-para-graxa-300-er\/\",\"name\":\"Hydraulic coupler with quick coupling for grease 300-ER | Bozza\",\"isPartOf\":{\"@id\":\"https:\/\/bozza.com\/#website\"},\"primaryImageOfPage\":{\"@id\":\"https:\/\/bozza.com\/en\/produto\/acoplador-hidraulico-com-engate-rapido-para-graxa-300-er\/#primaryimage\"},\"image\":{\"@id\":\"https:\/\/bozza.com\/en\/produto\/acoplador-hidraulico-com-engate-rapido-para-graxa-300-er\/#primaryimage\"},\"thumbnailUrl\":\"https:\/\/bozza.com\/wp-content\/uploads\/2024\/01\/12.420.0090_300-ER_ACOPLADOR-HIDRAULICO-COM-ENGATE-RAPIDO-2_BOZZA_2023.jpg\",\"datePublished\":\"2024-01-30T14:19:49+00:00\",\"dateModified\":\"2026-03-19T18:21:54+00:00\",\"description\":\"300-ER Bozza | Acoplador para pinos graxeiros | Para bombas manuais e pneum\u00e1ticas | Fa\u00e7a j\u00e1 seu or\u00e7amento | F\u00e1cil Lubrifica\u00e7\u00e3o \u00e9 Bozza.\",\"breadcrumb\":{\"@id\":\"https:\/\/bozza.com\/en\/produto\/acoplador-hidraulico-com-engate-rapido-para-graxa-300-er\/#breadcrumb\"},\"inLanguage\":\"en-US\",\"potentialAction\":[{\"@type\":\"ReadAction\",\"target\":[\"https:\/\/bozza.com\/en\/produto\/acoplador-hidraulico-com-engate-rapido-para-graxa-300-er\/\"]}]},{\"@type\":\"ImageObject\",\"inLanguage\":\"en-US\",\"@id\":\"https:\/\/bozza.com\/en\/produto\/acoplador-hidraulico-com-engate-rapido-para-graxa-300-er\/#primaryimage\",\"url\":\"https:\/\/bozza.com\/wp-content\/uploads\/2024\/01\/12.420.0090_300-ER_ACOPLADOR-HIDRAULICO-COM-ENGATE-RAPIDO-2_BOZZA_2023.jpg\",\"contentUrl\":\"https:\/\/bozza.com\/wp-content\/uploads\/2024\/01\/12.420.0090_300-ER_ACOPLADOR-HIDRAULICO-COM-ENGATE-RAPIDO-2_BOZZA_2023.jpg\",\"width\":1080,\"height\":1080,\"caption\":\"Acoplador hidr\u00e1ulico com engate r\u00e1pido 300-ER Bozza para lubrifica\u00e7\u00e3o de graxa em pinos graxeiros\"},{\"@type\":\"BreadcrumbList\",\"@id\":\"https:\/\/bozza.com\/en\/produto\/acoplador-hidraulico-com-engate-rapido-para-graxa-300-er\/#breadcrumb\",\"itemListElement\":[{\"@type\":\"ListItem\",\"position\":1,\"name\":\"In\u00edcio\",\"item\":\"https:\/\/bozza.com\/\"},{\"@type\":\"ListItem\",\"position\":2,\"name\":\"Produtos\",\"item\":\"https:\/\/bozza.com\/?page_id=70036\"},{\"@type\":\"ListItem\",\"position\":3,\"name\":\"Hydraulic coupler with quick coupling for grease 300-ER\"}]},{\"@type\":\"WebSite\",\"@id\":\"https:\/\/bozza.com\/#website\",\"url\":\"https:\/\/bozza.com\/\",\"name\":\"Bozza\",\"description\":\"Solu\u00e7\u00f5es em Lubrifica\u00e7\u00e3o\",\"publisher\":{\"@id\":\"https:\/\/bozza.com\/#organization\"},\"potentialAction\":[{\"@type\":\"SearchAction\",\"target\":{\"@type\":\"EntryPoint\",\"urlTemplate\":\"https:\/\/bozza.com\/?s={search_term_string}\"},\"query-input\":{\"@type\":\"PropertyValueSpecification\",\"valueRequired\":true,\"valueName\":\"search_term_string\"}}],\"inLanguage\":\"en-US\"},{\"@type\":\"Organization\",\"@id\":\"https:\/\/bozza.com\/#organization\",\"name\":\"Bozza\",\"url\":\"https:\/\/bozza.com\/\",\"logo\":{\"@type\":\"ImageObject\",\"inLanguage\":\"en-US\",\"@id\":\"https:\/\/bozza.com\/#\/schema\/logo\/image\/\",\"url\":\"\",\"contentUrl\":\"\",\"caption\":\"Bozza\"},\"image\":{\"@id\":\"https:\/\/bozza.com\/#\/schema\/logo\/image\/\"},\"sameAs\":[\"https:\/\/www.facebook.com\/bozza.oficial\/\",\"https:\/\/www.instagram.com\/bozzaoficial\/\",\"https:\/\/www.linkedin.com\/company\/bozza\/\",\"https:\/\/www.youtube.com\/channel\/UCQRiHYNpM4VQWF9YxVgSTsw?view_as=subscriber\"]}]}<\/script>\n<!-- \/ Yoast SEO plugin. -->","yoast_head_json":{"title":"Hydraulic coupler with quick coupling for grease 300-ER | Bozza","description":"300-ER Bozza | Acoplador para pinos graxeiros | Para bombas manuais e pneum\u00e1ticas | Fa\u00e7a j\u00e1 seu or\u00e7amento | F\u00e1cil Lubrifica\u00e7\u00e3o \u00e9 Bozza.","robots":{"index":"index","follow":"follow","max-snippet":"max-snippet:-1","max-image-preview":"max-image-preview:large","max-video-preview":"max-video-preview:-1"},"canonical":"https:\/\/bozza.com\/en\/produto\/acoplador-hidraulico-com-engate-rapido-para-graxa-300-er\/","og_locale":"en_US","og_type":"article","og_title":"Hydraulic coupler with quick coupling for grease 300-ER | Bozza","og_description":"300-ER Bozza | Acoplador para pinos graxeiros | Para bombas manuais e pneum\u00e1ticas | Fa\u00e7a j\u00e1 seu or\u00e7amento | F\u00e1cil Lubrifica\u00e7\u00e3o \u00e9 Bozza.","og_url":"https:\/\/bozza.com\/en\/produto\/acoplador-hidraulico-com-engate-rapido-para-graxa-300-er\/","og_site_name":"Bozza","article_publisher":"https:\/\/www.facebook.com\/bozza.oficial\/","article_modified_time":"2026-03-19T18:21:54+00:00","og_image":[{"width":1080,"height":1080,"url":"https:\/\/bozza.com\/wp-content\/uploads\/2024\/01\/12.420.0090_300-ER_ACOPLADOR-HIDRAULICO-COM-ENGATE-RAPIDO-2_BOZZA_2023.jpg","type":"image\/jpeg"}],"twitter_card":"summary_large_image","twitter_misc":{"Est. reading time":"1 minute"},"schema":{"@context":"https:\/\/schema.org","@graph":[{"@type":"WebPage","@id":"https:\/\/bozza.com\/en\/produto\/acoplador-hidraulico-com-engate-rapido-para-graxa-300-er\/","url":"https:\/\/bozza.com\/en\/produto\/acoplador-hidraulico-com-engate-rapido-para-graxa-300-er\/","name":"Hydraulic coupler with quick coupling for grease 300-ER | Bozza","isPartOf":{"@id":"https:\/\/bozza.com\/#website"},"primaryImageOfPage":{"@id":"https:\/\/bozza.com\/en\/produto\/acoplador-hidraulico-com-engate-rapido-para-graxa-300-er\/#primaryimage"},"image":{"@id":"https:\/\/bozza.com\/en\/produto\/acoplador-hidraulico-com-engate-rapido-para-graxa-300-er\/#primaryimage"},"thumbnailUrl":"https:\/\/bozza.com\/wp-content\/uploads\/2024\/01\/12.420.0090_300-ER_ACOPLADOR-HIDRAULICO-COM-ENGATE-RAPIDO-2_BOZZA_2023.jpg","datePublished":"2024-01-30T14:19:49+00:00","dateModified":"2026-03-19T18:21:54+00:00","description":"300-ER Bozza | Acoplador para pinos graxeiros | Para bombas manuais e pneum\u00e1ticas | Fa\u00e7a j\u00e1 seu or\u00e7amento | F\u00e1cil Lubrifica\u00e7\u00e3o \u00e9 Bozza.","breadcrumb":{"@id":"https:\/\/bozza.com\/en\/produto\/acoplador-hidraulico-com-engate-rapido-para-graxa-300-er\/#breadcrumb"},"inLanguage":"en-US","potentialAction":[{"@type":"ReadAction","target":["https:\/\/bozza.com\/en\/produto\/acoplador-hidraulico-com-engate-rapido-para-graxa-300-er\/"]}]},{"@type":"ImageObject","inLanguage":"en-US","@id":"https:\/\/bozza.com\/en\/produto\/acoplador-hidraulico-com-engate-rapido-para-graxa-300-er\/#primaryimage","url":"https:\/\/bozza.com\/wp-content\/uploads\/2024\/01\/12.420.0090_300-ER_ACOPLADOR-HIDRAULICO-COM-ENGATE-RAPIDO-2_BOZZA_2023.jpg","contentUrl":"https:\/\/bozza.com\/wp-content\/uploads\/2024\/01\/12.420.0090_300-ER_ACOPLADOR-HIDRAULICO-COM-ENGATE-RAPIDO-2_BOZZA_2023.jpg","width":1080,"height":1080,"caption":"Acoplador hidr\u00e1ulico com engate r\u00e1pido 300-ER Bozza para lubrifica\u00e7\u00e3o de graxa em pinos graxeiros"},{"@type":"BreadcrumbList","@id":"https:\/\/bozza.com\/en\/produto\/acoplador-hidraulico-com-engate-rapido-para-graxa-300-er\/#breadcrumb","itemListElement":[{"@type":"ListItem","position":1,"name":"In\u00edcio","item":"https:\/\/bozza.com\/"},{"@type":"ListItem","position":2,"name":"Produtos","item":"https:\/\/bozza.com\/?page_id=70036"},{"@type":"ListItem","position":3,"name":"Hydraulic coupler with quick coupling for grease 300-ER"}]},{"@type":"WebSite","@id":"https:\/\/bozza.com\/#website","url":"https:\/\/bozza.com\/","name":"Bozza","description":"Solu\u00e7\u00f5es em Lubrifica\u00e7\u00e3o","publisher":{"@id":"https:\/\/bozza.com\/#organization"},"potentialAction":[{"@type":"SearchAction","target":{"@type":"EntryPoint","urlTemplate":"https:\/\/bozza.com\/?s={search_term_string}"},"query-input":{"@type":"PropertyValueSpecification","valueRequired":true,"valueName":"search_term_string"}}],"inLanguage":"en-US"},{"@type":"Organization","@id":"https:\/\/bozza.com\/#organization","name":"Bozza","url":"https:\/\/bozza.com\/","logo":{"@type":"ImageObject","inLanguage":"en-US","@id":"https:\/\/bozza.com\/#\/schema\/logo\/image\/","url":"","contentUrl":"","caption":"Bozza"},"image":{"@id":"https:\/\/bozza.com\/#\/schema\/logo\/image\/"},"sameAs":["https:\/\/www.facebook.com\/bozza.oficial\/","https:\/\/www.instagram.com\/bozzaoficial\/","https:\/\/www.linkedin.com\/company\/bozza\/","https:\/\/www.youtube.com\/channel\/UCQRiHYNpM4VQWF9YxVgSTsw?view_as=subscriber"]}]}},"_links":{"self":[{"href":"https:\/\/bozza.com\/en\/wp-json\/wp\/v2\/product\/64272","targetHints":{"allow":["GET"]}}],"collection":[{"href":"https:\/\/bozza.com\/en\/wp-json\/wp\/v2\/product"}],"about":[{"href":"https:\/\/bozza.com\/en\/wp-json\/wp\/v2\/types\/product"}],"wp:featuredmedia":[{"embeddable":true,"href":"https:\/\/bozza.com\/en\/wp-json\/wp\/v2\/media\/61549"}],"wp:attachment":[{"href":"https:\/\/bozza.com\/en\/wp-json\/wp\/v2\/media?parent=64272"}],"wp:term":[{"taxonomy":"product_brand","embeddable":true,"href":"https:\/\/bozza.com\/en\/wp-json\/wp\/v2\/product_brand?post=64272"},{"taxonomy":"product_cat","embeddable":true,"href":"https:\/\/bozza.com\/en\/wp-json\/wp\/v2\/product_cat?post=64272"},{"taxonomy":"product_tag","embeddable":true,"href":"https:\/\/bozza.com\/en\/wp-json\/wp\/v2\/product_tag?post=64272"}],"curies":[{"name":"wp","href":"https:\/\/api.w.org\/{rel}","templated":true}]}}