{"id":64273,"date":"2024-01-23T12:52:33","date_gmt":"2024-01-23T15:52:33","guid":{"rendered":"https:\/\/www.bozza.com\/produto\/suporte-mangueira-abastecimento-sma-34-pol-bozza\/"},"modified":"2026-03-19T15:22:08","modified_gmt":"2026-03-19T18:22:08","slug":"suporte-mangueira-abastecimento-sma-34-pol-bozza","status":"publish","type":"product","link":"https:\/\/bozza.com\/en\/produto\/suporte-mangueira-abastecimento-sma-34-pol-bozza\/","title":{"rendered":"Supply hose support &#8211; SMA 3\/4&#8243;"},"content":{"rendered":"<ul>\n<li>Protection cover for supply nozzle;<\/li>\n<li>Hose support;<\/li>\n<li>Prevents premature hose wear;<\/li>\n<li>Easy to use;<\/li>\n<li>High resistance against corrosion;<\/li>\n<li>Light and robust product;<\/li>\n<li>Organization of the workplace.<\/li>\n<li>Suggested Price: Upon request.<\/li>\n<\/ul>\n","protected":false},"excerpt":{"rendered":"<p>Support for 3\/4&#8243; fuel supply hose to assist in the safety and organization of the workplace, preventing the hose from resting on the ground, helping to preserve the useful life of the fuel hose.<\/p>\n","protected":false},"featured_media":61451,"template":"","meta":{"_acf_changed":false},"product_brand":[],"product_cat":[472,463,246,468],"product_tag":[],"class_list":{"0":"post-64273","1":"product","2":"type-product","3":"status-publish","4":"has-post-thumbnail","6":"product_cat-accessories","7":"product_cat-all-products","8":"product_cat-equipamentos-para-postos-de-servicos-en","9":"product_cat-hose-reels-and-hoses","11":"first","12":"instock","13":"shipping-taxable","14":"product-type-simple"},"acf":[],"yoast_head":"<!-- This site is optimized with the Yoast SEO plugin v26.9 - https:\/\/yoast.com\/product\/yoast-seo-wordpress\/ -->\n<title>Supply hose support - SMA 3\/4&quot; | Bozza<\/title>\n<meta name=\"description\" content=\"Fa\u00e7a seu or\u00e7amento! | Lan\u00e7amento Suporte para Mangueira de Abastecimento 3\/4&quot; com a qualidade Bozza. Ofertas imperd\u00edveis! Confira agora!\" \/>\n<meta name=\"robots\" content=\"index, follow, max-snippet:-1, max-image-preview:large, max-video-preview:-1\" \/>\n<link rel=\"canonical\" href=\"https:\/\/bozza.com\/en\/produto\/suporte-mangueira-abastecimento-sma-34-pol-bozza\/\" \/>\n<meta property=\"og:locale\" content=\"en_US\" \/>\n<meta property=\"og:type\" content=\"article\" \/>\n<meta property=\"og:title\" content=\"Supply hose support - SMA 3\/4&quot; | Bozza\" \/>\n<meta property=\"og:description\" content=\"Fa\u00e7a seu or\u00e7amento! | Lan\u00e7amento Suporte para Mangueira de Abastecimento 3\/4&quot; com a qualidade Bozza. Ofertas imperd\u00edveis! Confira agora!\" \/>\n<meta property=\"og:url\" content=\"https:\/\/bozza.com\/en\/produto\/suporte-mangueira-abastecimento-sma-34-pol-bozza\/\" \/>\n<meta property=\"og:site_name\" content=\"Bozza\" \/>\n<meta property=\"article:publisher\" content=\"https:\/\/www.facebook.com\/bozza.oficial\/\" \/>\n<meta property=\"article:modified_time\" content=\"2026-03-19T18:22:08+00:00\" \/>\n<meta property=\"og:image\" content=\"https:\/\/bozza.com\/wp-content\/uploads\/2024\/01\/SMA-DUPLA.jpg\" \/>\n\t<meta property=\"og:image:width\" content=\"1080\" \/>\n\t<meta property=\"og:image:height\" content=\"1080\" \/>\n\t<meta property=\"og:image:type\" content=\"image\/jpeg\" \/>\n<meta name=\"twitter:card\" content=\"summary_large_image\" \/>\n<meta name=\"twitter:label1\" content=\"Est. reading time\" \/>\n\t<meta name=\"twitter:data1\" content=\"1 minute\" \/>\n<script type=\"application\/ld+json\" class=\"yoast-schema-graph\">{\"@context\":\"https:\/\/schema.org\",\"@graph\":[{\"@type\":\"WebPage\",\"@id\":\"https:\/\/bozza.com\/en\/produto\/suporte-mangueira-abastecimento-sma-34-pol-bozza\/\",\"url\":\"https:\/\/bozza.com\/en\/produto\/suporte-mangueira-abastecimento-sma-34-pol-bozza\/\",\"name\":\"Supply hose support - SMA 3\/4\\\" | Bozza\",\"isPartOf\":{\"@id\":\"https:\/\/bozza.com\/#website\"},\"primaryImageOfPage\":{\"@id\":\"https:\/\/bozza.com\/en\/produto\/suporte-mangueira-abastecimento-sma-34-pol-bozza\/#primaryimage\"},\"image\":{\"@id\":\"https:\/\/bozza.com\/en\/produto\/suporte-mangueira-abastecimento-sma-34-pol-bozza\/#primaryimage\"},\"thumbnailUrl\":\"https:\/\/bozza.com\/wp-content\/uploads\/2024\/01\/SMA-DUPLA.jpg\",\"datePublished\":\"2024-01-23T15:52:33+00:00\",\"dateModified\":\"2026-03-19T18:22:08+00:00\",\"description\":\"Fa\u00e7a seu or\u00e7amento! | Lan\u00e7amento Suporte para Mangueira de Abastecimento 3\/4\\\" com a qualidade Bozza. Ofertas imperd\u00edveis! Confira agora!\",\"breadcrumb\":{\"@id\":\"https:\/\/bozza.com\/en\/produto\/suporte-mangueira-abastecimento-sma-34-pol-bozza\/#breadcrumb\"},\"inLanguage\":\"en-US\",\"potentialAction\":[{\"@type\":\"ReadAction\",\"target\":[\"https:\/\/bozza.com\/en\/produto\/suporte-mangueira-abastecimento-sma-34-pol-bozza\/\"]}]},{\"@type\":\"ImageObject\",\"inLanguage\":\"en-US\",\"@id\":\"https:\/\/bozza.com\/en\/produto\/suporte-mangueira-abastecimento-sma-34-pol-bozza\/#primaryimage\",\"url\":\"https:\/\/bozza.com\/wp-content\/uploads\/2024\/01\/SMA-DUPLA.jpg\",\"contentUrl\":\"https:\/\/bozza.com\/wp-content\/uploads\/2024\/01\/SMA-DUPLA.jpg\",\"width\":1080,\"height\":1080},{\"@type\":\"BreadcrumbList\",\"@id\":\"https:\/\/bozza.com\/en\/produto\/suporte-mangueira-abastecimento-sma-34-pol-bozza\/#breadcrumb\",\"itemListElement\":[{\"@type\":\"ListItem\",\"position\":1,\"name\":\"In\u00edcio\",\"item\":\"https:\/\/bozza.com\/\"},{\"@type\":\"ListItem\",\"position\":2,\"name\":\"Produtos\",\"item\":\"https:\/\/bozza.com\/?page_id=70036\"},{\"@type\":\"ListItem\",\"position\":3,\"name\":\"Supply hose support &#8211; SMA 3\/4&#8243;\"}]},{\"@type\":\"WebSite\",\"@id\":\"https:\/\/bozza.com\/#website\",\"url\":\"https:\/\/bozza.com\/\",\"name\":\"Bozza\",\"description\":\"Solu\u00e7\u00f5es em Lubrifica\u00e7\u00e3o\",\"publisher\":{\"@id\":\"https:\/\/bozza.com\/#organization\"},\"potentialAction\":[{\"@type\":\"SearchAction\",\"target\":{\"@type\":\"EntryPoint\",\"urlTemplate\":\"https:\/\/bozza.com\/?s={search_term_string}\"},\"query-input\":{\"@type\":\"PropertyValueSpecification\",\"valueRequired\":true,\"valueName\":\"search_term_string\"}}],\"inLanguage\":\"en-US\"},{\"@type\":\"Organization\",\"@id\":\"https:\/\/bozza.com\/#organization\",\"name\":\"Bozza\",\"url\":\"https:\/\/bozza.com\/\",\"logo\":{\"@type\":\"ImageObject\",\"inLanguage\":\"en-US\",\"@id\":\"https:\/\/bozza.com\/#\/schema\/logo\/image\/\",\"url\":\"\",\"contentUrl\":\"\",\"caption\":\"Bozza\"},\"image\":{\"@id\":\"https:\/\/bozza.com\/#\/schema\/logo\/image\/\"},\"sameAs\":[\"https:\/\/www.facebook.com\/bozza.oficial\/\",\"https:\/\/www.instagram.com\/bozzaoficial\/\",\"https:\/\/www.linkedin.com\/company\/bozza\/\",\"https:\/\/www.youtube.com\/channel\/UCQRiHYNpM4VQWF9YxVgSTsw?view_as=subscriber\"]}]}<\/script>\n<!-- \/ Yoast SEO plugin. -->","yoast_head_json":{"title":"Supply hose support - SMA 3\/4\" | Bozza","description":"Fa\u00e7a seu or\u00e7amento! | Lan\u00e7amento Suporte para Mangueira de Abastecimento 3\/4\" com a qualidade Bozza. Ofertas imperd\u00edveis! Confira agora!","robots":{"index":"index","follow":"follow","max-snippet":"max-snippet:-1","max-image-preview":"max-image-preview:large","max-video-preview":"max-video-preview:-1"},"canonical":"https:\/\/bozza.com\/en\/produto\/suporte-mangueira-abastecimento-sma-34-pol-bozza\/","og_locale":"en_US","og_type":"article","og_title":"Supply hose support - SMA 3\/4\" | Bozza","og_description":"Fa\u00e7a seu or\u00e7amento! | Lan\u00e7amento Suporte para Mangueira de Abastecimento 3\/4\" com a qualidade Bozza. Ofertas imperd\u00edveis! Confira agora!","og_url":"https:\/\/bozza.com\/en\/produto\/suporte-mangueira-abastecimento-sma-34-pol-bozza\/","og_site_name":"Bozza","article_publisher":"https:\/\/www.facebook.com\/bozza.oficial\/","article_modified_time":"2026-03-19T18:22:08+00:00","og_image":[{"width":1080,"height":1080,"url":"https:\/\/bozza.com\/wp-content\/uploads\/2024\/01\/SMA-DUPLA.jpg","type":"image\/jpeg"}],"twitter_card":"summary_large_image","twitter_misc":{"Est. reading time":"1 minute"},"schema":{"@context":"https:\/\/schema.org","@graph":[{"@type":"WebPage","@id":"https:\/\/bozza.com\/en\/produto\/suporte-mangueira-abastecimento-sma-34-pol-bozza\/","url":"https:\/\/bozza.com\/en\/produto\/suporte-mangueira-abastecimento-sma-34-pol-bozza\/","name":"Supply hose support - SMA 3\/4\" | Bozza","isPartOf":{"@id":"https:\/\/bozza.com\/#website"},"primaryImageOfPage":{"@id":"https:\/\/bozza.com\/en\/produto\/suporte-mangueira-abastecimento-sma-34-pol-bozza\/#primaryimage"},"image":{"@id":"https:\/\/bozza.com\/en\/produto\/suporte-mangueira-abastecimento-sma-34-pol-bozza\/#primaryimage"},"thumbnailUrl":"https:\/\/bozza.com\/wp-content\/uploads\/2024\/01\/SMA-DUPLA.jpg","datePublished":"2024-01-23T15:52:33+00:00","dateModified":"2026-03-19T18:22:08+00:00","description":"Fa\u00e7a seu or\u00e7amento! | Lan\u00e7amento Suporte para Mangueira de Abastecimento 3\/4\" com a qualidade Bozza. Ofertas imperd\u00edveis! Confira agora!","breadcrumb":{"@id":"https:\/\/bozza.com\/en\/produto\/suporte-mangueira-abastecimento-sma-34-pol-bozza\/#breadcrumb"},"inLanguage":"en-US","potentialAction":[{"@type":"ReadAction","target":["https:\/\/bozza.com\/en\/produto\/suporte-mangueira-abastecimento-sma-34-pol-bozza\/"]}]},{"@type":"ImageObject","inLanguage":"en-US","@id":"https:\/\/bozza.com\/en\/produto\/suporte-mangueira-abastecimento-sma-34-pol-bozza\/#primaryimage","url":"https:\/\/bozza.com\/wp-content\/uploads\/2024\/01\/SMA-DUPLA.jpg","contentUrl":"https:\/\/bozza.com\/wp-content\/uploads\/2024\/01\/SMA-DUPLA.jpg","width":1080,"height":1080},{"@type":"BreadcrumbList","@id":"https:\/\/bozza.com\/en\/produto\/suporte-mangueira-abastecimento-sma-34-pol-bozza\/#breadcrumb","itemListElement":[{"@type":"ListItem","position":1,"name":"In\u00edcio","item":"https:\/\/bozza.com\/"},{"@type":"ListItem","position":2,"name":"Produtos","item":"https:\/\/bozza.com\/?page_id=70036"},{"@type":"ListItem","position":3,"name":"Supply hose support &#8211; SMA 3\/4&#8243;"}]},{"@type":"WebSite","@id":"https:\/\/bozza.com\/#website","url":"https:\/\/bozza.com\/","name":"Bozza","description":"Solu\u00e7\u00f5es em Lubrifica\u00e7\u00e3o","publisher":{"@id":"https:\/\/bozza.com\/#organization"},"potentialAction":[{"@type":"SearchAction","target":{"@type":"EntryPoint","urlTemplate":"https:\/\/bozza.com\/?s={search_term_string}"},"query-input":{"@type":"PropertyValueSpecification","valueRequired":true,"valueName":"search_term_string"}}],"inLanguage":"en-US"},{"@type":"Organization","@id":"https:\/\/bozza.com\/#organization","name":"Bozza","url":"https:\/\/bozza.com\/","logo":{"@type":"ImageObject","inLanguage":"en-US","@id":"https:\/\/bozza.com\/#\/schema\/logo\/image\/","url":"","contentUrl":"","caption":"Bozza"},"image":{"@id":"https:\/\/bozza.com\/#\/schema\/logo\/image\/"},"sameAs":["https:\/\/www.facebook.com\/bozza.oficial\/","https:\/\/www.instagram.com\/bozzaoficial\/","https:\/\/www.linkedin.com\/company\/bozza\/","https:\/\/www.youtube.com\/channel\/UCQRiHYNpM4VQWF9YxVgSTsw?view_as=subscriber"]}]}},"_links":{"self":[{"href":"https:\/\/bozza.com\/en\/wp-json\/wp\/v2\/product\/64273","targetHints":{"allow":["GET"]}}],"collection":[{"href":"https:\/\/bozza.com\/en\/wp-json\/wp\/v2\/product"}],"about":[{"href":"https:\/\/bozza.com\/en\/wp-json\/wp\/v2\/types\/product"}],"wp:featuredmedia":[{"embeddable":true,"href":"https:\/\/bozza.com\/en\/wp-json\/wp\/v2\/media\/61451"}],"wp:attachment":[{"href":"https:\/\/bozza.com\/en\/wp-json\/wp\/v2\/media?parent=64273"}],"wp:term":[{"taxonomy":"product_brand","embeddable":true,"href":"https:\/\/bozza.com\/en\/wp-json\/wp\/v2\/product_brand?post=64273"},{"taxonomy":"product_cat","embeddable":true,"href":"https:\/\/bozza.com\/en\/wp-json\/wp\/v2\/product_cat?post=64273"},{"taxonomy":"product_tag","embeddable":true,"href":"https:\/\/bozza.com\/en\/wp-json\/wp\/v2\/product_tag?post=64273"}],"curies":[{"name":"wp","href":"https:\/\/api.w.org\/{rel}","templated":true}]}}