{"id":64275,"date":"2023-12-22T17:11:39","date_gmt":"2023-12-22T20:11:39","guid":{"rendered":"https:\/\/www.bozza.com\/produto\/bomba-pneumatica-de-duplo-diafragma-beaver-al-1-2-v\/"},"modified":"2026-03-19T15:22:38","modified_gmt":"2026-03-19T18:22:38","slug":"bomba-pneumatica-de-duplo-diafragma-beaver-al-1-2-v","status":"publish","type":"product","link":"https:\/\/bozza.com\/en\/produto\/bomba-pneumatica-de-duplo-diafragma-beaver-al-1-2-v\/","title":{"rendered":"BEAVER-AL-1\/2-V Double Diaphragm Pneumatic Pump"},"content":{"rendered":"<ul>\n<li>Free flow: 16 L\/min;<\/li>\n<li>Apportionment: 1:1;<\/li>\n<li>Maximum working pressure: 100 PSI (6.9 BAR);<\/li>\n<li>Air inlet: 1\/2&#8243; NPT female thread;<\/li>\n<li>Product input: 1\/2&#8243; NPT female thread;<\/li>\n<li>Product outlet: 1\/2&#8243; NPT female thread;<\/li>\n<li>Air consumption: 10.0 ft\u00b3\/min<\/li>\n<li>Maximum working temperature: 55\u00b0C<\/li>\n<li>Maximum particle suction diameter: 3 mm;<\/li>\n<li>Suggested price: Upon request.<\/li>\n<\/ul>\n","protected":false},"excerpt":{"rendered":"<p>Pneumatic double diaphragm pump, suitable for transferring new and used oil, kerosene and diesel.<br \/>\nRecommended for customers who need to fuel their fleet, carry out oil disposal and other operations, used in mining, steel mills, urban and road transport companies, etc.<\/p>\n","protected":false},"featured_media":61208,"template":"","meta":{"_acf_changed":false},"product_brand":[],"product_cat":[463,475,1004,473],"product_tag":[493,494,466,148,478,133],"class_list":{"0":"post-64275","1":"product","2":"type-product","3":"status-publish","4":"has-post-thumbnail","6":"product_cat-all-products","7":"product_cat-convoy-equipment","8":"product_cat-for-diesel","9":"product_cat-industrial-line-en","10":"product_tag-diafragma-en","11":"product_tag-duplo-en","12":"product_tag-industria-en","13":"product_tag-pneumatic","14":"product_tag-pneumatica-en","15":"product_tag-pneumatica","17":"first","18":"instock","19":"shipping-taxable","20":"product-type-simple"},"acf":[],"yoast_head":"<!-- This site is optimized with the Yoast SEO plugin v26.9 - https:\/\/yoast.com\/product\/yoast-seo-wordpress\/ -->\n<title>BEAVER-AL-1\/2-V Double Diaphragm Pneumatic Pump | Bozza<\/title>\n<meta name=\"description\" content=\"Bomba pneuma\u0301tica de duplo diafragma, indicada para transfere\u0302ncia de o\u0301leo novos e usados, querosene e diesel.Indicadas para clientes que necessitam abastecer sua frota, realizar descarte de o\u0301leo e demais operac\u0327o\u0303es, utilizada em minerac\u0327o\u0303es, sider\u00fargias, empresas de transportes urbanos e rodovia\u0301rios, etc.\" \/>\n<meta name=\"robots\" content=\"index, follow, max-snippet:-1, max-image-preview:large, max-video-preview:-1\" \/>\n<link rel=\"canonical\" href=\"https:\/\/bozza.com\/en\/produto\/bomba-pneumatica-de-duplo-diafragma-beaver-al-1-2-v\/\" \/>\n<meta property=\"og:locale\" content=\"en_US\" \/>\n<meta property=\"og:type\" content=\"article\" \/>\n<meta property=\"og:title\" content=\"BEAVER-AL-1\/2-V Double Diaphragm Pneumatic Pump | Bozza\" \/>\n<meta property=\"og:description\" content=\"Bomba pneuma\u0301tica de duplo diafragma, indicada para transfere\u0302ncia de o\u0301leo novos e usados, querosene e diesel.Indicadas para clientes que necessitam abastecer sua frota, realizar descarte de o\u0301leo e demais operac\u0327o\u0303es, utilizada em minerac\u0327o\u0303es, sider\u00fargias, empresas de transportes urbanos e rodovia\u0301rios, etc.\" \/>\n<meta property=\"og:url\" content=\"https:\/\/bozza.com\/en\/produto\/bomba-pneumatica-de-duplo-diafragma-beaver-al-1-2-v\/\" \/>\n<meta property=\"og:site_name\" content=\"Bozza\" \/>\n<meta property=\"article:publisher\" content=\"https:\/\/www.facebook.com\/bozza.oficial\/\" \/>\n<meta property=\"article:modified_time\" content=\"2026-03-19T18:22:38+00:00\" \/>\n<meta property=\"og:image\" content=\"https:\/\/bozza.com\/wp-content\/uploads\/2023\/12\/BEAVER-AL_1-2.jpg\" \/>\n\t<meta property=\"og:image:width\" content=\"1080\" \/>\n\t<meta property=\"og:image:height\" content=\"1080\" \/>\n\t<meta property=\"og:image:type\" content=\"image\/jpeg\" \/>\n<meta name=\"twitter:card\" content=\"summary_large_image\" \/>\n<meta name=\"twitter:label1\" content=\"Est. reading time\" \/>\n\t<meta name=\"twitter:data1\" content=\"1 minute\" \/>\n<script type=\"application\/ld+json\" class=\"yoast-schema-graph\">{\"@context\":\"https:\/\/schema.org\",\"@graph\":[{\"@type\":\"WebPage\",\"@id\":\"https:\/\/bozza.com\/en\/produto\/bomba-pneumatica-de-duplo-diafragma-beaver-al-1-2-v\/\",\"url\":\"https:\/\/bozza.com\/en\/produto\/bomba-pneumatica-de-duplo-diafragma-beaver-al-1-2-v\/\",\"name\":\"BEAVER-AL-1\/2-V Double Diaphragm Pneumatic Pump | Bozza\",\"isPartOf\":{\"@id\":\"https:\/\/bozza.com\/#website\"},\"primaryImageOfPage\":{\"@id\":\"https:\/\/bozza.com\/en\/produto\/bomba-pneumatica-de-duplo-diafragma-beaver-al-1-2-v\/#primaryimage\"},\"image\":{\"@id\":\"https:\/\/bozza.com\/en\/produto\/bomba-pneumatica-de-duplo-diafragma-beaver-al-1-2-v\/#primaryimage\"},\"thumbnailUrl\":\"https:\/\/bozza.com\/wp-content\/uploads\/2023\/12\/BEAVER-AL_1-2.jpg\",\"datePublished\":\"2023-12-22T20:11:39+00:00\",\"dateModified\":\"2026-03-19T18:22:38+00:00\",\"description\":\"Bomba pneuma\u0301tica de duplo diafragma, indicada para transfere\u0302ncia de o\u0301leo novos e usados, querosene e diesel.Indicadas para clientes que necessitam abastecer sua frota, realizar descarte de o\u0301leo e demais operac\u0327o\u0303es, utilizada em minerac\u0327o\u0303es, sider\u00fargias, empresas de transportes urbanos e rodovia\u0301rios, etc.\",\"breadcrumb\":{\"@id\":\"https:\/\/bozza.com\/en\/produto\/bomba-pneumatica-de-duplo-diafragma-beaver-al-1-2-v\/#breadcrumb\"},\"inLanguage\":\"en-US\",\"potentialAction\":[{\"@type\":\"ReadAction\",\"target\":[\"https:\/\/bozza.com\/en\/produto\/bomba-pneumatica-de-duplo-diafragma-beaver-al-1-2-v\/\"]}]},{\"@type\":\"ImageObject\",\"inLanguage\":\"en-US\",\"@id\":\"https:\/\/bozza.com\/en\/produto\/bomba-pneumatica-de-duplo-diafragma-beaver-al-1-2-v\/#primaryimage\",\"url\":\"https:\/\/bozza.com\/wp-content\/uploads\/2023\/12\/BEAVER-AL_1-2.jpg\",\"contentUrl\":\"https:\/\/bozza.com\/wp-content\/uploads\/2023\/12\/BEAVER-AL_1-2.jpg\",\"width\":1080,\"height\":1080},{\"@type\":\"BreadcrumbList\",\"@id\":\"https:\/\/bozza.com\/en\/produto\/bomba-pneumatica-de-duplo-diafragma-beaver-al-1-2-v\/#breadcrumb\",\"itemListElement\":[{\"@type\":\"ListItem\",\"position\":1,\"name\":\"In\u00edcio\",\"item\":\"https:\/\/bozza.com\/\"},{\"@type\":\"ListItem\",\"position\":2,\"name\":\"Produtos\",\"item\":\"https:\/\/bozza.com\/?page_id=70036\"},{\"@type\":\"ListItem\",\"position\":3,\"name\":\"BEAVER-AL-1\/2-V Double Diaphragm Pneumatic Pump\"}]},{\"@type\":\"WebSite\",\"@id\":\"https:\/\/bozza.com\/#website\",\"url\":\"https:\/\/bozza.com\/\",\"name\":\"Bozza\",\"description\":\"Solu\u00e7\u00f5es em Lubrifica\u00e7\u00e3o\",\"publisher\":{\"@id\":\"https:\/\/bozza.com\/#organization\"},\"potentialAction\":[{\"@type\":\"SearchAction\",\"target\":{\"@type\":\"EntryPoint\",\"urlTemplate\":\"https:\/\/bozza.com\/?s={search_term_string}\"},\"query-input\":{\"@type\":\"PropertyValueSpecification\",\"valueRequired\":true,\"valueName\":\"search_term_string\"}}],\"inLanguage\":\"en-US\"},{\"@type\":\"Organization\",\"@id\":\"https:\/\/bozza.com\/#organization\",\"name\":\"Bozza\",\"url\":\"https:\/\/bozza.com\/\",\"logo\":{\"@type\":\"ImageObject\",\"inLanguage\":\"en-US\",\"@id\":\"https:\/\/bozza.com\/#\/schema\/logo\/image\/\",\"url\":\"\",\"contentUrl\":\"\",\"caption\":\"Bozza\"},\"image\":{\"@id\":\"https:\/\/bozza.com\/#\/schema\/logo\/image\/\"},\"sameAs\":[\"https:\/\/www.facebook.com\/bozza.oficial\/\",\"https:\/\/www.instagram.com\/bozzaoficial\/\",\"https:\/\/www.linkedin.com\/company\/bozza\/\",\"https:\/\/www.youtube.com\/channel\/UCQRiHYNpM4VQWF9YxVgSTsw?view_as=subscriber\"]}]}<\/script>\n<!-- \/ Yoast SEO plugin. -->","yoast_head_json":{"title":"BEAVER-AL-1\/2-V Double Diaphragm Pneumatic Pump | Bozza","description":"Bomba pneuma\u0301tica de duplo diafragma, indicada para transfere\u0302ncia de o\u0301leo novos e usados, querosene e diesel.Indicadas para clientes que necessitam abastecer sua frota, realizar descarte de o\u0301leo e demais operac\u0327o\u0303es, utilizada em minerac\u0327o\u0303es, sider\u00fargias, empresas de transportes urbanos e rodovia\u0301rios, etc.","robots":{"index":"index","follow":"follow","max-snippet":"max-snippet:-1","max-image-preview":"max-image-preview:large","max-video-preview":"max-video-preview:-1"},"canonical":"https:\/\/bozza.com\/en\/produto\/bomba-pneumatica-de-duplo-diafragma-beaver-al-1-2-v\/","og_locale":"en_US","og_type":"article","og_title":"BEAVER-AL-1\/2-V Double Diaphragm Pneumatic Pump | Bozza","og_description":"Bomba pneuma\u0301tica de duplo diafragma, indicada para transfere\u0302ncia de o\u0301leo novos e usados, querosene e diesel.Indicadas para clientes que necessitam abastecer sua frota, realizar descarte de o\u0301leo e demais operac\u0327o\u0303es, utilizada em minerac\u0327o\u0303es, sider\u00fargias, empresas de transportes urbanos e rodovia\u0301rios, etc.","og_url":"https:\/\/bozza.com\/en\/produto\/bomba-pneumatica-de-duplo-diafragma-beaver-al-1-2-v\/","og_site_name":"Bozza","article_publisher":"https:\/\/www.facebook.com\/bozza.oficial\/","article_modified_time":"2026-03-19T18:22:38+00:00","og_image":[{"width":1080,"height":1080,"url":"https:\/\/bozza.com\/wp-content\/uploads\/2023\/12\/BEAVER-AL_1-2.jpg","type":"image\/jpeg"}],"twitter_card":"summary_large_image","twitter_misc":{"Est. reading time":"1 minute"},"schema":{"@context":"https:\/\/schema.org","@graph":[{"@type":"WebPage","@id":"https:\/\/bozza.com\/en\/produto\/bomba-pneumatica-de-duplo-diafragma-beaver-al-1-2-v\/","url":"https:\/\/bozza.com\/en\/produto\/bomba-pneumatica-de-duplo-diafragma-beaver-al-1-2-v\/","name":"BEAVER-AL-1\/2-V Double Diaphragm Pneumatic Pump | Bozza","isPartOf":{"@id":"https:\/\/bozza.com\/#website"},"primaryImageOfPage":{"@id":"https:\/\/bozza.com\/en\/produto\/bomba-pneumatica-de-duplo-diafragma-beaver-al-1-2-v\/#primaryimage"},"image":{"@id":"https:\/\/bozza.com\/en\/produto\/bomba-pneumatica-de-duplo-diafragma-beaver-al-1-2-v\/#primaryimage"},"thumbnailUrl":"https:\/\/bozza.com\/wp-content\/uploads\/2023\/12\/BEAVER-AL_1-2.jpg","datePublished":"2023-12-22T20:11:39+00:00","dateModified":"2026-03-19T18:22:38+00:00","description":"Bomba pneuma\u0301tica de duplo diafragma, indicada para transfere\u0302ncia de o\u0301leo novos e usados, querosene e diesel.Indicadas para clientes que necessitam abastecer sua frota, realizar descarte de o\u0301leo e demais operac\u0327o\u0303es, utilizada em minerac\u0327o\u0303es, sider\u00fargias, empresas de transportes urbanos e rodovia\u0301rios, etc.","breadcrumb":{"@id":"https:\/\/bozza.com\/en\/produto\/bomba-pneumatica-de-duplo-diafragma-beaver-al-1-2-v\/#breadcrumb"},"inLanguage":"en-US","potentialAction":[{"@type":"ReadAction","target":["https:\/\/bozza.com\/en\/produto\/bomba-pneumatica-de-duplo-diafragma-beaver-al-1-2-v\/"]}]},{"@type":"ImageObject","inLanguage":"en-US","@id":"https:\/\/bozza.com\/en\/produto\/bomba-pneumatica-de-duplo-diafragma-beaver-al-1-2-v\/#primaryimage","url":"https:\/\/bozza.com\/wp-content\/uploads\/2023\/12\/BEAVER-AL_1-2.jpg","contentUrl":"https:\/\/bozza.com\/wp-content\/uploads\/2023\/12\/BEAVER-AL_1-2.jpg","width":1080,"height":1080},{"@type":"BreadcrumbList","@id":"https:\/\/bozza.com\/en\/produto\/bomba-pneumatica-de-duplo-diafragma-beaver-al-1-2-v\/#breadcrumb","itemListElement":[{"@type":"ListItem","position":1,"name":"In\u00edcio","item":"https:\/\/bozza.com\/"},{"@type":"ListItem","position":2,"name":"Produtos","item":"https:\/\/bozza.com\/?page_id=70036"},{"@type":"ListItem","position":3,"name":"BEAVER-AL-1\/2-V Double Diaphragm Pneumatic Pump"}]},{"@type":"WebSite","@id":"https:\/\/bozza.com\/#website","url":"https:\/\/bozza.com\/","name":"Bozza","description":"Solu\u00e7\u00f5es em Lubrifica\u00e7\u00e3o","publisher":{"@id":"https:\/\/bozza.com\/#organization"},"potentialAction":[{"@type":"SearchAction","target":{"@type":"EntryPoint","urlTemplate":"https:\/\/bozza.com\/?s={search_term_string}"},"query-input":{"@type":"PropertyValueSpecification","valueRequired":true,"valueName":"search_term_string"}}],"inLanguage":"en-US"},{"@type":"Organization","@id":"https:\/\/bozza.com\/#organization","name":"Bozza","url":"https:\/\/bozza.com\/","logo":{"@type":"ImageObject","inLanguage":"en-US","@id":"https:\/\/bozza.com\/#\/schema\/logo\/image\/","url":"","contentUrl":"","caption":"Bozza"},"image":{"@id":"https:\/\/bozza.com\/#\/schema\/logo\/image\/"},"sameAs":["https:\/\/www.facebook.com\/bozza.oficial\/","https:\/\/www.instagram.com\/bozzaoficial\/","https:\/\/www.linkedin.com\/company\/bozza\/","https:\/\/www.youtube.com\/channel\/UCQRiHYNpM4VQWF9YxVgSTsw?view_as=subscriber"]}]}},"_links":{"self":[{"href":"https:\/\/bozza.com\/en\/wp-json\/wp\/v2\/product\/64275","targetHints":{"allow":["GET"]}}],"collection":[{"href":"https:\/\/bozza.com\/en\/wp-json\/wp\/v2\/product"}],"about":[{"href":"https:\/\/bozza.com\/en\/wp-json\/wp\/v2\/types\/product"}],"wp:featuredmedia":[{"embeddable":true,"href":"https:\/\/bozza.com\/en\/wp-json\/wp\/v2\/media\/61208"}],"wp:attachment":[{"href":"https:\/\/bozza.com\/en\/wp-json\/wp\/v2\/media?parent=64275"}],"wp:term":[{"taxonomy":"product_brand","embeddable":true,"href":"https:\/\/bozza.com\/en\/wp-json\/wp\/v2\/product_brand?post=64275"},{"taxonomy":"product_cat","embeddable":true,"href":"https:\/\/bozza.com\/en\/wp-json\/wp\/v2\/product_cat?post=64275"},{"taxonomy":"product_tag","embeddable":true,"href":"https:\/\/bozza.com\/en\/wp-json\/wp\/v2\/product_tag?post=64275"}],"curies":[{"name":"wp","href":"https:\/\/api.w.org\/{rel}","templated":true}]}}