{"id":64280,"date":"2023-08-15T11:55:58","date_gmt":"2023-08-15T14:55:58","guid":{"rendered":"https:\/\/www.bozza.com\/produto\/extensao-flexivel-1m-bomba-graxa-5651f\/"},"modified":"2026-03-19T15:23:24","modified_gmt":"2026-03-19T18:23:24","slug":"extensao-flexivel-1m-bomba-graxa-5651f","status":"publish","type":"product","link":"https:\/\/bozza.com\/en\/produto\/extensao-flexivel-1m-bomba-graxa-5651f\/","title":{"rendered":"Flexible Extension 1m for Grease Pumps &#8211; 5651-F"},"content":{"rendered":"<ul>\n<li>High resistance against corrosion and wear of components;<\/li>\n<li>Light and compact, reduces physical effort for the operator;<\/li>\n<li>4 coupling jaws for lubrication pins.<\/li>\n<\/ul>\n","protected":false},"excerpt":{"rendered":"<p>Flexible 1 meter extension applicable to all manual pumps, allowing better mobility for the operator in difficult-to-access applications. Recommended for high pressure grease transfer.<\/p>\n","protected":false},"featured_media":59873,"template":"","meta":{"_acf_changed":false},"product_brand":[],"product_cat":[472,1006,460,461],"product_tag":[517,518,466],"class_list":{"0":"post-64280","1":"product","2":"type-product","3":"status-publish","4":"has-post-thumbnail","6":"product_cat-accessories","7":"product_cat-for-grease","8":"product_cat-manual-pump","9":"product_cat-releases","10":"product_tag-agropecuaria-en","11":"product_tag-automotivo-en","12":"product_tag-industria-en","14":"first","15":"instock","16":"shipping-taxable","17":"product-type-simple"},"acf":[],"yoast_head":"<!-- This site is optimized with the Yoast SEO plugin v26.9 - https:\/\/yoast.com\/product\/yoast-seo-wordpress\/ -->\n<title>Flexible Extension 1m for Grease Pumps - 5651-F | Bozza<\/title>\n<meta name=\"description\" content=\"Extensa\u0303o flexi\u0301vel de 1 metro aplica\u0301vel em todas as bombas manuais, permitindo melhor mobilidade para o operador em aplica\u00e7\u00f5es de dif\u00edcil acesso. Recomendada para transfer\u00eancia de graxa com alta press\u00e3o.\" \/>\n<meta name=\"robots\" content=\"index, follow, max-snippet:-1, max-image-preview:large, max-video-preview:-1\" \/>\n<link rel=\"canonical\" href=\"https:\/\/bozza.com\/en\/produto\/extensao-flexivel-1m-bomba-graxa-5651f\/\" \/>\n<meta property=\"og:locale\" content=\"en_US\" \/>\n<meta property=\"og:type\" content=\"article\" \/>\n<meta property=\"og:title\" content=\"Flexible Extension 1m for Grease Pumps - 5651-F | Bozza\" \/>\n<meta property=\"og:description\" content=\"Extensa\u0303o flexi\u0301vel de 1 metro aplica\u0301vel em todas as bombas manuais, permitindo melhor mobilidade para o operador em aplica\u00e7\u00f5es de dif\u00edcil acesso. Recomendada para transfer\u00eancia de graxa com alta press\u00e3o.\" \/>\n<meta property=\"og:url\" content=\"https:\/\/bozza.com\/en\/produto\/extensao-flexivel-1m-bomba-graxa-5651f\/\" \/>\n<meta property=\"og:site_name\" content=\"Bozza\" \/>\n<meta property=\"article:publisher\" content=\"https:\/\/www.facebook.com\/bozza.oficial\/\" \/>\n<meta property=\"article:modified_time\" content=\"2026-03-19T18:23:24+00:00\" \/>\n<meta property=\"og:image\" content=\"https:\/\/bozza.com\/wp-content\/uploads\/2023\/08\/12.231.0001_5651-F_7029-PREMIUM-G3-scaled.jpg\" \/>\n\t<meta property=\"og:image:width\" content=\"2560\" \/>\n\t<meta property=\"og:image:height\" content=\"2560\" \/>\n\t<meta property=\"og:image:type\" content=\"image\/jpeg\" \/>\n<meta name=\"twitter:card\" content=\"summary_large_image\" \/>\n<meta name=\"twitter:label1\" content=\"Est. reading time\" \/>\n\t<meta name=\"twitter:data1\" content=\"1 minute\" \/>\n<script type=\"application\/ld+json\" class=\"yoast-schema-graph\">{\"@context\":\"https:\/\/schema.org\",\"@graph\":[{\"@type\":\"WebPage\",\"@id\":\"https:\/\/bozza.com\/en\/produto\/extensao-flexivel-1m-bomba-graxa-5651f\/\",\"url\":\"https:\/\/bozza.com\/en\/produto\/extensao-flexivel-1m-bomba-graxa-5651f\/\",\"name\":\"Flexible Extension 1m for Grease Pumps - 5651-F | Bozza\",\"isPartOf\":{\"@id\":\"https:\/\/bozza.com\/#website\"},\"primaryImageOfPage\":{\"@id\":\"https:\/\/bozza.com\/en\/produto\/extensao-flexivel-1m-bomba-graxa-5651f\/#primaryimage\"},\"image\":{\"@id\":\"https:\/\/bozza.com\/en\/produto\/extensao-flexivel-1m-bomba-graxa-5651f\/#primaryimage\"},\"thumbnailUrl\":\"https:\/\/bozza.com\/wp-content\/uploads\/2023\/08\/12.231.0001_5651-F_7029-PREMIUM-G3-scaled.jpg\",\"datePublished\":\"2023-08-15T14:55:58+00:00\",\"dateModified\":\"2026-03-19T18:23:24+00:00\",\"description\":\"Extensa\u0303o flexi\u0301vel de 1 metro aplica\u0301vel em todas as bombas manuais, permitindo melhor mobilidade para o operador em aplica\u00e7\u00f5es de dif\u00edcil acesso. Recomendada para transfer\u00eancia de graxa com alta press\u00e3o.\",\"breadcrumb\":{\"@id\":\"https:\/\/bozza.com\/en\/produto\/extensao-flexivel-1m-bomba-graxa-5651f\/#breadcrumb\"},\"inLanguage\":\"en-US\",\"potentialAction\":[{\"@type\":\"ReadAction\",\"target\":[\"https:\/\/bozza.com\/en\/produto\/extensao-flexivel-1m-bomba-graxa-5651f\/\"]}]},{\"@type\":\"ImageObject\",\"inLanguage\":\"en-US\",\"@id\":\"https:\/\/bozza.com\/en\/produto\/extensao-flexivel-1m-bomba-graxa-5651f\/#primaryimage\",\"url\":\"https:\/\/bozza.com\/wp-content\/uploads\/2023\/08\/12.231.0001_5651-F_7029-PREMIUM-G3-scaled.jpg\",\"contentUrl\":\"https:\/\/bozza.com\/wp-content\/uploads\/2023\/08\/12.231.0001_5651-F_7029-PREMIUM-G3-scaled.jpg\",\"width\":2560,\"height\":2560},{\"@type\":\"BreadcrumbList\",\"@id\":\"https:\/\/bozza.com\/en\/produto\/extensao-flexivel-1m-bomba-graxa-5651f\/#breadcrumb\",\"itemListElement\":[{\"@type\":\"ListItem\",\"position\":1,\"name\":\"In\u00edcio\",\"item\":\"https:\/\/bozza.com\/\"},{\"@type\":\"ListItem\",\"position\":2,\"name\":\"Produtos\",\"item\":\"https:\/\/bozza.com\/?page_id=70036\"},{\"@type\":\"ListItem\",\"position\":3,\"name\":\"Flexible Extension 1m for Grease Pumps &#8211; 5651-F\"}]},{\"@type\":\"WebSite\",\"@id\":\"https:\/\/bozza.com\/#website\",\"url\":\"https:\/\/bozza.com\/\",\"name\":\"Bozza\",\"description\":\"Solu\u00e7\u00f5es em Lubrifica\u00e7\u00e3o\",\"publisher\":{\"@id\":\"https:\/\/bozza.com\/#organization\"},\"potentialAction\":[{\"@type\":\"SearchAction\",\"target\":{\"@type\":\"EntryPoint\",\"urlTemplate\":\"https:\/\/bozza.com\/?s={search_term_string}\"},\"query-input\":{\"@type\":\"PropertyValueSpecification\",\"valueRequired\":true,\"valueName\":\"search_term_string\"}}],\"inLanguage\":\"en-US\"},{\"@type\":\"Organization\",\"@id\":\"https:\/\/bozza.com\/#organization\",\"name\":\"Bozza\",\"url\":\"https:\/\/bozza.com\/\",\"logo\":{\"@type\":\"ImageObject\",\"inLanguage\":\"en-US\",\"@id\":\"https:\/\/bozza.com\/#\/schema\/logo\/image\/\",\"url\":\"\",\"contentUrl\":\"\",\"caption\":\"Bozza\"},\"image\":{\"@id\":\"https:\/\/bozza.com\/#\/schema\/logo\/image\/\"},\"sameAs\":[\"https:\/\/www.facebook.com\/bozza.oficial\/\",\"https:\/\/www.instagram.com\/bozzaoficial\/\",\"https:\/\/www.linkedin.com\/company\/bozza\/\",\"https:\/\/www.youtube.com\/channel\/UCQRiHYNpM4VQWF9YxVgSTsw?view_as=subscriber\"]}]}<\/script>\n<!-- \/ Yoast SEO plugin. -->","yoast_head_json":{"title":"Flexible Extension 1m for Grease Pumps - 5651-F | Bozza","description":"Extensa\u0303o flexi\u0301vel de 1 metro aplica\u0301vel em todas as bombas manuais, permitindo melhor mobilidade para o operador em aplica\u00e7\u00f5es de dif\u00edcil acesso. Recomendada para transfer\u00eancia de graxa com alta press\u00e3o.","robots":{"index":"index","follow":"follow","max-snippet":"max-snippet:-1","max-image-preview":"max-image-preview:large","max-video-preview":"max-video-preview:-1"},"canonical":"https:\/\/bozza.com\/en\/produto\/extensao-flexivel-1m-bomba-graxa-5651f\/","og_locale":"en_US","og_type":"article","og_title":"Flexible Extension 1m for Grease Pumps - 5651-F | Bozza","og_description":"Extensa\u0303o flexi\u0301vel de 1 metro aplica\u0301vel em todas as bombas manuais, permitindo melhor mobilidade para o operador em aplica\u00e7\u00f5es de dif\u00edcil acesso. Recomendada para transfer\u00eancia de graxa com alta press\u00e3o.","og_url":"https:\/\/bozza.com\/en\/produto\/extensao-flexivel-1m-bomba-graxa-5651f\/","og_site_name":"Bozza","article_publisher":"https:\/\/www.facebook.com\/bozza.oficial\/","article_modified_time":"2026-03-19T18:23:24+00:00","og_image":[{"width":2560,"height":2560,"url":"https:\/\/bozza.com\/wp-content\/uploads\/2023\/08\/12.231.0001_5651-F_7029-PREMIUM-G3-scaled.jpg","type":"image\/jpeg"}],"twitter_card":"summary_large_image","twitter_misc":{"Est. reading time":"1 minute"},"schema":{"@context":"https:\/\/schema.org","@graph":[{"@type":"WebPage","@id":"https:\/\/bozza.com\/en\/produto\/extensao-flexivel-1m-bomba-graxa-5651f\/","url":"https:\/\/bozza.com\/en\/produto\/extensao-flexivel-1m-bomba-graxa-5651f\/","name":"Flexible Extension 1m for Grease Pumps - 5651-F | Bozza","isPartOf":{"@id":"https:\/\/bozza.com\/#website"},"primaryImageOfPage":{"@id":"https:\/\/bozza.com\/en\/produto\/extensao-flexivel-1m-bomba-graxa-5651f\/#primaryimage"},"image":{"@id":"https:\/\/bozza.com\/en\/produto\/extensao-flexivel-1m-bomba-graxa-5651f\/#primaryimage"},"thumbnailUrl":"https:\/\/bozza.com\/wp-content\/uploads\/2023\/08\/12.231.0001_5651-F_7029-PREMIUM-G3-scaled.jpg","datePublished":"2023-08-15T14:55:58+00:00","dateModified":"2026-03-19T18:23:24+00:00","description":"Extensa\u0303o flexi\u0301vel de 1 metro aplica\u0301vel em todas as bombas manuais, permitindo melhor mobilidade para o operador em aplica\u00e7\u00f5es de dif\u00edcil acesso. Recomendada para transfer\u00eancia de graxa com alta press\u00e3o.","breadcrumb":{"@id":"https:\/\/bozza.com\/en\/produto\/extensao-flexivel-1m-bomba-graxa-5651f\/#breadcrumb"},"inLanguage":"en-US","potentialAction":[{"@type":"ReadAction","target":["https:\/\/bozza.com\/en\/produto\/extensao-flexivel-1m-bomba-graxa-5651f\/"]}]},{"@type":"ImageObject","inLanguage":"en-US","@id":"https:\/\/bozza.com\/en\/produto\/extensao-flexivel-1m-bomba-graxa-5651f\/#primaryimage","url":"https:\/\/bozza.com\/wp-content\/uploads\/2023\/08\/12.231.0001_5651-F_7029-PREMIUM-G3-scaled.jpg","contentUrl":"https:\/\/bozza.com\/wp-content\/uploads\/2023\/08\/12.231.0001_5651-F_7029-PREMIUM-G3-scaled.jpg","width":2560,"height":2560},{"@type":"BreadcrumbList","@id":"https:\/\/bozza.com\/en\/produto\/extensao-flexivel-1m-bomba-graxa-5651f\/#breadcrumb","itemListElement":[{"@type":"ListItem","position":1,"name":"In\u00edcio","item":"https:\/\/bozza.com\/"},{"@type":"ListItem","position":2,"name":"Produtos","item":"https:\/\/bozza.com\/?page_id=70036"},{"@type":"ListItem","position":3,"name":"Flexible Extension 1m for Grease Pumps &#8211; 5651-F"}]},{"@type":"WebSite","@id":"https:\/\/bozza.com\/#website","url":"https:\/\/bozza.com\/","name":"Bozza","description":"Solu\u00e7\u00f5es em Lubrifica\u00e7\u00e3o","publisher":{"@id":"https:\/\/bozza.com\/#organization"},"potentialAction":[{"@type":"SearchAction","target":{"@type":"EntryPoint","urlTemplate":"https:\/\/bozza.com\/?s={search_term_string}"},"query-input":{"@type":"PropertyValueSpecification","valueRequired":true,"valueName":"search_term_string"}}],"inLanguage":"en-US"},{"@type":"Organization","@id":"https:\/\/bozza.com\/#organization","name":"Bozza","url":"https:\/\/bozza.com\/","logo":{"@type":"ImageObject","inLanguage":"en-US","@id":"https:\/\/bozza.com\/#\/schema\/logo\/image\/","url":"","contentUrl":"","caption":"Bozza"},"image":{"@id":"https:\/\/bozza.com\/#\/schema\/logo\/image\/"},"sameAs":["https:\/\/www.facebook.com\/bozza.oficial\/","https:\/\/www.instagram.com\/bozzaoficial\/","https:\/\/www.linkedin.com\/company\/bozza\/","https:\/\/www.youtube.com\/channel\/UCQRiHYNpM4VQWF9YxVgSTsw?view_as=subscriber"]}]}},"_links":{"self":[{"href":"https:\/\/bozza.com\/en\/wp-json\/wp\/v2\/product\/64280","targetHints":{"allow":["GET"]}}],"collection":[{"href":"https:\/\/bozza.com\/en\/wp-json\/wp\/v2\/product"}],"about":[{"href":"https:\/\/bozza.com\/en\/wp-json\/wp\/v2\/types\/product"}],"wp:featuredmedia":[{"embeddable":true,"href":"https:\/\/bozza.com\/en\/wp-json\/wp\/v2\/media\/59873"}],"wp:attachment":[{"href":"https:\/\/bozza.com\/en\/wp-json\/wp\/v2\/media?parent=64280"}],"wp:term":[{"taxonomy":"product_brand","embeddable":true,"href":"https:\/\/bozza.com\/en\/wp-json\/wp\/v2\/product_brand?post=64280"},{"taxonomy":"product_cat","embeddable":true,"href":"https:\/\/bozza.com\/en\/wp-json\/wp\/v2\/product_cat?post=64280"},{"taxonomy":"product_tag","embeddable":true,"href":"https:\/\/bozza.com\/en\/wp-json\/wp\/v2\/product_tag?post=64280"}],"curies":[{"name":"wp","href":"https:\/\/api.w.org\/{rel}","templated":true}]}}