{"id":64282,"date":"2023-05-29T11:30:04","date_gmt":"2023-05-29T14:30:04","guid":{"rendered":"https:\/\/www.bozza.com\/produto\/bomba-eletrica-a-bateria-para-graxa-400gr-7029-premium-g3\/"},"modified":"2026-03-19T15:24:56","modified_gmt":"2026-03-19T18:24:56","slug":"bomba-eletrica-a-bateria-para-graxa-400gr-7029-premium-g3","status":"publish","type":"product","link":"https:\/\/bozza.com\/en\/produto\/bomba-eletrica-a-bateria-para-graxa-400gr-7029-premium-g3\/","title":{"rendered":"Electric Battery Pump for Grease 400g 7029 PREMIUM-G3"},"content":{"rendered":"<ul>\n<li>Battery-powered grease pump;<\/li>\n<li>Light and portable, easy lubrication in difficult to access places;<\/li>\n<li>Reduces maintenance of machines that require lubrication;<\/li>\n<li>Allows the use of a 400g grease cartridge;<\/li>\n<li>Allows 500g bulk grease refill capacity;<\/li>\n<li>Efficiency and agility in lubrication;<\/li>\n<li>Reinforced carrying case;<\/li>\n<li>Acts by pressure, trigger system;<\/li>\n<li>Automatic bivolt charger (110V\/220V);<\/li>\n<\/ul>\n","protected":false},"excerpt":{"rendered":"<p>Battery-powered electric grease pump 7029-premium G3, recommended for customers who use cartridge or bulk packaging and have low lubrication periodicity and grease consumption, application in difficult-to-access places, does not require the use of compressed air, ideal for the entire segment of industries, agriculture, fleets that require fast and efficient lubrication.<\/p>\n","protected":false},"featured_media":58825,"template":"","meta":{"_acf_changed":false},"product_brand":[],"product_cat":[463,1006,460,461],"product_tag":[517,464,585,485,149,477,466],"class_list":{"0":"post-64282","1":"product","2":"type-product","3":"status-publish","4":"has-post-thumbnail","6":"product_cat-all-products","7":"product_cat-for-grease","8":"product_cat-manual-pump","9":"product_cat-releases","10":"product_tag-agropecuaria-en","11":"product_tag-agricultura-en","12":"product_tag-automatica-en","13":"product_tag-eletrica-en","14":"product_tag-grease","15":"product_tag-graxa-en","16":"product_tag-industria-en","18":"first","19":"instock","20":"shipping-taxable","21":"product-type-simple"},"acf":[],"yoast_head":"<!-- This site is optimized with the Yoast SEO plugin v26.9 - https:\/\/yoast.com\/product\/yoast-seo-wordpress\/ -->\n<title>Electric Battery Pump for Grease 400g 7029 PREMIUM-G3 | Bozza<\/title>\n<meta name=\"description\" content=\"Bomba el\u00e9trica a bateria para graxa 7029-premium G3, recomendada para clientes que utilizam embalagem cartucho ou granel e possuem baixa periodicidade de lubrifica\u00e7\u00e3o e consumo de graxa, aplica\u00e7\u00e3o em locais de dif\u00edcil acesso, dispensa o uso de ar comprimido, ideal para todo o segmento de ind\u00fastrias, agro, frotas que exige uma lubrifica\u00e7\u00e3o r\u00e1pida e eficiente.\" \/>\n<meta name=\"robots\" content=\"index, follow, max-snippet:-1, max-image-preview:large, max-video-preview:-1\" \/>\n<link rel=\"canonical\" href=\"https:\/\/bozza.com\/en\/produto\/bomba-eletrica-a-bateria-para-graxa-400gr-7029-premium-g3\/\" \/>\n<meta property=\"og:locale\" content=\"en_US\" \/>\n<meta property=\"og:type\" content=\"article\" \/>\n<meta property=\"og:title\" content=\"Electric Battery Pump for Grease 400g 7029 PREMIUM-G3 | Bozza\" \/>\n<meta property=\"og:description\" content=\"Bomba el\u00e9trica a bateria para graxa 7029-premium G3, recomendada para clientes que utilizam embalagem cartucho ou granel e possuem baixa periodicidade de lubrifica\u00e7\u00e3o e consumo de graxa, aplica\u00e7\u00e3o em locais de dif\u00edcil acesso, dispensa o uso de ar comprimido, ideal para todo o segmento de ind\u00fastrias, agro, frotas que exige uma lubrifica\u00e7\u00e3o r\u00e1pida e eficiente.\" \/>\n<meta property=\"og:url\" content=\"https:\/\/bozza.com\/en\/produto\/bomba-eletrica-a-bateria-para-graxa-400gr-7029-premium-g3\/\" \/>\n<meta property=\"og:site_name\" content=\"Bozza\" \/>\n<meta property=\"article:publisher\" content=\"https:\/\/www.facebook.com\/bozza.oficial\/\" \/>\n<meta property=\"article:modified_time\" content=\"2026-03-19T18:24:56+00:00\" \/>\n<meta property=\"og:image\" content=\"https:\/\/bozza.com\/wp-content\/uploads\/2023\/05\/12.421.0055_7029-PREMIUM-G3_BOMBA-ELETRICA-A-BATERIA-GRAXA.jpg\" \/>\n\t<meta property=\"og:image:width\" content=\"1080\" \/>\n\t<meta property=\"og:image:height\" content=\"1080\" \/>\n\t<meta property=\"og:image:type\" content=\"image\/jpeg\" \/>\n<meta name=\"twitter:card\" content=\"summary_large_image\" \/>\n<meta name=\"twitter:label1\" content=\"Est. reading time\" \/>\n\t<meta name=\"twitter:data1\" content=\"1 minute\" \/>\n<script type=\"application\/ld+json\" class=\"yoast-schema-graph\">{\"@context\":\"https:\/\/schema.org\",\"@graph\":[{\"@type\":\"WebPage\",\"@id\":\"https:\/\/bozza.com\/en\/produto\/bomba-eletrica-a-bateria-para-graxa-400gr-7029-premium-g3\/\",\"url\":\"https:\/\/bozza.com\/en\/produto\/bomba-eletrica-a-bateria-para-graxa-400gr-7029-premium-g3\/\",\"name\":\"Electric Battery Pump for Grease 400g 7029 PREMIUM-G3 | Bozza\",\"isPartOf\":{\"@id\":\"https:\/\/bozza.com\/#website\"},\"primaryImageOfPage\":{\"@id\":\"https:\/\/bozza.com\/en\/produto\/bomba-eletrica-a-bateria-para-graxa-400gr-7029-premium-g3\/#primaryimage\"},\"image\":{\"@id\":\"https:\/\/bozza.com\/en\/produto\/bomba-eletrica-a-bateria-para-graxa-400gr-7029-premium-g3\/#primaryimage\"},\"thumbnailUrl\":\"https:\/\/bozza.com\/wp-content\/uploads\/2023\/05\/12.421.0055_7029-PREMIUM-G3_BOMBA-ELETRICA-A-BATERIA-GRAXA.jpg\",\"datePublished\":\"2023-05-29T14:30:04+00:00\",\"dateModified\":\"2026-03-19T18:24:56+00:00\",\"description\":\"Bomba el\u00e9trica a bateria para graxa 7029-premium G3, recomendada para clientes que utilizam embalagem cartucho ou granel e possuem baixa periodicidade de lubrifica\u00e7\u00e3o e consumo de graxa, aplica\u00e7\u00e3o em locais de dif\u00edcil acesso, dispensa o uso de ar comprimido, ideal para todo o segmento de ind\u00fastrias, agro, frotas que exige uma lubrifica\u00e7\u00e3o r\u00e1pida e eficiente.\",\"breadcrumb\":{\"@id\":\"https:\/\/bozza.com\/en\/produto\/bomba-eletrica-a-bateria-para-graxa-400gr-7029-premium-g3\/#breadcrumb\"},\"inLanguage\":\"en-US\",\"potentialAction\":[{\"@type\":\"ReadAction\",\"target\":[\"https:\/\/bozza.com\/en\/produto\/bomba-eletrica-a-bateria-para-graxa-400gr-7029-premium-g3\/\"]}]},{\"@type\":\"ImageObject\",\"inLanguage\":\"en-US\",\"@id\":\"https:\/\/bozza.com\/en\/produto\/bomba-eletrica-a-bateria-para-graxa-400gr-7029-premium-g3\/#primaryimage\",\"url\":\"https:\/\/bozza.com\/wp-content\/uploads\/2023\/05\/12.421.0055_7029-PREMIUM-G3_BOMBA-ELETRICA-A-BATERIA-GRAXA.jpg\",\"contentUrl\":\"https:\/\/bozza.com\/wp-content\/uploads\/2023\/05\/12.421.0055_7029-PREMIUM-G3_BOMBA-ELETRICA-A-BATERIA-GRAXA.jpg\",\"width\":1080,\"height\":1080},{\"@type\":\"BreadcrumbList\",\"@id\":\"https:\/\/bozza.com\/en\/produto\/bomba-eletrica-a-bateria-para-graxa-400gr-7029-premium-g3\/#breadcrumb\",\"itemListElement\":[{\"@type\":\"ListItem\",\"position\":1,\"name\":\"In\u00edcio\",\"item\":\"https:\/\/bozza.com\/\"},{\"@type\":\"ListItem\",\"position\":2,\"name\":\"Produtos\",\"item\":\"https:\/\/bozza.com\/?page_id=70036\"},{\"@type\":\"ListItem\",\"position\":3,\"name\":\"Electric Battery Pump for Grease 400g 7029 PREMIUM-G3\"}]},{\"@type\":\"WebSite\",\"@id\":\"https:\/\/bozza.com\/#website\",\"url\":\"https:\/\/bozza.com\/\",\"name\":\"Bozza\",\"description\":\"Solu\u00e7\u00f5es em Lubrifica\u00e7\u00e3o\",\"publisher\":{\"@id\":\"https:\/\/bozza.com\/#organization\"},\"potentialAction\":[{\"@type\":\"SearchAction\",\"target\":{\"@type\":\"EntryPoint\",\"urlTemplate\":\"https:\/\/bozza.com\/?s={search_term_string}\"},\"query-input\":{\"@type\":\"PropertyValueSpecification\",\"valueRequired\":true,\"valueName\":\"search_term_string\"}}],\"inLanguage\":\"en-US\"},{\"@type\":\"Organization\",\"@id\":\"https:\/\/bozza.com\/#organization\",\"name\":\"Bozza\",\"url\":\"https:\/\/bozza.com\/\",\"logo\":{\"@type\":\"ImageObject\",\"inLanguage\":\"en-US\",\"@id\":\"https:\/\/bozza.com\/#\/schema\/logo\/image\/\",\"url\":\"\",\"contentUrl\":\"\",\"caption\":\"Bozza\"},\"image\":{\"@id\":\"https:\/\/bozza.com\/#\/schema\/logo\/image\/\"},\"sameAs\":[\"https:\/\/www.facebook.com\/bozza.oficial\/\",\"https:\/\/www.instagram.com\/bozzaoficial\/\",\"https:\/\/www.linkedin.com\/company\/bozza\/\",\"https:\/\/www.youtube.com\/channel\/UCQRiHYNpM4VQWF9YxVgSTsw?view_as=subscriber\"]}]}<\/script>\n<!-- \/ Yoast SEO plugin. -->","yoast_head_json":{"title":"Electric Battery Pump for Grease 400g 7029 PREMIUM-G3 | Bozza","description":"Bomba el\u00e9trica a bateria para graxa 7029-premium G3, recomendada para clientes que utilizam embalagem cartucho ou granel e possuem baixa periodicidade de lubrifica\u00e7\u00e3o e consumo de graxa, aplica\u00e7\u00e3o em locais de dif\u00edcil acesso, dispensa o uso de ar comprimido, ideal para todo o segmento de ind\u00fastrias, agro, frotas que exige uma lubrifica\u00e7\u00e3o r\u00e1pida e eficiente.","robots":{"index":"index","follow":"follow","max-snippet":"max-snippet:-1","max-image-preview":"max-image-preview:large","max-video-preview":"max-video-preview:-1"},"canonical":"https:\/\/bozza.com\/en\/produto\/bomba-eletrica-a-bateria-para-graxa-400gr-7029-premium-g3\/","og_locale":"en_US","og_type":"article","og_title":"Electric Battery Pump for Grease 400g 7029 PREMIUM-G3 | Bozza","og_description":"Bomba el\u00e9trica a bateria para graxa 7029-premium G3, recomendada para clientes que utilizam embalagem cartucho ou granel e possuem baixa periodicidade de lubrifica\u00e7\u00e3o e consumo de graxa, aplica\u00e7\u00e3o em locais de dif\u00edcil acesso, dispensa o uso de ar comprimido, ideal para todo o segmento de ind\u00fastrias, agro, frotas que exige uma lubrifica\u00e7\u00e3o r\u00e1pida e eficiente.","og_url":"https:\/\/bozza.com\/en\/produto\/bomba-eletrica-a-bateria-para-graxa-400gr-7029-premium-g3\/","og_site_name":"Bozza","article_publisher":"https:\/\/www.facebook.com\/bozza.oficial\/","article_modified_time":"2026-03-19T18:24:56+00:00","og_image":[{"width":1080,"height":1080,"url":"https:\/\/bozza.com\/wp-content\/uploads\/2023\/05\/12.421.0055_7029-PREMIUM-G3_BOMBA-ELETRICA-A-BATERIA-GRAXA.jpg","type":"image\/jpeg"}],"twitter_card":"summary_large_image","twitter_misc":{"Est. reading time":"1 minute"},"schema":{"@context":"https:\/\/schema.org","@graph":[{"@type":"WebPage","@id":"https:\/\/bozza.com\/en\/produto\/bomba-eletrica-a-bateria-para-graxa-400gr-7029-premium-g3\/","url":"https:\/\/bozza.com\/en\/produto\/bomba-eletrica-a-bateria-para-graxa-400gr-7029-premium-g3\/","name":"Electric Battery Pump for Grease 400g 7029 PREMIUM-G3 | Bozza","isPartOf":{"@id":"https:\/\/bozza.com\/#website"},"primaryImageOfPage":{"@id":"https:\/\/bozza.com\/en\/produto\/bomba-eletrica-a-bateria-para-graxa-400gr-7029-premium-g3\/#primaryimage"},"image":{"@id":"https:\/\/bozza.com\/en\/produto\/bomba-eletrica-a-bateria-para-graxa-400gr-7029-premium-g3\/#primaryimage"},"thumbnailUrl":"https:\/\/bozza.com\/wp-content\/uploads\/2023\/05\/12.421.0055_7029-PREMIUM-G3_BOMBA-ELETRICA-A-BATERIA-GRAXA.jpg","datePublished":"2023-05-29T14:30:04+00:00","dateModified":"2026-03-19T18:24:56+00:00","description":"Bomba el\u00e9trica a bateria para graxa 7029-premium G3, recomendada para clientes que utilizam embalagem cartucho ou granel e possuem baixa periodicidade de lubrifica\u00e7\u00e3o e consumo de graxa, aplica\u00e7\u00e3o em locais de dif\u00edcil acesso, dispensa o uso de ar comprimido, ideal para todo o segmento de ind\u00fastrias, agro, frotas que exige uma lubrifica\u00e7\u00e3o r\u00e1pida e eficiente.","breadcrumb":{"@id":"https:\/\/bozza.com\/en\/produto\/bomba-eletrica-a-bateria-para-graxa-400gr-7029-premium-g3\/#breadcrumb"},"inLanguage":"en-US","potentialAction":[{"@type":"ReadAction","target":["https:\/\/bozza.com\/en\/produto\/bomba-eletrica-a-bateria-para-graxa-400gr-7029-premium-g3\/"]}]},{"@type":"ImageObject","inLanguage":"en-US","@id":"https:\/\/bozza.com\/en\/produto\/bomba-eletrica-a-bateria-para-graxa-400gr-7029-premium-g3\/#primaryimage","url":"https:\/\/bozza.com\/wp-content\/uploads\/2023\/05\/12.421.0055_7029-PREMIUM-G3_BOMBA-ELETRICA-A-BATERIA-GRAXA.jpg","contentUrl":"https:\/\/bozza.com\/wp-content\/uploads\/2023\/05\/12.421.0055_7029-PREMIUM-G3_BOMBA-ELETRICA-A-BATERIA-GRAXA.jpg","width":1080,"height":1080},{"@type":"BreadcrumbList","@id":"https:\/\/bozza.com\/en\/produto\/bomba-eletrica-a-bateria-para-graxa-400gr-7029-premium-g3\/#breadcrumb","itemListElement":[{"@type":"ListItem","position":1,"name":"In\u00edcio","item":"https:\/\/bozza.com\/"},{"@type":"ListItem","position":2,"name":"Produtos","item":"https:\/\/bozza.com\/?page_id=70036"},{"@type":"ListItem","position":3,"name":"Electric Battery Pump for Grease 400g 7029 PREMIUM-G3"}]},{"@type":"WebSite","@id":"https:\/\/bozza.com\/#website","url":"https:\/\/bozza.com\/","name":"Bozza","description":"Solu\u00e7\u00f5es em Lubrifica\u00e7\u00e3o","publisher":{"@id":"https:\/\/bozza.com\/#organization"},"potentialAction":[{"@type":"SearchAction","target":{"@type":"EntryPoint","urlTemplate":"https:\/\/bozza.com\/?s={search_term_string}"},"query-input":{"@type":"PropertyValueSpecification","valueRequired":true,"valueName":"search_term_string"}}],"inLanguage":"en-US"},{"@type":"Organization","@id":"https:\/\/bozza.com\/#organization","name":"Bozza","url":"https:\/\/bozza.com\/","logo":{"@type":"ImageObject","inLanguage":"en-US","@id":"https:\/\/bozza.com\/#\/schema\/logo\/image\/","url":"","contentUrl":"","caption":"Bozza"},"image":{"@id":"https:\/\/bozza.com\/#\/schema\/logo\/image\/"},"sameAs":["https:\/\/www.facebook.com\/bozza.oficial\/","https:\/\/www.instagram.com\/bozzaoficial\/","https:\/\/www.linkedin.com\/company\/bozza\/","https:\/\/www.youtube.com\/channel\/UCQRiHYNpM4VQWF9YxVgSTsw?view_as=subscriber"]}]}},"_links":{"self":[{"href":"https:\/\/bozza.com\/en\/wp-json\/wp\/v2\/product\/64282","targetHints":{"allow":["GET"]}}],"collection":[{"href":"https:\/\/bozza.com\/en\/wp-json\/wp\/v2\/product"}],"about":[{"href":"https:\/\/bozza.com\/en\/wp-json\/wp\/v2\/types\/product"}],"wp:featuredmedia":[{"embeddable":true,"href":"https:\/\/bozza.com\/en\/wp-json\/wp\/v2\/media\/58825"}],"wp:attachment":[{"href":"https:\/\/bozza.com\/en\/wp-json\/wp\/v2\/media?parent=64282"}],"wp:term":[{"taxonomy":"product_brand","embeddable":true,"href":"https:\/\/bozza.com\/en\/wp-json\/wp\/v2\/product_brand?post=64282"},{"taxonomy":"product_cat","embeddable":true,"href":"https:\/\/bozza.com\/en\/wp-json\/wp\/v2\/product_cat?post=64282"},{"taxonomy":"product_tag","embeddable":true,"href":"https:\/\/bozza.com\/en\/wp-json\/wp\/v2\/product_tag?post=64282"}],"curies":[{"name":"wp","href":"https:\/\/api.w.org\/{rel}","templated":true}]}}