{"id":64284,"date":"2023-05-10T16:57:42","date_gmt":"2023-05-10T19:57:42","guid":{"rendered":"https:\/\/www.bozza.com\/produto\/bico-abastecimento-automatico-diesel-medidor-digital-bo-15\/"},"modified":"2026-03-19T15:44:55","modified_gmt":"2026-03-19T18:44:55","slug":"automatic-diesel-fuel-nozzle-digital-meter-bo-15","status":"publish","type":"product","link":"https:\/\/bozza.com\/en\/produto\/automatic-diesel-fuel-nozzle-digital-meter-bo-15\/","title":{"rendered":"Automatic Diesel Fuel Nozzle with Digital Meter &#8211; 15\/16&#8243; &#8211; BO-15"},"content":{"rendered":"<ul>\n<li>Ideal for supplying trucks in general;<\/li>\n<li>Trigger with lock;<\/li>\n<li>Automatic disarming, prevents fuel spillage;<\/li>\n<li>Efficiency and agility in fuel supply in general;<\/li>\n<li>Greater operating speed when supplying;<\/li>\n<li>High resistance against corrosion;<\/li>\n<li>Light and robust product, making it easier for the operator to handle;<\/li>\n<li>Digital meter with partial count and totalizer;<\/li>\n<li>Maximum flow: 65 L\/min;<\/li>\n<li>Thread diameter: 3\/4&#8243; NPT;<\/li>\n<li>Tip diameter: 15\/16&#8243; (24mm);<\/li>\n<li>Max pressure work: 87 PSI (6.0 BAR);<\/li>\n<li>Weight: 1,450 kg;<\/li>\n<li>Dimensions:\u00a0L= 240 x W= 60 x H= 410mm;<\/li>\n<\/ul>\n","protected":false},"excerpt":{"rendered":"<div class=\"page\" title=\"Page 1\">\n<div class=\"layoutArea\">\n<div class=\"column\">\n<p>Diesel Fueling Nozzle 15\/16&#8243;. Ideal for controlling the fueling of trucks in general. Greater operating speed when filling. Efficiency and agility in the supply of fuels in general, such as Alcohol, Diesel, Gasoline and Kerosene.<\/p>\n<\/div>\n<\/div>\n<\/div>\n","protected":false},"featured_media":58468,"template":"","meta":{"_acf_changed":false},"product_brand":[],"product_cat":[463,475,262],"product_tag":[],"class_list":{"0":"post-64284","1":"product","2":"type-product","3":"status-publish","4":"has-post-thumbnail","6":"product_cat-all-products","7":"product_cat-convoy-equipment","8":"product_cat-valves-nozzles-electric-mechanical-meters","10":"first","11":"instock","12":"shipping-taxable","13":"product-type-simple"},"acf":[],"yoast_head":"<!-- This site is optimized with the Yoast SEO plugin v26.9 - https:\/\/yoast.com\/product\/yoast-seo-wordpress\/ -->\n<title>Automatic Diesel Fuel Nozzle with Digital Meter - 15\/16&quot; - BO-15 | Bozza<\/title>\n<meta name=\"robots\" content=\"index, follow, max-snippet:-1, max-image-preview:large, max-video-preview:-1\" \/>\n<link rel=\"canonical\" href=\"https:\/\/bozza.com\/es\/produto\/bico-abastecimento-automatico-diesel-medidor-digital-bo-15\/\" \/>\n<meta property=\"og:locale\" content=\"en_US\" \/>\n<meta property=\"og:type\" content=\"article\" \/>\n<meta property=\"og:title\" content=\"Automatic Diesel Fuel Nozzle with Digital Meter - 15\/16&quot; - BO-15 | Bozza\" \/>\n<meta property=\"og:description\" content=\"Diesel Fueling Nozzle 15\/16&quot;. Ideal for controlling the fueling of trucks in general. Greater operating speed when filling. Efficiency and agility in the supply of fuels in general, such as Alcohol, Diesel, Gasoline and Kerosene.\" \/>\n<meta property=\"og:url\" content=\"https:\/\/bozza.com\/es\/produto\/bico-abastecimento-automatico-diesel-medidor-digital-bo-15\/\" \/>\n<meta property=\"og:site_name\" content=\"Bozza\" \/>\n<meta property=\"article:publisher\" content=\"https:\/\/www.facebook.com\/bozza.oficial\/\" \/>\n<meta property=\"article:modified_time\" content=\"2026-03-19T18:44:55+00:00\" \/>\n<meta property=\"og:image\" content=\"https:\/\/bozza.com\/wp-content\/uploads\/2023\/05\/00.000.0000_0000_BICO-ABASTECIMENTO-MEDIDOR-DIGITAL-AUTO-DIESEL.jpg\" \/>\n\t<meta property=\"og:image:width\" content=\"1080\" \/>\n\t<meta property=\"og:image:height\" content=\"1080\" \/>\n\t<meta property=\"og:image:type\" content=\"image\/jpeg\" \/>\n<meta name=\"twitter:card\" content=\"summary_large_image\" \/>\n<meta name=\"twitter:label1\" content=\"Est. reading time\" \/>\n\t<meta name=\"twitter:data1\" content=\"1 minute\" \/>\n<script type=\"application\/ld+json\" class=\"yoast-schema-graph\">{\"@context\":\"https:\/\/schema.org\",\"@graph\":[{\"@type\":\"WebPage\",\"@id\":\"https:\/\/bozza.com\/es\/produto\/bico-abastecimento-automatico-diesel-medidor-digital-bo-15\/\",\"url\":\"https:\/\/bozza.com\/es\/produto\/bico-abastecimento-automatico-diesel-medidor-digital-bo-15\/\",\"name\":\"Automatic Diesel Fuel Nozzle with Digital Meter - 15\/16\\\" - BO-15 | Bozza\",\"isPartOf\":{\"@id\":\"https:\/\/bozza.com\/#website\"},\"primaryImageOfPage\":{\"@id\":\"https:\/\/bozza.com\/es\/produto\/bico-abastecimento-automatico-diesel-medidor-digital-bo-15\/#primaryimage\"},\"image\":{\"@id\":\"https:\/\/bozza.com\/es\/produto\/bico-abastecimento-automatico-diesel-medidor-digital-bo-15\/#primaryimage\"},\"thumbnailUrl\":\"https:\/\/bozza.com\/wp-content\/uploads\/2023\/05\/00.000.0000_0000_BICO-ABASTECIMENTO-MEDIDOR-DIGITAL-AUTO-DIESEL.jpg\",\"datePublished\":\"2023-05-10T19:57:42+00:00\",\"dateModified\":\"2026-03-19T18:44:55+00:00\",\"breadcrumb\":{\"@id\":\"https:\/\/bozza.com\/es\/produto\/bico-abastecimento-automatico-diesel-medidor-digital-bo-15\/#breadcrumb\"},\"inLanguage\":\"en-US\",\"potentialAction\":[{\"@type\":\"ReadAction\",\"target\":[\"https:\/\/bozza.com\/es\/produto\/bico-abastecimento-automatico-diesel-medidor-digital-bo-15\/\"]}]},{\"@type\":\"ImageObject\",\"inLanguage\":\"en-US\",\"@id\":\"https:\/\/bozza.com\/es\/produto\/bico-abastecimento-automatico-diesel-medidor-digital-bo-15\/#primaryimage\",\"url\":\"https:\/\/bozza.com\/wp-content\/uploads\/2023\/05\/00.000.0000_0000_BICO-ABASTECIMENTO-MEDIDOR-DIGITAL-AUTO-DIESEL.jpg\",\"contentUrl\":\"https:\/\/bozza.com\/wp-content\/uploads\/2023\/05\/00.000.0000_0000_BICO-ABASTECIMENTO-MEDIDOR-DIGITAL-AUTO-DIESEL.jpg\",\"width\":1080,\"height\":1080},{\"@type\":\"BreadcrumbList\",\"@id\":\"https:\/\/bozza.com\/es\/produto\/bico-abastecimento-automatico-diesel-medidor-digital-bo-15\/#breadcrumb\",\"itemListElement\":[{\"@type\":\"ListItem\",\"position\":1,\"name\":\"In\u00edcio\",\"item\":\"https:\/\/bozza.com\/\"},{\"@type\":\"ListItem\",\"position\":2,\"name\":\"Produtos\",\"item\":\"https:\/\/bozza.com\/?page_id=70036\"},{\"@type\":\"ListItem\",\"position\":3,\"name\":\"Automatic Diesel Fuel Nozzle with Digital Meter &#8211; 15\/16&#8243; &#8211; BO-15\"}]},{\"@type\":\"WebSite\",\"@id\":\"https:\/\/bozza.com\/#website\",\"url\":\"https:\/\/bozza.com\/\",\"name\":\"Bozza\",\"description\":\"Solu\u00e7\u00f5es em Lubrifica\u00e7\u00e3o\",\"publisher\":{\"@id\":\"https:\/\/bozza.com\/#organization\"},\"potentialAction\":[{\"@type\":\"SearchAction\",\"target\":{\"@type\":\"EntryPoint\",\"urlTemplate\":\"https:\/\/bozza.com\/?s={search_term_string}\"},\"query-input\":{\"@type\":\"PropertyValueSpecification\",\"valueRequired\":true,\"valueName\":\"search_term_string\"}}],\"inLanguage\":\"en-US\"},{\"@type\":\"Organization\",\"@id\":\"https:\/\/bozza.com\/#organization\",\"name\":\"Bozza\",\"url\":\"https:\/\/bozza.com\/\",\"logo\":{\"@type\":\"ImageObject\",\"inLanguage\":\"en-US\",\"@id\":\"https:\/\/bozza.com\/#\/schema\/logo\/image\/\",\"url\":\"\",\"contentUrl\":\"\",\"caption\":\"Bozza\"},\"image\":{\"@id\":\"https:\/\/bozza.com\/#\/schema\/logo\/image\/\"},\"sameAs\":[\"https:\/\/www.facebook.com\/bozza.oficial\/\",\"https:\/\/www.instagram.com\/bozzaoficial\/\",\"https:\/\/www.linkedin.com\/company\/bozza\/\",\"https:\/\/www.youtube.com\/channel\/UCQRiHYNpM4VQWF9YxVgSTsw?view_as=subscriber\"]}]}<\/script>\n<!-- \/ Yoast SEO plugin. -->","yoast_head_json":{"title":"Automatic Diesel Fuel Nozzle with Digital Meter - 15\/16\" - BO-15 | Bozza","robots":{"index":"index","follow":"follow","max-snippet":"max-snippet:-1","max-image-preview":"max-image-preview:large","max-video-preview":"max-video-preview:-1"},"canonical":"https:\/\/bozza.com\/es\/produto\/bico-abastecimento-automatico-diesel-medidor-digital-bo-15\/","og_locale":"en_US","og_type":"article","og_title":"Automatic Diesel Fuel Nozzle with Digital Meter - 15\/16\" - BO-15 | Bozza","og_description":"Diesel Fueling Nozzle 15\/16\". Ideal for controlling the fueling of trucks in general. Greater operating speed when filling. Efficiency and agility in the supply of fuels in general, such as Alcohol, Diesel, Gasoline and Kerosene.","og_url":"https:\/\/bozza.com\/es\/produto\/bico-abastecimento-automatico-diesel-medidor-digital-bo-15\/","og_site_name":"Bozza","article_publisher":"https:\/\/www.facebook.com\/bozza.oficial\/","article_modified_time":"2026-03-19T18:44:55+00:00","og_image":[{"width":1080,"height":1080,"url":"https:\/\/bozza.com\/wp-content\/uploads\/2023\/05\/00.000.0000_0000_BICO-ABASTECIMENTO-MEDIDOR-DIGITAL-AUTO-DIESEL.jpg","type":"image\/jpeg"}],"twitter_card":"summary_large_image","twitter_misc":{"Est. reading time":"1 minute"},"schema":{"@context":"https:\/\/schema.org","@graph":[{"@type":"WebPage","@id":"https:\/\/bozza.com\/es\/produto\/bico-abastecimento-automatico-diesel-medidor-digital-bo-15\/","url":"https:\/\/bozza.com\/es\/produto\/bico-abastecimento-automatico-diesel-medidor-digital-bo-15\/","name":"Automatic Diesel Fuel Nozzle with Digital Meter - 15\/16\" - BO-15 | Bozza","isPartOf":{"@id":"https:\/\/bozza.com\/#website"},"primaryImageOfPage":{"@id":"https:\/\/bozza.com\/es\/produto\/bico-abastecimento-automatico-diesel-medidor-digital-bo-15\/#primaryimage"},"image":{"@id":"https:\/\/bozza.com\/es\/produto\/bico-abastecimento-automatico-diesel-medidor-digital-bo-15\/#primaryimage"},"thumbnailUrl":"https:\/\/bozza.com\/wp-content\/uploads\/2023\/05\/00.000.0000_0000_BICO-ABASTECIMENTO-MEDIDOR-DIGITAL-AUTO-DIESEL.jpg","datePublished":"2023-05-10T19:57:42+00:00","dateModified":"2026-03-19T18:44:55+00:00","breadcrumb":{"@id":"https:\/\/bozza.com\/es\/produto\/bico-abastecimento-automatico-diesel-medidor-digital-bo-15\/#breadcrumb"},"inLanguage":"en-US","potentialAction":[{"@type":"ReadAction","target":["https:\/\/bozza.com\/es\/produto\/bico-abastecimento-automatico-diesel-medidor-digital-bo-15\/"]}]},{"@type":"ImageObject","inLanguage":"en-US","@id":"https:\/\/bozza.com\/es\/produto\/bico-abastecimento-automatico-diesel-medidor-digital-bo-15\/#primaryimage","url":"https:\/\/bozza.com\/wp-content\/uploads\/2023\/05\/00.000.0000_0000_BICO-ABASTECIMENTO-MEDIDOR-DIGITAL-AUTO-DIESEL.jpg","contentUrl":"https:\/\/bozza.com\/wp-content\/uploads\/2023\/05\/00.000.0000_0000_BICO-ABASTECIMENTO-MEDIDOR-DIGITAL-AUTO-DIESEL.jpg","width":1080,"height":1080},{"@type":"BreadcrumbList","@id":"https:\/\/bozza.com\/es\/produto\/bico-abastecimento-automatico-diesel-medidor-digital-bo-15\/#breadcrumb","itemListElement":[{"@type":"ListItem","position":1,"name":"In\u00edcio","item":"https:\/\/bozza.com\/"},{"@type":"ListItem","position":2,"name":"Produtos","item":"https:\/\/bozza.com\/?page_id=70036"},{"@type":"ListItem","position":3,"name":"Automatic Diesel Fuel Nozzle with Digital Meter &#8211; 15\/16&#8243; &#8211; BO-15"}]},{"@type":"WebSite","@id":"https:\/\/bozza.com\/#website","url":"https:\/\/bozza.com\/","name":"Bozza","description":"Solu\u00e7\u00f5es em Lubrifica\u00e7\u00e3o","publisher":{"@id":"https:\/\/bozza.com\/#organization"},"potentialAction":[{"@type":"SearchAction","target":{"@type":"EntryPoint","urlTemplate":"https:\/\/bozza.com\/?s={search_term_string}"},"query-input":{"@type":"PropertyValueSpecification","valueRequired":true,"valueName":"search_term_string"}}],"inLanguage":"en-US"},{"@type":"Organization","@id":"https:\/\/bozza.com\/#organization","name":"Bozza","url":"https:\/\/bozza.com\/","logo":{"@type":"ImageObject","inLanguage":"en-US","@id":"https:\/\/bozza.com\/#\/schema\/logo\/image\/","url":"","contentUrl":"","caption":"Bozza"},"image":{"@id":"https:\/\/bozza.com\/#\/schema\/logo\/image\/"},"sameAs":["https:\/\/www.facebook.com\/bozza.oficial\/","https:\/\/www.instagram.com\/bozzaoficial\/","https:\/\/www.linkedin.com\/company\/bozza\/","https:\/\/www.youtube.com\/channel\/UCQRiHYNpM4VQWF9YxVgSTsw?view_as=subscriber"]}]}},"_links":{"self":[{"href":"https:\/\/bozza.com\/en\/wp-json\/wp\/v2\/product\/64284","targetHints":{"allow":["GET"]}}],"collection":[{"href":"https:\/\/bozza.com\/en\/wp-json\/wp\/v2\/product"}],"about":[{"href":"https:\/\/bozza.com\/en\/wp-json\/wp\/v2\/types\/product"}],"wp:featuredmedia":[{"embeddable":true,"href":"https:\/\/bozza.com\/en\/wp-json\/wp\/v2\/media\/58468"}],"wp:attachment":[{"href":"https:\/\/bozza.com\/en\/wp-json\/wp\/v2\/media?parent=64284"}],"wp:term":[{"taxonomy":"product_brand","embeddable":true,"href":"https:\/\/bozza.com\/en\/wp-json\/wp\/v2\/product_brand?post=64284"},{"taxonomy":"product_cat","embeddable":true,"href":"https:\/\/bozza.com\/en\/wp-json\/wp\/v2\/product_cat?post=64284"},{"taxonomy":"product_tag","embeddable":true,"href":"https:\/\/bozza.com\/en\/wp-json\/wp\/v2\/product_tag?post=64284"}],"curies":[{"name":"wp","href":"https:\/\/api.w.org\/{rel}","templated":true}]}}