{"id":64291,"date":"2020-05-26T16:34:38","date_gmt":"2020-05-26T19:34:38","guid":{"rendered":"https:\/\/www.bozza.com\/produto\/carboz-cav-2902p-cavalete\/"},"modified":"2026-03-20T10:01:27","modified_gmt":"2026-03-20T13:01:27","slug":"carboz-cav-2902p-cavalete","status":"publish","type":"product","link":"https:\/\/bozza.com\/en\/produto\/carboz-cav-2902p-cavalete\/","title":{"rendered":"EASEL &#8211; CARBOZ-CAV2902P"},"content":{"rendered":"<ul>\n<li>2902P;<\/li>\n<li>Hinged base &#8211; foldable;<\/li>\n<li>Capacity: 2 tons (pair);<\/li>\n<li>Minimum height: 270mm;<\/li>\n<li>Maximum height: 365mm;<\/li>\n<li>Net weight: 3.5kg;<\/li>\n<li>Base dimensions: 140x135mm;<\/li>\n<li>Price Upon Request + IPI;<\/li>\n<\/ul>\n","protected":false},"excerpt":{"rendered":"<p>Easels for support in automotive repairs, with high resistance and stability, designed to be used in pairs. Available with fixed or folding base.<\/p>\n","protected":false},"featured_media":23272,"template":"","meta":{"_acf_changed":false},"product_brand":[],"product_cat":[461],"product_tag":[],"class_list":{"0":"post-64291","1":"product","2":"type-product","3":"status-publish","4":"has-post-thumbnail","6":"product_cat-releases","8":"first","9":"outofstock","10":"shipping-taxable","11":"product-type-simple"},"acf":[],"yoast_head":"<!-- This site is optimized with the Yoast SEO plugin v26.9 - https:\/\/yoast.com\/product\/yoast-seo-wordpress\/ -->\n<title>EASEL - CARBOZ-CAV2902P | Bozza<\/title>\n<meta name=\"robots\" content=\"index, follow, max-snippet:-1, max-image-preview:large, max-video-preview:-1\" \/>\n<link rel=\"canonical\" href=\"https:\/\/bozza.com\/en\/produto\/carboz-cav-2902p-cavalete\/\" \/>\n<meta property=\"og:locale\" content=\"en_US\" \/>\n<meta property=\"og:type\" content=\"article\" \/>\n<meta property=\"og:title\" content=\"EASEL - CARBOZ-CAV2902P | Bozza\" \/>\n<meta property=\"og:description\" content=\"Easels for support in automotive repairs, with high resistance and stability, designed to be used in pairs. Available with fixed or folding base.\" \/>\n<meta property=\"og:url\" content=\"https:\/\/bozza.com\/en\/produto\/carboz-cav-2902p-cavalete\/\" \/>\n<meta property=\"og:site_name\" content=\"Bozza\" \/>\n<meta property=\"article:publisher\" content=\"https:\/\/www.facebook.com\/bozza.oficial\/\" \/>\n<meta property=\"article:modified_time\" content=\"2026-03-20T13:01:27+00:00\" \/>\n<meta property=\"og:image\" content=\"https:\/\/bozza.com\/wp-content\/uploads\/2020\/05\/2902P-CARBOZ-CAV-Cavalete-Articul\u00e1vel.png\" \/>\n\t<meta property=\"og:image:width\" content=\"1063\" \/>\n\t<meta property=\"og:image:height\" content=\"1417\" \/>\n\t<meta property=\"og:image:type\" content=\"image\/png\" \/>\n<meta name=\"twitter:card\" content=\"summary_large_image\" \/>\n<meta name=\"twitter:label1\" content=\"Est. reading time\" \/>\n\t<meta name=\"twitter:data1\" content=\"1 minute\" \/>\n<script type=\"application\/ld+json\" class=\"yoast-schema-graph\">{\"@context\":\"https:\/\/schema.org\",\"@graph\":[{\"@type\":\"WebPage\",\"@id\":\"https:\/\/bozza.com\/en\/produto\/carboz-cav-2902p-cavalete\/\",\"url\":\"https:\/\/bozza.com\/en\/produto\/carboz-cav-2902p-cavalete\/\",\"name\":\"EASEL - CARBOZ-CAV2902P | Bozza\",\"isPartOf\":{\"@id\":\"https:\/\/bozza.com\/#website\"},\"primaryImageOfPage\":{\"@id\":\"https:\/\/bozza.com\/en\/produto\/carboz-cav-2902p-cavalete\/#primaryimage\"},\"image\":{\"@id\":\"https:\/\/bozza.com\/en\/produto\/carboz-cav-2902p-cavalete\/#primaryimage\"},\"thumbnailUrl\":\"https:\/\/bozza.com\/wp-content\/uploads\/2020\/05\/2902P-CARBOZ-CAV-Cavalete-Articul\u00e1vel.png\",\"datePublished\":\"2020-05-26T19:34:38+00:00\",\"dateModified\":\"2026-03-20T13:01:27+00:00\",\"breadcrumb\":{\"@id\":\"https:\/\/bozza.com\/en\/produto\/carboz-cav-2902p-cavalete\/#breadcrumb\"},\"inLanguage\":\"en-US\",\"potentialAction\":[{\"@type\":\"ReadAction\",\"target\":[\"https:\/\/bozza.com\/en\/produto\/carboz-cav-2902p-cavalete\/\"]}]},{\"@type\":\"ImageObject\",\"inLanguage\":\"en-US\",\"@id\":\"https:\/\/bozza.com\/en\/produto\/carboz-cav-2902p-cavalete\/#primaryimage\",\"url\":\"https:\/\/bozza.com\/wp-content\/uploads\/2020\/05\/2902P-CARBOZ-CAV-Cavalete-Articul\u00e1vel.png\",\"contentUrl\":\"https:\/\/bozza.com\/wp-content\/uploads\/2020\/05\/2902P-CARBOZ-CAV-Cavalete-Articul\u00e1vel.png\",\"width\":1063,\"height\":1417,\"caption\":\"2902P - CARBOZ CAV - Cavalete Articul\u00e1vel\"},{\"@type\":\"BreadcrumbList\",\"@id\":\"https:\/\/bozza.com\/en\/produto\/carboz-cav-2902p-cavalete\/#breadcrumb\",\"itemListElement\":[{\"@type\":\"ListItem\",\"position\":1,\"name\":\"In\u00edcio\",\"item\":\"https:\/\/bozza.com\/\"},{\"@type\":\"ListItem\",\"position\":2,\"name\":\"Produtos\",\"item\":\"https:\/\/bozza.com\/?page_id=70036\"},{\"@type\":\"ListItem\",\"position\":3,\"name\":\"EASEL &#8211; CARBOZ-CAV2902P\"}]},{\"@type\":\"WebSite\",\"@id\":\"https:\/\/bozza.com\/#website\",\"url\":\"https:\/\/bozza.com\/\",\"name\":\"Bozza\",\"description\":\"Solu\u00e7\u00f5es em Lubrifica\u00e7\u00e3o\",\"publisher\":{\"@id\":\"https:\/\/bozza.com\/#organization\"},\"potentialAction\":[{\"@type\":\"SearchAction\",\"target\":{\"@type\":\"EntryPoint\",\"urlTemplate\":\"https:\/\/bozza.com\/?s={search_term_string}\"},\"query-input\":{\"@type\":\"PropertyValueSpecification\",\"valueRequired\":true,\"valueName\":\"search_term_string\"}}],\"inLanguage\":\"en-US\"},{\"@type\":\"Organization\",\"@id\":\"https:\/\/bozza.com\/#organization\",\"name\":\"Bozza\",\"url\":\"https:\/\/bozza.com\/\",\"logo\":{\"@type\":\"ImageObject\",\"inLanguage\":\"en-US\",\"@id\":\"https:\/\/bozza.com\/#\/schema\/logo\/image\/\",\"url\":\"\",\"contentUrl\":\"\",\"caption\":\"Bozza\"},\"image\":{\"@id\":\"https:\/\/bozza.com\/#\/schema\/logo\/image\/\"},\"sameAs\":[\"https:\/\/www.facebook.com\/bozza.oficial\/\",\"https:\/\/www.instagram.com\/bozzaoficial\/\",\"https:\/\/www.linkedin.com\/company\/bozza\/\",\"https:\/\/www.youtube.com\/channel\/UCQRiHYNpM4VQWF9YxVgSTsw?view_as=subscriber\"]}]}<\/script>\n<!-- \/ Yoast SEO plugin. -->","yoast_head_json":{"title":"EASEL - CARBOZ-CAV2902P | Bozza","robots":{"index":"index","follow":"follow","max-snippet":"max-snippet:-1","max-image-preview":"max-image-preview:large","max-video-preview":"max-video-preview:-1"},"canonical":"https:\/\/bozza.com\/en\/produto\/carboz-cav-2902p-cavalete\/","og_locale":"en_US","og_type":"article","og_title":"EASEL - CARBOZ-CAV2902P | Bozza","og_description":"Easels for support in automotive repairs, with high resistance and stability, designed to be used in pairs. Available with fixed or folding base.","og_url":"https:\/\/bozza.com\/en\/produto\/carboz-cav-2902p-cavalete\/","og_site_name":"Bozza","article_publisher":"https:\/\/www.facebook.com\/bozza.oficial\/","article_modified_time":"2026-03-20T13:01:27+00:00","og_image":[{"width":1063,"height":1417,"url":"https:\/\/bozza.com\/wp-content\/uploads\/2020\/05\/2902P-CARBOZ-CAV-Cavalete-Articul\u00e1vel.png","type":"image\/png"}],"twitter_card":"summary_large_image","twitter_misc":{"Est. reading time":"1 minute"},"schema":{"@context":"https:\/\/schema.org","@graph":[{"@type":"WebPage","@id":"https:\/\/bozza.com\/en\/produto\/carboz-cav-2902p-cavalete\/","url":"https:\/\/bozza.com\/en\/produto\/carboz-cav-2902p-cavalete\/","name":"EASEL - CARBOZ-CAV2902P | Bozza","isPartOf":{"@id":"https:\/\/bozza.com\/#website"},"primaryImageOfPage":{"@id":"https:\/\/bozza.com\/en\/produto\/carboz-cav-2902p-cavalete\/#primaryimage"},"image":{"@id":"https:\/\/bozza.com\/en\/produto\/carboz-cav-2902p-cavalete\/#primaryimage"},"thumbnailUrl":"https:\/\/bozza.com\/wp-content\/uploads\/2020\/05\/2902P-CARBOZ-CAV-Cavalete-Articul\u00e1vel.png","datePublished":"2020-05-26T19:34:38+00:00","dateModified":"2026-03-20T13:01:27+00:00","breadcrumb":{"@id":"https:\/\/bozza.com\/en\/produto\/carboz-cav-2902p-cavalete\/#breadcrumb"},"inLanguage":"en-US","potentialAction":[{"@type":"ReadAction","target":["https:\/\/bozza.com\/en\/produto\/carboz-cav-2902p-cavalete\/"]}]},{"@type":"ImageObject","inLanguage":"en-US","@id":"https:\/\/bozza.com\/en\/produto\/carboz-cav-2902p-cavalete\/#primaryimage","url":"https:\/\/bozza.com\/wp-content\/uploads\/2020\/05\/2902P-CARBOZ-CAV-Cavalete-Articul\u00e1vel.png","contentUrl":"https:\/\/bozza.com\/wp-content\/uploads\/2020\/05\/2902P-CARBOZ-CAV-Cavalete-Articul\u00e1vel.png","width":1063,"height":1417,"caption":"2902P - CARBOZ CAV - Cavalete Articul\u00e1vel"},{"@type":"BreadcrumbList","@id":"https:\/\/bozza.com\/en\/produto\/carboz-cav-2902p-cavalete\/#breadcrumb","itemListElement":[{"@type":"ListItem","position":1,"name":"In\u00edcio","item":"https:\/\/bozza.com\/"},{"@type":"ListItem","position":2,"name":"Produtos","item":"https:\/\/bozza.com\/?page_id=70036"},{"@type":"ListItem","position":3,"name":"EASEL &#8211; CARBOZ-CAV2902P"}]},{"@type":"WebSite","@id":"https:\/\/bozza.com\/#website","url":"https:\/\/bozza.com\/","name":"Bozza","description":"Solu\u00e7\u00f5es em Lubrifica\u00e7\u00e3o","publisher":{"@id":"https:\/\/bozza.com\/#organization"},"potentialAction":[{"@type":"SearchAction","target":{"@type":"EntryPoint","urlTemplate":"https:\/\/bozza.com\/?s={search_term_string}"},"query-input":{"@type":"PropertyValueSpecification","valueRequired":true,"valueName":"search_term_string"}}],"inLanguage":"en-US"},{"@type":"Organization","@id":"https:\/\/bozza.com\/#organization","name":"Bozza","url":"https:\/\/bozza.com\/","logo":{"@type":"ImageObject","inLanguage":"en-US","@id":"https:\/\/bozza.com\/#\/schema\/logo\/image\/","url":"","contentUrl":"","caption":"Bozza"},"image":{"@id":"https:\/\/bozza.com\/#\/schema\/logo\/image\/"},"sameAs":["https:\/\/www.facebook.com\/bozza.oficial\/","https:\/\/www.instagram.com\/bozzaoficial\/","https:\/\/www.linkedin.com\/company\/bozza\/","https:\/\/www.youtube.com\/channel\/UCQRiHYNpM4VQWF9YxVgSTsw?view_as=subscriber"]}]}},"_links":{"self":[{"href":"https:\/\/bozza.com\/en\/wp-json\/wp\/v2\/product\/64291","targetHints":{"allow":["GET"]}}],"collection":[{"href":"https:\/\/bozza.com\/en\/wp-json\/wp\/v2\/product"}],"about":[{"href":"https:\/\/bozza.com\/en\/wp-json\/wp\/v2\/types\/product"}],"wp:featuredmedia":[{"embeddable":true,"href":"https:\/\/bozza.com\/en\/wp-json\/wp\/v2\/media\/23272"}],"wp:attachment":[{"href":"https:\/\/bozza.com\/en\/wp-json\/wp\/v2\/media?parent=64291"}],"wp:term":[{"taxonomy":"product_brand","embeddable":true,"href":"https:\/\/bozza.com\/en\/wp-json\/wp\/v2\/product_brand?post=64291"},{"taxonomy":"product_cat","embeddable":true,"href":"https:\/\/bozza.com\/en\/wp-json\/wp\/v2\/product_cat?post=64291"},{"taxonomy":"product_tag","embeddable":true,"href":"https:\/\/bozza.com\/en\/wp-json\/wp\/v2\/product_tag?post=64291"}],"curies":[{"name":"wp","href":"https:\/\/api.w.org\/{rel}","templated":true}]}}