{"id":64300,"date":"2018-09-19T16:24:21","date_gmt":"2018-09-19T19:24:21","guid":{"rendered":"https:\/\/www.bozza.com\/produto\/fox-12volts\/"},"modified":"2026-04-04T18:13:52","modified_gmt":"2026-04-04T21:13:52","slug":"fox-12volts","status":"publish","type":"product","link":"https:\/\/bozza.com\/en\/produto\/fox-12volts\/","title":{"rendered":"ELECTRIC SUPPLY PUMP FOR DIESEL OIL FOX-12 V-G2"},"content":{"rendered":"<ul>\n<li><span style=\"font-weight: 400;\">Flow 35 L\/min<\/span><\/li>\n<li><span style=\"font-weight: 400;\">Voltage 12V<\/span><\/li>\n<li><span style=\"font-weight: 400;\">Current 24A<\/span><\/li>\n<li><span style=\"font-weight: 400;\">Working Cycle 20 min<\/span><\/li>\n<li><span style=\"font-weight: 400;\">Working Pressure 20PSI<\/span><\/li>\n<li><span style=\"font-weight: 400;\">1 inch BSP inlet<\/span><\/li>\n<li><span style=\"font-weight: 400;\">1 inch BSP outlet<\/span><\/li>\n<li><span style=\"font-weight: 400;\">Working temperature -20\u00b0C to 60\u00b0C<\/span><\/li>\n<\/ul>\n<p><span style=\"font-weight: 400;\">Note: <\/span><span style=\"font-weight: 400;\">Only for use with diesel.<\/span><\/p>\n","protected":false},"excerpt":{"rendered":"<p><span style=\"font-weight: 400;\">Electric supply pump for diesel oil, with medium flow rate, activated by a 12 V battery. Recommended for customers who operate in the field.<\/span><\/p>\n","protected":false},"featured_media":58028,"template":"","meta":{"_acf_changed":false},"product_brand":[1027],"product_cat":[463,475,1004,247],"product_tag":[1033,250,485,592,484],"class_list":{"0":"post-64300","1":"product","2":"type-product","3":"status-publish","4":"has-post-thumbnail","6":"product_brand-postos-de-servicos-en","7":"product_cat-all-products","8":"product_cat-convoy-equipment","9":"product_cat-for-diesel","10":"product_cat-kits-de-abastecimento-en","11":"product_tag-abastecimento-en-2","12":"product_tag-oleo-diesel-en","13":"product_tag-eletrica-en","14":"product_tag-bomba-en","15":"product_tag-abastecimento-en","17":"first","18":"instock","19":"shipping-taxable","20":"product-type-simple"},"acf":[],"yoast_head":"<!-- This site is optimized with the Yoast SEO plugin v26.9 - https:\/\/yoast.com\/product\/yoast-seo-wordpress\/ -->\n<title>ELECTRIC SUPPLY PUMP FOR DIESEL OIL FOX-12 V-G2 | Bozza<\/title>\n<meta name=\"robots\" content=\"index, follow, max-snippet:-1, max-image-preview:large, max-video-preview:-1\" \/>\n<link rel=\"canonical\" href=\"https:\/\/bozza.com\/en\/produto\/fox-12volts\/\" \/>\n<meta property=\"og:locale\" content=\"en_US\" \/>\n<meta property=\"og:type\" content=\"article\" \/>\n<meta property=\"og:title\" content=\"ELECTRIC SUPPLY PUMP FOR DIESEL OIL FOX-12 V-G2 | Bozza\" \/>\n<meta property=\"og:description\" content=\"Electric supply pump for diesel oil, with medium flow rate, activated by a 12 V battery. Recommended for customers who operate in the field.\" \/>\n<meta property=\"og:url\" content=\"https:\/\/bozza.com\/en\/produto\/fox-12volts\/\" \/>\n<meta property=\"og:site_name\" content=\"Bozza\" \/>\n<meta property=\"article:publisher\" content=\"https:\/\/www.facebook.com\/bozza.oficial\/\" \/>\n<meta property=\"article:modified_time\" content=\"2026-04-04T21:13:52+00:00\" \/>\n<meta property=\"og:image\" content=\"https:\/\/bozza.com\/wp-content\/uploads\/2018\/09\/12.421.0061_FOX-12V-24V-G2_BOMBA-ABASTECIMENTO-ELETRICA-OLEO-DIESEL_1.jpg\" \/>\n\t<meta property=\"og:image:width\" content=\"1080\" \/>\n\t<meta property=\"og:image:height\" content=\"1080\" \/>\n\t<meta property=\"og:image:type\" content=\"image\/jpeg\" \/>\n<meta name=\"twitter:card\" content=\"summary_large_image\" \/>\n<meta name=\"twitter:label1\" content=\"Est. reading time\" \/>\n\t<meta name=\"twitter:data1\" content=\"1 minute\" \/>\n<script type=\"application\/ld+json\" class=\"yoast-schema-graph\">{\"@context\":\"https:\/\/schema.org\",\"@graph\":[{\"@type\":\"WebPage\",\"@id\":\"https:\/\/bozza.com\/en\/produto\/fox-12volts\/\",\"url\":\"https:\/\/bozza.com\/en\/produto\/fox-12volts\/\",\"name\":\"ELECTRIC SUPPLY PUMP FOR DIESEL OIL FOX-12 V-G2 | Bozza\",\"isPartOf\":{\"@id\":\"https:\/\/bozza.com\/#website\"},\"primaryImageOfPage\":{\"@id\":\"https:\/\/bozza.com\/en\/produto\/fox-12volts\/#primaryimage\"},\"image\":{\"@id\":\"https:\/\/bozza.com\/en\/produto\/fox-12volts\/#primaryimage\"},\"thumbnailUrl\":\"https:\/\/bozza.com\/wp-content\/uploads\/2018\/09\/12.421.0061_FOX-12V-24V-G2_BOMBA-ABASTECIMENTO-ELETRICA-OLEO-DIESEL_1.jpg\",\"datePublished\":\"2018-09-19T19:24:21+00:00\",\"dateModified\":\"2026-04-04T21:13:52+00:00\",\"breadcrumb\":{\"@id\":\"https:\/\/bozza.com\/en\/produto\/fox-12volts\/#breadcrumb\"},\"inLanguage\":\"en-US\",\"potentialAction\":[{\"@type\":\"ReadAction\",\"target\":[\"https:\/\/bozza.com\/en\/produto\/fox-12volts\/\"]}]},{\"@type\":\"ImageObject\",\"inLanguage\":\"en-US\",\"@id\":\"https:\/\/bozza.com\/en\/produto\/fox-12volts\/#primaryimage\",\"url\":\"https:\/\/bozza.com\/wp-content\/uploads\/2018\/09\/12.421.0061_FOX-12V-24V-G2_BOMBA-ABASTECIMENTO-ELETRICA-OLEO-DIESEL_1.jpg\",\"contentUrl\":\"https:\/\/bozza.com\/wp-content\/uploads\/2018\/09\/12.421.0061_FOX-12V-24V-G2_BOMBA-ABASTECIMENTO-ELETRICA-OLEO-DIESEL_1.jpg\",\"width\":1080,\"height\":1080},{\"@type\":\"BreadcrumbList\",\"@id\":\"https:\/\/bozza.com\/en\/produto\/fox-12volts\/#breadcrumb\",\"itemListElement\":[{\"@type\":\"ListItem\",\"position\":1,\"name\":\"In\u00edcio\",\"item\":\"https:\/\/bozza.com\/\"},{\"@type\":\"ListItem\",\"position\":2,\"name\":\"Produtos\",\"item\":\"https:\/\/bozza.com\/?page_id=70036\"},{\"@type\":\"ListItem\",\"position\":3,\"name\":\"ELECTRIC SUPPLY PUMP FOR DIESEL OIL FOX-12 V-G2\"}]},{\"@type\":\"WebSite\",\"@id\":\"https:\/\/bozza.com\/#website\",\"url\":\"https:\/\/bozza.com\/\",\"name\":\"Bozza\",\"description\":\"Solu\u00e7\u00f5es em Lubrifica\u00e7\u00e3o\",\"publisher\":{\"@id\":\"https:\/\/bozza.com\/#organization\"},\"potentialAction\":[{\"@type\":\"SearchAction\",\"target\":{\"@type\":\"EntryPoint\",\"urlTemplate\":\"https:\/\/bozza.com\/?s={search_term_string}\"},\"query-input\":{\"@type\":\"PropertyValueSpecification\",\"valueRequired\":true,\"valueName\":\"search_term_string\"}}],\"inLanguage\":\"en-US\"},{\"@type\":\"Organization\",\"@id\":\"https:\/\/bozza.com\/#organization\",\"name\":\"Bozza\",\"url\":\"https:\/\/bozza.com\/\",\"logo\":{\"@type\":\"ImageObject\",\"inLanguage\":\"en-US\",\"@id\":\"https:\/\/bozza.com\/#\/schema\/logo\/image\/\",\"url\":\"\",\"contentUrl\":\"\",\"caption\":\"Bozza\"},\"image\":{\"@id\":\"https:\/\/bozza.com\/#\/schema\/logo\/image\/\"},\"sameAs\":[\"https:\/\/www.facebook.com\/bozza.oficial\/\",\"https:\/\/www.instagram.com\/bozzaoficial\/\",\"https:\/\/www.linkedin.com\/company\/bozza\/\",\"https:\/\/www.youtube.com\/channel\/UCQRiHYNpM4VQWF9YxVgSTsw?view_as=subscriber\"]}]}<\/script>\n<!-- \/ Yoast SEO plugin. -->","yoast_head_json":{"title":"ELECTRIC SUPPLY PUMP FOR DIESEL OIL FOX-12 V-G2 | Bozza","robots":{"index":"index","follow":"follow","max-snippet":"max-snippet:-1","max-image-preview":"max-image-preview:large","max-video-preview":"max-video-preview:-1"},"canonical":"https:\/\/bozza.com\/en\/produto\/fox-12volts\/","og_locale":"en_US","og_type":"article","og_title":"ELECTRIC SUPPLY PUMP FOR DIESEL OIL FOX-12 V-G2 | Bozza","og_description":"Electric supply pump for diesel oil, with medium flow rate, activated by a 12 V battery. Recommended for customers who operate in the field.","og_url":"https:\/\/bozza.com\/en\/produto\/fox-12volts\/","og_site_name":"Bozza","article_publisher":"https:\/\/www.facebook.com\/bozza.oficial\/","article_modified_time":"2026-04-04T21:13:52+00:00","og_image":[{"width":1080,"height":1080,"url":"https:\/\/bozza.com\/wp-content\/uploads\/2018\/09\/12.421.0061_FOX-12V-24V-G2_BOMBA-ABASTECIMENTO-ELETRICA-OLEO-DIESEL_1.jpg","type":"image\/jpeg"}],"twitter_card":"summary_large_image","twitter_misc":{"Est. reading time":"1 minute"},"schema":{"@context":"https:\/\/schema.org","@graph":[{"@type":"WebPage","@id":"https:\/\/bozza.com\/en\/produto\/fox-12volts\/","url":"https:\/\/bozza.com\/en\/produto\/fox-12volts\/","name":"ELECTRIC SUPPLY PUMP FOR DIESEL OIL FOX-12 V-G2 | Bozza","isPartOf":{"@id":"https:\/\/bozza.com\/#website"},"primaryImageOfPage":{"@id":"https:\/\/bozza.com\/en\/produto\/fox-12volts\/#primaryimage"},"image":{"@id":"https:\/\/bozza.com\/en\/produto\/fox-12volts\/#primaryimage"},"thumbnailUrl":"https:\/\/bozza.com\/wp-content\/uploads\/2018\/09\/12.421.0061_FOX-12V-24V-G2_BOMBA-ABASTECIMENTO-ELETRICA-OLEO-DIESEL_1.jpg","datePublished":"2018-09-19T19:24:21+00:00","dateModified":"2026-04-04T21:13:52+00:00","breadcrumb":{"@id":"https:\/\/bozza.com\/en\/produto\/fox-12volts\/#breadcrumb"},"inLanguage":"en-US","potentialAction":[{"@type":"ReadAction","target":["https:\/\/bozza.com\/en\/produto\/fox-12volts\/"]}]},{"@type":"ImageObject","inLanguage":"en-US","@id":"https:\/\/bozza.com\/en\/produto\/fox-12volts\/#primaryimage","url":"https:\/\/bozza.com\/wp-content\/uploads\/2018\/09\/12.421.0061_FOX-12V-24V-G2_BOMBA-ABASTECIMENTO-ELETRICA-OLEO-DIESEL_1.jpg","contentUrl":"https:\/\/bozza.com\/wp-content\/uploads\/2018\/09\/12.421.0061_FOX-12V-24V-G2_BOMBA-ABASTECIMENTO-ELETRICA-OLEO-DIESEL_1.jpg","width":1080,"height":1080},{"@type":"BreadcrumbList","@id":"https:\/\/bozza.com\/en\/produto\/fox-12volts\/#breadcrumb","itemListElement":[{"@type":"ListItem","position":1,"name":"In\u00edcio","item":"https:\/\/bozza.com\/"},{"@type":"ListItem","position":2,"name":"Produtos","item":"https:\/\/bozza.com\/?page_id=70036"},{"@type":"ListItem","position":3,"name":"ELECTRIC SUPPLY PUMP FOR DIESEL OIL FOX-12 V-G2"}]},{"@type":"WebSite","@id":"https:\/\/bozza.com\/#website","url":"https:\/\/bozza.com\/","name":"Bozza","description":"Solu\u00e7\u00f5es em Lubrifica\u00e7\u00e3o","publisher":{"@id":"https:\/\/bozza.com\/#organization"},"potentialAction":[{"@type":"SearchAction","target":{"@type":"EntryPoint","urlTemplate":"https:\/\/bozza.com\/?s={search_term_string}"},"query-input":{"@type":"PropertyValueSpecification","valueRequired":true,"valueName":"search_term_string"}}],"inLanguage":"en-US"},{"@type":"Organization","@id":"https:\/\/bozza.com\/#organization","name":"Bozza","url":"https:\/\/bozza.com\/","logo":{"@type":"ImageObject","inLanguage":"en-US","@id":"https:\/\/bozza.com\/#\/schema\/logo\/image\/","url":"","contentUrl":"","caption":"Bozza"},"image":{"@id":"https:\/\/bozza.com\/#\/schema\/logo\/image\/"},"sameAs":["https:\/\/www.facebook.com\/bozza.oficial\/","https:\/\/www.instagram.com\/bozzaoficial\/","https:\/\/www.linkedin.com\/company\/bozza\/","https:\/\/www.youtube.com\/channel\/UCQRiHYNpM4VQWF9YxVgSTsw?view_as=subscriber"]}]}},"_links":{"self":[{"href":"https:\/\/bozza.com\/en\/wp-json\/wp\/v2\/product\/64300","targetHints":{"allow":["GET"]}}],"collection":[{"href":"https:\/\/bozza.com\/en\/wp-json\/wp\/v2\/product"}],"about":[{"href":"https:\/\/bozza.com\/en\/wp-json\/wp\/v2\/types\/product"}],"wp:featuredmedia":[{"embeddable":true,"href":"https:\/\/bozza.com\/en\/wp-json\/wp\/v2\/media\/58028"}],"wp:attachment":[{"href":"https:\/\/bozza.com\/en\/wp-json\/wp\/v2\/media?parent=64300"}],"wp:term":[{"taxonomy":"product_brand","embeddable":true,"href":"https:\/\/bozza.com\/en\/wp-json\/wp\/v2\/product_brand?post=64300"},{"taxonomy":"product_cat","embeddable":true,"href":"https:\/\/bozza.com\/en\/wp-json\/wp\/v2\/product_cat?post=64300"},{"taxonomy":"product_tag","embeddable":true,"href":"https:\/\/bozza.com\/en\/wp-json\/wp\/v2\/product_tag?post=64300"}],"curies":[{"name":"wp","href":"https:\/\/api.w.org\/{rel}","templated":true}]}}