{"id":64309,"date":"2018-09-18T17:59:28","date_gmt":"2018-09-18T20:59:28","guid":{"rendered":"https:\/\/www.bozza.com\/produto\/17100ret-gr15\/"},"modified":"2026-04-06T16:02:25","modified_gmt":"2026-04-06T19:02:25","slug":"17100ret-gr15","status":"publish","type":"product","link":"https:\/\/bozza.com\/en\/produto\/17100ret-gr15\/","title":{"rendered":"Retractable Grease Reel 17100RET-GR15"},"content":{"rendered":"<ul>\n<li>Hose length: 15 meters;<\/li>\n<li>Maximum working pressure: 5,000 PSI (344 BAR);<\/li>\n<li>Product input: 1\/4&#8243; NPT female thread;<\/li>\n<li>Product Output: 1\/4&#8243; NPT male thread;<\/li>\n<li>Maximum working temperature: 100\u00b0C;<\/li>\n<li>Minimum working temperature: -10\u00b0C;<\/li>\n<li>Compatibility: Grease up to NLGI grade 3<\/li>\n<li>Suggested price:<\/li>\n<\/ul>\n","protected":false},"excerpt":{"rendered":"<p>Equipment that allows you to roll up grease hoses of up to 15 meters for fixing to walls and bases. It has automatic retraction, requiring no effort from the operator, preventing premature wear of the hose in addition to keeping the environment organized. Recommended for lubricating machines and equipment, mobile lubrication units (trains), automotive centers and fixed supply and lubrication centers. Comes with swivel connection (7302) and grease valve (5040).<\/p>\n","protected":false},"featured_media":1606,"template":"","meta":{"_acf_changed":false},"product_brand":[1027],"product_cat":[463,475,1006,468],"product_tag":[517,465,149,511],"class_list":{"0":"post-64309","1":"product","2":"type-product","3":"status-publish","4":"has-post-thumbnail","6":"product_brand-postos-de-servicos-en","7":"product_cat-all-products","8":"product_cat-convoy-equipment","9":"product_cat-for-grease","10":"product_cat-hose-reels-and-hoses","11":"product_tag-agropecuaria-en","12":"product_tag-construcao-en","13":"product_tag-grease","14":"product_tag-carretel-en","16":"first","17":"instock","18":"shipping-taxable","19":"product-type-simple"},"acf":[],"yoast_head":"<!-- This site is optimized with the Yoast SEO plugin v26.9 - https:\/\/yoast.com\/product\/yoast-seo-wordpress\/ -->\n<title>Retractable Grease Reel 17100RET-GR15 | Bozza<\/title>\n<meta name=\"description\" content=\"Equipamento que permite enrolar mangueiras de graxa ate\u0301 15 metros para fixac\u0327a\u0303o em paredes e bases. Possui retrac\u0327a\u0303o automa\u0301tica na\u0303o exigindo esforc\u0327o do operador, evita desgaste prematuro da mangueira ale\u0301m de manter o ambiente organizado. Recomendada para lubrifica\u00e7\u00e3o de m\u00e1quinas e equipamentos, unidades mo\u0301veis de lubrificac\u0327a\u0303o (comboio), centros automotivos e centrais fixas de abastecimento e lubrificac\u0327a\u0303o. Acompanha conex\u00e3o girat\u00f3ria (7302) e va\u0301lvula de graxa (5040).\" \/>\n<meta name=\"robots\" content=\"index, follow, max-snippet:-1, max-image-preview:large, max-video-preview:-1\" \/>\n<link rel=\"canonical\" href=\"https:\/\/bozza.com\/en\/produto\/17100ret-gr15\/\" \/>\n<meta property=\"og:locale\" content=\"en_US\" \/>\n<meta property=\"og:type\" content=\"article\" \/>\n<meta property=\"og:title\" content=\"Retractable Grease Reel 17100RET-GR15 | Bozza\" \/>\n<meta property=\"og:description\" content=\"Equipamento que permite enrolar mangueiras de graxa ate\u0301 15 metros para fixac\u0327a\u0303o em paredes e bases. Possui retrac\u0327a\u0303o automa\u0301tica na\u0303o exigindo esforc\u0327o do operador, evita desgaste prematuro da mangueira ale\u0301m de manter o ambiente organizado. Recomendada para lubrifica\u00e7\u00e3o de m\u00e1quinas e equipamentos, unidades mo\u0301veis de lubrificac\u0327a\u0303o (comboio), centros automotivos e centrais fixas de abastecimento e lubrificac\u0327a\u0303o. Acompanha conex\u00e3o girat\u00f3ria (7302) e va\u0301lvula de graxa (5040).\" \/>\n<meta property=\"og:url\" content=\"https:\/\/bozza.com\/en\/produto\/17100ret-gr15\/\" \/>\n<meta property=\"og:site_name\" content=\"Bozza\" \/>\n<meta property=\"article:publisher\" content=\"https:\/\/www.facebook.com\/bozza.oficial\/\" \/>\n<meta property=\"article:modified_time\" content=\"2026-04-06T19:02:25+00:00\" \/>\n<meta property=\"og:image\" content=\"https:\/\/bozza.com\/wp-content\/uploads\/2018\/09\/17100RETGR15.png\" \/>\n\t<meta property=\"og:image:width\" content=\"1200\" \/>\n\t<meta property=\"og:image:height\" content=\"1200\" \/>\n\t<meta property=\"og:image:type\" content=\"image\/png\" \/>\n<meta name=\"twitter:card\" content=\"summary_large_image\" \/>\n<meta name=\"twitter:label1\" content=\"Est. reading time\" \/>\n\t<meta name=\"twitter:data1\" content=\"1 minute\" \/>\n<script type=\"application\/ld+json\" class=\"yoast-schema-graph\">{\"@context\":\"https:\/\/schema.org\",\"@graph\":[{\"@type\":\"WebPage\",\"@id\":\"https:\/\/bozza.com\/en\/produto\/17100ret-gr15\/\",\"url\":\"https:\/\/bozza.com\/en\/produto\/17100ret-gr15\/\",\"name\":\"Retractable Grease Reel 17100RET-GR15 | Bozza\",\"isPartOf\":{\"@id\":\"https:\/\/bozza.com\/#website\"},\"primaryImageOfPage\":{\"@id\":\"https:\/\/bozza.com\/en\/produto\/17100ret-gr15\/#primaryimage\"},\"image\":{\"@id\":\"https:\/\/bozza.com\/en\/produto\/17100ret-gr15\/#primaryimage\"},\"thumbnailUrl\":\"https:\/\/bozza.com\/wp-content\/uploads\/2018\/09\/17100RETGR15.png\",\"datePublished\":\"2018-09-18T20:59:28+00:00\",\"dateModified\":\"2026-04-06T19:02:25+00:00\",\"description\":\"Equipamento que permite enrolar mangueiras de graxa ate\u0301 15 metros para fixac\u0327a\u0303o em paredes e bases. Possui retrac\u0327a\u0303o automa\u0301tica na\u0303o exigindo esforc\u0327o do operador, evita desgaste prematuro da mangueira ale\u0301m de manter o ambiente organizado. Recomendada para lubrifica\u00e7\u00e3o de m\u00e1quinas e equipamentos, unidades mo\u0301veis de lubrificac\u0327a\u0303o (comboio), centros automotivos e centrais fixas de abastecimento e lubrificac\u0327a\u0303o. Acompanha conex\u00e3o girat\u00f3ria (7302) e va\u0301lvula de graxa (5040).\",\"breadcrumb\":{\"@id\":\"https:\/\/bozza.com\/en\/produto\/17100ret-gr15\/#breadcrumb\"},\"inLanguage\":\"en-US\",\"potentialAction\":[{\"@type\":\"ReadAction\",\"target\":[\"https:\/\/bozza.com\/en\/produto\/17100ret-gr15\/\"]}]},{\"@type\":\"ImageObject\",\"inLanguage\":\"en-US\",\"@id\":\"https:\/\/bozza.com\/en\/produto\/17100ret-gr15\/#primaryimage\",\"url\":\"https:\/\/bozza.com\/wp-content\/uploads\/2018\/09\/17100RETGR15.png\",\"contentUrl\":\"https:\/\/bozza.com\/wp-content\/uploads\/2018\/09\/17100RETGR15.png\",\"width\":1200,\"height\":1200},{\"@type\":\"BreadcrumbList\",\"@id\":\"https:\/\/bozza.com\/en\/produto\/17100ret-gr15\/#breadcrumb\",\"itemListElement\":[{\"@type\":\"ListItem\",\"position\":1,\"name\":\"In\u00edcio\",\"item\":\"https:\/\/bozza.com\/\"},{\"@type\":\"ListItem\",\"position\":2,\"name\":\"Produtos\",\"item\":\"https:\/\/bozza.com\/?page_id=70036\"},{\"@type\":\"ListItem\",\"position\":3,\"name\":\"Retractable Grease Reel 17100RET-GR15\"}]},{\"@type\":\"WebSite\",\"@id\":\"https:\/\/bozza.com\/#website\",\"url\":\"https:\/\/bozza.com\/\",\"name\":\"Bozza\",\"description\":\"Solu\u00e7\u00f5es em Lubrifica\u00e7\u00e3o\",\"publisher\":{\"@id\":\"https:\/\/bozza.com\/#organization\"},\"potentialAction\":[{\"@type\":\"SearchAction\",\"target\":{\"@type\":\"EntryPoint\",\"urlTemplate\":\"https:\/\/bozza.com\/?s={search_term_string}\"},\"query-input\":{\"@type\":\"PropertyValueSpecification\",\"valueRequired\":true,\"valueName\":\"search_term_string\"}}],\"inLanguage\":\"en-US\"},{\"@type\":\"Organization\",\"@id\":\"https:\/\/bozza.com\/#organization\",\"name\":\"Bozza\",\"url\":\"https:\/\/bozza.com\/\",\"logo\":{\"@type\":\"ImageObject\",\"inLanguage\":\"en-US\",\"@id\":\"https:\/\/bozza.com\/#\/schema\/logo\/image\/\",\"url\":\"\",\"contentUrl\":\"\",\"caption\":\"Bozza\"},\"image\":{\"@id\":\"https:\/\/bozza.com\/#\/schema\/logo\/image\/\"},\"sameAs\":[\"https:\/\/www.facebook.com\/bozza.oficial\/\",\"https:\/\/www.instagram.com\/bozzaoficial\/\",\"https:\/\/www.linkedin.com\/company\/bozza\/\",\"https:\/\/www.youtube.com\/channel\/UCQRiHYNpM4VQWF9YxVgSTsw?view_as=subscriber\"]}]}<\/script>\n<!-- \/ Yoast SEO plugin. -->","yoast_head_json":{"title":"Retractable Grease Reel 17100RET-GR15 | Bozza","description":"Equipamento que permite enrolar mangueiras de graxa ate\u0301 15 metros para fixac\u0327a\u0303o em paredes e bases. Possui retrac\u0327a\u0303o automa\u0301tica na\u0303o exigindo esforc\u0327o do operador, evita desgaste prematuro da mangueira ale\u0301m de manter o ambiente organizado. Recomendada para lubrifica\u00e7\u00e3o de m\u00e1quinas e equipamentos, unidades mo\u0301veis de lubrificac\u0327a\u0303o (comboio), centros automotivos e centrais fixas de abastecimento e lubrificac\u0327a\u0303o. Acompanha conex\u00e3o girat\u00f3ria (7302) e va\u0301lvula de graxa (5040).","robots":{"index":"index","follow":"follow","max-snippet":"max-snippet:-1","max-image-preview":"max-image-preview:large","max-video-preview":"max-video-preview:-1"},"canonical":"https:\/\/bozza.com\/en\/produto\/17100ret-gr15\/","og_locale":"en_US","og_type":"article","og_title":"Retractable Grease Reel 17100RET-GR15 | Bozza","og_description":"Equipamento que permite enrolar mangueiras de graxa ate\u0301 15 metros para fixac\u0327a\u0303o em paredes e bases. Possui retrac\u0327a\u0303o automa\u0301tica na\u0303o exigindo esforc\u0327o do operador, evita desgaste prematuro da mangueira ale\u0301m de manter o ambiente organizado. Recomendada para lubrifica\u00e7\u00e3o de m\u00e1quinas e equipamentos, unidades mo\u0301veis de lubrificac\u0327a\u0303o (comboio), centros automotivos e centrais fixas de abastecimento e lubrificac\u0327a\u0303o. Acompanha conex\u00e3o girat\u00f3ria (7302) e va\u0301lvula de graxa (5040).","og_url":"https:\/\/bozza.com\/en\/produto\/17100ret-gr15\/","og_site_name":"Bozza","article_publisher":"https:\/\/www.facebook.com\/bozza.oficial\/","article_modified_time":"2026-04-06T19:02:25+00:00","og_image":[{"width":1200,"height":1200,"url":"https:\/\/bozza.com\/wp-content\/uploads\/2018\/09\/17100RETGR15.png","type":"image\/png"}],"twitter_card":"summary_large_image","twitter_misc":{"Est. reading time":"1 minute"},"schema":{"@context":"https:\/\/schema.org","@graph":[{"@type":"WebPage","@id":"https:\/\/bozza.com\/en\/produto\/17100ret-gr15\/","url":"https:\/\/bozza.com\/en\/produto\/17100ret-gr15\/","name":"Retractable Grease Reel 17100RET-GR15 | Bozza","isPartOf":{"@id":"https:\/\/bozza.com\/#website"},"primaryImageOfPage":{"@id":"https:\/\/bozza.com\/en\/produto\/17100ret-gr15\/#primaryimage"},"image":{"@id":"https:\/\/bozza.com\/en\/produto\/17100ret-gr15\/#primaryimage"},"thumbnailUrl":"https:\/\/bozza.com\/wp-content\/uploads\/2018\/09\/17100RETGR15.png","datePublished":"2018-09-18T20:59:28+00:00","dateModified":"2026-04-06T19:02:25+00:00","description":"Equipamento que permite enrolar mangueiras de graxa ate\u0301 15 metros para fixac\u0327a\u0303o em paredes e bases. Possui retrac\u0327a\u0303o automa\u0301tica na\u0303o exigindo esforc\u0327o do operador, evita desgaste prematuro da mangueira ale\u0301m de manter o ambiente organizado. Recomendada para lubrifica\u00e7\u00e3o de m\u00e1quinas e equipamentos, unidades mo\u0301veis de lubrificac\u0327a\u0303o (comboio), centros automotivos e centrais fixas de abastecimento e lubrificac\u0327a\u0303o. Acompanha conex\u00e3o girat\u00f3ria (7302) e va\u0301lvula de graxa (5040).","breadcrumb":{"@id":"https:\/\/bozza.com\/en\/produto\/17100ret-gr15\/#breadcrumb"},"inLanguage":"en-US","potentialAction":[{"@type":"ReadAction","target":["https:\/\/bozza.com\/en\/produto\/17100ret-gr15\/"]}]},{"@type":"ImageObject","inLanguage":"en-US","@id":"https:\/\/bozza.com\/en\/produto\/17100ret-gr15\/#primaryimage","url":"https:\/\/bozza.com\/wp-content\/uploads\/2018\/09\/17100RETGR15.png","contentUrl":"https:\/\/bozza.com\/wp-content\/uploads\/2018\/09\/17100RETGR15.png","width":1200,"height":1200},{"@type":"BreadcrumbList","@id":"https:\/\/bozza.com\/en\/produto\/17100ret-gr15\/#breadcrumb","itemListElement":[{"@type":"ListItem","position":1,"name":"In\u00edcio","item":"https:\/\/bozza.com\/"},{"@type":"ListItem","position":2,"name":"Produtos","item":"https:\/\/bozza.com\/?page_id=70036"},{"@type":"ListItem","position":3,"name":"Retractable Grease Reel 17100RET-GR15"}]},{"@type":"WebSite","@id":"https:\/\/bozza.com\/#website","url":"https:\/\/bozza.com\/","name":"Bozza","description":"Solu\u00e7\u00f5es em Lubrifica\u00e7\u00e3o","publisher":{"@id":"https:\/\/bozza.com\/#organization"},"potentialAction":[{"@type":"SearchAction","target":{"@type":"EntryPoint","urlTemplate":"https:\/\/bozza.com\/?s={search_term_string}"},"query-input":{"@type":"PropertyValueSpecification","valueRequired":true,"valueName":"search_term_string"}}],"inLanguage":"en-US"},{"@type":"Organization","@id":"https:\/\/bozza.com\/#organization","name":"Bozza","url":"https:\/\/bozza.com\/","logo":{"@type":"ImageObject","inLanguage":"en-US","@id":"https:\/\/bozza.com\/#\/schema\/logo\/image\/","url":"","contentUrl":"","caption":"Bozza"},"image":{"@id":"https:\/\/bozza.com\/#\/schema\/logo\/image\/"},"sameAs":["https:\/\/www.facebook.com\/bozza.oficial\/","https:\/\/www.instagram.com\/bozzaoficial\/","https:\/\/www.linkedin.com\/company\/bozza\/","https:\/\/www.youtube.com\/channel\/UCQRiHYNpM4VQWF9YxVgSTsw?view_as=subscriber"]}]}},"_links":{"self":[{"href":"https:\/\/bozza.com\/en\/wp-json\/wp\/v2\/product\/64309","targetHints":{"allow":["GET"]}}],"collection":[{"href":"https:\/\/bozza.com\/en\/wp-json\/wp\/v2\/product"}],"about":[{"href":"https:\/\/bozza.com\/en\/wp-json\/wp\/v2\/types\/product"}],"wp:featuredmedia":[{"embeddable":true,"href":"https:\/\/bozza.com\/en\/wp-json\/wp\/v2\/media\/1606"}],"wp:attachment":[{"href":"https:\/\/bozza.com\/en\/wp-json\/wp\/v2\/media?parent=64309"}],"wp:term":[{"taxonomy":"product_brand","embeddable":true,"href":"https:\/\/bozza.com\/en\/wp-json\/wp\/v2\/product_brand?post=64309"},{"taxonomy":"product_cat","embeddable":true,"href":"https:\/\/bozza.com\/en\/wp-json\/wp\/v2\/product_cat?post=64309"},{"taxonomy":"product_tag","embeddable":true,"href":"https:\/\/bozza.com\/en\/wp-json\/wp\/v2\/product_tag?post=64309"}],"curies":[{"name":"wp","href":"https:\/\/api.w.org\/{rel}","templated":true}]}}