{"id":68647,"date":"2025-01-28T16:35:51","date_gmt":"2025-01-28T19:35:51","guid":{"rendered":"https:\/\/www.bozza.com\/produto\/bomba-portatil-de-alta-vazao-oleo-bt-9000\/"},"modified":"2026-03-19T08:52:59","modified_gmt":"2026-03-19T11:52:59","slug":"high-flow-portable-pump-meter-oil-bt-9000","status":"publish","type":"product","link":"https:\/\/bozza.com\/en\/produto\/high-flow-portable-pump-meter-oil-bt-9000\/","title":{"rendered":"HIGH FLOW PORTABLE PUMP METER BT-9000 220V"},"content":{"rendered":"<ul>\n<li>Application container: Drums, tanks, reservoirs (not included);<\/li>\n<li>Free flow rate: 25 L\/min;<\/li>\n<li>Power supply: Three-phase;<\/li>\n<li>Voltage: 220V;<\/li>\n<li>Product inlet: 1\u2033 BSP female thread;<\/li>\n<li>Product outlet: 1\u2033 BSP female thread;<\/li>\n<li>Working pressure: 87 PSI (6 BAR);<\/li>\n<li>Electric motor: 1 HP;<\/li>\n<li>Rotation speed: 1400 rpm;<\/li>\n<li>Viscosity: Up to SAE-90;<\/li>\n<li>Duty cycle: 30 min;<\/li>\n<li>Max. bypass cycle: 2-3 min;<\/li>\n<li>Amperage: 3.5A;<\/li>\n<li>Motor protection rating: IP55;<\/li>\n<\/ul>\n","protected":false},"excerpt":{"rendered":"<p>Mobile electric equipment for lubricating oil transfer, suitable for dealerships, mining companies, steel mills, sugar mills, and other industrial operations<\/p>\n","protected":false},"featured_media":68613,"template":"","meta":{"_acf_changed":false},"product_brand":[],"product_cat":[463,1008,247],"product_tag":[],"class_list":{"0":"post-68647","1":"product","2":"type-product","3":"status-publish","4":"has-post-thumbnail","6":"product_cat-all-products","7":"product_cat-for-oil","8":"product_cat-kits-de-abastecimento-en","10":"first","11":"instock","12":"shipping-taxable","13":"product-type-simple"},"acf":[],"yoast_head":"<!-- This site is optimized with the Yoast SEO plugin v26.9 - https:\/\/yoast.com\/product\/yoast-seo-wordpress\/ -->\n<title>HIGH FLOW PORTABLE PUMP METER BT-9000 220V | Bozza<\/title>\n<meta name=\"robots\" content=\"index, follow, max-snippet:-1, max-image-preview:large, max-video-preview:-1\" \/>\n<link rel=\"canonical\" href=\"https:\/\/bozza.com\/en\/produto\/high-flow-portable-pump-meter-oil-bt-9000\/\" \/>\n<meta property=\"og:locale\" content=\"en_US\" \/>\n<meta property=\"og:type\" content=\"article\" \/>\n<meta property=\"og:title\" content=\"HIGH FLOW PORTABLE PUMP METER BT-9000 220V | Bozza\" \/>\n<meta property=\"og:description\" content=\"Mobile electric equipment for lubricating oil transfer, suitable for dealerships, mining companies, steel mills, sugar mills, and other industrial operations\" \/>\n<meta property=\"og:url\" content=\"https:\/\/bozza.com\/en\/produto\/high-flow-portable-pump-meter-oil-bt-9000\/\" \/>\n<meta property=\"og:site_name\" content=\"Bozza\" \/>\n<meta property=\"article:publisher\" content=\"https:\/\/www.facebook.com\/bozza.oficial\/\" \/>\n<meta property=\"article:modified_time\" content=\"2026-03-19T11:52:59+00:00\" \/>\n<meta property=\"og:image\" content=\"https:\/\/bozza.com\/wp-content\/uploads\/2025\/01\/01.421.0733_BT-9000_BOMBA-PORTATIL-DE-ALTA-VAZAO.jpg\" \/>\n\t<meta property=\"og:image:width\" content=\"1080\" \/>\n\t<meta property=\"og:image:height\" content=\"1080\" \/>\n\t<meta property=\"og:image:type\" content=\"image\/jpeg\" \/>\n<meta name=\"twitter:card\" content=\"summary_large_image\" \/>\n<meta name=\"twitter:label1\" content=\"Est. reading time\" \/>\n\t<meta name=\"twitter:data1\" content=\"1 minute\" \/>\n<script type=\"application\/ld+json\" class=\"yoast-schema-graph\">{\"@context\":\"https:\/\/schema.org\",\"@graph\":[{\"@type\":\"WebPage\",\"@id\":\"https:\/\/bozza.com\/en\/produto\/high-flow-portable-pump-meter-oil-bt-9000\/\",\"url\":\"https:\/\/bozza.com\/en\/produto\/high-flow-portable-pump-meter-oil-bt-9000\/\",\"name\":\"HIGH FLOW PORTABLE PUMP METER BT-9000 220V | Bozza\",\"isPartOf\":{\"@id\":\"https:\/\/bozza.com\/#website\"},\"primaryImageOfPage\":{\"@id\":\"https:\/\/bozza.com\/en\/produto\/high-flow-portable-pump-meter-oil-bt-9000\/#primaryimage\"},\"image\":{\"@id\":\"https:\/\/bozza.com\/en\/produto\/high-flow-portable-pump-meter-oil-bt-9000\/#primaryimage\"},\"thumbnailUrl\":\"https:\/\/bozza.com\/wp-content\/uploads\/2025\/01\/01.421.0733_BT-9000_BOMBA-PORTATIL-DE-ALTA-VAZAO.jpg\",\"datePublished\":\"2025-01-28T19:35:51+00:00\",\"dateModified\":\"2026-03-19T11:52:59+00:00\",\"breadcrumb\":{\"@id\":\"https:\/\/bozza.com\/en\/produto\/high-flow-portable-pump-meter-oil-bt-9000\/#breadcrumb\"},\"inLanguage\":\"en-US\",\"potentialAction\":[{\"@type\":\"ReadAction\",\"target\":[\"https:\/\/bozza.com\/en\/produto\/high-flow-portable-pump-meter-oil-bt-9000\/\"]}]},{\"@type\":\"ImageObject\",\"inLanguage\":\"en-US\",\"@id\":\"https:\/\/bozza.com\/en\/produto\/high-flow-portable-pump-meter-oil-bt-9000\/#primaryimage\",\"url\":\"https:\/\/bozza.com\/wp-content\/uploads\/2025\/01\/01.421.0733_BT-9000_BOMBA-PORTATIL-DE-ALTA-VAZAO.jpg\",\"contentUrl\":\"https:\/\/bozza.com\/wp-content\/uploads\/2025\/01\/01.421.0733_BT-9000_BOMBA-PORTATIL-DE-ALTA-VAZAO.jpg\",\"width\":1080,\"height\":1080},{\"@type\":\"BreadcrumbList\",\"@id\":\"https:\/\/bozza.com\/en\/produto\/high-flow-portable-pump-meter-oil-bt-9000\/#breadcrumb\",\"itemListElement\":[{\"@type\":\"ListItem\",\"position\":1,\"name\":\"In\u00edcio\",\"item\":\"https:\/\/bozza.com\/\"},{\"@type\":\"ListItem\",\"position\":2,\"name\":\"Produtos\",\"item\":\"https:\/\/bozza.com\/?page_id=70036\"},{\"@type\":\"ListItem\",\"position\":3,\"name\":\"HIGH FLOW PORTABLE PUMP METER BT-9000 220V\"}]},{\"@type\":\"WebSite\",\"@id\":\"https:\/\/bozza.com\/#website\",\"url\":\"https:\/\/bozza.com\/\",\"name\":\"Bozza\",\"description\":\"Solu\u00e7\u00f5es em Lubrifica\u00e7\u00e3o\",\"publisher\":{\"@id\":\"https:\/\/bozza.com\/#organization\"},\"potentialAction\":[{\"@type\":\"SearchAction\",\"target\":{\"@type\":\"EntryPoint\",\"urlTemplate\":\"https:\/\/bozza.com\/?s={search_term_string}\"},\"query-input\":{\"@type\":\"PropertyValueSpecification\",\"valueRequired\":true,\"valueName\":\"search_term_string\"}}],\"inLanguage\":\"en-US\"},{\"@type\":\"Organization\",\"@id\":\"https:\/\/bozza.com\/#organization\",\"name\":\"Bozza\",\"url\":\"https:\/\/bozza.com\/\",\"logo\":{\"@type\":\"ImageObject\",\"inLanguage\":\"en-US\",\"@id\":\"https:\/\/bozza.com\/#\/schema\/logo\/image\/\",\"url\":\"\",\"contentUrl\":\"\",\"caption\":\"Bozza\"},\"image\":{\"@id\":\"https:\/\/bozza.com\/#\/schema\/logo\/image\/\"},\"sameAs\":[\"https:\/\/www.facebook.com\/bozza.oficial\/\",\"https:\/\/www.instagram.com\/bozzaoficial\/\",\"https:\/\/www.linkedin.com\/company\/bozza\/\",\"https:\/\/www.youtube.com\/channel\/UCQRiHYNpM4VQWF9YxVgSTsw?view_as=subscriber\"]}]}<\/script>\n<!-- \/ Yoast SEO plugin. -->","yoast_head_json":{"title":"HIGH FLOW PORTABLE PUMP METER BT-9000 220V | Bozza","robots":{"index":"index","follow":"follow","max-snippet":"max-snippet:-1","max-image-preview":"max-image-preview:large","max-video-preview":"max-video-preview:-1"},"canonical":"https:\/\/bozza.com\/en\/produto\/high-flow-portable-pump-meter-oil-bt-9000\/","og_locale":"en_US","og_type":"article","og_title":"HIGH FLOW PORTABLE PUMP METER BT-9000 220V | Bozza","og_description":"Mobile electric equipment for lubricating oil transfer, suitable for dealerships, mining companies, steel mills, sugar mills, and other industrial operations","og_url":"https:\/\/bozza.com\/en\/produto\/high-flow-portable-pump-meter-oil-bt-9000\/","og_site_name":"Bozza","article_publisher":"https:\/\/www.facebook.com\/bozza.oficial\/","article_modified_time":"2026-03-19T11:52:59+00:00","og_image":[{"width":1080,"height":1080,"url":"https:\/\/bozza.com\/wp-content\/uploads\/2025\/01\/01.421.0733_BT-9000_BOMBA-PORTATIL-DE-ALTA-VAZAO.jpg","type":"image\/jpeg"}],"twitter_card":"summary_large_image","twitter_misc":{"Est. reading time":"1 minute"},"schema":{"@context":"https:\/\/schema.org","@graph":[{"@type":"WebPage","@id":"https:\/\/bozza.com\/en\/produto\/high-flow-portable-pump-meter-oil-bt-9000\/","url":"https:\/\/bozza.com\/en\/produto\/high-flow-portable-pump-meter-oil-bt-9000\/","name":"HIGH FLOW PORTABLE PUMP METER BT-9000 220V | Bozza","isPartOf":{"@id":"https:\/\/bozza.com\/#website"},"primaryImageOfPage":{"@id":"https:\/\/bozza.com\/en\/produto\/high-flow-portable-pump-meter-oil-bt-9000\/#primaryimage"},"image":{"@id":"https:\/\/bozza.com\/en\/produto\/high-flow-portable-pump-meter-oil-bt-9000\/#primaryimage"},"thumbnailUrl":"https:\/\/bozza.com\/wp-content\/uploads\/2025\/01\/01.421.0733_BT-9000_BOMBA-PORTATIL-DE-ALTA-VAZAO.jpg","datePublished":"2025-01-28T19:35:51+00:00","dateModified":"2026-03-19T11:52:59+00:00","breadcrumb":{"@id":"https:\/\/bozza.com\/en\/produto\/high-flow-portable-pump-meter-oil-bt-9000\/#breadcrumb"},"inLanguage":"en-US","potentialAction":[{"@type":"ReadAction","target":["https:\/\/bozza.com\/en\/produto\/high-flow-portable-pump-meter-oil-bt-9000\/"]}]},{"@type":"ImageObject","inLanguage":"en-US","@id":"https:\/\/bozza.com\/en\/produto\/high-flow-portable-pump-meter-oil-bt-9000\/#primaryimage","url":"https:\/\/bozza.com\/wp-content\/uploads\/2025\/01\/01.421.0733_BT-9000_BOMBA-PORTATIL-DE-ALTA-VAZAO.jpg","contentUrl":"https:\/\/bozza.com\/wp-content\/uploads\/2025\/01\/01.421.0733_BT-9000_BOMBA-PORTATIL-DE-ALTA-VAZAO.jpg","width":1080,"height":1080},{"@type":"BreadcrumbList","@id":"https:\/\/bozza.com\/en\/produto\/high-flow-portable-pump-meter-oil-bt-9000\/#breadcrumb","itemListElement":[{"@type":"ListItem","position":1,"name":"In\u00edcio","item":"https:\/\/bozza.com\/"},{"@type":"ListItem","position":2,"name":"Produtos","item":"https:\/\/bozza.com\/?page_id=70036"},{"@type":"ListItem","position":3,"name":"HIGH FLOW PORTABLE PUMP METER BT-9000 220V"}]},{"@type":"WebSite","@id":"https:\/\/bozza.com\/#website","url":"https:\/\/bozza.com\/","name":"Bozza","description":"Solu\u00e7\u00f5es em Lubrifica\u00e7\u00e3o","publisher":{"@id":"https:\/\/bozza.com\/#organization"},"potentialAction":[{"@type":"SearchAction","target":{"@type":"EntryPoint","urlTemplate":"https:\/\/bozza.com\/?s={search_term_string}"},"query-input":{"@type":"PropertyValueSpecification","valueRequired":true,"valueName":"search_term_string"}}],"inLanguage":"en-US"},{"@type":"Organization","@id":"https:\/\/bozza.com\/#organization","name":"Bozza","url":"https:\/\/bozza.com\/","logo":{"@type":"ImageObject","inLanguage":"en-US","@id":"https:\/\/bozza.com\/#\/schema\/logo\/image\/","url":"","contentUrl":"","caption":"Bozza"},"image":{"@id":"https:\/\/bozza.com\/#\/schema\/logo\/image\/"},"sameAs":["https:\/\/www.facebook.com\/bozza.oficial\/","https:\/\/www.instagram.com\/bozzaoficial\/","https:\/\/www.linkedin.com\/company\/bozza\/","https:\/\/www.youtube.com\/channel\/UCQRiHYNpM4VQWF9YxVgSTsw?view_as=subscriber"]}]}},"_links":{"self":[{"href":"https:\/\/bozza.com\/en\/wp-json\/wp\/v2\/product\/68647","targetHints":{"allow":["GET"]}}],"collection":[{"href":"https:\/\/bozza.com\/en\/wp-json\/wp\/v2\/product"}],"about":[{"href":"https:\/\/bozza.com\/en\/wp-json\/wp\/v2\/types\/product"}],"wp:featuredmedia":[{"embeddable":true,"href":"https:\/\/bozza.com\/en\/wp-json\/wp\/v2\/media\/68613"}],"wp:attachment":[{"href":"https:\/\/bozza.com\/en\/wp-json\/wp\/v2\/media?parent=68647"}],"wp:term":[{"taxonomy":"product_brand","embeddable":true,"href":"https:\/\/bozza.com\/en\/wp-json\/wp\/v2\/product_brand?post=68647"},{"taxonomy":"product_cat","embeddable":true,"href":"https:\/\/bozza.com\/en\/wp-json\/wp\/v2\/product_cat?post=68647"},{"taxonomy":"product_tag","embeddable":true,"href":"https:\/\/bozza.com\/en\/wp-json\/wp\/v2\/product_tag?post=68647"}],"curies":[{"name":"wp","href":"https:\/\/api.w.org\/{rel}","templated":true}]}}