{"id":68877,"date":"2025-01-17T15:32:22","date_gmt":"2025-01-17T18:32:22","guid":{"rendered":"https:\/\/www.bozza.com\/produto\/pistola-de-pintura-hvlp-sprayboz600\/"},"modified":"2026-03-19T08:53:50","modified_gmt":"2026-03-19T11:53:50","slug":"hlpv-spray-gun-gravity-sprayboz600","status":"publish","type":"product","link":"https:\/\/bozza.com\/en\/produto\/hlpv-spray-gun-gravity-sprayboz600\/","title":{"rendered":"HVLP SPRAY GUN &#8211; GRAVITY \u2013 SPRAYBOZ-600"},"content":{"rendered":"<ul>\n<li>Nozzle size: 1.4mm<\/li>\n<li>Air pressure: 40 PSI<\/li>\n<li>Inlet thread: 1\/4\u2033 BSP Female<\/li>\n<li>Air inlet: 1\/4\u2033<\/li>\n<li>Cup capacity: 600 ml<\/li>\n<li>Spray range: 180-320mm<\/li>\n<li>Feed type: Gravity<\/li>\n<li>Fluid delivery: 150-310ml\/min<\/li>\n<li>Recommended distance: 150-200mm<\/li>\n<\/ul>\n","protected":false},"excerpt":{"rendered":"<p>Pneumatic spray gun with reservoir and adjustment system. Designed for air pressure-based painting, suitable for both indoor and outdoor use, as well as applications on various surfaces such as plastic, metal, wood, and ceramics.<\/p>\n","protected":false},"featured_media":68708,"template":"","meta":{"_acf_changed":false},"product_brand":[],"product_cat":[463,461,262],"product_tag":[],"class_list":{"0":"post-68877","1":"product","2":"type-product","3":"status-publish","4":"has-post-thumbnail","6":"product_cat-all-products","7":"product_cat-releases","8":"product_cat-valves-nozzles-electric-mechanical-meters","10":"first","11":"instock","12":"shipping-taxable","13":"product-type-simple"},"acf":[],"yoast_head":"<!-- This site is optimized with the Yoast SEO plugin v26.9 - https:\/\/yoast.com\/product\/yoast-seo-wordpress\/ -->\n<title>HVLP SPRAY GUN - GRAVITY \u2013 SPRAYBOZ-600 | Bozza<\/title>\n<meta name=\"description\" content=\"Spray de Pintura Bozza: Acabado profesional, eficiencia y precisi\u00f3n en cada aplicaci\u00f3n. Ideal en diversas superficies. \u00a1Desc\u00fabrelo ahora!\" \/>\n<meta name=\"robots\" content=\"index, follow, max-snippet:-1, max-image-preview:large, max-video-preview:-1\" \/>\n<link rel=\"canonical\" href=\"https:\/\/bozza.com\/en\/produto\/hlpv-spray-gun-gravity-sprayboz600\/\" \/>\n<meta property=\"og:locale\" content=\"en_US\" \/>\n<meta property=\"og:type\" content=\"article\" \/>\n<meta property=\"og:title\" content=\"HVLP SPRAY GUN - GRAVITY \u2013 SPRAYBOZ-600 | Bozza\" \/>\n<meta property=\"og:description\" content=\"Spray de Pintura Bozza: Acabado profesional, eficiencia y precisi\u00f3n en cada aplicaci\u00f3n. Ideal en diversas superficies. \u00a1Desc\u00fabrelo ahora!\" \/>\n<meta property=\"og:url\" content=\"https:\/\/bozza.com\/en\/produto\/hlpv-spray-gun-gravity-sprayboz600\/\" \/>\n<meta property=\"og:site_name\" content=\"Bozza\" \/>\n<meta property=\"article:publisher\" content=\"https:\/\/www.facebook.com\/bozza.oficial\/\" \/>\n<meta property=\"article:modified_time\" content=\"2026-03-19T11:53:50+00:00\" \/>\n<meta property=\"og:image\" content=\"https:\/\/bozza.com\/wp-content\/uploads\/2025\/01\/SPRAYBOZ-600.jpg\" \/>\n\t<meta property=\"og:image:width\" content=\"1080\" \/>\n\t<meta property=\"og:image:height\" content=\"1080\" \/>\n\t<meta property=\"og:image:type\" content=\"image\/jpeg\" \/>\n<meta name=\"twitter:card\" content=\"summary_large_image\" \/>\n<meta name=\"twitter:label1\" content=\"Est. reading time\" \/>\n\t<meta name=\"twitter:data1\" content=\"1 minute\" \/>\n<script type=\"application\/ld+json\" class=\"yoast-schema-graph\">{\"@context\":\"https:\/\/schema.org\",\"@graph\":[{\"@type\":\"WebPage\",\"@id\":\"https:\/\/bozza.com\/en\/produto\/hlpv-spray-gun-gravity-sprayboz600\/\",\"url\":\"https:\/\/bozza.com\/en\/produto\/hlpv-spray-gun-gravity-sprayboz600\/\",\"name\":\"HVLP SPRAY GUN - GRAVITY \u2013 SPRAYBOZ-600 | Bozza\",\"isPartOf\":{\"@id\":\"https:\/\/bozza.com\/#website\"},\"primaryImageOfPage\":{\"@id\":\"https:\/\/bozza.com\/en\/produto\/hlpv-spray-gun-gravity-sprayboz600\/#primaryimage\"},\"image\":{\"@id\":\"https:\/\/bozza.com\/en\/produto\/hlpv-spray-gun-gravity-sprayboz600\/#primaryimage\"},\"thumbnailUrl\":\"https:\/\/bozza.com\/wp-content\/uploads\/2025\/01\/SPRAYBOZ-600.jpg\",\"datePublished\":\"2025-01-17T18:32:22+00:00\",\"dateModified\":\"2026-03-19T11:53:50+00:00\",\"description\":\"Spray de Pintura Bozza: Acabado profesional, eficiencia y precisi\u00f3n en cada aplicaci\u00f3n. Ideal en diversas superficies. \u00a1Desc\u00fabrelo ahora!\",\"breadcrumb\":{\"@id\":\"https:\/\/bozza.com\/en\/produto\/hlpv-spray-gun-gravity-sprayboz600\/#breadcrumb\"},\"inLanguage\":\"en-US\",\"potentialAction\":[{\"@type\":\"ReadAction\",\"target\":[\"https:\/\/bozza.com\/en\/produto\/hlpv-spray-gun-gravity-sprayboz600\/\"]}]},{\"@type\":\"ImageObject\",\"inLanguage\":\"en-US\",\"@id\":\"https:\/\/bozza.com\/en\/produto\/hlpv-spray-gun-gravity-sprayboz600\/#primaryimage\",\"url\":\"https:\/\/bozza.com\/wp-content\/uploads\/2025\/01\/SPRAYBOZ-600.jpg\",\"contentUrl\":\"https:\/\/bozza.com\/wp-content\/uploads\/2025\/01\/SPRAYBOZ-600.jpg\",\"width\":1080,\"height\":1080,\"caption\":\"PISTOLA DE PINTURA HVLP \u2013 GRAVIDADE \u2013 SPRAYBOZ-600\"},{\"@type\":\"BreadcrumbList\",\"@id\":\"https:\/\/bozza.com\/en\/produto\/hlpv-spray-gun-gravity-sprayboz600\/#breadcrumb\",\"itemListElement\":[{\"@type\":\"ListItem\",\"position\":1,\"name\":\"In\u00edcio\",\"item\":\"https:\/\/bozza.com\/\"},{\"@type\":\"ListItem\",\"position\":2,\"name\":\"Produtos\",\"item\":\"https:\/\/bozza.com\/?page_id=70036\"},{\"@type\":\"ListItem\",\"position\":3,\"name\":\"HVLP SPRAY GUN &#8211; GRAVITY \u2013 SPRAYBOZ-600\"}]},{\"@type\":\"WebSite\",\"@id\":\"https:\/\/bozza.com\/#website\",\"url\":\"https:\/\/bozza.com\/\",\"name\":\"Bozza\",\"description\":\"Solu\u00e7\u00f5es em Lubrifica\u00e7\u00e3o\",\"publisher\":{\"@id\":\"https:\/\/bozza.com\/#organization\"},\"potentialAction\":[{\"@type\":\"SearchAction\",\"target\":{\"@type\":\"EntryPoint\",\"urlTemplate\":\"https:\/\/bozza.com\/?s={search_term_string}\"},\"query-input\":{\"@type\":\"PropertyValueSpecification\",\"valueRequired\":true,\"valueName\":\"search_term_string\"}}],\"inLanguage\":\"en-US\"},{\"@type\":\"Organization\",\"@id\":\"https:\/\/bozza.com\/#organization\",\"name\":\"Bozza\",\"url\":\"https:\/\/bozza.com\/\",\"logo\":{\"@type\":\"ImageObject\",\"inLanguage\":\"en-US\",\"@id\":\"https:\/\/bozza.com\/#\/schema\/logo\/image\/\",\"url\":\"\",\"contentUrl\":\"\",\"caption\":\"Bozza\"},\"image\":{\"@id\":\"https:\/\/bozza.com\/#\/schema\/logo\/image\/\"},\"sameAs\":[\"https:\/\/www.facebook.com\/bozza.oficial\/\",\"https:\/\/www.instagram.com\/bozzaoficial\/\",\"https:\/\/www.linkedin.com\/company\/bozza\/\",\"https:\/\/www.youtube.com\/channel\/UCQRiHYNpM4VQWF9YxVgSTsw?view_as=subscriber\"]}]}<\/script>\n<!-- \/ Yoast SEO plugin. -->","yoast_head_json":{"title":"HVLP SPRAY GUN - GRAVITY \u2013 SPRAYBOZ-600 | Bozza","description":"Spray de Pintura Bozza: Acabado profesional, eficiencia y precisi\u00f3n en cada aplicaci\u00f3n. Ideal en diversas superficies. \u00a1Desc\u00fabrelo ahora!","robots":{"index":"index","follow":"follow","max-snippet":"max-snippet:-1","max-image-preview":"max-image-preview:large","max-video-preview":"max-video-preview:-1"},"canonical":"https:\/\/bozza.com\/en\/produto\/hlpv-spray-gun-gravity-sprayboz600\/","og_locale":"en_US","og_type":"article","og_title":"HVLP SPRAY GUN - GRAVITY \u2013 SPRAYBOZ-600 | Bozza","og_description":"Spray de Pintura Bozza: Acabado profesional, eficiencia y precisi\u00f3n en cada aplicaci\u00f3n. Ideal en diversas superficies. \u00a1Desc\u00fabrelo ahora!","og_url":"https:\/\/bozza.com\/en\/produto\/hlpv-spray-gun-gravity-sprayboz600\/","og_site_name":"Bozza","article_publisher":"https:\/\/www.facebook.com\/bozza.oficial\/","article_modified_time":"2026-03-19T11:53:50+00:00","og_image":[{"width":1080,"height":1080,"url":"https:\/\/bozza.com\/wp-content\/uploads\/2025\/01\/SPRAYBOZ-600.jpg","type":"image\/jpeg"}],"twitter_card":"summary_large_image","twitter_misc":{"Est. reading time":"1 minute"},"schema":{"@context":"https:\/\/schema.org","@graph":[{"@type":"WebPage","@id":"https:\/\/bozza.com\/en\/produto\/hlpv-spray-gun-gravity-sprayboz600\/","url":"https:\/\/bozza.com\/en\/produto\/hlpv-spray-gun-gravity-sprayboz600\/","name":"HVLP SPRAY GUN - GRAVITY \u2013 SPRAYBOZ-600 | Bozza","isPartOf":{"@id":"https:\/\/bozza.com\/#website"},"primaryImageOfPage":{"@id":"https:\/\/bozza.com\/en\/produto\/hlpv-spray-gun-gravity-sprayboz600\/#primaryimage"},"image":{"@id":"https:\/\/bozza.com\/en\/produto\/hlpv-spray-gun-gravity-sprayboz600\/#primaryimage"},"thumbnailUrl":"https:\/\/bozza.com\/wp-content\/uploads\/2025\/01\/SPRAYBOZ-600.jpg","datePublished":"2025-01-17T18:32:22+00:00","dateModified":"2026-03-19T11:53:50+00:00","description":"Spray de Pintura Bozza: Acabado profesional, eficiencia y precisi\u00f3n en cada aplicaci\u00f3n. Ideal en diversas superficies. \u00a1Desc\u00fabrelo ahora!","breadcrumb":{"@id":"https:\/\/bozza.com\/en\/produto\/hlpv-spray-gun-gravity-sprayboz600\/#breadcrumb"},"inLanguage":"en-US","potentialAction":[{"@type":"ReadAction","target":["https:\/\/bozza.com\/en\/produto\/hlpv-spray-gun-gravity-sprayboz600\/"]}]},{"@type":"ImageObject","inLanguage":"en-US","@id":"https:\/\/bozza.com\/en\/produto\/hlpv-spray-gun-gravity-sprayboz600\/#primaryimage","url":"https:\/\/bozza.com\/wp-content\/uploads\/2025\/01\/SPRAYBOZ-600.jpg","contentUrl":"https:\/\/bozza.com\/wp-content\/uploads\/2025\/01\/SPRAYBOZ-600.jpg","width":1080,"height":1080,"caption":"PISTOLA DE PINTURA HVLP \u2013 GRAVIDADE \u2013 SPRAYBOZ-600"},{"@type":"BreadcrumbList","@id":"https:\/\/bozza.com\/en\/produto\/hlpv-spray-gun-gravity-sprayboz600\/#breadcrumb","itemListElement":[{"@type":"ListItem","position":1,"name":"In\u00edcio","item":"https:\/\/bozza.com\/"},{"@type":"ListItem","position":2,"name":"Produtos","item":"https:\/\/bozza.com\/?page_id=70036"},{"@type":"ListItem","position":3,"name":"HVLP SPRAY GUN &#8211; GRAVITY \u2013 SPRAYBOZ-600"}]},{"@type":"WebSite","@id":"https:\/\/bozza.com\/#website","url":"https:\/\/bozza.com\/","name":"Bozza","description":"Solu\u00e7\u00f5es em Lubrifica\u00e7\u00e3o","publisher":{"@id":"https:\/\/bozza.com\/#organization"},"potentialAction":[{"@type":"SearchAction","target":{"@type":"EntryPoint","urlTemplate":"https:\/\/bozza.com\/?s={search_term_string}"},"query-input":{"@type":"PropertyValueSpecification","valueRequired":true,"valueName":"search_term_string"}}],"inLanguage":"en-US"},{"@type":"Organization","@id":"https:\/\/bozza.com\/#organization","name":"Bozza","url":"https:\/\/bozza.com\/","logo":{"@type":"ImageObject","inLanguage":"en-US","@id":"https:\/\/bozza.com\/#\/schema\/logo\/image\/","url":"","contentUrl":"","caption":"Bozza"},"image":{"@id":"https:\/\/bozza.com\/#\/schema\/logo\/image\/"},"sameAs":["https:\/\/www.facebook.com\/bozza.oficial\/","https:\/\/www.instagram.com\/bozzaoficial\/","https:\/\/www.linkedin.com\/company\/bozza\/","https:\/\/www.youtube.com\/channel\/UCQRiHYNpM4VQWF9YxVgSTsw?view_as=subscriber"]}]}},"_links":{"self":[{"href":"https:\/\/bozza.com\/en\/wp-json\/wp\/v2\/product\/68877","targetHints":{"allow":["GET"]}}],"collection":[{"href":"https:\/\/bozza.com\/en\/wp-json\/wp\/v2\/product"}],"about":[{"href":"https:\/\/bozza.com\/en\/wp-json\/wp\/v2\/types\/product"}],"wp:featuredmedia":[{"embeddable":true,"href":"https:\/\/bozza.com\/en\/wp-json\/wp\/v2\/media\/68708"}],"wp:attachment":[{"href":"https:\/\/bozza.com\/en\/wp-json\/wp\/v2\/media?parent=68877"}],"wp:term":[{"taxonomy":"product_brand","embeddable":true,"href":"https:\/\/bozza.com\/en\/wp-json\/wp\/v2\/product_brand?post=68877"},{"taxonomy":"product_cat","embeddable":true,"href":"https:\/\/bozza.com\/en\/wp-json\/wp\/v2\/product_cat?post=68877"},{"taxonomy":"product_tag","embeddable":true,"href":"https:\/\/bozza.com\/en\/wp-json\/wp\/v2\/product_tag?post=68877"}],"curies":[{"name":"wp","href":"https:\/\/api.w.org\/{rel}","templated":true}]}}