{"id":68880,"date":"2025-01-17T15:43:54","date_gmt":"2025-01-17T18:43:54","guid":{"rendered":"https:\/\/www.bozza.com\/produto\/carrito-para-filtrado-de-aceite-15021-mbz\/"},"modified":"2026-03-19T08:53:30","modified_gmt":"2026-03-19T11:53:30","slug":"oil-filtration-cart-15021-mbz","status":"publish","type":"product","link":"https:\/\/bozza.com\/en\/produto\/oil-filtration-cart-15021-mbz\/","title":{"rendered":"OIL FILTRATION CART 15021-MBZ"},"content":{"rendered":"<ul>\n<li>Application container: Drums, tanks, reservoirs (not included);<\/li>\n<li>Free flow rate: 25 L\/min;<\/li>\n<li>Power supply: Three-phase;<\/li>\n<li>Voltage: 220V;<\/li>\n<li>Product inlet: 1\u2033 BSP female thread;<\/li>\n<li>Product outlet: 1\u2033 BSP female thread;<\/li>\n<li>Working pressure: 87 PSI (6 BAR);<\/li>\n<li>Electric motor: 1 HP;<\/li>\n<li>Rotation speed: 1400 rpm;<\/li>\n<li>Viscosity: Up to SAE-90;<\/li>\n<li>Duty cycle: 30 min;<\/li>\n<li>Max. bypass cycle: 2-3 min;<\/li>\n<li>Motor protection rating: IP55.<\/li>\n<li>Amperage: 3.5A;<\/li>\n<li>Price upon request.<\/li>\n<\/ul>\n","protected":false},"excerpt":{"rendered":"<p>Electric mobile equipment for transferring and filtering lubricating oil. Recommended for customers who work with hydraulic systems and monitor their performance through analysis. Ideal for mining companies, steelwork, sugar mills, among others.<\/p>\n","protected":false},"featured_media":68603,"template":"","meta":{"_acf_changed":false},"product_brand":[],"product_cat":[463,1008,247],"product_tag":[],"class_list":{"0":"post-68880","1":"product","2":"type-product","3":"status-publish","4":"has-post-thumbnail","6":"product_cat-all-products","7":"product_cat-for-oil","8":"product_cat-kits-de-abastecimento-en","10":"first","11":"instock","12":"shipping-taxable","13":"product-type-simple"},"acf":[],"yoast_head":"<!-- This site is optimized with the Yoast SEO plugin v26.9 - https:\/\/yoast.com\/product\/yoast-seo-wordpress\/ -->\n<title>OIL FILTRATION CART 15021-MBZ | Bozza<\/title>\n<meta name=\"robots\" content=\"index, follow, max-snippet:-1, max-image-preview:large, max-video-preview:-1\" \/>\n<link rel=\"canonical\" href=\"https:\/\/bozza.com\/en\/produto\/oil-filtration-cart-15021-mbz\/\" \/>\n<meta property=\"og:locale\" content=\"en_US\" \/>\n<meta property=\"og:type\" content=\"article\" \/>\n<meta property=\"og:title\" content=\"OIL FILTRATION CART 15021-MBZ | Bozza\" \/>\n<meta property=\"og:description\" content=\"Electric mobile equipment for transferring and filtering lubricating oil. Recommended for customers who work with hydraulic systems and monitor their performance through analysis. Ideal for mining companies, steelwork, sugar mills, among others.\" \/>\n<meta property=\"og:url\" content=\"https:\/\/bozza.com\/en\/produto\/oil-filtration-cart-15021-mbz\/\" \/>\n<meta property=\"og:site_name\" content=\"Bozza\" \/>\n<meta property=\"article:publisher\" content=\"https:\/\/www.facebook.com\/bozza.oficial\/\" \/>\n<meta property=\"article:modified_time\" content=\"2026-03-19T11:53:30+00:00\" \/>\n<meta property=\"og:image\" content=\"https:\/\/bozza.com\/wp-content\/uploads\/2025\/01\/01.421.0734_15021-MBZ_carrinho-filtragem-oleo.jpg\" \/>\n\t<meta property=\"og:image:width\" content=\"1080\" \/>\n\t<meta property=\"og:image:height\" content=\"1080\" \/>\n\t<meta property=\"og:image:type\" content=\"image\/jpeg\" \/>\n<meta name=\"twitter:card\" content=\"summary_large_image\" \/>\n<meta name=\"twitter:label1\" content=\"Est. reading time\" \/>\n\t<meta name=\"twitter:data1\" content=\"1 minute\" \/>\n<script type=\"application\/ld+json\" class=\"yoast-schema-graph\">{\"@context\":\"https:\/\/schema.org\",\"@graph\":[{\"@type\":\"WebPage\",\"@id\":\"https:\/\/bozza.com\/en\/produto\/oil-filtration-cart-15021-mbz\/\",\"url\":\"https:\/\/bozza.com\/en\/produto\/oil-filtration-cart-15021-mbz\/\",\"name\":\"OIL FILTRATION CART 15021-MBZ | Bozza\",\"isPartOf\":{\"@id\":\"https:\/\/bozza.com\/#website\"},\"primaryImageOfPage\":{\"@id\":\"https:\/\/bozza.com\/en\/produto\/oil-filtration-cart-15021-mbz\/#primaryimage\"},\"image\":{\"@id\":\"https:\/\/bozza.com\/en\/produto\/oil-filtration-cart-15021-mbz\/#primaryimage\"},\"thumbnailUrl\":\"https:\/\/bozza.com\/wp-content\/uploads\/2025\/01\/01.421.0734_15021-MBZ_carrinho-filtragem-oleo.jpg\",\"datePublished\":\"2025-01-17T18:43:54+00:00\",\"dateModified\":\"2026-03-19T11:53:30+00:00\",\"breadcrumb\":{\"@id\":\"https:\/\/bozza.com\/en\/produto\/oil-filtration-cart-15021-mbz\/#breadcrumb\"},\"inLanguage\":\"en-US\",\"potentialAction\":[{\"@type\":\"ReadAction\",\"target\":[\"https:\/\/bozza.com\/en\/produto\/oil-filtration-cart-15021-mbz\/\"]}]},{\"@type\":\"ImageObject\",\"inLanguage\":\"en-US\",\"@id\":\"https:\/\/bozza.com\/en\/produto\/oil-filtration-cart-15021-mbz\/#primaryimage\",\"url\":\"https:\/\/bozza.com\/wp-content\/uploads\/2025\/01\/01.421.0734_15021-MBZ_carrinho-filtragem-oleo.jpg\",\"contentUrl\":\"https:\/\/bozza.com\/wp-content\/uploads\/2025\/01\/01.421.0734_15021-MBZ_carrinho-filtragem-oleo.jpg\",\"width\":1080,\"height\":1080},{\"@type\":\"BreadcrumbList\",\"@id\":\"https:\/\/bozza.com\/en\/produto\/oil-filtration-cart-15021-mbz\/#breadcrumb\",\"itemListElement\":[{\"@type\":\"ListItem\",\"position\":1,\"name\":\"In\u00edcio\",\"item\":\"https:\/\/bozza.com\/\"},{\"@type\":\"ListItem\",\"position\":2,\"name\":\"Produtos\",\"item\":\"https:\/\/bozza.com\/?page_id=70036\"},{\"@type\":\"ListItem\",\"position\":3,\"name\":\"OIL FILTRATION CART 15021-MBZ\"}]},{\"@type\":\"WebSite\",\"@id\":\"https:\/\/bozza.com\/#website\",\"url\":\"https:\/\/bozza.com\/\",\"name\":\"Bozza\",\"description\":\"Solu\u00e7\u00f5es em Lubrifica\u00e7\u00e3o\",\"publisher\":{\"@id\":\"https:\/\/bozza.com\/#organization\"},\"potentialAction\":[{\"@type\":\"SearchAction\",\"target\":{\"@type\":\"EntryPoint\",\"urlTemplate\":\"https:\/\/bozza.com\/?s={search_term_string}\"},\"query-input\":{\"@type\":\"PropertyValueSpecification\",\"valueRequired\":true,\"valueName\":\"search_term_string\"}}],\"inLanguage\":\"en-US\"},{\"@type\":\"Organization\",\"@id\":\"https:\/\/bozza.com\/#organization\",\"name\":\"Bozza\",\"url\":\"https:\/\/bozza.com\/\",\"logo\":{\"@type\":\"ImageObject\",\"inLanguage\":\"en-US\",\"@id\":\"https:\/\/bozza.com\/#\/schema\/logo\/image\/\",\"url\":\"\",\"contentUrl\":\"\",\"caption\":\"Bozza\"},\"image\":{\"@id\":\"https:\/\/bozza.com\/#\/schema\/logo\/image\/\"},\"sameAs\":[\"https:\/\/www.facebook.com\/bozza.oficial\/\",\"https:\/\/www.instagram.com\/bozzaoficial\/\",\"https:\/\/www.linkedin.com\/company\/bozza\/\",\"https:\/\/www.youtube.com\/channel\/UCQRiHYNpM4VQWF9YxVgSTsw?view_as=subscriber\"]}]}<\/script>\n<!-- \/ Yoast SEO plugin. -->","yoast_head_json":{"title":"OIL FILTRATION CART 15021-MBZ | Bozza","robots":{"index":"index","follow":"follow","max-snippet":"max-snippet:-1","max-image-preview":"max-image-preview:large","max-video-preview":"max-video-preview:-1"},"canonical":"https:\/\/bozza.com\/en\/produto\/oil-filtration-cart-15021-mbz\/","og_locale":"en_US","og_type":"article","og_title":"OIL FILTRATION CART 15021-MBZ | Bozza","og_description":"Electric mobile equipment for transferring and filtering lubricating oil. Recommended for customers who work with hydraulic systems and monitor their performance through analysis. Ideal for mining companies, steelwork, sugar mills, among others.","og_url":"https:\/\/bozza.com\/en\/produto\/oil-filtration-cart-15021-mbz\/","og_site_name":"Bozza","article_publisher":"https:\/\/www.facebook.com\/bozza.oficial\/","article_modified_time":"2026-03-19T11:53:30+00:00","og_image":[{"width":1080,"height":1080,"url":"https:\/\/bozza.com\/wp-content\/uploads\/2025\/01\/01.421.0734_15021-MBZ_carrinho-filtragem-oleo.jpg","type":"image\/jpeg"}],"twitter_card":"summary_large_image","twitter_misc":{"Est. reading time":"1 minute"},"schema":{"@context":"https:\/\/schema.org","@graph":[{"@type":"WebPage","@id":"https:\/\/bozza.com\/en\/produto\/oil-filtration-cart-15021-mbz\/","url":"https:\/\/bozza.com\/en\/produto\/oil-filtration-cart-15021-mbz\/","name":"OIL FILTRATION CART 15021-MBZ | Bozza","isPartOf":{"@id":"https:\/\/bozza.com\/#website"},"primaryImageOfPage":{"@id":"https:\/\/bozza.com\/en\/produto\/oil-filtration-cart-15021-mbz\/#primaryimage"},"image":{"@id":"https:\/\/bozza.com\/en\/produto\/oil-filtration-cart-15021-mbz\/#primaryimage"},"thumbnailUrl":"https:\/\/bozza.com\/wp-content\/uploads\/2025\/01\/01.421.0734_15021-MBZ_carrinho-filtragem-oleo.jpg","datePublished":"2025-01-17T18:43:54+00:00","dateModified":"2026-03-19T11:53:30+00:00","breadcrumb":{"@id":"https:\/\/bozza.com\/en\/produto\/oil-filtration-cart-15021-mbz\/#breadcrumb"},"inLanguage":"en-US","potentialAction":[{"@type":"ReadAction","target":["https:\/\/bozza.com\/en\/produto\/oil-filtration-cart-15021-mbz\/"]}]},{"@type":"ImageObject","inLanguage":"en-US","@id":"https:\/\/bozza.com\/en\/produto\/oil-filtration-cart-15021-mbz\/#primaryimage","url":"https:\/\/bozza.com\/wp-content\/uploads\/2025\/01\/01.421.0734_15021-MBZ_carrinho-filtragem-oleo.jpg","contentUrl":"https:\/\/bozza.com\/wp-content\/uploads\/2025\/01\/01.421.0734_15021-MBZ_carrinho-filtragem-oleo.jpg","width":1080,"height":1080},{"@type":"BreadcrumbList","@id":"https:\/\/bozza.com\/en\/produto\/oil-filtration-cart-15021-mbz\/#breadcrumb","itemListElement":[{"@type":"ListItem","position":1,"name":"In\u00edcio","item":"https:\/\/bozza.com\/"},{"@type":"ListItem","position":2,"name":"Produtos","item":"https:\/\/bozza.com\/?page_id=70036"},{"@type":"ListItem","position":3,"name":"OIL FILTRATION CART 15021-MBZ"}]},{"@type":"WebSite","@id":"https:\/\/bozza.com\/#website","url":"https:\/\/bozza.com\/","name":"Bozza","description":"Solu\u00e7\u00f5es em Lubrifica\u00e7\u00e3o","publisher":{"@id":"https:\/\/bozza.com\/#organization"},"potentialAction":[{"@type":"SearchAction","target":{"@type":"EntryPoint","urlTemplate":"https:\/\/bozza.com\/?s={search_term_string}"},"query-input":{"@type":"PropertyValueSpecification","valueRequired":true,"valueName":"search_term_string"}}],"inLanguage":"en-US"},{"@type":"Organization","@id":"https:\/\/bozza.com\/#organization","name":"Bozza","url":"https:\/\/bozza.com\/","logo":{"@type":"ImageObject","inLanguage":"en-US","@id":"https:\/\/bozza.com\/#\/schema\/logo\/image\/","url":"","contentUrl":"","caption":"Bozza"},"image":{"@id":"https:\/\/bozza.com\/#\/schema\/logo\/image\/"},"sameAs":["https:\/\/www.facebook.com\/bozza.oficial\/","https:\/\/www.instagram.com\/bozzaoficial\/","https:\/\/www.linkedin.com\/company\/bozza\/","https:\/\/www.youtube.com\/channel\/UCQRiHYNpM4VQWF9YxVgSTsw?view_as=subscriber"]}]}},"_links":{"self":[{"href":"https:\/\/bozza.com\/en\/wp-json\/wp\/v2\/product\/68880","targetHints":{"allow":["GET"]}}],"collection":[{"href":"https:\/\/bozza.com\/en\/wp-json\/wp\/v2\/product"}],"about":[{"href":"https:\/\/bozza.com\/en\/wp-json\/wp\/v2\/types\/product"}],"wp:featuredmedia":[{"embeddable":true,"href":"https:\/\/bozza.com\/en\/wp-json\/wp\/v2\/media\/68603"}],"wp:attachment":[{"href":"https:\/\/bozza.com\/en\/wp-json\/wp\/v2\/media?parent=68880"}],"wp:term":[{"taxonomy":"product_brand","embeddable":true,"href":"https:\/\/bozza.com\/en\/wp-json\/wp\/v2\/product_brand?post=68880"},{"taxonomy":"product_cat","embeddable":true,"href":"https:\/\/bozza.com\/en\/wp-json\/wp\/v2\/product_cat?post=68880"},{"taxonomy":"product_tag","embeddable":true,"href":"https:\/\/bozza.com\/en\/wp-json\/wp\/v2\/product_tag?post=68880"}],"curies":[{"name":"wp","href":"https:\/\/api.w.org\/{rel}","templated":true}]}}